{"id":57744,"date":"2026-04-10T15:08:41","date_gmt":"2026-04-10T12:08:41","guid":{"rendered":"https:\/\/miumjau.ee\/toode\/ontario-sensitive-monoproteiini-lammaspatee-ruskealla-riisilla-6x400g\/"},"modified":"2026-04-10T15:08:41","modified_gmt":"2026-04-10T12:08:41","slug":"ontario-sensitive-monoproteiini-lammaspatee-ruskealla-riisilla-6x400g","status":"publish","type":"product","link":"https:\/\/miumjau.ee\/fi\/tuote\/ontario-sensitive-monoproteiini-lammaspatee-ruskealla-riisilla-6x400g\/","title":{"rendered":"Ontario Sensitive monoproteiini lammaspatee ruskealla riisill\u00e4 6x400g"},"content":{"rendered":"","protected":false},"excerpt":{"rendered":"<p data-start=\"2625\" data-end=\"2721\">Superpremium-t\u00e4ysravinto aikuisille koirille kaikille roduille, my\u00f6s herkk\u00e4vatsaisille koirille.<\/p>\n<p data-start=\"2723\" data-end=\"2911\">T\u00e4m\u00e4 pate, joka sis\u00e4lt\u00e4\u00e4 91 % lihaa ja lient\u00e4, on rikastettu ruskealla riisill\u00e4, joka tarjoaa pitk\u00e4kestoista energiaa. Lis\u00e4tty nokkonen tukee kehon puhdistumista ja antaa turkille kiiltoa.<\/p>\n<p data-start=\"2913\" data-end=\"3349\">Monoproteiini tarkoittaa yht\u00e4 lihalajia, joten ruoka sopii herkk\u00e4vatsaisille ja allergisille koirille. 91 % lihaa ja lient\u00e4 takaa korkean laadukkaan lihan ja nesteiden m\u00e4\u00e4r\u00e4n erinomaisen maun vuoksi. Hell\u00e4varainen koostumus ei \u00e4rsyt\u00e4 ja sopii jopa eritt\u00e4in herkille koirille. Vitamiinien tasapainottama koostumus tukee vahvaa vastustuskyky\u00e4 ja elinvoimaa. Laadukkaat proteiinit auttavat yll\u00e4pit\u00e4m\u00e4\u00e4n voimaa, hyv\u00e4\u00e4 kuntoa ja lihasmassaa.<\/p>\n<p data-start=\"3351\" data-end=\"3665\">Lammas monoproteiinina on helposti sulava, maukas ja ravinteikas liha. Ruskea riisi on laadukas hiilihydraattil\u00e4hde, joka vapauttaa energiaa tasaisesti. Timjami ja rosmariini tukevat ruoansulatusta, vastustuskyky\u00e4 ja luonnollista s\u00e4ilyvyytt\u00e4. Nokkonen tukee veren puhdistumista, aineenvaihduntaa ja ihon terveytt\u00e4.<\/p>\n<p data-start=\"3667\" data-end=\"3868\">Ainesosat:<br data-start=\"3677\" data-end=\"3680\" \/>Lammas 70 %, liemi 21.35 %, ruskea riisi 5 %, auringonkukka\u00f6ljy 1.5 %, kivenn\u00e4isaineet 0.7 %, nokkonen 0.5 %, pellavansiemen\u00f6ljy 0.5 %, inuliini 0.4 %, timjami 0.025 %, rosmariini 0.025 %.<\/p>\n<p data-start=\"3870\" data-end=\"3961\">Ravintoaineet:<br data-start=\"3884\" data-end=\"3887\" \/>Raakavalkuainen 10.4 %, rasva 9 %, tuhka 1 %, kuitu 0.5 %, kosteus 79.1 %.<\/p>\n<p data-start=\"3963\" data-end=\"4241\">Lis\u00e4aineet:<br data-start=\"3974\" data-end=\"3977\" \/>Ravintolis\u00e4t per kg: A-vitamiini 10,000 IU, D-vitamiini 450 IU, E-vitamiini 150 IU, B1-vitamiini 1.2 mg, B2-vitamiini 2.2 mg, B3-vitamiini 15 mg, B6-vitamiini 1.1 mg, kupari 6 mg, jodi 0.8 mg, sinkki 50 mg, mangaani 23 mg, koliinikloridi 700 mg, foolihappo 300 \u03bcg.<\/p>\n","protected":false},"featured_media":57430,"template":"","meta":[],"product_brand":[],"product_cat":[479],"product_tag":[],"class_list":{"0":"post-57744","1":"product","2":"type-product","3":"status-publish","4":"has-post-thumbnail","6":"product_cat-markaruoka-koirille","8":"first","9":"instock","10":"sale","11":"taxable","12":"shipping-taxable","13":"purchasable","14":"product-type-simple"},"yoast_head":"<!-- This site is optimized with the Yoast SEO plugin v27.2 - https:\/\/yoast.com\/product\/yoast-seo-wordpress\/ -->\n<title>Ontario Sensitive monoproteiini lammaspatee ruskealla riisill\u00e4 6x400g - MiuMjau<\/title>\n<meta name=\"robots\" content=\"index, follow, max-snippet:-1, max-image-preview:large, max-video-preview:-1\" \/>\n<link rel=\"canonical\" href=\"https:\/\/miumjau.ee\/fi\/tuote\/ontario-sensitive-monoproteiini-lammaspatee-ruskealla-riisilla-6x400g\/\" \/>\n<meta property=\"og:locale\" content=\"fi_FI\" \/>\n<meta property=\"og:type\" content=\"article\" \/>\n<meta property=\"og:title\" content=\"Ontario Sensitive monoproteiini lammaspatee ruskealla riisill\u00e4 6x400g - MiuMjau\" \/>\n<meta property=\"og:description\" content=\"Superpremium-t\u00e4ysravinto aikuisille koirille kaikille roduille, my\u00f6s herkk\u00e4vatsaisille koirille. T\u00e4m\u00e4 pate, joka sis\u00e4lt\u00e4\u00e4 91 % lihaa ja lient\u00e4, on rikastettu ruskealla riisill\u00e4, joka tarjoaa pitk\u00e4kestoista energiaa. Lis\u00e4tty nokkonen tukee kehon puhdistumista ja antaa turkille kiiltoa. Monoproteiini tarkoittaa yht\u00e4 lihalajia, joten ruoka sopii herkk\u00e4vatsaisille ja allergisille koirille. 91 % lihaa ja lient\u00e4 takaa korkean laadukkaan lihan ja nesteiden m\u00e4\u00e4r\u00e4n erinomaisen maun vuoksi. Hell\u00e4varainen koostumus ei \u00e4rsyt\u00e4 ja sopii jopa eritt\u00e4in herkille koirille. Vitamiinien tasapainottama koostumus tukee vahvaa vastustuskyky\u00e4 ja elinvoimaa. Laadukkaat proteiinit auttavat yll\u00e4pit\u00e4m\u00e4\u00e4n voimaa, hyv\u00e4\u00e4 kuntoa ja lihasmassaa. Lammas monoproteiinina on helposti sulava, maukas ja ravinteikas liha. Ruskea riisi on laadukas hiilihydraattil\u00e4hde, joka vapauttaa energiaa tasaisesti. Timjami ja rosmariini tukevat ruoansulatusta, vastustuskyky\u00e4 ja luonnollista s\u00e4ilyvyytt\u00e4. Nokkonen tukee veren puhdistumista, aineenvaihduntaa ja ihon terveytt\u00e4. Ainesosat:Lammas 70 %, liemi 21.35 %, ruskea riisi 5 %, auringonkukka\u00f6ljy 1.5 %, kivenn\u00e4isaineet 0.7 %, nokkonen 0.5 %, pellavansiemen\u00f6ljy 0.5 %, inuliini 0.4 %, timjami 0.025 %, rosmariini 0.025 %. Ravintoaineet:Raakavalkuainen 10.4 %, rasva 9 %, tuhka 1 %, kuitu 0.5 %, kosteus 79.1 %. Lis\u00e4aineet:Ravintolis\u00e4t per kg: A-vitamiini 10,000 IU, D-vitamiini 450 IU, E-vitamiini 150 IU, B1-vitamiini 1.2 mg, B2-vitamiini 2.2 mg, B3-vitamiini 15 mg, B6-vitamiini 1.1 mg, kupari 6 mg, jodi 0.8 mg, sinkki 50 mg, mangaani 23 mg, koliinikloridi 700 mg, foolihappo 300 \u03bcg.\" \/>\n<meta property=\"og:url\" content=\"https:\/\/miumjau.ee\/fi\/tuote\/ontario-sensitive-monoproteiini-lammaspatee-ruskealla-riisilla-6x400g\/\" \/>\n<meta property=\"og:site_name\" content=\"MiuMjau\" \/>\n<meta property=\"article:publisher\" content=\"https:\/\/www.facebook.com\/miumjaupood\/\" \/>\n<meta property=\"og:image\" content=\"https:\/\/miumjau.ee\/wp-content\/uploads\/2026\/04\/ontario-monoproteein-koertele-lammas.jpg\" \/>\n\t<meta property=\"og:image:width\" content=\"600\" \/>\n\t<meta property=\"og:image:height\" content=\"800\" \/>\n\t<meta property=\"og:image:type\" content=\"image\/jpeg\" \/>\n<meta name=\"twitter:card\" content=\"summary_large_image\" \/>\n<script type=\"application\/ld+json\" class=\"yoast-schema-graph\">{\"@context\":\"https:\/\/schema.org\",\"@graph\":[{\"@type\":\"WebPage\",\"@id\":\"https:\/\/miumjau.ee\/fi\/tuote\/ontario-sensitive-monoproteiini-lammaspatee-ruskealla-riisilla-6x400g\/\",\"url\":\"https:\/\/miumjau.ee\/fi\/tuote\/ontario-sensitive-monoproteiini-lammaspatee-ruskealla-riisilla-6x400g\/\",\"name\":\"Ontario Sensitive monoproteiini lammaspatee ruskealla riisill\u00e4 6x400g - MiuMjau\",\"isPartOf\":{\"@id\":\"https:\/\/miumjau.ee\/#website\"},\"primaryImageOfPage\":{\"@id\":\"https:\/\/miumjau.ee\/fi\/tuote\/ontario-sensitive-monoproteiini-lammaspatee-ruskealla-riisilla-6x400g\/#primaryimage\"},\"image\":{\"@id\":\"https:\/\/miumjau.ee\/fi\/tuote\/ontario-sensitive-monoproteiini-lammaspatee-ruskealla-riisilla-6x400g\/#primaryimage\"},\"thumbnailUrl\":\"https:\/\/miumjau.ee\/wp-content\/uploads\/2026\/04\/ontario-monoproteein-koertele-lammas.jpg\",\"datePublished\":\"2026-04-10T12:08:41+00:00\",\"breadcrumb\":{\"@id\":\"https:\/\/miumjau.ee\/fi\/tuote\/ontario-sensitive-monoproteiini-lammaspatee-ruskealla-riisilla-6x400g\/#breadcrumb\"},\"inLanguage\":\"fi\",\"potentialAction\":[{\"@type\":\"ReadAction\",\"target\":[\"https:\/\/miumjau.ee\/fi\/tuote\/ontario-sensitive-monoproteiini-lammaspatee-ruskealla-riisilla-6x400g\/\"]}]},{\"@type\":\"ImageObject\",\"inLanguage\":\"fi\",\"@id\":\"https:\/\/miumjau.ee\/fi\/tuote\/ontario-sensitive-monoproteiini-lammaspatee-ruskealla-riisilla-6x400g\/#primaryimage\",\"url\":\"https:\/\/miumjau.ee\/wp-content\/uploads\/2026\/04\/ontario-monoproteein-koertele-lammas.jpg\",\"contentUrl\":\"https:\/\/miumjau.ee\/wp-content\/uploads\/2026\/04\/ontario-monoproteein-koertele-lammas.jpg\",\"width\":600,\"height\":800,\"caption\":\"Ontario Sensitive monoproteiin lambapatee pruuni riisiga 6x 400g\"},{\"@type\":\"BreadcrumbList\",\"@id\":\"https:\/\/miumjau.ee\/fi\/tuote\/ontario-sensitive-monoproteiini-lammaspatee-ruskealla-riisilla-6x400g\/#breadcrumb\",\"itemListElement\":[{\"@type\":\"ListItem\",\"position\":1,\"name\":\"Home\",\"item\":\"https:\/\/miumjau.ee\/fi\/\"},{\"@type\":\"ListItem\",\"position\":2,\"name\":\"Kauppa\",\"item\":\"https:\/\/miumjau.ee\/fi\/kauppa\/\"},{\"@type\":\"ListItem\",\"position\":3,\"name\":\"Ontario Sensitive monoproteiini lammaspatee ruskealla riisill\u00e4 6x400g\"}]},{\"@type\":\"WebSite\",\"@id\":\"https:\/\/miumjau.ee\/#website\",\"url\":\"https:\/\/miumjau.ee\/\",\"name\":\"MiuMjau\",\"description\":\"Kraapimispuud kassidele\",\"publisher\":{\"@id\":\"https:\/\/miumjau.ee\/#organization\"},\"potentialAction\":[{\"@type\":\"SearchAction\",\"target\":{\"@type\":\"EntryPoint\",\"urlTemplate\":\"https:\/\/miumjau.ee\/?s={search_term_string}\"},\"query-input\":{\"@type\":\"PropertyValueSpecification\",\"valueRequired\":true,\"valueName\":\"search_term_string\"}}],\"inLanguage\":\"fi\"},{\"@type\":\"Organization\",\"@id\":\"https:\/\/miumjau.ee\/#organization\",\"name\":\"MiuMjau O\u00dc\",\"url\":\"https:\/\/miumjau.ee\/\",\"logo\":{\"@type\":\"ImageObject\",\"inLanguage\":\"fi\",\"@id\":\"https:\/\/miumjau.ee\/#\/schema\/logo\/image\/\",\"url\":\"https:\/\/miumjau.ee\/wp-content\/uploads\/2022\/04\/MiuMjau-logo-kollane.png\",\"contentUrl\":\"https:\/\/miumjau.ee\/wp-content\/uploads\/2022\/04\/MiuMjau-logo-kollane.png\",\"width\":219,\"height\":100,\"caption\":\"MiuMjau O\u00dc\"},\"image\":{\"@id\":\"https:\/\/miumjau.ee\/#\/schema\/logo\/image\/\"},\"sameAs\":[\"https:\/\/www.facebook.com\/miumjaupood\/\"]}]}<\/script>\n<!-- \/ Yoast SEO plugin. -->","yoast_head_json":{"title":"Ontario Sensitive monoproteiini lammaspatee ruskealla riisill\u00e4 6x400g - MiuMjau","robots":{"index":"index","follow":"follow","max-snippet":"max-snippet:-1","max-image-preview":"max-image-preview:large","max-video-preview":"max-video-preview:-1"},"canonical":"https:\/\/miumjau.ee\/fi\/tuote\/ontario-sensitive-monoproteiini-lammaspatee-ruskealla-riisilla-6x400g\/","og_locale":"fi_FI","og_type":"article","og_title":"Ontario Sensitive monoproteiini lammaspatee ruskealla riisill\u00e4 6x400g - MiuMjau","og_description":"Superpremium-t\u00e4ysravinto aikuisille koirille kaikille roduille, my\u00f6s herkk\u00e4vatsaisille koirille. T\u00e4m\u00e4 pate, joka sis\u00e4lt\u00e4\u00e4 91 % lihaa ja lient\u00e4, on rikastettu ruskealla riisill\u00e4, joka tarjoaa pitk\u00e4kestoista energiaa. Lis\u00e4tty nokkonen tukee kehon puhdistumista ja antaa turkille kiiltoa. Monoproteiini tarkoittaa yht\u00e4 lihalajia, joten ruoka sopii herkk\u00e4vatsaisille ja allergisille koirille. 91 % lihaa ja lient\u00e4 takaa korkean laadukkaan lihan ja nesteiden m\u00e4\u00e4r\u00e4n erinomaisen maun vuoksi. Hell\u00e4varainen koostumus ei \u00e4rsyt\u00e4 ja sopii jopa eritt\u00e4in herkille koirille. Vitamiinien tasapainottama koostumus tukee vahvaa vastustuskyky\u00e4 ja elinvoimaa. Laadukkaat proteiinit auttavat yll\u00e4pit\u00e4m\u00e4\u00e4n voimaa, hyv\u00e4\u00e4 kuntoa ja lihasmassaa. Lammas monoproteiinina on helposti sulava, maukas ja ravinteikas liha. Ruskea riisi on laadukas hiilihydraattil\u00e4hde, joka vapauttaa energiaa tasaisesti. Timjami ja rosmariini tukevat ruoansulatusta, vastustuskyky\u00e4 ja luonnollista s\u00e4ilyvyytt\u00e4. Nokkonen tukee veren puhdistumista, aineenvaihduntaa ja ihon terveytt\u00e4. Ainesosat:Lammas 70 %, liemi 21.35 %, ruskea riisi 5 %, auringonkukka\u00f6ljy 1.5 %, kivenn\u00e4isaineet 0.7 %, nokkonen 0.5 %, pellavansiemen\u00f6ljy 0.5 %, inuliini 0.4 %, timjami 0.025 %, rosmariini 0.025 %. Ravintoaineet:Raakavalkuainen 10.4 %, rasva 9 %, tuhka 1 %, kuitu 0.5 %, kosteus 79.1 %. Lis\u00e4aineet:Ravintolis\u00e4t per kg: A-vitamiini 10,000 IU, D-vitamiini 450 IU, E-vitamiini 150 IU, B1-vitamiini 1.2 mg, B2-vitamiini 2.2 mg, B3-vitamiini 15 mg, B6-vitamiini 1.1 mg, kupari 6 mg, jodi 0.8 mg, sinkki 50 mg, mangaani 23 mg, koliinikloridi 700 mg, foolihappo 300 \u03bcg.","og_url":"https:\/\/miumjau.ee\/fi\/tuote\/ontario-sensitive-monoproteiini-lammaspatee-ruskealla-riisilla-6x400g\/","og_site_name":"MiuMjau","article_publisher":"https:\/\/www.facebook.com\/miumjaupood\/","og_image":[{"width":600,"height":800,"url":"https:\/\/miumjau.ee\/wp-content\/uploads\/2026\/04\/ontario-monoproteein-koertele-lammas.jpg","type":"image\/jpeg"}],"twitter_card":"summary_large_image","schema":{"@context":"https:\/\/schema.org","@graph":[{"@type":"WebPage","@id":"https:\/\/miumjau.ee\/fi\/tuote\/ontario-sensitive-monoproteiini-lammaspatee-ruskealla-riisilla-6x400g\/","url":"https:\/\/miumjau.ee\/fi\/tuote\/ontario-sensitive-monoproteiini-lammaspatee-ruskealla-riisilla-6x400g\/","name":"Ontario Sensitive monoproteiini lammaspatee ruskealla riisill\u00e4 6x400g - MiuMjau","isPartOf":{"@id":"https:\/\/miumjau.ee\/#website"},"primaryImageOfPage":{"@id":"https:\/\/miumjau.ee\/fi\/tuote\/ontario-sensitive-monoproteiini-lammaspatee-ruskealla-riisilla-6x400g\/#primaryimage"},"image":{"@id":"https:\/\/miumjau.ee\/fi\/tuote\/ontario-sensitive-monoproteiini-lammaspatee-ruskealla-riisilla-6x400g\/#primaryimage"},"thumbnailUrl":"https:\/\/miumjau.ee\/wp-content\/uploads\/2026\/04\/ontario-monoproteein-koertele-lammas.jpg","datePublished":"2026-04-10T12:08:41+00:00","breadcrumb":{"@id":"https:\/\/miumjau.ee\/fi\/tuote\/ontario-sensitive-monoproteiini-lammaspatee-ruskealla-riisilla-6x400g\/#breadcrumb"},"inLanguage":"fi","potentialAction":[{"@type":"ReadAction","target":["https:\/\/miumjau.ee\/fi\/tuote\/ontario-sensitive-monoproteiini-lammaspatee-ruskealla-riisilla-6x400g\/"]}]},{"@type":"ImageObject","inLanguage":"fi","@id":"https:\/\/miumjau.ee\/fi\/tuote\/ontario-sensitive-monoproteiini-lammaspatee-ruskealla-riisilla-6x400g\/#primaryimage","url":"https:\/\/miumjau.ee\/wp-content\/uploads\/2026\/04\/ontario-monoproteein-koertele-lammas.jpg","contentUrl":"https:\/\/miumjau.ee\/wp-content\/uploads\/2026\/04\/ontario-monoproteein-koertele-lammas.jpg","width":600,"height":800,"caption":"Ontario Sensitive monoproteiin lambapatee pruuni riisiga 6x 400g"},{"@type":"BreadcrumbList","@id":"https:\/\/miumjau.ee\/fi\/tuote\/ontario-sensitive-monoproteiini-lammaspatee-ruskealla-riisilla-6x400g\/#breadcrumb","itemListElement":[{"@type":"ListItem","position":1,"name":"Home","item":"https:\/\/miumjau.ee\/fi\/"},{"@type":"ListItem","position":2,"name":"Kauppa","item":"https:\/\/miumjau.ee\/fi\/kauppa\/"},{"@type":"ListItem","position":3,"name":"Ontario Sensitive monoproteiini lammaspatee ruskealla riisill\u00e4 6x400g"}]},{"@type":"WebSite","@id":"https:\/\/miumjau.ee\/#website","url":"https:\/\/miumjau.ee\/","name":"MiuMjau","description":"Kraapimispuud kassidele","publisher":{"@id":"https:\/\/miumjau.ee\/#organization"},"potentialAction":[{"@type":"SearchAction","target":{"@type":"EntryPoint","urlTemplate":"https:\/\/miumjau.ee\/?s={search_term_string}"},"query-input":{"@type":"PropertyValueSpecification","valueRequired":true,"valueName":"search_term_string"}}],"inLanguage":"fi"},{"@type":"Organization","@id":"https:\/\/miumjau.ee\/#organization","name":"MiuMjau O\u00dc","url":"https:\/\/miumjau.ee\/","logo":{"@type":"ImageObject","inLanguage":"fi","@id":"https:\/\/miumjau.ee\/#\/schema\/logo\/image\/","url":"https:\/\/miumjau.ee\/wp-content\/uploads\/2022\/04\/MiuMjau-logo-kollane.png","contentUrl":"https:\/\/miumjau.ee\/wp-content\/uploads\/2022\/04\/MiuMjau-logo-kollane.png","width":219,"height":100,"caption":"MiuMjau O\u00dc"},"image":{"@id":"https:\/\/miumjau.ee\/#\/schema\/logo\/image\/"},"sameAs":["https:\/\/www.facebook.com\/miumjaupood\/"]}]}},"_links":{"self":[{"href":"https:\/\/miumjau.ee\/fi\/wp-json\/wp\/v2\/product\/57744","targetHints":{"allow":["GET"]}}],"collection":[{"href":"https:\/\/miumjau.ee\/fi\/wp-json\/wp\/v2\/product"}],"about":[{"href":"https:\/\/miumjau.ee\/fi\/wp-json\/wp\/v2\/types\/product"}],"wp:featuredmedia":[{"embeddable":true,"href":"https:\/\/miumjau.ee\/fi\/wp-json\/wp\/v2\/media\/57430"}],"wp:attachment":[{"href":"https:\/\/miumjau.ee\/fi\/wp-json\/wp\/v2\/media?parent=57744"}],"wp:term":[{"taxonomy":"product_brand","embeddable":true,"href":"https:\/\/miumjau.ee\/fi\/wp-json\/wp\/v2\/product_brand?post=57744"},{"taxonomy":"product_cat","embeddable":true,"href":"https:\/\/miumjau.ee\/fi\/wp-json\/wp\/v2\/product_cat?post=57744"},{"taxonomy":"product_tag","embeddable":true,"href":"https:\/\/miumjau.ee\/fi\/wp-json\/wp\/v2\/product_tag?post=57744"}],"curies":[{"name":"wp","href":"https:\/\/api.w.org\/{rel}","templated":true}]}}