{"id":57738,"date":"2026-04-10T15:08:44","date_gmt":"2026-04-10T12:08:44","guid":{"rendered":"https:\/\/miumjau.ee\/toode\/ontario-sensitive-monoproteiini-kalkkunapatee-bataatilla-6x400g\/"},"modified":"2026-04-10T15:08:44","modified_gmt":"2026-04-10T12:08:44","slug":"ontario-sensitive-monoproteiini-kalkkunapatee-bataatilla-6x400g","status":"publish","type":"product","link":"https:\/\/miumjau.ee\/fi\/tuote\/ontario-sensitive-monoproteiini-kalkkunapatee-bataatilla-6x400g\/","title":{"rendered":"Ontario Sensitive monoproteiini kalkkunapatee bataatilla 6x400g"},"content":{"rendered":"","protected":false},"excerpt":{"rendered":"<p data-start=\"2769\" data-end=\"2865\">Superpremium-t\u00e4ysravinto aikuisille koirille kaikille roduille, my\u00f6s herkk\u00e4vatsaisille koirille.<\/p>\n<p data-start=\"2867\" data-end=\"3080\">Monoproteiininen kalkkunapatee bataatilla on erityisesti kehitetty koirille, joilla on ruoka-aineyliherkkyyksi\u00e4. Se sis\u00e4lt\u00e4\u00e4 91 % lihaa ja lient\u00e4 sek\u00e4 luonnollisia yrttej\u00e4, jotka tukevat kehon puhdistusprosesseja.<\/p>\n<p data-start=\"3082\" data-end=\"3506\">Monoproteiini tarkoittaa yht\u00e4 lihalajia, joten ruoka sopii herkk\u00e4vatsaisille ja allergisille koirille. Korkea laadukkaan lihan ja liemen osuus takaa erinomaisen maun jokaisella aterialla. Hell\u00e4varainen koostumus ei \u00e4rsyt\u00e4 ja sopii jopa eritt\u00e4in herkille koirille. Vitamiinien tasapainottama koostumus tukee vahvaa vastustuskyky\u00e4 ja elinvoimaa. Laadukkaat proteiinit auttavat yll\u00e4pit\u00e4m\u00e4\u00e4n voimaa, hyv\u00e4\u00e4 kuntoa ja lihasmassaa.<\/p>\n<p data-start=\"3508\" data-end=\"3857\">Kalkkuna monoproteiinina on hyvin mieto ja v\u00e4h\u00e4rasvainen liha, joka sopii ihannepainon ja hyv\u00e4n kunnon yll\u00e4pitoon. Bataatti on maukas energianl\u00e4hde, rikas antioksidanteista ja vitamiineista. Timjami ja rosmariini tukevat ruoansulatusta, vastustuskyky\u00e4 ja luonnollista s\u00e4ilyvyytt\u00e4. Voikukka tukee maksan ja munuaisten toimintaa sek\u00e4 aineenvaihduntaa.<\/p>\n<p data-start=\"3859\" data-end=\"4099\">Resepti on kehitetty erityisesti koirille, jotka eiv\u00e4t sied\u00e4 useita proteiineja tai viljoja. Kalkkunamonoproteiini ja bataatti v\u00e4hent\u00e4v\u00e4t ruoansulatush\u00e4iri\u00f6iden riski\u00e4. Ruokaa suositellaan pitk\u00e4aikaiseen k\u00e4ytt\u00f6\u00f6n herkk\u00e4vatsaisille koirille.<\/p>\n<p data-start=\"4101\" data-end=\"4302\">Ainesosat:<br data-start=\"4111\" data-end=\"4114\" \/>Kalkkuna 70 %, liemi 21.82 %, bataatti 5 %, auringonkukka\u00f6ljy 1.5 %, kivenn\u00e4isaineet 0.7 %, pellavansiemen\u00f6ljy 0.5 %, inuliini 0.4 %, timjami 0.025 %, rosmariini 0.025 %, voikukka 0.025 %.<\/p>\n<p data-start=\"4304\" data-end=\"4406\">Ravintoaineet:<br data-start=\"4318\" data-end=\"4321\" \/>Raakavalkuainen 10.4 %, rasvapitoisuus 9.8 %, tuhka 1 %, kuitu 0.6 %, kosteus 78.2 %.<\/p>\n<p data-start=\"4408\" data-end=\"4686\">Lis\u00e4aineet:<br data-start=\"4419\" data-end=\"4422\" \/>Ravintolis\u00e4t per kg: A-vitamiini 10,000 IU, D-vitamiini 450 IU, E-vitamiini 150 IU, B1-vitamiini 1.2 mg, B2-vitamiini 2.2 mg, B3-vitamiini 15 mg, B6-vitamiini 1.1 mg, kupari 6 mg, jodi 0.8 mg, sinkki 50 mg, mangaani 23 mg, koliinikloridi 700 mg, foolihappo 300 \u03bcg.<\/p>\n<p data-start=\"4688\" data-end=\"4797\">Teknologiset lis\u00e4aineet: guarkumi 9 g.<br data-start=\"4726\" data-end=\"4729\" \/>IU = kansainv\u00e4liset yksik\u00f6t.<br data-start=\"4757\" data-end=\"4760\" \/>Metaboloituva energia: 1,070 kcal\/kg.<\/p>\n","protected":false},"featured_media":57424,"template":"","meta":[],"product_brand":[],"product_cat":[479],"product_tag":[],"class_list":{"0":"post-57738","1":"product","2":"type-product","3":"status-publish","4":"has-post-thumbnail","6":"product_cat-markaruoka-koirille","8":"first","9":"instock","10":"sale","11":"taxable","12":"shipping-taxable","13":"purchasable","14":"product-type-simple"},"yoast_head":"<!-- This site is optimized with the Yoast SEO plugin v27.2 - https:\/\/yoast.com\/product\/yoast-seo-wordpress\/ -->\n<title>Ontario Sensitive monoproteiini kalkkunapatee bataatilla 6x400g - MiuMjau<\/title>\n<meta name=\"robots\" content=\"index, follow, max-snippet:-1, max-image-preview:large, max-video-preview:-1\" \/>\n<link rel=\"canonical\" href=\"https:\/\/miumjau.ee\/fi\/tuote\/ontario-sensitive-monoproteiini-kalkkunapatee-bataatilla-6x400g\/\" \/>\n<meta property=\"og:locale\" content=\"fi_FI\" \/>\n<meta property=\"og:type\" content=\"article\" \/>\n<meta property=\"og:title\" content=\"Ontario Sensitive monoproteiini kalkkunapatee bataatilla 6x400g - MiuMjau\" \/>\n<meta property=\"og:description\" content=\"Superpremium-t\u00e4ysravinto aikuisille koirille kaikille roduille, my\u00f6s herkk\u00e4vatsaisille koirille. Monoproteiininen kalkkunapatee bataatilla on erityisesti kehitetty koirille, joilla on ruoka-aineyliherkkyyksi\u00e4. Se sis\u00e4lt\u00e4\u00e4 91 % lihaa ja lient\u00e4 sek\u00e4 luonnollisia yrttej\u00e4, jotka tukevat kehon puhdistusprosesseja. Monoproteiini tarkoittaa yht\u00e4 lihalajia, joten ruoka sopii herkk\u00e4vatsaisille ja allergisille koirille. Korkea laadukkaan lihan ja liemen osuus takaa erinomaisen maun jokaisella aterialla. Hell\u00e4varainen koostumus ei \u00e4rsyt\u00e4 ja sopii jopa eritt\u00e4in herkille koirille. Vitamiinien tasapainottama koostumus tukee vahvaa vastustuskyky\u00e4 ja elinvoimaa. Laadukkaat proteiinit auttavat yll\u00e4pit\u00e4m\u00e4\u00e4n voimaa, hyv\u00e4\u00e4 kuntoa ja lihasmassaa. Kalkkuna monoproteiinina on hyvin mieto ja v\u00e4h\u00e4rasvainen liha, joka sopii ihannepainon ja hyv\u00e4n kunnon yll\u00e4pitoon. Bataatti on maukas energianl\u00e4hde, rikas antioksidanteista ja vitamiineista. Timjami ja rosmariini tukevat ruoansulatusta, vastustuskyky\u00e4 ja luonnollista s\u00e4ilyvyytt\u00e4. Voikukka tukee maksan ja munuaisten toimintaa sek\u00e4 aineenvaihduntaa. Resepti on kehitetty erityisesti koirille, jotka eiv\u00e4t sied\u00e4 useita proteiineja tai viljoja. Kalkkunamonoproteiini ja bataatti v\u00e4hent\u00e4v\u00e4t ruoansulatush\u00e4iri\u00f6iden riski\u00e4. Ruokaa suositellaan pitk\u00e4aikaiseen k\u00e4ytt\u00f6\u00f6n herkk\u00e4vatsaisille koirille. Ainesosat:Kalkkuna 70 %, liemi 21.82 %, bataatti 5 %, auringonkukka\u00f6ljy 1.5 %, kivenn\u00e4isaineet 0.7 %, pellavansiemen\u00f6ljy 0.5 %, inuliini 0.4 %, timjami 0.025 %, rosmariini 0.025 %, voikukka 0.025 %. Ravintoaineet:Raakavalkuainen 10.4 %, rasvapitoisuus 9.8 %, tuhka 1 %, kuitu 0.6 %, kosteus 78.2 %. Lis\u00e4aineet:Ravintolis\u00e4t per kg: A-vitamiini 10,000 IU, D-vitamiini 450 IU, E-vitamiini 150 IU, B1-vitamiini 1.2 mg, B2-vitamiini 2.2 mg, B3-vitamiini 15 mg, B6-vitamiini 1.1 mg, kupari 6 mg, jodi 0.8 mg, sinkki 50 mg, mangaani 23 mg, koliinikloridi 700 mg, foolihappo 300 \u03bcg. Teknologiset lis\u00e4aineet: guarkumi 9 g.IU = kansainv\u00e4liset yksik\u00f6t.Metaboloituva energia: 1,070 kcal\/kg.\" \/>\n<meta property=\"og:url\" content=\"https:\/\/miumjau.ee\/fi\/tuote\/ontario-sensitive-monoproteiini-kalkkunapatee-bataatilla-6x400g\/\" \/>\n<meta property=\"og:site_name\" content=\"MiuMjau\" \/>\n<meta property=\"article:publisher\" content=\"https:\/\/www.facebook.com\/miumjaupood\/\" \/>\n<meta property=\"og:image\" content=\"https:\/\/miumjau.ee\/wp-content\/uploads\/2026\/04\/ontario-monoproteein-koertele-kalkun.jpg\" \/>\n\t<meta property=\"og:image:width\" content=\"600\" \/>\n\t<meta property=\"og:image:height\" content=\"800\" \/>\n\t<meta property=\"og:image:type\" content=\"image\/jpeg\" \/>\n<meta name=\"twitter:card\" content=\"summary_large_image\" \/>\n<script type=\"application\/ld+json\" class=\"yoast-schema-graph\">{\"@context\":\"https:\/\/schema.org\",\"@graph\":[{\"@type\":\"WebPage\",\"@id\":\"https:\/\/miumjau.ee\/fi\/tuote\/ontario-sensitive-monoproteiini-kalkkunapatee-bataatilla-6x400g\/\",\"url\":\"https:\/\/miumjau.ee\/fi\/tuote\/ontario-sensitive-monoproteiini-kalkkunapatee-bataatilla-6x400g\/\",\"name\":\"Ontario Sensitive monoproteiini kalkkunapatee bataatilla 6x400g - MiuMjau\",\"isPartOf\":{\"@id\":\"https:\/\/miumjau.ee\/#website\"},\"primaryImageOfPage\":{\"@id\":\"https:\/\/miumjau.ee\/fi\/tuote\/ontario-sensitive-monoproteiini-kalkkunapatee-bataatilla-6x400g\/#primaryimage\"},\"image\":{\"@id\":\"https:\/\/miumjau.ee\/fi\/tuote\/ontario-sensitive-monoproteiini-kalkkunapatee-bataatilla-6x400g\/#primaryimage\"},\"thumbnailUrl\":\"https:\/\/miumjau.ee\/wp-content\/uploads\/2026\/04\/ontario-monoproteein-koertele-kalkun.jpg\",\"datePublished\":\"2026-04-10T12:08:44+00:00\",\"breadcrumb\":{\"@id\":\"https:\/\/miumjau.ee\/fi\/tuote\/ontario-sensitive-monoproteiini-kalkkunapatee-bataatilla-6x400g\/#breadcrumb\"},\"inLanguage\":\"fi\",\"potentialAction\":[{\"@type\":\"ReadAction\",\"target\":[\"https:\/\/miumjau.ee\/fi\/tuote\/ontario-sensitive-monoproteiini-kalkkunapatee-bataatilla-6x400g\/\"]}]},{\"@type\":\"ImageObject\",\"inLanguage\":\"fi\",\"@id\":\"https:\/\/miumjau.ee\/fi\/tuote\/ontario-sensitive-monoproteiini-kalkkunapatee-bataatilla-6x400g\/#primaryimage\",\"url\":\"https:\/\/miumjau.ee\/wp-content\/uploads\/2026\/04\/ontario-monoproteein-koertele-kalkun.jpg\",\"contentUrl\":\"https:\/\/miumjau.ee\/wp-content\/uploads\/2026\/04\/ontario-monoproteein-koertele-kalkun.jpg\",\"width\":600,\"height\":800,\"caption\":\"Ontario Sensitive monoproteiin kalkunipatee bataadiga 6x 400g\"},{\"@type\":\"BreadcrumbList\",\"@id\":\"https:\/\/miumjau.ee\/fi\/tuote\/ontario-sensitive-monoproteiini-kalkkunapatee-bataatilla-6x400g\/#breadcrumb\",\"itemListElement\":[{\"@type\":\"ListItem\",\"position\":1,\"name\":\"Home\",\"item\":\"https:\/\/miumjau.ee\/fi\/\"},{\"@type\":\"ListItem\",\"position\":2,\"name\":\"Kauppa\",\"item\":\"https:\/\/miumjau.ee\/fi\/kauppa\/\"},{\"@type\":\"ListItem\",\"position\":3,\"name\":\"Ontario Sensitive monoproteiini kalkkunapatee bataatilla 6x400g\"}]},{\"@type\":\"WebSite\",\"@id\":\"https:\/\/miumjau.ee\/#website\",\"url\":\"https:\/\/miumjau.ee\/\",\"name\":\"MiuMjau\",\"description\":\"Kraapimispuud kassidele\",\"publisher\":{\"@id\":\"https:\/\/miumjau.ee\/#organization\"},\"potentialAction\":[{\"@type\":\"SearchAction\",\"target\":{\"@type\":\"EntryPoint\",\"urlTemplate\":\"https:\/\/miumjau.ee\/?s={search_term_string}\"},\"query-input\":{\"@type\":\"PropertyValueSpecification\",\"valueRequired\":true,\"valueName\":\"search_term_string\"}}],\"inLanguage\":\"fi\"},{\"@type\":\"Organization\",\"@id\":\"https:\/\/miumjau.ee\/#organization\",\"name\":\"MiuMjau O\u00dc\",\"url\":\"https:\/\/miumjau.ee\/\",\"logo\":{\"@type\":\"ImageObject\",\"inLanguage\":\"fi\",\"@id\":\"https:\/\/miumjau.ee\/#\/schema\/logo\/image\/\",\"url\":\"https:\/\/miumjau.ee\/wp-content\/uploads\/2022\/04\/MiuMjau-logo-kollane.png\",\"contentUrl\":\"https:\/\/miumjau.ee\/wp-content\/uploads\/2022\/04\/MiuMjau-logo-kollane.png\",\"width\":219,\"height\":100,\"caption\":\"MiuMjau O\u00dc\"},\"image\":{\"@id\":\"https:\/\/miumjau.ee\/#\/schema\/logo\/image\/\"},\"sameAs\":[\"https:\/\/www.facebook.com\/miumjaupood\/\"]}]}<\/script>\n<!-- \/ Yoast SEO plugin. -->","yoast_head_json":{"title":"Ontario Sensitive monoproteiini kalkkunapatee bataatilla 6x400g - MiuMjau","robots":{"index":"index","follow":"follow","max-snippet":"max-snippet:-1","max-image-preview":"max-image-preview:large","max-video-preview":"max-video-preview:-1"},"canonical":"https:\/\/miumjau.ee\/fi\/tuote\/ontario-sensitive-monoproteiini-kalkkunapatee-bataatilla-6x400g\/","og_locale":"fi_FI","og_type":"article","og_title":"Ontario Sensitive monoproteiini kalkkunapatee bataatilla 6x400g - MiuMjau","og_description":"Superpremium-t\u00e4ysravinto aikuisille koirille kaikille roduille, my\u00f6s herkk\u00e4vatsaisille koirille. Monoproteiininen kalkkunapatee bataatilla on erityisesti kehitetty koirille, joilla on ruoka-aineyliherkkyyksi\u00e4. Se sis\u00e4lt\u00e4\u00e4 91 % lihaa ja lient\u00e4 sek\u00e4 luonnollisia yrttej\u00e4, jotka tukevat kehon puhdistusprosesseja. Monoproteiini tarkoittaa yht\u00e4 lihalajia, joten ruoka sopii herkk\u00e4vatsaisille ja allergisille koirille. Korkea laadukkaan lihan ja liemen osuus takaa erinomaisen maun jokaisella aterialla. Hell\u00e4varainen koostumus ei \u00e4rsyt\u00e4 ja sopii jopa eritt\u00e4in herkille koirille. Vitamiinien tasapainottama koostumus tukee vahvaa vastustuskyky\u00e4 ja elinvoimaa. Laadukkaat proteiinit auttavat yll\u00e4pit\u00e4m\u00e4\u00e4n voimaa, hyv\u00e4\u00e4 kuntoa ja lihasmassaa. Kalkkuna monoproteiinina on hyvin mieto ja v\u00e4h\u00e4rasvainen liha, joka sopii ihannepainon ja hyv\u00e4n kunnon yll\u00e4pitoon. Bataatti on maukas energianl\u00e4hde, rikas antioksidanteista ja vitamiineista. Timjami ja rosmariini tukevat ruoansulatusta, vastustuskyky\u00e4 ja luonnollista s\u00e4ilyvyytt\u00e4. Voikukka tukee maksan ja munuaisten toimintaa sek\u00e4 aineenvaihduntaa. Resepti on kehitetty erityisesti koirille, jotka eiv\u00e4t sied\u00e4 useita proteiineja tai viljoja. Kalkkunamonoproteiini ja bataatti v\u00e4hent\u00e4v\u00e4t ruoansulatush\u00e4iri\u00f6iden riski\u00e4. Ruokaa suositellaan pitk\u00e4aikaiseen k\u00e4ytt\u00f6\u00f6n herkk\u00e4vatsaisille koirille. Ainesosat:Kalkkuna 70 %, liemi 21.82 %, bataatti 5 %, auringonkukka\u00f6ljy 1.5 %, kivenn\u00e4isaineet 0.7 %, pellavansiemen\u00f6ljy 0.5 %, inuliini 0.4 %, timjami 0.025 %, rosmariini 0.025 %, voikukka 0.025 %. Ravintoaineet:Raakavalkuainen 10.4 %, rasvapitoisuus 9.8 %, tuhka 1 %, kuitu 0.6 %, kosteus 78.2 %. Lis\u00e4aineet:Ravintolis\u00e4t per kg: A-vitamiini 10,000 IU, D-vitamiini 450 IU, E-vitamiini 150 IU, B1-vitamiini 1.2 mg, B2-vitamiini 2.2 mg, B3-vitamiini 15 mg, B6-vitamiini 1.1 mg, kupari 6 mg, jodi 0.8 mg, sinkki 50 mg, mangaani 23 mg, koliinikloridi 700 mg, foolihappo 300 \u03bcg. Teknologiset lis\u00e4aineet: guarkumi 9 g.IU = kansainv\u00e4liset yksik\u00f6t.Metaboloituva energia: 1,070 kcal\/kg.","og_url":"https:\/\/miumjau.ee\/fi\/tuote\/ontario-sensitive-monoproteiini-kalkkunapatee-bataatilla-6x400g\/","og_site_name":"MiuMjau","article_publisher":"https:\/\/www.facebook.com\/miumjaupood\/","og_image":[{"width":600,"height":800,"url":"https:\/\/miumjau.ee\/wp-content\/uploads\/2026\/04\/ontario-monoproteein-koertele-kalkun.jpg","type":"image\/jpeg"}],"twitter_card":"summary_large_image","schema":{"@context":"https:\/\/schema.org","@graph":[{"@type":"WebPage","@id":"https:\/\/miumjau.ee\/fi\/tuote\/ontario-sensitive-monoproteiini-kalkkunapatee-bataatilla-6x400g\/","url":"https:\/\/miumjau.ee\/fi\/tuote\/ontario-sensitive-monoproteiini-kalkkunapatee-bataatilla-6x400g\/","name":"Ontario Sensitive monoproteiini kalkkunapatee bataatilla 6x400g - MiuMjau","isPartOf":{"@id":"https:\/\/miumjau.ee\/#website"},"primaryImageOfPage":{"@id":"https:\/\/miumjau.ee\/fi\/tuote\/ontario-sensitive-monoproteiini-kalkkunapatee-bataatilla-6x400g\/#primaryimage"},"image":{"@id":"https:\/\/miumjau.ee\/fi\/tuote\/ontario-sensitive-monoproteiini-kalkkunapatee-bataatilla-6x400g\/#primaryimage"},"thumbnailUrl":"https:\/\/miumjau.ee\/wp-content\/uploads\/2026\/04\/ontario-monoproteein-koertele-kalkun.jpg","datePublished":"2026-04-10T12:08:44+00:00","breadcrumb":{"@id":"https:\/\/miumjau.ee\/fi\/tuote\/ontario-sensitive-monoproteiini-kalkkunapatee-bataatilla-6x400g\/#breadcrumb"},"inLanguage":"fi","potentialAction":[{"@type":"ReadAction","target":["https:\/\/miumjau.ee\/fi\/tuote\/ontario-sensitive-monoproteiini-kalkkunapatee-bataatilla-6x400g\/"]}]},{"@type":"ImageObject","inLanguage":"fi","@id":"https:\/\/miumjau.ee\/fi\/tuote\/ontario-sensitive-monoproteiini-kalkkunapatee-bataatilla-6x400g\/#primaryimage","url":"https:\/\/miumjau.ee\/wp-content\/uploads\/2026\/04\/ontario-monoproteein-koertele-kalkun.jpg","contentUrl":"https:\/\/miumjau.ee\/wp-content\/uploads\/2026\/04\/ontario-monoproteein-koertele-kalkun.jpg","width":600,"height":800,"caption":"Ontario Sensitive monoproteiin kalkunipatee bataadiga 6x 400g"},{"@type":"BreadcrumbList","@id":"https:\/\/miumjau.ee\/fi\/tuote\/ontario-sensitive-monoproteiini-kalkkunapatee-bataatilla-6x400g\/#breadcrumb","itemListElement":[{"@type":"ListItem","position":1,"name":"Home","item":"https:\/\/miumjau.ee\/fi\/"},{"@type":"ListItem","position":2,"name":"Kauppa","item":"https:\/\/miumjau.ee\/fi\/kauppa\/"},{"@type":"ListItem","position":3,"name":"Ontario Sensitive monoproteiini kalkkunapatee bataatilla 6x400g"}]},{"@type":"WebSite","@id":"https:\/\/miumjau.ee\/#website","url":"https:\/\/miumjau.ee\/","name":"MiuMjau","description":"Kraapimispuud kassidele","publisher":{"@id":"https:\/\/miumjau.ee\/#organization"},"potentialAction":[{"@type":"SearchAction","target":{"@type":"EntryPoint","urlTemplate":"https:\/\/miumjau.ee\/?s={search_term_string}"},"query-input":{"@type":"PropertyValueSpecification","valueRequired":true,"valueName":"search_term_string"}}],"inLanguage":"fi"},{"@type":"Organization","@id":"https:\/\/miumjau.ee\/#organization","name":"MiuMjau O\u00dc","url":"https:\/\/miumjau.ee\/","logo":{"@type":"ImageObject","inLanguage":"fi","@id":"https:\/\/miumjau.ee\/#\/schema\/logo\/image\/","url":"https:\/\/miumjau.ee\/wp-content\/uploads\/2022\/04\/MiuMjau-logo-kollane.png","contentUrl":"https:\/\/miumjau.ee\/wp-content\/uploads\/2022\/04\/MiuMjau-logo-kollane.png","width":219,"height":100,"caption":"MiuMjau O\u00dc"},"image":{"@id":"https:\/\/miumjau.ee\/#\/schema\/logo\/image\/"},"sameAs":["https:\/\/www.facebook.com\/miumjaupood\/"]}]}},"_links":{"self":[{"href":"https:\/\/miumjau.ee\/fi\/wp-json\/wp\/v2\/product\/57738","targetHints":{"allow":["GET"]}}],"collection":[{"href":"https:\/\/miumjau.ee\/fi\/wp-json\/wp\/v2\/product"}],"about":[{"href":"https:\/\/miumjau.ee\/fi\/wp-json\/wp\/v2\/types\/product"}],"wp:featuredmedia":[{"embeddable":true,"href":"https:\/\/miumjau.ee\/fi\/wp-json\/wp\/v2\/media\/57424"}],"wp:attachment":[{"href":"https:\/\/miumjau.ee\/fi\/wp-json\/wp\/v2\/media?parent=57738"}],"wp:term":[{"taxonomy":"product_brand","embeddable":true,"href":"https:\/\/miumjau.ee\/fi\/wp-json\/wp\/v2\/product_brand?post=57738"},{"taxonomy":"product_cat","embeddable":true,"href":"https:\/\/miumjau.ee\/fi\/wp-json\/wp\/v2\/product_cat?post=57738"},{"taxonomy":"product_tag","embeddable":true,"href":"https:\/\/miumjau.ee\/fi\/wp-json\/wp\/v2\/product_tag?post=57738"}],"curies":[{"name":"wp","href":"https:\/\/api.w.org\/{rel}","templated":true}]}}