{"id":57728,"date":"2026-04-12T10:55:43","date_gmt":"2026-04-12T07:55:43","guid":{"rendered":"https:\/\/miumjau.ee\/toode\/uniq-pets-donitsit-koirille-kanalla-ja-kookoksella-10-x-50-g\/"},"modified":"2026-04-12T10:55:43","modified_gmt":"2026-04-12T07:55:43","slug":"uniq-pets-donitsit-koirille-kanalla-ja-kookoksella-10-x-50-g","status":"publish","type":"product","link":"https:\/\/miumjau.ee\/fi\/tuote\/uniq-pets-donitsit-koirille-kanalla-ja-kookoksella-10-x-50-g\/","title":{"rendered":"Uniq Pets donitsit koirille kanalla ja kookoksella, 10 x 50 g"},"content":{"rendered":"","protected":false},"excerpt":{"rendered":"<p data-start=\"1938\" data-end=\"2247\">Upeat herkut, halkaisija 7 cm. Ei sis\u00e4ll\u00e4 puruluita, jotka voivat olla vaarallisia pureskeltaessa. Hajoaa suussa helposti ja on todella miellytt\u00e4v\u00e4 ja turvallinen. Meid\u00e4n husky hyv\u00e4ksyi 100 %! Sopii my\u00f6s pennuille, joilla on suuri pureskelutarve, alkaen 3 kuukauden i\u00e4st\u00e4. Proteiinipitoinen herkku koirallesi.<\/p>\n<p data-start=\"2249\" data-end=\"2356\">Kova ja lihainen rakenne tarjoaa mukaansatempaavaa pureskelua, joka tyydytt\u00e4\u00e4 koiran luonnollisia vaistoja.<\/p>\n<p data-start=\"2358\" data-end=\"2419\">Uniq Pets donitsit koirille kanalla ja kookoksella, 10 x 50 g<\/p>\n<p data-start=\"2421\" data-end=\"3344\">Tuotteen ominaisuudet:<br data-start=\"2443\" data-end=\"2446\" \/>Sis\u00e4lt\u00e4\u00e4 kanaa \u2013 korkealaatuinen proteiininl\u00e4hde lihasten ja energian yll\u00e4pit\u00e4miseen.<br data-start=\"2531\" data-end=\"2534\" \/>Kookos\u00f6ljy \u2013 tuo luonnollista makeutta ja tukee ihon, turkin ja ruoansulatuksen terveytt\u00e4.<br data-start=\"2624\" data-end=\"2627\" \/>Riisijauho ja muut luonnolliset t\u00e4rkkelykset \u2013 helposti sulavia hiilihydraatteja energian yll\u00e4pitoon, sopii koirille, joilla ei ole vilja-allergiaa.<br data-start=\"2775\" data-end=\"2778\" \/>Kananmunankeltuaisjauhe \u2013 runsaasti biotiinia ja vitamiineja, tukee ihon, turkin ja yleisen elinvoiman terveytt\u00e4.<br data-start=\"2891\" data-end=\"2894\" \/>Donitsin muoto (7 cm) \u2013 ainutlaatuinen rengasmainen muoto edist\u00e4\u00e4 pureskelua ja auttaa v\u00e4hent\u00e4m\u00e4\u00e4n plakkia ja hammaskive\u00e4.<br data-start=\"3016\" data-end=\"3019\" \/>Yksitt\u00e4in pakatut (10 kpl pakkauksessa) \u2013 takaavat tuoreuden, est\u00e4v\u00e4t kontaminaation ja ovat k\u00e4tevi\u00e4 mukaan otettavaksi tai jaettavaksi.<br data-start=\"3155\" data-end=\"3158\" \/>Kollageeni \u2013 tukee nivelten terveytt\u00e4 ja liikkuvuutta.<br data-start=\"3212\" data-end=\"3215\" \/>Ihanteellinen koulutukseen tai lahjaksi \u2013 hauska muoto ja annospakkaukset sopivat palkinnoksi, juhliin tai lemmikin hemmotteluun.<\/p>\n<p data-start=\"3346\" data-end=\"3745\">Koostumus: Riisijauho \u2013 29,36 %; kananliha \u2013 20 %; hernet\u00e4rkkelys \u2013 10 %; kasviglyseriini \u2013 10 %; kalsiumkarbonaatti \u2013 9 %; bataattit\u00e4rkkelys \u2013 5 %; tapiokat\u00e4rkkelys \u2013 5 %; perunat\u00e4rkkelys \u2013 5 %; maissijauho \u2013 3 %; kananmunankeltuaisjauhe \u2013 2 %; puhdistettu kasvi\u00f6ljy \u2013 0,5 %; kollageeni (naudasta) \u2013 0,5 %; kookos\u00f6ljy \u2013 0,5 %; kaliumsorbaatti \u2013 0,1 %; E-vitamiini \u2013 0,03 %; rosmariiniuute \u2013 0,01 %.<\/p>\n<p data-start=\"3747\" data-end=\"3867\">Analyyttiset ainesosat: Raakavalkuainen \u2013 12 %; raakarasva \u2013 2 %; raakakuitu \u2013 2 %; raakatu tuhka \u2013 9 %; kosteus \u2013 16 %.<\/p>\n","protected":false},"featured_media":57496,"template":"","meta":[],"product_brand":[],"product_cat":[480],"product_tag":[],"class_list":{"0":"post-57728","1":"product","2":"type-product","3":"status-publish","4":"has-post-thumbnail","6":"product_cat-herkut-koirille","8":"first","9":"instock","10":"taxable","11":"shipping-taxable","12":"purchasable","13":"product-type-simple"},"yoast_head":"<!-- This site is optimized with the Yoast SEO plugin v27.2 - https:\/\/yoast.com\/product\/yoast-seo-wordpress\/ -->\n<title>Uniq Pets donitsit koirille kanalla ja kookoksella, 10 x 50 g - MiuMjau<\/title>\n<meta name=\"robots\" content=\"index, follow, max-snippet:-1, max-image-preview:large, max-video-preview:-1\" \/>\n<link rel=\"canonical\" href=\"https:\/\/miumjau.ee\/fi\/tuote\/uniq-pets-donitsit-koirille-kanalla-ja-kookoksella-10-x-50-g\/\" \/>\n<meta property=\"og:locale\" content=\"fi_FI\" \/>\n<meta property=\"og:type\" content=\"article\" \/>\n<meta property=\"og:title\" content=\"Uniq Pets donitsit koirille kanalla ja kookoksella, 10 x 50 g - MiuMjau\" \/>\n<meta property=\"og:description\" content=\"Upeat herkut, halkaisija 7 cm. Ei sis\u00e4ll\u00e4 puruluita, jotka voivat olla vaarallisia pureskeltaessa. Hajoaa suussa helposti ja on todella miellytt\u00e4v\u00e4 ja turvallinen. Meid\u00e4n husky hyv\u00e4ksyi 100 %! Sopii my\u00f6s pennuille, joilla on suuri pureskelutarve, alkaen 3 kuukauden i\u00e4st\u00e4. Proteiinipitoinen herkku koirallesi. Kova ja lihainen rakenne tarjoaa mukaansatempaavaa pureskelua, joka tyydytt\u00e4\u00e4 koiran luonnollisia vaistoja. Uniq Pets donitsit koirille kanalla ja kookoksella, 10 x 50 g Tuotteen ominaisuudet:Sis\u00e4lt\u00e4\u00e4 kanaa \u2013 korkealaatuinen proteiininl\u00e4hde lihasten ja energian yll\u00e4pit\u00e4miseen.Kookos\u00f6ljy \u2013 tuo luonnollista makeutta ja tukee ihon, turkin ja ruoansulatuksen terveytt\u00e4.Riisijauho ja muut luonnolliset t\u00e4rkkelykset \u2013 helposti sulavia hiilihydraatteja energian yll\u00e4pitoon, sopii koirille, joilla ei ole vilja-allergiaa.Kananmunankeltuaisjauhe \u2013 runsaasti biotiinia ja vitamiineja, tukee ihon, turkin ja yleisen elinvoiman terveytt\u00e4.Donitsin muoto (7 cm) \u2013 ainutlaatuinen rengasmainen muoto edist\u00e4\u00e4 pureskelua ja auttaa v\u00e4hent\u00e4m\u00e4\u00e4n plakkia ja hammaskive\u00e4.Yksitt\u00e4in pakatut (10 kpl pakkauksessa) \u2013 takaavat tuoreuden, est\u00e4v\u00e4t kontaminaation ja ovat k\u00e4tevi\u00e4 mukaan otettavaksi tai jaettavaksi.Kollageeni \u2013 tukee nivelten terveytt\u00e4 ja liikkuvuutta.Ihanteellinen koulutukseen tai lahjaksi \u2013 hauska muoto ja annospakkaukset sopivat palkinnoksi, juhliin tai lemmikin hemmotteluun. Koostumus: Riisijauho \u2013 29,36 %; kananliha \u2013 20 %; hernet\u00e4rkkelys \u2013 10 %; kasviglyseriini \u2013 10 %; kalsiumkarbonaatti \u2013 9 %; bataattit\u00e4rkkelys \u2013 5 %; tapiokat\u00e4rkkelys \u2013 5 %; perunat\u00e4rkkelys \u2013 5 %; maissijauho \u2013 3 %; kananmunankeltuaisjauhe \u2013 2 %; puhdistettu kasvi\u00f6ljy \u2013 0,5 %; kollageeni (naudasta) \u2013 0,5 %; kookos\u00f6ljy \u2013 0,5 %; kaliumsorbaatti \u2013 0,1 %; E-vitamiini \u2013 0,03 %; rosmariiniuute \u2013 0,01 %. Analyyttiset ainesosat: Raakavalkuainen \u2013 12 %; raakarasva \u2013 2 %; raakakuitu \u2013 2 %; raakatu tuhka \u2013 9 %; kosteus \u2013 16 %.\" \/>\n<meta property=\"og:url\" content=\"https:\/\/miumjau.ee\/fi\/tuote\/uniq-pets-donitsit-koirille-kanalla-ja-kookoksella-10-x-50-g\/\" \/>\n<meta property=\"og:site_name\" content=\"MiuMjau\" \/>\n<meta property=\"article:publisher\" content=\"https:\/\/www.facebook.com\/miumjaupood\/\" \/>\n<meta property=\"og:image\" content=\"https:\/\/miumjau.ee\/wp-content\/uploads\/2026\/04\/uniq-soorik-kookosega4.jpg\" \/>\n\t<meta property=\"og:image:width\" content=\"600\" \/>\n\t<meta property=\"og:image:height\" content=\"800\" \/>\n\t<meta property=\"og:image:type\" content=\"image\/jpeg\" \/>\n<meta name=\"twitter:card\" content=\"summary_large_image\" \/>\n<script type=\"application\/ld+json\" class=\"yoast-schema-graph\">{\"@context\":\"https:\/\/schema.org\",\"@graph\":[{\"@type\":\"WebPage\",\"@id\":\"https:\/\/miumjau.ee\/fi\/tuote\/uniq-pets-donitsit-koirille-kanalla-ja-kookoksella-10-x-50-g\/\",\"url\":\"https:\/\/miumjau.ee\/fi\/tuote\/uniq-pets-donitsit-koirille-kanalla-ja-kookoksella-10-x-50-g\/\",\"name\":\"Uniq Pets donitsit koirille kanalla ja kookoksella, 10 x 50 g - MiuMjau\",\"isPartOf\":{\"@id\":\"https:\/\/miumjau.ee\/#website\"},\"primaryImageOfPage\":{\"@id\":\"https:\/\/miumjau.ee\/fi\/tuote\/uniq-pets-donitsit-koirille-kanalla-ja-kookoksella-10-x-50-g\/#primaryimage\"},\"image\":{\"@id\":\"https:\/\/miumjau.ee\/fi\/tuote\/uniq-pets-donitsit-koirille-kanalla-ja-kookoksella-10-x-50-g\/#primaryimage\"},\"thumbnailUrl\":\"https:\/\/miumjau.ee\/wp-content\/uploads\/2026\/04\/uniq-soorik-kookosega4.jpg\",\"datePublished\":\"2026-04-12T07:55:43+00:00\",\"breadcrumb\":{\"@id\":\"https:\/\/miumjau.ee\/fi\/tuote\/uniq-pets-donitsit-koirille-kanalla-ja-kookoksella-10-x-50-g\/#breadcrumb\"},\"inLanguage\":\"fi\",\"potentialAction\":[{\"@type\":\"ReadAction\",\"target\":[\"https:\/\/miumjau.ee\/fi\/tuote\/uniq-pets-donitsit-koirille-kanalla-ja-kookoksella-10-x-50-g\/\"]}]},{\"@type\":\"ImageObject\",\"inLanguage\":\"fi\",\"@id\":\"https:\/\/miumjau.ee\/fi\/tuote\/uniq-pets-donitsit-koirille-kanalla-ja-kookoksella-10-x-50-g\/#primaryimage\",\"url\":\"https:\/\/miumjau.ee\/wp-content\/uploads\/2026\/04\/uniq-soorik-kookosega4.jpg\",\"contentUrl\":\"https:\/\/miumjau.ee\/wp-content\/uploads\/2026\/04\/uniq-soorik-kookosega4.jpg\",\"width\":600,\"height\":800,\"caption\":\"Uniq Pets s\u00f5\u00f5rikud koertele kana ja kookosega, 10x50g\"},{\"@type\":\"BreadcrumbList\",\"@id\":\"https:\/\/miumjau.ee\/fi\/tuote\/uniq-pets-donitsit-koirille-kanalla-ja-kookoksella-10-x-50-g\/#breadcrumb\",\"itemListElement\":[{\"@type\":\"ListItem\",\"position\":1,\"name\":\"Home\",\"item\":\"https:\/\/miumjau.ee\/fi\/\"},{\"@type\":\"ListItem\",\"position\":2,\"name\":\"Kauppa\",\"item\":\"https:\/\/miumjau.ee\/fi\/kauppa\/\"},{\"@type\":\"ListItem\",\"position\":3,\"name\":\"Uniq Pets donitsit koirille kanalla ja kookoksella, 10 x 50 g\"}]},{\"@type\":\"WebSite\",\"@id\":\"https:\/\/miumjau.ee\/#website\",\"url\":\"https:\/\/miumjau.ee\/\",\"name\":\"MiuMjau\",\"description\":\"Kraapimispuud kassidele\",\"publisher\":{\"@id\":\"https:\/\/miumjau.ee\/#organization\"},\"potentialAction\":[{\"@type\":\"SearchAction\",\"target\":{\"@type\":\"EntryPoint\",\"urlTemplate\":\"https:\/\/miumjau.ee\/?s={search_term_string}\"},\"query-input\":{\"@type\":\"PropertyValueSpecification\",\"valueRequired\":true,\"valueName\":\"search_term_string\"}}],\"inLanguage\":\"fi\"},{\"@type\":\"Organization\",\"@id\":\"https:\/\/miumjau.ee\/#organization\",\"name\":\"MiuMjau O\u00dc\",\"url\":\"https:\/\/miumjau.ee\/\",\"logo\":{\"@type\":\"ImageObject\",\"inLanguage\":\"fi\",\"@id\":\"https:\/\/miumjau.ee\/#\/schema\/logo\/image\/\",\"url\":\"https:\/\/miumjau.ee\/wp-content\/uploads\/2022\/04\/MiuMjau-logo-kollane.png\",\"contentUrl\":\"https:\/\/miumjau.ee\/wp-content\/uploads\/2022\/04\/MiuMjau-logo-kollane.png\",\"width\":219,\"height\":100,\"caption\":\"MiuMjau O\u00dc\"},\"image\":{\"@id\":\"https:\/\/miumjau.ee\/#\/schema\/logo\/image\/\"},\"sameAs\":[\"https:\/\/www.facebook.com\/miumjaupood\/\"]}]}<\/script>\n<!-- \/ Yoast SEO plugin. -->","yoast_head_json":{"title":"Uniq Pets donitsit koirille kanalla ja kookoksella, 10 x 50 g - MiuMjau","robots":{"index":"index","follow":"follow","max-snippet":"max-snippet:-1","max-image-preview":"max-image-preview:large","max-video-preview":"max-video-preview:-1"},"canonical":"https:\/\/miumjau.ee\/fi\/tuote\/uniq-pets-donitsit-koirille-kanalla-ja-kookoksella-10-x-50-g\/","og_locale":"fi_FI","og_type":"article","og_title":"Uniq Pets donitsit koirille kanalla ja kookoksella, 10 x 50 g - MiuMjau","og_description":"Upeat herkut, halkaisija 7 cm. Ei sis\u00e4ll\u00e4 puruluita, jotka voivat olla vaarallisia pureskeltaessa. Hajoaa suussa helposti ja on todella miellytt\u00e4v\u00e4 ja turvallinen. Meid\u00e4n husky hyv\u00e4ksyi 100 %! Sopii my\u00f6s pennuille, joilla on suuri pureskelutarve, alkaen 3 kuukauden i\u00e4st\u00e4. Proteiinipitoinen herkku koirallesi. Kova ja lihainen rakenne tarjoaa mukaansatempaavaa pureskelua, joka tyydytt\u00e4\u00e4 koiran luonnollisia vaistoja. Uniq Pets donitsit koirille kanalla ja kookoksella, 10 x 50 g Tuotteen ominaisuudet:Sis\u00e4lt\u00e4\u00e4 kanaa \u2013 korkealaatuinen proteiininl\u00e4hde lihasten ja energian yll\u00e4pit\u00e4miseen.Kookos\u00f6ljy \u2013 tuo luonnollista makeutta ja tukee ihon, turkin ja ruoansulatuksen terveytt\u00e4.Riisijauho ja muut luonnolliset t\u00e4rkkelykset \u2013 helposti sulavia hiilihydraatteja energian yll\u00e4pitoon, sopii koirille, joilla ei ole vilja-allergiaa.Kananmunankeltuaisjauhe \u2013 runsaasti biotiinia ja vitamiineja, tukee ihon, turkin ja yleisen elinvoiman terveytt\u00e4.Donitsin muoto (7 cm) \u2013 ainutlaatuinen rengasmainen muoto edist\u00e4\u00e4 pureskelua ja auttaa v\u00e4hent\u00e4m\u00e4\u00e4n plakkia ja hammaskive\u00e4.Yksitt\u00e4in pakatut (10 kpl pakkauksessa) \u2013 takaavat tuoreuden, est\u00e4v\u00e4t kontaminaation ja ovat k\u00e4tevi\u00e4 mukaan otettavaksi tai jaettavaksi.Kollageeni \u2013 tukee nivelten terveytt\u00e4 ja liikkuvuutta.Ihanteellinen koulutukseen tai lahjaksi \u2013 hauska muoto ja annospakkaukset sopivat palkinnoksi, juhliin tai lemmikin hemmotteluun. Koostumus: Riisijauho \u2013 29,36 %; kananliha \u2013 20 %; hernet\u00e4rkkelys \u2013 10 %; kasviglyseriini \u2013 10 %; kalsiumkarbonaatti \u2013 9 %; bataattit\u00e4rkkelys \u2013 5 %; tapiokat\u00e4rkkelys \u2013 5 %; perunat\u00e4rkkelys \u2013 5 %; maissijauho \u2013 3 %; kananmunankeltuaisjauhe \u2013 2 %; puhdistettu kasvi\u00f6ljy \u2013 0,5 %; kollageeni (naudasta) \u2013 0,5 %; kookos\u00f6ljy \u2013 0,5 %; kaliumsorbaatti \u2013 0,1 %; E-vitamiini \u2013 0,03 %; rosmariiniuute \u2013 0,01 %. Analyyttiset ainesosat: Raakavalkuainen \u2013 12 %; raakarasva \u2013 2 %; raakakuitu \u2013 2 %; raakatu tuhka \u2013 9 %; kosteus \u2013 16 %.","og_url":"https:\/\/miumjau.ee\/fi\/tuote\/uniq-pets-donitsit-koirille-kanalla-ja-kookoksella-10-x-50-g\/","og_site_name":"MiuMjau","article_publisher":"https:\/\/www.facebook.com\/miumjaupood\/","og_image":[{"width":600,"height":800,"url":"https:\/\/miumjau.ee\/wp-content\/uploads\/2026\/04\/uniq-soorik-kookosega4.jpg","type":"image\/jpeg"}],"twitter_card":"summary_large_image","schema":{"@context":"https:\/\/schema.org","@graph":[{"@type":"WebPage","@id":"https:\/\/miumjau.ee\/fi\/tuote\/uniq-pets-donitsit-koirille-kanalla-ja-kookoksella-10-x-50-g\/","url":"https:\/\/miumjau.ee\/fi\/tuote\/uniq-pets-donitsit-koirille-kanalla-ja-kookoksella-10-x-50-g\/","name":"Uniq Pets donitsit koirille kanalla ja kookoksella, 10 x 50 g - MiuMjau","isPartOf":{"@id":"https:\/\/miumjau.ee\/#website"},"primaryImageOfPage":{"@id":"https:\/\/miumjau.ee\/fi\/tuote\/uniq-pets-donitsit-koirille-kanalla-ja-kookoksella-10-x-50-g\/#primaryimage"},"image":{"@id":"https:\/\/miumjau.ee\/fi\/tuote\/uniq-pets-donitsit-koirille-kanalla-ja-kookoksella-10-x-50-g\/#primaryimage"},"thumbnailUrl":"https:\/\/miumjau.ee\/wp-content\/uploads\/2026\/04\/uniq-soorik-kookosega4.jpg","datePublished":"2026-04-12T07:55:43+00:00","breadcrumb":{"@id":"https:\/\/miumjau.ee\/fi\/tuote\/uniq-pets-donitsit-koirille-kanalla-ja-kookoksella-10-x-50-g\/#breadcrumb"},"inLanguage":"fi","potentialAction":[{"@type":"ReadAction","target":["https:\/\/miumjau.ee\/fi\/tuote\/uniq-pets-donitsit-koirille-kanalla-ja-kookoksella-10-x-50-g\/"]}]},{"@type":"ImageObject","inLanguage":"fi","@id":"https:\/\/miumjau.ee\/fi\/tuote\/uniq-pets-donitsit-koirille-kanalla-ja-kookoksella-10-x-50-g\/#primaryimage","url":"https:\/\/miumjau.ee\/wp-content\/uploads\/2026\/04\/uniq-soorik-kookosega4.jpg","contentUrl":"https:\/\/miumjau.ee\/wp-content\/uploads\/2026\/04\/uniq-soorik-kookosega4.jpg","width":600,"height":800,"caption":"Uniq Pets s\u00f5\u00f5rikud koertele kana ja kookosega, 10x50g"},{"@type":"BreadcrumbList","@id":"https:\/\/miumjau.ee\/fi\/tuote\/uniq-pets-donitsit-koirille-kanalla-ja-kookoksella-10-x-50-g\/#breadcrumb","itemListElement":[{"@type":"ListItem","position":1,"name":"Home","item":"https:\/\/miumjau.ee\/fi\/"},{"@type":"ListItem","position":2,"name":"Kauppa","item":"https:\/\/miumjau.ee\/fi\/kauppa\/"},{"@type":"ListItem","position":3,"name":"Uniq Pets donitsit koirille kanalla ja kookoksella, 10 x 50 g"}]},{"@type":"WebSite","@id":"https:\/\/miumjau.ee\/#website","url":"https:\/\/miumjau.ee\/","name":"MiuMjau","description":"Kraapimispuud kassidele","publisher":{"@id":"https:\/\/miumjau.ee\/#organization"},"potentialAction":[{"@type":"SearchAction","target":{"@type":"EntryPoint","urlTemplate":"https:\/\/miumjau.ee\/?s={search_term_string}"},"query-input":{"@type":"PropertyValueSpecification","valueRequired":true,"valueName":"search_term_string"}}],"inLanguage":"fi"},{"@type":"Organization","@id":"https:\/\/miumjau.ee\/#organization","name":"MiuMjau O\u00dc","url":"https:\/\/miumjau.ee\/","logo":{"@type":"ImageObject","inLanguage":"fi","@id":"https:\/\/miumjau.ee\/#\/schema\/logo\/image\/","url":"https:\/\/miumjau.ee\/wp-content\/uploads\/2022\/04\/MiuMjau-logo-kollane.png","contentUrl":"https:\/\/miumjau.ee\/wp-content\/uploads\/2022\/04\/MiuMjau-logo-kollane.png","width":219,"height":100,"caption":"MiuMjau O\u00dc"},"image":{"@id":"https:\/\/miumjau.ee\/#\/schema\/logo\/image\/"},"sameAs":["https:\/\/www.facebook.com\/miumjaupood\/"]}]}},"_links":{"self":[{"href":"https:\/\/miumjau.ee\/fi\/wp-json\/wp\/v2\/product\/57728","targetHints":{"allow":["GET"]}}],"collection":[{"href":"https:\/\/miumjau.ee\/fi\/wp-json\/wp\/v2\/product"}],"about":[{"href":"https:\/\/miumjau.ee\/fi\/wp-json\/wp\/v2\/types\/product"}],"wp:featuredmedia":[{"embeddable":true,"href":"https:\/\/miumjau.ee\/fi\/wp-json\/wp\/v2\/media\/57496"}],"wp:attachment":[{"href":"https:\/\/miumjau.ee\/fi\/wp-json\/wp\/v2\/media?parent=57728"}],"wp:term":[{"taxonomy":"product_brand","embeddable":true,"href":"https:\/\/miumjau.ee\/fi\/wp-json\/wp\/v2\/product_brand?post=57728"},{"taxonomy":"product_cat","embeddable":true,"href":"https:\/\/miumjau.ee\/fi\/wp-json\/wp\/v2\/product_cat?post=57728"},{"taxonomy":"product_tag","embeddable":true,"href":"https:\/\/miumjau.ee\/fi\/wp-json\/wp\/v2\/product_tag?post=57728"}],"curies":[{"name":"wp","href":"https:\/\/api.w.org\/{rel}","templated":true}]}}