{"id":57718,"date":"2026-04-12T11:15:59","date_gmt":"2026-04-12T08:15:59","guid":{"rendered":"https:\/\/miumjau.ee\/toode\/hajunpoistaja-kissanhiekalle-vaniljalla-ja-melonilla-400-g\/"},"modified":"2026-04-12T11:15:59","modified_gmt":"2026-04-12T08:15:59","slug":"hajunpoistaja-kissanhiekalle-vaniljalla-ja-melonilla-400-g","status":"publish","type":"product","link":"https:\/\/miumjau.ee\/fi\/tuote\/hajunpoistaja-kissanhiekalle-vaniljalla-ja-melonilla-400-g\/","title":{"rendered":"Hajunpoistaja kissanhiekalle vaniljalla ja melonilla, 400 g"},"content":{"rendered":"","protected":false},"excerpt":{"rendered":"<p data-start=\"829\" data-end=\"1091\">Hajunpoistojauhe on tarkoitettu k\u00e4ytett\u00e4v\u00e4ksi kissanhiekan seassa. Se poistaa ep\u00e4miellytt\u00e4v\u00e4t hajut ja pident\u00e4\u00e4 kissanhiekan k\u00e4ytt\u00f6ik\u00e4\u00e4. Jauhe est\u00e4\u00e4 bakteerien levi\u00e4mist\u00e4, mik\u00e4 hidastaa hajujen muodostumista. Nauti miellytt\u00e4v\u00e4st\u00e4 tuoksusta ja unohda virtsanhaju.<\/p>\n<p data-start=\"1093\" data-end=\"1460\">K\u00e4ytt\u00f6ohje<br data-start=\"1103\" data-end=\"1106\" \/>Kun olet tyhjent\u00e4nyt hiekkalaatikon, puhdista se huolellisesti ja kuivaa. Lis\u00e4\u00e4 riitt\u00e4v\u00e4 m\u00e4\u00e4r\u00e4 uutta kissanhiekkaa ja sekoita joukkoon hajunpoistajaa. Sit\u00e4 voi lis\u00e4t\u00e4 tarpeen mukaan hiekan kunnon perusteella. Yhdest\u00e4 pakkauksesta riitt\u00e4\u00e4 jopa 20 k\u00e4ytt\u00f6kertaan (n. 3 kuukautta). Tuotetta voi k\u00e4ytt\u00e4\u00e4 mink\u00e4 tahansa kissanhiekan kanssa ja se on turvallinen.<\/p>\n<p data-start=\"1462\" data-end=\"1510\">M\u00e4\u00e4r\u00e4: 400 g<br data-start=\"1474\" data-end=\"1477\" \/>Valmistaja: Beaphar, Alankomaat<\/p>\n","protected":false},"featured_media":57527,"template":"","meta":[],"product_brand":[],"product_cat":[289],"product_tag":[],"class_list":{"0":"post-57718","1":"product","2":"type-product","3":"status-publish","4":"has-post-thumbnail","6":"product_cat-siivous-hajunpoisto","8":"first","9":"instock","10":"taxable","11":"shipping-taxable","12":"purchasable","13":"product-type-simple"},"yoast_head":"<!-- This site is optimized with the Yoast SEO plugin v27.2 - https:\/\/yoast.com\/product\/yoast-seo-wordpress\/ -->\n<title>Hajunpoistaja kissanhiekalle vaniljalla ja melonilla, 400 g - MiuMjau<\/title>\n<meta name=\"robots\" content=\"index, follow, max-snippet:-1, max-image-preview:large, max-video-preview:-1\" \/>\n<link rel=\"canonical\" href=\"https:\/\/miumjau.ee\/fi\/tuote\/hajunpoistaja-kissanhiekalle-vaniljalla-ja-melonilla-400-g\/\" \/>\n<meta property=\"og:locale\" content=\"fi_FI\" \/>\n<meta property=\"og:type\" content=\"article\" \/>\n<meta property=\"og:title\" content=\"Hajunpoistaja kissanhiekalle vaniljalla ja melonilla, 400 g - MiuMjau\" \/>\n<meta property=\"og:description\" content=\"Hajunpoistojauhe on tarkoitettu k\u00e4ytett\u00e4v\u00e4ksi kissanhiekan seassa. Se poistaa ep\u00e4miellytt\u00e4v\u00e4t hajut ja pident\u00e4\u00e4 kissanhiekan k\u00e4ytt\u00f6ik\u00e4\u00e4. Jauhe est\u00e4\u00e4 bakteerien levi\u00e4mist\u00e4, mik\u00e4 hidastaa hajujen muodostumista. Nauti miellytt\u00e4v\u00e4st\u00e4 tuoksusta ja unohda virtsanhaju. K\u00e4ytt\u00f6ohjeKun olet tyhjent\u00e4nyt hiekkalaatikon, puhdista se huolellisesti ja kuivaa. Lis\u00e4\u00e4 riitt\u00e4v\u00e4 m\u00e4\u00e4r\u00e4 uutta kissanhiekkaa ja sekoita joukkoon hajunpoistajaa. Sit\u00e4 voi lis\u00e4t\u00e4 tarpeen mukaan hiekan kunnon perusteella. Yhdest\u00e4 pakkauksesta riitt\u00e4\u00e4 jopa 20 k\u00e4ytt\u00f6kertaan (n. 3 kuukautta). Tuotetta voi k\u00e4ytt\u00e4\u00e4 mink\u00e4 tahansa kissanhiekan kanssa ja se on turvallinen. M\u00e4\u00e4r\u00e4: 400 gValmistaja: Beaphar, Alankomaat\" \/>\n<meta property=\"og:url\" content=\"https:\/\/miumjau.ee\/fi\/tuote\/hajunpoistaja-kissanhiekalle-vaniljalla-ja-melonilla-400-g\/\" \/>\n<meta property=\"og:site_name\" content=\"MiuMjau\" \/>\n<meta property=\"article:publisher\" content=\"https:\/\/www.facebook.com\/miumjaupood\/\" \/>\n<meta property=\"og:image\" content=\"https:\/\/miumjau.ee\/wp-content\/uploads\/2026\/04\/lohnaeemaldaja-beaphar-vanill2.jpg\" \/>\n\t<meta property=\"og:image:width\" content=\"600\" \/>\n\t<meta property=\"og:image:height\" content=\"800\" \/>\n\t<meta property=\"og:image:type\" content=\"image\/jpeg\" \/>\n<meta name=\"twitter:card\" content=\"summary_large_image\" \/>\n<script type=\"application\/ld+json\" class=\"yoast-schema-graph\">{\"@context\":\"https:\/\/schema.org\",\"@graph\":[{\"@type\":\"WebPage\",\"@id\":\"https:\/\/miumjau.ee\/fi\/tuote\/hajunpoistaja-kissanhiekalle-vaniljalla-ja-melonilla-400-g\/\",\"url\":\"https:\/\/miumjau.ee\/fi\/tuote\/hajunpoistaja-kissanhiekalle-vaniljalla-ja-melonilla-400-g\/\",\"name\":\"Hajunpoistaja kissanhiekalle vaniljalla ja melonilla, 400 g - MiuMjau\",\"isPartOf\":{\"@id\":\"https:\/\/miumjau.ee\/#website\"},\"primaryImageOfPage\":{\"@id\":\"https:\/\/miumjau.ee\/fi\/tuote\/hajunpoistaja-kissanhiekalle-vaniljalla-ja-melonilla-400-g\/#primaryimage\"},\"image\":{\"@id\":\"https:\/\/miumjau.ee\/fi\/tuote\/hajunpoistaja-kissanhiekalle-vaniljalla-ja-melonilla-400-g\/#primaryimage\"},\"thumbnailUrl\":\"https:\/\/miumjau.ee\/wp-content\/uploads\/2026\/04\/lohnaeemaldaja-beaphar-vanill2.jpg\",\"datePublished\":\"2026-04-12T08:15:59+00:00\",\"breadcrumb\":{\"@id\":\"https:\/\/miumjau.ee\/fi\/tuote\/hajunpoistaja-kissanhiekalle-vaniljalla-ja-melonilla-400-g\/#breadcrumb\"},\"inLanguage\":\"fi\",\"potentialAction\":[{\"@type\":\"ReadAction\",\"target\":[\"https:\/\/miumjau.ee\/fi\/tuote\/hajunpoistaja-kissanhiekalle-vaniljalla-ja-melonilla-400-g\/\"]}]},{\"@type\":\"ImageObject\",\"inLanguage\":\"fi\",\"@id\":\"https:\/\/miumjau.ee\/fi\/tuote\/hajunpoistaja-kissanhiekalle-vaniljalla-ja-melonilla-400-g\/#primaryimage\",\"url\":\"https:\/\/miumjau.ee\/wp-content\/uploads\/2026\/04\/lohnaeemaldaja-beaphar-vanill2.jpg\",\"contentUrl\":\"https:\/\/miumjau.ee\/wp-content\/uploads\/2026\/04\/lohnaeemaldaja-beaphar-vanill2.jpg\",\"width\":600,\"height\":800,\"caption\":\"L\u00f5hnade neutraliseerija liivale vanilli ja meloniga, 400g\"},{\"@type\":\"BreadcrumbList\",\"@id\":\"https:\/\/miumjau.ee\/fi\/tuote\/hajunpoistaja-kissanhiekalle-vaniljalla-ja-melonilla-400-g\/#breadcrumb\",\"itemListElement\":[{\"@type\":\"ListItem\",\"position\":1,\"name\":\"Home\",\"item\":\"https:\/\/miumjau.ee\/fi\/\"},{\"@type\":\"ListItem\",\"position\":2,\"name\":\"Kauppa\",\"item\":\"https:\/\/miumjau.ee\/fi\/kauppa\/\"},{\"@type\":\"ListItem\",\"position\":3,\"name\":\"Hajunpoistaja kissanhiekalle vaniljalla ja melonilla, 400 g\"}]},{\"@type\":\"WebSite\",\"@id\":\"https:\/\/miumjau.ee\/#website\",\"url\":\"https:\/\/miumjau.ee\/\",\"name\":\"MiuMjau\",\"description\":\"Kraapimispuud kassidele\",\"publisher\":{\"@id\":\"https:\/\/miumjau.ee\/#organization\"},\"potentialAction\":[{\"@type\":\"SearchAction\",\"target\":{\"@type\":\"EntryPoint\",\"urlTemplate\":\"https:\/\/miumjau.ee\/?s={search_term_string}\"},\"query-input\":{\"@type\":\"PropertyValueSpecification\",\"valueRequired\":true,\"valueName\":\"search_term_string\"}}],\"inLanguage\":\"fi\"},{\"@type\":\"Organization\",\"@id\":\"https:\/\/miumjau.ee\/#organization\",\"name\":\"MiuMjau O\u00dc\",\"url\":\"https:\/\/miumjau.ee\/\",\"logo\":{\"@type\":\"ImageObject\",\"inLanguage\":\"fi\",\"@id\":\"https:\/\/miumjau.ee\/#\/schema\/logo\/image\/\",\"url\":\"https:\/\/miumjau.ee\/wp-content\/uploads\/2022\/04\/MiuMjau-logo-kollane.png\",\"contentUrl\":\"https:\/\/miumjau.ee\/wp-content\/uploads\/2022\/04\/MiuMjau-logo-kollane.png\",\"width\":219,\"height\":100,\"caption\":\"MiuMjau O\u00dc\"},\"image\":{\"@id\":\"https:\/\/miumjau.ee\/#\/schema\/logo\/image\/\"},\"sameAs\":[\"https:\/\/www.facebook.com\/miumjaupood\/\"]}]}<\/script>\n<!-- \/ Yoast SEO plugin. -->","yoast_head_json":{"title":"Hajunpoistaja kissanhiekalle vaniljalla ja melonilla, 400 g - MiuMjau","robots":{"index":"index","follow":"follow","max-snippet":"max-snippet:-1","max-image-preview":"max-image-preview:large","max-video-preview":"max-video-preview:-1"},"canonical":"https:\/\/miumjau.ee\/fi\/tuote\/hajunpoistaja-kissanhiekalle-vaniljalla-ja-melonilla-400-g\/","og_locale":"fi_FI","og_type":"article","og_title":"Hajunpoistaja kissanhiekalle vaniljalla ja melonilla, 400 g - MiuMjau","og_description":"Hajunpoistojauhe on tarkoitettu k\u00e4ytett\u00e4v\u00e4ksi kissanhiekan seassa. Se poistaa ep\u00e4miellytt\u00e4v\u00e4t hajut ja pident\u00e4\u00e4 kissanhiekan k\u00e4ytt\u00f6ik\u00e4\u00e4. Jauhe est\u00e4\u00e4 bakteerien levi\u00e4mist\u00e4, mik\u00e4 hidastaa hajujen muodostumista. Nauti miellytt\u00e4v\u00e4st\u00e4 tuoksusta ja unohda virtsanhaju. K\u00e4ytt\u00f6ohjeKun olet tyhjent\u00e4nyt hiekkalaatikon, puhdista se huolellisesti ja kuivaa. Lis\u00e4\u00e4 riitt\u00e4v\u00e4 m\u00e4\u00e4r\u00e4 uutta kissanhiekkaa ja sekoita joukkoon hajunpoistajaa. Sit\u00e4 voi lis\u00e4t\u00e4 tarpeen mukaan hiekan kunnon perusteella. Yhdest\u00e4 pakkauksesta riitt\u00e4\u00e4 jopa 20 k\u00e4ytt\u00f6kertaan (n. 3 kuukautta). Tuotetta voi k\u00e4ytt\u00e4\u00e4 mink\u00e4 tahansa kissanhiekan kanssa ja se on turvallinen. M\u00e4\u00e4r\u00e4: 400 gValmistaja: Beaphar, Alankomaat","og_url":"https:\/\/miumjau.ee\/fi\/tuote\/hajunpoistaja-kissanhiekalle-vaniljalla-ja-melonilla-400-g\/","og_site_name":"MiuMjau","article_publisher":"https:\/\/www.facebook.com\/miumjaupood\/","og_image":[{"width":600,"height":800,"url":"https:\/\/miumjau.ee\/wp-content\/uploads\/2026\/04\/lohnaeemaldaja-beaphar-vanill2.jpg","type":"image\/jpeg"}],"twitter_card":"summary_large_image","schema":{"@context":"https:\/\/schema.org","@graph":[{"@type":"WebPage","@id":"https:\/\/miumjau.ee\/fi\/tuote\/hajunpoistaja-kissanhiekalle-vaniljalla-ja-melonilla-400-g\/","url":"https:\/\/miumjau.ee\/fi\/tuote\/hajunpoistaja-kissanhiekalle-vaniljalla-ja-melonilla-400-g\/","name":"Hajunpoistaja kissanhiekalle vaniljalla ja melonilla, 400 g - MiuMjau","isPartOf":{"@id":"https:\/\/miumjau.ee\/#website"},"primaryImageOfPage":{"@id":"https:\/\/miumjau.ee\/fi\/tuote\/hajunpoistaja-kissanhiekalle-vaniljalla-ja-melonilla-400-g\/#primaryimage"},"image":{"@id":"https:\/\/miumjau.ee\/fi\/tuote\/hajunpoistaja-kissanhiekalle-vaniljalla-ja-melonilla-400-g\/#primaryimage"},"thumbnailUrl":"https:\/\/miumjau.ee\/wp-content\/uploads\/2026\/04\/lohnaeemaldaja-beaphar-vanill2.jpg","datePublished":"2026-04-12T08:15:59+00:00","breadcrumb":{"@id":"https:\/\/miumjau.ee\/fi\/tuote\/hajunpoistaja-kissanhiekalle-vaniljalla-ja-melonilla-400-g\/#breadcrumb"},"inLanguage":"fi","potentialAction":[{"@type":"ReadAction","target":["https:\/\/miumjau.ee\/fi\/tuote\/hajunpoistaja-kissanhiekalle-vaniljalla-ja-melonilla-400-g\/"]}]},{"@type":"ImageObject","inLanguage":"fi","@id":"https:\/\/miumjau.ee\/fi\/tuote\/hajunpoistaja-kissanhiekalle-vaniljalla-ja-melonilla-400-g\/#primaryimage","url":"https:\/\/miumjau.ee\/wp-content\/uploads\/2026\/04\/lohnaeemaldaja-beaphar-vanill2.jpg","contentUrl":"https:\/\/miumjau.ee\/wp-content\/uploads\/2026\/04\/lohnaeemaldaja-beaphar-vanill2.jpg","width":600,"height":800,"caption":"L\u00f5hnade neutraliseerija liivale vanilli ja meloniga, 400g"},{"@type":"BreadcrumbList","@id":"https:\/\/miumjau.ee\/fi\/tuote\/hajunpoistaja-kissanhiekalle-vaniljalla-ja-melonilla-400-g\/#breadcrumb","itemListElement":[{"@type":"ListItem","position":1,"name":"Home","item":"https:\/\/miumjau.ee\/fi\/"},{"@type":"ListItem","position":2,"name":"Kauppa","item":"https:\/\/miumjau.ee\/fi\/kauppa\/"},{"@type":"ListItem","position":3,"name":"Hajunpoistaja kissanhiekalle vaniljalla ja melonilla, 400 g"}]},{"@type":"WebSite","@id":"https:\/\/miumjau.ee\/#website","url":"https:\/\/miumjau.ee\/","name":"MiuMjau","description":"Kraapimispuud kassidele","publisher":{"@id":"https:\/\/miumjau.ee\/#organization"},"potentialAction":[{"@type":"SearchAction","target":{"@type":"EntryPoint","urlTemplate":"https:\/\/miumjau.ee\/?s={search_term_string}"},"query-input":{"@type":"PropertyValueSpecification","valueRequired":true,"valueName":"search_term_string"}}],"inLanguage":"fi"},{"@type":"Organization","@id":"https:\/\/miumjau.ee\/#organization","name":"MiuMjau O\u00dc","url":"https:\/\/miumjau.ee\/","logo":{"@type":"ImageObject","inLanguage":"fi","@id":"https:\/\/miumjau.ee\/#\/schema\/logo\/image\/","url":"https:\/\/miumjau.ee\/wp-content\/uploads\/2022\/04\/MiuMjau-logo-kollane.png","contentUrl":"https:\/\/miumjau.ee\/wp-content\/uploads\/2022\/04\/MiuMjau-logo-kollane.png","width":219,"height":100,"caption":"MiuMjau O\u00dc"},"image":{"@id":"https:\/\/miumjau.ee\/#\/schema\/logo\/image\/"},"sameAs":["https:\/\/www.facebook.com\/miumjaupood\/"]}]}},"_links":{"self":[{"href":"https:\/\/miumjau.ee\/fi\/wp-json\/wp\/v2\/product\/57718","targetHints":{"allow":["GET"]}}],"collection":[{"href":"https:\/\/miumjau.ee\/fi\/wp-json\/wp\/v2\/product"}],"about":[{"href":"https:\/\/miumjau.ee\/fi\/wp-json\/wp\/v2\/types\/product"}],"wp:featuredmedia":[{"embeddable":true,"href":"https:\/\/miumjau.ee\/fi\/wp-json\/wp\/v2\/media\/57527"}],"wp:attachment":[{"href":"https:\/\/miumjau.ee\/fi\/wp-json\/wp\/v2\/media?parent=57718"}],"wp:term":[{"taxonomy":"product_brand","embeddable":true,"href":"https:\/\/miumjau.ee\/fi\/wp-json\/wp\/v2\/product_brand?post=57718"},{"taxonomy":"product_cat","embeddable":true,"href":"https:\/\/miumjau.ee\/fi\/wp-json\/wp\/v2\/product_cat?post=57718"},{"taxonomy":"product_tag","embeddable":true,"href":"https:\/\/miumjau.ee\/fi\/wp-json\/wp\/v2\/product_tag?post=57718"}],"curies":[{"name":"wp","href":"https:\/\/api.w.org\/{rel}","templated":true}]}}