{"id":57713,"date":"2026-04-12T11:20:40","date_gmt":"2026-04-12T08:20:40","guid":{"rendered":"https:\/\/miumjau.ee\/toode\/applaws-sailykevalikoima-kala-hyytelossa-12-x-70-g\/"},"modified":"2026-04-12T11:20:40","modified_gmt":"2026-04-12T08:20:40","slug":"applaws-sailykevalikoima-kala-hyytelossa-12-x-70-g","status":"publish","type":"product","link":"https:\/\/miumjau.ee\/fi\/tuote\/applaws-sailykevalikoima-kala-hyytelossa-12-x-70-g\/","title":{"rendered":"Applaws s\u00e4ilykevalikoima kala hyytel\u00f6ss\u00e4, 12 x 70 g"},"content":{"rendered":"","protected":false},"excerpt":{"rendered":"<p data-start=\"1270\" data-end=\"1493\">T\u00e4ydennysrehu kissoille, t\u00e4ysin luonnollinen eik\u00e4 sis\u00e4ll\u00e4 muuta kuin luetellut ainesosat. Yksi kissojen suosikkibr\u00e4ndeist\u00e4!<br data-start=\"1393\" data-end=\"1396\" \/>Sis\u00e4lt\u00e4\u00e4 12 purkkia: 4 x tonnikalafile, 4 x tonnikalafile lohella, 4 x tonnikalafile merilev\u00e4ll\u00e4.<\/p>\n<p data-start=\"1495\" data-end=\"1631\">P\u00e4ivitt\u00e4inen suositus ja ruokintaohjeet<br data-start=\"1534\" data-end=\"1537\" \/>Ruokintaohje kissan painon mukaan: 0\u20133 kg: 1 purkki \/ 3\u20135 kg: 2 purkkia \/ yli 5 kg: 3 purkkia.<\/p>\n<p data-start=\"1633\" data-end=\"1947\">Koostumus:<br data-start=\"1643\" data-end=\"1646\" \/>4x Tonnikalafile: Tonnikalafile* 60 %, riisijauho*, kasvipohjainen hyytel\u00f6imisaine.<br data-start=\"1729\" data-end=\"1732\" \/>4x Tonnikalafile lohella: Tonnikalafile* 55 %, lohi* 5 %, riisijauho*, kasvipohjainen hyytel\u00f6imisaine.<br data-start=\"1834\" data-end=\"1837\" \/>4x Tonnikalafile merilev\u00e4ll\u00e4: Tonnikalafile* 56 %, merilev\u00e4* 4 %, riisijauho*, kasvipohjainen hyytel\u00f6imisaine.<\/p>\n<p data-start=\"1949\" data-end=\"2292\">Analyyttiset ainesosat:<br data-start=\"1972\" data-end=\"1975\" \/>Tonnikalafile: Proteiini 13 %, raakakuitu 0,1 %, raakarasva 1 %, raakatu tuhka 1 %, kosteus 84 %.<br data-start=\"2072\" data-end=\"2075\" \/>Tonnikalafile lohella: Proteiini 12 %, raakakuitu 0,1 %, raakarasva 2 %, raakatu tuhka 1 %, kosteus 84 %.<br data-start=\"2180\" data-end=\"2183\" \/>Tonnikalafile merilev\u00e4ll\u00e4: Proteiini 12 %, raakakuitu 0,1 %, raakarasva 1 %, raakatu tuhka 1 %, kosteus 85 %.<\/p>\n<p data-start=\"2294\" data-end=\"2449\">S\u00e4ilytysolosuhteet<br data-start=\"2312\" data-end=\"2315\" \/>S\u00e4ilyt\u00e4 kuivassa ja viile\u00e4ss\u00e4. Pid\u00e4 aina puhdasta ja raikasta juomavett\u00e4 saatavilla.<br data-start=\"2399\" data-end=\"2402\" \/>Parasta ennen ja er\u00e4numero: katso pakkauksesta.<\/p>\n","protected":false},"featured_media":57535,"template":"","meta":[],"product_brand":[],"product_cat":[264],"product_tag":[],"class_list":{"0":"post-57713","1":"product","2":"type-product","3":"status-publish","4":"has-post-thumbnail","6":"product_cat-marka-ruoka","8":"first","9":"instock","10":"taxable","11":"shipping-taxable","12":"purchasable","13":"product-type-simple"},"yoast_head":"<!-- This site is optimized with the Yoast SEO plugin v27.2 - https:\/\/yoast.com\/product\/yoast-seo-wordpress\/ -->\n<title>Applaws s\u00e4ilykevalikoima kala hyytel\u00f6ss\u00e4, 12 x 70 g - MiuMjau<\/title>\n<meta name=\"robots\" content=\"index, follow, max-snippet:-1, max-image-preview:large, max-video-preview:-1\" \/>\n<link rel=\"canonical\" href=\"https:\/\/miumjau.ee\/fi\/tuote\/applaws-sailykevalikoima-kala-hyytelossa-12-x-70-g\/\" \/>\n<meta property=\"og:locale\" content=\"fi_FI\" \/>\n<meta property=\"og:type\" content=\"article\" \/>\n<meta property=\"og:title\" content=\"Applaws s\u00e4ilykevalikoima kala hyytel\u00f6ss\u00e4, 12 x 70 g - MiuMjau\" \/>\n<meta property=\"og:description\" content=\"T\u00e4ydennysrehu kissoille, t\u00e4ysin luonnollinen eik\u00e4 sis\u00e4ll\u00e4 muuta kuin luetellut ainesosat. Yksi kissojen suosikkibr\u00e4ndeist\u00e4!Sis\u00e4lt\u00e4\u00e4 12 purkkia: 4 x tonnikalafile, 4 x tonnikalafile lohella, 4 x tonnikalafile merilev\u00e4ll\u00e4. P\u00e4ivitt\u00e4inen suositus ja ruokintaohjeetRuokintaohje kissan painon mukaan: 0\u20133 kg: 1 purkki \/ 3\u20135 kg: 2 purkkia \/ yli 5 kg: 3 purkkia. Koostumus:4x Tonnikalafile: Tonnikalafile* 60 %, riisijauho*, kasvipohjainen hyytel\u00f6imisaine.4x Tonnikalafile lohella: Tonnikalafile* 55 %, lohi* 5 %, riisijauho*, kasvipohjainen hyytel\u00f6imisaine.4x Tonnikalafile merilev\u00e4ll\u00e4: Tonnikalafile* 56 %, merilev\u00e4* 4 %, riisijauho*, kasvipohjainen hyytel\u00f6imisaine. Analyyttiset ainesosat:Tonnikalafile: Proteiini 13 %, raakakuitu 0,1 %, raakarasva 1 %, raakatu tuhka 1 %, kosteus 84 %.Tonnikalafile lohella: Proteiini 12 %, raakakuitu 0,1 %, raakarasva 2 %, raakatu tuhka 1 %, kosteus 84 %.Tonnikalafile merilev\u00e4ll\u00e4: Proteiini 12 %, raakakuitu 0,1 %, raakarasva 1 %, raakatu tuhka 1 %, kosteus 85 %. S\u00e4ilytysolosuhteetS\u00e4ilyt\u00e4 kuivassa ja viile\u00e4ss\u00e4. Pid\u00e4 aina puhdasta ja raikasta juomavett\u00e4 saatavilla.Parasta ennen ja er\u00e4numero: katso pakkauksesta.\" \/>\n<meta property=\"og:url\" content=\"https:\/\/miumjau.ee\/fi\/tuote\/applaws-sailykevalikoima-kala-hyytelossa-12-x-70-g\/\" \/>\n<meta property=\"og:site_name\" content=\"MiuMjau\" \/>\n<meta property=\"article:publisher\" content=\"https:\/\/www.facebook.com\/miumjaupood\/\" \/>\n<meta property=\"og:image\" content=\"https:\/\/miumjau.ee\/wp-content\/uploads\/2026\/04\/applaws-tuna-tarrendis-12x70g.jpg\" \/>\n\t<meta property=\"og:image:width\" content=\"600\" \/>\n\t<meta property=\"og:image:height\" content=\"800\" \/>\n\t<meta property=\"og:image:type\" content=\"image\/jpeg\" \/>\n<meta name=\"twitter:card\" content=\"summary_large_image\" \/>\n<script type=\"application\/ld+json\" class=\"yoast-schema-graph\">{\"@context\":\"https:\/\/schema.org\",\"@graph\":[{\"@type\":\"WebPage\",\"@id\":\"https:\/\/miumjau.ee\/fi\/tuote\/applaws-sailykevalikoima-kala-hyytelossa-12-x-70-g\/\",\"url\":\"https:\/\/miumjau.ee\/fi\/tuote\/applaws-sailykevalikoima-kala-hyytelossa-12-x-70-g\/\",\"name\":\"Applaws s\u00e4ilykevalikoima kala hyytel\u00f6ss\u00e4, 12 x 70 g - MiuMjau\",\"isPartOf\":{\"@id\":\"https:\/\/miumjau.ee\/#website\"},\"primaryImageOfPage\":{\"@id\":\"https:\/\/miumjau.ee\/fi\/tuote\/applaws-sailykevalikoima-kala-hyytelossa-12-x-70-g\/#primaryimage\"},\"image\":{\"@id\":\"https:\/\/miumjau.ee\/fi\/tuote\/applaws-sailykevalikoima-kala-hyytelossa-12-x-70-g\/#primaryimage\"},\"thumbnailUrl\":\"https:\/\/miumjau.ee\/wp-content\/uploads\/2026\/04\/applaws-tuna-tarrendis-12x70g.jpg\",\"datePublished\":\"2026-04-12T08:20:40+00:00\",\"breadcrumb\":{\"@id\":\"https:\/\/miumjau.ee\/fi\/tuote\/applaws-sailykevalikoima-kala-hyytelossa-12-x-70-g\/#breadcrumb\"},\"inLanguage\":\"fi\",\"potentialAction\":[{\"@type\":\"ReadAction\",\"target\":[\"https:\/\/miumjau.ee\/fi\/tuote\/applaws-sailykevalikoima-kala-hyytelossa-12-x-70-g\/\"]}]},{\"@type\":\"ImageObject\",\"inLanguage\":\"fi\",\"@id\":\"https:\/\/miumjau.ee\/fi\/tuote\/applaws-sailykevalikoima-kala-hyytelossa-12-x-70-g\/#primaryimage\",\"url\":\"https:\/\/miumjau.ee\/wp-content\/uploads\/2026\/04\/applaws-tuna-tarrendis-12x70g.jpg\",\"contentUrl\":\"https:\/\/miumjau.ee\/wp-content\/uploads\/2026\/04\/applaws-tuna-tarrendis-12x70g.jpg\",\"width\":600,\"height\":800,\"caption\":\"Applaws konservide assortii kala tarrendis, 12x70g\"},{\"@type\":\"BreadcrumbList\",\"@id\":\"https:\/\/miumjau.ee\/fi\/tuote\/applaws-sailykevalikoima-kala-hyytelossa-12-x-70-g\/#breadcrumb\",\"itemListElement\":[{\"@type\":\"ListItem\",\"position\":1,\"name\":\"Home\",\"item\":\"https:\/\/miumjau.ee\/fi\/\"},{\"@type\":\"ListItem\",\"position\":2,\"name\":\"Kauppa\",\"item\":\"https:\/\/miumjau.ee\/fi\/kauppa\/\"},{\"@type\":\"ListItem\",\"position\":3,\"name\":\"Applaws s\u00e4ilykevalikoima kala hyytel\u00f6ss\u00e4, 12 x 70 g\"}]},{\"@type\":\"WebSite\",\"@id\":\"https:\/\/miumjau.ee\/#website\",\"url\":\"https:\/\/miumjau.ee\/\",\"name\":\"MiuMjau\",\"description\":\"Kraapimispuud kassidele\",\"publisher\":{\"@id\":\"https:\/\/miumjau.ee\/#organization\"},\"potentialAction\":[{\"@type\":\"SearchAction\",\"target\":{\"@type\":\"EntryPoint\",\"urlTemplate\":\"https:\/\/miumjau.ee\/?s={search_term_string}\"},\"query-input\":{\"@type\":\"PropertyValueSpecification\",\"valueRequired\":true,\"valueName\":\"search_term_string\"}}],\"inLanguage\":\"fi\"},{\"@type\":\"Organization\",\"@id\":\"https:\/\/miumjau.ee\/#organization\",\"name\":\"MiuMjau O\u00dc\",\"url\":\"https:\/\/miumjau.ee\/\",\"logo\":{\"@type\":\"ImageObject\",\"inLanguage\":\"fi\",\"@id\":\"https:\/\/miumjau.ee\/#\/schema\/logo\/image\/\",\"url\":\"https:\/\/miumjau.ee\/wp-content\/uploads\/2022\/04\/MiuMjau-logo-kollane.png\",\"contentUrl\":\"https:\/\/miumjau.ee\/wp-content\/uploads\/2022\/04\/MiuMjau-logo-kollane.png\",\"width\":219,\"height\":100,\"caption\":\"MiuMjau O\u00dc\"},\"image\":{\"@id\":\"https:\/\/miumjau.ee\/#\/schema\/logo\/image\/\"},\"sameAs\":[\"https:\/\/www.facebook.com\/miumjaupood\/\"]}]}<\/script>\n<!-- \/ Yoast SEO plugin. -->","yoast_head_json":{"title":"Applaws s\u00e4ilykevalikoima kala hyytel\u00f6ss\u00e4, 12 x 70 g - MiuMjau","robots":{"index":"index","follow":"follow","max-snippet":"max-snippet:-1","max-image-preview":"max-image-preview:large","max-video-preview":"max-video-preview:-1"},"canonical":"https:\/\/miumjau.ee\/fi\/tuote\/applaws-sailykevalikoima-kala-hyytelossa-12-x-70-g\/","og_locale":"fi_FI","og_type":"article","og_title":"Applaws s\u00e4ilykevalikoima kala hyytel\u00f6ss\u00e4, 12 x 70 g - MiuMjau","og_description":"T\u00e4ydennysrehu kissoille, t\u00e4ysin luonnollinen eik\u00e4 sis\u00e4ll\u00e4 muuta kuin luetellut ainesosat. Yksi kissojen suosikkibr\u00e4ndeist\u00e4!Sis\u00e4lt\u00e4\u00e4 12 purkkia: 4 x tonnikalafile, 4 x tonnikalafile lohella, 4 x tonnikalafile merilev\u00e4ll\u00e4. P\u00e4ivitt\u00e4inen suositus ja ruokintaohjeetRuokintaohje kissan painon mukaan: 0\u20133 kg: 1 purkki \/ 3\u20135 kg: 2 purkkia \/ yli 5 kg: 3 purkkia. Koostumus:4x Tonnikalafile: Tonnikalafile* 60 %, riisijauho*, kasvipohjainen hyytel\u00f6imisaine.4x Tonnikalafile lohella: Tonnikalafile* 55 %, lohi* 5 %, riisijauho*, kasvipohjainen hyytel\u00f6imisaine.4x Tonnikalafile merilev\u00e4ll\u00e4: Tonnikalafile* 56 %, merilev\u00e4* 4 %, riisijauho*, kasvipohjainen hyytel\u00f6imisaine. Analyyttiset ainesosat:Tonnikalafile: Proteiini 13 %, raakakuitu 0,1 %, raakarasva 1 %, raakatu tuhka 1 %, kosteus 84 %.Tonnikalafile lohella: Proteiini 12 %, raakakuitu 0,1 %, raakarasva 2 %, raakatu tuhka 1 %, kosteus 84 %.Tonnikalafile merilev\u00e4ll\u00e4: Proteiini 12 %, raakakuitu 0,1 %, raakarasva 1 %, raakatu tuhka 1 %, kosteus 85 %. S\u00e4ilytysolosuhteetS\u00e4ilyt\u00e4 kuivassa ja viile\u00e4ss\u00e4. Pid\u00e4 aina puhdasta ja raikasta juomavett\u00e4 saatavilla.Parasta ennen ja er\u00e4numero: katso pakkauksesta.","og_url":"https:\/\/miumjau.ee\/fi\/tuote\/applaws-sailykevalikoima-kala-hyytelossa-12-x-70-g\/","og_site_name":"MiuMjau","article_publisher":"https:\/\/www.facebook.com\/miumjaupood\/","og_image":[{"width":600,"height":800,"url":"https:\/\/miumjau.ee\/wp-content\/uploads\/2026\/04\/applaws-tuna-tarrendis-12x70g.jpg","type":"image\/jpeg"}],"twitter_card":"summary_large_image","schema":{"@context":"https:\/\/schema.org","@graph":[{"@type":"WebPage","@id":"https:\/\/miumjau.ee\/fi\/tuote\/applaws-sailykevalikoima-kala-hyytelossa-12-x-70-g\/","url":"https:\/\/miumjau.ee\/fi\/tuote\/applaws-sailykevalikoima-kala-hyytelossa-12-x-70-g\/","name":"Applaws s\u00e4ilykevalikoima kala hyytel\u00f6ss\u00e4, 12 x 70 g - MiuMjau","isPartOf":{"@id":"https:\/\/miumjau.ee\/#website"},"primaryImageOfPage":{"@id":"https:\/\/miumjau.ee\/fi\/tuote\/applaws-sailykevalikoima-kala-hyytelossa-12-x-70-g\/#primaryimage"},"image":{"@id":"https:\/\/miumjau.ee\/fi\/tuote\/applaws-sailykevalikoima-kala-hyytelossa-12-x-70-g\/#primaryimage"},"thumbnailUrl":"https:\/\/miumjau.ee\/wp-content\/uploads\/2026\/04\/applaws-tuna-tarrendis-12x70g.jpg","datePublished":"2026-04-12T08:20:40+00:00","breadcrumb":{"@id":"https:\/\/miumjau.ee\/fi\/tuote\/applaws-sailykevalikoima-kala-hyytelossa-12-x-70-g\/#breadcrumb"},"inLanguage":"fi","potentialAction":[{"@type":"ReadAction","target":["https:\/\/miumjau.ee\/fi\/tuote\/applaws-sailykevalikoima-kala-hyytelossa-12-x-70-g\/"]}]},{"@type":"ImageObject","inLanguage":"fi","@id":"https:\/\/miumjau.ee\/fi\/tuote\/applaws-sailykevalikoima-kala-hyytelossa-12-x-70-g\/#primaryimage","url":"https:\/\/miumjau.ee\/wp-content\/uploads\/2026\/04\/applaws-tuna-tarrendis-12x70g.jpg","contentUrl":"https:\/\/miumjau.ee\/wp-content\/uploads\/2026\/04\/applaws-tuna-tarrendis-12x70g.jpg","width":600,"height":800,"caption":"Applaws konservide assortii kala tarrendis, 12x70g"},{"@type":"BreadcrumbList","@id":"https:\/\/miumjau.ee\/fi\/tuote\/applaws-sailykevalikoima-kala-hyytelossa-12-x-70-g\/#breadcrumb","itemListElement":[{"@type":"ListItem","position":1,"name":"Home","item":"https:\/\/miumjau.ee\/fi\/"},{"@type":"ListItem","position":2,"name":"Kauppa","item":"https:\/\/miumjau.ee\/fi\/kauppa\/"},{"@type":"ListItem","position":3,"name":"Applaws s\u00e4ilykevalikoima kala hyytel\u00f6ss\u00e4, 12 x 70 g"}]},{"@type":"WebSite","@id":"https:\/\/miumjau.ee\/#website","url":"https:\/\/miumjau.ee\/","name":"MiuMjau","description":"Kraapimispuud kassidele","publisher":{"@id":"https:\/\/miumjau.ee\/#organization"},"potentialAction":[{"@type":"SearchAction","target":{"@type":"EntryPoint","urlTemplate":"https:\/\/miumjau.ee\/?s={search_term_string}"},"query-input":{"@type":"PropertyValueSpecification","valueRequired":true,"valueName":"search_term_string"}}],"inLanguage":"fi"},{"@type":"Organization","@id":"https:\/\/miumjau.ee\/#organization","name":"MiuMjau O\u00dc","url":"https:\/\/miumjau.ee\/","logo":{"@type":"ImageObject","inLanguage":"fi","@id":"https:\/\/miumjau.ee\/#\/schema\/logo\/image\/","url":"https:\/\/miumjau.ee\/wp-content\/uploads\/2022\/04\/MiuMjau-logo-kollane.png","contentUrl":"https:\/\/miumjau.ee\/wp-content\/uploads\/2022\/04\/MiuMjau-logo-kollane.png","width":219,"height":100,"caption":"MiuMjau O\u00dc"},"image":{"@id":"https:\/\/miumjau.ee\/#\/schema\/logo\/image\/"},"sameAs":["https:\/\/www.facebook.com\/miumjaupood\/"]}]}},"_links":{"self":[{"href":"https:\/\/miumjau.ee\/fi\/wp-json\/wp\/v2\/product\/57713","targetHints":{"allow":["GET"]}}],"collection":[{"href":"https:\/\/miumjau.ee\/fi\/wp-json\/wp\/v2\/product"}],"about":[{"href":"https:\/\/miumjau.ee\/fi\/wp-json\/wp\/v2\/types\/product"}],"wp:featuredmedia":[{"embeddable":true,"href":"https:\/\/miumjau.ee\/fi\/wp-json\/wp\/v2\/media\/57535"}],"wp:attachment":[{"href":"https:\/\/miumjau.ee\/fi\/wp-json\/wp\/v2\/media?parent=57713"}],"wp:term":[{"taxonomy":"product_brand","embeddable":true,"href":"https:\/\/miumjau.ee\/fi\/wp-json\/wp\/v2\/product_brand?post=57713"},{"taxonomy":"product_cat","embeddable":true,"href":"https:\/\/miumjau.ee\/fi\/wp-json\/wp\/v2\/product_cat?post=57713"},{"taxonomy":"product_tag","embeddable":true,"href":"https:\/\/miumjau.ee\/fi\/wp-json\/wp\/v2\/product_tag?post=57713"}],"curies":[{"name":"wp","href":"https:\/\/api.w.org\/{rel}","templated":true}]}}