{"id":57708,"date":"2026-04-12T13:55:19","date_gmt":"2026-04-12T10:55:19","guid":{"rendered":"https:\/\/miumjau.ee\/toode\/carnilove-crunchy-snack-lampaalla-ja-karhunvatukalla-50-g\/"},"modified":"2026-04-12T13:55:19","modified_gmt":"2026-04-12T10:55:19","slug":"carnilove-crunchy-snack-lampaalla-ja-karhunvatukalla-50-g","status":"publish","type":"product","link":"https:\/\/miumjau.ee\/fi\/tuote\/carnilove-crunchy-snack-lampaalla-ja-karhunvatukalla-50-g\/","title":{"rendered":"Carnilove Crunchy Snack lampaalla ja karhunvatukalla, 50 g"},"content":{"rendered":"","protected":false},"excerpt":{"rendered":"<p data-start=\"1549\" data-end=\"1657\">Carniloven eritt\u00e4in maukkaalla herkulla voit voittaa kissasi syd\u00e4men. V\u00e4lill\u00e4 pieni herkuttelu on sallittua.<\/p>\n<p data-start=\"1659\" data-end=\"1975\">Rapeat herkut lampaanlihalla \u2013 helposti sulava, korkealaatuinen proteiininl\u00e4hde, sopii herkille ja sis\u00e4kissoille.<br data-start=\"1772\" data-end=\"1775\" \/>Lampaanliha auttaa yll\u00e4pit\u00e4m\u00e4\u00e4n tasaisen energiatason ja yleisen elinvoiman.<br data-start=\"1851\" data-end=\"1854\" \/>Karhunvatukat tarjoavat luonnollisia antioksidantteja, jotka auttavat vahvistamaan elimist\u00f6n luonnollista puolustuskyky\u00e4.<\/p>\n<p data-start=\"1977\" data-end=\"2191\">Koostumus: Lammasproteiinit (26 %), herneet, perunat\u00e4rkkelys, herneproteiinit, kananrasva, hera, kuivattu kurpitsa, hydrolysoitu kananmaksa, pellavansiemen, rypsi\u00f6ljy, kaliumkloridi, kuivatut karhunvatukat (0,5 %).<\/p>\n<p data-start=\"2193\" data-end=\"2397\">Analyyttiset ainesosat: Raakavalkuainen 28,0 %, raakarasva 14,0 %, raakatu tuhka 9,0 %, raakakuitu 1,9 %, kosteus 10,0 %, kalsium 1,8 %, fosfori 1,2 %, omega-3-rasvahapot 0,15 %, omega-6-rasvahapot 2,5 %.<\/p>\n<p data-start=\"2399\" data-end=\"2507\">Lis\u00e4aineet: Teknologiset lis\u00e4aineet: tokoferoliuute kasvi\u00f6ljyist\u00e4 (1b306(i)), askorbyylipalmitaatti (1b304).<\/p>\n<p data-start=\"2509\" data-end=\"2559\">Metaboloituva energia: 3666 kcal\/kg (15338 kJ\/kg).<\/p>\n<p data-start=\"2561\" data-end=\"2905\">Ruokintaohjeet: Anna herkkuna tai palkkiona positiivisesta motivoinnista. Huomioi, ett\u00e4 t\u00e4m\u00e4 tuote ei korvaa t\u00e4ysravintoa. Tarjoa aina raikasta juomavett\u00e4. Suositeltu p\u00e4ivitt\u00e4inen m\u00e4\u00e4r\u00e4 on esitetty ruokintataulukossa. \u00c4l\u00e4 ylit\u00e4 m\u00e4\u00e4r\u00e4\u00e4. S\u00e4ilyt\u00e4 viile\u00e4ss\u00e4 ja kuivassa paikassa, suojattuna suoralta auringonvalolta. Sulje avattu pakkaus tiiviisti.<\/p>\n<p data-start=\"2907\" data-end=\"3000\">Ruokintataulukko<br data-start=\"2923\" data-end=\"2926\" \/>Kissan paino (kg) 1\u20132 3\u20134 4\u20136 Yli 6<br data-start=\"2961\" data-end=\"2964\" \/>Herkkujen m\u00e4\u00e4r\u00e4 p\u00e4iv\u00e4ss\u00e4 5 8 10 15<\/p>\n","protected":false},"featured_media":57557,"template":"","meta":[],"product_brand":[],"product_cat":[266],"product_tag":[],"class_list":{"0":"post-57708","1":"product","2":"type-product","3":"status-publish","4":"has-post-thumbnail","6":"product_cat-makeiset","8":"first","9":"instock","10":"taxable","11":"shipping-taxable","12":"purchasable","13":"product-type-simple"},"yoast_head":"<!-- This site is optimized with the Yoast SEO plugin v27.4 - https:\/\/yoast.com\/product\/yoast-seo-wordpress\/ -->\n<title>Carnilove Crunchy Snack lampaalla ja karhunvatukalla, 50 g - MiuMjau<\/title>\n<meta name=\"robots\" content=\"index, follow, max-snippet:-1, max-image-preview:large, max-video-preview:-1\" \/>\n<link rel=\"canonical\" href=\"https:\/\/miumjau.ee\/fi\/tuote\/carnilove-crunchy-snack-lampaalla-ja-karhunvatukalla-50-g\/\" \/>\n<meta property=\"og:locale\" content=\"fi_FI\" \/>\n<meta property=\"og:type\" content=\"article\" \/>\n<meta property=\"og:title\" content=\"Carnilove Crunchy Snack lampaalla ja karhunvatukalla, 50 g - MiuMjau\" \/>\n<meta property=\"og:description\" content=\"Carniloven eritt\u00e4in maukkaalla herkulla voit voittaa kissasi syd\u00e4men. V\u00e4lill\u00e4 pieni herkuttelu on sallittua. Rapeat herkut lampaanlihalla \u2013 helposti sulava, korkealaatuinen proteiininl\u00e4hde, sopii herkille ja sis\u00e4kissoille.Lampaanliha auttaa yll\u00e4pit\u00e4m\u00e4\u00e4n tasaisen energiatason ja yleisen elinvoiman.Karhunvatukat tarjoavat luonnollisia antioksidantteja, jotka auttavat vahvistamaan elimist\u00f6n luonnollista puolustuskyky\u00e4. Koostumus: Lammasproteiinit (26 %), herneet, perunat\u00e4rkkelys, herneproteiinit, kananrasva, hera, kuivattu kurpitsa, hydrolysoitu kananmaksa, pellavansiemen, rypsi\u00f6ljy, kaliumkloridi, kuivatut karhunvatukat (0,5 %). Analyyttiset ainesosat: Raakavalkuainen 28,0 %, raakarasva 14,0 %, raakatu tuhka 9,0 %, raakakuitu 1,9 %, kosteus 10,0 %, kalsium 1,8 %, fosfori 1,2 %, omega-3-rasvahapot 0,15 %, omega-6-rasvahapot 2,5 %. Lis\u00e4aineet: Teknologiset lis\u00e4aineet: tokoferoliuute kasvi\u00f6ljyist\u00e4 (1b306(i)), askorbyylipalmitaatti (1b304). Metaboloituva energia: 3666 kcal\/kg (15338 kJ\/kg). Ruokintaohjeet: Anna herkkuna tai palkkiona positiivisesta motivoinnista. Huomioi, ett\u00e4 t\u00e4m\u00e4 tuote ei korvaa t\u00e4ysravintoa. Tarjoa aina raikasta juomavett\u00e4. Suositeltu p\u00e4ivitt\u00e4inen m\u00e4\u00e4r\u00e4 on esitetty ruokintataulukossa. \u00c4l\u00e4 ylit\u00e4 m\u00e4\u00e4r\u00e4\u00e4. S\u00e4ilyt\u00e4 viile\u00e4ss\u00e4 ja kuivassa paikassa, suojattuna suoralta auringonvalolta. Sulje avattu pakkaus tiiviisti. RuokintataulukkoKissan paino (kg) 1\u20132 3\u20134 4\u20136 Yli 6Herkkujen m\u00e4\u00e4r\u00e4 p\u00e4iv\u00e4ss\u00e4 5 8 10 15\" \/>\n<meta property=\"og:url\" content=\"https:\/\/miumjau.ee\/fi\/tuote\/carnilove-crunchy-snack-lampaalla-ja-karhunvatukalla-50-g\/\" \/>\n<meta property=\"og:site_name\" content=\"MiuMjau\" \/>\n<meta property=\"article:publisher\" content=\"https:\/\/www.facebook.com\/miumjaupood\/\" \/>\n<meta property=\"og:image\" content=\"https:\/\/miumjau.ee\/wp-content\/uploads\/2026\/04\/CARNILOVE-Cat-CRUNCHY-Snack-Lamb-enriched-with-Blackberries_50G-1.jpg\" \/>\n\t<meta property=\"og:image:width\" content=\"600\" \/>\n\t<meta property=\"og:image:height\" content=\"800\" \/>\n\t<meta property=\"og:image:type\" content=\"image\/jpeg\" \/>\n<meta name=\"twitter:card\" content=\"summary_large_image\" \/>\n<script type=\"application\/ld+json\" class=\"yoast-schema-graph\">{\"@context\":\"https:\\\/\\\/schema.org\",\"@graph\":[{\"@type\":\"WebPage\",\"@id\":\"https:\\\/\\\/miumjau.ee\\\/fi\\\/tuote\\\/carnilove-crunchy-snack-lampaalla-ja-karhunvatukalla-50-g\\\/\",\"url\":\"https:\\\/\\\/miumjau.ee\\\/fi\\\/tuote\\\/carnilove-crunchy-snack-lampaalla-ja-karhunvatukalla-50-g\\\/\",\"name\":\"Carnilove Crunchy Snack lampaalla ja karhunvatukalla, 50 g - MiuMjau\",\"isPartOf\":{\"@id\":\"https:\\\/\\\/miumjau.ee\\\/#website\"},\"primaryImageOfPage\":{\"@id\":\"https:\\\/\\\/miumjau.ee\\\/fi\\\/tuote\\\/carnilove-crunchy-snack-lampaalla-ja-karhunvatukalla-50-g\\\/#primaryimage\"},\"image\":{\"@id\":\"https:\\\/\\\/miumjau.ee\\\/fi\\\/tuote\\\/carnilove-crunchy-snack-lampaalla-ja-karhunvatukalla-50-g\\\/#primaryimage\"},\"thumbnailUrl\":\"https:\\\/\\\/miumjau.ee\\\/wp-content\\\/uploads\\\/2026\\\/04\\\/CARNILOVE-Cat-CRUNCHY-Snack-Lamb-enriched-with-Blackberries_50G-1.jpg\",\"datePublished\":\"2026-04-12T10:55:19+00:00\",\"breadcrumb\":{\"@id\":\"https:\\\/\\\/miumjau.ee\\\/fi\\\/tuote\\\/carnilove-crunchy-snack-lampaalla-ja-karhunvatukalla-50-g\\\/#breadcrumb\"},\"inLanguage\":\"fi\",\"potentialAction\":[{\"@type\":\"ReadAction\",\"target\":[\"https:\\\/\\\/miumjau.ee\\\/fi\\\/tuote\\\/carnilove-crunchy-snack-lampaalla-ja-karhunvatukalla-50-g\\\/\"]}]},{\"@type\":\"ImageObject\",\"inLanguage\":\"fi\",\"@id\":\"https:\\\/\\\/miumjau.ee\\\/fi\\\/tuote\\\/carnilove-crunchy-snack-lampaalla-ja-karhunvatukalla-50-g\\\/#primaryimage\",\"url\":\"https:\\\/\\\/miumjau.ee\\\/wp-content\\\/uploads\\\/2026\\\/04\\\/CARNILOVE-Cat-CRUNCHY-Snack-Lamb-enriched-with-Blackberries_50G-1.jpg\",\"contentUrl\":\"https:\\\/\\\/miumjau.ee\\\/wp-content\\\/uploads\\\/2026\\\/04\\\/CARNILOVE-Cat-CRUNCHY-Snack-Lamb-enriched-with-Blackberries_50G-1.jpg\",\"width\":600,\"height\":800,\"caption\":\"Carnilove Crunchy Snack lamba ja p\u00f5ldmarjaga, 50g\"},{\"@type\":\"BreadcrumbList\",\"@id\":\"https:\\\/\\\/miumjau.ee\\\/fi\\\/tuote\\\/carnilove-crunchy-snack-lampaalla-ja-karhunvatukalla-50-g\\\/#breadcrumb\",\"itemListElement\":[{\"@type\":\"ListItem\",\"position\":1,\"name\":\"Home\",\"item\":\"https:\\\/\\\/miumjau.ee\\\/fi\\\/\"},{\"@type\":\"ListItem\",\"position\":2,\"name\":\"Kauppa\",\"item\":\"https:\\\/\\\/miumjau.ee\\\/fi\\\/kauppa\\\/\"},{\"@type\":\"ListItem\",\"position\":3,\"name\":\"Carnilove Crunchy Snack lampaalla ja karhunvatukalla, 50 g\"}]},{\"@type\":\"WebSite\",\"@id\":\"https:\\\/\\\/miumjau.ee\\\/#website\",\"url\":\"https:\\\/\\\/miumjau.ee\\\/\",\"name\":\"MiuMjau\",\"description\":\"Kraapimispuud kassidele\",\"publisher\":{\"@id\":\"https:\\\/\\\/miumjau.ee\\\/#organization\"},\"potentialAction\":[{\"@type\":\"SearchAction\",\"target\":{\"@type\":\"EntryPoint\",\"urlTemplate\":\"https:\\\/\\\/miumjau.ee\\\/?s={search_term_string}\"},\"query-input\":{\"@type\":\"PropertyValueSpecification\",\"valueRequired\":true,\"valueName\":\"search_term_string\"}}],\"inLanguage\":\"fi\"},{\"@type\":\"Organization\",\"@id\":\"https:\\\/\\\/miumjau.ee\\\/#organization\",\"name\":\"MiuMjau O\u00dc\",\"url\":\"https:\\\/\\\/miumjau.ee\\\/\",\"logo\":{\"@type\":\"ImageObject\",\"inLanguage\":\"fi\",\"@id\":\"https:\\\/\\\/miumjau.ee\\\/#\\\/schema\\\/logo\\\/image\\\/\",\"url\":\"https:\\\/\\\/miumjau.ee\\\/wp-content\\\/uploads\\\/2022\\\/04\\\/MiuMjau-logo-kollane.png\",\"contentUrl\":\"https:\\\/\\\/miumjau.ee\\\/wp-content\\\/uploads\\\/2022\\\/04\\\/MiuMjau-logo-kollane.png\",\"width\":219,\"height\":100,\"caption\":\"MiuMjau O\u00dc\"},\"image\":{\"@id\":\"https:\\\/\\\/miumjau.ee\\\/#\\\/schema\\\/logo\\\/image\\\/\"},\"sameAs\":[\"https:\\\/\\\/www.facebook.com\\\/miumjaupood\\\/\"]}]}<\/script>\n<!-- \/ Yoast SEO plugin. -->","yoast_head_json":{"title":"Carnilove Crunchy Snack lampaalla ja karhunvatukalla, 50 g - MiuMjau","robots":{"index":"index","follow":"follow","max-snippet":"max-snippet:-1","max-image-preview":"max-image-preview:large","max-video-preview":"max-video-preview:-1"},"canonical":"https:\/\/miumjau.ee\/fi\/tuote\/carnilove-crunchy-snack-lampaalla-ja-karhunvatukalla-50-g\/","og_locale":"fi_FI","og_type":"article","og_title":"Carnilove Crunchy Snack lampaalla ja karhunvatukalla, 50 g - MiuMjau","og_description":"Carniloven eritt\u00e4in maukkaalla herkulla voit voittaa kissasi syd\u00e4men. V\u00e4lill\u00e4 pieni herkuttelu on sallittua. Rapeat herkut lampaanlihalla \u2013 helposti sulava, korkealaatuinen proteiininl\u00e4hde, sopii herkille ja sis\u00e4kissoille.Lampaanliha auttaa yll\u00e4pit\u00e4m\u00e4\u00e4n tasaisen energiatason ja yleisen elinvoiman.Karhunvatukat tarjoavat luonnollisia antioksidantteja, jotka auttavat vahvistamaan elimist\u00f6n luonnollista puolustuskyky\u00e4. Koostumus: Lammasproteiinit (26 %), herneet, perunat\u00e4rkkelys, herneproteiinit, kananrasva, hera, kuivattu kurpitsa, hydrolysoitu kananmaksa, pellavansiemen, rypsi\u00f6ljy, kaliumkloridi, kuivatut karhunvatukat (0,5 %). Analyyttiset ainesosat: Raakavalkuainen 28,0 %, raakarasva 14,0 %, raakatu tuhka 9,0 %, raakakuitu 1,9 %, kosteus 10,0 %, kalsium 1,8 %, fosfori 1,2 %, omega-3-rasvahapot 0,15 %, omega-6-rasvahapot 2,5 %. Lis\u00e4aineet: Teknologiset lis\u00e4aineet: tokoferoliuute kasvi\u00f6ljyist\u00e4 (1b306(i)), askorbyylipalmitaatti (1b304). Metaboloituva energia: 3666 kcal\/kg (15338 kJ\/kg). Ruokintaohjeet: Anna herkkuna tai palkkiona positiivisesta motivoinnista. Huomioi, ett\u00e4 t\u00e4m\u00e4 tuote ei korvaa t\u00e4ysravintoa. Tarjoa aina raikasta juomavett\u00e4. Suositeltu p\u00e4ivitt\u00e4inen m\u00e4\u00e4r\u00e4 on esitetty ruokintataulukossa. \u00c4l\u00e4 ylit\u00e4 m\u00e4\u00e4r\u00e4\u00e4. S\u00e4ilyt\u00e4 viile\u00e4ss\u00e4 ja kuivassa paikassa, suojattuna suoralta auringonvalolta. Sulje avattu pakkaus tiiviisti. RuokintataulukkoKissan paino (kg) 1\u20132 3\u20134 4\u20136 Yli 6Herkkujen m\u00e4\u00e4r\u00e4 p\u00e4iv\u00e4ss\u00e4 5 8 10 15","og_url":"https:\/\/miumjau.ee\/fi\/tuote\/carnilove-crunchy-snack-lampaalla-ja-karhunvatukalla-50-g\/","og_site_name":"MiuMjau","article_publisher":"https:\/\/www.facebook.com\/miumjaupood\/","og_image":[{"width":600,"height":800,"url":"https:\/\/miumjau.ee\/wp-content\/uploads\/2026\/04\/CARNILOVE-Cat-CRUNCHY-Snack-Lamb-enriched-with-Blackberries_50G-1.jpg","type":"image\/jpeg"}],"twitter_card":"summary_large_image","schema":{"@context":"https:\/\/schema.org","@graph":[{"@type":"WebPage","@id":"https:\/\/miumjau.ee\/fi\/tuote\/carnilove-crunchy-snack-lampaalla-ja-karhunvatukalla-50-g\/","url":"https:\/\/miumjau.ee\/fi\/tuote\/carnilove-crunchy-snack-lampaalla-ja-karhunvatukalla-50-g\/","name":"Carnilove Crunchy Snack lampaalla ja karhunvatukalla, 50 g - MiuMjau","isPartOf":{"@id":"https:\/\/miumjau.ee\/#website"},"primaryImageOfPage":{"@id":"https:\/\/miumjau.ee\/fi\/tuote\/carnilove-crunchy-snack-lampaalla-ja-karhunvatukalla-50-g\/#primaryimage"},"image":{"@id":"https:\/\/miumjau.ee\/fi\/tuote\/carnilove-crunchy-snack-lampaalla-ja-karhunvatukalla-50-g\/#primaryimage"},"thumbnailUrl":"https:\/\/miumjau.ee\/wp-content\/uploads\/2026\/04\/CARNILOVE-Cat-CRUNCHY-Snack-Lamb-enriched-with-Blackberries_50G-1.jpg","datePublished":"2026-04-12T10:55:19+00:00","breadcrumb":{"@id":"https:\/\/miumjau.ee\/fi\/tuote\/carnilove-crunchy-snack-lampaalla-ja-karhunvatukalla-50-g\/#breadcrumb"},"inLanguage":"fi","potentialAction":[{"@type":"ReadAction","target":["https:\/\/miumjau.ee\/fi\/tuote\/carnilove-crunchy-snack-lampaalla-ja-karhunvatukalla-50-g\/"]}]},{"@type":"ImageObject","inLanguage":"fi","@id":"https:\/\/miumjau.ee\/fi\/tuote\/carnilove-crunchy-snack-lampaalla-ja-karhunvatukalla-50-g\/#primaryimage","url":"https:\/\/miumjau.ee\/wp-content\/uploads\/2026\/04\/CARNILOVE-Cat-CRUNCHY-Snack-Lamb-enriched-with-Blackberries_50G-1.jpg","contentUrl":"https:\/\/miumjau.ee\/wp-content\/uploads\/2026\/04\/CARNILOVE-Cat-CRUNCHY-Snack-Lamb-enriched-with-Blackberries_50G-1.jpg","width":600,"height":800,"caption":"Carnilove Crunchy Snack lamba ja p\u00f5ldmarjaga, 50g"},{"@type":"BreadcrumbList","@id":"https:\/\/miumjau.ee\/fi\/tuote\/carnilove-crunchy-snack-lampaalla-ja-karhunvatukalla-50-g\/#breadcrumb","itemListElement":[{"@type":"ListItem","position":1,"name":"Home","item":"https:\/\/miumjau.ee\/fi\/"},{"@type":"ListItem","position":2,"name":"Kauppa","item":"https:\/\/miumjau.ee\/fi\/kauppa\/"},{"@type":"ListItem","position":3,"name":"Carnilove Crunchy Snack lampaalla ja karhunvatukalla, 50 g"}]},{"@type":"WebSite","@id":"https:\/\/miumjau.ee\/#website","url":"https:\/\/miumjau.ee\/","name":"MiuMjau","description":"Kraapimispuud kassidele","publisher":{"@id":"https:\/\/miumjau.ee\/#organization"},"potentialAction":[{"@type":"SearchAction","target":{"@type":"EntryPoint","urlTemplate":"https:\/\/miumjau.ee\/?s={search_term_string}"},"query-input":{"@type":"PropertyValueSpecification","valueRequired":true,"valueName":"search_term_string"}}],"inLanguage":"fi"},{"@type":"Organization","@id":"https:\/\/miumjau.ee\/#organization","name":"MiuMjau O\u00dc","url":"https:\/\/miumjau.ee\/","logo":{"@type":"ImageObject","inLanguage":"fi","@id":"https:\/\/miumjau.ee\/#\/schema\/logo\/image\/","url":"https:\/\/miumjau.ee\/wp-content\/uploads\/2022\/04\/MiuMjau-logo-kollane.png","contentUrl":"https:\/\/miumjau.ee\/wp-content\/uploads\/2022\/04\/MiuMjau-logo-kollane.png","width":219,"height":100,"caption":"MiuMjau O\u00dc"},"image":{"@id":"https:\/\/miumjau.ee\/#\/schema\/logo\/image\/"},"sameAs":["https:\/\/www.facebook.com\/miumjaupood\/"]}]}},"_links":{"self":[{"href":"https:\/\/miumjau.ee\/fi\/wp-json\/wp\/v2\/product\/57708","targetHints":{"allow":["GET"]}}],"collection":[{"href":"https:\/\/miumjau.ee\/fi\/wp-json\/wp\/v2\/product"}],"about":[{"href":"https:\/\/miumjau.ee\/fi\/wp-json\/wp\/v2\/types\/product"}],"wp:featuredmedia":[{"embeddable":true,"href":"https:\/\/miumjau.ee\/fi\/wp-json\/wp\/v2\/media\/57557"}],"wp:attachment":[{"href":"https:\/\/miumjau.ee\/fi\/wp-json\/wp\/v2\/media?parent=57708"}],"wp:term":[{"taxonomy":"product_brand","embeddable":true,"href":"https:\/\/miumjau.ee\/fi\/wp-json\/wp\/v2\/product_brand?post=57708"},{"taxonomy":"product_cat","embeddable":true,"href":"https:\/\/miumjau.ee\/fi\/wp-json\/wp\/v2\/product_cat?post=57708"},{"taxonomy":"product_tag","embeddable":true,"href":"https:\/\/miumjau.ee\/fi\/wp-json\/wp\/v2\/product_tag?post=57708"}],"curies":[{"name":"wp","href":"https:\/\/api.w.org\/{rel}","templated":true}]}}