{"id":57693,"date":"2026-04-12T13:53:10","date_gmt":"2026-04-12T10:53:10","guid":{"rendered":"https:\/\/miumjau.ee\/toode\/carnilove-soft-snack-sardiinilla-ja-mansikalla-50-g\/"},"modified":"2026-04-12T13:53:10","modified_gmt":"2026-04-12T10:53:10","slug":"carnilove-soft-snack-sardiinilla-ja-mansikalla-50-g","status":"publish","type":"product","link":"https:\/\/miumjau.ee\/fi\/tuote\/carnilove-soft-snack-sardiinilla-ja-mansikalla-50-g\/","title":{"rendered":"Carnilove Soft Snack sardiinilla ja mansikalla, 50 g"},"content":{"rendered":"","protected":false},"excerpt":{"rendered":"<p data-start=\"1667\" data-end=\"1775\">Carniloven eritt\u00e4in maukkaalla herkulla voit voittaa kissasi syd\u00e4men. V\u00e4lill\u00e4 pieni herkuttelu on sallittua.<\/p>\n<p data-start=\"1777\" data-end=\"2130\">\u00b7 Pehme\u00e4t palat sardiinilla \u2013 korkealaatuinen proteiininl\u00e4hde, joka tarjoaa runsaan kalan maun.<br data-start=\"1872\" data-end=\"1875\" \/>\u00b7 Rikastettu hydrolysoidulla kananmaksa \u2013 lis\u00e4\u00e4 makua ja parempi maittavuus.<br data-start=\"1951\" data-end=\"1954\" \/>\u00b7 Kollageeni antaa pehme\u00e4n rakenteen ja auttaa yll\u00e4pit\u00e4m\u00e4\u00e4n ihon ja turkin kuntoa.<br data-start=\"2036\" data-end=\"2039\" \/>\u00b7 Mansikat tarjoavat luonnollisia antioksidantteja, jotka tukevat elimist\u00f6n yleist\u00e4 suojaa.<\/p>\n<p data-start=\"2132\" data-end=\"2331\">Koostumus: Sardiinivalkuainen (26 %), keltaiset herneet, kasviglyseriini, hydrolysoitu kananmaksa, hydrolysoidut kanan proteiinit, hera, kollageeni, melassi, kaliumkloridi, kuivatut mansikat (0,5 %).<\/p>\n<p data-start=\"2333\" data-end=\"2536\">Analyyttiset ainesosat: Raakavalkuainen 26,0 %, raakarasva 4,0 %, raakatu tuhka 7,5 %, raakakuitu 1,5 %, kosteus 17,0 %, kalsium 1,0 %, fosfori 0,9 %, omega-3-rasvahapot 0,4 %, omega-6-rasvahapot 0,15 %.<\/p>\n<p data-start=\"2538\" data-end=\"2700\">Lis\u00e4aineet \/ 1 kg: Ravintolis\u00e4aineet: C-vitamiini (3a312) 35 mg. Teknologiset lis\u00e4aineet: sitruunahappo (1a330), DL-omenahappo (1a296) ja kaliumsorbaatti (1k202).<\/p>\n<p data-start=\"2702\" data-end=\"2752\">Metaboloituva energia: 3014 kcal\/kg (12609 kJ\/kg).<\/p>\n<p data-start=\"2754\" data-end=\"3098\">Ruokintaohjeet: Anna herkkuna tai palkkiona positiivisesta motivoinnista. Huomioi, ett\u00e4 t\u00e4m\u00e4 tuote ei korvaa t\u00e4ysravintoa. Tarjoa aina raikasta juomavett\u00e4. Suositeltu p\u00e4ivitt\u00e4inen m\u00e4\u00e4r\u00e4 on esitetty ruokintataulukossa. \u00c4l\u00e4 ylit\u00e4 m\u00e4\u00e4r\u00e4\u00e4. S\u00e4ilyt\u00e4 viile\u00e4ss\u00e4 ja kuivassa paikassa, suojattuna suoralta auringonvalolta. Sulje avattu pakkaus tiiviisti.<\/p>\n<p data-start=\"3100\" data-end=\"3193\">Ruokintataulukko<br data-start=\"3116\" data-end=\"3119\" \/>Kissan paino (kg) 1\u20132 3\u20134 4\u20136 Yli 6<br data-start=\"3154\" data-end=\"3157\" \/>Herkkujen m\u00e4\u00e4r\u00e4 p\u00e4iv\u00e4ss\u00e4 5 8 10 15<\/p>\n","protected":false},"featured_media":57569,"template":"","meta":[],"product_brand":[],"product_cat":[266],"product_tag":[],"class_list":{"0":"post-57693","1":"product","2":"type-product","3":"status-publish","4":"has-post-thumbnail","6":"product_cat-makeiset","8":"first","9":"instock","10":"taxable","11":"shipping-taxable","12":"purchasable","13":"product-type-simple"},"yoast_head":"<!-- This site is optimized with the Yoast SEO plugin v27.4 - https:\/\/yoast.com\/product\/yoast-seo-wordpress\/ -->\n<title>Carnilove Soft Snack sardiinilla ja mansikalla, 50 g - MiuMjau<\/title>\n<meta name=\"robots\" content=\"index, follow, max-snippet:-1, max-image-preview:large, max-video-preview:-1\" \/>\n<link rel=\"canonical\" href=\"https:\/\/miumjau.ee\/fi\/tuote\/carnilove-soft-snack-sardiinilla-ja-mansikalla-50-g\/\" \/>\n<meta property=\"og:locale\" content=\"fi_FI\" \/>\n<meta property=\"og:type\" content=\"article\" \/>\n<meta property=\"og:title\" content=\"Carnilove Soft Snack sardiinilla ja mansikalla, 50 g - MiuMjau\" \/>\n<meta property=\"og:description\" content=\"Carniloven eritt\u00e4in maukkaalla herkulla voit voittaa kissasi syd\u00e4men. V\u00e4lill\u00e4 pieni herkuttelu on sallittua. \u00b7 Pehme\u00e4t palat sardiinilla \u2013 korkealaatuinen proteiininl\u00e4hde, joka tarjoaa runsaan kalan maun.\u00b7 Rikastettu hydrolysoidulla kananmaksa \u2013 lis\u00e4\u00e4 makua ja parempi maittavuus.\u00b7 Kollageeni antaa pehme\u00e4n rakenteen ja auttaa yll\u00e4pit\u00e4m\u00e4\u00e4n ihon ja turkin kuntoa.\u00b7 Mansikat tarjoavat luonnollisia antioksidantteja, jotka tukevat elimist\u00f6n yleist\u00e4 suojaa. Koostumus: Sardiinivalkuainen (26 %), keltaiset herneet, kasviglyseriini, hydrolysoitu kananmaksa, hydrolysoidut kanan proteiinit, hera, kollageeni, melassi, kaliumkloridi, kuivatut mansikat (0,5 %). Analyyttiset ainesosat: Raakavalkuainen 26,0 %, raakarasva 4,0 %, raakatu tuhka 7,5 %, raakakuitu 1,5 %, kosteus 17,0 %, kalsium 1,0 %, fosfori 0,9 %, omega-3-rasvahapot 0,4 %, omega-6-rasvahapot 0,15 %. Lis\u00e4aineet \/ 1 kg: Ravintolis\u00e4aineet: C-vitamiini (3a312) 35 mg. Teknologiset lis\u00e4aineet: sitruunahappo (1a330), DL-omenahappo (1a296) ja kaliumsorbaatti (1k202). Metaboloituva energia: 3014 kcal\/kg (12609 kJ\/kg). Ruokintaohjeet: Anna herkkuna tai palkkiona positiivisesta motivoinnista. Huomioi, ett\u00e4 t\u00e4m\u00e4 tuote ei korvaa t\u00e4ysravintoa. Tarjoa aina raikasta juomavett\u00e4. Suositeltu p\u00e4ivitt\u00e4inen m\u00e4\u00e4r\u00e4 on esitetty ruokintataulukossa. \u00c4l\u00e4 ylit\u00e4 m\u00e4\u00e4r\u00e4\u00e4. S\u00e4ilyt\u00e4 viile\u00e4ss\u00e4 ja kuivassa paikassa, suojattuna suoralta auringonvalolta. Sulje avattu pakkaus tiiviisti. RuokintataulukkoKissan paino (kg) 1\u20132 3\u20134 4\u20136 Yli 6Herkkujen m\u00e4\u00e4r\u00e4 p\u00e4iv\u00e4ss\u00e4 5 8 10 15\" \/>\n<meta property=\"og:url\" content=\"https:\/\/miumjau.ee\/fi\/tuote\/carnilove-soft-snack-sardiinilla-ja-mansikalla-50-g\/\" \/>\n<meta property=\"og:site_name\" content=\"MiuMjau\" \/>\n<meta property=\"article:publisher\" content=\"https:\/\/www.facebook.com\/miumjaupood\/\" \/>\n<meta property=\"og:image\" content=\"https:\/\/miumjau.ee\/wp-content\/uploads\/2026\/04\/CARNILOVE-Cat-SOFT-Snack-Sardine-enriched-with-Strawberry_50G-1.jpg\" \/>\n\t<meta property=\"og:image:width\" content=\"600\" \/>\n\t<meta property=\"og:image:height\" content=\"800\" \/>\n\t<meta property=\"og:image:type\" content=\"image\/jpeg\" \/>\n<meta name=\"twitter:card\" content=\"summary_large_image\" \/>\n<script type=\"application\/ld+json\" class=\"yoast-schema-graph\">{\"@context\":\"https:\\\/\\\/schema.org\",\"@graph\":[{\"@type\":\"WebPage\",\"@id\":\"https:\\\/\\\/miumjau.ee\\\/fi\\\/tuote\\\/carnilove-soft-snack-sardiinilla-ja-mansikalla-50-g\\\/\",\"url\":\"https:\\\/\\\/miumjau.ee\\\/fi\\\/tuote\\\/carnilove-soft-snack-sardiinilla-ja-mansikalla-50-g\\\/\",\"name\":\"Carnilove Soft Snack sardiinilla ja mansikalla, 50 g - MiuMjau\",\"isPartOf\":{\"@id\":\"https:\\\/\\\/miumjau.ee\\\/#website\"},\"primaryImageOfPage\":{\"@id\":\"https:\\\/\\\/miumjau.ee\\\/fi\\\/tuote\\\/carnilove-soft-snack-sardiinilla-ja-mansikalla-50-g\\\/#primaryimage\"},\"image\":{\"@id\":\"https:\\\/\\\/miumjau.ee\\\/fi\\\/tuote\\\/carnilove-soft-snack-sardiinilla-ja-mansikalla-50-g\\\/#primaryimage\"},\"thumbnailUrl\":\"https:\\\/\\\/miumjau.ee\\\/wp-content\\\/uploads\\\/2026\\\/04\\\/CARNILOVE-Cat-SOFT-Snack-Sardine-enriched-with-Strawberry_50G-1.jpg\",\"datePublished\":\"2026-04-12T10:53:10+00:00\",\"breadcrumb\":{\"@id\":\"https:\\\/\\\/miumjau.ee\\\/fi\\\/tuote\\\/carnilove-soft-snack-sardiinilla-ja-mansikalla-50-g\\\/#breadcrumb\"},\"inLanguage\":\"fi\",\"potentialAction\":[{\"@type\":\"ReadAction\",\"target\":[\"https:\\\/\\\/miumjau.ee\\\/fi\\\/tuote\\\/carnilove-soft-snack-sardiinilla-ja-mansikalla-50-g\\\/\"]}]},{\"@type\":\"ImageObject\",\"inLanguage\":\"fi\",\"@id\":\"https:\\\/\\\/miumjau.ee\\\/fi\\\/tuote\\\/carnilove-soft-snack-sardiinilla-ja-mansikalla-50-g\\\/#primaryimage\",\"url\":\"https:\\\/\\\/miumjau.ee\\\/wp-content\\\/uploads\\\/2026\\\/04\\\/CARNILOVE-Cat-SOFT-Snack-Sardine-enriched-with-Strawberry_50G-1.jpg\",\"contentUrl\":\"https:\\\/\\\/miumjau.ee\\\/wp-content\\\/uploads\\\/2026\\\/04\\\/CARNILOVE-Cat-SOFT-Snack-Sardine-enriched-with-Strawberry_50G-1.jpg\",\"width\":600,\"height\":800,\"caption\":\"Carnilove Soft Snack sardiin maasikatega, 50g\"},{\"@type\":\"BreadcrumbList\",\"@id\":\"https:\\\/\\\/miumjau.ee\\\/fi\\\/tuote\\\/carnilove-soft-snack-sardiinilla-ja-mansikalla-50-g\\\/#breadcrumb\",\"itemListElement\":[{\"@type\":\"ListItem\",\"position\":1,\"name\":\"Home\",\"item\":\"https:\\\/\\\/miumjau.ee\\\/fi\\\/\"},{\"@type\":\"ListItem\",\"position\":2,\"name\":\"Kauppa\",\"item\":\"https:\\\/\\\/miumjau.ee\\\/fi\\\/kauppa\\\/\"},{\"@type\":\"ListItem\",\"position\":3,\"name\":\"Carnilove Soft Snack sardiinilla ja mansikalla, 50 g\"}]},{\"@type\":\"WebSite\",\"@id\":\"https:\\\/\\\/miumjau.ee\\\/#website\",\"url\":\"https:\\\/\\\/miumjau.ee\\\/\",\"name\":\"MiuMjau\",\"description\":\"Kraapimispuud kassidele\",\"publisher\":{\"@id\":\"https:\\\/\\\/miumjau.ee\\\/#organization\"},\"potentialAction\":[{\"@type\":\"SearchAction\",\"target\":{\"@type\":\"EntryPoint\",\"urlTemplate\":\"https:\\\/\\\/miumjau.ee\\\/?s={search_term_string}\"},\"query-input\":{\"@type\":\"PropertyValueSpecification\",\"valueRequired\":true,\"valueName\":\"search_term_string\"}}],\"inLanguage\":\"fi\"},{\"@type\":\"Organization\",\"@id\":\"https:\\\/\\\/miumjau.ee\\\/#organization\",\"name\":\"MiuMjau O\u00dc\",\"url\":\"https:\\\/\\\/miumjau.ee\\\/\",\"logo\":{\"@type\":\"ImageObject\",\"inLanguage\":\"fi\",\"@id\":\"https:\\\/\\\/miumjau.ee\\\/#\\\/schema\\\/logo\\\/image\\\/\",\"url\":\"https:\\\/\\\/miumjau.ee\\\/wp-content\\\/uploads\\\/2022\\\/04\\\/MiuMjau-logo-kollane.png\",\"contentUrl\":\"https:\\\/\\\/miumjau.ee\\\/wp-content\\\/uploads\\\/2022\\\/04\\\/MiuMjau-logo-kollane.png\",\"width\":219,\"height\":100,\"caption\":\"MiuMjau O\u00dc\"},\"image\":{\"@id\":\"https:\\\/\\\/miumjau.ee\\\/#\\\/schema\\\/logo\\\/image\\\/\"},\"sameAs\":[\"https:\\\/\\\/www.facebook.com\\\/miumjaupood\\\/\"]}]}<\/script>\n<!-- \/ Yoast SEO plugin. -->","yoast_head_json":{"title":"Carnilove Soft Snack sardiinilla ja mansikalla, 50 g - MiuMjau","robots":{"index":"index","follow":"follow","max-snippet":"max-snippet:-1","max-image-preview":"max-image-preview:large","max-video-preview":"max-video-preview:-1"},"canonical":"https:\/\/miumjau.ee\/fi\/tuote\/carnilove-soft-snack-sardiinilla-ja-mansikalla-50-g\/","og_locale":"fi_FI","og_type":"article","og_title":"Carnilove Soft Snack sardiinilla ja mansikalla, 50 g - MiuMjau","og_description":"Carniloven eritt\u00e4in maukkaalla herkulla voit voittaa kissasi syd\u00e4men. V\u00e4lill\u00e4 pieni herkuttelu on sallittua. \u00b7 Pehme\u00e4t palat sardiinilla \u2013 korkealaatuinen proteiininl\u00e4hde, joka tarjoaa runsaan kalan maun.\u00b7 Rikastettu hydrolysoidulla kananmaksa \u2013 lis\u00e4\u00e4 makua ja parempi maittavuus.\u00b7 Kollageeni antaa pehme\u00e4n rakenteen ja auttaa yll\u00e4pit\u00e4m\u00e4\u00e4n ihon ja turkin kuntoa.\u00b7 Mansikat tarjoavat luonnollisia antioksidantteja, jotka tukevat elimist\u00f6n yleist\u00e4 suojaa. Koostumus: Sardiinivalkuainen (26 %), keltaiset herneet, kasviglyseriini, hydrolysoitu kananmaksa, hydrolysoidut kanan proteiinit, hera, kollageeni, melassi, kaliumkloridi, kuivatut mansikat (0,5 %). Analyyttiset ainesosat: Raakavalkuainen 26,0 %, raakarasva 4,0 %, raakatu tuhka 7,5 %, raakakuitu 1,5 %, kosteus 17,0 %, kalsium 1,0 %, fosfori 0,9 %, omega-3-rasvahapot 0,4 %, omega-6-rasvahapot 0,15 %. Lis\u00e4aineet \/ 1 kg: Ravintolis\u00e4aineet: C-vitamiini (3a312) 35 mg. Teknologiset lis\u00e4aineet: sitruunahappo (1a330), DL-omenahappo (1a296) ja kaliumsorbaatti (1k202). Metaboloituva energia: 3014 kcal\/kg (12609 kJ\/kg). Ruokintaohjeet: Anna herkkuna tai palkkiona positiivisesta motivoinnista. Huomioi, ett\u00e4 t\u00e4m\u00e4 tuote ei korvaa t\u00e4ysravintoa. Tarjoa aina raikasta juomavett\u00e4. Suositeltu p\u00e4ivitt\u00e4inen m\u00e4\u00e4r\u00e4 on esitetty ruokintataulukossa. \u00c4l\u00e4 ylit\u00e4 m\u00e4\u00e4r\u00e4\u00e4. S\u00e4ilyt\u00e4 viile\u00e4ss\u00e4 ja kuivassa paikassa, suojattuna suoralta auringonvalolta. Sulje avattu pakkaus tiiviisti. RuokintataulukkoKissan paino (kg) 1\u20132 3\u20134 4\u20136 Yli 6Herkkujen m\u00e4\u00e4r\u00e4 p\u00e4iv\u00e4ss\u00e4 5 8 10 15","og_url":"https:\/\/miumjau.ee\/fi\/tuote\/carnilove-soft-snack-sardiinilla-ja-mansikalla-50-g\/","og_site_name":"MiuMjau","article_publisher":"https:\/\/www.facebook.com\/miumjaupood\/","og_image":[{"width":600,"height":800,"url":"https:\/\/miumjau.ee\/wp-content\/uploads\/2026\/04\/CARNILOVE-Cat-SOFT-Snack-Sardine-enriched-with-Strawberry_50G-1.jpg","type":"image\/jpeg"}],"twitter_card":"summary_large_image","schema":{"@context":"https:\/\/schema.org","@graph":[{"@type":"WebPage","@id":"https:\/\/miumjau.ee\/fi\/tuote\/carnilove-soft-snack-sardiinilla-ja-mansikalla-50-g\/","url":"https:\/\/miumjau.ee\/fi\/tuote\/carnilove-soft-snack-sardiinilla-ja-mansikalla-50-g\/","name":"Carnilove Soft Snack sardiinilla ja mansikalla, 50 g - MiuMjau","isPartOf":{"@id":"https:\/\/miumjau.ee\/#website"},"primaryImageOfPage":{"@id":"https:\/\/miumjau.ee\/fi\/tuote\/carnilove-soft-snack-sardiinilla-ja-mansikalla-50-g\/#primaryimage"},"image":{"@id":"https:\/\/miumjau.ee\/fi\/tuote\/carnilove-soft-snack-sardiinilla-ja-mansikalla-50-g\/#primaryimage"},"thumbnailUrl":"https:\/\/miumjau.ee\/wp-content\/uploads\/2026\/04\/CARNILOVE-Cat-SOFT-Snack-Sardine-enriched-with-Strawberry_50G-1.jpg","datePublished":"2026-04-12T10:53:10+00:00","breadcrumb":{"@id":"https:\/\/miumjau.ee\/fi\/tuote\/carnilove-soft-snack-sardiinilla-ja-mansikalla-50-g\/#breadcrumb"},"inLanguage":"fi","potentialAction":[{"@type":"ReadAction","target":["https:\/\/miumjau.ee\/fi\/tuote\/carnilove-soft-snack-sardiinilla-ja-mansikalla-50-g\/"]}]},{"@type":"ImageObject","inLanguage":"fi","@id":"https:\/\/miumjau.ee\/fi\/tuote\/carnilove-soft-snack-sardiinilla-ja-mansikalla-50-g\/#primaryimage","url":"https:\/\/miumjau.ee\/wp-content\/uploads\/2026\/04\/CARNILOVE-Cat-SOFT-Snack-Sardine-enriched-with-Strawberry_50G-1.jpg","contentUrl":"https:\/\/miumjau.ee\/wp-content\/uploads\/2026\/04\/CARNILOVE-Cat-SOFT-Snack-Sardine-enriched-with-Strawberry_50G-1.jpg","width":600,"height":800,"caption":"Carnilove Soft Snack sardiin maasikatega, 50g"},{"@type":"BreadcrumbList","@id":"https:\/\/miumjau.ee\/fi\/tuote\/carnilove-soft-snack-sardiinilla-ja-mansikalla-50-g\/#breadcrumb","itemListElement":[{"@type":"ListItem","position":1,"name":"Home","item":"https:\/\/miumjau.ee\/fi\/"},{"@type":"ListItem","position":2,"name":"Kauppa","item":"https:\/\/miumjau.ee\/fi\/kauppa\/"},{"@type":"ListItem","position":3,"name":"Carnilove Soft Snack sardiinilla ja mansikalla, 50 g"}]},{"@type":"WebSite","@id":"https:\/\/miumjau.ee\/#website","url":"https:\/\/miumjau.ee\/","name":"MiuMjau","description":"Kraapimispuud kassidele","publisher":{"@id":"https:\/\/miumjau.ee\/#organization"},"potentialAction":[{"@type":"SearchAction","target":{"@type":"EntryPoint","urlTemplate":"https:\/\/miumjau.ee\/?s={search_term_string}"},"query-input":{"@type":"PropertyValueSpecification","valueRequired":true,"valueName":"search_term_string"}}],"inLanguage":"fi"},{"@type":"Organization","@id":"https:\/\/miumjau.ee\/#organization","name":"MiuMjau O\u00dc","url":"https:\/\/miumjau.ee\/","logo":{"@type":"ImageObject","inLanguage":"fi","@id":"https:\/\/miumjau.ee\/#\/schema\/logo\/image\/","url":"https:\/\/miumjau.ee\/wp-content\/uploads\/2022\/04\/MiuMjau-logo-kollane.png","contentUrl":"https:\/\/miumjau.ee\/wp-content\/uploads\/2022\/04\/MiuMjau-logo-kollane.png","width":219,"height":100,"caption":"MiuMjau O\u00dc"},"image":{"@id":"https:\/\/miumjau.ee\/#\/schema\/logo\/image\/"},"sameAs":["https:\/\/www.facebook.com\/miumjaupood\/"]}]}},"_links":{"self":[{"href":"https:\/\/miumjau.ee\/fi\/wp-json\/wp\/v2\/product\/57693","targetHints":{"allow":["GET"]}}],"collection":[{"href":"https:\/\/miumjau.ee\/fi\/wp-json\/wp\/v2\/product"}],"about":[{"href":"https:\/\/miumjau.ee\/fi\/wp-json\/wp\/v2\/types\/product"}],"wp:featuredmedia":[{"embeddable":true,"href":"https:\/\/miumjau.ee\/fi\/wp-json\/wp\/v2\/media\/57569"}],"wp:attachment":[{"href":"https:\/\/miumjau.ee\/fi\/wp-json\/wp\/v2\/media?parent=57693"}],"wp:term":[{"taxonomy":"product_brand","embeddable":true,"href":"https:\/\/miumjau.ee\/fi\/wp-json\/wp\/v2\/product_brand?post=57693"},{"taxonomy":"product_cat","embeddable":true,"href":"https:\/\/miumjau.ee\/fi\/wp-json\/wp\/v2\/product_cat?post=57693"},{"taxonomy":"product_tag","embeddable":true,"href":"https:\/\/miumjau.ee\/fi\/wp-json\/wp\/v2\/product_tag?post=57693"}],"curies":[{"name":"wp","href":"https:\/\/api.w.org\/{rel}","templated":true}]}}