{"id":57676,"date":"2026-04-12T14:35:43","date_gmt":"2026-04-12T11:35:43","guid":{"rendered":"https:\/\/miumjau.ee\/toode\/carnilove-crunchy-snack-villisialla-ja-ruusunmarjalla-200-g\/"},"modified":"2026-04-12T14:35:43","modified_gmt":"2026-04-12T11:35:43","slug":"carnilove-crunchy-snack-villisialla-ja-ruusunmarjalla-200-g","status":"publish","type":"product","link":"https:\/\/miumjau.ee\/fi\/tuote\/carnilove-crunchy-snack-villisialla-ja-ruusunmarjalla-200-g\/","title":{"rendered":"Carnilove Crunchy Snack villisialla ja ruusunmarjalla, 200 g"},"content":{"rendered":"","protected":false},"excerpt":{"rendered":"<p data-start=\"1489\" data-end=\"1756\">Onko koirasi aktiivinen? Villisianliha on v\u00e4h\u00e4rasvainen mutta ravitseva proteiininl\u00e4hde, joka tukee lihaskuntoa. Ruusunmarjan C-vitamiini tarjoaa luonnollisia antioksidantteja, jotka tukevat immuunij\u00e4rjestelm\u00e4\u00e4. Lis\u00e4ksi t\u00e4m\u00e4 herkku on viljaton. Laatua parhaimmillaan!<\/p>\n<p data-start=\"1758\" data-end=\"2072\">Koostumus: Villisika 50 % (villisikaproteiini 35 %, hydrolysoitu villisikaproteiini 15 %), kurpitsa (15 %), keltaiset herneet (8 %), kuivattu omenamassa (5 %), porkkanat (5 %), kikherneet (4 %), kuivatut ruusunmarjat (4 %), kananrasva (4 %), pellavansiemen (2 %), kuivattu pinaatti (2 %), pellavansiemen\u00f6ljy (1 %).<\/p>\n<p data-start=\"2074\" data-end=\"2277\">Analyyttiset ainesosat: Raakavalkuainen 32,0 %, raakarasva 12,0 %, raakatu tuhka 7,0 %, raakakuitu 1,5 %, kosteus 10,0 %, kalsium 1,1 %, fosfori 0,7 %, omega-3-rasvahapot 0,3 %, omega-6-rasvahapot 1,9 %.<\/p>\n<p data-start=\"2279\" data-end=\"2390\">Lis\u00e4aineet: Teknologiset lis\u00e4aineet: tokoferoliuutteet kasvi\u00f6ljyist\u00e4 (1b306(i)), askorbyylipalmitaatti (1b304).<\/p>\n<p data-start=\"2392\" data-end=\"2429\">Metaboloituva energia: 3 710 kcal\/kg.<\/p>\n<p data-start=\"2431\" data-end=\"2775\">Ruokintaohjeet: Anna herkkuna tai palkkiona positiivisesta motivoinnista. Huomioi, ett\u00e4 t\u00e4m\u00e4 tuote ei korvaa t\u00e4ysravintoa. Tarjoa aina raikasta juomavett\u00e4. Suositeltu p\u00e4ivitt\u00e4inen m\u00e4\u00e4r\u00e4 on esitetty ruokintataulukossa. \u00c4l\u00e4 ylit\u00e4 m\u00e4\u00e4r\u00e4\u00e4. S\u00e4ilyt\u00e4 viile\u00e4ss\u00e4 ja kuivassa paikassa, suojattuna suoralta auringonvalolta. Sulje avattu pakkaus tiiviisti.<\/p>\n<p data-start=\"2777\" data-end=\"2897\">Ruokintataulukko<br data-start=\"2793\" data-end=\"2796\" \/>Koiran paino (kg) 5 10 15 20 25 30 40 50 60 70 80 90<br data-start=\"2848\" data-end=\"2851\" \/>Herkkujen m\u00e4\u00e4r\u00e4 p\u00e4iv\u00e4ss\u00e4 5 10 12 15 20 22 25<\/p>\n","protected":false},"featured_media":57587,"template":"","meta":[],"product_brand":[],"product_cat":[480],"product_tag":[],"class_list":{"0":"post-57676","1":"product","2":"type-product","3":"status-publish","4":"has-post-thumbnail","6":"product_cat-herkut-koirille","8":"first","9":"instock","10":"taxable","11":"shipping-taxable","12":"purchasable","13":"product-type-simple"},"yoast_head":"<!-- This site is optimized with the Yoast SEO plugin v27.4 - https:\/\/yoast.com\/product\/yoast-seo-wordpress\/ -->\n<title>Carnilove Crunchy Snack villisialla ja ruusunmarjalla, 200 g - MiuMjau<\/title>\n<meta name=\"robots\" content=\"index, follow, max-snippet:-1, max-image-preview:large, max-video-preview:-1\" \/>\n<link rel=\"canonical\" href=\"https:\/\/miumjau.ee\/fi\/tuote\/carnilove-crunchy-snack-villisialla-ja-ruusunmarjalla-200-g\/\" \/>\n<meta property=\"og:locale\" content=\"fi_FI\" \/>\n<meta property=\"og:type\" content=\"article\" \/>\n<meta property=\"og:title\" content=\"Carnilove Crunchy Snack villisialla ja ruusunmarjalla, 200 g - MiuMjau\" \/>\n<meta property=\"og:description\" content=\"Onko koirasi aktiivinen? Villisianliha on v\u00e4h\u00e4rasvainen mutta ravitseva proteiininl\u00e4hde, joka tukee lihaskuntoa. Ruusunmarjan C-vitamiini tarjoaa luonnollisia antioksidantteja, jotka tukevat immuunij\u00e4rjestelm\u00e4\u00e4. Lis\u00e4ksi t\u00e4m\u00e4 herkku on viljaton. Laatua parhaimmillaan! Koostumus: Villisika 50 % (villisikaproteiini 35 %, hydrolysoitu villisikaproteiini 15 %), kurpitsa (15 %), keltaiset herneet (8 %), kuivattu omenamassa (5 %), porkkanat (5 %), kikherneet (4 %), kuivatut ruusunmarjat (4 %), kananrasva (4 %), pellavansiemen (2 %), kuivattu pinaatti (2 %), pellavansiemen\u00f6ljy (1 %). Analyyttiset ainesosat: Raakavalkuainen 32,0 %, raakarasva 12,0 %, raakatu tuhka 7,0 %, raakakuitu 1,5 %, kosteus 10,0 %, kalsium 1,1 %, fosfori 0,7 %, omega-3-rasvahapot 0,3 %, omega-6-rasvahapot 1,9 %. Lis\u00e4aineet: Teknologiset lis\u00e4aineet: tokoferoliuutteet kasvi\u00f6ljyist\u00e4 (1b306(i)), askorbyylipalmitaatti (1b304). Metaboloituva energia: 3 710 kcal\/kg. Ruokintaohjeet: Anna herkkuna tai palkkiona positiivisesta motivoinnista. Huomioi, ett\u00e4 t\u00e4m\u00e4 tuote ei korvaa t\u00e4ysravintoa. Tarjoa aina raikasta juomavett\u00e4. Suositeltu p\u00e4ivitt\u00e4inen m\u00e4\u00e4r\u00e4 on esitetty ruokintataulukossa. \u00c4l\u00e4 ylit\u00e4 m\u00e4\u00e4r\u00e4\u00e4. S\u00e4ilyt\u00e4 viile\u00e4ss\u00e4 ja kuivassa paikassa, suojattuna suoralta auringonvalolta. Sulje avattu pakkaus tiiviisti. RuokintataulukkoKoiran paino (kg) 5 10 15 20 25 30 40 50 60 70 80 90Herkkujen m\u00e4\u00e4r\u00e4 p\u00e4iv\u00e4ss\u00e4 5 10 12 15 20 22 25\" \/>\n<meta property=\"og:url\" content=\"https:\/\/miumjau.ee\/fi\/tuote\/carnilove-crunchy-snack-villisialla-ja-ruusunmarjalla-200-g\/\" \/>\n<meta property=\"og:site_name\" content=\"MiuMjau\" \/>\n<meta property=\"article:publisher\" content=\"https:\/\/www.facebook.com\/miumjaupood\/\" \/>\n<meta property=\"og:image\" content=\"https:\/\/miumjau.ee\/wp-content\/uploads\/2026\/04\/CARNILOVE-Dog-CRUNCHY-Snack-Wild-Boar-with-Rosehips_200G-1.jpg\" \/>\n\t<meta property=\"og:image:width\" content=\"600\" \/>\n\t<meta property=\"og:image:height\" content=\"800\" \/>\n\t<meta property=\"og:image:type\" content=\"image\/jpeg\" \/>\n<meta name=\"twitter:card\" content=\"summary_large_image\" \/>\n<script type=\"application\/ld+json\" class=\"yoast-schema-graph\">{\"@context\":\"https:\\\/\\\/schema.org\",\"@graph\":[{\"@type\":\"WebPage\",\"@id\":\"https:\\\/\\\/miumjau.ee\\\/fi\\\/tuote\\\/carnilove-crunchy-snack-villisialla-ja-ruusunmarjalla-200-g\\\/\",\"url\":\"https:\\\/\\\/miumjau.ee\\\/fi\\\/tuote\\\/carnilove-crunchy-snack-villisialla-ja-ruusunmarjalla-200-g\\\/\",\"name\":\"Carnilove Crunchy Snack villisialla ja ruusunmarjalla, 200 g - MiuMjau\",\"isPartOf\":{\"@id\":\"https:\\\/\\\/miumjau.ee\\\/#website\"},\"primaryImageOfPage\":{\"@id\":\"https:\\\/\\\/miumjau.ee\\\/fi\\\/tuote\\\/carnilove-crunchy-snack-villisialla-ja-ruusunmarjalla-200-g\\\/#primaryimage\"},\"image\":{\"@id\":\"https:\\\/\\\/miumjau.ee\\\/fi\\\/tuote\\\/carnilove-crunchy-snack-villisialla-ja-ruusunmarjalla-200-g\\\/#primaryimage\"},\"thumbnailUrl\":\"https:\\\/\\\/miumjau.ee\\\/wp-content\\\/uploads\\\/2026\\\/04\\\/CARNILOVE-Dog-CRUNCHY-Snack-Wild-Boar-with-Rosehips_200G-1.jpg\",\"datePublished\":\"2026-04-12T11:35:43+00:00\",\"breadcrumb\":{\"@id\":\"https:\\\/\\\/miumjau.ee\\\/fi\\\/tuote\\\/carnilove-crunchy-snack-villisialla-ja-ruusunmarjalla-200-g\\\/#breadcrumb\"},\"inLanguage\":\"fi\",\"potentialAction\":[{\"@type\":\"ReadAction\",\"target\":[\"https:\\\/\\\/miumjau.ee\\\/fi\\\/tuote\\\/carnilove-crunchy-snack-villisialla-ja-ruusunmarjalla-200-g\\\/\"]}]},{\"@type\":\"ImageObject\",\"inLanguage\":\"fi\",\"@id\":\"https:\\\/\\\/miumjau.ee\\\/fi\\\/tuote\\\/carnilove-crunchy-snack-villisialla-ja-ruusunmarjalla-200-g\\\/#primaryimage\",\"url\":\"https:\\\/\\\/miumjau.ee\\\/wp-content\\\/uploads\\\/2026\\\/04\\\/CARNILOVE-Dog-CRUNCHY-Snack-Wild-Boar-with-Rosehips_200G-1.jpg\",\"contentUrl\":\"https:\\\/\\\/miumjau.ee\\\/wp-content\\\/uploads\\\/2026\\\/04\\\/CARNILOVE-Dog-CRUNCHY-Snack-Wild-Boar-with-Rosehips_200G-1.jpg\",\"width\":600,\"height\":800,\"caption\":\"Carnilove Crunchy Snack metssea ja kibuvitsaga, 200g\"},{\"@type\":\"BreadcrumbList\",\"@id\":\"https:\\\/\\\/miumjau.ee\\\/fi\\\/tuote\\\/carnilove-crunchy-snack-villisialla-ja-ruusunmarjalla-200-g\\\/#breadcrumb\",\"itemListElement\":[{\"@type\":\"ListItem\",\"position\":1,\"name\":\"Home\",\"item\":\"https:\\\/\\\/miumjau.ee\\\/fi\\\/\"},{\"@type\":\"ListItem\",\"position\":2,\"name\":\"Kauppa\",\"item\":\"https:\\\/\\\/miumjau.ee\\\/fi\\\/kauppa\\\/\"},{\"@type\":\"ListItem\",\"position\":3,\"name\":\"Carnilove Crunchy Snack villisialla ja ruusunmarjalla, 200 g\"}]},{\"@type\":\"WebSite\",\"@id\":\"https:\\\/\\\/miumjau.ee\\\/#website\",\"url\":\"https:\\\/\\\/miumjau.ee\\\/\",\"name\":\"MiuMjau\",\"description\":\"Kraapimispuud kassidele\",\"publisher\":{\"@id\":\"https:\\\/\\\/miumjau.ee\\\/#organization\"},\"potentialAction\":[{\"@type\":\"SearchAction\",\"target\":{\"@type\":\"EntryPoint\",\"urlTemplate\":\"https:\\\/\\\/miumjau.ee\\\/?s={search_term_string}\"},\"query-input\":{\"@type\":\"PropertyValueSpecification\",\"valueRequired\":true,\"valueName\":\"search_term_string\"}}],\"inLanguage\":\"fi\"},{\"@type\":\"Organization\",\"@id\":\"https:\\\/\\\/miumjau.ee\\\/#organization\",\"name\":\"MiuMjau O\u00dc\",\"url\":\"https:\\\/\\\/miumjau.ee\\\/\",\"logo\":{\"@type\":\"ImageObject\",\"inLanguage\":\"fi\",\"@id\":\"https:\\\/\\\/miumjau.ee\\\/#\\\/schema\\\/logo\\\/image\\\/\",\"url\":\"https:\\\/\\\/miumjau.ee\\\/wp-content\\\/uploads\\\/2022\\\/04\\\/MiuMjau-logo-kollane.png\",\"contentUrl\":\"https:\\\/\\\/miumjau.ee\\\/wp-content\\\/uploads\\\/2022\\\/04\\\/MiuMjau-logo-kollane.png\",\"width\":219,\"height\":100,\"caption\":\"MiuMjau O\u00dc\"},\"image\":{\"@id\":\"https:\\\/\\\/miumjau.ee\\\/#\\\/schema\\\/logo\\\/image\\\/\"},\"sameAs\":[\"https:\\\/\\\/www.facebook.com\\\/miumjaupood\\\/\"]}]}<\/script>\n<!-- \/ Yoast SEO plugin. -->","yoast_head_json":{"title":"Carnilove Crunchy Snack villisialla ja ruusunmarjalla, 200 g - MiuMjau","robots":{"index":"index","follow":"follow","max-snippet":"max-snippet:-1","max-image-preview":"max-image-preview:large","max-video-preview":"max-video-preview:-1"},"canonical":"https:\/\/miumjau.ee\/fi\/tuote\/carnilove-crunchy-snack-villisialla-ja-ruusunmarjalla-200-g\/","og_locale":"fi_FI","og_type":"article","og_title":"Carnilove Crunchy Snack villisialla ja ruusunmarjalla, 200 g - MiuMjau","og_description":"Onko koirasi aktiivinen? Villisianliha on v\u00e4h\u00e4rasvainen mutta ravitseva proteiininl\u00e4hde, joka tukee lihaskuntoa. Ruusunmarjan C-vitamiini tarjoaa luonnollisia antioksidantteja, jotka tukevat immuunij\u00e4rjestelm\u00e4\u00e4. Lis\u00e4ksi t\u00e4m\u00e4 herkku on viljaton. Laatua parhaimmillaan! Koostumus: Villisika 50 % (villisikaproteiini 35 %, hydrolysoitu villisikaproteiini 15 %), kurpitsa (15 %), keltaiset herneet (8 %), kuivattu omenamassa (5 %), porkkanat (5 %), kikherneet (4 %), kuivatut ruusunmarjat (4 %), kananrasva (4 %), pellavansiemen (2 %), kuivattu pinaatti (2 %), pellavansiemen\u00f6ljy (1 %). Analyyttiset ainesosat: Raakavalkuainen 32,0 %, raakarasva 12,0 %, raakatu tuhka 7,0 %, raakakuitu 1,5 %, kosteus 10,0 %, kalsium 1,1 %, fosfori 0,7 %, omega-3-rasvahapot 0,3 %, omega-6-rasvahapot 1,9 %. Lis\u00e4aineet: Teknologiset lis\u00e4aineet: tokoferoliuutteet kasvi\u00f6ljyist\u00e4 (1b306(i)), askorbyylipalmitaatti (1b304). Metaboloituva energia: 3 710 kcal\/kg. Ruokintaohjeet: Anna herkkuna tai palkkiona positiivisesta motivoinnista. Huomioi, ett\u00e4 t\u00e4m\u00e4 tuote ei korvaa t\u00e4ysravintoa. Tarjoa aina raikasta juomavett\u00e4. Suositeltu p\u00e4ivitt\u00e4inen m\u00e4\u00e4r\u00e4 on esitetty ruokintataulukossa. \u00c4l\u00e4 ylit\u00e4 m\u00e4\u00e4r\u00e4\u00e4. S\u00e4ilyt\u00e4 viile\u00e4ss\u00e4 ja kuivassa paikassa, suojattuna suoralta auringonvalolta. Sulje avattu pakkaus tiiviisti. RuokintataulukkoKoiran paino (kg) 5 10 15 20 25 30 40 50 60 70 80 90Herkkujen m\u00e4\u00e4r\u00e4 p\u00e4iv\u00e4ss\u00e4 5 10 12 15 20 22 25","og_url":"https:\/\/miumjau.ee\/fi\/tuote\/carnilove-crunchy-snack-villisialla-ja-ruusunmarjalla-200-g\/","og_site_name":"MiuMjau","article_publisher":"https:\/\/www.facebook.com\/miumjaupood\/","og_image":[{"width":600,"height":800,"url":"https:\/\/miumjau.ee\/wp-content\/uploads\/2026\/04\/CARNILOVE-Dog-CRUNCHY-Snack-Wild-Boar-with-Rosehips_200G-1.jpg","type":"image\/jpeg"}],"twitter_card":"summary_large_image","schema":{"@context":"https:\/\/schema.org","@graph":[{"@type":"WebPage","@id":"https:\/\/miumjau.ee\/fi\/tuote\/carnilove-crunchy-snack-villisialla-ja-ruusunmarjalla-200-g\/","url":"https:\/\/miumjau.ee\/fi\/tuote\/carnilove-crunchy-snack-villisialla-ja-ruusunmarjalla-200-g\/","name":"Carnilove Crunchy Snack villisialla ja ruusunmarjalla, 200 g - MiuMjau","isPartOf":{"@id":"https:\/\/miumjau.ee\/#website"},"primaryImageOfPage":{"@id":"https:\/\/miumjau.ee\/fi\/tuote\/carnilove-crunchy-snack-villisialla-ja-ruusunmarjalla-200-g\/#primaryimage"},"image":{"@id":"https:\/\/miumjau.ee\/fi\/tuote\/carnilove-crunchy-snack-villisialla-ja-ruusunmarjalla-200-g\/#primaryimage"},"thumbnailUrl":"https:\/\/miumjau.ee\/wp-content\/uploads\/2026\/04\/CARNILOVE-Dog-CRUNCHY-Snack-Wild-Boar-with-Rosehips_200G-1.jpg","datePublished":"2026-04-12T11:35:43+00:00","breadcrumb":{"@id":"https:\/\/miumjau.ee\/fi\/tuote\/carnilove-crunchy-snack-villisialla-ja-ruusunmarjalla-200-g\/#breadcrumb"},"inLanguage":"fi","potentialAction":[{"@type":"ReadAction","target":["https:\/\/miumjau.ee\/fi\/tuote\/carnilove-crunchy-snack-villisialla-ja-ruusunmarjalla-200-g\/"]}]},{"@type":"ImageObject","inLanguage":"fi","@id":"https:\/\/miumjau.ee\/fi\/tuote\/carnilove-crunchy-snack-villisialla-ja-ruusunmarjalla-200-g\/#primaryimage","url":"https:\/\/miumjau.ee\/wp-content\/uploads\/2026\/04\/CARNILOVE-Dog-CRUNCHY-Snack-Wild-Boar-with-Rosehips_200G-1.jpg","contentUrl":"https:\/\/miumjau.ee\/wp-content\/uploads\/2026\/04\/CARNILOVE-Dog-CRUNCHY-Snack-Wild-Boar-with-Rosehips_200G-1.jpg","width":600,"height":800,"caption":"Carnilove Crunchy Snack metssea ja kibuvitsaga, 200g"},{"@type":"BreadcrumbList","@id":"https:\/\/miumjau.ee\/fi\/tuote\/carnilove-crunchy-snack-villisialla-ja-ruusunmarjalla-200-g\/#breadcrumb","itemListElement":[{"@type":"ListItem","position":1,"name":"Home","item":"https:\/\/miumjau.ee\/fi\/"},{"@type":"ListItem","position":2,"name":"Kauppa","item":"https:\/\/miumjau.ee\/fi\/kauppa\/"},{"@type":"ListItem","position":3,"name":"Carnilove Crunchy Snack villisialla ja ruusunmarjalla, 200 g"}]},{"@type":"WebSite","@id":"https:\/\/miumjau.ee\/#website","url":"https:\/\/miumjau.ee\/","name":"MiuMjau","description":"Kraapimispuud kassidele","publisher":{"@id":"https:\/\/miumjau.ee\/#organization"},"potentialAction":[{"@type":"SearchAction","target":{"@type":"EntryPoint","urlTemplate":"https:\/\/miumjau.ee\/?s={search_term_string}"},"query-input":{"@type":"PropertyValueSpecification","valueRequired":true,"valueName":"search_term_string"}}],"inLanguage":"fi"},{"@type":"Organization","@id":"https:\/\/miumjau.ee\/#organization","name":"MiuMjau O\u00dc","url":"https:\/\/miumjau.ee\/","logo":{"@type":"ImageObject","inLanguage":"fi","@id":"https:\/\/miumjau.ee\/#\/schema\/logo\/image\/","url":"https:\/\/miumjau.ee\/wp-content\/uploads\/2022\/04\/MiuMjau-logo-kollane.png","contentUrl":"https:\/\/miumjau.ee\/wp-content\/uploads\/2022\/04\/MiuMjau-logo-kollane.png","width":219,"height":100,"caption":"MiuMjau O\u00dc"},"image":{"@id":"https:\/\/miumjau.ee\/#\/schema\/logo\/image\/"},"sameAs":["https:\/\/www.facebook.com\/miumjaupood\/"]}]}},"_links":{"self":[{"href":"https:\/\/miumjau.ee\/fi\/wp-json\/wp\/v2\/product\/57676","targetHints":{"allow":["GET"]}}],"collection":[{"href":"https:\/\/miumjau.ee\/fi\/wp-json\/wp\/v2\/product"}],"about":[{"href":"https:\/\/miumjau.ee\/fi\/wp-json\/wp\/v2\/types\/product"}],"wp:featuredmedia":[{"embeddable":true,"href":"https:\/\/miumjau.ee\/fi\/wp-json\/wp\/v2\/media\/57587"}],"wp:attachment":[{"href":"https:\/\/miumjau.ee\/fi\/wp-json\/wp\/v2\/media?parent=57676"}],"wp:term":[{"taxonomy":"product_brand","embeddable":true,"href":"https:\/\/miumjau.ee\/fi\/wp-json\/wp\/v2\/product_brand?post=57676"},{"taxonomy":"product_cat","embeddable":true,"href":"https:\/\/miumjau.ee\/fi\/wp-json\/wp\/v2\/product_cat?post=57676"},{"taxonomy":"product_tag","embeddable":true,"href":"https:\/\/miumjau.ee\/fi\/wp-json\/wp\/v2\/product_tag?post=57676"}],"curies":[{"name":"wp","href":"https:\/\/api.w.org\/{rel}","templated":true}]}}