{"id":57645,"date":"2026-04-15T15:55:42","date_gmt":"2026-04-15T12:55:42","guid":{"rendered":"https:\/\/miumjau.ee\/?post_type=product&#038;p=57645"},"modified":"2026-04-15T16:23:02","modified_gmt":"2026-04-15T13:23:02","slug":"brit-premium-by-nature-koiran-sailyke-naudanliha-ja-mahalaukku-400-g-kopeeri","status":"publish","type":"product","link":"https:\/\/miumjau.ee\/fi\/tuote\/brit-premium-by-nature-koiran-sailyke-naudanliha-ja-mahalaukku-400-g-kopeeri\/","title":{"rendered":"Brit Premium by Nature koiran s\u00e4ilyke \u2013 naudanliha ja mahalaukku 6&#215;400 g"},"content":{"rendered":"","protected":false},"excerpt":{"rendered":"<p data-start=\"1228\" data-end=\"1440\">Ihanteellinen lis\u00e4 kuivaruualle. Sopii t\u00e4ysravinnoksi tai v\u00e4lipalaksi ja antaa lis\u00e4makua kuivaruualle. Parantaa ruokahalua ja nesteytyst\u00e4. Sis\u00e4lt\u00e4\u00e4 kollageenia terveille nivelille, lohi\u00f6ljy\u00e4, hedelmi\u00e4 ja yrttej\u00e4.<\/p>\n<p data-start=\"1442\" data-end=\"1483\">T\u00e4ysravinto kaikille aikuisille koirille.<\/p>\n<p data-start=\"1485\" data-end=\"1647\"><strong data-start=\"1485\" data-end=\"1523\">Erinomainen sulavuus ja hieno maku<\/strong><br data-start=\"1523\" data-end=\"1526\" \/><strong data-start=\"1526\" data-end=\"1599\">Tasapainoinen ravinteiden, vitamiinien ja kivenn\u00e4isaineiden koostumus<\/strong><br data-start=\"1599\" data-end=\"1602\" \/><strong data-start=\"1602\" data-end=\"1647\">VILJATON \u2013 EI LIS\u00c4TTY\u00c4 SUOLAA \u2013 GMO-VAPAA<\/strong><\/p>\n<p data-start=\"1649\" data-end=\"1778\"><strong data-start=\"1649\" data-end=\"1663\">Ainesosat:<\/strong> naudanliha (36 %), kana (22 %), mahalaukku (4 %), kollageeni (1 %), hernejauho, lignoselluloosa, lohi\u00f6ljy (0,5 %).<\/p>\n<p data-start=\"1780\" data-end=\"1940\"><strong data-start=\"1780\" data-end=\"1802\">Analyysikoostumus:<\/strong> raakavalkuainen 9,0 %, raakarasva 6,5 %, raakakuitu 0,4 %, raakatuhka 2,7 %, kosteus 78,0 %, kalsium 0,3 %, fosfori 0,3 %, natrium 0,5 %.<\/p>\n<p data-start=\"1942\" data-end=\"2186\"><strong data-start=\"1942\" data-end=\"1959\">Ravintolis\u00e4t:<\/strong> D3-vitamiini (3a672a) 200 IU, D3-vitamiini (3a671) 200 IU, E-vitamiini (3a700) 100 mg, B1-vitamiini (3a821) 1,3 mg, biotiini (3a880) 0,5 mg, sinkki (3b606) 10 mg, rauta (3b106) 8 mg, mangaani (3b504) 2 mg, jodi (3b201) 0,5 mg.<\/p>\n<p data-start=\"2188\" data-end=\"2227\"><strong data-start=\"2188\" data-end=\"2212\">Metabolinen energia:<\/strong> 1 065 kcal\/kg.<\/p>\n","protected":false},"featured_media":57657,"template":"","meta":[],"product_brand":[],"product_cat":[479],"product_tag":[],"class_list":{"0":"post-57645","1":"product","2":"type-product","3":"status-publish","4":"has-post-thumbnail","6":"product_cat-markaruoka-koirille","8":"first","9":"instock","10":"taxable","11":"shipping-taxable","12":"purchasable","13":"product-type-simple"},"yoast_head":"<!-- This site is optimized with the Yoast SEO plugin v27.2 - https:\/\/yoast.com\/product\/yoast-seo-wordpress\/ -->\n<title>Brit Premium by Nature koiran s\u00e4ilyke \u2013 naudanliha ja mahalaukku 6x400 g - MiuMjau<\/title>\n<meta name=\"robots\" content=\"index, follow, max-snippet:-1, max-image-preview:large, max-video-preview:-1\" \/>\n<link rel=\"canonical\" href=\"https:\/\/miumjau.ee\/fi\/tuote\/brit-premium-by-nature-koiran-sailyke-naudanliha-ja-mahalaukku-400-g-kopeeri\/\" \/>\n<meta property=\"og:locale\" content=\"fi_FI\" \/>\n<meta property=\"og:type\" content=\"article\" \/>\n<meta property=\"og:title\" content=\"Brit Premium by Nature koiran s\u00e4ilyke \u2013 naudanliha ja mahalaukku 6x400 g - MiuMjau\" \/>\n<meta property=\"og:description\" content=\"Ihanteellinen lis\u00e4 kuivaruualle. Sopii t\u00e4ysravinnoksi tai v\u00e4lipalaksi ja antaa lis\u00e4makua kuivaruualle. Parantaa ruokahalua ja nesteytyst\u00e4. Sis\u00e4lt\u00e4\u00e4 kollageenia terveille nivelille, lohi\u00f6ljy\u00e4, hedelmi\u00e4 ja yrttej\u00e4. T\u00e4ysravinto kaikille aikuisille koirille. Erinomainen sulavuus ja hieno makuTasapainoinen ravinteiden, vitamiinien ja kivenn\u00e4isaineiden koostumusVILJATON \u2013 EI LIS\u00c4TTY\u00c4 SUOLAA \u2013 GMO-VAPAA Ainesosat: naudanliha (36 %), kana (22 %), mahalaukku (4 %), kollageeni (1 %), hernejauho, lignoselluloosa, lohi\u00f6ljy (0,5 %). Analyysikoostumus: raakavalkuainen 9,0 %, raakarasva 6,5 %, raakakuitu 0,4 %, raakatuhka 2,7 %, kosteus 78,0 %, kalsium 0,3 %, fosfori 0,3 %, natrium 0,5 %. Ravintolis\u00e4t: D3-vitamiini (3a672a) 200 IU, D3-vitamiini (3a671) 200 IU, E-vitamiini (3a700) 100 mg, B1-vitamiini (3a821) 1,3 mg, biotiini (3a880) 0,5 mg, sinkki (3b606) 10 mg, rauta (3b106) 8 mg, mangaani (3b504) 2 mg, jodi (3b201) 0,5 mg. Metabolinen energia: 1 065 kcal\/kg.\" \/>\n<meta property=\"og:url\" content=\"https:\/\/miumjau.ee\/fi\/tuote\/brit-premium-by-nature-koiran-sailyke-naudanliha-ja-mahalaukku-400-g-kopeeri\/\" \/>\n<meta property=\"og:site_name\" content=\"MiuMjau\" \/>\n<meta property=\"article:publisher\" content=\"https:\/\/www.facebook.com\/miumjaupood\/\" \/>\n<meta property=\"article:modified_time\" content=\"2026-04-15T13:23:02+00:00\" \/>\n<meta property=\"og:image\" content=\"https:\/\/miumjau.ee\/wp-content\/uploads\/2026\/04\/brit-konserv-koertele-beef-tripe.jpg\" \/>\n\t<meta property=\"og:image:width\" content=\"600\" \/>\n\t<meta property=\"og:image:height\" content=\"800\" \/>\n\t<meta property=\"og:image:type\" content=\"image\/jpeg\" \/>\n<meta name=\"twitter:card\" content=\"summary_large_image\" \/>\n<script type=\"application\/ld+json\" class=\"yoast-schema-graph\">{\"@context\":\"https:\/\/schema.org\",\"@graph\":[{\"@type\":\"WebPage\",\"@id\":\"https:\/\/miumjau.ee\/fi\/tuote\/brit-premium-by-nature-koiran-sailyke-naudanliha-ja-mahalaukku-400-g-kopeeri\/\",\"url\":\"https:\/\/miumjau.ee\/fi\/tuote\/brit-premium-by-nature-koiran-sailyke-naudanliha-ja-mahalaukku-400-g-kopeeri\/\",\"name\":\"Brit Premium by Nature koiran s\u00e4ilyke \u2013 naudanliha ja mahalaukku 6x400 g - MiuMjau\",\"isPartOf\":{\"@id\":\"https:\/\/miumjau.ee\/#website\"},\"primaryImageOfPage\":{\"@id\":\"https:\/\/miumjau.ee\/fi\/tuote\/brit-premium-by-nature-koiran-sailyke-naudanliha-ja-mahalaukku-400-g-kopeeri\/#primaryimage\"},\"image\":{\"@id\":\"https:\/\/miumjau.ee\/fi\/tuote\/brit-premium-by-nature-koiran-sailyke-naudanliha-ja-mahalaukku-400-g-kopeeri\/#primaryimage\"},\"thumbnailUrl\":\"https:\/\/miumjau.ee\/wp-content\/uploads\/2026\/04\/brit-konserv-koertele-beef-tripe.jpg\",\"datePublished\":\"2026-04-15T12:55:42+00:00\",\"dateModified\":\"2026-04-15T13:23:02+00:00\",\"breadcrumb\":{\"@id\":\"https:\/\/miumjau.ee\/fi\/tuote\/brit-premium-by-nature-koiran-sailyke-naudanliha-ja-mahalaukku-400-g-kopeeri\/#breadcrumb\"},\"inLanguage\":\"fi\",\"potentialAction\":[{\"@type\":\"ReadAction\",\"target\":[\"https:\/\/miumjau.ee\/fi\/tuote\/brit-premium-by-nature-koiran-sailyke-naudanliha-ja-mahalaukku-400-g-kopeeri\/\"]}]},{\"@type\":\"ImageObject\",\"inLanguage\":\"fi\",\"@id\":\"https:\/\/miumjau.ee\/fi\/tuote\/brit-premium-by-nature-koiran-sailyke-naudanliha-ja-mahalaukku-400-g-kopeeri\/#primaryimage\",\"url\":\"https:\/\/miumjau.ee\/wp-content\/uploads\/2026\/04\/brit-konserv-koertele-beef-tripe.jpg\",\"contentUrl\":\"https:\/\/miumjau.ee\/wp-content\/uploads\/2026\/04\/brit-konserv-koertele-beef-tripe.jpg\",\"width\":600,\"height\":800,\"caption\":\"Brit Premium by Nature koerakonserv veise ja maoga 6x400g\"},{\"@type\":\"BreadcrumbList\",\"@id\":\"https:\/\/miumjau.ee\/fi\/tuote\/brit-premium-by-nature-koiran-sailyke-naudanliha-ja-mahalaukku-400-g-kopeeri\/#breadcrumb\",\"itemListElement\":[{\"@type\":\"ListItem\",\"position\":1,\"name\":\"Home\",\"item\":\"https:\/\/miumjau.ee\/fi\/\"},{\"@type\":\"ListItem\",\"position\":2,\"name\":\"Kauppa\",\"item\":\"https:\/\/miumjau.ee\/fi\/kauppa\/\"},{\"@type\":\"ListItem\",\"position\":3,\"name\":\"Brit Premium by Nature koiran s\u00e4ilyke \u2013 naudanliha ja mahalaukku 6&#215;400 g\"}]},{\"@type\":\"WebSite\",\"@id\":\"https:\/\/miumjau.ee\/#website\",\"url\":\"https:\/\/miumjau.ee\/\",\"name\":\"MiuMjau\",\"description\":\"Kraapimispuud kassidele\",\"publisher\":{\"@id\":\"https:\/\/miumjau.ee\/#organization\"},\"potentialAction\":[{\"@type\":\"SearchAction\",\"target\":{\"@type\":\"EntryPoint\",\"urlTemplate\":\"https:\/\/miumjau.ee\/?s={search_term_string}\"},\"query-input\":{\"@type\":\"PropertyValueSpecification\",\"valueRequired\":true,\"valueName\":\"search_term_string\"}}],\"inLanguage\":\"fi\"},{\"@type\":\"Organization\",\"@id\":\"https:\/\/miumjau.ee\/#organization\",\"name\":\"MiuMjau O\u00dc\",\"url\":\"https:\/\/miumjau.ee\/\",\"logo\":{\"@type\":\"ImageObject\",\"inLanguage\":\"fi\",\"@id\":\"https:\/\/miumjau.ee\/#\/schema\/logo\/image\/\",\"url\":\"https:\/\/miumjau.ee\/wp-content\/uploads\/2022\/04\/MiuMjau-logo-kollane.png\",\"contentUrl\":\"https:\/\/miumjau.ee\/wp-content\/uploads\/2022\/04\/MiuMjau-logo-kollane.png\",\"width\":219,\"height\":100,\"caption\":\"MiuMjau O\u00dc\"},\"image\":{\"@id\":\"https:\/\/miumjau.ee\/#\/schema\/logo\/image\/\"},\"sameAs\":[\"https:\/\/www.facebook.com\/miumjaupood\/\"]}]}<\/script>\n<!-- \/ Yoast SEO plugin. -->","yoast_head_json":{"title":"Brit Premium by Nature koiran s\u00e4ilyke \u2013 naudanliha ja mahalaukku 6x400 g - MiuMjau","robots":{"index":"index","follow":"follow","max-snippet":"max-snippet:-1","max-image-preview":"max-image-preview:large","max-video-preview":"max-video-preview:-1"},"canonical":"https:\/\/miumjau.ee\/fi\/tuote\/brit-premium-by-nature-koiran-sailyke-naudanliha-ja-mahalaukku-400-g-kopeeri\/","og_locale":"fi_FI","og_type":"article","og_title":"Brit Premium by Nature koiran s\u00e4ilyke \u2013 naudanliha ja mahalaukku 6x400 g - MiuMjau","og_description":"Ihanteellinen lis\u00e4 kuivaruualle. Sopii t\u00e4ysravinnoksi tai v\u00e4lipalaksi ja antaa lis\u00e4makua kuivaruualle. Parantaa ruokahalua ja nesteytyst\u00e4. Sis\u00e4lt\u00e4\u00e4 kollageenia terveille nivelille, lohi\u00f6ljy\u00e4, hedelmi\u00e4 ja yrttej\u00e4. T\u00e4ysravinto kaikille aikuisille koirille. Erinomainen sulavuus ja hieno makuTasapainoinen ravinteiden, vitamiinien ja kivenn\u00e4isaineiden koostumusVILJATON \u2013 EI LIS\u00c4TTY\u00c4 SUOLAA \u2013 GMO-VAPAA Ainesosat: naudanliha (36 %), kana (22 %), mahalaukku (4 %), kollageeni (1 %), hernejauho, lignoselluloosa, lohi\u00f6ljy (0,5 %). Analyysikoostumus: raakavalkuainen 9,0 %, raakarasva 6,5 %, raakakuitu 0,4 %, raakatuhka 2,7 %, kosteus 78,0 %, kalsium 0,3 %, fosfori 0,3 %, natrium 0,5 %. Ravintolis\u00e4t: D3-vitamiini (3a672a) 200 IU, D3-vitamiini (3a671) 200 IU, E-vitamiini (3a700) 100 mg, B1-vitamiini (3a821) 1,3 mg, biotiini (3a880) 0,5 mg, sinkki (3b606) 10 mg, rauta (3b106) 8 mg, mangaani (3b504) 2 mg, jodi (3b201) 0,5 mg. Metabolinen energia: 1 065 kcal\/kg.","og_url":"https:\/\/miumjau.ee\/fi\/tuote\/brit-premium-by-nature-koiran-sailyke-naudanliha-ja-mahalaukku-400-g-kopeeri\/","og_site_name":"MiuMjau","article_publisher":"https:\/\/www.facebook.com\/miumjaupood\/","article_modified_time":"2026-04-15T13:23:02+00:00","og_image":[{"width":600,"height":800,"url":"https:\/\/miumjau.ee\/wp-content\/uploads\/2026\/04\/brit-konserv-koertele-beef-tripe.jpg","type":"image\/jpeg"}],"twitter_card":"summary_large_image","schema":{"@context":"https:\/\/schema.org","@graph":[{"@type":"WebPage","@id":"https:\/\/miumjau.ee\/fi\/tuote\/brit-premium-by-nature-koiran-sailyke-naudanliha-ja-mahalaukku-400-g-kopeeri\/","url":"https:\/\/miumjau.ee\/fi\/tuote\/brit-premium-by-nature-koiran-sailyke-naudanliha-ja-mahalaukku-400-g-kopeeri\/","name":"Brit Premium by Nature koiran s\u00e4ilyke \u2013 naudanliha ja mahalaukku 6x400 g - MiuMjau","isPartOf":{"@id":"https:\/\/miumjau.ee\/#website"},"primaryImageOfPage":{"@id":"https:\/\/miumjau.ee\/fi\/tuote\/brit-premium-by-nature-koiran-sailyke-naudanliha-ja-mahalaukku-400-g-kopeeri\/#primaryimage"},"image":{"@id":"https:\/\/miumjau.ee\/fi\/tuote\/brit-premium-by-nature-koiran-sailyke-naudanliha-ja-mahalaukku-400-g-kopeeri\/#primaryimage"},"thumbnailUrl":"https:\/\/miumjau.ee\/wp-content\/uploads\/2026\/04\/brit-konserv-koertele-beef-tripe.jpg","datePublished":"2026-04-15T12:55:42+00:00","dateModified":"2026-04-15T13:23:02+00:00","breadcrumb":{"@id":"https:\/\/miumjau.ee\/fi\/tuote\/brit-premium-by-nature-koiran-sailyke-naudanliha-ja-mahalaukku-400-g-kopeeri\/#breadcrumb"},"inLanguage":"fi","potentialAction":[{"@type":"ReadAction","target":["https:\/\/miumjau.ee\/fi\/tuote\/brit-premium-by-nature-koiran-sailyke-naudanliha-ja-mahalaukku-400-g-kopeeri\/"]}]},{"@type":"ImageObject","inLanguage":"fi","@id":"https:\/\/miumjau.ee\/fi\/tuote\/brit-premium-by-nature-koiran-sailyke-naudanliha-ja-mahalaukku-400-g-kopeeri\/#primaryimage","url":"https:\/\/miumjau.ee\/wp-content\/uploads\/2026\/04\/brit-konserv-koertele-beef-tripe.jpg","contentUrl":"https:\/\/miumjau.ee\/wp-content\/uploads\/2026\/04\/brit-konserv-koertele-beef-tripe.jpg","width":600,"height":800,"caption":"Brit Premium by Nature koerakonserv veise ja maoga 6x400g"},{"@type":"BreadcrumbList","@id":"https:\/\/miumjau.ee\/fi\/tuote\/brit-premium-by-nature-koiran-sailyke-naudanliha-ja-mahalaukku-400-g-kopeeri\/#breadcrumb","itemListElement":[{"@type":"ListItem","position":1,"name":"Home","item":"https:\/\/miumjau.ee\/fi\/"},{"@type":"ListItem","position":2,"name":"Kauppa","item":"https:\/\/miumjau.ee\/fi\/kauppa\/"},{"@type":"ListItem","position":3,"name":"Brit Premium by Nature koiran s\u00e4ilyke \u2013 naudanliha ja mahalaukku 6&#215;400 g"}]},{"@type":"WebSite","@id":"https:\/\/miumjau.ee\/#website","url":"https:\/\/miumjau.ee\/","name":"MiuMjau","description":"Kraapimispuud kassidele","publisher":{"@id":"https:\/\/miumjau.ee\/#organization"},"potentialAction":[{"@type":"SearchAction","target":{"@type":"EntryPoint","urlTemplate":"https:\/\/miumjau.ee\/?s={search_term_string}"},"query-input":{"@type":"PropertyValueSpecification","valueRequired":true,"valueName":"search_term_string"}}],"inLanguage":"fi"},{"@type":"Organization","@id":"https:\/\/miumjau.ee\/#organization","name":"MiuMjau O\u00dc","url":"https:\/\/miumjau.ee\/","logo":{"@type":"ImageObject","inLanguage":"fi","@id":"https:\/\/miumjau.ee\/#\/schema\/logo\/image\/","url":"https:\/\/miumjau.ee\/wp-content\/uploads\/2022\/04\/MiuMjau-logo-kollane.png","contentUrl":"https:\/\/miumjau.ee\/wp-content\/uploads\/2022\/04\/MiuMjau-logo-kollane.png","width":219,"height":100,"caption":"MiuMjau O\u00dc"},"image":{"@id":"https:\/\/miumjau.ee\/#\/schema\/logo\/image\/"},"sameAs":["https:\/\/www.facebook.com\/miumjaupood\/"]}]}},"_links":{"self":[{"href":"https:\/\/miumjau.ee\/fi\/wp-json\/wp\/v2\/product\/57645","targetHints":{"allow":["GET"]}}],"collection":[{"href":"https:\/\/miumjau.ee\/fi\/wp-json\/wp\/v2\/product"}],"about":[{"href":"https:\/\/miumjau.ee\/fi\/wp-json\/wp\/v2\/types\/product"}],"wp:featuredmedia":[{"embeddable":true,"href":"https:\/\/miumjau.ee\/fi\/wp-json\/wp\/v2\/media\/57657"}],"wp:attachment":[{"href":"https:\/\/miumjau.ee\/fi\/wp-json\/wp\/v2\/media?parent=57645"}],"wp:term":[{"taxonomy":"product_brand","embeddable":true,"href":"https:\/\/miumjau.ee\/fi\/wp-json\/wp\/v2\/product_brand?post=57645"},{"taxonomy":"product_cat","embeddable":true,"href":"https:\/\/miumjau.ee\/fi\/wp-json\/wp\/v2\/product_cat?post=57645"},{"taxonomy":"product_tag","embeddable":true,"href":"https:\/\/miumjau.ee\/fi\/wp-json\/wp\/v2\/product_tag?post=57645"}],"curies":[{"name":"wp","href":"https:\/\/api.w.org\/{rel}","templated":true}]}}