{"id":55669,"date":"2025-03-25T11:18:38","date_gmt":"2025-03-25T09:18:38","guid":{"rendered":"https:\/\/miumjau.ee\/toode\/kuivatut-kaninkorvapalat-karvoilla-500-g\/"},"modified":"2025-03-25T11:18:38","modified_gmt":"2025-03-25T09:18:38","slug":"kuivatut-kaninkorvapalat-karvoilla-500-g","status":"publish","type":"product","link":"https:\/\/miumjau.ee\/fi\/tuote\/kuivatut-kaninkorvapalat-karvoilla-500-g\/","title":{"rendered":"Kuivatut kaninkorvapalat karvoilla 500 g"},"content":{"rendered":"","protected":false},"excerpt":{"rendered":"<p data-start=\"2160\" data-end=\"2297\">Kaninkorvapalat myyd\u00e4\u00e4n painon mukaan ja toimitetaan asiakkaalle l\u00e4pin\u00e4kyv\u00e4ss\u00e4 uudelleensuljettavassa pussissa halutun m\u00e4\u00e4r\u00e4n mukaisesti.<\/p>\n<p data-start=\"2299\" data-end=\"2439\">Kuivatut kaninkorvat koostuvat 100 % maukkaasta ja v\u00e4h\u00e4rasvaisesta rustosta, joka vahvistaa purentalihaksia ja auttaa puhdistamaan hampaita.<\/p>\n<p data-start=\"2441\" data-end=\"2540\">Ainesosat: 100 % kaninkorvat. Yhden ainesosan, korkean proteiinipitoisuuden t\u00e4ydennysrehu koirille.<\/p>\n<p data-start=\"2542\" data-end=\"2635\">Ravintosis\u00e4lt\u00f6: Proteiini \u2013 72 %, Rasva \u2013 12,9 %, Kosteus \u2013 7 %, Tuhka \u2013 3,2 %, Kuitu \u2013 2,5 %<\/p>\n<p data-start=\"2637\" data-end=\"2790\" data-is-only-node=\"\">Sopii pennuille 12 viikon i\u00e4st\u00e4 alkaen.<br data-start=\"2676\" data-end=\"2679\" \/>Valvothan koiraasi herkun sy\u00f6misen aikana ja varmista, ett\u00e4 raikasta ja puhdasta juomavett\u00e4 on aina saatavilla.<\/p>\n","protected":false},"featured_media":30495,"template":"","meta":[],"product_brand":[],"product_cat":[480],"product_tag":[],"class_list":{"0":"post-55669","1":"product","2":"type-product","3":"status-publish","4":"has-post-thumbnail","6":"product_cat-herkut-koirille","8":"first","9":"instock","10":"sale","11":"taxable","12":"shipping-taxable","13":"purchasable","14":"product-type-simple"},"yoast_head":"<!-- This site is optimized with the Yoast SEO plugin v27.4 - https:\/\/yoast.com\/product\/yoast-seo-wordpress\/ -->\n<title>Kuivatut kaninkorvapalat karvoilla 500 g - MiuMjau<\/title>\n<meta name=\"robots\" content=\"index, follow, max-snippet:-1, max-image-preview:large, max-video-preview:-1\" \/>\n<link rel=\"canonical\" href=\"https:\/\/miumjau.ee\/fi\/tuote\/kuivatut-kaninkorvapalat-karvoilla-500-g\/\" \/>\n<meta property=\"og:locale\" content=\"fi_FI\" \/>\n<meta property=\"og:type\" content=\"article\" \/>\n<meta property=\"og:title\" content=\"Kuivatut kaninkorvapalat karvoilla 500 g - MiuMjau\" \/>\n<meta property=\"og:description\" content=\"Kaninkorvapalat myyd\u00e4\u00e4n painon mukaan ja toimitetaan asiakkaalle l\u00e4pin\u00e4kyv\u00e4ss\u00e4 uudelleensuljettavassa pussissa halutun m\u00e4\u00e4r\u00e4n mukaisesti. Kuivatut kaninkorvat koostuvat 100 % maukkaasta ja v\u00e4h\u00e4rasvaisesta rustosta, joka vahvistaa purentalihaksia ja auttaa puhdistamaan hampaita. Ainesosat: 100 % kaninkorvat. Yhden ainesosan, korkean proteiinipitoisuuden t\u00e4ydennysrehu koirille. Ravintosis\u00e4lt\u00f6: Proteiini \u2013 72 %, Rasva \u2013 12,9 %, Kosteus \u2013 7 %, Tuhka \u2013 3,2 %, Kuitu \u2013 2,5 % Sopii pennuille 12 viikon i\u00e4st\u00e4 alkaen.Valvothan koiraasi herkun sy\u00f6misen aikana ja varmista, ett\u00e4 raikasta ja puhdasta juomavett\u00e4 on aina saatavilla.\" \/>\n<meta property=\"og:url\" content=\"https:\/\/miumjau.ee\/fi\/tuote\/kuivatut-kaninkorvapalat-karvoilla-500-g\/\" \/>\n<meta property=\"og:site_name\" content=\"MiuMjau\" \/>\n<meta property=\"article:publisher\" content=\"https:\/\/www.facebook.com\/miumjaupood\/\" \/>\n<meta property=\"og:image\" content=\"https:\/\/miumjau.ee\/wp-content\/uploads\/2025\/03\/janese-korva-ribad-Photoroom.webp\" \/>\n\t<meta property=\"og:image:width\" content=\"600\" \/>\n\t<meta property=\"og:image:height\" content=\"800\" \/>\n\t<meta property=\"og:image:type\" content=\"image\/webp\" \/>\n<meta name=\"twitter:card\" content=\"summary_large_image\" \/>\n<script type=\"application\/ld+json\" class=\"yoast-schema-graph\">{\"@context\":\"https:\\\/\\\/schema.org\",\"@graph\":[{\"@type\":\"WebPage\",\"@id\":\"https:\\\/\\\/miumjau.ee\\\/fi\\\/tuote\\\/kuivatut-kaninkorvapalat-karvoilla-500-g\\\/\",\"url\":\"https:\\\/\\\/miumjau.ee\\\/fi\\\/tuote\\\/kuivatut-kaninkorvapalat-karvoilla-500-g\\\/\",\"name\":\"Kuivatut kaninkorvapalat karvoilla 500 g - MiuMjau\",\"isPartOf\":{\"@id\":\"https:\\\/\\\/miumjau.ee\\\/#website\"},\"primaryImageOfPage\":{\"@id\":\"https:\\\/\\\/miumjau.ee\\\/fi\\\/tuote\\\/kuivatut-kaninkorvapalat-karvoilla-500-g\\\/#primaryimage\"},\"image\":{\"@id\":\"https:\\\/\\\/miumjau.ee\\\/fi\\\/tuote\\\/kuivatut-kaninkorvapalat-karvoilla-500-g\\\/#primaryimage\"},\"thumbnailUrl\":\"https:\\\/\\\/miumjau.ee\\\/wp-content\\\/uploads\\\/2025\\\/03\\\/janese-korva-ribad-Photoroom.webp\",\"datePublished\":\"2025-03-25T09:18:38+00:00\",\"breadcrumb\":{\"@id\":\"https:\\\/\\\/miumjau.ee\\\/fi\\\/tuote\\\/kuivatut-kaninkorvapalat-karvoilla-500-g\\\/#breadcrumb\"},\"inLanguage\":\"fi\",\"potentialAction\":[{\"@type\":\"ReadAction\",\"target\":[\"https:\\\/\\\/miumjau.ee\\\/fi\\\/tuote\\\/kuivatut-kaninkorvapalat-karvoilla-500-g\\\/\"]}]},{\"@type\":\"ImageObject\",\"inLanguage\":\"fi\",\"@id\":\"https:\\\/\\\/miumjau.ee\\\/fi\\\/tuote\\\/kuivatut-kaninkorvapalat-karvoilla-500-g\\\/#primaryimage\",\"url\":\"https:\\\/\\\/miumjau.ee\\\/wp-content\\\/uploads\\\/2025\\\/03\\\/janese-korva-ribad-Photoroom.webp\",\"contentUrl\":\"https:\\\/\\\/miumjau.ee\\\/wp-content\\\/uploads\\\/2025\\\/03\\\/janese-korva-ribad-Photoroom.webp\",\"width\":600,\"height\":800,\"caption\":\"J\u00e4nese k\u00f5rva ribad Sana naturaalne maius\"},{\"@type\":\"BreadcrumbList\",\"@id\":\"https:\\\/\\\/miumjau.ee\\\/fi\\\/tuote\\\/kuivatut-kaninkorvapalat-karvoilla-500-g\\\/#breadcrumb\",\"itemListElement\":[{\"@type\":\"ListItem\",\"position\":1,\"name\":\"Home\",\"item\":\"https:\\\/\\\/miumjau.ee\\\/fi\\\/\"},{\"@type\":\"ListItem\",\"position\":2,\"name\":\"Kauppa\",\"item\":\"https:\\\/\\\/miumjau.ee\\\/fi\\\/kauppa\\\/\"},{\"@type\":\"ListItem\",\"position\":3,\"name\":\"Kuivatut kaninkorvapalat karvoilla 500 g\"}]},{\"@type\":\"WebSite\",\"@id\":\"https:\\\/\\\/miumjau.ee\\\/#website\",\"url\":\"https:\\\/\\\/miumjau.ee\\\/\",\"name\":\"MiuMjau\",\"description\":\"Kraapimispuud kassidele\",\"publisher\":{\"@id\":\"https:\\\/\\\/miumjau.ee\\\/#organization\"},\"potentialAction\":[{\"@type\":\"SearchAction\",\"target\":{\"@type\":\"EntryPoint\",\"urlTemplate\":\"https:\\\/\\\/miumjau.ee\\\/?s={search_term_string}\"},\"query-input\":{\"@type\":\"PropertyValueSpecification\",\"valueRequired\":true,\"valueName\":\"search_term_string\"}}],\"inLanguage\":\"fi\"},{\"@type\":\"Organization\",\"@id\":\"https:\\\/\\\/miumjau.ee\\\/#organization\",\"name\":\"MiuMjau O\u00dc\",\"url\":\"https:\\\/\\\/miumjau.ee\\\/\",\"logo\":{\"@type\":\"ImageObject\",\"inLanguage\":\"fi\",\"@id\":\"https:\\\/\\\/miumjau.ee\\\/#\\\/schema\\\/logo\\\/image\\\/\",\"url\":\"https:\\\/\\\/miumjau.ee\\\/wp-content\\\/uploads\\\/2022\\\/04\\\/MiuMjau-logo-kollane.png\",\"contentUrl\":\"https:\\\/\\\/miumjau.ee\\\/wp-content\\\/uploads\\\/2022\\\/04\\\/MiuMjau-logo-kollane.png\",\"width\":219,\"height\":100,\"caption\":\"MiuMjau O\u00dc\"},\"image\":{\"@id\":\"https:\\\/\\\/miumjau.ee\\\/#\\\/schema\\\/logo\\\/image\\\/\"},\"sameAs\":[\"https:\\\/\\\/www.facebook.com\\\/miumjaupood\\\/\"]}]}<\/script>\n<!-- \/ Yoast SEO plugin. -->","yoast_head_json":{"title":"Kuivatut kaninkorvapalat karvoilla 500 g - MiuMjau","robots":{"index":"index","follow":"follow","max-snippet":"max-snippet:-1","max-image-preview":"max-image-preview:large","max-video-preview":"max-video-preview:-1"},"canonical":"https:\/\/miumjau.ee\/fi\/tuote\/kuivatut-kaninkorvapalat-karvoilla-500-g\/","og_locale":"fi_FI","og_type":"article","og_title":"Kuivatut kaninkorvapalat karvoilla 500 g - MiuMjau","og_description":"Kaninkorvapalat myyd\u00e4\u00e4n painon mukaan ja toimitetaan asiakkaalle l\u00e4pin\u00e4kyv\u00e4ss\u00e4 uudelleensuljettavassa pussissa halutun m\u00e4\u00e4r\u00e4n mukaisesti. Kuivatut kaninkorvat koostuvat 100 % maukkaasta ja v\u00e4h\u00e4rasvaisesta rustosta, joka vahvistaa purentalihaksia ja auttaa puhdistamaan hampaita. Ainesosat: 100 % kaninkorvat. Yhden ainesosan, korkean proteiinipitoisuuden t\u00e4ydennysrehu koirille. Ravintosis\u00e4lt\u00f6: Proteiini \u2013 72 %, Rasva \u2013 12,9 %, Kosteus \u2013 7 %, Tuhka \u2013 3,2 %, Kuitu \u2013 2,5 % Sopii pennuille 12 viikon i\u00e4st\u00e4 alkaen.Valvothan koiraasi herkun sy\u00f6misen aikana ja varmista, ett\u00e4 raikasta ja puhdasta juomavett\u00e4 on aina saatavilla.","og_url":"https:\/\/miumjau.ee\/fi\/tuote\/kuivatut-kaninkorvapalat-karvoilla-500-g\/","og_site_name":"MiuMjau","article_publisher":"https:\/\/www.facebook.com\/miumjaupood\/","og_image":[{"width":600,"height":800,"url":"https:\/\/miumjau.ee\/wp-content\/uploads\/2025\/03\/janese-korva-ribad-Photoroom.webp","type":"image\/webp"}],"twitter_card":"summary_large_image","schema":{"@context":"https:\/\/schema.org","@graph":[{"@type":"WebPage","@id":"https:\/\/miumjau.ee\/fi\/tuote\/kuivatut-kaninkorvapalat-karvoilla-500-g\/","url":"https:\/\/miumjau.ee\/fi\/tuote\/kuivatut-kaninkorvapalat-karvoilla-500-g\/","name":"Kuivatut kaninkorvapalat karvoilla 500 g - MiuMjau","isPartOf":{"@id":"https:\/\/miumjau.ee\/#website"},"primaryImageOfPage":{"@id":"https:\/\/miumjau.ee\/fi\/tuote\/kuivatut-kaninkorvapalat-karvoilla-500-g\/#primaryimage"},"image":{"@id":"https:\/\/miumjau.ee\/fi\/tuote\/kuivatut-kaninkorvapalat-karvoilla-500-g\/#primaryimage"},"thumbnailUrl":"https:\/\/miumjau.ee\/wp-content\/uploads\/2025\/03\/janese-korva-ribad-Photoroom.webp","datePublished":"2025-03-25T09:18:38+00:00","breadcrumb":{"@id":"https:\/\/miumjau.ee\/fi\/tuote\/kuivatut-kaninkorvapalat-karvoilla-500-g\/#breadcrumb"},"inLanguage":"fi","potentialAction":[{"@type":"ReadAction","target":["https:\/\/miumjau.ee\/fi\/tuote\/kuivatut-kaninkorvapalat-karvoilla-500-g\/"]}]},{"@type":"ImageObject","inLanguage":"fi","@id":"https:\/\/miumjau.ee\/fi\/tuote\/kuivatut-kaninkorvapalat-karvoilla-500-g\/#primaryimage","url":"https:\/\/miumjau.ee\/wp-content\/uploads\/2025\/03\/janese-korva-ribad-Photoroom.webp","contentUrl":"https:\/\/miumjau.ee\/wp-content\/uploads\/2025\/03\/janese-korva-ribad-Photoroom.webp","width":600,"height":800,"caption":"J\u00e4nese k\u00f5rva ribad Sana naturaalne maius"},{"@type":"BreadcrumbList","@id":"https:\/\/miumjau.ee\/fi\/tuote\/kuivatut-kaninkorvapalat-karvoilla-500-g\/#breadcrumb","itemListElement":[{"@type":"ListItem","position":1,"name":"Home","item":"https:\/\/miumjau.ee\/fi\/"},{"@type":"ListItem","position":2,"name":"Kauppa","item":"https:\/\/miumjau.ee\/fi\/kauppa\/"},{"@type":"ListItem","position":3,"name":"Kuivatut kaninkorvapalat karvoilla 500 g"}]},{"@type":"WebSite","@id":"https:\/\/miumjau.ee\/#website","url":"https:\/\/miumjau.ee\/","name":"MiuMjau","description":"Kraapimispuud kassidele","publisher":{"@id":"https:\/\/miumjau.ee\/#organization"},"potentialAction":[{"@type":"SearchAction","target":{"@type":"EntryPoint","urlTemplate":"https:\/\/miumjau.ee\/?s={search_term_string}"},"query-input":{"@type":"PropertyValueSpecification","valueRequired":true,"valueName":"search_term_string"}}],"inLanguage":"fi"},{"@type":"Organization","@id":"https:\/\/miumjau.ee\/#organization","name":"MiuMjau O\u00dc","url":"https:\/\/miumjau.ee\/","logo":{"@type":"ImageObject","inLanguage":"fi","@id":"https:\/\/miumjau.ee\/#\/schema\/logo\/image\/","url":"https:\/\/miumjau.ee\/wp-content\/uploads\/2022\/04\/MiuMjau-logo-kollane.png","contentUrl":"https:\/\/miumjau.ee\/wp-content\/uploads\/2022\/04\/MiuMjau-logo-kollane.png","width":219,"height":100,"caption":"MiuMjau O\u00dc"},"image":{"@id":"https:\/\/miumjau.ee\/#\/schema\/logo\/image\/"},"sameAs":["https:\/\/www.facebook.com\/miumjaupood\/"]}]}},"_links":{"self":[{"href":"https:\/\/miumjau.ee\/fi\/wp-json\/wp\/v2\/product\/55669","targetHints":{"allow":["GET"]}}],"collection":[{"href":"https:\/\/miumjau.ee\/fi\/wp-json\/wp\/v2\/product"}],"about":[{"href":"https:\/\/miumjau.ee\/fi\/wp-json\/wp\/v2\/types\/product"}],"wp:featuredmedia":[{"embeddable":true,"href":"https:\/\/miumjau.ee\/fi\/wp-json\/wp\/v2\/media\/30495"}],"wp:attachment":[{"href":"https:\/\/miumjau.ee\/fi\/wp-json\/wp\/v2\/media?parent=55669"}],"wp:term":[{"taxonomy":"product_brand","embeddable":true,"href":"https:\/\/miumjau.ee\/fi\/wp-json\/wp\/v2\/product_brand?post=55669"},{"taxonomy":"product_cat","embeddable":true,"href":"https:\/\/miumjau.ee\/fi\/wp-json\/wp\/v2\/product_cat?post=55669"},{"taxonomy":"product_tag","embeddable":true,"href":"https:\/\/miumjau.ee\/fi\/wp-json\/wp\/v2\/product_tag?post=55669"}],"curies":[{"name":"wp","href":"https:\/\/api.w.org\/{rel}","templated":true}]}}