{"id":55332,"date":"2025-03-23T13:45:16","date_gmt":"2025-03-23T11:45:16","guid":{"rendered":"https:\/\/miumjau.ee\/toode\/koulutusmakupalat-sana-kalkkunanlihalla-luonnolliset-1-kg\/"},"modified":"2025-03-23T13:45:16","modified_gmt":"2025-03-23T11:45:16","slug":"koulutusmakupalat-sana-kalkkunanlihalla-luonnolliset-1-kg","status":"publish","type":"product","link":"https:\/\/miumjau.ee\/fi\/tuote\/koulutusmakupalat-sana-kalkkunanlihalla-luonnolliset-1-kg\/","title":{"rendered":"Koulutusmakupalat Sana kalkkunanlihalla, luonnolliset 1 kg"},"content":{"rendered":"","protected":false},"excerpt":{"rendered":"<p data-start=\"166\" data-end=\"547\">SANADOG-koulutusmakupalat, jotka on valmistettu puhtaasta lihasta ja superruoka-aineista, ovat terveellisi\u00e4, pehme\u00e4rakenteisia ja siksi ihanteellisia p\u00e4ivitt\u00e4isiin koulutuspalkkioihin ja motivointiin. Ne soveltuvat erinomaisesti positiivisen vahvistamisen koulutusmenetelmiin. N\u00e4in koirasi saa positiivista palautetta kehun tai makupalan muodossa, palkiten toivotun k\u00e4ytt\u00e4ytymisen.<\/p>\n<p data-start=\"549\" data-end=\"772\">Raaka-aineet ovat per\u00e4isin paikallisilta tuottajilta ja ovat 100 % j\u00e4ljitett\u00e4viss\u00e4. Hell\u00e4varaisen tuotantoprosessimme ansiosta ainesosien ravintoaineet s\u00e4ilyv\u00e4t, auttaen koiraasi pysym\u00e4\u00e4n terveen\u00e4 ja elinvoimaisena pitk\u00e4\u00e4n.<\/p>\n<p data-start=\"774\" data-end=\"1019\">SANADOG-makupalat tarjoavat koirallesi vastustamattoman maukkaan ja terveellisen palkintov\u00e4lipalan. Ne eiv\u00e4t murene tai muutu rasvaisiksi, joten niit\u00e4 on helppo kuljettaa taskussa ja ne sopivat erinomaisesti my\u00f6s ulkona tapahtuvaan koulutukseen.<\/p>\n<p data-start=\"1021\" data-end=\"1113\"><strong data-start=\"1021\" data-end=\"1035\">Koostumus:<\/strong> 95 % kalkkunanliha, 5 % luonnollinen kasviglyseriini. T\u00e4ydennysrehu koirille.<\/p>\n<p data-start=\"1115\" data-end=\"1201\"><strong data-start=\"1115\" data-end=\"1128\">Analyysi:<\/strong> Proteiini \u2013 36 %, rasva \u2013 19 %, kosteus \u2013 8 %, tuhka \u2013 6 %, kuitu \u2013 1 %.<\/p>\n<p data-start=\"1203\" data-end=\"1226\">T\u00e4ydennysrehu koirille.<\/p>\n<p data-start=\"1228\" data-end=\"1343\"><strong data-start=\"1228\" data-end=\"1241\">S\u00e4ilytys:<\/strong> S\u00e4ilyt\u00e4 viile\u00e4ss\u00e4 ja kuivassa paikassa, suojassa suoralta auringonvalolta. Se on niin yksinkertaista!<\/p>\n<p data-start=\"1345\" data-end=\"1514\"><strong data-start=\"1345\" data-end=\"1366\">Ruokintasuositus:<\/strong> Sopii pennuille 12 viikon i\u00e4st\u00e4 alkaen.<br data-start=\"1406\" data-end=\"1409\" \/>Valvothan koiraasi ruokinnan aikana ja varmista, ett\u00e4 raikasta ja puhdasta juomavett\u00e4 on aina saatavilla.<\/p>\n","protected":false},"featured_media":30072,"template":"","meta":[],"product_brand":[],"product_cat":[480],"product_tag":[],"class_list":{"0":"post-55332","1":"product","2":"type-product","3":"status-publish","4":"has-post-thumbnail","6":"product_cat-herkut-koirille","8":"first","9":"instock","10":"sale","11":"taxable","12":"shipping-taxable","13":"purchasable","14":"product-type-simple"},"yoast_head":"<!-- This site is optimized with the Yoast SEO plugin v27.4 - https:\/\/yoast.com\/product\/yoast-seo-wordpress\/ -->\n<title>Koulutusmakupalat Sana kalkkunanlihalla, luonnolliset 1 kg - MiuMjau<\/title>\n<meta name=\"robots\" content=\"index, follow, max-snippet:-1, max-image-preview:large, max-video-preview:-1\" \/>\n<link rel=\"canonical\" href=\"https:\/\/miumjau.ee\/fi\/tuote\/koulutusmakupalat-sana-kalkkunanlihalla-luonnolliset-1-kg\/\" \/>\n<meta property=\"og:locale\" content=\"fi_FI\" \/>\n<meta property=\"og:type\" content=\"article\" \/>\n<meta property=\"og:title\" content=\"Koulutusmakupalat Sana kalkkunanlihalla, luonnolliset 1 kg - MiuMjau\" \/>\n<meta property=\"og:description\" content=\"SANADOG-koulutusmakupalat, jotka on valmistettu puhtaasta lihasta ja superruoka-aineista, ovat terveellisi\u00e4, pehme\u00e4rakenteisia ja siksi ihanteellisia p\u00e4ivitt\u00e4isiin koulutuspalkkioihin ja motivointiin. Ne soveltuvat erinomaisesti positiivisen vahvistamisen koulutusmenetelmiin. N\u00e4in koirasi saa positiivista palautetta kehun tai makupalan muodossa, palkiten toivotun k\u00e4ytt\u00e4ytymisen. Raaka-aineet ovat per\u00e4isin paikallisilta tuottajilta ja ovat 100 % j\u00e4ljitett\u00e4viss\u00e4. Hell\u00e4varaisen tuotantoprosessimme ansiosta ainesosien ravintoaineet s\u00e4ilyv\u00e4t, auttaen koiraasi pysym\u00e4\u00e4n terveen\u00e4 ja elinvoimaisena pitk\u00e4\u00e4n. SANADOG-makupalat tarjoavat koirallesi vastustamattoman maukkaan ja terveellisen palkintov\u00e4lipalan. Ne eiv\u00e4t murene tai muutu rasvaisiksi, joten niit\u00e4 on helppo kuljettaa taskussa ja ne sopivat erinomaisesti my\u00f6s ulkona tapahtuvaan koulutukseen. Koostumus: 95 % kalkkunanliha, 5 % luonnollinen kasviglyseriini. T\u00e4ydennysrehu koirille. Analyysi: Proteiini \u2013 36 %, rasva \u2013 19 %, kosteus \u2013 8 %, tuhka \u2013 6 %, kuitu \u2013 1 %. T\u00e4ydennysrehu koirille. S\u00e4ilytys: S\u00e4ilyt\u00e4 viile\u00e4ss\u00e4 ja kuivassa paikassa, suojassa suoralta auringonvalolta. Se on niin yksinkertaista! Ruokintasuositus: Sopii pennuille 12 viikon i\u00e4st\u00e4 alkaen.Valvothan koiraasi ruokinnan aikana ja varmista, ett\u00e4 raikasta ja puhdasta juomavett\u00e4 on aina saatavilla.\" \/>\n<meta property=\"og:url\" content=\"https:\/\/miumjau.ee\/fi\/tuote\/koulutusmakupalat-sana-kalkkunanlihalla-luonnolliset-1-kg\/\" \/>\n<meta property=\"og:site_name\" content=\"MiuMjau\" \/>\n<meta property=\"article:publisher\" content=\"https:\/\/www.facebook.com\/miumjaupood\/\" \/>\n<meta property=\"og:image\" content=\"https:\/\/miumjau.ee\/wp-content\/uploads\/2025\/03\/treeningmaius-sana-kalkun-1kg.webp\" \/>\n\t<meta property=\"og:image:width\" content=\"600\" \/>\n\t<meta property=\"og:image:height\" content=\"800\" \/>\n\t<meta property=\"og:image:type\" content=\"image\/webp\" \/>\n<meta name=\"twitter:card\" content=\"summary_large_image\" \/>\n<script type=\"application\/ld+json\" class=\"yoast-schema-graph\">{\"@context\":\"https:\\\/\\\/schema.org\",\"@graph\":[{\"@type\":\"WebPage\",\"@id\":\"https:\\\/\\\/miumjau.ee\\\/fi\\\/tuote\\\/koulutusmakupalat-sana-kalkkunanlihalla-luonnolliset-1-kg\\\/\",\"url\":\"https:\\\/\\\/miumjau.ee\\\/fi\\\/tuote\\\/koulutusmakupalat-sana-kalkkunanlihalla-luonnolliset-1-kg\\\/\",\"name\":\"Koulutusmakupalat Sana kalkkunanlihalla, luonnolliset 1 kg - MiuMjau\",\"isPartOf\":{\"@id\":\"https:\\\/\\\/miumjau.ee\\\/#website\"},\"primaryImageOfPage\":{\"@id\":\"https:\\\/\\\/miumjau.ee\\\/fi\\\/tuote\\\/koulutusmakupalat-sana-kalkkunanlihalla-luonnolliset-1-kg\\\/#primaryimage\"},\"image\":{\"@id\":\"https:\\\/\\\/miumjau.ee\\\/fi\\\/tuote\\\/koulutusmakupalat-sana-kalkkunanlihalla-luonnolliset-1-kg\\\/#primaryimage\"},\"thumbnailUrl\":\"https:\\\/\\\/miumjau.ee\\\/wp-content\\\/uploads\\\/2025\\\/03\\\/treeningmaius-sana-kalkun-1kg.webp\",\"datePublished\":\"2025-03-23T11:45:16+00:00\",\"breadcrumb\":{\"@id\":\"https:\\\/\\\/miumjau.ee\\\/fi\\\/tuote\\\/koulutusmakupalat-sana-kalkkunanlihalla-luonnolliset-1-kg\\\/#breadcrumb\"},\"inLanguage\":\"fi\",\"potentialAction\":[{\"@type\":\"ReadAction\",\"target\":[\"https:\\\/\\\/miumjau.ee\\\/fi\\\/tuote\\\/koulutusmakupalat-sana-kalkkunanlihalla-luonnolliset-1-kg\\\/\"]}]},{\"@type\":\"ImageObject\",\"inLanguage\":\"fi\",\"@id\":\"https:\\\/\\\/miumjau.ee\\\/fi\\\/tuote\\\/koulutusmakupalat-sana-kalkkunanlihalla-luonnolliset-1-kg\\\/#primaryimage\",\"url\":\"https:\\\/\\\/miumjau.ee\\\/wp-content\\\/uploads\\\/2025\\\/03\\\/treeningmaius-sana-kalkun-1kg.webp\",\"contentUrl\":\"https:\\\/\\\/miumjau.ee\\\/wp-content\\\/uploads\\\/2025\\\/03\\\/treeningmaius-sana-kalkun-1kg.webp\",\"width\":600,\"height\":800,\"caption\":\"Treeningmaius koerale Sana \u00e4mbriga 1 kg\"},{\"@type\":\"BreadcrumbList\",\"@id\":\"https:\\\/\\\/miumjau.ee\\\/fi\\\/tuote\\\/koulutusmakupalat-sana-kalkkunanlihalla-luonnolliset-1-kg\\\/#breadcrumb\",\"itemListElement\":[{\"@type\":\"ListItem\",\"position\":1,\"name\":\"Home\",\"item\":\"https:\\\/\\\/miumjau.ee\\\/fi\\\/\"},{\"@type\":\"ListItem\",\"position\":2,\"name\":\"Kauppa\",\"item\":\"https:\\\/\\\/miumjau.ee\\\/fi\\\/kauppa\\\/\"},{\"@type\":\"ListItem\",\"position\":3,\"name\":\"Koulutusmakupalat Sana kalkkunanlihalla, luonnolliset 1 kg\"}]},{\"@type\":\"WebSite\",\"@id\":\"https:\\\/\\\/miumjau.ee\\\/#website\",\"url\":\"https:\\\/\\\/miumjau.ee\\\/\",\"name\":\"MiuMjau\",\"description\":\"Kraapimispuud kassidele\",\"publisher\":{\"@id\":\"https:\\\/\\\/miumjau.ee\\\/#organization\"},\"potentialAction\":[{\"@type\":\"SearchAction\",\"target\":{\"@type\":\"EntryPoint\",\"urlTemplate\":\"https:\\\/\\\/miumjau.ee\\\/?s={search_term_string}\"},\"query-input\":{\"@type\":\"PropertyValueSpecification\",\"valueRequired\":true,\"valueName\":\"search_term_string\"}}],\"inLanguage\":\"fi\"},{\"@type\":\"Organization\",\"@id\":\"https:\\\/\\\/miumjau.ee\\\/#organization\",\"name\":\"MiuMjau O\u00dc\",\"url\":\"https:\\\/\\\/miumjau.ee\\\/\",\"logo\":{\"@type\":\"ImageObject\",\"inLanguage\":\"fi\",\"@id\":\"https:\\\/\\\/miumjau.ee\\\/#\\\/schema\\\/logo\\\/image\\\/\",\"url\":\"https:\\\/\\\/miumjau.ee\\\/wp-content\\\/uploads\\\/2022\\\/04\\\/MiuMjau-logo-kollane.png\",\"contentUrl\":\"https:\\\/\\\/miumjau.ee\\\/wp-content\\\/uploads\\\/2022\\\/04\\\/MiuMjau-logo-kollane.png\",\"width\":219,\"height\":100,\"caption\":\"MiuMjau O\u00dc\"},\"image\":{\"@id\":\"https:\\\/\\\/miumjau.ee\\\/#\\\/schema\\\/logo\\\/image\\\/\"},\"sameAs\":[\"https:\\\/\\\/www.facebook.com\\\/miumjaupood\\\/\"]}]}<\/script>\n<!-- \/ Yoast SEO plugin. -->","yoast_head_json":{"title":"Koulutusmakupalat Sana kalkkunanlihalla, luonnolliset 1 kg - MiuMjau","robots":{"index":"index","follow":"follow","max-snippet":"max-snippet:-1","max-image-preview":"max-image-preview:large","max-video-preview":"max-video-preview:-1"},"canonical":"https:\/\/miumjau.ee\/fi\/tuote\/koulutusmakupalat-sana-kalkkunanlihalla-luonnolliset-1-kg\/","og_locale":"fi_FI","og_type":"article","og_title":"Koulutusmakupalat Sana kalkkunanlihalla, luonnolliset 1 kg - MiuMjau","og_description":"SANADOG-koulutusmakupalat, jotka on valmistettu puhtaasta lihasta ja superruoka-aineista, ovat terveellisi\u00e4, pehme\u00e4rakenteisia ja siksi ihanteellisia p\u00e4ivitt\u00e4isiin koulutuspalkkioihin ja motivointiin. Ne soveltuvat erinomaisesti positiivisen vahvistamisen koulutusmenetelmiin. N\u00e4in koirasi saa positiivista palautetta kehun tai makupalan muodossa, palkiten toivotun k\u00e4ytt\u00e4ytymisen. Raaka-aineet ovat per\u00e4isin paikallisilta tuottajilta ja ovat 100 % j\u00e4ljitett\u00e4viss\u00e4. Hell\u00e4varaisen tuotantoprosessimme ansiosta ainesosien ravintoaineet s\u00e4ilyv\u00e4t, auttaen koiraasi pysym\u00e4\u00e4n terveen\u00e4 ja elinvoimaisena pitk\u00e4\u00e4n. SANADOG-makupalat tarjoavat koirallesi vastustamattoman maukkaan ja terveellisen palkintov\u00e4lipalan. Ne eiv\u00e4t murene tai muutu rasvaisiksi, joten niit\u00e4 on helppo kuljettaa taskussa ja ne sopivat erinomaisesti my\u00f6s ulkona tapahtuvaan koulutukseen. Koostumus: 95 % kalkkunanliha, 5 % luonnollinen kasviglyseriini. T\u00e4ydennysrehu koirille. Analyysi: Proteiini \u2013 36 %, rasva \u2013 19 %, kosteus \u2013 8 %, tuhka \u2013 6 %, kuitu \u2013 1 %. T\u00e4ydennysrehu koirille. S\u00e4ilytys: S\u00e4ilyt\u00e4 viile\u00e4ss\u00e4 ja kuivassa paikassa, suojassa suoralta auringonvalolta. Se on niin yksinkertaista! Ruokintasuositus: Sopii pennuille 12 viikon i\u00e4st\u00e4 alkaen.Valvothan koiraasi ruokinnan aikana ja varmista, ett\u00e4 raikasta ja puhdasta juomavett\u00e4 on aina saatavilla.","og_url":"https:\/\/miumjau.ee\/fi\/tuote\/koulutusmakupalat-sana-kalkkunanlihalla-luonnolliset-1-kg\/","og_site_name":"MiuMjau","article_publisher":"https:\/\/www.facebook.com\/miumjaupood\/","og_image":[{"width":600,"height":800,"url":"https:\/\/miumjau.ee\/wp-content\/uploads\/2025\/03\/treeningmaius-sana-kalkun-1kg.webp","type":"image\/webp"}],"twitter_card":"summary_large_image","schema":{"@context":"https:\/\/schema.org","@graph":[{"@type":"WebPage","@id":"https:\/\/miumjau.ee\/fi\/tuote\/koulutusmakupalat-sana-kalkkunanlihalla-luonnolliset-1-kg\/","url":"https:\/\/miumjau.ee\/fi\/tuote\/koulutusmakupalat-sana-kalkkunanlihalla-luonnolliset-1-kg\/","name":"Koulutusmakupalat Sana kalkkunanlihalla, luonnolliset 1 kg - MiuMjau","isPartOf":{"@id":"https:\/\/miumjau.ee\/#website"},"primaryImageOfPage":{"@id":"https:\/\/miumjau.ee\/fi\/tuote\/koulutusmakupalat-sana-kalkkunanlihalla-luonnolliset-1-kg\/#primaryimage"},"image":{"@id":"https:\/\/miumjau.ee\/fi\/tuote\/koulutusmakupalat-sana-kalkkunanlihalla-luonnolliset-1-kg\/#primaryimage"},"thumbnailUrl":"https:\/\/miumjau.ee\/wp-content\/uploads\/2025\/03\/treeningmaius-sana-kalkun-1kg.webp","datePublished":"2025-03-23T11:45:16+00:00","breadcrumb":{"@id":"https:\/\/miumjau.ee\/fi\/tuote\/koulutusmakupalat-sana-kalkkunanlihalla-luonnolliset-1-kg\/#breadcrumb"},"inLanguage":"fi","potentialAction":[{"@type":"ReadAction","target":["https:\/\/miumjau.ee\/fi\/tuote\/koulutusmakupalat-sana-kalkkunanlihalla-luonnolliset-1-kg\/"]}]},{"@type":"ImageObject","inLanguage":"fi","@id":"https:\/\/miumjau.ee\/fi\/tuote\/koulutusmakupalat-sana-kalkkunanlihalla-luonnolliset-1-kg\/#primaryimage","url":"https:\/\/miumjau.ee\/wp-content\/uploads\/2025\/03\/treeningmaius-sana-kalkun-1kg.webp","contentUrl":"https:\/\/miumjau.ee\/wp-content\/uploads\/2025\/03\/treeningmaius-sana-kalkun-1kg.webp","width":600,"height":800,"caption":"Treeningmaius koerale Sana \u00e4mbriga 1 kg"},{"@type":"BreadcrumbList","@id":"https:\/\/miumjau.ee\/fi\/tuote\/koulutusmakupalat-sana-kalkkunanlihalla-luonnolliset-1-kg\/#breadcrumb","itemListElement":[{"@type":"ListItem","position":1,"name":"Home","item":"https:\/\/miumjau.ee\/fi\/"},{"@type":"ListItem","position":2,"name":"Kauppa","item":"https:\/\/miumjau.ee\/fi\/kauppa\/"},{"@type":"ListItem","position":3,"name":"Koulutusmakupalat Sana kalkkunanlihalla, luonnolliset 1 kg"}]},{"@type":"WebSite","@id":"https:\/\/miumjau.ee\/#website","url":"https:\/\/miumjau.ee\/","name":"MiuMjau","description":"Kraapimispuud kassidele","publisher":{"@id":"https:\/\/miumjau.ee\/#organization"},"potentialAction":[{"@type":"SearchAction","target":{"@type":"EntryPoint","urlTemplate":"https:\/\/miumjau.ee\/?s={search_term_string}"},"query-input":{"@type":"PropertyValueSpecification","valueRequired":true,"valueName":"search_term_string"}}],"inLanguage":"fi"},{"@type":"Organization","@id":"https:\/\/miumjau.ee\/#organization","name":"MiuMjau O\u00dc","url":"https:\/\/miumjau.ee\/","logo":{"@type":"ImageObject","inLanguage":"fi","@id":"https:\/\/miumjau.ee\/#\/schema\/logo\/image\/","url":"https:\/\/miumjau.ee\/wp-content\/uploads\/2022\/04\/MiuMjau-logo-kollane.png","contentUrl":"https:\/\/miumjau.ee\/wp-content\/uploads\/2022\/04\/MiuMjau-logo-kollane.png","width":219,"height":100,"caption":"MiuMjau O\u00dc"},"image":{"@id":"https:\/\/miumjau.ee\/#\/schema\/logo\/image\/"},"sameAs":["https:\/\/www.facebook.com\/miumjaupood\/"]}]}},"_links":{"self":[{"href":"https:\/\/miumjau.ee\/fi\/wp-json\/wp\/v2\/product\/55332","targetHints":{"allow":["GET"]}}],"collection":[{"href":"https:\/\/miumjau.ee\/fi\/wp-json\/wp\/v2\/product"}],"about":[{"href":"https:\/\/miumjau.ee\/fi\/wp-json\/wp\/v2\/types\/product"}],"wp:featuredmedia":[{"embeddable":true,"href":"https:\/\/miumjau.ee\/fi\/wp-json\/wp\/v2\/media\/30072"}],"wp:attachment":[{"href":"https:\/\/miumjau.ee\/fi\/wp-json\/wp\/v2\/media?parent=55332"}],"wp:term":[{"taxonomy":"product_brand","embeddable":true,"href":"https:\/\/miumjau.ee\/fi\/wp-json\/wp\/v2\/product_brand?post=55332"},{"taxonomy":"product_cat","embeddable":true,"href":"https:\/\/miumjau.ee\/fi\/wp-json\/wp\/v2\/product_cat?post=55332"},{"taxonomy":"product_tag","embeddable":true,"href":"https:\/\/miumjau.ee\/fi\/wp-json\/wp\/v2\/product_tag?post=55332"}],"curies":[{"name":"wp","href":"https:\/\/api.w.org\/{rel}","templated":true}]}}