{"id":55308,"date":"2025-04-07T15:34:03","date_gmt":"2025-04-07T12:34:03","guid":{"rendered":"https:\/\/miumjau.ee\/toode\/ambrosia-holistic-fresh-lamb-runsaslihainen-koiranruoka-5-kg\/"},"modified":"2025-04-07T15:34:03","modified_gmt":"2025-04-07T12:34:03","slug":"ambrosia-holistic-fresh-lamb-runsaslihainen-koiranruoka-5-kg","status":"publish","type":"product","link":"https:\/\/miumjau.ee\/fi\/tuote\/ambrosia-holistic-fresh-lamb-runsaslihainen-koiranruoka-5-kg\/","title":{"rendered":"Ambrosia Holistic Fresh Lamb, runsaslihainen koiranruoka 5 kg"},"content":{"rendered":"","protected":false},"excerpt":{"rendered":"<p data-start=\"1887\" data-end=\"1983\"><strong data-start=\"1887\" data-end=\"1983\">Ambrosia Fresh Lamb \u2013 Hypoallergeeninen lampaanlihapohjainen superruoka aikuisille koirille!<\/strong><\/p>\n<p data-start=\"1985\" data-end=\"2350\">Ambrosia Fresh Lamb -resepti tuo koiranruoan maailmaan puhdasta ja mureaa lampaanlihaa \u2013 hyvin sulavaa, hypoallergeenista proteiinia, joka sopii erinomaisesti my\u00f6s herkk\u00e4vatsaisille koirille. V\u00e4limerellinen vivahde syntyy oliivi\u00f6ljyst\u00e4, yrteist\u00e4 ja hedelmist\u00e4, tarjoten tasapainoisen antioksidanttien yhdistelm\u00e4n, joka tukee koirasi yleist\u00e4 terveytt\u00e4 ja elinvoimaa.<\/p>\n<p data-start=\"2352\" data-end=\"2825\">Puhdas koostumus, puhdas maku \u2013 kehitetty koirasi hyvinvointia ajatellen.<br data-start=\"2425\" data-end=\"2428\" \/>\ud83d\udc11 Tuore lampaanliha \u2013 laadukas ja helposti sulava proteiini lihasten vahvistamiseen.<br data-start=\"2513\" data-end=\"2516\" \/>Oliivi\u00f6ljy \u2013 luonnollinen rasvanl\u00e4hde, joka tukee ihon ja turkin terveytt\u00e4.<br data-start=\"2591\" data-end=\"2594\" \/>\ud83c\udf4f V\u00e4limeren hedelm\u00e4t &amp; yrtit \u2013 luonnollisia antioksidantteja ja ruoansulatusta tukevia ainesosia.<br data-start=\"2692\" data-end=\"2695\" \/>\ud83e\udda0 Pre- ja probiootit \u2013 tukevat ruoansulatusta ja vahvistavat immuunij\u00e4rjestelm\u00e4\u00e4.<br data-start=\"2777\" data-end=\"2780\" \/>\ud83d\udc93 Lis\u00e4tty tauriini \u2013 syd\u00e4men hyvinvoinnille.<\/p>\n<p data-start=\"2827\" data-end=\"3250\"><strong data-start=\"2827\" data-end=\"2841\">Koostumus:<\/strong> Lammas 60 % (sis\u00e4lt\u00e4\u00e4 tuoretta lampaanlihaa 30 %, kuivattua lampaanlihaa 22 %, lampaanrasvaa 5 %, hydrolysoitua lampaanproteiinia 3 %), bataatti, kokonaiset herneet, kuivattu sinimailanen, kuivattu juurikasmassa, sikurijuuri (inuliinin ja FOS:n l\u00e4hde 1 %), oliivi\u00f6ljy (0,5 %), pellavansiemen, MOS (mannaani-oligosakkaridit 0,15 %), kuivattu omena, tomaatti, sarviapila, p\u00e4\u00e4ryn\u00e4, appelsiini, oregano, timjami.<\/p>\n<p data-start=\"3252\" data-end=\"3368\"><strong data-start=\"3252\" data-end=\"3276\">Lis\u00e4aineet (per kg):<\/strong> A-vitamiini \u2013 24 000 IU, D3-vitamiini \u2013 2 000 IU, E-vitamiini \u2013 200 mg, tauriini \u2013 1 500 mg<\/p>\n<p data-start=\"3370\" data-end=\"3556\"><strong data-start=\"3370\" data-end=\"3397\">Analyyttinen koostumus:<\/strong> Raakavalkuainen 27 %, raakarasva 17 %, omega-3-rasvahapot 0,4 %, omega-6-rasvahapot 1,3 %, raakakuitu 4,5 %, tuhka 10 %, kosteus 9 %, kalsium 2 %, fosfori 1 %<\/p>\n<p data-start=\"3558\" data-end=\"3600\"><strong data-start=\"3558\" data-end=\"3586\">Metabolisoituva energia:<\/strong> 3 633 kcal\/kg<\/p>\n<p data-start=\"3602\" data-end=\"3712\">\ud83d\udc9a Ambrosia Fresh Lamb \u2013 puhdasta lampaanlihaa, puhdasta energiaa \u2013 luotu koirille, jotka ansaitsevat parasta!<\/p>\n","protected":false},"featured_media":31899,"template":"","meta":[],"product_brand":[],"product_cat":[478],"product_tag":[],"class_list":{"0":"post-55308","1":"product","2":"type-product","3":"status-publish","4":"has-post-thumbnail","6":"product_cat-kuivaruoka-koirille","8":"first","9":"instock","10":"sale","11":"taxable","12":"shipping-taxable","13":"purchasable","14":"product-type-simple"},"yoast_head":"<!-- This site is optimized with the Yoast SEO plugin v27.2 - https:\/\/yoast.com\/product\/yoast-seo-wordpress\/ -->\n<title>Ambrosia Holistic Fresh Lamb, runsaslihainen koiranruoka 5 kg - MiuMjau<\/title>\n<meta name=\"robots\" content=\"index, follow, max-snippet:-1, max-image-preview:large, max-video-preview:-1\" \/>\n<link rel=\"canonical\" href=\"https:\/\/miumjau.ee\/fi\/tuote\/ambrosia-holistic-fresh-lamb-runsaslihainen-koiranruoka-5-kg\/\" \/>\n<meta property=\"og:locale\" content=\"fi_FI\" \/>\n<meta property=\"og:type\" content=\"article\" \/>\n<meta property=\"og:title\" content=\"Ambrosia Holistic Fresh Lamb, runsaslihainen koiranruoka 5 kg - MiuMjau\" \/>\n<meta property=\"og:description\" content=\"Ambrosia Fresh Lamb \u2013 Hypoallergeeninen lampaanlihapohjainen superruoka aikuisille koirille! Ambrosia Fresh Lamb -resepti tuo koiranruoan maailmaan puhdasta ja mureaa lampaanlihaa \u2013 hyvin sulavaa, hypoallergeenista proteiinia, joka sopii erinomaisesti my\u00f6s herkk\u00e4vatsaisille koirille. V\u00e4limerellinen vivahde syntyy oliivi\u00f6ljyst\u00e4, yrteist\u00e4 ja hedelmist\u00e4, tarjoten tasapainoisen antioksidanttien yhdistelm\u00e4n, joka tukee koirasi yleist\u00e4 terveytt\u00e4 ja elinvoimaa. Puhdas koostumus, puhdas maku \u2013 kehitetty koirasi hyvinvointia ajatellen.\ud83d\udc11 Tuore lampaanliha \u2013 laadukas ja helposti sulava proteiini lihasten vahvistamiseen.Oliivi\u00f6ljy \u2013 luonnollinen rasvanl\u00e4hde, joka tukee ihon ja turkin terveytt\u00e4.\ud83c\udf4f V\u00e4limeren hedelm\u00e4t &amp; yrtit \u2013 luonnollisia antioksidantteja ja ruoansulatusta tukevia ainesosia.\ud83e\udda0 Pre- ja probiootit \u2013 tukevat ruoansulatusta ja vahvistavat immuunij\u00e4rjestelm\u00e4\u00e4.\ud83d\udc93 Lis\u00e4tty tauriini \u2013 syd\u00e4men hyvinvoinnille. Koostumus: Lammas 60 % (sis\u00e4lt\u00e4\u00e4 tuoretta lampaanlihaa 30 %, kuivattua lampaanlihaa 22 %, lampaanrasvaa 5 %, hydrolysoitua lampaanproteiinia 3 %), bataatti, kokonaiset herneet, kuivattu sinimailanen, kuivattu juurikasmassa, sikurijuuri (inuliinin ja FOS:n l\u00e4hde 1 %), oliivi\u00f6ljy (0,5 %), pellavansiemen, MOS (mannaani-oligosakkaridit 0,15 %), kuivattu omena, tomaatti, sarviapila, p\u00e4\u00e4ryn\u00e4, appelsiini, oregano, timjami. Lis\u00e4aineet (per kg): A-vitamiini \u2013 24 000 IU, D3-vitamiini \u2013 2 000 IU, E-vitamiini \u2013 200 mg, tauriini \u2013 1 500 mg Analyyttinen koostumus: Raakavalkuainen 27 %, raakarasva 17 %, omega-3-rasvahapot 0,4 %, omega-6-rasvahapot 1,3 %, raakakuitu 4,5 %, tuhka 10 %, kosteus 9 %, kalsium 2 %, fosfori 1 % Metabolisoituva energia: 3 633 kcal\/kg \ud83d\udc9a Ambrosia Fresh Lamb \u2013 puhdasta lampaanlihaa, puhdasta energiaa \u2013 luotu koirille, jotka ansaitsevat parasta!\" \/>\n<meta property=\"og:url\" content=\"https:\/\/miumjau.ee\/fi\/tuote\/ambrosia-holistic-fresh-lamb-runsaslihainen-koiranruoka-5-kg\/\" \/>\n<meta property=\"og:site_name\" content=\"MiuMjau\" \/>\n<meta property=\"article:publisher\" content=\"https:\/\/www.facebook.com\/miumjaupood\/\" \/>\n<meta property=\"og:image\" content=\"https:\/\/miumjau.ee\/wp-content\/uploads\/2025\/04\/ambrosia-adult-fresh-lamb-Photoroom.webp\" \/>\n\t<meta property=\"og:image:width\" content=\"600\" \/>\n\t<meta property=\"og:image:height\" content=\"800\" \/>\n\t<meta property=\"og:image:type\" content=\"image\/webp\" \/>\n<meta name=\"twitter:card\" content=\"summary_large_image\" \/>\n<script type=\"application\/ld+json\" class=\"yoast-schema-graph\">{\"@context\":\"https:\/\/schema.org\",\"@graph\":[{\"@type\":\"WebPage\",\"@id\":\"https:\/\/miumjau.ee\/fi\/tuote\/ambrosia-holistic-fresh-lamb-runsaslihainen-koiranruoka-5-kg\/\",\"url\":\"https:\/\/miumjau.ee\/fi\/tuote\/ambrosia-holistic-fresh-lamb-runsaslihainen-koiranruoka-5-kg\/\",\"name\":\"Ambrosia Holistic Fresh Lamb, runsaslihainen koiranruoka 5 kg - MiuMjau\",\"isPartOf\":{\"@id\":\"https:\/\/miumjau.ee\/#website\"},\"primaryImageOfPage\":{\"@id\":\"https:\/\/miumjau.ee\/fi\/tuote\/ambrosia-holistic-fresh-lamb-runsaslihainen-koiranruoka-5-kg\/#primaryimage\"},\"image\":{\"@id\":\"https:\/\/miumjau.ee\/fi\/tuote\/ambrosia-holistic-fresh-lamb-runsaslihainen-koiranruoka-5-kg\/#primaryimage\"},\"thumbnailUrl\":\"https:\/\/miumjau.ee\/wp-content\/uploads\/2025\/04\/ambrosia-adult-fresh-lamb-Photoroom.webp\",\"datePublished\":\"2025-04-07T12:34:03+00:00\",\"breadcrumb\":{\"@id\":\"https:\/\/miumjau.ee\/fi\/tuote\/ambrosia-holistic-fresh-lamb-runsaslihainen-koiranruoka-5-kg\/#breadcrumb\"},\"inLanguage\":\"fi\",\"potentialAction\":[{\"@type\":\"ReadAction\",\"target\":[\"https:\/\/miumjau.ee\/fi\/tuote\/ambrosia-holistic-fresh-lamb-runsaslihainen-koiranruoka-5-kg\/\"]}]},{\"@type\":\"ImageObject\",\"inLanguage\":\"fi\",\"@id\":\"https:\/\/miumjau.ee\/fi\/tuote\/ambrosia-holistic-fresh-lamb-runsaslihainen-koiranruoka-5-kg\/#primaryimage\",\"url\":\"https:\/\/miumjau.ee\/wp-content\/uploads\/2025\/04\/ambrosia-adult-fresh-lamb-Photoroom.webp\",\"contentUrl\":\"https:\/\/miumjau.ee\/wp-content\/uploads\/2025\/04\/ambrosia-adult-fresh-lamb-Photoroom.webp\",\"width\":600,\"height\":800,\"caption\":\"Ambrosia Holistic Fresh Lamb, liharohke koeratoit 5kg\"},{\"@type\":\"BreadcrumbList\",\"@id\":\"https:\/\/miumjau.ee\/fi\/tuote\/ambrosia-holistic-fresh-lamb-runsaslihainen-koiranruoka-5-kg\/#breadcrumb\",\"itemListElement\":[{\"@type\":\"ListItem\",\"position\":1,\"name\":\"Home\",\"item\":\"https:\/\/miumjau.ee\/fi\/\"},{\"@type\":\"ListItem\",\"position\":2,\"name\":\"Kauppa\",\"item\":\"https:\/\/miumjau.ee\/fi\/kauppa\/\"},{\"@type\":\"ListItem\",\"position\":3,\"name\":\"Ambrosia Holistic Fresh Lamb, runsaslihainen koiranruoka 5 kg\"}]},{\"@type\":\"WebSite\",\"@id\":\"https:\/\/miumjau.ee\/#website\",\"url\":\"https:\/\/miumjau.ee\/\",\"name\":\"MiuMjau\",\"description\":\"Kraapimispuud kassidele\",\"publisher\":{\"@id\":\"https:\/\/miumjau.ee\/#organization\"},\"potentialAction\":[{\"@type\":\"SearchAction\",\"target\":{\"@type\":\"EntryPoint\",\"urlTemplate\":\"https:\/\/miumjau.ee\/?s={search_term_string}\"},\"query-input\":{\"@type\":\"PropertyValueSpecification\",\"valueRequired\":true,\"valueName\":\"search_term_string\"}}],\"inLanguage\":\"fi\"},{\"@type\":\"Organization\",\"@id\":\"https:\/\/miumjau.ee\/#organization\",\"name\":\"MiuMjau O\u00dc\",\"url\":\"https:\/\/miumjau.ee\/\",\"logo\":{\"@type\":\"ImageObject\",\"inLanguage\":\"fi\",\"@id\":\"https:\/\/miumjau.ee\/#\/schema\/logo\/image\/\",\"url\":\"https:\/\/miumjau.ee\/wp-content\/uploads\/2022\/04\/MiuMjau-logo-kollane.png\",\"contentUrl\":\"https:\/\/miumjau.ee\/wp-content\/uploads\/2022\/04\/MiuMjau-logo-kollane.png\",\"width\":219,\"height\":100,\"caption\":\"MiuMjau O\u00dc\"},\"image\":{\"@id\":\"https:\/\/miumjau.ee\/#\/schema\/logo\/image\/\"},\"sameAs\":[\"https:\/\/www.facebook.com\/miumjaupood\/\"]}]}<\/script>\n<!-- \/ Yoast SEO plugin. -->","yoast_head_json":{"title":"Ambrosia Holistic Fresh Lamb, runsaslihainen koiranruoka 5 kg - MiuMjau","robots":{"index":"index","follow":"follow","max-snippet":"max-snippet:-1","max-image-preview":"max-image-preview:large","max-video-preview":"max-video-preview:-1"},"canonical":"https:\/\/miumjau.ee\/fi\/tuote\/ambrosia-holistic-fresh-lamb-runsaslihainen-koiranruoka-5-kg\/","og_locale":"fi_FI","og_type":"article","og_title":"Ambrosia Holistic Fresh Lamb, runsaslihainen koiranruoka 5 kg - MiuMjau","og_description":"Ambrosia Fresh Lamb \u2013 Hypoallergeeninen lampaanlihapohjainen superruoka aikuisille koirille! Ambrosia Fresh Lamb -resepti tuo koiranruoan maailmaan puhdasta ja mureaa lampaanlihaa \u2013 hyvin sulavaa, hypoallergeenista proteiinia, joka sopii erinomaisesti my\u00f6s herkk\u00e4vatsaisille koirille. V\u00e4limerellinen vivahde syntyy oliivi\u00f6ljyst\u00e4, yrteist\u00e4 ja hedelmist\u00e4, tarjoten tasapainoisen antioksidanttien yhdistelm\u00e4n, joka tukee koirasi yleist\u00e4 terveytt\u00e4 ja elinvoimaa. Puhdas koostumus, puhdas maku \u2013 kehitetty koirasi hyvinvointia ajatellen.\ud83d\udc11 Tuore lampaanliha \u2013 laadukas ja helposti sulava proteiini lihasten vahvistamiseen.Oliivi\u00f6ljy \u2013 luonnollinen rasvanl\u00e4hde, joka tukee ihon ja turkin terveytt\u00e4.\ud83c\udf4f V\u00e4limeren hedelm\u00e4t &amp; yrtit \u2013 luonnollisia antioksidantteja ja ruoansulatusta tukevia ainesosia.\ud83e\udda0 Pre- ja probiootit \u2013 tukevat ruoansulatusta ja vahvistavat immuunij\u00e4rjestelm\u00e4\u00e4.\ud83d\udc93 Lis\u00e4tty tauriini \u2013 syd\u00e4men hyvinvoinnille. Koostumus: Lammas 60 % (sis\u00e4lt\u00e4\u00e4 tuoretta lampaanlihaa 30 %, kuivattua lampaanlihaa 22 %, lampaanrasvaa 5 %, hydrolysoitua lampaanproteiinia 3 %), bataatti, kokonaiset herneet, kuivattu sinimailanen, kuivattu juurikasmassa, sikurijuuri (inuliinin ja FOS:n l\u00e4hde 1 %), oliivi\u00f6ljy (0,5 %), pellavansiemen, MOS (mannaani-oligosakkaridit 0,15 %), kuivattu omena, tomaatti, sarviapila, p\u00e4\u00e4ryn\u00e4, appelsiini, oregano, timjami. Lis\u00e4aineet (per kg): A-vitamiini \u2013 24 000 IU, D3-vitamiini \u2013 2 000 IU, E-vitamiini \u2013 200 mg, tauriini \u2013 1 500 mg Analyyttinen koostumus: Raakavalkuainen 27 %, raakarasva 17 %, omega-3-rasvahapot 0,4 %, omega-6-rasvahapot 1,3 %, raakakuitu 4,5 %, tuhka 10 %, kosteus 9 %, kalsium 2 %, fosfori 1 % Metabolisoituva energia: 3 633 kcal\/kg \ud83d\udc9a Ambrosia Fresh Lamb \u2013 puhdasta lampaanlihaa, puhdasta energiaa \u2013 luotu koirille, jotka ansaitsevat parasta!","og_url":"https:\/\/miumjau.ee\/fi\/tuote\/ambrosia-holistic-fresh-lamb-runsaslihainen-koiranruoka-5-kg\/","og_site_name":"MiuMjau","article_publisher":"https:\/\/www.facebook.com\/miumjaupood\/","og_image":[{"width":600,"height":800,"url":"https:\/\/miumjau.ee\/wp-content\/uploads\/2025\/04\/ambrosia-adult-fresh-lamb-Photoroom.webp","type":"image\/webp"}],"twitter_card":"summary_large_image","schema":{"@context":"https:\/\/schema.org","@graph":[{"@type":"WebPage","@id":"https:\/\/miumjau.ee\/fi\/tuote\/ambrosia-holistic-fresh-lamb-runsaslihainen-koiranruoka-5-kg\/","url":"https:\/\/miumjau.ee\/fi\/tuote\/ambrosia-holistic-fresh-lamb-runsaslihainen-koiranruoka-5-kg\/","name":"Ambrosia Holistic Fresh Lamb, runsaslihainen koiranruoka 5 kg - MiuMjau","isPartOf":{"@id":"https:\/\/miumjau.ee\/#website"},"primaryImageOfPage":{"@id":"https:\/\/miumjau.ee\/fi\/tuote\/ambrosia-holistic-fresh-lamb-runsaslihainen-koiranruoka-5-kg\/#primaryimage"},"image":{"@id":"https:\/\/miumjau.ee\/fi\/tuote\/ambrosia-holistic-fresh-lamb-runsaslihainen-koiranruoka-5-kg\/#primaryimage"},"thumbnailUrl":"https:\/\/miumjau.ee\/wp-content\/uploads\/2025\/04\/ambrosia-adult-fresh-lamb-Photoroom.webp","datePublished":"2025-04-07T12:34:03+00:00","breadcrumb":{"@id":"https:\/\/miumjau.ee\/fi\/tuote\/ambrosia-holistic-fresh-lamb-runsaslihainen-koiranruoka-5-kg\/#breadcrumb"},"inLanguage":"fi","potentialAction":[{"@type":"ReadAction","target":["https:\/\/miumjau.ee\/fi\/tuote\/ambrosia-holistic-fresh-lamb-runsaslihainen-koiranruoka-5-kg\/"]}]},{"@type":"ImageObject","inLanguage":"fi","@id":"https:\/\/miumjau.ee\/fi\/tuote\/ambrosia-holistic-fresh-lamb-runsaslihainen-koiranruoka-5-kg\/#primaryimage","url":"https:\/\/miumjau.ee\/wp-content\/uploads\/2025\/04\/ambrosia-adult-fresh-lamb-Photoroom.webp","contentUrl":"https:\/\/miumjau.ee\/wp-content\/uploads\/2025\/04\/ambrosia-adult-fresh-lamb-Photoroom.webp","width":600,"height":800,"caption":"Ambrosia Holistic Fresh Lamb, liharohke koeratoit 5kg"},{"@type":"BreadcrumbList","@id":"https:\/\/miumjau.ee\/fi\/tuote\/ambrosia-holistic-fresh-lamb-runsaslihainen-koiranruoka-5-kg\/#breadcrumb","itemListElement":[{"@type":"ListItem","position":1,"name":"Home","item":"https:\/\/miumjau.ee\/fi\/"},{"@type":"ListItem","position":2,"name":"Kauppa","item":"https:\/\/miumjau.ee\/fi\/kauppa\/"},{"@type":"ListItem","position":3,"name":"Ambrosia Holistic Fresh Lamb, runsaslihainen koiranruoka 5 kg"}]},{"@type":"WebSite","@id":"https:\/\/miumjau.ee\/#website","url":"https:\/\/miumjau.ee\/","name":"MiuMjau","description":"Kraapimispuud kassidele","publisher":{"@id":"https:\/\/miumjau.ee\/#organization"},"potentialAction":[{"@type":"SearchAction","target":{"@type":"EntryPoint","urlTemplate":"https:\/\/miumjau.ee\/?s={search_term_string}"},"query-input":{"@type":"PropertyValueSpecification","valueRequired":true,"valueName":"search_term_string"}}],"inLanguage":"fi"},{"@type":"Organization","@id":"https:\/\/miumjau.ee\/#organization","name":"MiuMjau O\u00dc","url":"https:\/\/miumjau.ee\/","logo":{"@type":"ImageObject","inLanguage":"fi","@id":"https:\/\/miumjau.ee\/#\/schema\/logo\/image\/","url":"https:\/\/miumjau.ee\/wp-content\/uploads\/2022\/04\/MiuMjau-logo-kollane.png","contentUrl":"https:\/\/miumjau.ee\/wp-content\/uploads\/2022\/04\/MiuMjau-logo-kollane.png","width":219,"height":100,"caption":"MiuMjau O\u00dc"},"image":{"@id":"https:\/\/miumjau.ee\/#\/schema\/logo\/image\/"},"sameAs":["https:\/\/www.facebook.com\/miumjaupood\/"]}]}},"_links":{"self":[{"href":"https:\/\/miumjau.ee\/fi\/wp-json\/wp\/v2\/product\/55308","targetHints":{"allow":["GET"]}}],"collection":[{"href":"https:\/\/miumjau.ee\/fi\/wp-json\/wp\/v2\/product"}],"about":[{"href":"https:\/\/miumjau.ee\/fi\/wp-json\/wp\/v2\/types\/product"}],"wp:featuredmedia":[{"embeddable":true,"href":"https:\/\/miumjau.ee\/fi\/wp-json\/wp\/v2\/media\/31899"}],"wp:attachment":[{"href":"https:\/\/miumjau.ee\/fi\/wp-json\/wp\/v2\/media?parent=55308"}],"wp:term":[{"taxonomy":"product_brand","embeddable":true,"href":"https:\/\/miumjau.ee\/fi\/wp-json\/wp\/v2\/product_brand?post=55308"},{"taxonomy":"product_cat","embeddable":true,"href":"https:\/\/miumjau.ee\/fi\/wp-json\/wp\/v2\/product_cat?post=55308"},{"taxonomy":"product_tag","embeddable":true,"href":"https:\/\/miumjau.ee\/fi\/wp-json\/wp\/v2\/product_tag?post=55308"}],"curies":[{"name":"wp","href":"https:\/\/api.w.org\/{rel}","templated":true}]}}