{"id":55252,"date":"2026-01-27T09:47:27","date_gmt":"2026-01-27T07:47:27","guid":{"rendered":"https:\/\/miumjau.ee\/toode\/cozy-dog-bunny-lammitettava-koiran-lelu\/"},"modified":"2026-01-27T09:47:27","modified_gmt":"2026-01-27T07:47:27","slug":"cozy-dog-bunny-lammitettava-koiran-lelu","status":"publish","type":"product","link":"https:\/\/miumjau.ee\/fi\/tuote\/cozy-dog-bunny-lammitettava-koiran-lelu\/","title":{"rendered":"Cozy Dog Bunny l\u00e4mmitett\u00e4v\u00e4 koiran lelu"},"content":{"rendered":"","protected":false},"excerpt":{"rendered":"<p data-start=\"3893\" data-end=\"4158\"><strong data-start=\"3893\" data-end=\"3940\">Cozy Dog Bunny \u2013 hellytt\u00e4v\u00e4 pupu koirallesi<\/strong><br data-start=\"3940\" data-end=\"3943\" \/>Tarjoa koirallesi l\u00e4mp\u00f6\u00e4 ja lohtua suloisen Cozy Dog Bunny -lelun avulla! T\u00e4m\u00e4 pehmolelu ei ole vain pehme\u00e4, vaan siin\u00e4 on syd\u00e4menmuotoinen laite, joka aktivoituessaan j\u00e4ljittelee syd\u00e4menly\u00f6ntej\u00e4 10 minuutin ajan.<\/p>\n<p data-start=\"4160\" data-end=\"4473\">Jokaisen Cozy Dog Bunny -lelun mukana tulee erillinen pussukka turmaliinikivill\u00e4, jonka voi lyhyesti l\u00e4mmitt\u00e4\u00e4 mikrossa. Lelu luovuttaa lempe\u00e4\u00e4 l\u00e4mp\u00f6\u00e4. L\u00e4mm\u00f6n, laventelin ja syd\u00e4menly\u00f6ntien yhdistelm\u00e4 rauhoittaa koiraa. Sopii pennuille, ahdistuneille koirille tai hetkiin, jolloin tarvitaan ylim\u00e4\u00e4r\u00e4ist\u00e4 lohtua.<\/p>\n<p data-start=\"4475\" data-end=\"4493\"><strong data-start=\"4475\" data-end=\"4491\">K\u00e4ytt\u00f6ohjeet<\/strong><\/p>\n<ol data-start=\"4494\" data-end=\"4797\">\n<li data-section-id=\"z7lj4a\" data-start=\"4494\" data-end=\"4536\">\n<p data-start=\"4497\" data-end=\"4536\">Ota turmaliinikivipussi lelu sis\u00e4lt\u00e4.<\/p>\n<\/li>\n<li data-section-id=\"178l8qk\" data-start=\"4537\" data-end=\"4571\">\n<p data-start=\"4540\" data-end=\"4571\">Aseta pussi mikroaaltouuniin.<\/p>\n<\/li>\n<li data-section-id=\"sai30a\" data-start=\"4572\" data-end=\"4628\">\n<p data-start=\"4575\" data-end=\"4628\">Varoitus: Liian pitk\u00e4 l\u00e4mmitys voi sulattaa pussin.<\/p>\n<\/li>\n<li data-section-id=\"1809089\" data-start=\"4629\" data-end=\"4689\">\n<p data-start=\"4632\" data-end=\"4689\">L\u00e4mmit\u00e4 ensin 10 sekuntia ja tarkista kivien l\u00e4mp\u00f6tila.<\/p>\n<\/li>\n<li data-section-id=\"13aual1\" data-start=\"4690\" data-end=\"4797\">\n<p data-start=\"4693\" data-end=\"4797\">L\u00e4mmit\u00e4 asteittain, jotta kivet eiv\u00e4t kuumene liikaa; kukaan ei halua polttaa itse\u00e4\u00e4n tai lemmikki\u00e4\u00e4n.<\/p>\n<\/li>\n<\/ol>\n<p data-start=\"4799\" data-end=\"4854\"><strong data-start=\"4799\" data-end=\"4811\">T\u00e4rke\u00e4\u00e4:<\/strong> T\u00e4m\u00e4 ei ole purulelu, k\u00e4yt\u00e4 valvonnassa.<\/p>\n<p data-start=\"4856\" data-end=\"4873\"><strong data-start=\"4856\" data-end=\"4871\">Tuotetiedot<\/strong><\/p>\n<ul data-start=\"4874\" data-end=\"4994\">\n<li data-section-id=\"8x26kg\" data-start=\"4874\" data-end=\"4895\">\n<p data-start=\"4876\" data-end=\"4895\">Mitat: 20 x 30 cm<\/p>\n<\/li>\n<li data-section-id=\"ukkred\" data-start=\"4896\" data-end=\"4994\">\n<p data-start=\"4898\" data-end=\"4994\">Ominaisuudet: Syd\u00e4menly\u00f6ntien simulointi, l\u00e4mmitett\u00e4v\u00e4 pussukka, rauhoittava laventelin tuoksu<\/p>\n<\/li>\n<\/ul>\n","protected":false},"featured_media":53055,"template":"","meta":[],"product_brand":[],"product_cat":[484],"product_tag":[],"class_list":{"0":"post-55252","1":"product","2":"type-product","3":"status-publish","4":"has-post-thumbnail","6":"product_cat-lelut-koirille","8":"first","9":"instock","10":"taxable","11":"shipping-taxable","12":"purchasable","13":"product-type-simple"},"yoast_head":"<!-- This site is optimized with the Yoast SEO plugin v27.4 - https:\/\/yoast.com\/product\/yoast-seo-wordpress\/ -->\n<title>Cozy Dog Bunny l\u00e4mmitett\u00e4v\u00e4 koiran lelu - MiuMjau<\/title>\n<meta name=\"robots\" content=\"index, follow, max-snippet:-1, max-image-preview:large, max-video-preview:-1\" \/>\n<link rel=\"canonical\" href=\"https:\/\/miumjau.ee\/fi\/tuote\/cozy-dog-bunny-lammitettava-koiran-lelu\/\" \/>\n<meta property=\"og:locale\" content=\"fi_FI\" \/>\n<meta property=\"og:type\" content=\"article\" \/>\n<meta property=\"og:title\" content=\"Cozy Dog Bunny l\u00e4mmitett\u00e4v\u00e4 koiran lelu - MiuMjau\" \/>\n<meta property=\"og:description\" content=\"Cozy Dog Bunny \u2013 hellytt\u00e4v\u00e4 pupu koirallesiTarjoa koirallesi l\u00e4mp\u00f6\u00e4 ja lohtua suloisen Cozy Dog Bunny -lelun avulla! T\u00e4m\u00e4 pehmolelu ei ole vain pehme\u00e4, vaan siin\u00e4 on syd\u00e4menmuotoinen laite, joka aktivoituessaan j\u00e4ljittelee syd\u00e4menly\u00f6ntej\u00e4 10 minuutin ajan. Jokaisen Cozy Dog Bunny -lelun mukana tulee erillinen pussukka turmaliinikivill\u00e4, jonka voi lyhyesti l\u00e4mmitt\u00e4\u00e4 mikrossa. Lelu luovuttaa lempe\u00e4\u00e4 l\u00e4mp\u00f6\u00e4. L\u00e4mm\u00f6n, laventelin ja syd\u00e4menly\u00f6ntien yhdistelm\u00e4 rauhoittaa koiraa. Sopii pennuille, ahdistuneille koirille tai hetkiin, jolloin tarvitaan ylim\u00e4\u00e4r\u00e4ist\u00e4 lohtua. K\u00e4ytt\u00f6ohjeet     Ota turmaliinikivipussi lelu sis\u00e4lt\u00e4.    Aseta pussi mikroaaltouuniin.    Varoitus: Liian pitk\u00e4 l\u00e4mmitys voi sulattaa pussin.    L\u00e4mmit\u00e4 ensin 10 sekuntia ja tarkista kivien l\u00e4mp\u00f6tila.    L\u00e4mmit\u00e4 asteittain, jotta kivet eiv\u00e4t kuumene liikaa; kukaan ei halua polttaa itse\u00e4\u00e4n tai lemmikki\u00e4\u00e4n.   T\u00e4rke\u00e4\u00e4: T\u00e4m\u00e4 ei ole purulelu, k\u00e4yt\u00e4 valvonnassa. Tuotetiedot     Mitat: 20 x 30 cm    Ominaisuudet: Syd\u00e4menly\u00f6ntien simulointi, l\u00e4mmitett\u00e4v\u00e4 pussukka, rauhoittava laventelin tuoksu\" \/>\n<meta property=\"og:url\" content=\"https:\/\/miumjau.ee\/fi\/tuote\/cozy-dog-bunny-lammitettava-koiran-lelu\/\" \/>\n<meta property=\"og:site_name\" content=\"MiuMjau\" \/>\n<meta property=\"article:publisher\" content=\"https:\/\/www.facebook.com\/miumjaupood\/\" \/>\n<meta property=\"og:image\" content=\"https:\/\/miumjau.ee\/wp-content\/uploads\/2026\/01\/manguasi-koerale-roheline-janes2.jpg\" \/>\n\t<meta property=\"og:image:width\" content=\"600\" \/>\n\t<meta property=\"og:image:height\" content=\"800\" \/>\n\t<meta property=\"og:image:type\" content=\"image\/jpeg\" \/>\n<meta name=\"twitter:card\" content=\"summary_large_image\" \/>\n<script type=\"application\/ld+json\" class=\"yoast-schema-graph\">{\"@context\":\"https:\\\/\\\/schema.org\",\"@graph\":[{\"@type\":\"WebPage\",\"@id\":\"https:\\\/\\\/miumjau.ee\\\/fi\\\/tuote\\\/cozy-dog-bunny-lammitettava-koiran-lelu\\\/\",\"url\":\"https:\\\/\\\/miumjau.ee\\\/fi\\\/tuote\\\/cozy-dog-bunny-lammitettava-koiran-lelu\\\/\",\"name\":\"Cozy Dog Bunny l\u00e4mmitett\u00e4v\u00e4 koiran lelu - MiuMjau\",\"isPartOf\":{\"@id\":\"https:\\\/\\\/miumjau.ee\\\/#website\"},\"primaryImageOfPage\":{\"@id\":\"https:\\\/\\\/miumjau.ee\\\/fi\\\/tuote\\\/cozy-dog-bunny-lammitettava-koiran-lelu\\\/#primaryimage\"},\"image\":{\"@id\":\"https:\\\/\\\/miumjau.ee\\\/fi\\\/tuote\\\/cozy-dog-bunny-lammitettava-koiran-lelu\\\/#primaryimage\"},\"thumbnailUrl\":\"https:\\\/\\\/miumjau.ee\\\/wp-content\\\/uploads\\\/2026\\\/01\\\/manguasi-koerale-roheline-janes2.jpg\",\"datePublished\":\"2026-01-27T07:47:27+00:00\",\"breadcrumb\":{\"@id\":\"https:\\\/\\\/miumjau.ee\\\/fi\\\/tuote\\\/cozy-dog-bunny-lammitettava-koiran-lelu\\\/#breadcrumb\"},\"inLanguage\":\"fi\",\"potentialAction\":[{\"@type\":\"ReadAction\",\"target\":[\"https:\\\/\\\/miumjau.ee\\\/fi\\\/tuote\\\/cozy-dog-bunny-lammitettava-koiran-lelu\\\/\"]}]},{\"@type\":\"ImageObject\",\"inLanguage\":\"fi\",\"@id\":\"https:\\\/\\\/miumjau.ee\\\/fi\\\/tuote\\\/cozy-dog-bunny-lammitettava-koiran-lelu\\\/#primaryimage\",\"url\":\"https:\\\/\\\/miumjau.ee\\\/wp-content\\\/uploads\\\/2026\\\/01\\\/manguasi-koerale-roheline-janes2.jpg\",\"contentUrl\":\"https:\\\/\\\/miumjau.ee\\\/wp-content\\\/uploads\\\/2026\\\/01\\\/manguasi-koerale-roheline-janes2.jpg\",\"width\":600,\"height\":800,\"caption\":\"Cozy Dog Bunny soojendusega m\u00e4nguasi koerale\"},{\"@type\":\"BreadcrumbList\",\"@id\":\"https:\\\/\\\/miumjau.ee\\\/fi\\\/tuote\\\/cozy-dog-bunny-lammitettava-koiran-lelu\\\/#breadcrumb\",\"itemListElement\":[{\"@type\":\"ListItem\",\"position\":1,\"name\":\"Home\",\"item\":\"https:\\\/\\\/miumjau.ee\\\/fi\\\/\"},{\"@type\":\"ListItem\",\"position\":2,\"name\":\"Kauppa\",\"item\":\"https:\\\/\\\/miumjau.ee\\\/fi\\\/kauppa\\\/\"},{\"@type\":\"ListItem\",\"position\":3,\"name\":\"Cozy Dog Bunny l\u00e4mmitett\u00e4v\u00e4 koiran lelu\"}]},{\"@type\":\"WebSite\",\"@id\":\"https:\\\/\\\/miumjau.ee\\\/#website\",\"url\":\"https:\\\/\\\/miumjau.ee\\\/\",\"name\":\"MiuMjau\",\"description\":\"Kraapimispuud kassidele\",\"publisher\":{\"@id\":\"https:\\\/\\\/miumjau.ee\\\/#organization\"},\"potentialAction\":[{\"@type\":\"SearchAction\",\"target\":{\"@type\":\"EntryPoint\",\"urlTemplate\":\"https:\\\/\\\/miumjau.ee\\\/?s={search_term_string}\"},\"query-input\":{\"@type\":\"PropertyValueSpecification\",\"valueRequired\":true,\"valueName\":\"search_term_string\"}}],\"inLanguage\":\"fi\"},{\"@type\":\"Organization\",\"@id\":\"https:\\\/\\\/miumjau.ee\\\/#organization\",\"name\":\"MiuMjau O\u00dc\",\"url\":\"https:\\\/\\\/miumjau.ee\\\/\",\"logo\":{\"@type\":\"ImageObject\",\"inLanguage\":\"fi\",\"@id\":\"https:\\\/\\\/miumjau.ee\\\/#\\\/schema\\\/logo\\\/image\\\/\",\"url\":\"https:\\\/\\\/miumjau.ee\\\/wp-content\\\/uploads\\\/2022\\\/04\\\/MiuMjau-logo-kollane.png\",\"contentUrl\":\"https:\\\/\\\/miumjau.ee\\\/wp-content\\\/uploads\\\/2022\\\/04\\\/MiuMjau-logo-kollane.png\",\"width\":219,\"height\":100,\"caption\":\"MiuMjau O\u00dc\"},\"image\":{\"@id\":\"https:\\\/\\\/miumjau.ee\\\/#\\\/schema\\\/logo\\\/image\\\/\"},\"sameAs\":[\"https:\\\/\\\/www.facebook.com\\\/miumjaupood\\\/\"]}]}<\/script>\n<!-- \/ Yoast SEO plugin. -->","yoast_head_json":{"title":"Cozy Dog Bunny l\u00e4mmitett\u00e4v\u00e4 koiran lelu - MiuMjau","robots":{"index":"index","follow":"follow","max-snippet":"max-snippet:-1","max-image-preview":"max-image-preview:large","max-video-preview":"max-video-preview:-1"},"canonical":"https:\/\/miumjau.ee\/fi\/tuote\/cozy-dog-bunny-lammitettava-koiran-lelu\/","og_locale":"fi_FI","og_type":"article","og_title":"Cozy Dog Bunny l\u00e4mmitett\u00e4v\u00e4 koiran lelu - MiuMjau","og_description":"Cozy Dog Bunny \u2013 hellytt\u00e4v\u00e4 pupu koirallesiTarjoa koirallesi l\u00e4mp\u00f6\u00e4 ja lohtua suloisen Cozy Dog Bunny -lelun avulla! T\u00e4m\u00e4 pehmolelu ei ole vain pehme\u00e4, vaan siin\u00e4 on syd\u00e4menmuotoinen laite, joka aktivoituessaan j\u00e4ljittelee syd\u00e4menly\u00f6ntej\u00e4 10 minuutin ajan. Jokaisen Cozy Dog Bunny -lelun mukana tulee erillinen pussukka turmaliinikivill\u00e4, jonka voi lyhyesti l\u00e4mmitt\u00e4\u00e4 mikrossa. Lelu luovuttaa lempe\u00e4\u00e4 l\u00e4mp\u00f6\u00e4. L\u00e4mm\u00f6n, laventelin ja syd\u00e4menly\u00f6ntien yhdistelm\u00e4 rauhoittaa koiraa. Sopii pennuille, ahdistuneille koirille tai hetkiin, jolloin tarvitaan ylim\u00e4\u00e4r\u00e4ist\u00e4 lohtua. K\u00e4ytt\u00f6ohjeet     Ota turmaliinikivipussi lelu sis\u00e4lt\u00e4.    Aseta pussi mikroaaltouuniin.    Varoitus: Liian pitk\u00e4 l\u00e4mmitys voi sulattaa pussin.    L\u00e4mmit\u00e4 ensin 10 sekuntia ja tarkista kivien l\u00e4mp\u00f6tila.    L\u00e4mmit\u00e4 asteittain, jotta kivet eiv\u00e4t kuumene liikaa; kukaan ei halua polttaa itse\u00e4\u00e4n tai lemmikki\u00e4\u00e4n.   T\u00e4rke\u00e4\u00e4: T\u00e4m\u00e4 ei ole purulelu, k\u00e4yt\u00e4 valvonnassa. Tuotetiedot     Mitat: 20 x 30 cm    Ominaisuudet: Syd\u00e4menly\u00f6ntien simulointi, l\u00e4mmitett\u00e4v\u00e4 pussukka, rauhoittava laventelin tuoksu","og_url":"https:\/\/miumjau.ee\/fi\/tuote\/cozy-dog-bunny-lammitettava-koiran-lelu\/","og_site_name":"MiuMjau","article_publisher":"https:\/\/www.facebook.com\/miumjaupood\/","og_image":[{"width":600,"height":800,"url":"https:\/\/miumjau.ee\/wp-content\/uploads\/2026\/01\/manguasi-koerale-roheline-janes2.jpg","type":"image\/jpeg"}],"twitter_card":"summary_large_image","schema":{"@context":"https:\/\/schema.org","@graph":[{"@type":"WebPage","@id":"https:\/\/miumjau.ee\/fi\/tuote\/cozy-dog-bunny-lammitettava-koiran-lelu\/","url":"https:\/\/miumjau.ee\/fi\/tuote\/cozy-dog-bunny-lammitettava-koiran-lelu\/","name":"Cozy Dog Bunny l\u00e4mmitett\u00e4v\u00e4 koiran lelu - MiuMjau","isPartOf":{"@id":"https:\/\/miumjau.ee\/#website"},"primaryImageOfPage":{"@id":"https:\/\/miumjau.ee\/fi\/tuote\/cozy-dog-bunny-lammitettava-koiran-lelu\/#primaryimage"},"image":{"@id":"https:\/\/miumjau.ee\/fi\/tuote\/cozy-dog-bunny-lammitettava-koiran-lelu\/#primaryimage"},"thumbnailUrl":"https:\/\/miumjau.ee\/wp-content\/uploads\/2026\/01\/manguasi-koerale-roheline-janes2.jpg","datePublished":"2026-01-27T07:47:27+00:00","breadcrumb":{"@id":"https:\/\/miumjau.ee\/fi\/tuote\/cozy-dog-bunny-lammitettava-koiran-lelu\/#breadcrumb"},"inLanguage":"fi","potentialAction":[{"@type":"ReadAction","target":["https:\/\/miumjau.ee\/fi\/tuote\/cozy-dog-bunny-lammitettava-koiran-lelu\/"]}]},{"@type":"ImageObject","inLanguage":"fi","@id":"https:\/\/miumjau.ee\/fi\/tuote\/cozy-dog-bunny-lammitettava-koiran-lelu\/#primaryimage","url":"https:\/\/miumjau.ee\/wp-content\/uploads\/2026\/01\/manguasi-koerale-roheline-janes2.jpg","contentUrl":"https:\/\/miumjau.ee\/wp-content\/uploads\/2026\/01\/manguasi-koerale-roheline-janes2.jpg","width":600,"height":800,"caption":"Cozy Dog Bunny soojendusega m\u00e4nguasi koerale"},{"@type":"BreadcrumbList","@id":"https:\/\/miumjau.ee\/fi\/tuote\/cozy-dog-bunny-lammitettava-koiran-lelu\/#breadcrumb","itemListElement":[{"@type":"ListItem","position":1,"name":"Home","item":"https:\/\/miumjau.ee\/fi\/"},{"@type":"ListItem","position":2,"name":"Kauppa","item":"https:\/\/miumjau.ee\/fi\/kauppa\/"},{"@type":"ListItem","position":3,"name":"Cozy Dog Bunny l\u00e4mmitett\u00e4v\u00e4 koiran lelu"}]},{"@type":"WebSite","@id":"https:\/\/miumjau.ee\/#website","url":"https:\/\/miumjau.ee\/","name":"MiuMjau","description":"Kraapimispuud kassidele","publisher":{"@id":"https:\/\/miumjau.ee\/#organization"},"potentialAction":[{"@type":"SearchAction","target":{"@type":"EntryPoint","urlTemplate":"https:\/\/miumjau.ee\/?s={search_term_string}"},"query-input":{"@type":"PropertyValueSpecification","valueRequired":true,"valueName":"search_term_string"}}],"inLanguage":"fi"},{"@type":"Organization","@id":"https:\/\/miumjau.ee\/#organization","name":"MiuMjau O\u00dc","url":"https:\/\/miumjau.ee\/","logo":{"@type":"ImageObject","inLanguage":"fi","@id":"https:\/\/miumjau.ee\/#\/schema\/logo\/image\/","url":"https:\/\/miumjau.ee\/wp-content\/uploads\/2022\/04\/MiuMjau-logo-kollane.png","contentUrl":"https:\/\/miumjau.ee\/wp-content\/uploads\/2022\/04\/MiuMjau-logo-kollane.png","width":219,"height":100,"caption":"MiuMjau O\u00dc"},"image":{"@id":"https:\/\/miumjau.ee\/#\/schema\/logo\/image\/"},"sameAs":["https:\/\/www.facebook.com\/miumjaupood\/"]}]}},"_links":{"self":[{"href":"https:\/\/miumjau.ee\/fi\/wp-json\/wp\/v2\/product\/55252","targetHints":{"allow":["GET"]}}],"collection":[{"href":"https:\/\/miumjau.ee\/fi\/wp-json\/wp\/v2\/product"}],"about":[{"href":"https:\/\/miumjau.ee\/fi\/wp-json\/wp\/v2\/types\/product"}],"wp:featuredmedia":[{"embeddable":true,"href":"https:\/\/miumjau.ee\/fi\/wp-json\/wp\/v2\/media\/53055"}],"wp:attachment":[{"href":"https:\/\/miumjau.ee\/fi\/wp-json\/wp\/v2\/media?parent=55252"}],"wp:term":[{"taxonomy":"product_brand","embeddable":true,"href":"https:\/\/miumjau.ee\/fi\/wp-json\/wp\/v2\/product_brand?post=55252"},{"taxonomy":"product_cat","embeddable":true,"href":"https:\/\/miumjau.ee\/fi\/wp-json\/wp\/v2\/product_cat?post=55252"},{"taxonomy":"product_tag","embeddable":true,"href":"https:\/\/miumjau.ee\/fi\/wp-json\/wp\/v2\/product_tag?post=55252"}],"curies":[{"name":"wp","href":"https:\/\/api.w.org\/{rel}","templated":true}]}}