{"id":55247,"date":"2026-01-27T09:50:34","date_gmt":"2026-01-27T07:50:34","guid":{"rendered":"https:\/\/miumjau.ee\/toode\/kong-floppy-knots-bunny-koiran-lelu\/"},"modified":"2026-01-27T09:50:34","modified_gmt":"2026-01-27T07:50:34","slug":"kong-floppy-knots-bunny-koiran-lelu","status":"publish","type":"product","link":"https:\/\/miumjau.ee\/fi\/tuote\/kong-floppy-knots-bunny-koiran-lelu\/","title":{"rendered":"KONG Floppy Knots Bunny koiran lelu"},"content":{"rendered":"","protected":false},"excerpt":{"rendered":"<p data-start=\"2165\" data-end=\"2547\">KONG Floppy Knots ovat Knots-perheen uusimmat j\u00e4senet, ja niiden hauska ja \u201cl\u00f6llyv\u00e4\u201d (floppy) muotoilu tarjoaa koiralle j\u00e4nnitt\u00e4v\u00e4\u00e4 ravistelumukavuutta. Sis\u00e4inen solmuk\u00f6ysi tuntuu realistiselta koiran purressa ja tyydytt\u00e4\u00e4 sen saalistusvietti\u00e4, kun taas erilaiset pinnat ja vinkuvat \u00e4\u00e4net houkuttelevat leikkim\u00e4\u00e4n. Minimit\u00e4yte v\u00e4hent\u00e4\u00e4 sotkua\u2014valmistaudu hauskoihin leikkihetkiin!<\/p>\n<ul data-start=\"2549\" data-end=\"2767\">\n<li data-section-id=\"2if07o\" data-start=\"2549\" data-end=\"2637\">\n<p data-start=\"2551\" data-end=\"2637\"><strong data-start=\"2551\" data-end=\"2596\">Sis\u00e4inen solmuk\u00f6ysi ja joustava muotoilu:<\/strong> Tyydytt\u00e4\u00e4 koiran luonnolliset vaistot.<\/p>\n<\/li>\n<li data-section-id=\"1rvwnnd\" data-start=\"2638\" data-end=\"2707\">\n<p data-start=\"2640\" data-end=\"2707\"><strong data-start=\"2640\" data-end=\"2679\">Erilaiset pinnat ja vinkuvat \u00e4\u00e4net:<\/strong> Houkuttelevat leikkim\u00e4\u00e4n.<\/p>\n<\/li>\n<li data-section-id=\"j3fgrj\" data-start=\"2708\" data-end=\"2767\">\n<p data-start=\"2710\" data-end=\"2767\"><strong data-start=\"2710\" data-end=\"2726\">Minimit\u00e4yte:<\/strong> V\u00e4hemm\u00e4n sotkua, jos lelu menee rikki.<\/p>\n<\/li>\n<\/ul>\n","protected":false},"featured_media":53025,"template":"","meta":[],"product_brand":[],"product_cat":[484],"product_tag":[],"class_list":{"0":"post-55247","1":"product","2":"type-product","3":"status-publish","4":"has-post-thumbnail","6":"product_cat-lelut-koirille","8":"first","9":"instock","10":"taxable","11":"shipping-taxable","12":"purchasable","13":"product-type-simple"},"yoast_head":"<!-- This site is optimized with the Yoast SEO plugin v27.2 - https:\/\/yoast.com\/product\/yoast-seo-wordpress\/ -->\n<title>KONG Floppy Knots Bunny koiran lelu - MiuMjau<\/title>\n<meta name=\"robots\" content=\"index, follow, max-snippet:-1, max-image-preview:large, max-video-preview:-1\" \/>\n<link rel=\"canonical\" href=\"https:\/\/miumjau.ee\/fi\/tuote\/kong-floppy-knots-bunny-koiran-lelu\/\" \/>\n<meta property=\"og:locale\" content=\"fi_FI\" \/>\n<meta property=\"og:type\" content=\"article\" \/>\n<meta property=\"og:title\" content=\"KONG Floppy Knots Bunny koiran lelu - MiuMjau\" \/>\n<meta property=\"og:description\" content=\"KONG Floppy Knots ovat Knots-perheen uusimmat j\u00e4senet, ja niiden hauska ja \u201cl\u00f6llyv\u00e4\u201d (floppy) muotoilu tarjoaa koiralle j\u00e4nnitt\u00e4v\u00e4\u00e4 ravistelumukavuutta. Sis\u00e4inen solmuk\u00f6ysi tuntuu realistiselta koiran purressa ja tyydytt\u00e4\u00e4 sen saalistusvietti\u00e4, kun taas erilaiset pinnat ja vinkuvat \u00e4\u00e4net houkuttelevat leikkim\u00e4\u00e4n. Minimit\u00e4yte v\u00e4hent\u00e4\u00e4 sotkua\u2014valmistaudu hauskoihin leikkihetkiin!     Sis\u00e4inen solmuk\u00f6ysi ja joustava muotoilu: Tyydytt\u00e4\u00e4 koiran luonnolliset vaistot.    Erilaiset pinnat ja vinkuvat \u00e4\u00e4net: Houkuttelevat leikkim\u00e4\u00e4n.    Minimit\u00e4yte: V\u00e4hemm\u00e4n sotkua, jos lelu menee rikki.\" \/>\n<meta property=\"og:url\" content=\"https:\/\/miumjau.ee\/fi\/tuote\/kong-floppy-knots-bunny-koiran-lelu\/\" \/>\n<meta property=\"og:site_name\" content=\"MiuMjau\" \/>\n<meta property=\"article:publisher\" content=\"https:\/\/www.facebook.com\/miumjaupood\/\" \/>\n<meta property=\"og:image\" content=\"https:\/\/miumjau.ee\/wp-content\/uploads\/2026\/01\/kong-manguasi-koerale4.jpg\" \/>\n\t<meta property=\"og:image:width\" content=\"600\" \/>\n\t<meta property=\"og:image:height\" content=\"800\" \/>\n\t<meta property=\"og:image:type\" content=\"image\/jpeg\" \/>\n<meta name=\"twitter:card\" content=\"summary_large_image\" \/>\n<script type=\"application\/ld+json\" class=\"yoast-schema-graph\">{\"@context\":\"https:\/\/schema.org\",\"@graph\":[{\"@type\":\"WebPage\",\"@id\":\"https:\/\/miumjau.ee\/fi\/tuote\/kong-floppy-knots-bunny-koiran-lelu\/\",\"url\":\"https:\/\/miumjau.ee\/fi\/tuote\/kong-floppy-knots-bunny-koiran-lelu\/\",\"name\":\"KONG Floppy Knots Bunny koiran lelu - MiuMjau\",\"isPartOf\":{\"@id\":\"https:\/\/miumjau.ee\/#website\"},\"primaryImageOfPage\":{\"@id\":\"https:\/\/miumjau.ee\/fi\/tuote\/kong-floppy-knots-bunny-koiran-lelu\/#primaryimage\"},\"image\":{\"@id\":\"https:\/\/miumjau.ee\/fi\/tuote\/kong-floppy-knots-bunny-koiran-lelu\/#primaryimage\"},\"thumbnailUrl\":\"https:\/\/miumjau.ee\/wp-content\/uploads\/2026\/01\/kong-manguasi-koerale4.jpg\",\"datePublished\":\"2026-01-27T07:50:34+00:00\",\"breadcrumb\":{\"@id\":\"https:\/\/miumjau.ee\/fi\/tuote\/kong-floppy-knots-bunny-koiran-lelu\/#breadcrumb\"},\"inLanguage\":\"fi\",\"potentialAction\":[{\"@type\":\"ReadAction\",\"target\":[\"https:\/\/miumjau.ee\/fi\/tuote\/kong-floppy-knots-bunny-koiran-lelu\/\"]}]},{\"@type\":\"ImageObject\",\"inLanguage\":\"fi\",\"@id\":\"https:\/\/miumjau.ee\/fi\/tuote\/kong-floppy-knots-bunny-koiran-lelu\/#primaryimage\",\"url\":\"https:\/\/miumjau.ee\/wp-content\/uploads\/2026\/01\/kong-manguasi-koerale4.jpg\",\"contentUrl\":\"https:\/\/miumjau.ee\/wp-content\/uploads\/2026\/01\/kong-manguasi-koerale4.jpg\",\"width\":600,\"height\":800,\"caption\":\"KONG Floppy Knots Bunny m\u00e4nguasi koerale\"},{\"@type\":\"BreadcrumbList\",\"@id\":\"https:\/\/miumjau.ee\/fi\/tuote\/kong-floppy-knots-bunny-koiran-lelu\/#breadcrumb\",\"itemListElement\":[{\"@type\":\"ListItem\",\"position\":1,\"name\":\"Home\",\"item\":\"https:\/\/miumjau.ee\/fi\/\"},{\"@type\":\"ListItem\",\"position\":2,\"name\":\"Kauppa\",\"item\":\"https:\/\/miumjau.ee\/fi\/kauppa\/\"},{\"@type\":\"ListItem\",\"position\":3,\"name\":\"KONG Floppy Knots Bunny koiran lelu\"}]},{\"@type\":\"WebSite\",\"@id\":\"https:\/\/miumjau.ee\/#website\",\"url\":\"https:\/\/miumjau.ee\/\",\"name\":\"MiuMjau\",\"description\":\"Kraapimispuud kassidele\",\"publisher\":{\"@id\":\"https:\/\/miumjau.ee\/#organization\"},\"potentialAction\":[{\"@type\":\"SearchAction\",\"target\":{\"@type\":\"EntryPoint\",\"urlTemplate\":\"https:\/\/miumjau.ee\/?s={search_term_string}\"},\"query-input\":{\"@type\":\"PropertyValueSpecification\",\"valueRequired\":true,\"valueName\":\"search_term_string\"}}],\"inLanguage\":\"fi\"},{\"@type\":\"Organization\",\"@id\":\"https:\/\/miumjau.ee\/#organization\",\"name\":\"MiuMjau O\u00dc\",\"url\":\"https:\/\/miumjau.ee\/\",\"logo\":{\"@type\":\"ImageObject\",\"inLanguage\":\"fi\",\"@id\":\"https:\/\/miumjau.ee\/#\/schema\/logo\/image\/\",\"url\":\"https:\/\/miumjau.ee\/wp-content\/uploads\/2022\/04\/MiuMjau-logo-kollane.png\",\"contentUrl\":\"https:\/\/miumjau.ee\/wp-content\/uploads\/2022\/04\/MiuMjau-logo-kollane.png\",\"width\":219,\"height\":100,\"caption\":\"MiuMjau O\u00dc\"},\"image\":{\"@id\":\"https:\/\/miumjau.ee\/#\/schema\/logo\/image\/\"},\"sameAs\":[\"https:\/\/www.facebook.com\/miumjaupood\/\"]}]}<\/script>\n<!-- \/ Yoast SEO plugin. -->","yoast_head_json":{"title":"KONG Floppy Knots Bunny koiran lelu - MiuMjau","robots":{"index":"index","follow":"follow","max-snippet":"max-snippet:-1","max-image-preview":"max-image-preview:large","max-video-preview":"max-video-preview:-1"},"canonical":"https:\/\/miumjau.ee\/fi\/tuote\/kong-floppy-knots-bunny-koiran-lelu\/","og_locale":"fi_FI","og_type":"article","og_title":"KONG Floppy Knots Bunny koiran lelu - MiuMjau","og_description":"KONG Floppy Knots ovat Knots-perheen uusimmat j\u00e4senet, ja niiden hauska ja \u201cl\u00f6llyv\u00e4\u201d (floppy) muotoilu tarjoaa koiralle j\u00e4nnitt\u00e4v\u00e4\u00e4 ravistelumukavuutta. Sis\u00e4inen solmuk\u00f6ysi tuntuu realistiselta koiran purressa ja tyydytt\u00e4\u00e4 sen saalistusvietti\u00e4, kun taas erilaiset pinnat ja vinkuvat \u00e4\u00e4net houkuttelevat leikkim\u00e4\u00e4n. Minimit\u00e4yte v\u00e4hent\u00e4\u00e4 sotkua\u2014valmistaudu hauskoihin leikkihetkiin!     Sis\u00e4inen solmuk\u00f6ysi ja joustava muotoilu: Tyydytt\u00e4\u00e4 koiran luonnolliset vaistot.    Erilaiset pinnat ja vinkuvat \u00e4\u00e4net: Houkuttelevat leikkim\u00e4\u00e4n.    Minimit\u00e4yte: V\u00e4hemm\u00e4n sotkua, jos lelu menee rikki.","og_url":"https:\/\/miumjau.ee\/fi\/tuote\/kong-floppy-knots-bunny-koiran-lelu\/","og_site_name":"MiuMjau","article_publisher":"https:\/\/www.facebook.com\/miumjaupood\/","og_image":[{"width":600,"height":800,"url":"https:\/\/miumjau.ee\/wp-content\/uploads\/2026\/01\/kong-manguasi-koerale4.jpg","type":"image\/jpeg"}],"twitter_card":"summary_large_image","schema":{"@context":"https:\/\/schema.org","@graph":[{"@type":"WebPage","@id":"https:\/\/miumjau.ee\/fi\/tuote\/kong-floppy-knots-bunny-koiran-lelu\/","url":"https:\/\/miumjau.ee\/fi\/tuote\/kong-floppy-knots-bunny-koiran-lelu\/","name":"KONG Floppy Knots Bunny koiran lelu - MiuMjau","isPartOf":{"@id":"https:\/\/miumjau.ee\/#website"},"primaryImageOfPage":{"@id":"https:\/\/miumjau.ee\/fi\/tuote\/kong-floppy-knots-bunny-koiran-lelu\/#primaryimage"},"image":{"@id":"https:\/\/miumjau.ee\/fi\/tuote\/kong-floppy-knots-bunny-koiran-lelu\/#primaryimage"},"thumbnailUrl":"https:\/\/miumjau.ee\/wp-content\/uploads\/2026\/01\/kong-manguasi-koerale4.jpg","datePublished":"2026-01-27T07:50:34+00:00","breadcrumb":{"@id":"https:\/\/miumjau.ee\/fi\/tuote\/kong-floppy-knots-bunny-koiran-lelu\/#breadcrumb"},"inLanguage":"fi","potentialAction":[{"@type":"ReadAction","target":["https:\/\/miumjau.ee\/fi\/tuote\/kong-floppy-knots-bunny-koiran-lelu\/"]}]},{"@type":"ImageObject","inLanguage":"fi","@id":"https:\/\/miumjau.ee\/fi\/tuote\/kong-floppy-knots-bunny-koiran-lelu\/#primaryimage","url":"https:\/\/miumjau.ee\/wp-content\/uploads\/2026\/01\/kong-manguasi-koerale4.jpg","contentUrl":"https:\/\/miumjau.ee\/wp-content\/uploads\/2026\/01\/kong-manguasi-koerale4.jpg","width":600,"height":800,"caption":"KONG Floppy Knots Bunny m\u00e4nguasi koerale"},{"@type":"BreadcrumbList","@id":"https:\/\/miumjau.ee\/fi\/tuote\/kong-floppy-knots-bunny-koiran-lelu\/#breadcrumb","itemListElement":[{"@type":"ListItem","position":1,"name":"Home","item":"https:\/\/miumjau.ee\/fi\/"},{"@type":"ListItem","position":2,"name":"Kauppa","item":"https:\/\/miumjau.ee\/fi\/kauppa\/"},{"@type":"ListItem","position":3,"name":"KONG Floppy Knots Bunny koiran lelu"}]},{"@type":"WebSite","@id":"https:\/\/miumjau.ee\/#website","url":"https:\/\/miumjau.ee\/","name":"MiuMjau","description":"Kraapimispuud kassidele","publisher":{"@id":"https:\/\/miumjau.ee\/#organization"},"potentialAction":[{"@type":"SearchAction","target":{"@type":"EntryPoint","urlTemplate":"https:\/\/miumjau.ee\/?s={search_term_string}"},"query-input":{"@type":"PropertyValueSpecification","valueRequired":true,"valueName":"search_term_string"}}],"inLanguage":"fi"},{"@type":"Organization","@id":"https:\/\/miumjau.ee\/#organization","name":"MiuMjau O\u00dc","url":"https:\/\/miumjau.ee\/","logo":{"@type":"ImageObject","inLanguage":"fi","@id":"https:\/\/miumjau.ee\/#\/schema\/logo\/image\/","url":"https:\/\/miumjau.ee\/wp-content\/uploads\/2022\/04\/MiuMjau-logo-kollane.png","contentUrl":"https:\/\/miumjau.ee\/wp-content\/uploads\/2022\/04\/MiuMjau-logo-kollane.png","width":219,"height":100,"caption":"MiuMjau O\u00dc"},"image":{"@id":"https:\/\/miumjau.ee\/#\/schema\/logo\/image\/"},"sameAs":["https:\/\/www.facebook.com\/miumjaupood\/"]}]}},"_links":{"self":[{"href":"https:\/\/miumjau.ee\/fi\/wp-json\/wp\/v2\/product\/55247","targetHints":{"allow":["GET"]}}],"collection":[{"href":"https:\/\/miumjau.ee\/fi\/wp-json\/wp\/v2\/product"}],"about":[{"href":"https:\/\/miumjau.ee\/fi\/wp-json\/wp\/v2\/types\/product"}],"wp:featuredmedia":[{"embeddable":true,"href":"https:\/\/miumjau.ee\/fi\/wp-json\/wp\/v2\/media\/53025"}],"wp:attachment":[{"href":"https:\/\/miumjau.ee\/fi\/wp-json\/wp\/v2\/media?parent=55247"}],"wp:term":[{"taxonomy":"product_brand","embeddable":true,"href":"https:\/\/miumjau.ee\/fi\/wp-json\/wp\/v2\/product_brand?post=55247"},{"taxonomy":"product_cat","embeddable":true,"href":"https:\/\/miumjau.ee\/fi\/wp-json\/wp\/v2\/product_cat?post=55247"},{"taxonomy":"product_tag","embeddable":true,"href":"https:\/\/miumjau.ee\/fi\/wp-json\/wp\/v2\/product_tag?post=55247"}],"curies":[{"name":"wp","href":"https:\/\/api.w.org\/{rel}","templated":true}]}}