{"id":55235,"date":"2026-01-27T09:55:09","date_gmt":"2026-01-27T07:55:09","guid":{"rendered":"https:\/\/miumjau.ee\/toode\/kong-maxx-tug-koiran-lelu\/"},"modified":"2026-01-27T09:55:09","modified_gmt":"2026-01-27T07:55:09","slug":"kong-maxx-tug-koiran-lelu","status":"publish","type":"product","link":"https:\/\/miumjau.ee\/fi\/tuote\/kong-maxx-tug-koiran-lelu\/","title":{"rendered":"KONG Maxx Tug koiran lelu"},"content":{"rendered":"","protected":false},"excerpt":{"rendered":"<p data-start=\"1330\" data-end=\"1950\"><strong data-start=\"1330\" data-end=\"1367\">KONG Maxx \u2013 suunniteltu kest\u00e4m\u00e4\u00e4n<\/strong><br data-start=\"1367\" data-end=\"1370\" \/>KONG Maxx -lelut on suunniteltu molekyylitasolle asti tarjoamaan \u00e4\u00e4rimm\u00e4ist\u00e4 kest\u00e4vyytt\u00e4, pitk\u00e4aikaista leikin iloa ja tyydytt\u00e4m\u00e4\u00e4n voimakkaimpien koirien nouto- ja pureskeluinstinktit. Lelut on p\u00e4\u00e4llystetty materiaalilla, joka on jopa viisi kertaa rep\u00e4isynkest\u00e4v\u00e4mpi kuin tavallinen plyysi. N\u00e4m\u00e4 pehme\u00e4t mutta kest\u00e4v\u00e4t lelut on valmistettu eritt\u00e4in vahvasta langasta ja minimaalisin saumin, mik\u00e4 takaa pitk\u00e4ik\u00e4isyyden kaikissa tilanteissa. Kaksikerroksinen kangas lis\u00e4\u00e4 kest\u00e4vyytt\u00e4 seikkailunt\u00e4yteisiin leikkeihin, ja sis\u00e4inen vinkuva \u00e4\u00e4nirasia pit\u00e4\u00e4 koiran kiinnostuksen yll\u00e4.<\/p>\n<p data-start=\"1952\" data-end=\"1972\"><strong data-start=\"1952\" data-end=\"1970\">Tuotteen edut:<\/strong><\/p>\n<ul data-start=\"1973\" data-end=\"2490\">\n<li data-section-id=\"1fartjy\" data-start=\"1973\" data-end=\"2050\">\n<p data-start=\"1975\" data-end=\"2050\"><strong data-start=\"1975\" data-end=\"2003\">Kaksikerroksinen kangas:<\/strong> Lis\u00e4\u00e4 kest\u00e4vyytt\u00e4 aktiivisiin seikkailuihin.<\/p>\n<\/li>\n<li data-section-id=\"1sbj0fh\" data-start=\"2051\" data-end=\"2123\">\n<p data-start=\"2053\" data-end=\"2123\"><strong data-start=\"2053\" data-end=\"2084\">Sis\u00e4inen vinkuva \u00e4\u00e4nirasia:<\/strong> Aktivoi koiran luonnolliset vaistot.<\/p>\n<\/li>\n<li data-section-id=\"xcq27z\" data-start=\"2124\" data-end=\"2206\">\n<p data-start=\"2126\" data-end=\"2206\"><strong data-start=\"2126\" data-end=\"2168\">T\u00e4ydellinen interaktiiviseen leikkiin:<\/strong> Sopii sek\u00e4 sis\u00e4- ett\u00e4 ulkok\u00e4ytt\u00f6\u00f6n.<\/p>\n<\/li>\n<li data-section-id=\"14dm2dl\" data-start=\"2207\" data-end=\"2290\">\n<p data-start=\"2209\" data-end=\"2290\"><strong data-start=\"2209\" data-end=\"2230\">Eritt\u00e4in kest\u00e4v\u00e4:<\/strong> Suunniteltu vaativaan noutoon ja voimakkaaseen purentaan.<\/p>\n<\/li>\n<li data-section-id=\"17yqlqq\" data-start=\"2291\" data-end=\"2378\">\n<p data-start=\"2293\" data-end=\"2378\"><strong data-start=\"2293\" data-end=\"2343\">Merkitt\u00e4v\u00e4sti vahvempi kuin tavallinen plyysi:<\/strong> Takaa pitk\u00e4aikaisen leikin ilon.<\/p>\n<\/li>\n<li data-section-id=\"96mmz8\" data-start=\"2379\" data-end=\"2490\">\n<p data-start=\"2381\" data-end=\"2490\"><strong data-start=\"2381\" data-end=\"2429\">Eritt\u00e4in vahva lanka ja minimaaliset saumat:<\/strong> Maksimaalinen kest\u00e4vyys my\u00f6s intensiivisimmiss\u00e4 leikeiss\u00e4.<\/p>\n<\/li>\n<\/ul>\n","protected":false},"featured_media":53019,"template":"","meta":[],"product_brand":[],"product_cat":[484],"product_tag":[],"class_list":{"0":"post-55235","1":"product","2":"type-product","3":"status-publish","4":"has-post-thumbnail","6":"product_cat-lelut-koirille","8":"first","9":"instock","10":"taxable","11":"shipping-taxable","12":"purchasable","13":"product-type-simple"},"yoast_head":"<!-- This site is optimized with the Yoast SEO plugin v27.2 - https:\/\/yoast.com\/product\/yoast-seo-wordpress\/ -->\n<title>KONG Maxx Tug koiran lelu - MiuMjau<\/title>\n<meta name=\"robots\" content=\"index, follow, max-snippet:-1, max-image-preview:large, max-video-preview:-1\" \/>\n<link rel=\"canonical\" href=\"https:\/\/miumjau.ee\/fi\/tuote\/kong-maxx-tug-koiran-lelu\/\" \/>\n<meta property=\"og:locale\" content=\"fi_FI\" \/>\n<meta property=\"og:type\" content=\"article\" \/>\n<meta property=\"og:title\" content=\"KONG Maxx Tug koiran lelu - MiuMjau\" \/>\n<meta property=\"og:description\" content=\"KONG Maxx \u2013 suunniteltu kest\u00e4m\u00e4\u00e4nKONG Maxx -lelut on suunniteltu molekyylitasolle asti tarjoamaan \u00e4\u00e4rimm\u00e4ist\u00e4 kest\u00e4vyytt\u00e4, pitk\u00e4aikaista leikin iloa ja tyydytt\u00e4m\u00e4\u00e4n voimakkaimpien koirien nouto- ja pureskeluinstinktit. Lelut on p\u00e4\u00e4llystetty materiaalilla, joka on jopa viisi kertaa rep\u00e4isynkest\u00e4v\u00e4mpi kuin tavallinen plyysi. N\u00e4m\u00e4 pehme\u00e4t mutta kest\u00e4v\u00e4t lelut on valmistettu eritt\u00e4in vahvasta langasta ja minimaalisin saumin, mik\u00e4 takaa pitk\u00e4ik\u00e4isyyden kaikissa tilanteissa. Kaksikerroksinen kangas lis\u00e4\u00e4 kest\u00e4vyytt\u00e4 seikkailunt\u00e4yteisiin leikkeihin, ja sis\u00e4inen vinkuva \u00e4\u00e4nirasia pit\u00e4\u00e4 koiran kiinnostuksen yll\u00e4. Tuotteen edut:     Kaksikerroksinen kangas: Lis\u00e4\u00e4 kest\u00e4vyytt\u00e4 aktiivisiin seikkailuihin.    Sis\u00e4inen vinkuva \u00e4\u00e4nirasia: Aktivoi koiran luonnolliset vaistot.    T\u00e4ydellinen interaktiiviseen leikkiin: Sopii sek\u00e4 sis\u00e4- ett\u00e4 ulkok\u00e4ytt\u00f6\u00f6n.    Eritt\u00e4in kest\u00e4v\u00e4: Suunniteltu vaativaan noutoon ja voimakkaaseen purentaan.    Merkitt\u00e4v\u00e4sti vahvempi kuin tavallinen plyysi: Takaa pitk\u00e4aikaisen leikin ilon.    Eritt\u00e4in vahva lanka ja minimaaliset saumat: Maksimaalinen kest\u00e4vyys my\u00f6s intensiivisimmiss\u00e4 leikeiss\u00e4.\" \/>\n<meta property=\"og:url\" content=\"https:\/\/miumjau.ee\/fi\/tuote\/kong-maxx-tug-koiran-lelu\/\" \/>\n<meta property=\"og:site_name\" content=\"MiuMjau\" \/>\n<meta property=\"article:publisher\" content=\"https:\/\/www.facebook.com\/miumjaupood\/\" \/>\n<meta property=\"og:image\" content=\"https:\/\/miumjau.ee\/wp-content\/uploads\/2026\/01\/kong-manguasi-koerale3.jpg\" \/>\n\t<meta property=\"og:image:width\" content=\"600\" \/>\n\t<meta property=\"og:image:height\" content=\"800\" \/>\n\t<meta property=\"og:image:type\" content=\"image\/jpeg\" \/>\n<meta name=\"twitter:card\" content=\"summary_large_image\" \/>\n<script type=\"application\/ld+json\" class=\"yoast-schema-graph\">{\"@context\":\"https:\/\/schema.org\",\"@graph\":[{\"@type\":\"WebPage\",\"@id\":\"https:\/\/miumjau.ee\/fi\/tuote\/kong-maxx-tug-koiran-lelu\/\",\"url\":\"https:\/\/miumjau.ee\/fi\/tuote\/kong-maxx-tug-koiran-lelu\/\",\"name\":\"KONG Maxx Tug koiran lelu - MiuMjau\",\"isPartOf\":{\"@id\":\"https:\/\/miumjau.ee\/#website\"},\"primaryImageOfPage\":{\"@id\":\"https:\/\/miumjau.ee\/fi\/tuote\/kong-maxx-tug-koiran-lelu\/#primaryimage\"},\"image\":{\"@id\":\"https:\/\/miumjau.ee\/fi\/tuote\/kong-maxx-tug-koiran-lelu\/#primaryimage\"},\"thumbnailUrl\":\"https:\/\/miumjau.ee\/wp-content\/uploads\/2026\/01\/kong-manguasi-koerale3.jpg\",\"datePublished\":\"2026-01-27T07:55:09+00:00\",\"breadcrumb\":{\"@id\":\"https:\/\/miumjau.ee\/fi\/tuote\/kong-maxx-tug-koiran-lelu\/#breadcrumb\"},\"inLanguage\":\"fi\",\"potentialAction\":[{\"@type\":\"ReadAction\",\"target\":[\"https:\/\/miumjau.ee\/fi\/tuote\/kong-maxx-tug-koiran-lelu\/\"]}]},{\"@type\":\"ImageObject\",\"inLanguage\":\"fi\",\"@id\":\"https:\/\/miumjau.ee\/fi\/tuote\/kong-maxx-tug-koiran-lelu\/#primaryimage\",\"url\":\"https:\/\/miumjau.ee\/wp-content\/uploads\/2026\/01\/kong-manguasi-koerale3.jpg\",\"contentUrl\":\"https:\/\/miumjau.ee\/wp-content\/uploads\/2026\/01\/kong-manguasi-koerale3.jpg\",\"width\":600,\"height\":800,\"caption\":\"KONG Maxx Tug sikutamise m\u00e4nguasi koerale\"},{\"@type\":\"BreadcrumbList\",\"@id\":\"https:\/\/miumjau.ee\/fi\/tuote\/kong-maxx-tug-koiran-lelu\/#breadcrumb\",\"itemListElement\":[{\"@type\":\"ListItem\",\"position\":1,\"name\":\"Home\",\"item\":\"https:\/\/miumjau.ee\/fi\/\"},{\"@type\":\"ListItem\",\"position\":2,\"name\":\"Kauppa\",\"item\":\"https:\/\/miumjau.ee\/fi\/kauppa\/\"},{\"@type\":\"ListItem\",\"position\":3,\"name\":\"KONG Maxx Tug koiran lelu\"}]},{\"@type\":\"WebSite\",\"@id\":\"https:\/\/miumjau.ee\/#website\",\"url\":\"https:\/\/miumjau.ee\/\",\"name\":\"MiuMjau\",\"description\":\"Kraapimispuud kassidele\",\"publisher\":{\"@id\":\"https:\/\/miumjau.ee\/#organization\"},\"potentialAction\":[{\"@type\":\"SearchAction\",\"target\":{\"@type\":\"EntryPoint\",\"urlTemplate\":\"https:\/\/miumjau.ee\/?s={search_term_string}\"},\"query-input\":{\"@type\":\"PropertyValueSpecification\",\"valueRequired\":true,\"valueName\":\"search_term_string\"}}],\"inLanguage\":\"fi\"},{\"@type\":\"Organization\",\"@id\":\"https:\/\/miumjau.ee\/#organization\",\"name\":\"MiuMjau O\u00dc\",\"url\":\"https:\/\/miumjau.ee\/\",\"logo\":{\"@type\":\"ImageObject\",\"inLanguage\":\"fi\",\"@id\":\"https:\/\/miumjau.ee\/#\/schema\/logo\/image\/\",\"url\":\"https:\/\/miumjau.ee\/wp-content\/uploads\/2022\/04\/MiuMjau-logo-kollane.png\",\"contentUrl\":\"https:\/\/miumjau.ee\/wp-content\/uploads\/2022\/04\/MiuMjau-logo-kollane.png\",\"width\":219,\"height\":100,\"caption\":\"MiuMjau O\u00dc\"},\"image\":{\"@id\":\"https:\/\/miumjau.ee\/#\/schema\/logo\/image\/\"},\"sameAs\":[\"https:\/\/www.facebook.com\/miumjaupood\/\"]}]}<\/script>\n<!-- \/ Yoast SEO plugin. -->","yoast_head_json":{"title":"KONG Maxx Tug koiran lelu - MiuMjau","robots":{"index":"index","follow":"follow","max-snippet":"max-snippet:-1","max-image-preview":"max-image-preview:large","max-video-preview":"max-video-preview:-1"},"canonical":"https:\/\/miumjau.ee\/fi\/tuote\/kong-maxx-tug-koiran-lelu\/","og_locale":"fi_FI","og_type":"article","og_title":"KONG Maxx Tug koiran lelu - MiuMjau","og_description":"KONG Maxx \u2013 suunniteltu kest\u00e4m\u00e4\u00e4nKONG Maxx -lelut on suunniteltu molekyylitasolle asti tarjoamaan \u00e4\u00e4rimm\u00e4ist\u00e4 kest\u00e4vyytt\u00e4, pitk\u00e4aikaista leikin iloa ja tyydytt\u00e4m\u00e4\u00e4n voimakkaimpien koirien nouto- ja pureskeluinstinktit. Lelut on p\u00e4\u00e4llystetty materiaalilla, joka on jopa viisi kertaa rep\u00e4isynkest\u00e4v\u00e4mpi kuin tavallinen plyysi. N\u00e4m\u00e4 pehme\u00e4t mutta kest\u00e4v\u00e4t lelut on valmistettu eritt\u00e4in vahvasta langasta ja minimaalisin saumin, mik\u00e4 takaa pitk\u00e4ik\u00e4isyyden kaikissa tilanteissa. Kaksikerroksinen kangas lis\u00e4\u00e4 kest\u00e4vyytt\u00e4 seikkailunt\u00e4yteisiin leikkeihin, ja sis\u00e4inen vinkuva \u00e4\u00e4nirasia pit\u00e4\u00e4 koiran kiinnostuksen yll\u00e4. Tuotteen edut:     Kaksikerroksinen kangas: Lis\u00e4\u00e4 kest\u00e4vyytt\u00e4 aktiivisiin seikkailuihin.    Sis\u00e4inen vinkuva \u00e4\u00e4nirasia: Aktivoi koiran luonnolliset vaistot.    T\u00e4ydellinen interaktiiviseen leikkiin: Sopii sek\u00e4 sis\u00e4- ett\u00e4 ulkok\u00e4ytt\u00f6\u00f6n.    Eritt\u00e4in kest\u00e4v\u00e4: Suunniteltu vaativaan noutoon ja voimakkaaseen purentaan.    Merkitt\u00e4v\u00e4sti vahvempi kuin tavallinen plyysi: Takaa pitk\u00e4aikaisen leikin ilon.    Eritt\u00e4in vahva lanka ja minimaaliset saumat: Maksimaalinen kest\u00e4vyys my\u00f6s intensiivisimmiss\u00e4 leikeiss\u00e4.","og_url":"https:\/\/miumjau.ee\/fi\/tuote\/kong-maxx-tug-koiran-lelu\/","og_site_name":"MiuMjau","article_publisher":"https:\/\/www.facebook.com\/miumjaupood\/","og_image":[{"width":600,"height":800,"url":"https:\/\/miumjau.ee\/wp-content\/uploads\/2026\/01\/kong-manguasi-koerale3.jpg","type":"image\/jpeg"}],"twitter_card":"summary_large_image","schema":{"@context":"https:\/\/schema.org","@graph":[{"@type":"WebPage","@id":"https:\/\/miumjau.ee\/fi\/tuote\/kong-maxx-tug-koiran-lelu\/","url":"https:\/\/miumjau.ee\/fi\/tuote\/kong-maxx-tug-koiran-lelu\/","name":"KONG Maxx Tug koiran lelu - MiuMjau","isPartOf":{"@id":"https:\/\/miumjau.ee\/#website"},"primaryImageOfPage":{"@id":"https:\/\/miumjau.ee\/fi\/tuote\/kong-maxx-tug-koiran-lelu\/#primaryimage"},"image":{"@id":"https:\/\/miumjau.ee\/fi\/tuote\/kong-maxx-tug-koiran-lelu\/#primaryimage"},"thumbnailUrl":"https:\/\/miumjau.ee\/wp-content\/uploads\/2026\/01\/kong-manguasi-koerale3.jpg","datePublished":"2026-01-27T07:55:09+00:00","breadcrumb":{"@id":"https:\/\/miumjau.ee\/fi\/tuote\/kong-maxx-tug-koiran-lelu\/#breadcrumb"},"inLanguage":"fi","potentialAction":[{"@type":"ReadAction","target":["https:\/\/miumjau.ee\/fi\/tuote\/kong-maxx-tug-koiran-lelu\/"]}]},{"@type":"ImageObject","inLanguage":"fi","@id":"https:\/\/miumjau.ee\/fi\/tuote\/kong-maxx-tug-koiran-lelu\/#primaryimage","url":"https:\/\/miumjau.ee\/wp-content\/uploads\/2026\/01\/kong-manguasi-koerale3.jpg","contentUrl":"https:\/\/miumjau.ee\/wp-content\/uploads\/2026\/01\/kong-manguasi-koerale3.jpg","width":600,"height":800,"caption":"KONG Maxx Tug sikutamise m\u00e4nguasi koerale"},{"@type":"BreadcrumbList","@id":"https:\/\/miumjau.ee\/fi\/tuote\/kong-maxx-tug-koiran-lelu\/#breadcrumb","itemListElement":[{"@type":"ListItem","position":1,"name":"Home","item":"https:\/\/miumjau.ee\/fi\/"},{"@type":"ListItem","position":2,"name":"Kauppa","item":"https:\/\/miumjau.ee\/fi\/kauppa\/"},{"@type":"ListItem","position":3,"name":"KONG Maxx Tug koiran lelu"}]},{"@type":"WebSite","@id":"https:\/\/miumjau.ee\/#website","url":"https:\/\/miumjau.ee\/","name":"MiuMjau","description":"Kraapimispuud kassidele","publisher":{"@id":"https:\/\/miumjau.ee\/#organization"},"potentialAction":[{"@type":"SearchAction","target":{"@type":"EntryPoint","urlTemplate":"https:\/\/miumjau.ee\/?s={search_term_string}"},"query-input":{"@type":"PropertyValueSpecification","valueRequired":true,"valueName":"search_term_string"}}],"inLanguage":"fi"},{"@type":"Organization","@id":"https:\/\/miumjau.ee\/#organization","name":"MiuMjau O\u00dc","url":"https:\/\/miumjau.ee\/","logo":{"@type":"ImageObject","inLanguage":"fi","@id":"https:\/\/miumjau.ee\/#\/schema\/logo\/image\/","url":"https:\/\/miumjau.ee\/wp-content\/uploads\/2022\/04\/MiuMjau-logo-kollane.png","contentUrl":"https:\/\/miumjau.ee\/wp-content\/uploads\/2022\/04\/MiuMjau-logo-kollane.png","width":219,"height":100,"caption":"MiuMjau O\u00dc"},"image":{"@id":"https:\/\/miumjau.ee\/#\/schema\/logo\/image\/"},"sameAs":["https:\/\/www.facebook.com\/miumjaupood\/"]}]}},"_links":{"self":[{"href":"https:\/\/miumjau.ee\/fi\/wp-json\/wp\/v2\/product\/55235","targetHints":{"allow":["GET"]}}],"collection":[{"href":"https:\/\/miumjau.ee\/fi\/wp-json\/wp\/v2\/product"}],"about":[{"href":"https:\/\/miumjau.ee\/fi\/wp-json\/wp\/v2\/types\/product"}],"wp:featuredmedia":[{"embeddable":true,"href":"https:\/\/miumjau.ee\/fi\/wp-json\/wp\/v2\/media\/53019"}],"wp:attachment":[{"href":"https:\/\/miumjau.ee\/fi\/wp-json\/wp\/v2\/media?parent=55235"}],"wp:term":[{"taxonomy":"product_brand","embeddable":true,"href":"https:\/\/miumjau.ee\/fi\/wp-json\/wp\/v2\/product_brand?post=55235"},{"taxonomy":"product_cat","embeddable":true,"href":"https:\/\/miumjau.ee\/fi\/wp-json\/wp\/v2\/product_cat?post=55235"},{"taxonomy":"product_tag","embeddable":true,"href":"https:\/\/miumjau.ee\/fi\/wp-json\/wp\/v2\/product_tag?post=55235"}],"curies":[{"name":"wp","href":"https:\/\/api.w.org\/{rel}","templated":true}]}}