{"id":55219,"date":"2026-01-29T14:28:58","date_gmt":"2026-01-29T12:28:58","guid":{"rendered":"https:\/\/miumjau.ee\/toode\/ibero-grain-free-dog-medium-maxi-adult-salmon-12-kg\/"},"modified":"2026-01-29T14:28:58","modified_gmt":"2026-01-29T12:28:58","slug":"ibero-grain-free-dog-medium-maxi-adult-salmon-12-kg","status":"publish","type":"product","link":"https:\/\/miumjau.ee\/fi\/tuote\/ibero-grain-free-dog-medium-maxi-adult-salmon-12-kg\/","title":{"rendered":"Ibero Grain-free Dog Medium &#038; Maxi Adult Salmon, 12 kg"},"content":{"rendered":"","protected":false},"excerpt":{"rendered":"<p data-start=\"164\" data-end=\"412\">T\u00e4ysravintoinen, viljaton superpremium-luokan koiranruoka keskikokoisille ja suurille aikuisille koirille 1 vuoden i\u00e4st\u00e4 alkaen. Perustuu korkealaatuiseen loheen ja sardiineihin \u2013 ihanteellinen valinta turkin, ihon ja yleisen elinvoiman tukemiseen.<\/p>\n<p data-start=\"414\" data-end=\"433\"><strong data-start=\"414\" data-end=\"433\">Keskeiset edut:<\/strong><\/p>\n<p data-start=\"435\" data-end=\"1504\">Viljaton resepti \u2013 ei sis\u00e4ll\u00e4 vehn\u00e4\u00e4, maissia eik\u00e4 ohraa; sopii herkille koirille ja koirille, joilla on ruoka-aineintoleransseja.<br data-start=\"565\" data-end=\"568\" \/>Korkea lohipitoisuus (30%) \u2013 kuivattu lohi p\u00e4\u00e4asiallisena el\u00e4inproteiinina on helposti sulavaa ja runsaasti omega-3-rasvahappoja sis\u00e4lt\u00e4v\u00e4\u00e4, tukien ihon, turkin ja immuunij\u00e4rjestelm\u00e4n hyvinvointia.<br data-start=\"765\" data-end=\"768\" \/>Kuivatut sardiinit (6%) \u2013 luonnollinen proteiinin sek\u00e4 EPA- ja DHA-rasvahappojen l\u00e4hde, joka lis\u00e4\u00e4 ravintoarvoa ja makua.<br data-start=\"889\" data-end=\"892\" \/>Lohi\u00f6ljy (14%) \u2013 yksi laadukkaimmista omega-3-rasvahappojen l\u00e4hteist\u00e4, tukee syd\u00e4men ja aivojen toimintaa sek\u00e4 antaa turkille kiiltoa.<br data-start=\"1026\" data-end=\"1029\" \/>Luonnolliset energianl\u00e4hteet \u2013 bataatti ja jamssi tarjoavat pitk\u00e4kestoista ja tasaista energiaa kuormittamatta ruoansulatusta.<br data-start=\"1155\" data-end=\"1158\" \/>Chia-siemenet \u2013 runsaasti kuitua, omega-3-rasvahappoja ja antioksidantteja.<br data-start=\"1233\" data-end=\"1236\" \/>100% luonnollinen \u2013 ei sis\u00e4ll\u00e4 viljaa, kemikaaleja, GMO:ita, keinotekoisia s\u00e4il\u00f6nt\u00e4aineita eik\u00e4 v\u00e4riaineita.<br data-start=\"1344\" data-end=\"1347\" \/>Toiminnalliset ainesosat \u2013 sikuriuute, yucca, beetaglukaanit, glukosamiini ja kondroitiini tukevat ruoansulatusta, immuunij\u00e4rjestelm\u00e4\u00e4 ja nivelten terveytt\u00e4.<\/p>\n<p data-start=\"1506\" data-end=\"1524\"><strong data-start=\"1506\" data-end=\"1524\">Kenelle sopii:<\/strong><\/p>\n<p data-start=\"1526\" data-end=\"1771\">\u2714 Keskikokoisille ja suurille aikuisille koirille<br data-start=\"1575\" data-end=\"1578\" \/>\u2714 Koirille, joilla on iho-ongelmia tai samea turkki<br data-start=\"1629\" data-end=\"1632\" \/>\u2714 Koirille, joilla on herkk\u00e4 ruoansulatus tai yleisi\u00e4 liha-allergioita<br data-start=\"1702\" data-end=\"1705\" \/>\u2714 Koirille, jotka tarvitsevat helposti sulavaa viljatonta ruokaa<\/p>\n<p data-start=\"1773\" data-end=\"2055\"><strong data-start=\"1773\" data-end=\"1787\">KOOSTUMUS:<\/strong> Kuivattu lohi 30%, bataatti, kuivattu peruna, lohi\u00f6ljy 14%, kuivatut sardiinit 6%, kuivattu kurpitsa 2%, kuivattu porkkana 1,2%, chia 0,1%, pellavansiemenet, sikuriuute, yucca, beetaglukaanit, glukosamiini, kondroitiinisulfaatti, vitamiini- ja kivenn\u00e4isaineiden seos.<\/p>\n<p data-start=\"2057\" data-end=\"2216\"><strong data-start=\"2057\" data-end=\"2084\">ANALYYTTISET AINESOSAT:<\/strong> Raakavalkuainen 25%, raakarasva 14%, raakakuitu 3,2%, tuhka 7,5%, kalsium 1,1%, fosfori 0,85%, natrium 0,15%, kosteus enint\u00e4\u00e4n 10%.<\/p>\n<p data-start=\"2218\" data-end=\"2703\"><strong data-start=\"2218\" data-end=\"2245\">LIS\u00c4AINEET (kg kohden):<\/strong> A-vitamiini 16300 IU, D3-vitamiini 1630 IU, E-vitamiini 160 mg, B1-vitamiini 4,8 mg, B2-vitamiini 8 mg, B6-vitamiini 6,4 mg, B12-vitamiini 0,07 mg, niasiini 40 mg, pantoteenihappo 16 mg, foolihappo 0,64 mg, biotiini 0,4 mg, C-vitamiini 160 mg, jodi 4 mg, seleeni 0,35 mg, rauta 96 mg, kupari 12 mg, sinkki 120 mg, mangaani 12 mg, koliinikloridi 1728 mg, glukosamiini 400 mg, kondroitiinisulfaatti 350 mg. Antioksidantit: tokoferolipitoiset kasvi\u00f6ljyuutteet.<\/p>\n<p data-start=\"2705\" data-end=\"2740\">Metabolinen energia: 3790 kcal\/kg<\/p>\n<p data-start=\"2742\" data-end=\"3131\"><strong data-start=\"2742\" data-end=\"2774\">Ruokinta- ja s\u00e4ilytysohjeet:<\/strong><br data-start=\"2774\" data-end=\"2777\" \/>Tarjoillaan kuivana. Varmista, ett\u00e4 koiralla on aina saatavilla raikasta vett\u00e4. Yksil\u00f6lliset ravitsemustarpeet riippuvat i\u00e4st\u00e4, rodusta, aktiivisuustasosta ja fysiologisesta tilasta. Sulje pakkaus huolellisesti jokaisen ruokinnan j\u00e4lkeen ja s\u00e4ilyt\u00e4 viile\u00e4ss\u00e4, kuivassa paikassa suojassa suoralta auringonvalolta. Parasta ennen \/ er\u00e4numero: katso pakkaus.<\/p>\n","protected":false},"featured_media":53303,"template":"","meta":[],"product_brand":[],"product_cat":[478],"product_tag":[],"class_list":{"0":"post-55219","1":"product","2":"type-product","3":"status-publish","4":"has-post-thumbnail","6":"product_cat-kuivaruoka-koirille","8":"first","9":"instock","10":"taxable","11":"shipping-taxable","12":"purchasable","13":"product-type-simple"},"yoast_head":"<!-- This site is optimized with the Yoast SEO plugin v27.4 - https:\/\/yoast.com\/product\/yoast-seo-wordpress\/ -->\n<title>Ibero Grain-free Dog Medium &amp; Maxi Adult Salmon, 12 kg - MiuMjau<\/title>\n<meta name=\"robots\" content=\"index, follow, max-snippet:-1, max-image-preview:large, max-video-preview:-1\" \/>\n<link rel=\"canonical\" href=\"https:\/\/miumjau.ee\/fi\/tuote\/ibero-grain-free-dog-medium-maxi-adult-salmon-12-kg\/\" \/>\n<meta property=\"og:locale\" content=\"fi_FI\" \/>\n<meta property=\"og:type\" content=\"article\" \/>\n<meta property=\"og:title\" content=\"Ibero Grain-free Dog Medium &amp; Maxi Adult Salmon, 12 kg - MiuMjau\" \/>\n<meta property=\"og:description\" content=\"T\u00e4ysravintoinen, viljaton superpremium-luokan koiranruoka keskikokoisille ja suurille aikuisille koirille 1 vuoden i\u00e4st\u00e4 alkaen. Perustuu korkealaatuiseen loheen ja sardiineihin \u2013 ihanteellinen valinta turkin, ihon ja yleisen elinvoiman tukemiseen. Keskeiset edut: Viljaton resepti \u2013 ei sis\u00e4ll\u00e4 vehn\u00e4\u00e4, maissia eik\u00e4 ohraa; sopii herkille koirille ja koirille, joilla on ruoka-aineintoleransseja.Korkea lohipitoisuus (30%) \u2013 kuivattu lohi p\u00e4\u00e4asiallisena el\u00e4inproteiinina on helposti sulavaa ja runsaasti omega-3-rasvahappoja sis\u00e4lt\u00e4v\u00e4\u00e4, tukien ihon, turkin ja immuunij\u00e4rjestelm\u00e4n hyvinvointia.Kuivatut sardiinit (6%) \u2013 luonnollinen proteiinin sek\u00e4 EPA- ja DHA-rasvahappojen l\u00e4hde, joka lis\u00e4\u00e4 ravintoarvoa ja makua.Lohi\u00f6ljy (14%) \u2013 yksi laadukkaimmista omega-3-rasvahappojen l\u00e4hteist\u00e4, tukee syd\u00e4men ja aivojen toimintaa sek\u00e4 antaa turkille kiiltoa.Luonnolliset energianl\u00e4hteet \u2013 bataatti ja jamssi tarjoavat pitk\u00e4kestoista ja tasaista energiaa kuormittamatta ruoansulatusta.Chia-siemenet \u2013 runsaasti kuitua, omega-3-rasvahappoja ja antioksidantteja.100% luonnollinen \u2013 ei sis\u00e4ll\u00e4 viljaa, kemikaaleja, GMO:ita, keinotekoisia s\u00e4il\u00f6nt\u00e4aineita eik\u00e4 v\u00e4riaineita.Toiminnalliset ainesosat \u2013 sikuriuute, yucca, beetaglukaanit, glukosamiini ja kondroitiini tukevat ruoansulatusta, immuunij\u00e4rjestelm\u00e4\u00e4 ja nivelten terveytt\u00e4. Kenelle sopii: \u2714 Keskikokoisille ja suurille aikuisille koirille\u2714 Koirille, joilla on iho-ongelmia tai samea turkki\u2714 Koirille, joilla on herkk\u00e4 ruoansulatus tai yleisi\u00e4 liha-allergioita\u2714 Koirille, jotka tarvitsevat helposti sulavaa viljatonta ruokaa KOOSTUMUS: Kuivattu lohi 30%, bataatti, kuivattu peruna, lohi\u00f6ljy 14%, kuivatut sardiinit 6%, kuivattu kurpitsa 2%, kuivattu porkkana 1,2%, chia 0,1%, pellavansiemenet, sikuriuute, yucca, beetaglukaanit, glukosamiini, kondroitiinisulfaatti, vitamiini- ja kivenn\u00e4isaineiden seos. ANALYYTTISET AINESOSAT: Raakavalkuainen 25%, raakarasva 14%, raakakuitu 3,2%, tuhka 7,5%, kalsium 1,1%, fosfori 0,85%, natrium 0,15%, kosteus enint\u00e4\u00e4n 10%. LIS\u00c4AINEET (kg kohden): A-vitamiini 16300 IU, D3-vitamiini 1630 IU, E-vitamiini 160 mg, B1-vitamiini 4,8 mg, B2-vitamiini 8 mg, B6-vitamiini 6,4 mg, B12-vitamiini 0,07 mg, niasiini 40 mg, pantoteenihappo 16 mg, foolihappo 0,64 mg, biotiini 0,4 mg, C-vitamiini 160 mg, jodi 4 mg, seleeni 0,35 mg, rauta 96 mg, kupari 12 mg, sinkki 120 mg, mangaani 12 mg, koliinikloridi 1728 mg, glukosamiini 400 mg, kondroitiinisulfaatti 350 mg. Antioksidantit: tokoferolipitoiset kasvi\u00f6ljyuutteet. Metabolinen energia: 3790 kcal\/kg Ruokinta- ja s\u00e4ilytysohjeet:Tarjoillaan kuivana. Varmista, ett\u00e4 koiralla on aina saatavilla raikasta vett\u00e4. Yksil\u00f6lliset ravitsemustarpeet riippuvat i\u00e4st\u00e4, rodusta, aktiivisuustasosta ja fysiologisesta tilasta. Sulje pakkaus huolellisesti jokaisen ruokinnan j\u00e4lkeen ja s\u00e4ilyt\u00e4 viile\u00e4ss\u00e4, kuivassa paikassa suojassa suoralta auringonvalolta. Parasta ennen \/ er\u00e4numero: katso pakkaus.\" \/>\n<meta property=\"og:url\" content=\"https:\/\/miumjau.ee\/fi\/tuote\/ibero-grain-free-dog-medium-maxi-adult-salmon-12-kg\/\" \/>\n<meta property=\"og:site_name\" content=\"MiuMjau\" \/>\n<meta property=\"article:publisher\" content=\"https:\/\/www.facebook.com\/miumjaupood\/\" \/>\n<meta property=\"og:image\" content=\"https:\/\/miumjau.ee\/wp-content\/uploads\/2026\/01\/ibero-GF-ML-lohe-12kg-2.jpg\" \/>\n\t<meta property=\"og:image:width\" content=\"600\" \/>\n\t<meta property=\"og:image:height\" content=\"800\" \/>\n\t<meta property=\"og:image:type\" content=\"image\/jpeg\" \/>\n<meta name=\"twitter:card\" content=\"summary_large_image\" \/>\n<script type=\"application\/ld+json\" class=\"yoast-schema-graph\">{\"@context\":\"https:\\\/\\\/schema.org\",\"@graph\":[{\"@type\":\"WebPage\",\"@id\":\"https:\\\/\\\/miumjau.ee\\\/fi\\\/tuote\\\/ibero-grain-free-dog-medium-maxi-adult-salmon-12-kg\\\/\",\"url\":\"https:\\\/\\\/miumjau.ee\\\/fi\\\/tuote\\\/ibero-grain-free-dog-medium-maxi-adult-salmon-12-kg\\\/\",\"name\":\"Ibero Grain-free Dog Medium & Maxi Adult Salmon, 12 kg - MiuMjau\",\"isPartOf\":{\"@id\":\"https:\\\/\\\/miumjau.ee\\\/#website\"},\"primaryImageOfPage\":{\"@id\":\"https:\\\/\\\/miumjau.ee\\\/fi\\\/tuote\\\/ibero-grain-free-dog-medium-maxi-adult-salmon-12-kg\\\/#primaryimage\"},\"image\":{\"@id\":\"https:\\\/\\\/miumjau.ee\\\/fi\\\/tuote\\\/ibero-grain-free-dog-medium-maxi-adult-salmon-12-kg\\\/#primaryimage\"},\"thumbnailUrl\":\"https:\\\/\\\/miumjau.ee\\\/wp-content\\\/uploads\\\/2026\\\/01\\\/ibero-GF-ML-lohe-12kg-2.jpg\",\"datePublished\":\"2026-01-29T12:28:58+00:00\",\"breadcrumb\":{\"@id\":\"https:\\\/\\\/miumjau.ee\\\/fi\\\/tuote\\\/ibero-grain-free-dog-medium-maxi-adult-salmon-12-kg\\\/#breadcrumb\"},\"inLanguage\":\"fi\",\"potentialAction\":[{\"@type\":\"ReadAction\",\"target\":[\"https:\\\/\\\/miumjau.ee\\\/fi\\\/tuote\\\/ibero-grain-free-dog-medium-maxi-adult-salmon-12-kg\\\/\"]}]},{\"@type\":\"ImageObject\",\"inLanguage\":\"fi\",\"@id\":\"https:\\\/\\\/miumjau.ee\\\/fi\\\/tuote\\\/ibero-grain-free-dog-medium-maxi-adult-salmon-12-kg\\\/#primaryimage\",\"url\":\"https:\\\/\\\/miumjau.ee\\\/wp-content\\\/uploads\\\/2026\\\/01\\\/ibero-GF-ML-lohe-12kg-2.jpg\",\"contentUrl\":\"https:\\\/\\\/miumjau.ee\\\/wp-content\\\/uploads\\\/2026\\\/01\\\/ibero-GF-ML-lohe-12kg-2.jpg\",\"width\":600,\"height\":800,\"caption\":\"Ibero Grain-free Dog Medium & Maxi Adult Salmon, 12kg\"},{\"@type\":\"BreadcrumbList\",\"@id\":\"https:\\\/\\\/miumjau.ee\\\/fi\\\/tuote\\\/ibero-grain-free-dog-medium-maxi-adult-salmon-12-kg\\\/#breadcrumb\",\"itemListElement\":[{\"@type\":\"ListItem\",\"position\":1,\"name\":\"Home\",\"item\":\"https:\\\/\\\/miumjau.ee\\\/fi\\\/\"},{\"@type\":\"ListItem\",\"position\":2,\"name\":\"Kauppa\",\"item\":\"https:\\\/\\\/miumjau.ee\\\/fi\\\/kauppa\\\/\"},{\"@type\":\"ListItem\",\"position\":3,\"name\":\"Ibero Grain-free Dog Medium &#038; Maxi Adult Salmon, 12 kg\"}]},{\"@type\":\"WebSite\",\"@id\":\"https:\\\/\\\/miumjau.ee\\\/#website\",\"url\":\"https:\\\/\\\/miumjau.ee\\\/\",\"name\":\"MiuMjau\",\"description\":\"Kraapimispuud kassidele\",\"publisher\":{\"@id\":\"https:\\\/\\\/miumjau.ee\\\/#organization\"},\"potentialAction\":[{\"@type\":\"SearchAction\",\"target\":{\"@type\":\"EntryPoint\",\"urlTemplate\":\"https:\\\/\\\/miumjau.ee\\\/?s={search_term_string}\"},\"query-input\":{\"@type\":\"PropertyValueSpecification\",\"valueRequired\":true,\"valueName\":\"search_term_string\"}}],\"inLanguage\":\"fi\"},{\"@type\":\"Organization\",\"@id\":\"https:\\\/\\\/miumjau.ee\\\/#organization\",\"name\":\"MiuMjau O\u00dc\",\"url\":\"https:\\\/\\\/miumjau.ee\\\/\",\"logo\":{\"@type\":\"ImageObject\",\"inLanguage\":\"fi\",\"@id\":\"https:\\\/\\\/miumjau.ee\\\/#\\\/schema\\\/logo\\\/image\\\/\",\"url\":\"https:\\\/\\\/miumjau.ee\\\/wp-content\\\/uploads\\\/2022\\\/04\\\/MiuMjau-logo-kollane.png\",\"contentUrl\":\"https:\\\/\\\/miumjau.ee\\\/wp-content\\\/uploads\\\/2022\\\/04\\\/MiuMjau-logo-kollane.png\",\"width\":219,\"height\":100,\"caption\":\"MiuMjau O\u00dc\"},\"image\":{\"@id\":\"https:\\\/\\\/miumjau.ee\\\/#\\\/schema\\\/logo\\\/image\\\/\"},\"sameAs\":[\"https:\\\/\\\/www.facebook.com\\\/miumjaupood\\\/\"]}]}<\/script>\n<!-- \/ Yoast SEO plugin. -->","yoast_head_json":{"title":"Ibero Grain-free Dog Medium & Maxi Adult Salmon, 12 kg - MiuMjau","robots":{"index":"index","follow":"follow","max-snippet":"max-snippet:-1","max-image-preview":"max-image-preview:large","max-video-preview":"max-video-preview:-1"},"canonical":"https:\/\/miumjau.ee\/fi\/tuote\/ibero-grain-free-dog-medium-maxi-adult-salmon-12-kg\/","og_locale":"fi_FI","og_type":"article","og_title":"Ibero Grain-free Dog Medium & Maxi Adult Salmon, 12 kg - MiuMjau","og_description":"T\u00e4ysravintoinen, viljaton superpremium-luokan koiranruoka keskikokoisille ja suurille aikuisille koirille 1 vuoden i\u00e4st\u00e4 alkaen. Perustuu korkealaatuiseen loheen ja sardiineihin \u2013 ihanteellinen valinta turkin, ihon ja yleisen elinvoiman tukemiseen. Keskeiset edut: Viljaton resepti \u2013 ei sis\u00e4ll\u00e4 vehn\u00e4\u00e4, maissia eik\u00e4 ohraa; sopii herkille koirille ja koirille, joilla on ruoka-aineintoleransseja.Korkea lohipitoisuus (30%) \u2013 kuivattu lohi p\u00e4\u00e4asiallisena el\u00e4inproteiinina on helposti sulavaa ja runsaasti omega-3-rasvahappoja sis\u00e4lt\u00e4v\u00e4\u00e4, tukien ihon, turkin ja immuunij\u00e4rjestelm\u00e4n hyvinvointia.Kuivatut sardiinit (6%) \u2013 luonnollinen proteiinin sek\u00e4 EPA- ja DHA-rasvahappojen l\u00e4hde, joka lis\u00e4\u00e4 ravintoarvoa ja makua.Lohi\u00f6ljy (14%) \u2013 yksi laadukkaimmista omega-3-rasvahappojen l\u00e4hteist\u00e4, tukee syd\u00e4men ja aivojen toimintaa sek\u00e4 antaa turkille kiiltoa.Luonnolliset energianl\u00e4hteet \u2013 bataatti ja jamssi tarjoavat pitk\u00e4kestoista ja tasaista energiaa kuormittamatta ruoansulatusta.Chia-siemenet \u2013 runsaasti kuitua, omega-3-rasvahappoja ja antioksidantteja.100% luonnollinen \u2013 ei sis\u00e4ll\u00e4 viljaa, kemikaaleja, GMO:ita, keinotekoisia s\u00e4il\u00f6nt\u00e4aineita eik\u00e4 v\u00e4riaineita.Toiminnalliset ainesosat \u2013 sikuriuute, yucca, beetaglukaanit, glukosamiini ja kondroitiini tukevat ruoansulatusta, immuunij\u00e4rjestelm\u00e4\u00e4 ja nivelten terveytt\u00e4. Kenelle sopii: \u2714 Keskikokoisille ja suurille aikuisille koirille\u2714 Koirille, joilla on iho-ongelmia tai samea turkki\u2714 Koirille, joilla on herkk\u00e4 ruoansulatus tai yleisi\u00e4 liha-allergioita\u2714 Koirille, jotka tarvitsevat helposti sulavaa viljatonta ruokaa KOOSTUMUS: Kuivattu lohi 30%, bataatti, kuivattu peruna, lohi\u00f6ljy 14%, kuivatut sardiinit 6%, kuivattu kurpitsa 2%, kuivattu porkkana 1,2%, chia 0,1%, pellavansiemenet, sikuriuute, yucca, beetaglukaanit, glukosamiini, kondroitiinisulfaatti, vitamiini- ja kivenn\u00e4isaineiden seos. ANALYYTTISET AINESOSAT: Raakavalkuainen 25%, raakarasva 14%, raakakuitu 3,2%, tuhka 7,5%, kalsium 1,1%, fosfori 0,85%, natrium 0,15%, kosteus enint\u00e4\u00e4n 10%. LIS\u00c4AINEET (kg kohden): A-vitamiini 16300 IU, D3-vitamiini 1630 IU, E-vitamiini 160 mg, B1-vitamiini 4,8 mg, B2-vitamiini 8 mg, B6-vitamiini 6,4 mg, B12-vitamiini 0,07 mg, niasiini 40 mg, pantoteenihappo 16 mg, foolihappo 0,64 mg, biotiini 0,4 mg, C-vitamiini 160 mg, jodi 4 mg, seleeni 0,35 mg, rauta 96 mg, kupari 12 mg, sinkki 120 mg, mangaani 12 mg, koliinikloridi 1728 mg, glukosamiini 400 mg, kondroitiinisulfaatti 350 mg. Antioksidantit: tokoferolipitoiset kasvi\u00f6ljyuutteet. Metabolinen energia: 3790 kcal\/kg Ruokinta- ja s\u00e4ilytysohjeet:Tarjoillaan kuivana. Varmista, ett\u00e4 koiralla on aina saatavilla raikasta vett\u00e4. Yksil\u00f6lliset ravitsemustarpeet riippuvat i\u00e4st\u00e4, rodusta, aktiivisuustasosta ja fysiologisesta tilasta. Sulje pakkaus huolellisesti jokaisen ruokinnan j\u00e4lkeen ja s\u00e4ilyt\u00e4 viile\u00e4ss\u00e4, kuivassa paikassa suojassa suoralta auringonvalolta. Parasta ennen \/ er\u00e4numero: katso pakkaus.","og_url":"https:\/\/miumjau.ee\/fi\/tuote\/ibero-grain-free-dog-medium-maxi-adult-salmon-12-kg\/","og_site_name":"MiuMjau","article_publisher":"https:\/\/www.facebook.com\/miumjaupood\/","og_image":[{"width":600,"height":800,"url":"https:\/\/miumjau.ee\/wp-content\/uploads\/2026\/01\/ibero-GF-ML-lohe-12kg-2.jpg","type":"image\/jpeg"}],"twitter_card":"summary_large_image","schema":{"@context":"https:\/\/schema.org","@graph":[{"@type":"WebPage","@id":"https:\/\/miumjau.ee\/fi\/tuote\/ibero-grain-free-dog-medium-maxi-adult-salmon-12-kg\/","url":"https:\/\/miumjau.ee\/fi\/tuote\/ibero-grain-free-dog-medium-maxi-adult-salmon-12-kg\/","name":"Ibero Grain-free Dog Medium & Maxi Adult Salmon, 12 kg - MiuMjau","isPartOf":{"@id":"https:\/\/miumjau.ee\/#website"},"primaryImageOfPage":{"@id":"https:\/\/miumjau.ee\/fi\/tuote\/ibero-grain-free-dog-medium-maxi-adult-salmon-12-kg\/#primaryimage"},"image":{"@id":"https:\/\/miumjau.ee\/fi\/tuote\/ibero-grain-free-dog-medium-maxi-adult-salmon-12-kg\/#primaryimage"},"thumbnailUrl":"https:\/\/miumjau.ee\/wp-content\/uploads\/2026\/01\/ibero-GF-ML-lohe-12kg-2.jpg","datePublished":"2026-01-29T12:28:58+00:00","breadcrumb":{"@id":"https:\/\/miumjau.ee\/fi\/tuote\/ibero-grain-free-dog-medium-maxi-adult-salmon-12-kg\/#breadcrumb"},"inLanguage":"fi","potentialAction":[{"@type":"ReadAction","target":["https:\/\/miumjau.ee\/fi\/tuote\/ibero-grain-free-dog-medium-maxi-adult-salmon-12-kg\/"]}]},{"@type":"ImageObject","inLanguage":"fi","@id":"https:\/\/miumjau.ee\/fi\/tuote\/ibero-grain-free-dog-medium-maxi-adult-salmon-12-kg\/#primaryimage","url":"https:\/\/miumjau.ee\/wp-content\/uploads\/2026\/01\/ibero-GF-ML-lohe-12kg-2.jpg","contentUrl":"https:\/\/miumjau.ee\/wp-content\/uploads\/2026\/01\/ibero-GF-ML-lohe-12kg-2.jpg","width":600,"height":800,"caption":"Ibero Grain-free Dog Medium & Maxi Adult Salmon, 12kg"},{"@type":"BreadcrumbList","@id":"https:\/\/miumjau.ee\/fi\/tuote\/ibero-grain-free-dog-medium-maxi-adult-salmon-12-kg\/#breadcrumb","itemListElement":[{"@type":"ListItem","position":1,"name":"Home","item":"https:\/\/miumjau.ee\/fi\/"},{"@type":"ListItem","position":2,"name":"Kauppa","item":"https:\/\/miumjau.ee\/fi\/kauppa\/"},{"@type":"ListItem","position":3,"name":"Ibero Grain-free Dog Medium &#038; Maxi Adult Salmon, 12 kg"}]},{"@type":"WebSite","@id":"https:\/\/miumjau.ee\/#website","url":"https:\/\/miumjau.ee\/","name":"MiuMjau","description":"Kraapimispuud kassidele","publisher":{"@id":"https:\/\/miumjau.ee\/#organization"},"potentialAction":[{"@type":"SearchAction","target":{"@type":"EntryPoint","urlTemplate":"https:\/\/miumjau.ee\/?s={search_term_string}"},"query-input":{"@type":"PropertyValueSpecification","valueRequired":true,"valueName":"search_term_string"}}],"inLanguage":"fi"},{"@type":"Organization","@id":"https:\/\/miumjau.ee\/#organization","name":"MiuMjau O\u00dc","url":"https:\/\/miumjau.ee\/","logo":{"@type":"ImageObject","inLanguage":"fi","@id":"https:\/\/miumjau.ee\/#\/schema\/logo\/image\/","url":"https:\/\/miumjau.ee\/wp-content\/uploads\/2022\/04\/MiuMjau-logo-kollane.png","contentUrl":"https:\/\/miumjau.ee\/wp-content\/uploads\/2022\/04\/MiuMjau-logo-kollane.png","width":219,"height":100,"caption":"MiuMjau O\u00dc"},"image":{"@id":"https:\/\/miumjau.ee\/#\/schema\/logo\/image\/"},"sameAs":["https:\/\/www.facebook.com\/miumjaupood\/"]}]}},"_links":{"self":[{"href":"https:\/\/miumjau.ee\/fi\/wp-json\/wp\/v2\/product\/55219","targetHints":{"allow":["GET"]}}],"collection":[{"href":"https:\/\/miumjau.ee\/fi\/wp-json\/wp\/v2\/product"}],"about":[{"href":"https:\/\/miumjau.ee\/fi\/wp-json\/wp\/v2\/types\/product"}],"wp:featuredmedia":[{"embeddable":true,"href":"https:\/\/miumjau.ee\/fi\/wp-json\/wp\/v2\/media\/53303"}],"wp:attachment":[{"href":"https:\/\/miumjau.ee\/fi\/wp-json\/wp\/v2\/media?parent=55219"}],"wp:term":[{"taxonomy":"product_brand","embeddable":true,"href":"https:\/\/miumjau.ee\/fi\/wp-json\/wp\/v2\/product_brand?post=55219"},{"taxonomy":"product_cat","embeddable":true,"href":"https:\/\/miumjau.ee\/fi\/wp-json\/wp\/v2\/product_cat?post=55219"},{"taxonomy":"product_tag","embeddable":true,"href":"https:\/\/miumjau.ee\/fi\/wp-json\/wp\/v2\/product_tag?post=55219"}],"curies":[{"name":"wp","href":"https:\/\/api.w.org\/{rel}","templated":true}]}}