{"id":55199,"date":"2026-01-29T14:29:03","date_gmt":"2026-01-29T12:29:03","guid":{"rendered":"https:\/\/miumjau.ee\/toode\/ibero-grain-free-dog-mini-adult-lamb-2-kg\/"},"modified":"2026-01-29T14:29:03","modified_gmt":"2026-01-29T12:29:03","slug":"ibero-grain-free-dog-mini-adult-lamb-2-kg","status":"publish","type":"product","link":"https:\/\/miumjau.ee\/fi\/tuote\/ibero-grain-free-dog-mini-adult-lamb-2-kg\/","title":{"rendered":"Ibero Grain-free Dog Mini Adult Lamb, 2 kg"},"content":{"rendered":"","protected":false},"excerpt":{"rendered":"<p data-start=\"205\" data-end=\"285\">T\u00e4ysravinteinen superpremium viljaton ruoka aikuisille pienille koiraroduille.<\/p>\n<p data-start=\"287\" data-end=\"309\"><strong data-start=\"287\" data-end=\"307\">T\u00e4rkeimm\u00e4t edut:<\/strong><\/p>\n<ul data-start=\"311\" data-end=\"1361\">\n<li data-section-id=\"bl8inu\" data-start=\"311\" data-end=\"475\">\n<p data-start=\"313\" data-end=\"475\"><strong data-start=\"313\" data-end=\"333\">Viljaton resepti<\/strong> \u2013 ei sis\u00e4ll\u00e4 vehn\u00e4\u00e4, maissia tai ohraa; ihanteellinen pienille koirille, joilla on herkk\u00e4 ruoansulatus tai taipumus ruoka-aineallergioihin.<\/p>\n<\/li>\n<li data-section-id=\"5yi79n\" data-start=\"476\" data-end=\"677\">\n<p data-start=\"478\" data-end=\"677\"><strong data-start=\"478\" data-end=\"515\">Korkea lampaanlihapitoisuus (34%)<\/strong> \u2013 kuivattu lampaanliha p\u00e4\u00e4asiallisena el\u00e4inproteiinin l\u00e4hteen\u00e4 on helposti sulavaa, hypoallergeenista ja eritt\u00e4in maukasta jopa valikoiville pienille koirille.<\/p>\n<\/li>\n<li data-section-id=\"aouxb3\" data-start=\"678\" data-end=\"802\">\n<p data-start=\"680\" data-end=\"802\"><strong data-start=\"680\" data-end=\"711\">Luonnolliset energial\u00e4hteet<\/strong> \u2013 bataatti ja jamssit tarjoavat tasaisen ja tasapainoisen energiansaannin koko p\u00e4iv\u00e4ksi.<\/p>\n<\/li>\n<li data-section-id=\"1ag4lqi\" data-start=\"803\" data-end=\"897\">\n<p data-start=\"805\" data-end=\"897\"><strong data-start=\"805\" data-end=\"821\">Lampaanmaksa<\/strong> \u2013 runsas B-vitamiineja, tukee aineenvaihduntaa, elinvoimaa ja ruokahalua.<\/p>\n<\/li>\n<li data-section-id=\"dzac1k\" data-start=\"898\" data-end=\"1028\">\n<p data-start=\"900\" data-end=\"1028\"><strong data-start=\"900\" data-end=\"917\">Chia-siemenet<\/strong> \u2013 omega-3-rasvahappojen, antioksidanttien ja kuitujen l\u00e4hde terveelle iholle, turkille ja ruoansulatukselle.<\/p>\n<\/li>\n<li data-section-id=\"3cmptz\" data-start=\"1029\" data-end=\"1165\">\n<p data-start=\"1031\" data-end=\"1165\"><strong data-start=\"1031\" data-end=\"1053\">100 % luonnollinen<\/strong> \u2013 ei sis\u00e4ll\u00e4 viljoja, kemikaaleja, geenimuunneltuja ainesosia, keinotekoisia s\u00e4il\u00f6nt\u00e4aineita tai v\u00e4riaineita.<\/p>\n<\/li>\n<li data-section-id=\"1704s2k\" data-start=\"1166\" data-end=\"1361\">\n<p data-start=\"1168\" data-end=\"1361\"><strong data-start=\"1168\" data-end=\"1196\">Toiminnalliset ainesosat<\/strong> \u2013 sikurijuuriuute, jukkapalmu, beetaglukaanit, glukosamiini ja kondroitiini tukevat pienten koirien immuunij\u00e4rjestelm\u00e4\u00e4, hyv\u00e4\u00e4 ruoansulatusta ja terveit\u00e4 niveli\u00e4.<\/p>\n<\/li>\n<\/ul>\n<p data-start=\"1363\" data-end=\"1582\"><strong data-start=\"1363\" data-end=\"1373\">Sopii:<\/strong><br data-start=\"1373\" data-end=\"1376\" \/>\u2714 Pienet aikuiset koirat<br data-start=\"1400\" data-end=\"1403\" \/>\u2714 Koirat, joilla on herkk\u00e4 ruoansulatus tai ruoka-aineyliherkkyys<br data-start=\"1468\" data-end=\"1471\" \/>\u2714 Pienet koirat, jotka suosivat maukasta ja helposti sulavaa ruokaa<br data-start=\"1538\" data-end=\"1541\" \/>\u2714 Koirat, joilla on viljaton ruokavalio<\/p>\n<p data-start=\"1584\" data-end=\"1919\"><strong data-start=\"1584\" data-end=\"1598\">Ainesosat:<\/strong> Kuivattu lampaanliha 34%, bataatti, kuivattu peruna, naudanrasva 14%, lampaanmaksa 5%, kuivattu kurpitsa 2%, kuivattu lampaanmaksa 2%, kuivattu porkkana 1,2%, espanjansalvia 0,1%, pellavansiemenet, sikurijuuriuute, jukkapalmu, beetaglukaanit, glukosamiini, kondroitiinisulfaatti, vitamiinien ja kivenn\u00e4isaineiden seos.<\/p>\n<p data-start=\"1921\" data-end=\"2089\"><strong data-start=\"1921\" data-end=\"1945\">Analyyttiset aineet:<\/strong> Raakavalkuainen 26 %, raakarasva 14 %, raakakuitu 3,2 %, raakatuhkka 6,9 %, kalsium 1,1 %, fosfori 0,85 %, natrium 0,15 %, kosteus max. 10 %.<\/p>\n<p data-start=\"2091\" data-end=\"2578\"><strong data-start=\"2091\" data-end=\"2115\">Lis\u00e4aineet (per kg):<\/strong> A-vitamiini 16\u202f800 IU, D3-vitamiini 1\u202f680 IU, E-vitamiini 168 mg, B1-vitamiini 4,8 mg, B2-vitamiini 8 mg, B6-vitamiini 6,4 mg, B12-vitamiini 0,07 mg, niasiini 40 mg, pantoteenihappo 16 mg, foolihappo 0,64 mg, biotiini 0,4 mg, C-vitamiini 160 mg, jodi 4 mg, seleeni 0,35 mg, rauta 96 mg, kupari 12 mg, sinkki 120 mg, mangaani 12 mg, koliinikloridi 1\u202f728 mg, glukosamiini 400 mg, kondroitiinisulfaatti 350 mg. Antioksidantit: tokoferolipitoiset kasvi\u00f6ljyuutteet.<\/p>\n<p data-start=\"2580\" data-end=\"2620\"><strong data-start=\"2580\" data-end=\"2604\">Metaboloitu energia:<\/strong> 3\u202f870 kcal\/kg<\/p>\n<p data-start=\"2622\" data-end=\"2992\"><strong data-start=\"2622\" data-end=\"2654\">Ruokinta- ja s\u00e4ilytysohjeet:<\/strong><br data-start=\"2654\" data-end=\"2657\" \/>Tarjoile kuivana. Varmista, ett\u00e4 koiralla on aina raikasta vett\u00e4 saatavilla. Yksil\u00f6lliset ravitsemustarpeet riippuvat i\u00e4st\u00e4, rodusta, aktiivisuustasosta ja fysiologisesta tilasta. Sulje pakkaus tiiviisti k\u00e4yt\u00f6n j\u00e4lkeen ja s\u00e4ilyt\u00e4 viile\u00e4ss\u00e4, kuivassa paikassa, poissa suorasta auringonvalosta. Parasta ennen \/ er\u00e4p\u00e4iv\u00e4: katso pakkaus.<\/p>\n","protected":false},"featured_media":53285,"template":"","meta":[],"product_brand":[],"product_cat":[478],"product_tag":[],"class_list":{"0":"post-55199","1":"product","2":"type-product","3":"status-publish","4":"has-post-thumbnail","6":"product_cat-kuivaruoka-koirille","8":"first","9":"instock","10":"sale","11":"taxable","12":"shipping-taxable","13":"purchasable","14":"product-type-simple"},"yoast_head":"<!-- This site is optimized with the Yoast SEO plugin v27.4 - https:\/\/yoast.com\/product\/yoast-seo-wordpress\/ -->\n<title>Ibero Grain-free Dog Mini Adult Lamb, 2 kg - MiuMjau<\/title>\n<meta name=\"robots\" content=\"index, follow, max-snippet:-1, max-image-preview:large, max-video-preview:-1\" \/>\n<link rel=\"canonical\" href=\"https:\/\/miumjau.ee\/fi\/tuote\/ibero-grain-free-dog-mini-adult-lamb-2-kg\/\" \/>\n<meta property=\"og:locale\" content=\"fi_FI\" \/>\n<meta property=\"og:type\" content=\"article\" \/>\n<meta property=\"og:title\" content=\"Ibero Grain-free Dog Mini Adult Lamb, 2 kg - MiuMjau\" \/>\n<meta property=\"og:description\" content=\"T\u00e4ysravinteinen superpremium viljaton ruoka aikuisille pienille koiraroduille. T\u00e4rkeimm\u00e4t edut:     Viljaton resepti \u2013 ei sis\u00e4ll\u00e4 vehn\u00e4\u00e4, maissia tai ohraa; ihanteellinen pienille koirille, joilla on herkk\u00e4 ruoansulatus tai taipumus ruoka-aineallergioihin.    Korkea lampaanlihapitoisuus (34%) \u2013 kuivattu lampaanliha p\u00e4\u00e4asiallisena el\u00e4inproteiinin l\u00e4hteen\u00e4 on helposti sulavaa, hypoallergeenista ja eritt\u00e4in maukasta jopa valikoiville pienille koirille.    Luonnolliset energial\u00e4hteet \u2013 bataatti ja jamssit tarjoavat tasaisen ja tasapainoisen energiansaannin koko p\u00e4iv\u00e4ksi.    Lampaanmaksa \u2013 runsas B-vitamiineja, tukee aineenvaihduntaa, elinvoimaa ja ruokahalua.    Chia-siemenet \u2013 omega-3-rasvahappojen, antioksidanttien ja kuitujen l\u00e4hde terveelle iholle, turkille ja ruoansulatukselle.    100 % luonnollinen \u2013 ei sis\u00e4ll\u00e4 viljoja, kemikaaleja, geenimuunneltuja ainesosia, keinotekoisia s\u00e4il\u00f6nt\u00e4aineita tai v\u00e4riaineita.    Toiminnalliset ainesosat \u2013 sikurijuuriuute, jukkapalmu, beetaglukaanit, glukosamiini ja kondroitiini tukevat pienten koirien immuunij\u00e4rjestelm\u00e4\u00e4, hyv\u00e4\u00e4 ruoansulatusta ja terveit\u00e4 niveli\u00e4.   Sopii:\u2714 Pienet aikuiset koirat\u2714 Koirat, joilla on herkk\u00e4 ruoansulatus tai ruoka-aineyliherkkyys\u2714 Pienet koirat, jotka suosivat maukasta ja helposti sulavaa ruokaa\u2714 Koirat, joilla on viljaton ruokavalio Ainesosat: Kuivattu lampaanliha 34%, bataatti, kuivattu peruna, naudanrasva 14%, lampaanmaksa 5%, kuivattu kurpitsa 2%, kuivattu lampaanmaksa 2%, kuivattu porkkana 1,2%, espanjansalvia 0,1%, pellavansiemenet, sikurijuuriuute, jukkapalmu, beetaglukaanit, glukosamiini, kondroitiinisulfaatti, vitamiinien ja kivenn\u00e4isaineiden seos. Analyyttiset aineet: Raakavalkuainen 26 %, raakarasva 14 %, raakakuitu 3,2 %, raakatuhkka 6,9 %, kalsium 1,1 %, fosfori 0,85 %, natrium 0,15 %, kosteus max. 10 %. Lis\u00e4aineet (per kg): A-vitamiini 16\u202f800 IU, D3-vitamiini 1\u202f680 IU, E-vitamiini 168 mg, B1-vitamiini 4,8 mg, B2-vitamiini 8 mg, B6-vitamiini 6,4 mg, B12-vitamiini 0,07 mg, niasiini 40 mg, pantoteenihappo 16 mg, foolihappo 0,64 mg, biotiini 0,4 mg, C-vitamiini 160 mg, jodi 4 mg, seleeni 0,35 mg, rauta 96 mg, kupari 12 mg, sinkki 120 mg, mangaani 12 mg, koliinikloridi 1\u202f728 mg, glukosamiini 400 mg, kondroitiinisulfaatti 350 mg. Antioksidantit: tokoferolipitoiset kasvi\u00f6ljyuutteet. Metaboloitu energia: 3\u202f870 kcal\/kg Ruokinta- ja s\u00e4ilytysohjeet:Tarjoile kuivana. Varmista, ett\u00e4 koiralla on aina raikasta vett\u00e4 saatavilla. Yksil\u00f6lliset ravitsemustarpeet riippuvat i\u00e4st\u00e4, rodusta, aktiivisuustasosta ja fysiologisesta tilasta. Sulje pakkaus tiiviisti k\u00e4yt\u00f6n j\u00e4lkeen ja s\u00e4ilyt\u00e4 viile\u00e4ss\u00e4, kuivassa paikassa, poissa suorasta auringonvalosta. Parasta ennen \/ er\u00e4p\u00e4iv\u00e4: katso pakkaus.\" \/>\n<meta property=\"og:url\" content=\"https:\/\/miumjau.ee\/fi\/tuote\/ibero-grain-free-dog-mini-adult-lamb-2-kg\/\" \/>\n<meta property=\"og:site_name\" content=\"MiuMjau\" \/>\n<meta property=\"article:publisher\" content=\"https:\/\/www.facebook.com\/miumjaupood\/\" \/>\n<meta property=\"og:image\" content=\"https:\/\/miumjau.ee\/wp-content\/uploads\/2026\/01\/ibero-grainfree-mini-adult-lamb2.jpg\" \/>\n\t<meta property=\"og:image:width\" content=\"600\" \/>\n\t<meta property=\"og:image:height\" content=\"800\" \/>\n\t<meta property=\"og:image:type\" content=\"image\/jpeg\" \/>\n<meta name=\"twitter:card\" content=\"summary_large_image\" \/>\n<script type=\"application\/ld+json\" class=\"yoast-schema-graph\">{\"@context\":\"https:\\\/\\\/schema.org\",\"@graph\":[{\"@type\":\"WebPage\",\"@id\":\"https:\\\/\\\/miumjau.ee\\\/fi\\\/tuote\\\/ibero-grain-free-dog-mini-adult-lamb-2-kg\\\/\",\"url\":\"https:\\\/\\\/miumjau.ee\\\/fi\\\/tuote\\\/ibero-grain-free-dog-mini-adult-lamb-2-kg\\\/\",\"name\":\"Ibero Grain-free Dog Mini Adult Lamb, 2 kg - MiuMjau\",\"isPartOf\":{\"@id\":\"https:\\\/\\\/miumjau.ee\\\/#website\"},\"primaryImageOfPage\":{\"@id\":\"https:\\\/\\\/miumjau.ee\\\/fi\\\/tuote\\\/ibero-grain-free-dog-mini-adult-lamb-2-kg\\\/#primaryimage\"},\"image\":{\"@id\":\"https:\\\/\\\/miumjau.ee\\\/fi\\\/tuote\\\/ibero-grain-free-dog-mini-adult-lamb-2-kg\\\/#primaryimage\"},\"thumbnailUrl\":\"https:\\\/\\\/miumjau.ee\\\/wp-content\\\/uploads\\\/2026\\\/01\\\/ibero-grainfree-mini-adult-lamb2.jpg\",\"datePublished\":\"2026-01-29T12:29:03+00:00\",\"breadcrumb\":{\"@id\":\"https:\\\/\\\/miumjau.ee\\\/fi\\\/tuote\\\/ibero-grain-free-dog-mini-adult-lamb-2-kg\\\/#breadcrumb\"},\"inLanguage\":\"fi\",\"potentialAction\":[{\"@type\":\"ReadAction\",\"target\":[\"https:\\\/\\\/miumjau.ee\\\/fi\\\/tuote\\\/ibero-grain-free-dog-mini-adult-lamb-2-kg\\\/\"]}]},{\"@type\":\"ImageObject\",\"inLanguage\":\"fi\",\"@id\":\"https:\\\/\\\/miumjau.ee\\\/fi\\\/tuote\\\/ibero-grain-free-dog-mini-adult-lamb-2-kg\\\/#primaryimage\",\"url\":\"https:\\\/\\\/miumjau.ee\\\/wp-content\\\/uploads\\\/2026\\\/01\\\/ibero-grainfree-mini-adult-lamb2.jpg\",\"contentUrl\":\"https:\\\/\\\/miumjau.ee\\\/wp-content\\\/uploads\\\/2026\\\/01\\\/ibero-grainfree-mini-adult-lamb2.jpg\",\"width\":600,\"height\":800,\"caption\":\"Ibero Grain-free Dog Mini Adult Lamb, 2kg\"},{\"@type\":\"BreadcrumbList\",\"@id\":\"https:\\\/\\\/miumjau.ee\\\/fi\\\/tuote\\\/ibero-grain-free-dog-mini-adult-lamb-2-kg\\\/#breadcrumb\",\"itemListElement\":[{\"@type\":\"ListItem\",\"position\":1,\"name\":\"Home\",\"item\":\"https:\\\/\\\/miumjau.ee\\\/fi\\\/\"},{\"@type\":\"ListItem\",\"position\":2,\"name\":\"Kauppa\",\"item\":\"https:\\\/\\\/miumjau.ee\\\/fi\\\/kauppa\\\/\"},{\"@type\":\"ListItem\",\"position\":3,\"name\":\"Ibero Grain-free Dog Mini Adult Lamb, 2 kg\"}]},{\"@type\":\"WebSite\",\"@id\":\"https:\\\/\\\/miumjau.ee\\\/#website\",\"url\":\"https:\\\/\\\/miumjau.ee\\\/\",\"name\":\"MiuMjau\",\"description\":\"Kraapimispuud kassidele\",\"publisher\":{\"@id\":\"https:\\\/\\\/miumjau.ee\\\/#organization\"},\"potentialAction\":[{\"@type\":\"SearchAction\",\"target\":{\"@type\":\"EntryPoint\",\"urlTemplate\":\"https:\\\/\\\/miumjau.ee\\\/?s={search_term_string}\"},\"query-input\":{\"@type\":\"PropertyValueSpecification\",\"valueRequired\":true,\"valueName\":\"search_term_string\"}}],\"inLanguage\":\"fi\"},{\"@type\":\"Organization\",\"@id\":\"https:\\\/\\\/miumjau.ee\\\/#organization\",\"name\":\"MiuMjau O\u00dc\",\"url\":\"https:\\\/\\\/miumjau.ee\\\/\",\"logo\":{\"@type\":\"ImageObject\",\"inLanguage\":\"fi\",\"@id\":\"https:\\\/\\\/miumjau.ee\\\/#\\\/schema\\\/logo\\\/image\\\/\",\"url\":\"https:\\\/\\\/miumjau.ee\\\/wp-content\\\/uploads\\\/2022\\\/04\\\/MiuMjau-logo-kollane.png\",\"contentUrl\":\"https:\\\/\\\/miumjau.ee\\\/wp-content\\\/uploads\\\/2022\\\/04\\\/MiuMjau-logo-kollane.png\",\"width\":219,\"height\":100,\"caption\":\"MiuMjau O\u00dc\"},\"image\":{\"@id\":\"https:\\\/\\\/miumjau.ee\\\/#\\\/schema\\\/logo\\\/image\\\/\"},\"sameAs\":[\"https:\\\/\\\/www.facebook.com\\\/miumjaupood\\\/\"]}]}<\/script>\n<!-- \/ Yoast SEO plugin. -->","yoast_head_json":{"title":"Ibero Grain-free Dog Mini Adult Lamb, 2 kg - MiuMjau","robots":{"index":"index","follow":"follow","max-snippet":"max-snippet:-1","max-image-preview":"max-image-preview:large","max-video-preview":"max-video-preview:-1"},"canonical":"https:\/\/miumjau.ee\/fi\/tuote\/ibero-grain-free-dog-mini-adult-lamb-2-kg\/","og_locale":"fi_FI","og_type":"article","og_title":"Ibero Grain-free Dog Mini Adult Lamb, 2 kg - MiuMjau","og_description":"T\u00e4ysravinteinen superpremium viljaton ruoka aikuisille pienille koiraroduille. T\u00e4rkeimm\u00e4t edut:     Viljaton resepti \u2013 ei sis\u00e4ll\u00e4 vehn\u00e4\u00e4, maissia tai ohraa; ihanteellinen pienille koirille, joilla on herkk\u00e4 ruoansulatus tai taipumus ruoka-aineallergioihin.    Korkea lampaanlihapitoisuus (34%) \u2013 kuivattu lampaanliha p\u00e4\u00e4asiallisena el\u00e4inproteiinin l\u00e4hteen\u00e4 on helposti sulavaa, hypoallergeenista ja eritt\u00e4in maukasta jopa valikoiville pienille koirille.    Luonnolliset energial\u00e4hteet \u2013 bataatti ja jamssit tarjoavat tasaisen ja tasapainoisen energiansaannin koko p\u00e4iv\u00e4ksi.    Lampaanmaksa \u2013 runsas B-vitamiineja, tukee aineenvaihduntaa, elinvoimaa ja ruokahalua.    Chia-siemenet \u2013 omega-3-rasvahappojen, antioksidanttien ja kuitujen l\u00e4hde terveelle iholle, turkille ja ruoansulatukselle.    100 % luonnollinen \u2013 ei sis\u00e4ll\u00e4 viljoja, kemikaaleja, geenimuunneltuja ainesosia, keinotekoisia s\u00e4il\u00f6nt\u00e4aineita tai v\u00e4riaineita.    Toiminnalliset ainesosat \u2013 sikurijuuriuute, jukkapalmu, beetaglukaanit, glukosamiini ja kondroitiini tukevat pienten koirien immuunij\u00e4rjestelm\u00e4\u00e4, hyv\u00e4\u00e4 ruoansulatusta ja terveit\u00e4 niveli\u00e4.   Sopii:\u2714 Pienet aikuiset koirat\u2714 Koirat, joilla on herkk\u00e4 ruoansulatus tai ruoka-aineyliherkkyys\u2714 Pienet koirat, jotka suosivat maukasta ja helposti sulavaa ruokaa\u2714 Koirat, joilla on viljaton ruokavalio Ainesosat: Kuivattu lampaanliha 34%, bataatti, kuivattu peruna, naudanrasva 14%, lampaanmaksa 5%, kuivattu kurpitsa 2%, kuivattu lampaanmaksa 2%, kuivattu porkkana 1,2%, espanjansalvia 0,1%, pellavansiemenet, sikurijuuriuute, jukkapalmu, beetaglukaanit, glukosamiini, kondroitiinisulfaatti, vitamiinien ja kivenn\u00e4isaineiden seos. Analyyttiset aineet: Raakavalkuainen 26 %, raakarasva 14 %, raakakuitu 3,2 %, raakatuhkka 6,9 %, kalsium 1,1 %, fosfori 0,85 %, natrium 0,15 %, kosteus max. 10 %. Lis\u00e4aineet (per kg): A-vitamiini 16\u202f800 IU, D3-vitamiini 1\u202f680 IU, E-vitamiini 168 mg, B1-vitamiini 4,8 mg, B2-vitamiini 8 mg, B6-vitamiini 6,4 mg, B12-vitamiini 0,07 mg, niasiini 40 mg, pantoteenihappo 16 mg, foolihappo 0,64 mg, biotiini 0,4 mg, C-vitamiini 160 mg, jodi 4 mg, seleeni 0,35 mg, rauta 96 mg, kupari 12 mg, sinkki 120 mg, mangaani 12 mg, koliinikloridi 1\u202f728 mg, glukosamiini 400 mg, kondroitiinisulfaatti 350 mg. Antioksidantit: tokoferolipitoiset kasvi\u00f6ljyuutteet. Metaboloitu energia: 3\u202f870 kcal\/kg Ruokinta- ja s\u00e4ilytysohjeet:Tarjoile kuivana. Varmista, ett\u00e4 koiralla on aina raikasta vett\u00e4 saatavilla. Yksil\u00f6lliset ravitsemustarpeet riippuvat i\u00e4st\u00e4, rodusta, aktiivisuustasosta ja fysiologisesta tilasta. Sulje pakkaus tiiviisti k\u00e4yt\u00f6n j\u00e4lkeen ja s\u00e4ilyt\u00e4 viile\u00e4ss\u00e4, kuivassa paikassa, poissa suorasta auringonvalosta. Parasta ennen \/ er\u00e4p\u00e4iv\u00e4: katso pakkaus.","og_url":"https:\/\/miumjau.ee\/fi\/tuote\/ibero-grain-free-dog-mini-adult-lamb-2-kg\/","og_site_name":"MiuMjau","article_publisher":"https:\/\/www.facebook.com\/miumjaupood\/","og_image":[{"width":600,"height":800,"url":"https:\/\/miumjau.ee\/wp-content\/uploads\/2026\/01\/ibero-grainfree-mini-adult-lamb2.jpg","type":"image\/jpeg"}],"twitter_card":"summary_large_image","schema":{"@context":"https:\/\/schema.org","@graph":[{"@type":"WebPage","@id":"https:\/\/miumjau.ee\/fi\/tuote\/ibero-grain-free-dog-mini-adult-lamb-2-kg\/","url":"https:\/\/miumjau.ee\/fi\/tuote\/ibero-grain-free-dog-mini-adult-lamb-2-kg\/","name":"Ibero Grain-free Dog Mini Adult Lamb, 2 kg - MiuMjau","isPartOf":{"@id":"https:\/\/miumjau.ee\/#website"},"primaryImageOfPage":{"@id":"https:\/\/miumjau.ee\/fi\/tuote\/ibero-grain-free-dog-mini-adult-lamb-2-kg\/#primaryimage"},"image":{"@id":"https:\/\/miumjau.ee\/fi\/tuote\/ibero-grain-free-dog-mini-adult-lamb-2-kg\/#primaryimage"},"thumbnailUrl":"https:\/\/miumjau.ee\/wp-content\/uploads\/2026\/01\/ibero-grainfree-mini-adult-lamb2.jpg","datePublished":"2026-01-29T12:29:03+00:00","breadcrumb":{"@id":"https:\/\/miumjau.ee\/fi\/tuote\/ibero-grain-free-dog-mini-adult-lamb-2-kg\/#breadcrumb"},"inLanguage":"fi","potentialAction":[{"@type":"ReadAction","target":["https:\/\/miumjau.ee\/fi\/tuote\/ibero-grain-free-dog-mini-adult-lamb-2-kg\/"]}]},{"@type":"ImageObject","inLanguage":"fi","@id":"https:\/\/miumjau.ee\/fi\/tuote\/ibero-grain-free-dog-mini-adult-lamb-2-kg\/#primaryimage","url":"https:\/\/miumjau.ee\/wp-content\/uploads\/2026\/01\/ibero-grainfree-mini-adult-lamb2.jpg","contentUrl":"https:\/\/miumjau.ee\/wp-content\/uploads\/2026\/01\/ibero-grainfree-mini-adult-lamb2.jpg","width":600,"height":800,"caption":"Ibero Grain-free Dog Mini Adult Lamb, 2kg"},{"@type":"BreadcrumbList","@id":"https:\/\/miumjau.ee\/fi\/tuote\/ibero-grain-free-dog-mini-adult-lamb-2-kg\/#breadcrumb","itemListElement":[{"@type":"ListItem","position":1,"name":"Home","item":"https:\/\/miumjau.ee\/fi\/"},{"@type":"ListItem","position":2,"name":"Kauppa","item":"https:\/\/miumjau.ee\/fi\/kauppa\/"},{"@type":"ListItem","position":3,"name":"Ibero Grain-free Dog Mini Adult Lamb, 2 kg"}]},{"@type":"WebSite","@id":"https:\/\/miumjau.ee\/#website","url":"https:\/\/miumjau.ee\/","name":"MiuMjau","description":"Kraapimispuud kassidele","publisher":{"@id":"https:\/\/miumjau.ee\/#organization"},"potentialAction":[{"@type":"SearchAction","target":{"@type":"EntryPoint","urlTemplate":"https:\/\/miumjau.ee\/?s={search_term_string}"},"query-input":{"@type":"PropertyValueSpecification","valueRequired":true,"valueName":"search_term_string"}}],"inLanguage":"fi"},{"@type":"Organization","@id":"https:\/\/miumjau.ee\/#organization","name":"MiuMjau O\u00dc","url":"https:\/\/miumjau.ee\/","logo":{"@type":"ImageObject","inLanguage":"fi","@id":"https:\/\/miumjau.ee\/#\/schema\/logo\/image\/","url":"https:\/\/miumjau.ee\/wp-content\/uploads\/2022\/04\/MiuMjau-logo-kollane.png","contentUrl":"https:\/\/miumjau.ee\/wp-content\/uploads\/2022\/04\/MiuMjau-logo-kollane.png","width":219,"height":100,"caption":"MiuMjau O\u00dc"},"image":{"@id":"https:\/\/miumjau.ee\/#\/schema\/logo\/image\/"},"sameAs":["https:\/\/www.facebook.com\/miumjaupood\/"]}]}},"_links":{"self":[{"href":"https:\/\/miumjau.ee\/fi\/wp-json\/wp\/v2\/product\/55199","targetHints":{"allow":["GET"]}}],"collection":[{"href":"https:\/\/miumjau.ee\/fi\/wp-json\/wp\/v2\/product"}],"about":[{"href":"https:\/\/miumjau.ee\/fi\/wp-json\/wp\/v2\/types\/product"}],"wp:featuredmedia":[{"embeddable":true,"href":"https:\/\/miumjau.ee\/fi\/wp-json\/wp\/v2\/media\/53285"}],"wp:attachment":[{"href":"https:\/\/miumjau.ee\/fi\/wp-json\/wp\/v2\/media?parent=55199"}],"wp:term":[{"taxonomy":"product_brand","embeddable":true,"href":"https:\/\/miumjau.ee\/fi\/wp-json\/wp\/v2\/product_brand?post=55199"},{"taxonomy":"product_cat","embeddable":true,"href":"https:\/\/miumjau.ee\/fi\/wp-json\/wp\/v2\/product_cat?post=55199"},{"taxonomy":"product_tag","embeddable":true,"href":"https:\/\/miumjau.ee\/fi\/wp-json\/wp\/v2\/product_tag?post=55199"}],"curies":[{"name":"wp","href":"https:\/\/api.w.org\/{rel}","templated":true}]}}