{"id":55193,"date":"2026-02-03T11:41:26","date_gmt":"2026-02-03T09:41:26","guid":{"rendered":"https:\/\/miumjau.ee\/toode\/aatas-cat-creamy-chicken-mix-24-x-80-g\/"},"modified":"2026-02-03T11:41:26","modified_gmt":"2026-02-03T09:41:26","slug":"aatas-cat-creamy-chicken-mix-24-x-80-g","status":"publish","type":"product","link":"https:\/\/miumjau.ee\/fi\/tuote\/aatas-cat-creamy-chicken-mix-24-x-80-g\/","title":{"rendered":"Aatas Cat Creamy Chicken MIX 24 \u00d7 80 g"},"content":{"rendered":"","protected":false},"excerpt":{"rendered":"<p data-start=\"5796\" data-end=\"6164\"><strong data-start=\"5796\" data-end=\"5829\">MIUMJAU PARHAIMMIN MYYTY 2025<\/strong><br data-start=\"5829\" data-end=\"5832\" \/>Maukas lis\u00e4ravinto kissoille, valmistettu runsaalla lihalla. Setti sis\u00e4lt\u00e4\u00e4 MIX-makuja Creamy-sarjasta, v\u00e4hint\u00e4\u00e4n 3 eri makua. Kissat rakastavat vaihtelua! Kaikki Creamy-purkit ovat kananpohjaisia, lis\u00e4tty\u00e4 merenel\u00e4vi\u00e4 ja runsaasti kastiketta. Jos kissasi haluaa lihaa ilman kastiketta, kokeile Aatas Tantalizing Tuna MIX -setti\u00e4.<\/p>\n<p data-start=\"6166\" data-end=\"6189\"><strong data-start=\"6166\" data-end=\"6187\">Mauat laatikossa:<\/strong><\/p>\n<ul data-start=\"6190\" data-end=\"7009\">\n<li data-section-id=\"12082yq\" data-start=\"6190\" data-end=\"6379\">\n<p data-start=\"6192\" data-end=\"6379\">Kana ja surimi: kanaliemi, kana, surimi, sakeuttajat (muokattu tapiokajauho, ksantaanikumi)<br data-start=\"6283\" data-end=\"6286\" \/>Analyyttiset arvot: raakaproteiini \u22659%, raakrasva \u22650,3%, kuitu \u22641%, tuhka \u22642%, kosteus \u226489%<\/p>\n<\/li>\n<li data-section-id=\"1avphnt\" data-start=\"6381\" data-end=\"6537\">\n<p data-start=\"6383\" data-end=\"6537\">Kana ja tonnikala: kanaliemi, kana, tonnikala, sakeuttajat<br data-start=\"6441\" data-end=\"6444\" \/>Analyyttiset arvot: raakaproteiini \u22659%, raakrasva \u22650,3%, kuitu \u22641%, tuhka \u22642%, kosteus \u226489%<\/p>\n<\/li>\n<li data-section-id=\"16chpxl\" data-start=\"6539\" data-end=\"6693\">\n<p data-start=\"6541\" data-end=\"6693\">Kana ja sardiini: kanaliemi, kana, sardiini, sakeuttajat<br data-start=\"6597\" data-end=\"6600\" \/>Analyyttiset arvot: raakaproteiini \u22659%, raakrasva \u22650,3%, kuitu \u22641%, tuhka \u22642%, kosteus \u226489%<\/p>\n<\/li>\n<li data-section-id=\"17sfy3t\" data-start=\"6695\" data-end=\"6861\">\n<p data-start=\"6697\" data-end=\"6861\">Kana ja valkoinen kala: kanaliemi, kana, valkoinen kala, sakeuttajat<br data-start=\"6765\" data-end=\"6768\" \/>Analyyttiset arvot: raakaproteiini \u22659%, raakrasva \u22650,3%, kuitu \u22641%, tuhka \u22642%, kosteus \u226489%<\/p>\n<\/li>\n<li data-section-id=\"oe9dex\" data-start=\"6863\" data-end=\"7009\">\n<p data-start=\"6865\" data-end=\"7009\">Kana ja rapu: kanaliemi, kana, rapu, sakeuttajat<br data-start=\"6913\" data-end=\"6916\" \/>Analyyttiset arvot: raakaproteiini \u22659%, raakrasva \u22650,3%, kuitu \u22641%, tuhka \u22642%, kosteus \u226489%<\/p>\n<\/li>\n<\/ul>\n<p data-start=\"7011\" data-end=\"7030\"><strong data-start=\"7011\" data-end=\"7028\">Ominaisuudet:<\/strong><\/p>\n<ul data-start=\"7031\" data-end=\"7206\">\n<li data-section-id=\"h5scj5\" data-start=\"7031\" data-end=\"7052\">\n<p data-start=\"7033\" data-end=\"7052\">Luonnollinen liha<\/p>\n<\/li>\n<li data-section-id=\"gkap8n\" data-start=\"7053\" data-end=\"7082\">\n<p data-start=\"7055\" data-end=\"7082\">V\u00e4h\u00e4n rasvaa ja kaloreita<\/p>\n<\/li>\n<li data-section-id=\"1j1sny5\" data-start=\"7083\" data-end=\"7120\">\n<p data-start=\"7085\" data-end=\"7120\">Suosittu l\u00e4hes kaikille kissoille<\/p>\n<\/li>\n<li data-section-id=\"cxeq2t\" data-start=\"7121\" data-end=\"7133\">\n<p data-start=\"7123\" data-end=\"7133\">Viljaton<\/p>\n<\/li>\n<li data-section-id=\"8knlgh\" data-start=\"7134\" data-end=\"7156\">\n<p data-start=\"7136\" data-end=\"7156\">Ei s\u00e4il\u00f6nt\u00e4aineita<\/p>\n<\/li>\n<li data-section-id=\"1dtbx4e\" data-start=\"7157\" data-end=\"7170\">\n<p data-start=\"7159\" data-end=\"7170\">Ei GMO:ta<\/p>\n<\/li>\n<li data-section-id=\"1ae4nau\" data-start=\"7171\" data-end=\"7206\">\n<p data-start=\"7173\" data-end=\"7206\">Yhteens\u00e4 24 purkkia, 80 g \/ kpl<\/p>\n<\/li>\n<\/ul>\n<p data-start=\"7208\" data-end=\"7433\"><strong data-start=\"7208\" data-end=\"7227\">Ruokintaohjeet:<\/strong><br data-start=\"7227\" data-end=\"7230\" \/>S\u00e4ilyt\u00e4 avaamattomat purkit huoneenl\u00e4mm\u00f6ss\u00e4. \u00c4l\u00e4 pakasta. S\u00e4ilyt\u00e4 j\u00e4\u00e4kaapissa j\u00e4ljelle j\u00e4\u00e4nyt ruoka. Vain kissoille. Vinkki: jos ruoka on liian kylm\u00e4\u00e4, l\u00e4mmit\u00e4 se varovasti kulhossa l\u00e4mpim\u00e4ll\u00e4 vedell\u00e4.<\/p>\n","protected":false},"featured_media":53380,"template":"","meta":[],"product_brand":[],"product_cat":[264],"product_tag":[],"class_list":{"0":"post-55193","1":"product","2":"type-product","3":"status-publish","4":"has-post-thumbnail","6":"product_cat-marka-ruoka","8":"first","9":"instock","10":"taxable","11":"shipping-taxable","12":"purchasable","13":"product-type-simple"},"yoast_head":"<!-- This site is optimized with the Yoast SEO plugin v27.4 - https:\/\/yoast.com\/product\/yoast-seo-wordpress\/ -->\n<title>Aatas Cat Creamy Chicken MIX 24 \u00d7 80 g - MiuMjau<\/title>\n<meta name=\"robots\" content=\"index, follow, max-snippet:-1, max-image-preview:large, max-video-preview:-1\" \/>\n<link rel=\"canonical\" href=\"https:\/\/miumjau.ee\/fi\/tuote\/aatas-cat-creamy-chicken-mix-24-x-80-g\/\" \/>\n<meta property=\"og:locale\" content=\"fi_FI\" \/>\n<meta property=\"og:type\" content=\"article\" \/>\n<meta property=\"og:title\" content=\"Aatas Cat Creamy Chicken MIX 24 \u00d7 80 g - MiuMjau\" \/>\n<meta property=\"og:description\" content=\"MIUMJAU PARHAIMMIN MYYTY 2025Maukas lis\u00e4ravinto kissoille, valmistettu runsaalla lihalla. Setti sis\u00e4lt\u00e4\u00e4 MIX-makuja Creamy-sarjasta, v\u00e4hint\u00e4\u00e4n 3 eri makua. Kissat rakastavat vaihtelua! Kaikki Creamy-purkit ovat kananpohjaisia, lis\u00e4tty\u00e4 merenel\u00e4vi\u00e4 ja runsaasti kastiketta. Jos kissasi haluaa lihaa ilman kastiketta, kokeile Aatas Tantalizing Tuna MIX -setti\u00e4. Mauat laatikossa:     Kana ja surimi: kanaliemi, kana, surimi, sakeuttajat (muokattu tapiokajauho, ksantaanikumi)Analyyttiset arvot: raakaproteiini \u22659%, raakrasva \u22650,3%, kuitu \u22641%, tuhka \u22642%, kosteus \u226489%    Kana ja tonnikala: kanaliemi, kana, tonnikala, sakeuttajatAnalyyttiset arvot: raakaproteiini \u22659%, raakrasva \u22650,3%, kuitu \u22641%, tuhka \u22642%, kosteus \u226489%    Kana ja sardiini: kanaliemi, kana, sardiini, sakeuttajatAnalyyttiset arvot: raakaproteiini \u22659%, raakrasva \u22650,3%, kuitu \u22641%, tuhka \u22642%, kosteus \u226489%    Kana ja valkoinen kala: kanaliemi, kana, valkoinen kala, sakeuttajatAnalyyttiset arvot: raakaproteiini \u22659%, raakrasva \u22650,3%, kuitu \u22641%, tuhka \u22642%, kosteus \u226489%    Kana ja rapu: kanaliemi, kana, rapu, sakeuttajatAnalyyttiset arvot: raakaproteiini \u22659%, raakrasva \u22650,3%, kuitu \u22641%, tuhka \u22642%, kosteus \u226489%   Ominaisuudet:     Luonnollinen liha    V\u00e4h\u00e4n rasvaa ja kaloreita    Suosittu l\u00e4hes kaikille kissoille    Viljaton    Ei s\u00e4il\u00f6nt\u00e4aineita    Ei GMO:ta    Yhteens\u00e4 24 purkkia, 80 g \/ kpl   Ruokintaohjeet:S\u00e4ilyt\u00e4 avaamattomat purkit huoneenl\u00e4mm\u00f6ss\u00e4. \u00c4l\u00e4 pakasta. S\u00e4ilyt\u00e4 j\u00e4\u00e4kaapissa j\u00e4ljelle j\u00e4\u00e4nyt ruoka. Vain kissoille. Vinkki: jos ruoka on liian kylm\u00e4\u00e4, l\u00e4mmit\u00e4 se varovasti kulhossa l\u00e4mpim\u00e4ll\u00e4 vedell\u00e4.\" \/>\n<meta property=\"og:url\" content=\"https:\/\/miumjau.ee\/fi\/tuote\/aatas-cat-creamy-chicken-mix-24-x-80-g\/\" \/>\n<meta property=\"og:site_name\" content=\"MiuMjau\" \/>\n<meta property=\"article:publisher\" content=\"https:\/\/www.facebook.com\/miumjaupood\/\" \/>\n<meta property=\"og:image\" content=\"https:\/\/miumjau.ee\/wp-content\/uploads\/2026\/02\/aatas-creamy-mix.png\" \/>\n\t<meta property=\"og:image:width\" content=\"600\" \/>\n\t<meta property=\"og:image:height\" content=\"800\" \/>\n\t<meta property=\"og:image:type\" content=\"image\/png\" \/>\n<meta name=\"twitter:card\" content=\"summary_large_image\" \/>\n<script type=\"application\/ld+json\" class=\"yoast-schema-graph\">{\"@context\":\"https:\\\/\\\/schema.org\",\"@graph\":[{\"@type\":\"WebPage\",\"@id\":\"https:\\\/\\\/miumjau.ee\\\/fi\\\/tuote\\\/aatas-cat-creamy-chicken-mix-24-x-80-g\\\/\",\"url\":\"https:\\\/\\\/miumjau.ee\\\/fi\\\/tuote\\\/aatas-cat-creamy-chicken-mix-24-x-80-g\\\/\",\"name\":\"Aatas Cat Creamy Chicken MIX 24 \u00d7 80 g - MiuMjau\",\"isPartOf\":{\"@id\":\"https:\\\/\\\/miumjau.ee\\\/#website\"},\"primaryImageOfPage\":{\"@id\":\"https:\\\/\\\/miumjau.ee\\\/fi\\\/tuote\\\/aatas-cat-creamy-chicken-mix-24-x-80-g\\\/#primaryimage\"},\"image\":{\"@id\":\"https:\\\/\\\/miumjau.ee\\\/fi\\\/tuote\\\/aatas-cat-creamy-chicken-mix-24-x-80-g\\\/#primaryimage\"},\"thumbnailUrl\":\"https:\\\/\\\/miumjau.ee\\\/wp-content\\\/uploads\\\/2026\\\/02\\\/aatas-creamy-mix.png\",\"datePublished\":\"2026-02-03T09:41:26+00:00\",\"breadcrumb\":{\"@id\":\"https:\\\/\\\/miumjau.ee\\\/fi\\\/tuote\\\/aatas-cat-creamy-chicken-mix-24-x-80-g\\\/#breadcrumb\"},\"inLanguage\":\"fi\",\"potentialAction\":[{\"@type\":\"ReadAction\",\"target\":[\"https:\\\/\\\/miumjau.ee\\\/fi\\\/tuote\\\/aatas-cat-creamy-chicken-mix-24-x-80-g\\\/\"]}]},{\"@type\":\"ImageObject\",\"inLanguage\":\"fi\",\"@id\":\"https:\\\/\\\/miumjau.ee\\\/fi\\\/tuote\\\/aatas-cat-creamy-chicken-mix-24-x-80-g\\\/#primaryimage\",\"url\":\"https:\\\/\\\/miumjau.ee\\\/wp-content\\\/uploads\\\/2026\\\/02\\\/aatas-creamy-mix.png\",\"contentUrl\":\"https:\\\/\\\/miumjau.ee\\\/wp-content\\\/uploads\\\/2026\\\/02\\\/aatas-creamy-mix.png\",\"width\":600,\"height\":800,\"caption\":\"Aatas Cat Creamy Chicken MIX 24 x 80g\"},{\"@type\":\"BreadcrumbList\",\"@id\":\"https:\\\/\\\/miumjau.ee\\\/fi\\\/tuote\\\/aatas-cat-creamy-chicken-mix-24-x-80-g\\\/#breadcrumb\",\"itemListElement\":[{\"@type\":\"ListItem\",\"position\":1,\"name\":\"Home\",\"item\":\"https:\\\/\\\/miumjau.ee\\\/fi\\\/\"},{\"@type\":\"ListItem\",\"position\":2,\"name\":\"Kauppa\",\"item\":\"https:\\\/\\\/miumjau.ee\\\/fi\\\/kauppa\\\/\"},{\"@type\":\"ListItem\",\"position\":3,\"name\":\"Aatas Cat Creamy Chicken MIX 24 \u00d7 80 g\"}]},{\"@type\":\"WebSite\",\"@id\":\"https:\\\/\\\/miumjau.ee\\\/#website\",\"url\":\"https:\\\/\\\/miumjau.ee\\\/\",\"name\":\"MiuMjau\",\"description\":\"Kraapimispuud kassidele\",\"publisher\":{\"@id\":\"https:\\\/\\\/miumjau.ee\\\/#organization\"},\"potentialAction\":[{\"@type\":\"SearchAction\",\"target\":{\"@type\":\"EntryPoint\",\"urlTemplate\":\"https:\\\/\\\/miumjau.ee\\\/?s={search_term_string}\"},\"query-input\":{\"@type\":\"PropertyValueSpecification\",\"valueRequired\":true,\"valueName\":\"search_term_string\"}}],\"inLanguage\":\"fi\"},{\"@type\":\"Organization\",\"@id\":\"https:\\\/\\\/miumjau.ee\\\/#organization\",\"name\":\"MiuMjau O\u00dc\",\"url\":\"https:\\\/\\\/miumjau.ee\\\/\",\"logo\":{\"@type\":\"ImageObject\",\"inLanguage\":\"fi\",\"@id\":\"https:\\\/\\\/miumjau.ee\\\/#\\\/schema\\\/logo\\\/image\\\/\",\"url\":\"https:\\\/\\\/miumjau.ee\\\/wp-content\\\/uploads\\\/2022\\\/04\\\/MiuMjau-logo-kollane.png\",\"contentUrl\":\"https:\\\/\\\/miumjau.ee\\\/wp-content\\\/uploads\\\/2022\\\/04\\\/MiuMjau-logo-kollane.png\",\"width\":219,\"height\":100,\"caption\":\"MiuMjau O\u00dc\"},\"image\":{\"@id\":\"https:\\\/\\\/miumjau.ee\\\/#\\\/schema\\\/logo\\\/image\\\/\"},\"sameAs\":[\"https:\\\/\\\/www.facebook.com\\\/miumjaupood\\\/\"]}]}<\/script>\n<!-- \/ Yoast SEO plugin. -->","yoast_head_json":{"title":"Aatas Cat Creamy Chicken MIX 24 \u00d7 80 g - MiuMjau","robots":{"index":"index","follow":"follow","max-snippet":"max-snippet:-1","max-image-preview":"max-image-preview:large","max-video-preview":"max-video-preview:-1"},"canonical":"https:\/\/miumjau.ee\/fi\/tuote\/aatas-cat-creamy-chicken-mix-24-x-80-g\/","og_locale":"fi_FI","og_type":"article","og_title":"Aatas Cat Creamy Chicken MIX 24 \u00d7 80 g - MiuMjau","og_description":"MIUMJAU PARHAIMMIN MYYTY 2025Maukas lis\u00e4ravinto kissoille, valmistettu runsaalla lihalla. Setti sis\u00e4lt\u00e4\u00e4 MIX-makuja Creamy-sarjasta, v\u00e4hint\u00e4\u00e4n 3 eri makua. Kissat rakastavat vaihtelua! Kaikki Creamy-purkit ovat kananpohjaisia, lis\u00e4tty\u00e4 merenel\u00e4vi\u00e4 ja runsaasti kastiketta. Jos kissasi haluaa lihaa ilman kastiketta, kokeile Aatas Tantalizing Tuna MIX -setti\u00e4. Mauat laatikossa:     Kana ja surimi: kanaliemi, kana, surimi, sakeuttajat (muokattu tapiokajauho, ksantaanikumi)Analyyttiset arvot: raakaproteiini \u22659%, raakrasva \u22650,3%, kuitu \u22641%, tuhka \u22642%, kosteus \u226489%    Kana ja tonnikala: kanaliemi, kana, tonnikala, sakeuttajatAnalyyttiset arvot: raakaproteiini \u22659%, raakrasva \u22650,3%, kuitu \u22641%, tuhka \u22642%, kosteus \u226489%    Kana ja sardiini: kanaliemi, kana, sardiini, sakeuttajatAnalyyttiset arvot: raakaproteiini \u22659%, raakrasva \u22650,3%, kuitu \u22641%, tuhka \u22642%, kosteus \u226489%    Kana ja valkoinen kala: kanaliemi, kana, valkoinen kala, sakeuttajatAnalyyttiset arvot: raakaproteiini \u22659%, raakrasva \u22650,3%, kuitu \u22641%, tuhka \u22642%, kosteus \u226489%    Kana ja rapu: kanaliemi, kana, rapu, sakeuttajatAnalyyttiset arvot: raakaproteiini \u22659%, raakrasva \u22650,3%, kuitu \u22641%, tuhka \u22642%, kosteus \u226489%   Ominaisuudet:     Luonnollinen liha    V\u00e4h\u00e4n rasvaa ja kaloreita    Suosittu l\u00e4hes kaikille kissoille    Viljaton    Ei s\u00e4il\u00f6nt\u00e4aineita    Ei GMO:ta    Yhteens\u00e4 24 purkkia, 80 g \/ kpl   Ruokintaohjeet:S\u00e4ilyt\u00e4 avaamattomat purkit huoneenl\u00e4mm\u00f6ss\u00e4. \u00c4l\u00e4 pakasta. S\u00e4ilyt\u00e4 j\u00e4\u00e4kaapissa j\u00e4ljelle j\u00e4\u00e4nyt ruoka. Vain kissoille. Vinkki: jos ruoka on liian kylm\u00e4\u00e4, l\u00e4mmit\u00e4 se varovasti kulhossa l\u00e4mpim\u00e4ll\u00e4 vedell\u00e4.","og_url":"https:\/\/miumjau.ee\/fi\/tuote\/aatas-cat-creamy-chicken-mix-24-x-80-g\/","og_site_name":"MiuMjau","article_publisher":"https:\/\/www.facebook.com\/miumjaupood\/","og_image":[{"width":600,"height":800,"url":"https:\/\/miumjau.ee\/wp-content\/uploads\/2026\/02\/aatas-creamy-mix.png","type":"image\/png"}],"twitter_card":"summary_large_image","schema":{"@context":"https:\/\/schema.org","@graph":[{"@type":"WebPage","@id":"https:\/\/miumjau.ee\/fi\/tuote\/aatas-cat-creamy-chicken-mix-24-x-80-g\/","url":"https:\/\/miumjau.ee\/fi\/tuote\/aatas-cat-creamy-chicken-mix-24-x-80-g\/","name":"Aatas Cat Creamy Chicken MIX 24 \u00d7 80 g - MiuMjau","isPartOf":{"@id":"https:\/\/miumjau.ee\/#website"},"primaryImageOfPage":{"@id":"https:\/\/miumjau.ee\/fi\/tuote\/aatas-cat-creamy-chicken-mix-24-x-80-g\/#primaryimage"},"image":{"@id":"https:\/\/miumjau.ee\/fi\/tuote\/aatas-cat-creamy-chicken-mix-24-x-80-g\/#primaryimage"},"thumbnailUrl":"https:\/\/miumjau.ee\/wp-content\/uploads\/2026\/02\/aatas-creamy-mix.png","datePublished":"2026-02-03T09:41:26+00:00","breadcrumb":{"@id":"https:\/\/miumjau.ee\/fi\/tuote\/aatas-cat-creamy-chicken-mix-24-x-80-g\/#breadcrumb"},"inLanguage":"fi","potentialAction":[{"@type":"ReadAction","target":["https:\/\/miumjau.ee\/fi\/tuote\/aatas-cat-creamy-chicken-mix-24-x-80-g\/"]}]},{"@type":"ImageObject","inLanguage":"fi","@id":"https:\/\/miumjau.ee\/fi\/tuote\/aatas-cat-creamy-chicken-mix-24-x-80-g\/#primaryimage","url":"https:\/\/miumjau.ee\/wp-content\/uploads\/2026\/02\/aatas-creamy-mix.png","contentUrl":"https:\/\/miumjau.ee\/wp-content\/uploads\/2026\/02\/aatas-creamy-mix.png","width":600,"height":800,"caption":"Aatas Cat Creamy Chicken MIX 24 x 80g"},{"@type":"BreadcrumbList","@id":"https:\/\/miumjau.ee\/fi\/tuote\/aatas-cat-creamy-chicken-mix-24-x-80-g\/#breadcrumb","itemListElement":[{"@type":"ListItem","position":1,"name":"Home","item":"https:\/\/miumjau.ee\/fi\/"},{"@type":"ListItem","position":2,"name":"Kauppa","item":"https:\/\/miumjau.ee\/fi\/kauppa\/"},{"@type":"ListItem","position":3,"name":"Aatas Cat Creamy Chicken MIX 24 \u00d7 80 g"}]},{"@type":"WebSite","@id":"https:\/\/miumjau.ee\/#website","url":"https:\/\/miumjau.ee\/","name":"MiuMjau","description":"Kraapimispuud kassidele","publisher":{"@id":"https:\/\/miumjau.ee\/#organization"},"potentialAction":[{"@type":"SearchAction","target":{"@type":"EntryPoint","urlTemplate":"https:\/\/miumjau.ee\/?s={search_term_string}"},"query-input":{"@type":"PropertyValueSpecification","valueRequired":true,"valueName":"search_term_string"}}],"inLanguage":"fi"},{"@type":"Organization","@id":"https:\/\/miumjau.ee\/#organization","name":"MiuMjau O\u00dc","url":"https:\/\/miumjau.ee\/","logo":{"@type":"ImageObject","inLanguage":"fi","@id":"https:\/\/miumjau.ee\/#\/schema\/logo\/image\/","url":"https:\/\/miumjau.ee\/wp-content\/uploads\/2022\/04\/MiuMjau-logo-kollane.png","contentUrl":"https:\/\/miumjau.ee\/wp-content\/uploads\/2022\/04\/MiuMjau-logo-kollane.png","width":219,"height":100,"caption":"MiuMjau O\u00dc"},"image":{"@id":"https:\/\/miumjau.ee\/#\/schema\/logo\/image\/"},"sameAs":["https:\/\/www.facebook.com\/miumjaupood\/"]}]}},"_links":{"self":[{"href":"https:\/\/miumjau.ee\/fi\/wp-json\/wp\/v2\/product\/55193","targetHints":{"allow":["GET"]}}],"collection":[{"href":"https:\/\/miumjau.ee\/fi\/wp-json\/wp\/v2\/product"}],"about":[{"href":"https:\/\/miumjau.ee\/fi\/wp-json\/wp\/v2\/types\/product"}],"wp:featuredmedia":[{"embeddable":true,"href":"https:\/\/miumjau.ee\/fi\/wp-json\/wp\/v2\/media\/53380"}],"wp:attachment":[{"href":"https:\/\/miumjau.ee\/fi\/wp-json\/wp\/v2\/media?parent=55193"}],"wp:term":[{"taxonomy":"product_brand","embeddable":true,"href":"https:\/\/miumjau.ee\/fi\/wp-json\/wp\/v2\/product_brand?post=55193"},{"taxonomy":"product_cat","embeddable":true,"href":"https:\/\/miumjau.ee\/fi\/wp-json\/wp\/v2\/product_cat?post=55193"},{"taxonomy":"product_tag","embeddable":true,"href":"https:\/\/miumjau.ee\/fi\/wp-json\/wp\/v2\/product_tag?post=55193"}],"curies":[{"name":"wp","href":"https:\/\/api.w.org\/{rel}","templated":true}]}}