{"id":55188,"date":"2026-02-03T12:13:40","date_gmt":"2026-02-03T10:13:40","guid":{"rendered":"https:\/\/miumjau.ee\/toode\/nutrolin-gut-flora-ravintopasta-kissoille-ja-koirille-200-g\/"},"modified":"2026-02-03T12:13:40","modified_gmt":"2026-02-03T10:13:40","slug":"nutrolin-gut-flora-ravintopasta-kissoille-ja-koirille-200-g","status":"publish","type":"product","link":"https:\/\/miumjau.ee\/fi\/tuote\/nutrolin-gut-flora-ravintopasta-kissoille-ja-koirille-200-g\/","title":{"rendered":"Nutrolin Gut &#038; Flora ravintopasta kissoille ja koirille 200 g"},"content":{"rendered":"","protected":false},"excerpt":{"rendered":"<p data-start=\"3545\" data-end=\"3874\">Nutrolin Gut &amp; Flora on p\u00e4ivitt\u00e4inen ravintolis\u00e4 kissoille ja koirille. Sis\u00e4lt\u00e4\u00e4 Omega-3-rasvahappoja, jotka suojaavat suoliston sein\u00e4m\u00e4\u00e4, sek\u00e4 probiootteja ja prebiootteja, jotka tukevat suolistoflooraa. Kaksoisvaikutus maksimaaliseen tehoon. Stabiloitu koostumus, ei sis\u00e4ll\u00e4 vett\u00e4. Maukas ja helppok\u00e4ytt\u00f6inen pasta (oleogeeli).<\/p>\n<p data-start=\"3876\" data-end=\"4017\"><strong data-start=\"3876\" data-end=\"3907\">P\u00e4iv\u00e4annos 20 kg el\u00e4imelle:<\/strong><br data-start=\"3907\" data-end=\"3910\" \/>1000 mg Omega-3 EPA ja DHA,<br data-start=\"3937\" data-end=\"3940\" \/>1 miljardi el\u00e4v\u00e4\u00e4 bakteeria (<em data-start=\"3969\" data-end=\"3991\">Enterococcus faecium<\/em>),<br data-start=\"3993\" data-end=\"3996\" \/>50 mg E-vitamiinia.<\/p>\n<p data-start=\"4019\" data-end=\"4227\"><strong data-start=\"4019\" data-end=\"4033\">Koostumus:<\/strong> kala\u00f6ljy*, hiiva, inuliini, krilli (<em data-start=\"4070\" data-end=\"4089\">Euphausia superba<\/em>), Omega-3, MOS, beetaglukaani, kitiini, FOS, fosfolipidit. Lis\u00e4aineet: <em data-start=\"4161\" data-end=\"4183\">Enterococcus faecium<\/em>, E-vitamiini, tokoferoli, rosmariiniuute.<\/p>\n<p data-start=\"4229\" data-end=\"4305\"><strong data-start=\"4229\" data-end=\"4252\">Analyyttiset arvot:<\/strong> rasva 75,7%, proteiini 7,1%, kuitu 8,1%, tuhka 5%.<\/p>\n<p data-start=\"4307\" data-end=\"4384\"><strong data-start=\"4307\" data-end=\"4321\">Per annos:<\/strong> Omega-3 \u2013 1000 mg, bakteerit \u2013 10\u2079 CFU, E-vitamiini \u2013 50 mg.<\/p>\n","protected":false},"featured_media":53386,"template":"","meta":[],"product_brand":[],"product_cat":[869,876],"product_tag":[],"class_list":{"0":"post-55188","1":"product","2":"type-product","3":"status-publish","4":"has-post-thumbnail","6":"product_cat-ravintolisat-koirille","7":"product_cat-vitamiinit-ja-lisaravinteet-kissalle","9":"first","10":"instock","11":"sale","12":"taxable","13":"shipping-taxable","14":"purchasable","15":"product-type-simple"},"yoast_head":"<!-- This site is optimized with the Yoast SEO plugin v27.4 - https:\/\/yoast.com\/product\/yoast-seo-wordpress\/ -->\n<title>Nutrolin Gut &amp; Flora ravintopasta kissoille ja koirille 200 g - MiuMjau<\/title>\n<meta name=\"robots\" content=\"index, follow, max-snippet:-1, max-image-preview:large, max-video-preview:-1\" \/>\n<link rel=\"canonical\" href=\"https:\/\/miumjau.ee\/fi\/tuote\/nutrolin-gut-flora-ravintopasta-kissoille-ja-koirille-200-g\/\" \/>\n<meta property=\"og:locale\" content=\"fi_FI\" \/>\n<meta property=\"og:type\" content=\"article\" \/>\n<meta property=\"og:title\" content=\"Nutrolin Gut &amp; Flora ravintopasta kissoille ja koirille 200 g - MiuMjau\" \/>\n<meta property=\"og:description\" content=\"Nutrolin Gut &amp; Flora on p\u00e4ivitt\u00e4inen ravintolis\u00e4 kissoille ja koirille. Sis\u00e4lt\u00e4\u00e4 Omega-3-rasvahappoja, jotka suojaavat suoliston sein\u00e4m\u00e4\u00e4, sek\u00e4 probiootteja ja prebiootteja, jotka tukevat suolistoflooraa. Kaksoisvaikutus maksimaaliseen tehoon. Stabiloitu koostumus, ei sis\u00e4ll\u00e4 vett\u00e4. Maukas ja helppok\u00e4ytt\u00f6inen pasta (oleogeeli). P\u00e4iv\u00e4annos 20 kg el\u00e4imelle:1000 mg Omega-3 EPA ja DHA,1 miljardi el\u00e4v\u00e4\u00e4 bakteeria (Enterococcus faecium),50 mg E-vitamiinia. Koostumus: kala\u00f6ljy*, hiiva, inuliini, krilli (Euphausia superba), Omega-3, MOS, beetaglukaani, kitiini, FOS, fosfolipidit. Lis\u00e4aineet: Enterococcus faecium, E-vitamiini, tokoferoli, rosmariiniuute. Analyyttiset arvot: rasva 75,7%, proteiini 7,1%, kuitu 8,1%, tuhka 5%. Per annos: Omega-3 \u2013 1000 mg, bakteerit \u2013 10\u2079 CFU, E-vitamiini \u2013 50 mg.\" \/>\n<meta property=\"og:url\" content=\"https:\/\/miumjau.ee\/fi\/tuote\/nutrolin-gut-flora-ravintopasta-kissoille-ja-koirille-200-g\/\" \/>\n<meta property=\"og:site_name\" content=\"MiuMjau\" \/>\n<meta property=\"article:publisher\" content=\"https:\/\/www.facebook.com\/miumjaupood\/\" \/>\n<meta property=\"og:image\" content=\"https:\/\/miumjau.ee\/wp-content\/uploads\/2026\/02\/Nutrolin\u00aeGUTFLORApastewhitebg.jpg\" \/>\n\t<meta property=\"og:image:width\" content=\"600\" \/>\n\t<meta property=\"og:image:height\" content=\"800\" \/>\n\t<meta property=\"og:image:type\" content=\"image\/jpeg\" \/>\n<meta name=\"twitter:card\" content=\"summary_large_image\" \/>\n<script type=\"application\/ld+json\" class=\"yoast-schema-graph\">{\"@context\":\"https:\\\/\\\/schema.org\",\"@graph\":[{\"@type\":\"WebPage\",\"@id\":\"https:\\\/\\\/miumjau.ee\\\/fi\\\/tuote\\\/nutrolin-gut-flora-ravintopasta-kissoille-ja-koirille-200-g\\\/\",\"url\":\"https:\\\/\\\/miumjau.ee\\\/fi\\\/tuote\\\/nutrolin-gut-flora-ravintopasta-kissoille-ja-koirille-200-g\\\/\",\"name\":\"Nutrolin Gut & Flora ravintopasta kissoille ja koirille 200 g - MiuMjau\",\"isPartOf\":{\"@id\":\"https:\\\/\\\/miumjau.ee\\\/#website\"},\"primaryImageOfPage\":{\"@id\":\"https:\\\/\\\/miumjau.ee\\\/fi\\\/tuote\\\/nutrolin-gut-flora-ravintopasta-kissoille-ja-koirille-200-g\\\/#primaryimage\"},\"image\":{\"@id\":\"https:\\\/\\\/miumjau.ee\\\/fi\\\/tuote\\\/nutrolin-gut-flora-ravintopasta-kissoille-ja-koirille-200-g\\\/#primaryimage\"},\"thumbnailUrl\":\"https:\\\/\\\/miumjau.ee\\\/wp-content\\\/uploads\\\/2026\\\/02\\\/Nutrolin\u00aeGUTFLORApastewhitebg.jpg\",\"datePublished\":\"2026-02-03T10:13:40+00:00\",\"breadcrumb\":{\"@id\":\"https:\\\/\\\/miumjau.ee\\\/fi\\\/tuote\\\/nutrolin-gut-flora-ravintopasta-kissoille-ja-koirille-200-g\\\/#breadcrumb\"},\"inLanguage\":\"fi\",\"potentialAction\":[{\"@type\":\"ReadAction\",\"target\":[\"https:\\\/\\\/miumjau.ee\\\/fi\\\/tuote\\\/nutrolin-gut-flora-ravintopasta-kissoille-ja-koirille-200-g\\\/\"]}]},{\"@type\":\"ImageObject\",\"inLanguage\":\"fi\",\"@id\":\"https:\\\/\\\/miumjau.ee\\\/fi\\\/tuote\\\/nutrolin-gut-flora-ravintopasta-kissoille-ja-koirille-200-g\\\/#primaryimage\",\"url\":\"https:\\\/\\\/miumjau.ee\\\/wp-content\\\/uploads\\\/2026\\\/02\\\/Nutrolin\u00aeGUTFLORApastewhitebg.jpg\",\"contentUrl\":\"https:\\\/\\\/miumjau.ee\\\/wp-content\\\/uploads\\\/2026\\\/02\\\/Nutrolin\u00aeGUTFLORApastewhitebg.jpg\",\"width\":600,\"height\":800,\"caption\":\"Nutrolin Gut&Flora toitainetepasta kassidele ja koertele 200g\"},{\"@type\":\"BreadcrumbList\",\"@id\":\"https:\\\/\\\/miumjau.ee\\\/fi\\\/tuote\\\/nutrolin-gut-flora-ravintopasta-kissoille-ja-koirille-200-g\\\/#breadcrumb\",\"itemListElement\":[{\"@type\":\"ListItem\",\"position\":1,\"name\":\"Home\",\"item\":\"https:\\\/\\\/miumjau.ee\\\/fi\\\/\"},{\"@type\":\"ListItem\",\"position\":2,\"name\":\"Kauppa\",\"item\":\"https:\\\/\\\/miumjau.ee\\\/fi\\\/kauppa\\\/\"},{\"@type\":\"ListItem\",\"position\":3,\"name\":\"Nutrolin Gut &#038; Flora ravintopasta kissoille ja koirille 200 g\"}]},{\"@type\":\"WebSite\",\"@id\":\"https:\\\/\\\/miumjau.ee\\\/#website\",\"url\":\"https:\\\/\\\/miumjau.ee\\\/\",\"name\":\"MiuMjau\",\"description\":\"Kraapimispuud kassidele\",\"publisher\":{\"@id\":\"https:\\\/\\\/miumjau.ee\\\/#organization\"},\"potentialAction\":[{\"@type\":\"SearchAction\",\"target\":{\"@type\":\"EntryPoint\",\"urlTemplate\":\"https:\\\/\\\/miumjau.ee\\\/?s={search_term_string}\"},\"query-input\":{\"@type\":\"PropertyValueSpecification\",\"valueRequired\":true,\"valueName\":\"search_term_string\"}}],\"inLanguage\":\"fi\"},{\"@type\":\"Organization\",\"@id\":\"https:\\\/\\\/miumjau.ee\\\/#organization\",\"name\":\"MiuMjau O\u00dc\",\"url\":\"https:\\\/\\\/miumjau.ee\\\/\",\"logo\":{\"@type\":\"ImageObject\",\"inLanguage\":\"fi\",\"@id\":\"https:\\\/\\\/miumjau.ee\\\/#\\\/schema\\\/logo\\\/image\\\/\",\"url\":\"https:\\\/\\\/miumjau.ee\\\/wp-content\\\/uploads\\\/2022\\\/04\\\/MiuMjau-logo-kollane.png\",\"contentUrl\":\"https:\\\/\\\/miumjau.ee\\\/wp-content\\\/uploads\\\/2022\\\/04\\\/MiuMjau-logo-kollane.png\",\"width\":219,\"height\":100,\"caption\":\"MiuMjau O\u00dc\"},\"image\":{\"@id\":\"https:\\\/\\\/miumjau.ee\\\/#\\\/schema\\\/logo\\\/image\\\/\"},\"sameAs\":[\"https:\\\/\\\/www.facebook.com\\\/miumjaupood\\\/\"]}]}<\/script>\n<!-- \/ Yoast SEO plugin. -->","yoast_head_json":{"title":"Nutrolin Gut & Flora ravintopasta kissoille ja koirille 200 g - MiuMjau","robots":{"index":"index","follow":"follow","max-snippet":"max-snippet:-1","max-image-preview":"max-image-preview:large","max-video-preview":"max-video-preview:-1"},"canonical":"https:\/\/miumjau.ee\/fi\/tuote\/nutrolin-gut-flora-ravintopasta-kissoille-ja-koirille-200-g\/","og_locale":"fi_FI","og_type":"article","og_title":"Nutrolin Gut & Flora ravintopasta kissoille ja koirille 200 g - MiuMjau","og_description":"Nutrolin Gut &amp; Flora on p\u00e4ivitt\u00e4inen ravintolis\u00e4 kissoille ja koirille. Sis\u00e4lt\u00e4\u00e4 Omega-3-rasvahappoja, jotka suojaavat suoliston sein\u00e4m\u00e4\u00e4, sek\u00e4 probiootteja ja prebiootteja, jotka tukevat suolistoflooraa. Kaksoisvaikutus maksimaaliseen tehoon. Stabiloitu koostumus, ei sis\u00e4ll\u00e4 vett\u00e4. Maukas ja helppok\u00e4ytt\u00f6inen pasta (oleogeeli). P\u00e4iv\u00e4annos 20 kg el\u00e4imelle:1000 mg Omega-3 EPA ja DHA,1 miljardi el\u00e4v\u00e4\u00e4 bakteeria (Enterococcus faecium),50 mg E-vitamiinia. Koostumus: kala\u00f6ljy*, hiiva, inuliini, krilli (Euphausia superba), Omega-3, MOS, beetaglukaani, kitiini, FOS, fosfolipidit. Lis\u00e4aineet: Enterococcus faecium, E-vitamiini, tokoferoli, rosmariiniuute. Analyyttiset arvot: rasva 75,7%, proteiini 7,1%, kuitu 8,1%, tuhka 5%. Per annos: Omega-3 \u2013 1000 mg, bakteerit \u2013 10\u2079 CFU, E-vitamiini \u2013 50 mg.","og_url":"https:\/\/miumjau.ee\/fi\/tuote\/nutrolin-gut-flora-ravintopasta-kissoille-ja-koirille-200-g\/","og_site_name":"MiuMjau","article_publisher":"https:\/\/www.facebook.com\/miumjaupood\/","og_image":[{"width":600,"height":800,"url":"https:\/\/miumjau.ee\/wp-content\/uploads\/2026\/02\/Nutrolin\u00aeGUTFLORApastewhitebg.jpg","type":"image\/jpeg"}],"twitter_card":"summary_large_image","schema":{"@context":"https:\/\/schema.org","@graph":[{"@type":"WebPage","@id":"https:\/\/miumjau.ee\/fi\/tuote\/nutrolin-gut-flora-ravintopasta-kissoille-ja-koirille-200-g\/","url":"https:\/\/miumjau.ee\/fi\/tuote\/nutrolin-gut-flora-ravintopasta-kissoille-ja-koirille-200-g\/","name":"Nutrolin Gut & Flora ravintopasta kissoille ja koirille 200 g - MiuMjau","isPartOf":{"@id":"https:\/\/miumjau.ee\/#website"},"primaryImageOfPage":{"@id":"https:\/\/miumjau.ee\/fi\/tuote\/nutrolin-gut-flora-ravintopasta-kissoille-ja-koirille-200-g\/#primaryimage"},"image":{"@id":"https:\/\/miumjau.ee\/fi\/tuote\/nutrolin-gut-flora-ravintopasta-kissoille-ja-koirille-200-g\/#primaryimage"},"thumbnailUrl":"https:\/\/miumjau.ee\/wp-content\/uploads\/2026\/02\/Nutrolin\u00aeGUTFLORApastewhitebg.jpg","datePublished":"2026-02-03T10:13:40+00:00","breadcrumb":{"@id":"https:\/\/miumjau.ee\/fi\/tuote\/nutrolin-gut-flora-ravintopasta-kissoille-ja-koirille-200-g\/#breadcrumb"},"inLanguage":"fi","potentialAction":[{"@type":"ReadAction","target":["https:\/\/miumjau.ee\/fi\/tuote\/nutrolin-gut-flora-ravintopasta-kissoille-ja-koirille-200-g\/"]}]},{"@type":"ImageObject","inLanguage":"fi","@id":"https:\/\/miumjau.ee\/fi\/tuote\/nutrolin-gut-flora-ravintopasta-kissoille-ja-koirille-200-g\/#primaryimage","url":"https:\/\/miumjau.ee\/wp-content\/uploads\/2026\/02\/Nutrolin\u00aeGUTFLORApastewhitebg.jpg","contentUrl":"https:\/\/miumjau.ee\/wp-content\/uploads\/2026\/02\/Nutrolin\u00aeGUTFLORApastewhitebg.jpg","width":600,"height":800,"caption":"Nutrolin Gut&Flora toitainetepasta kassidele ja koertele 200g"},{"@type":"BreadcrumbList","@id":"https:\/\/miumjau.ee\/fi\/tuote\/nutrolin-gut-flora-ravintopasta-kissoille-ja-koirille-200-g\/#breadcrumb","itemListElement":[{"@type":"ListItem","position":1,"name":"Home","item":"https:\/\/miumjau.ee\/fi\/"},{"@type":"ListItem","position":2,"name":"Kauppa","item":"https:\/\/miumjau.ee\/fi\/kauppa\/"},{"@type":"ListItem","position":3,"name":"Nutrolin Gut &#038; Flora ravintopasta kissoille ja koirille 200 g"}]},{"@type":"WebSite","@id":"https:\/\/miumjau.ee\/#website","url":"https:\/\/miumjau.ee\/","name":"MiuMjau","description":"Kraapimispuud kassidele","publisher":{"@id":"https:\/\/miumjau.ee\/#organization"},"potentialAction":[{"@type":"SearchAction","target":{"@type":"EntryPoint","urlTemplate":"https:\/\/miumjau.ee\/?s={search_term_string}"},"query-input":{"@type":"PropertyValueSpecification","valueRequired":true,"valueName":"search_term_string"}}],"inLanguage":"fi"},{"@type":"Organization","@id":"https:\/\/miumjau.ee\/#organization","name":"MiuMjau O\u00dc","url":"https:\/\/miumjau.ee\/","logo":{"@type":"ImageObject","inLanguage":"fi","@id":"https:\/\/miumjau.ee\/#\/schema\/logo\/image\/","url":"https:\/\/miumjau.ee\/wp-content\/uploads\/2022\/04\/MiuMjau-logo-kollane.png","contentUrl":"https:\/\/miumjau.ee\/wp-content\/uploads\/2022\/04\/MiuMjau-logo-kollane.png","width":219,"height":100,"caption":"MiuMjau O\u00dc"},"image":{"@id":"https:\/\/miumjau.ee\/#\/schema\/logo\/image\/"},"sameAs":["https:\/\/www.facebook.com\/miumjaupood\/"]}]}},"_links":{"self":[{"href":"https:\/\/miumjau.ee\/fi\/wp-json\/wp\/v2\/product\/55188","targetHints":{"allow":["GET"]}}],"collection":[{"href":"https:\/\/miumjau.ee\/fi\/wp-json\/wp\/v2\/product"}],"about":[{"href":"https:\/\/miumjau.ee\/fi\/wp-json\/wp\/v2\/types\/product"}],"wp:featuredmedia":[{"embeddable":true,"href":"https:\/\/miumjau.ee\/fi\/wp-json\/wp\/v2\/media\/53386"}],"wp:attachment":[{"href":"https:\/\/miumjau.ee\/fi\/wp-json\/wp\/v2\/media?parent=55188"}],"wp:term":[{"taxonomy":"product_brand","embeddable":true,"href":"https:\/\/miumjau.ee\/fi\/wp-json\/wp\/v2\/product_brand?post=55188"},{"taxonomy":"product_cat","embeddable":true,"href":"https:\/\/miumjau.ee\/fi\/wp-json\/wp\/v2\/product_cat?post=55188"},{"taxonomy":"product_tag","embeddable":true,"href":"https:\/\/miumjau.ee\/fi\/wp-json\/wp\/v2\/product_tag?post=55188"}],"curies":[{"name":"wp","href":"https:\/\/api.w.org\/{rel}","templated":true}]}}