{"id":55157,"date":"2026-02-25T10:20:00","date_gmt":"2026-02-25T08:20:00","guid":{"rendered":"https:\/\/miumjau.ee\/toode\/brit-mono-protein-koiran-taysravinto-naudanlihalla-ja-riisilla-6-x-400-g\/"},"modified":"2026-02-25T10:20:00","modified_gmt":"2026-02-25T08:20:00","slug":"brit-mono-protein-koiran-taysravinto-naudanlihalla-ja-riisilla-6-x-400-g","status":"publish","type":"product","link":"https:\/\/miumjau.ee\/fi\/tuote\/brit-mono-protein-koiran-taysravinto-naudanlihalla-ja-riisilla-6-x-400-g\/","title":{"rendered":"Brit Mono Protein koiran t\u00e4ysravinto naudanlihalla ja riisill\u00e4 6 \u00d7 400 g"},"content":{"rendered":"","protected":false},"excerpt":{"rendered":"<p data-start=\"3460\" data-end=\"3701\">100% PUHDASTA NAUDANLIHAPROTEIINIA RIISILL\u00c4. Brit Mono Protein tarjoaa t\u00e4ysipainoisen ja tasapainoisen ravinnon. Koostumus perustuu yhteen proteiininl\u00e4hteeseen ja on ihanteellinen v\u00e4hent\u00e4m\u00e4\u00e4n ruoka-aineallergioiden ja -intoleranssien riski\u00e4.<\/p>\n<p data-start=\"3703\" data-end=\"3980\">Sopii erinomaisesti koirille, joilla on herkk\u00e4 ruoansulatus tai ruoka-aineallergioita.<br data-start=\"3789\" data-end=\"3792\" \/>Korkea lihapitoisuus ja huolellinen k\u00e4sittely takaavat erinomaisen maun ja aromin.<br data-start=\"3874\" data-end=\"3877\" \/>T\u00e4ydellinen lis\u00e4 kuivaruokaan \u2013 parantaa sy\u00f6nti\u00e4 ja nesteytyst\u00e4.<br data-start=\"3941\" data-end=\"3944\" \/>GLUTEENITON \/ SOIJATON \/ GMO-VAPAA<\/p>\n<p data-start=\"3982\" data-end=\"4079\"><strong data-start=\"3982\" data-end=\"3996\">Koostumus:<\/strong> 70% naudanliha (liha ja sis\u00e4elimet), 4% riisi, 3% hernet\u00e4rkkelys, 1% hernekuitu.<\/p>\n<p data-start=\"4081\" data-end=\"4234\"><strong data-start=\"4081\" data-end=\"4108\">Analyyttiset ainesosat:<\/strong> raakavalkuainen 11%, raakarasva 10%, raakatuhka 2%, kosteus 78%, raakakuitu 0,7%, kalsium 0,2%, fosfori 0,3%, natrium 0,4%.<\/p>\n<p data-start=\"4236\" data-end=\"4508\"><strong data-start=\"4236\" data-end=\"4253\">Ravintolis\u00e4t:<\/strong> D3-vitamiini (3a671) 250 IU, E-vitamiini (3a700) 100 mg, sinkki (3b606) 15 mg, rauta (3b106) 10 mg, mangaani (3b504) 3 mg, kaliumjodidi (3b201) 0,5 mg, biotiini (3a880) 0,2 mg. Teknologiset lis\u00e4aineet per 1 kg: johanneksenleip\u00e4puujauhe (E410) 5 000 mg.<\/p>\n","protected":false},"featured_media":54216,"template":"","meta":[],"product_brand":[],"product_cat":[479],"product_tag":[],"class_list":{"0":"post-55157","1":"product","2":"type-product","3":"status-publish","4":"has-post-thumbnail","6":"product_cat-markaruoka-koirille","8":"first","9":"instock","10":"taxable","11":"shipping-taxable","12":"purchasable","13":"product-type-simple"},"yoast_head":"<!-- This site is optimized with the Yoast SEO plugin v27.4 - https:\/\/yoast.com\/product\/yoast-seo-wordpress\/ -->\n<title>Brit Mono Protein koiran t\u00e4ysravinto naudanlihalla ja riisill\u00e4 6 \u00d7 400 g - MiuMjau<\/title>\n<meta name=\"robots\" content=\"index, follow, max-snippet:-1, max-image-preview:large, max-video-preview:-1\" \/>\n<link rel=\"canonical\" href=\"https:\/\/miumjau.ee\/fi\/tuote\/brit-mono-protein-koiran-taysravinto-naudanlihalla-ja-riisilla-6-x-400-g\/\" \/>\n<meta property=\"og:locale\" content=\"fi_FI\" \/>\n<meta property=\"og:type\" content=\"article\" \/>\n<meta property=\"og:title\" content=\"Brit Mono Protein koiran t\u00e4ysravinto naudanlihalla ja riisill\u00e4 6 \u00d7 400 g - MiuMjau\" \/>\n<meta property=\"og:description\" content=\"100% PUHDASTA NAUDANLIHAPROTEIINIA RIISILL\u00c4. Brit Mono Protein tarjoaa t\u00e4ysipainoisen ja tasapainoisen ravinnon. Koostumus perustuu yhteen proteiininl\u00e4hteeseen ja on ihanteellinen v\u00e4hent\u00e4m\u00e4\u00e4n ruoka-aineallergioiden ja -intoleranssien riski\u00e4. Sopii erinomaisesti koirille, joilla on herkk\u00e4 ruoansulatus tai ruoka-aineallergioita.Korkea lihapitoisuus ja huolellinen k\u00e4sittely takaavat erinomaisen maun ja aromin.T\u00e4ydellinen lis\u00e4 kuivaruokaan \u2013 parantaa sy\u00f6nti\u00e4 ja nesteytyst\u00e4.GLUTEENITON \/ SOIJATON \/ GMO-VAPAA Koostumus: 70% naudanliha (liha ja sis\u00e4elimet), 4% riisi, 3% hernet\u00e4rkkelys, 1% hernekuitu. Analyyttiset ainesosat: raakavalkuainen 11%, raakarasva 10%, raakatuhka 2%, kosteus 78%, raakakuitu 0,7%, kalsium 0,2%, fosfori 0,3%, natrium 0,4%. Ravintolis\u00e4t: D3-vitamiini (3a671) 250 IU, E-vitamiini (3a700) 100 mg, sinkki (3b606) 15 mg, rauta (3b106) 10 mg, mangaani (3b504) 3 mg, kaliumjodidi (3b201) 0,5 mg, biotiini (3a880) 0,2 mg. Teknologiset lis\u00e4aineet per 1 kg: johanneksenleip\u00e4puujauhe (E410) 5 000 mg.\" \/>\n<meta property=\"og:url\" content=\"https:\/\/miumjau.ee\/fi\/tuote\/brit-mono-protein-koiran-taysravinto-naudanlihalla-ja-riisilla-6-x-400-g\/\" \/>\n<meta property=\"og:site_name\" content=\"MiuMjau\" \/>\n<meta property=\"article:publisher\" content=\"https:\/\/www.facebook.com\/miumjaupood\/\" \/>\n<meta property=\"og:image\" content=\"https:\/\/miumjau.ee\/wp-content\/uploads\/2026\/02\/brit-mono-beef-rice-600x800px.jpg\" \/>\n\t<meta property=\"og:image:width\" content=\"600\" \/>\n\t<meta property=\"og:image:height\" content=\"800\" \/>\n\t<meta property=\"og:image:type\" content=\"image\/jpeg\" \/>\n<meta name=\"twitter:card\" content=\"summary_large_image\" \/>\n<script type=\"application\/ld+json\" class=\"yoast-schema-graph\">{\"@context\":\"https:\\\/\\\/schema.org\",\"@graph\":[{\"@type\":\"WebPage\",\"@id\":\"https:\\\/\\\/miumjau.ee\\\/fi\\\/tuote\\\/brit-mono-protein-koiran-taysravinto-naudanlihalla-ja-riisilla-6-x-400-g\\\/\",\"url\":\"https:\\\/\\\/miumjau.ee\\\/fi\\\/tuote\\\/brit-mono-protein-koiran-taysravinto-naudanlihalla-ja-riisilla-6-x-400-g\\\/\",\"name\":\"Brit Mono Protein koiran t\u00e4ysravinto naudanlihalla ja riisill\u00e4 6 \u00d7 400 g - MiuMjau\",\"isPartOf\":{\"@id\":\"https:\\\/\\\/miumjau.ee\\\/#website\"},\"primaryImageOfPage\":{\"@id\":\"https:\\\/\\\/miumjau.ee\\\/fi\\\/tuote\\\/brit-mono-protein-koiran-taysravinto-naudanlihalla-ja-riisilla-6-x-400-g\\\/#primaryimage\"},\"image\":{\"@id\":\"https:\\\/\\\/miumjau.ee\\\/fi\\\/tuote\\\/brit-mono-protein-koiran-taysravinto-naudanlihalla-ja-riisilla-6-x-400-g\\\/#primaryimage\"},\"thumbnailUrl\":\"https:\\\/\\\/miumjau.ee\\\/wp-content\\\/uploads\\\/2026\\\/02\\\/brit-mono-beef-rice-600x800px.jpg\",\"datePublished\":\"2026-02-25T08:20:00+00:00\",\"breadcrumb\":{\"@id\":\"https:\\\/\\\/miumjau.ee\\\/fi\\\/tuote\\\/brit-mono-protein-koiran-taysravinto-naudanlihalla-ja-riisilla-6-x-400-g\\\/#breadcrumb\"},\"inLanguage\":\"fi\",\"potentialAction\":[{\"@type\":\"ReadAction\",\"target\":[\"https:\\\/\\\/miumjau.ee\\\/fi\\\/tuote\\\/brit-mono-protein-koiran-taysravinto-naudanlihalla-ja-riisilla-6-x-400-g\\\/\"]}]},{\"@type\":\"ImageObject\",\"inLanguage\":\"fi\",\"@id\":\"https:\\\/\\\/miumjau.ee\\\/fi\\\/tuote\\\/brit-mono-protein-koiran-taysravinto-naudanlihalla-ja-riisilla-6-x-400-g\\\/#primaryimage\",\"url\":\"https:\\\/\\\/miumjau.ee\\\/wp-content\\\/uploads\\\/2026\\\/02\\\/brit-mono-beef-rice-600x800px.jpg\",\"contentUrl\":\"https:\\\/\\\/miumjau.ee\\\/wp-content\\\/uploads\\\/2026\\\/02\\\/brit-mono-beef-rice-600x800px.jpg\",\"width\":600,\"height\":800,\"caption\":\"Brit Mono Protein koera konserv veise ja riisiga 6x 400g\"},{\"@type\":\"BreadcrumbList\",\"@id\":\"https:\\\/\\\/miumjau.ee\\\/fi\\\/tuote\\\/brit-mono-protein-koiran-taysravinto-naudanlihalla-ja-riisilla-6-x-400-g\\\/#breadcrumb\",\"itemListElement\":[{\"@type\":\"ListItem\",\"position\":1,\"name\":\"Home\",\"item\":\"https:\\\/\\\/miumjau.ee\\\/fi\\\/\"},{\"@type\":\"ListItem\",\"position\":2,\"name\":\"Kauppa\",\"item\":\"https:\\\/\\\/miumjau.ee\\\/fi\\\/kauppa\\\/\"},{\"@type\":\"ListItem\",\"position\":3,\"name\":\"Brit Mono Protein koiran t\u00e4ysravinto naudanlihalla ja riisill\u00e4 6 \u00d7 400 g\"}]},{\"@type\":\"WebSite\",\"@id\":\"https:\\\/\\\/miumjau.ee\\\/#website\",\"url\":\"https:\\\/\\\/miumjau.ee\\\/\",\"name\":\"MiuMjau\",\"description\":\"Kraapimispuud kassidele\",\"publisher\":{\"@id\":\"https:\\\/\\\/miumjau.ee\\\/#organization\"},\"potentialAction\":[{\"@type\":\"SearchAction\",\"target\":{\"@type\":\"EntryPoint\",\"urlTemplate\":\"https:\\\/\\\/miumjau.ee\\\/?s={search_term_string}\"},\"query-input\":{\"@type\":\"PropertyValueSpecification\",\"valueRequired\":true,\"valueName\":\"search_term_string\"}}],\"inLanguage\":\"fi\"},{\"@type\":\"Organization\",\"@id\":\"https:\\\/\\\/miumjau.ee\\\/#organization\",\"name\":\"MiuMjau O\u00dc\",\"url\":\"https:\\\/\\\/miumjau.ee\\\/\",\"logo\":{\"@type\":\"ImageObject\",\"inLanguage\":\"fi\",\"@id\":\"https:\\\/\\\/miumjau.ee\\\/#\\\/schema\\\/logo\\\/image\\\/\",\"url\":\"https:\\\/\\\/miumjau.ee\\\/wp-content\\\/uploads\\\/2022\\\/04\\\/MiuMjau-logo-kollane.png\",\"contentUrl\":\"https:\\\/\\\/miumjau.ee\\\/wp-content\\\/uploads\\\/2022\\\/04\\\/MiuMjau-logo-kollane.png\",\"width\":219,\"height\":100,\"caption\":\"MiuMjau O\u00dc\"},\"image\":{\"@id\":\"https:\\\/\\\/miumjau.ee\\\/#\\\/schema\\\/logo\\\/image\\\/\"},\"sameAs\":[\"https:\\\/\\\/www.facebook.com\\\/miumjaupood\\\/\"]}]}<\/script>\n<!-- \/ Yoast SEO plugin. -->","yoast_head_json":{"title":"Brit Mono Protein koiran t\u00e4ysravinto naudanlihalla ja riisill\u00e4 6 \u00d7 400 g - MiuMjau","robots":{"index":"index","follow":"follow","max-snippet":"max-snippet:-1","max-image-preview":"max-image-preview:large","max-video-preview":"max-video-preview:-1"},"canonical":"https:\/\/miumjau.ee\/fi\/tuote\/brit-mono-protein-koiran-taysravinto-naudanlihalla-ja-riisilla-6-x-400-g\/","og_locale":"fi_FI","og_type":"article","og_title":"Brit Mono Protein koiran t\u00e4ysravinto naudanlihalla ja riisill\u00e4 6 \u00d7 400 g - MiuMjau","og_description":"100% PUHDASTA NAUDANLIHAPROTEIINIA RIISILL\u00c4. Brit Mono Protein tarjoaa t\u00e4ysipainoisen ja tasapainoisen ravinnon. Koostumus perustuu yhteen proteiininl\u00e4hteeseen ja on ihanteellinen v\u00e4hent\u00e4m\u00e4\u00e4n ruoka-aineallergioiden ja -intoleranssien riski\u00e4. Sopii erinomaisesti koirille, joilla on herkk\u00e4 ruoansulatus tai ruoka-aineallergioita.Korkea lihapitoisuus ja huolellinen k\u00e4sittely takaavat erinomaisen maun ja aromin.T\u00e4ydellinen lis\u00e4 kuivaruokaan \u2013 parantaa sy\u00f6nti\u00e4 ja nesteytyst\u00e4.GLUTEENITON \/ SOIJATON \/ GMO-VAPAA Koostumus: 70% naudanliha (liha ja sis\u00e4elimet), 4% riisi, 3% hernet\u00e4rkkelys, 1% hernekuitu. Analyyttiset ainesosat: raakavalkuainen 11%, raakarasva 10%, raakatuhka 2%, kosteus 78%, raakakuitu 0,7%, kalsium 0,2%, fosfori 0,3%, natrium 0,4%. Ravintolis\u00e4t: D3-vitamiini (3a671) 250 IU, E-vitamiini (3a700) 100 mg, sinkki (3b606) 15 mg, rauta (3b106) 10 mg, mangaani (3b504) 3 mg, kaliumjodidi (3b201) 0,5 mg, biotiini (3a880) 0,2 mg. Teknologiset lis\u00e4aineet per 1 kg: johanneksenleip\u00e4puujauhe (E410) 5 000 mg.","og_url":"https:\/\/miumjau.ee\/fi\/tuote\/brit-mono-protein-koiran-taysravinto-naudanlihalla-ja-riisilla-6-x-400-g\/","og_site_name":"MiuMjau","article_publisher":"https:\/\/www.facebook.com\/miumjaupood\/","og_image":[{"width":600,"height":800,"url":"https:\/\/miumjau.ee\/wp-content\/uploads\/2026\/02\/brit-mono-beef-rice-600x800px.jpg","type":"image\/jpeg"}],"twitter_card":"summary_large_image","schema":{"@context":"https:\/\/schema.org","@graph":[{"@type":"WebPage","@id":"https:\/\/miumjau.ee\/fi\/tuote\/brit-mono-protein-koiran-taysravinto-naudanlihalla-ja-riisilla-6-x-400-g\/","url":"https:\/\/miumjau.ee\/fi\/tuote\/brit-mono-protein-koiran-taysravinto-naudanlihalla-ja-riisilla-6-x-400-g\/","name":"Brit Mono Protein koiran t\u00e4ysravinto naudanlihalla ja riisill\u00e4 6 \u00d7 400 g - MiuMjau","isPartOf":{"@id":"https:\/\/miumjau.ee\/#website"},"primaryImageOfPage":{"@id":"https:\/\/miumjau.ee\/fi\/tuote\/brit-mono-protein-koiran-taysravinto-naudanlihalla-ja-riisilla-6-x-400-g\/#primaryimage"},"image":{"@id":"https:\/\/miumjau.ee\/fi\/tuote\/brit-mono-protein-koiran-taysravinto-naudanlihalla-ja-riisilla-6-x-400-g\/#primaryimage"},"thumbnailUrl":"https:\/\/miumjau.ee\/wp-content\/uploads\/2026\/02\/brit-mono-beef-rice-600x800px.jpg","datePublished":"2026-02-25T08:20:00+00:00","breadcrumb":{"@id":"https:\/\/miumjau.ee\/fi\/tuote\/brit-mono-protein-koiran-taysravinto-naudanlihalla-ja-riisilla-6-x-400-g\/#breadcrumb"},"inLanguage":"fi","potentialAction":[{"@type":"ReadAction","target":["https:\/\/miumjau.ee\/fi\/tuote\/brit-mono-protein-koiran-taysravinto-naudanlihalla-ja-riisilla-6-x-400-g\/"]}]},{"@type":"ImageObject","inLanguage":"fi","@id":"https:\/\/miumjau.ee\/fi\/tuote\/brit-mono-protein-koiran-taysravinto-naudanlihalla-ja-riisilla-6-x-400-g\/#primaryimage","url":"https:\/\/miumjau.ee\/wp-content\/uploads\/2026\/02\/brit-mono-beef-rice-600x800px.jpg","contentUrl":"https:\/\/miumjau.ee\/wp-content\/uploads\/2026\/02\/brit-mono-beef-rice-600x800px.jpg","width":600,"height":800,"caption":"Brit Mono Protein koera konserv veise ja riisiga 6x 400g"},{"@type":"BreadcrumbList","@id":"https:\/\/miumjau.ee\/fi\/tuote\/brit-mono-protein-koiran-taysravinto-naudanlihalla-ja-riisilla-6-x-400-g\/#breadcrumb","itemListElement":[{"@type":"ListItem","position":1,"name":"Home","item":"https:\/\/miumjau.ee\/fi\/"},{"@type":"ListItem","position":2,"name":"Kauppa","item":"https:\/\/miumjau.ee\/fi\/kauppa\/"},{"@type":"ListItem","position":3,"name":"Brit Mono Protein koiran t\u00e4ysravinto naudanlihalla ja riisill\u00e4 6 \u00d7 400 g"}]},{"@type":"WebSite","@id":"https:\/\/miumjau.ee\/#website","url":"https:\/\/miumjau.ee\/","name":"MiuMjau","description":"Kraapimispuud kassidele","publisher":{"@id":"https:\/\/miumjau.ee\/#organization"},"potentialAction":[{"@type":"SearchAction","target":{"@type":"EntryPoint","urlTemplate":"https:\/\/miumjau.ee\/?s={search_term_string}"},"query-input":{"@type":"PropertyValueSpecification","valueRequired":true,"valueName":"search_term_string"}}],"inLanguage":"fi"},{"@type":"Organization","@id":"https:\/\/miumjau.ee\/#organization","name":"MiuMjau O\u00dc","url":"https:\/\/miumjau.ee\/","logo":{"@type":"ImageObject","inLanguage":"fi","@id":"https:\/\/miumjau.ee\/#\/schema\/logo\/image\/","url":"https:\/\/miumjau.ee\/wp-content\/uploads\/2022\/04\/MiuMjau-logo-kollane.png","contentUrl":"https:\/\/miumjau.ee\/wp-content\/uploads\/2022\/04\/MiuMjau-logo-kollane.png","width":219,"height":100,"caption":"MiuMjau O\u00dc"},"image":{"@id":"https:\/\/miumjau.ee\/#\/schema\/logo\/image\/"},"sameAs":["https:\/\/www.facebook.com\/miumjaupood\/"]}]}},"_links":{"self":[{"href":"https:\/\/miumjau.ee\/fi\/wp-json\/wp\/v2\/product\/55157","targetHints":{"allow":["GET"]}}],"collection":[{"href":"https:\/\/miumjau.ee\/fi\/wp-json\/wp\/v2\/product"}],"about":[{"href":"https:\/\/miumjau.ee\/fi\/wp-json\/wp\/v2\/types\/product"}],"wp:featuredmedia":[{"embeddable":true,"href":"https:\/\/miumjau.ee\/fi\/wp-json\/wp\/v2\/media\/54216"}],"wp:attachment":[{"href":"https:\/\/miumjau.ee\/fi\/wp-json\/wp\/v2\/media?parent=55157"}],"wp:term":[{"taxonomy":"product_brand","embeddable":true,"href":"https:\/\/miumjau.ee\/fi\/wp-json\/wp\/v2\/product_brand?post=55157"},{"taxonomy":"product_cat","embeddable":true,"href":"https:\/\/miumjau.ee\/fi\/wp-json\/wp\/v2\/product_cat?post=55157"},{"taxonomy":"product_tag","embeddable":true,"href":"https:\/\/miumjau.ee\/fi\/wp-json\/wp\/v2\/product_tag?post=55157"}],"curies":[{"name":"wp","href":"https:\/\/api.w.org\/{rel}","templated":true}]}}