{"id":55140,"date":"2026-02-25T10:21:23","date_gmt":"2026-02-25T08:21:23","guid":{"rendered":"https:\/\/miumjau.ee\/toode\/brit-mono-protein-koiran-sailyke-kaninlihalla-6x400g\/"},"modified":"2026-02-25T10:21:23","modified_gmt":"2026-02-25T08:21:23","slug":"brit-mono-protein-koiran-sailyke-kaninlihalla-6x400g","status":"publish","type":"product","link":"https:\/\/miumjau.ee\/fi\/tuote\/brit-mono-protein-koiran-sailyke-kaninlihalla-6x400g\/","title":{"rendered":"Brit Mono Protein koiran s\u00e4ilyke kaninlihalla 6x400g"},"content":{"rendered":"","protected":false},"excerpt":{"rendered":"<p data-start=\"1341\" data-end=\"1572\">100% PUHDAS KANIN PROTEIINI. Brit Mono Protein tarjoaa t\u00e4ysipainoisen ja tasapainoisen ruokavalion. Kaava perustuu yhteen proteiinin l\u00e4hteeseen ja sopii ihanteellisesti ruoka-aineallergioiden ja intoleranssien riskin v\u00e4hent\u00e4miseen.<\/p>\n<ul data-start=\"1574\" data-end=\"1884\">\n<li data-section-id=\"c5g3xz\" data-start=\"1574\" data-end=\"1674\">\n<p data-start=\"1576\" data-end=\"1674\">Ihanteellinen koirille, joilla on herkk\u00e4 ruoansulatus, ruoka-aineallergioita tai intoleransseja.<\/p>\n<\/li>\n<li data-section-id=\"1rv7t6a\" data-start=\"1675\" data-end=\"1764\">\n<p data-start=\"1677\" data-end=\"1764\">Laadukas lihapitoisuus ja huolellinen k\u00e4sittely takaavat erinomaisen maun ja tuoksun.<\/p>\n<\/li>\n<li data-section-id=\"1aqnj4p\" data-start=\"1765\" data-end=\"1845\">\n<p data-start=\"1767\" data-end=\"1845\">T\u00e4ydellinen lis\u00e4 kuivaruokaan, auttaa parantamaan ruokahalua ja nesteytyst\u00e4.<\/p>\n<\/li>\n<li data-section-id=\"sds05w\" data-start=\"1846\" data-end=\"1884\">\n<p data-start=\"1848\" data-end=\"1884\">GLUTEENITON \/ SOIJATON \/ GMO-VAPAA<\/p>\n<\/li>\n<\/ul>\n<p data-start=\"1886\" data-end=\"1968\"><strong data-start=\"1886\" data-end=\"1900\">Ainesosat:<\/strong> 74 % kani (liha ja sis\u00e4elimet), 3 % hernet\u00e4rkkelys, 1 % hernekuitu.<\/p>\n<p data-start=\"1970\" data-end=\"2130\"><strong data-start=\"1970\" data-end=\"1997\">Analyyttiset ainesosat:<\/strong> Raakaproteiini 9 %, raakarasva 6 %, raakapitoisuus 2 %, kosteus 78 %, raakakuitu 0,5 %, kalsium 0,3 %, fosfori 0,3 %, natrium 0,4 %.<\/p>\n<p data-start=\"2132\" data-end=\"2454\"><strong data-start=\"2132\" data-end=\"2162\">Ravintolis\u00e4t (1 kg kohti):<\/strong> D3-vitamiini (3a671) 250 IU, E-vitamiini (3a700) 100 mg, sinkki (3b606) 15 mg, rauta (3b106) 10 mg, mangaani (3b504) 3 mg, kaliumjodidi (3b204) 0,5 mg, kaliumjodidi (3b201) 0,5 mg, biotiini (3a880) 0,2 mg.<br data-start=\"2368\" data-end=\"2371\" \/><strong data-start=\"2371\" data-end=\"2412\">Teknologiset lis\u00e4aineet (1 kg kohti):<\/strong> Johanneksenleip\u00e4puujauhe (E410) 5 000 mg.<\/p>\n<p data-start=\"2456\" data-end=\"2496\"><strong data-start=\"2456\" data-end=\"2482\">Metaboloituva energia:<\/strong> 1,070 kcal\/kg<\/p>\n","protected":false},"featured_media":54234,"template":"","meta":[],"product_brand":[],"product_cat":[479],"product_tag":[],"class_list":{"0":"post-55140","1":"product","2":"type-product","3":"status-publish","4":"has-post-thumbnail","6":"product_cat-markaruoka-koirille","8":"first","9":"instock","10":"taxable","11":"shipping-taxable","12":"purchasable","13":"product-type-simple"},"yoast_head":"<!-- This site is optimized with the Yoast SEO plugin v27.4 - https:\/\/yoast.com\/product\/yoast-seo-wordpress\/ -->\n<title>Brit Mono Protein koiran s\u00e4ilyke kaninlihalla 6x400g - MiuMjau<\/title>\n<meta name=\"robots\" content=\"index, follow, max-snippet:-1, max-image-preview:large, max-video-preview:-1\" \/>\n<link rel=\"canonical\" href=\"https:\/\/miumjau.ee\/fi\/tuote\/brit-mono-protein-koiran-sailyke-kaninlihalla-6x400g\/\" \/>\n<meta property=\"og:locale\" content=\"fi_FI\" \/>\n<meta property=\"og:type\" content=\"article\" \/>\n<meta property=\"og:title\" content=\"Brit Mono Protein koiran s\u00e4ilyke kaninlihalla 6x400g - MiuMjau\" \/>\n<meta property=\"og:description\" content=\"100% PUHDAS KANIN PROTEIINI. Brit Mono Protein tarjoaa t\u00e4ysipainoisen ja tasapainoisen ruokavalion. Kaava perustuu yhteen proteiinin l\u00e4hteeseen ja sopii ihanteellisesti ruoka-aineallergioiden ja intoleranssien riskin v\u00e4hent\u00e4miseen.     Ihanteellinen koirille, joilla on herkk\u00e4 ruoansulatus, ruoka-aineallergioita tai intoleransseja.    Laadukas lihapitoisuus ja huolellinen k\u00e4sittely takaavat erinomaisen maun ja tuoksun.    T\u00e4ydellinen lis\u00e4 kuivaruokaan, auttaa parantamaan ruokahalua ja nesteytyst\u00e4.    GLUTEENITON \/ SOIJATON \/ GMO-VAPAA   Ainesosat: 74 % kani (liha ja sis\u00e4elimet), 3 % hernet\u00e4rkkelys, 1 % hernekuitu. Analyyttiset ainesosat: Raakaproteiini 9 %, raakarasva 6 %, raakapitoisuus 2 %, kosteus 78 %, raakakuitu 0,5 %, kalsium 0,3 %, fosfori 0,3 %, natrium 0,4 %. Ravintolis\u00e4t (1 kg kohti): D3-vitamiini (3a671) 250 IU, E-vitamiini (3a700) 100 mg, sinkki (3b606) 15 mg, rauta (3b106) 10 mg, mangaani (3b504) 3 mg, kaliumjodidi (3b204) 0,5 mg, kaliumjodidi (3b201) 0,5 mg, biotiini (3a880) 0,2 mg.Teknologiset lis\u00e4aineet (1 kg kohti): Johanneksenleip\u00e4puujauhe (E410) 5 000 mg. Metaboloituva energia: 1,070 kcal\/kg\" \/>\n<meta property=\"og:url\" content=\"https:\/\/miumjau.ee\/fi\/tuote\/brit-mono-protein-koiran-sailyke-kaninlihalla-6x400g\/\" \/>\n<meta property=\"og:site_name\" content=\"MiuMjau\" \/>\n<meta property=\"article:publisher\" content=\"https:\/\/www.facebook.com\/miumjaupood\/\" \/>\n<meta property=\"og:image\" content=\"https:\/\/miumjau.ee\/wp-content\/uploads\/2026\/02\/brit-mono-rabbit-600x800px.jpg\" \/>\n\t<meta property=\"og:image:width\" content=\"600\" \/>\n\t<meta property=\"og:image:height\" content=\"800\" \/>\n\t<meta property=\"og:image:type\" content=\"image\/jpeg\" \/>\n<meta name=\"twitter:card\" content=\"summary_large_image\" \/>\n<script type=\"application\/ld+json\" class=\"yoast-schema-graph\">{\"@context\":\"https:\\\/\\\/schema.org\",\"@graph\":[{\"@type\":\"WebPage\",\"@id\":\"https:\\\/\\\/miumjau.ee\\\/fi\\\/tuote\\\/brit-mono-protein-koiran-sailyke-kaninlihalla-6x400g\\\/\",\"url\":\"https:\\\/\\\/miumjau.ee\\\/fi\\\/tuote\\\/brit-mono-protein-koiran-sailyke-kaninlihalla-6x400g\\\/\",\"name\":\"Brit Mono Protein koiran s\u00e4ilyke kaninlihalla 6x400g - MiuMjau\",\"isPartOf\":{\"@id\":\"https:\\\/\\\/miumjau.ee\\\/#website\"},\"primaryImageOfPage\":{\"@id\":\"https:\\\/\\\/miumjau.ee\\\/fi\\\/tuote\\\/brit-mono-protein-koiran-sailyke-kaninlihalla-6x400g\\\/#primaryimage\"},\"image\":{\"@id\":\"https:\\\/\\\/miumjau.ee\\\/fi\\\/tuote\\\/brit-mono-protein-koiran-sailyke-kaninlihalla-6x400g\\\/#primaryimage\"},\"thumbnailUrl\":\"https:\\\/\\\/miumjau.ee\\\/wp-content\\\/uploads\\\/2026\\\/02\\\/brit-mono-rabbit-600x800px.jpg\",\"datePublished\":\"2026-02-25T08:21:23+00:00\",\"breadcrumb\":{\"@id\":\"https:\\\/\\\/miumjau.ee\\\/fi\\\/tuote\\\/brit-mono-protein-koiran-sailyke-kaninlihalla-6x400g\\\/#breadcrumb\"},\"inLanguage\":\"fi\",\"potentialAction\":[{\"@type\":\"ReadAction\",\"target\":[\"https:\\\/\\\/miumjau.ee\\\/fi\\\/tuote\\\/brit-mono-protein-koiran-sailyke-kaninlihalla-6x400g\\\/\"]}]},{\"@type\":\"ImageObject\",\"inLanguage\":\"fi\",\"@id\":\"https:\\\/\\\/miumjau.ee\\\/fi\\\/tuote\\\/brit-mono-protein-koiran-sailyke-kaninlihalla-6x400g\\\/#primaryimage\",\"url\":\"https:\\\/\\\/miumjau.ee\\\/wp-content\\\/uploads\\\/2026\\\/02\\\/brit-mono-rabbit-600x800px.jpg\",\"contentUrl\":\"https:\\\/\\\/miumjau.ee\\\/wp-content\\\/uploads\\\/2026\\\/02\\\/brit-mono-rabbit-600x800px.jpg\",\"width\":600,\"height\":800,\"caption\":\"Brit Mono Protein koera konserv k\u00fc\u00fclikulihaga 6x 400g\"},{\"@type\":\"BreadcrumbList\",\"@id\":\"https:\\\/\\\/miumjau.ee\\\/fi\\\/tuote\\\/brit-mono-protein-koiran-sailyke-kaninlihalla-6x400g\\\/#breadcrumb\",\"itemListElement\":[{\"@type\":\"ListItem\",\"position\":1,\"name\":\"Home\",\"item\":\"https:\\\/\\\/miumjau.ee\\\/fi\\\/\"},{\"@type\":\"ListItem\",\"position\":2,\"name\":\"Kauppa\",\"item\":\"https:\\\/\\\/miumjau.ee\\\/fi\\\/kauppa\\\/\"},{\"@type\":\"ListItem\",\"position\":3,\"name\":\"Brit Mono Protein koiran s\u00e4ilyke kaninlihalla 6x400g\"}]},{\"@type\":\"WebSite\",\"@id\":\"https:\\\/\\\/miumjau.ee\\\/#website\",\"url\":\"https:\\\/\\\/miumjau.ee\\\/\",\"name\":\"MiuMjau\",\"description\":\"Kraapimispuud kassidele\",\"publisher\":{\"@id\":\"https:\\\/\\\/miumjau.ee\\\/#organization\"},\"potentialAction\":[{\"@type\":\"SearchAction\",\"target\":{\"@type\":\"EntryPoint\",\"urlTemplate\":\"https:\\\/\\\/miumjau.ee\\\/?s={search_term_string}\"},\"query-input\":{\"@type\":\"PropertyValueSpecification\",\"valueRequired\":true,\"valueName\":\"search_term_string\"}}],\"inLanguage\":\"fi\"},{\"@type\":\"Organization\",\"@id\":\"https:\\\/\\\/miumjau.ee\\\/#organization\",\"name\":\"MiuMjau O\u00dc\",\"url\":\"https:\\\/\\\/miumjau.ee\\\/\",\"logo\":{\"@type\":\"ImageObject\",\"inLanguage\":\"fi\",\"@id\":\"https:\\\/\\\/miumjau.ee\\\/#\\\/schema\\\/logo\\\/image\\\/\",\"url\":\"https:\\\/\\\/miumjau.ee\\\/wp-content\\\/uploads\\\/2022\\\/04\\\/MiuMjau-logo-kollane.png\",\"contentUrl\":\"https:\\\/\\\/miumjau.ee\\\/wp-content\\\/uploads\\\/2022\\\/04\\\/MiuMjau-logo-kollane.png\",\"width\":219,\"height\":100,\"caption\":\"MiuMjau O\u00dc\"},\"image\":{\"@id\":\"https:\\\/\\\/miumjau.ee\\\/#\\\/schema\\\/logo\\\/image\\\/\"},\"sameAs\":[\"https:\\\/\\\/www.facebook.com\\\/miumjaupood\\\/\"]}]}<\/script>\n<!-- \/ Yoast SEO plugin. -->","yoast_head_json":{"title":"Brit Mono Protein koiran s\u00e4ilyke kaninlihalla 6x400g - MiuMjau","robots":{"index":"index","follow":"follow","max-snippet":"max-snippet:-1","max-image-preview":"max-image-preview:large","max-video-preview":"max-video-preview:-1"},"canonical":"https:\/\/miumjau.ee\/fi\/tuote\/brit-mono-protein-koiran-sailyke-kaninlihalla-6x400g\/","og_locale":"fi_FI","og_type":"article","og_title":"Brit Mono Protein koiran s\u00e4ilyke kaninlihalla 6x400g - MiuMjau","og_description":"100% PUHDAS KANIN PROTEIINI. Brit Mono Protein tarjoaa t\u00e4ysipainoisen ja tasapainoisen ruokavalion. Kaava perustuu yhteen proteiinin l\u00e4hteeseen ja sopii ihanteellisesti ruoka-aineallergioiden ja intoleranssien riskin v\u00e4hent\u00e4miseen.     Ihanteellinen koirille, joilla on herkk\u00e4 ruoansulatus, ruoka-aineallergioita tai intoleransseja.    Laadukas lihapitoisuus ja huolellinen k\u00e4sittely takaavat erinomaisen maun ja tuoksun.    T\u00e4ydellinen lis\u00e4 kuivaruokaan, auttaa parantamaan ruokahalua ja nesteytyst\u00e4.    GLUTEENITON \/ SOIJATON \/ GMO-VAPAA   Ainesosat: 74 % kani (liha ja sis\u00e4elimet), 3 % hernet\u00e4rkkelys, 1 % hernekuitu. Analyyttiset ainesosat: Raakaproteiini 9 %, raakarasva 6 %, raakapitoisuus 2 %, kosteus 78 %, raakakuitu 0,5 %, kalsium 0,3 %, fosfori 0,3 %, natrium 0,4 %. Ravintolis\u00e4t (1 kg kohti): D3-vitamiini (3a671) 250 IU, E-vitamiini (3a700) 100 mg, sinkki (3b606) 15 mg, rauta (3b106) 10 mg, mangaani (3b504) 3 mg, kaliumjodidi (3b204) 0,5 mg, kaliumjodidi (3b201) 0,5 mg, biotiini (3a880) 0,2 mg.Teknologiset lis\u00e4aineet (1 kg kohti): Johanneksenleip\u00e4puujauhe (E410) 5 000 mg. Metaboloituva energia: 1,070 kcal\/kg","og_url":"https:\/\/miumjau.ee\/fi\/tuote\/brit-mono-protein-koiran-sailyke-kaninlihalla-6x400g\/","og_site_name":"MiuMjau","article_publisher":"https:\/\/www.facebook.com\/miumjaupood\/","og_image":[{"width":600,"height":800,"url":"https:\/\/miumjau.ee\/wp-content\/uploads\/2026\/02\/brit-mono-rabbit-600x800px.jpg","type":"image\/jpeg"}],"twitter_card":"summary_large_image","schema":{"@context":"https:\/\/schema.org","@graph":[{"@type":"WebPage","@id":"https:\/\/miumjau.ee\/fi\/tuote\/brit-mono-protein-koiran-sailyke-kaninlihalla-6x400g\/","url":"https:\/\/miumjau.ee\/fi\/tuote\/brit-mono-protein-koiran-sailyke-kaninlihalla-6x400g\/","name":"Brit Mono Protein koiran s\u00e4ilyke kaninlihalla 6x400g - MiuMjau","isPartOf":{"@id":"https:\/\/miumjau.ee\/#website"},"primaryImageOfPage":{"@id":"https:\/\/miumjau.ee\/fi\/tuote\/brit-mono-protein-koiran-sailyke-kaninlihalla-6x400g\/#primaryimage"},"image":{"@id":"https:\/\/miumjau.ee\/fi\/tuote\/brit-mono-protein-koiran-sailyke-kaninlihalla-6x400g\/#primaryimage"},"thumbnailUrl":"https:\/\/miumjau.ee\/wp-content\/uploads\/2026\/02\/brit-mono-rabbit-600x800px.jpg","datePublished":"2026-02-25T08:21:23+00:00","breadcrumb":{"@id":"https:\/\/miumjau.ee\/fi\/tuote\/brit-mono-protein-koiran-sailyke-kaninlihalla-6x400g\/#breadcrumb"},"inLanguage":"fi","potentialAction":[{"@type":"ReadAction","target":["https:\/\/miumjau.ee\/fi\/tuote\/brit-mono-protein-koiran-sailyke-kaninlihalla-6x400g\/"]}]},{"@type":"ImageObject","inLanguage":"fi","@id":"https:\/\/miumjau.ee\/fi\/tuote\/brit-mono-protein-koiran-sailyke-kaninlihalla-6x400g\/#primaryimage","url":"https:\/\/miumjau.ee\/wp-content\/uploads\/2026\/02\/brit-mono-rabbit-600x800px.jpg","contentUrl":"https:\/\/miumjau.ee\/wp-content\/uploads\/2026\/02\/brit-mono-rabbit-600x800px.jpg","width":600,"height":800,"caption":"Brit Mono Protein koera konserv k\u00fc\u00fclikulihaga 6x 400g"},{"@type":"BreadcrumbList","@id":"https:\/\/miumjau.ee\/fi\/tuote\/brit-mono-protein-koiran-sailyke-kaninlihalla-6x400g\/#breadcrumb","itemListElement":[{"@type":"ListItem","position":1,"name":"Home","item":"https:\/\/miumjau.ee\/fi\/"},{"@type":"ListItem","position":2,"name":"Kauppa","item":"https:\/\/miumjau.ee\/fi\/kauppa\/"},{"@type":"ListItem","position":3,"name":"Brit Mono Protein koiran s\u00e4ilyke kaninlihalla 6x400g"}]},{"@type":"WebSite","@id":"https:\/\/miumjau.ee\/#website","url":"https:\/\/miumjau.ee\/","name":"MiuMjau","description":"Kraapimispuud kassidele","publisher":{"@id":"https:\/\/miumjau.ee\/#organization"},"potentialAction":[{"@type":"SearchAction","target":{"@type":"EntryPoint","urlTemplate":"https:\/\/miumjau.ee\/?s={search_term_string}"},"query-input":{"@type":"PropertyValueSpecification","valueRequired":true,"valueName":"search_term_string"}}],"inLanguage":"fi"},{"@type":"Organization","@id":"https:\/\/miumjau.ee\/#organization","name":"MiuMjau O\u00dc","url":"https:\/\/miumjau.ee\/","logo":{"@type":"ImageObject","inLanguage":"fi","@id":"https:\/\/miumjau.ee\/#\/schema\/logo\/image\/","url":"https:\/\/miumjau.ee\/wp-content\/uploads\/2022\/04\/MiuMjau-logo-kollane.png","contentUrl":"https:\/\/miumjau.ee\/wp-content\/uploads\/2022\/04\/MiuMjau-logo-kollane.png","width":219,"height":100,"caption":"MiuMjau O\u00dc"},"image":{"@id":"https:\/\/miumjau.ee\/#\/schema\/logo\/image\/"},"sameAs":["https:\/\/www.facebook.com\/miumjaupood\/"]}]}},"_links":{"self":[{"href":"https:\/\/miumjau.ee\/fi\/wp-json\/wp\/v2\/product\/55140","targetHints":{"allow":["GET"]}}],"collection":[{"href":"https:\/\/miumjau.ee\/fi\/wp-json\/wp\/v2\/product"}],"about":[{"href":"https:\/\/miumjau.ee\/fi\/wp-json\/wp\/v2\/types\/product"}],"wp:featuredmedia":[{"embeddable":true,"href":"https:\/\/miumjau.ee\/fi\/wp-json\/wp\/v2\/media\/54234"}],"wp:attachment":[{"href":"https:\/\/miumjau.ee\/fi\/wp-json\/wp\/v2\/media?parent=55140"}],"wp:term":[{"taxonomy":"product_brand","embeddable":true,"href":"https:\/\/miumjau.ee\/fi\/wp-json\/wp\/v2\/product_brand?post=55140"},{"taxonomy":"product_cat","embeddable":true,"href":"https:\/\/miumjau.ee\/fi\/wp-json\/wp\/v2\/product_cat?post=55140"},{"taxonomy":"product_tag","embeddable":true,"href":"https:\/\/miumjau.ee\/fi\/wp-json\/wp\/v2\/product_tag?post=55140"}],"curies":[{"name":"wp","href":"https:\/\/api.w.org\/{rel}","templated":true}]}}