{"id":55120,"date":"2026-03-10T09:59:05","date_gmt":"2026-03-10T07:59:05","guid":{"rendered":"https:\/\/miumjau.ee\/toode\/ibero-natural-kanin-suikaleet-koirille-15-kpl\/"},"modified":"2026-03-10T09:59:05","modified_gmt":"2026-03-10T07:59:05","slug":"ibero-natural-kanin-suikaleet-koirille-15-kpl","status":"publish","type":"product","link":"https:\/\/miumjau.ee\/fi\/tuote\/ibero-natural-kanin-suikaleet-koirille-15-kpl\/","title":{"rendered":"Ibero Natural kanin suikaleet koirille, 15 kpl"},"content":{"rendered":"","protected":false},"excerpt":{"rendered":"<p data-start=\"1843\" data-end=\"1866\">T\u00e4ydennysrehu koirille.<\/p>\n<p data-start=\"1868\" data-end=\"1962\"><strong data-start=\"1868\" data-end=\"1882\">Ainesosat:<\/strong> Liha ja el\u00e4inper\u00e4iset tuotteet (kani) 98 %, sy\u00f6tteeseen lis\u00e4tty glyseriini 2 %.<\/p>\n<p data-start=\"1964\" data-end=\"2088\"><strong data-start=\"1964\" data-end=\"1991\">Analyyttiset ainesosat:<\/strong> Raakaproteiini 41,9 %, raakarasva 24,3 %, raakapitoisuus 19,07 %, raakakuitu 2,2 %, kosteus 8 %.<\/p>\n<p data-start=\"2090\" data-end=\"2311\">Anna herkkuna leikin tai koulutuksen aikana, annos tarpeen mukaan. Varmista aina, ett\u00e4 koiralla on riitt\u00e4v\u00e4sti juomavett\u00e4. S\u00e4ilyt\u00e4 kuivassa ja viile\u00e4ss\u00e4 paikassa. Er\u00e4- ja parasta ennen -p\u00e4iv\u00e4m\u00e4\u00e4r\u00e4 on merkitty pakkaukseen.<\/p>\n<p data-start=\"2313\" data-end=\"2470\"><strong data-start=\"2313\" data-end=\"2342\">Miksi valita t\u00e4m\u00e4 herkku?<\/strong><br data-start=\"2342\" data-end=\"2345\" \/>\ud83d\udc07 <strong data-start=\"2348\" data-end=\"2384\">1. Eritt\u00e4in korkea lihapitoisuus<\/strong><br data-start=\"2384\" data-end=\"2387\" \/>Herkku sis\u00e4lt\u00e4\u00e4 98 % kaninlihaa, tarjoten laadukasta el\u00e4inproteiinia, joka tukee:<\/p>\n<ul data-start=\"2471\" data-end=\"2567\">\n<li data-section-id=\"18j05vt\" data-start=\"2471\" data-end=\"2493\">\n<p data-start=\"2473\" data-end=\"2493\">lihasten kehityst\u00e4<\/p>\n<\/li>\n<li data-section-id=\"vywnlu\" data-start=\"2494\" data-end=\"2520\">\n<p data-start=\"2496\" data-end=\"2520\">energiaa ja elinvoimaa<\/p>\n<\/li>\n<li data-section-id=\"83fon0\" data-start=\"2521\" data-end=\"2567\">\n<p data-start=\"2523\" data-end=\"2567\">koiralle sopivaa luonnollista ruokavaliota<\/p>\n<\/li>\n<\/ul>\n<p data-start=\"2569\" data-end=\"2705\">\ud83c\udf3f <strong data-start=\"2572\" data-end=\"2613\">2. Yksinkertainen ja puhdas koostumus<\/strong><br data-start=\"2613\" data-end=\"2616\" \/>Koostumus on hyvin lyhyt \u2013 vain kaninlihaa ja pieni m\u00e4\u00e4r\u00e4 glyseriini\u00e4. T\u00e4m\u00e4 tarkoittaa:<\/p>\n<ul data-start=\"2706\" data-end=\"2818\">\n<li data-section-id=\"ff4m6l\" data-start=\"2706\" data-end=\"2743\">\n<p data-start=\"2708\" data-end=\"2743\">v\u00e4hemm\u00e4n tarpeettomia lis\u00e4aineita<\/p>\n<\/li>\n<li data-section-id=\"1tm2l3s\" data-start=\"2744\" data-end=\"2770\">\n<p data-start=\"2746\" data-end=\"2770\">pienempi allergiariski<\/p>\n<\/li>\n<li data-section-id=\"g5xmlx\" data-start=\"2771\" data-end=\"2818\">\n<p data-start=\"2773\" data-end=\"2818\">parempi sopivuus herkk\u00e4vatsaisille koirille<\/p>\n<\/li>\n<\/ul>\n<p data-start=\"2820\" data-end=\"2915\">\ud83d\udcaa <strong data-start=\"2823\" data-end=\"2864\">3. Eritt\u00e4in korkea proteiinipitoisuus<\/strong><br data-start=\"2864\" data-end=\"2867\" \/>Tuote sis\u00e4lt\u00e4\u00e4 41,9 % raakaa proteiinia, mik\u00e4:<\/p>\n<ul data-start=\"2916\" data-end=\"3031\">\n<li data-section-id=\"1ae1dx4\" data-start=\"2916\" data-end=\"2951\">\n<p data-start=\"2918\" data-end=\"2951\">auttaa yll\u00e4pit\u00e4m\u00e4\u00e4n lihasmassaa<\/p>\n<\/li>\n<li data-section-id=\"1uip2sa\" data-start=\"2952\" data-end=\"2998\">\n<p data-start=\"2954\" data-end=\"2998\">tukee aktiivisten koirien energiantarvetta<\/p>\n<\/li>\n<li data-section-id=\"15cn31q\" data-start=\"2999\" data-end=\"3031\">\n<p data-start=\"3001\" data-end=\"3031\">sopii hyvin koulutusherkuksi<\/p>\n<\/li>\n<\/ul>\n<p data-start=\"3033\" data-end=\"3134\">\ud83e\uddb7 <strong data-start=\"3036\" data-end=\"3070\">4. Pureskelua edist\u00e4v\u00e4 rakenne<\/strong><br data-start=\"3070\" data-end=\"3073\" \/>Suikaleiden muoto vaatii koiraa pureskelemaan hieman, mik\u00e4:<\/p>\n<ul data-start=\"3135\" data-end=\"3234\">\n<li data-section-id=\"1qu49k9\" data-start=\"3135\" data-end=\"3165\">\n<p data-start=\"3137\" data-end=\"3165\">tarjoaa koiralle tekemist\u00e4<\/p>\n<\/li>\n<li data-section-id=\"1861gx8\" data-start=\"3166\" data-end=\"3211\">\n<p data-start=\"3168\" data-end=\"3211\">auttaa mekaanisesti puhdistamaan hampaita<\/p>\n<\/li>\n<li data-section-id=\"395nrv\" data-start=\"3212\" data-end=\"3234\">\n<p data-start=\"3214\" data-end=\"3234\">v\u00e4hent\u00e4\u00e4 tylsyytt\u00e4<\/p>\n<\/li>\n<\/ul>\n<p data-start=\"3236\" data-end=\"3295\">\ud83d\udc15 <strong data-start=\"3239\" data-end=\"3270\">5. T\u00e4ydellinen koulutukseen<\/strong><br data-start=\"3270\" data-end=\"3273\" \/>Suikaleet on helppo:<\/p>\n<ul data-start=\"3296\" data-end=\"3380\">\n<li data-section-id=\"o0gkqb\" data-start=\"3296\" data-end=\"3327\">\n<p data-start=\"3298\" data-end=\"3327\">murtaa pienemmiksi paloiksi<\/p>\n<\/li>\n<li data-section-id=\"1kpw7ks\" data-start=\"3328\" data-end=\"3380\">\n<p data-start=\"3330\" data-end=\"3380\">k\u00e4ytt\u00e4\u00e4 palkintona leikin tai koulutuksen aikana<\/p>\n<\/li>\n<\/ul>\n<p data-start=\"3382\" data-end=\"3439\">\ud83c\udf1f <strong data-start=\"3385\" data-end=\"3421\">6. Kaninliha on helposti sulavaa<\/strong><br data-start=\"3421\" data-end=\"3424\" \/>Kaninliha on:<\/p>\n<ul data-start=\"3440\" data-end=\"3562\">\n<li data-section-id=\"1fs0hji\" data-start=\"3440\" data-end=\"3486\">\n<p data-start=\"3442\" data-end=\"3486\">lempe\u00e4 ja helposti sulava proteiinin l\u00e4hde<\/p>\n<\/li>\n<li data-section-id=\"q0n2pj\" data-start=\"3487\" data-end=\"3562\">\n<p data-start=\"3489\" data-end=\"3562\">usein sopiva my\u00f6s ruoka-aineallergisille tai herkk\u00e4vatsaisille koirille<\/p>\n<\/li>\n<\/ul>\n","protected":false},"featured_media":54556,"template":"","meta":[],"product_brand":[],"product_cat":[480],"product_tag":[],"class_list":{"0":"post-55120","1":"product","2":"type-product","3":"status-publish","4":"has-post-thumbnail","6":"product_cat-herkut-koirille","8":"first","9":"instock","10":"sale","11":"taxable","12":"shipping-taxable","13":"purchasable","14":"product-type-simple"},"yoast_head":"<!-- This site is optimized with the Yoast SEO plugin v27.4 - https:\/\/yoast.com\/product\/yoast-seo-wordpress\/ -->\n<title>Ibero Natural kanin suikaleet koirille, 15 kpl - MiuMjau<\/title>\n<meta name=\"robots\" content=\"index, follow, max-snippet:-1, max-image-preview:large, max-video-preview:-1\" \/>\n<link rel=\"canonical\" href=\"https:\/\/miumjau.ee\/fi\/tuote\/ibero-natural-kanin-suikaleet-koirille-15-kpl\/\" \/>\n<meta property=\"og:locale\" content=\"fi_FI\" \/>\n<meta property=\"og:type\" content=\"article\" \/>\n<meta property=\"og:title\" content=\"Ibero Natural kanin suikaleet koirille, 15 kpl - MiuMjau\" \/>\n<meta property=\"og:description\" content=\"T\u00e4ydennysrehu koirille. Ainesosat: Liha ja el\u00e4inper\u00e4iset tuotteet (kani) 98 %, sy\u00f6tteeseen lis\u00e4tty glyseriini 2 %. Analyyttiset ainesosat: Raakaproteiini 41,9 %, raakarasva 24,3 %, raakapitoisuus 19,07 %, raakakuitu 2,2 %, kosteus 8 %. Anna herkkuna leikin tai koulutuksen aikana, annos tarpeen mukaan. Varmista aina, ett\u00e4 koiralla on riitt\u00e4v\u00e4sti juomavett\u00e4. S\u00e4ilyt\u00e4 kuivassa ja viile\u00e4ss\u00e4 paikassa. Er\u00e4- ja parasta ennen -p\u00e4iv\u00e4m\u00e4\u00e4r\u00e4 on merkitty pakkaukseen. Miksi valita t\u00e4m\u00e4 herkku?\ud83d\udc07 1. Eritt\u00e4in korkea lihapitoisuusHerkku sis\u00e4lt\u00e4\u00e4 98 % kaninlihaa, tarjoten laadukasta el\u00e4inproteiinia, joka tukee:     lihasten kehityst\u00e4    energiaa ja elinvoimaa    koiralle sopivaa luonnollista ruokavaliota   \ud83c\udf3f 2. Yksinkertainen ja puhdas koostumusKoostumus on hyvin lyhyt \u2013 vain kaninlihaa ja pieni m\u00e4\u00e4r\u00e4 glyseriini\u00e4. T\u00e4m\u00e4 tarkoittaa:     v\u00e4hemm\u00e4n tarpeettomia lis\u00e4aineita    pienempi allergiariski    parempi sopivuus herkk\u00e4vatsaisille koirille   \ud83d\udcaa 3. Eritt\u00e4in korkea proteiinipitoisuusTuote sis\u00e4lt\u00e4\u00e4 41,9 % raakaa proteiinia, mik\u00e4:     auttaa yll\u00e4pit\u00e4m\u00e4\u00e4n lihasmassaa    tukee aktiivisten koirien energiantarvetta    sopii hyvin koulutusherkuksi   \ud83e\uddb7 4. Pureskelua edist\u00e4v\u00e4 rakenneSuikaleiden muoto vaatii koiraa pureskelemaan hieman, mik\u00e4:     tarjoaa koiralle tekemist\u00e4    auttaa mekaanisesti puhdistamaan hampaita    v\u00e4hent\u00e4\u00e4 tylsyytt\u00e4   \ud83d\udc15 5. T\u00e4ydellinen koulutukseenSuikaleet on helppo:     murtaa pienemmiksi paloiksi    k\u00e4ytt\u00e4\u00e4 palkintona leikin tai koulutuksen aikana   \ud83c\udf1f 6. Kaninliha on helposti sulavaaKaninliha on:     lempe\u00e4 ja helposti sulava proteiinin l\u00e4hde    usein sopiva my\u00f6s ruoka-aineallergisille tai herkk\u00e4vatsaisille koirille\" \/>\n<meta property=\"og:url\" content=\"https:\/\/miumjau.ee\/fi\/tuote\/ibero-natural-kanin-suikaleet-koirille-15-kpl\/\" \/>\n<meta property=\"og:site_name\" content=\"MiuMjau\" \/>\n<meta property=\"article:publisher\" content=\"https:\/\/www.facebook.com\/miumjaupood\/\" \/>\n<meta property=\"og:image\" content=\"https:\/\/miumjau.ee\/wp-content\/uploads\/2026\/03\/ibero-rabbit-stripes-15tk.jpg\" \/>\n\t<meta property=\"og:image:width\" content=\"600\" \/>\n\t<meta property=\"og:image:height\" content=\"800\" \/>\n\t<meta property=\"og:image:type\" content=\"image\/jpeg\" \/>\n<meta name=\"twitter:card\" content=\"summary_large_image\" \/>\n<script type=\"application\/ld+json\" class=\"yoast-schema-graph\">{\"@context\":\"https:\\\/\\\/schema.org\",\"@graph\":[{\"@type\":\"WebPage\",\"@id\":\"https:\\\/\\\/miumjau.ee\\\/fi\\\/tuote\\\/ibero-natural-kanin-suikaleet-koirille-15-kpl\\\/\",\"url\":\"https:\\\/\\\/miumjau.ee\\\/fi\\\/tuote\\\/ibero-natural-kanin-suikaleet-koirille-15-kpl\\\/\",\"name\":\"Ibero Natural kanin suikaleet koirille, 15 kpl - MiuMjau\",\"isPartOf\":{\"@id\":\"https:\\\/\\\/miumjau.ee\\\/#website\"},\"primaryImageOfPage\":{\"@id\":\"https:\\\/\\\/miumjau.ee\\\/fi\\\/tuote\\\/ibero-natural-kanin-suikaleet-koirille-15-kpl\\\/#primaryimage\"},\"image\":{\"@id\":\"https:\\\/\\\/miumjau.ee\\\/fi\\\/tuote\\\/ibero-natural-kanin-suikaleet-koirille-15-kpl\\\/#primaryimage\"},\"thumbnailUrl\":\"https:\\\/\\\/miumjau.ee\\\/wp-content\\\/uploads\\\/2026\\\/03\\\/ibero-rabbit-stripes-15tk.jpg\",\"datePublished\":\"2026-03-10T07:59:05+00:00\",\"breadcrumb\":{\"@id\":\"https:\\\/\\\/miumjau.ee\\\/fi\\\/tuote\\\/ibero-natural-kanin-suikaleet-koirille-15-kpl\\\/#breadcrumb\"},\"inLanguage\":\"fi\",\"potentialAction\":[{\"@type\":\"ReadAction\",\"target\":[\"https:\\\/\\\/miumjau.ee\\\/fi\\\/tuote\\\/ibero-natural-kanin-suikaleet-koirille-15-kpl\\\/\"]}]},{\"@type\":\"ImageObject\",\"inLanguage\":\"fi\",\"@id\":\"https:\\\/\\\/miumjau.ee\\\/fi\\\/tuote\\\/ibero-natural-kanin-suikaleet-koirille-15-kpl\\\/#primaryimage\",\"url\":\"https:\\\/\\\/miumjau.ee\\\/wp-content\\\/uploads\\\/2026\\\/03\\\/ibero-rabbit-stripes-15tk.jpg\",\"contentUrl\":\"https:\\\/\\\/miumjau.ee\\\/wp-content\\\/uploads\\\/2026\\\/03\\\/ibero-rabbit-stripes-15tk.jpg\",\"width\":600,\"height\":800,\"caption\":\"Ibero k\u00fc\u00fclikuribad koertele, 15tk\"},{\"@type\":\"BreadcrumbList\",\"@id\":\"https:\\\/\\\/miumjau.ee\\\/fi\\\/tuote\\\/ibero-natural-kanin-suikaleet-koirille-15-kpl\\\/#breadcrumb\",\"itemListElement\":[{\"@type\":\"ListItem\",\"position\":1,\"name\":\"Home\",\"item\":\"https:\\\/\\\/miumjau.ee\\\/fi\\\/\"},{\"@type\":\"ListItem\",\"position\":2,\"name\":\"Kauppa\",\"item\":\"https:\\\/\\\/miumjau.ee\\\/fi\\\/kauppa\\\/\"},{\"@type\":\"ListItem\",\"position\":3,\"name\":\"Ibero Natural kanin suikaleet koirille, 15 kpl\"}]},{\"@type\":\"WebSite\",\"@id\":\"https:\\\/\\\/miumjau.ee\\\/#website\",\"url\":\"https:\\\/\\\/miumjau.ee\\\/\",\"name\":\"MiuMjau\",\"description\":\"Kraapimispuud kassidele\",\"publisher\":{\"@id\":\"https:\\\/\\\/miumjau.ee\\\/#organization\"},\"potentialAction\":[{\"@type\":\"SearchAction\",\"target\":{\"@type\":\"EntryPoint\",\"urlTemplate\":\"https:\\\/\\\/miumjau.ee\\\/?s={search_term_string}\"},\"query-input\":{\"@type\":\"PropertyValueSpecification\",\"valueRequired\":true,\"valueName\":\"search_term_string\"}}],\"inLanguage\":\"fi\"},{\"@type\":\"Organization\",\"@id\":\"https:\\\/\\\/miumjau.ee\\\/#organization\",\"name\":\"MiuMjau O\u00dc\",\"url\":\"https:\\\/\\\/miumjau.ee\\\/\",\"logo\":{\"@type\":\"ImageObject\",\"inLanguage\":\"fi\",\"@id\":\"https:\\\/\\\/miumjau.ee\\\/#\\\/schema\\\/logo\\\/image\\\/\",\"url\":\"https:\\\/\\\/miumjau.ee\\\/wp-content\\\/uploads\\\/2022\\\/04\\\/MiuMjau-logo-kollane.png\",\"contentUrl\":\"https:\\\/\\\/miumjau.ee\\\/wp-content\\\/uploads\\\/2022\\\/04\\\/MiuMjau-logo-kollane.png\",\"width\":219,\"height\":100,\"caption\":\"MiuMjau O\u00dc\"},\"image\":{\"@id\":\"https:\\\/\\\/miumjau.ee\\\/#\\\/schema\\\/logo\\\/image\\\/\"},\"sameAs\":[\"https:\\\/\\\/www.facebook.com\\\/miumjaupood\\\/\"]}]}<\/script>\n<!-- \/ Yoast SEO plugin. -->","yoast_head_json":{"title":"Ibero Natural kanin suikaleet koirille, 15 kpl - MiuMjau","robots":{"index":"index","follow":"follow","max-snippet":"max-snippet:-1","max-image-preview":"max-image-preview:large","max-video-preview":"max-video-preview:-1"},"canonical":"https:\/\/miumjau.ee\/fi\/tuote\/ibero-natural-kanin-suikaleet-koirille-15-kpl\/","og_locale":"fi_FI","og_type":"article","og_title":"Ibero Natural kanin suikaleet koirille, 15 kpl - MiuMjau","og_description":"T\u00e4ydennysrehu koirille. Ainesosat: Liha ja el\u00e4inper\u00e4iset tuotteet (kani) 98 %, sy\u00f6tteeseen lis\u00e4tty glyseriini 2 %. Analyyttiset ainesosat: Raakaproteiini 41,9 %, raakarasva 24,3 %, raakapitoisuus 19,07 %, raakakuitu 2,2 %, kosteus 8 %. Anna herkkuna leikin tai koulutuksen aikana, annos tarpeen mukaan. Varmista aina, ett\u00e4 koiralla on riitt\u00e4v\u00e4sti juomavett\u00e4. S\u00e4ilyt\u00e4 kuivassa ja viile\u00e4ss\u00e4 paikassa. Er\u00e4- ja parasta ennen -p\u00e4iv\u00e4m\u00e4\u00e4r\u00e4 on merkitty pakkaukseen. Miksi valita t\u00e4m\u00e4 herkku?\ud83d\udc07 1. Eritt\u00e4in korkea lihapitoisuusHerkku sis\u00e4lt\u00e4\u00e4 98 % kaninlihaa, tarjoten laadukasta el\u00e4inproteiinia, joka tukee:     lihasten kehityst\u00e4    energiaa ja elinvoimaa    koiralle sopivaa luonnollista ruokavaliota   \ud83c\udf3f 2. Yksinkertainen ja puhdas koostumusKoostumus on hyvin lyhyt \u2013 vain kaninlihaa ja pieni m\u00e4\u00e4r\u00e4 glyseriini\u00e4. T\u00e4m\u00e4 tarkoittaa:     v\u00e4hemm\u00e4n tarpeettomia lis\u00e4aineita    pienempi allergiariski    parempi sopivuus herkk\u00e4vatsaisille koirille   \ud83d\udcaa 3. Eritt\u00e4in korkea proteiinipitoisuusTuote sis\u00e4lt\u00e4\u00e4 41,9 % raakaa proteiinia, mik\u00e4:     auttaa yll\u00e4pit\u00e4m\u00e4\u00e4n lihasmassaa    tukee aktiivisten koirien energiantarvetta    sopii hyvin koulutusherkuksi   \ud83e\uddb7 4. Pureskelua edist\u00e4v\u00e4 rakenneSuikaleiden muoto vaatii koiraa pureskelemaan hieman, mik\u00e4:     tarjoaa koiralle tekemist\u00e4    auttaa mekaanisesti puhdistamaan hampaita    v\u00e4hent\u00e4\u00e4 tylsyytt\u00e4   \ud83d\udc15 5. T\u00e4ydellinen koulutukseenSuikaleet on helppo:     murtaa pienemmiksi paloiksi    k\u00e4ytt\u00e4\u00e4 palkintona leikin tai koulutuksen aikana   \ud83c\udf1f 6. Kaninliha on helposti sulavaaKaninliha on:     lempe\u00e4 ja helposti sulava proteiinin l\u00e4hde    usein sopiva my\u00f6s ruoka-aineallergisille tai herkk\u00e4vatsaisille koirille","og_url":"https:\/\/miumjau.ee\/fi\/tuote\/ibero-natural-kanin-suikaleet-koirille-15-kpl\/","og_site_name":"MiuMjau","article_publisher":"https:\/\/www.facebook.com\/miumjaupood\/","og_image":[{"width":600,"height":800,"url":"https:\/\/miumjau.ee\/wp-content\/uploads\/2026\/03\/ibero-rabbit-stripes-15tk.jpg","type":"image\/jpeg"}],"twitter_card":"summary_large_image","schema":{"@context":"https:\/\/schema.org","@graph":[{"@type":"WebPage","@id":"https:\/\/miumjau.ee\/fi\/tuote\/ibero-natural-kanin-suikaleet-koirille-15-kpl\/","url":"https:\/\/miumjau.ee\/fi\/tuote\/ibero-natural-kanin-suikaleet-koirille-15-kpl\/","name":"Ibero Natural kanin suikaleet koirille, 15 kpl - MiuMjau","isPartOf":{"@id":"https:\/\/miumjau.ee\/#website"},"primaryImageOfPage":{"@id":"https:\/\/miumjau.ee\/fi\/tuote\/ibero-natural-kanin-suikaleet-koirille-15-kpl\/#primaryimage"},"image":{"@id":"https:\/\/miumjau.ee\/fi\/tuote\/ibero-natural-kanin-suikaleet-koirille-15-kpl\/#primaryimage"},"thumbnailUrl":"https:\/\/miumjau.ee\/wp-content\/uploads\/2026\/03\/ibero-rabbit-stripes-15tk.jpg","datePublished":"2026-03-10T07:59:05+00:00","breadcrumb":{"@id":"https:\/\/miumjau.ee\/fi\/tuote\/ibero-natural-kanin-suikaleet-koirille-15-kpl\/#breadcrumb"},"inLanguage":"fi","potentialAction":[{"@type":"ReadAction","target":["https:\/\/miumjau.ee\/fi\/tuote\/ibero-natural-kanin-suikaleet-koirille-15-kpl\/"]}]},{"@type":"ImageObject","inLanguage":"fi","@id":"https:\/\/miumjau.ee\/fi\/tuote\/ibero-natural-kanin-suikaleet-koirille-15-kpl\/#primaryimage","url":"https:\/\/miumjau.ee\/wp-content\/uploads\/2026\/03\/ibero-rabbit-stripes-15tk.jpg","contentUrl":"https:\/\/miumjau.ee\/wp-content\/uploads\/2026\/03\/ibero-rabbit-stripes-15tk.jpg","width":600,"height":800,"caption":"Ibero k\u00fc\u00fclikuribad koertele, 15tk"},{"@type":"BreadcrumbList","@id":"https:\/\/miumjau.ee\/fi\/tuote\/ibero-natural-kanin-suikaleet-koirille-15-kpl\/#breadcrumb","itemListElement":[{"@type":"ListItem","position":1,"name":"Home","item":"https:\/\/miumjau.ee\/fi\/"},{"@type":"ListItem","position":2,"name":"Kauppa","item":"https:\/\/miumjau.ee\/fi\/kauppa\/"},{"@type":"ListItem","position":3,"name":"Ibero Natural kanin suikaleet koirille, 15 kpl"}]},{"@type":"WebSite","@id":"https:\/\/miumjau.ee\/#website","url":"https:\/\/miumjau.ee\/","name":"MiuMjau","description":"Kraapimispuud kassidele","publisher":{"@id":"https:\/\/miumjau.ee\/#organization"},"potentialAction":[{"@type":"SearchAction","target":{"@type":"EntryPoint","urlTemplate":"https:\/\/miumjau.ee\/?s={search_term_string}"},"query-input":{"@type":"PropertyValueSpecification","valueRequired":true,"valueName":"search_term_string"}}],"inLanguage":"fi"},{"@type":"Organization","@id":"https:\/\/miumjau.ee\/#organization","name":"MiuMjau O\u00dc","url":"https:\/\/miumjau.ee\/","logo":{"@type":"ImageObject","inLanguage":"fi","@id":"https:\/\/miumjau.ee\/#\/schema\/logo\/image\/","url":"https:\/\/miumjau.ee\/wp-content\/uploads\/2022\/04\/MiuMjau-logo-kollane.png","contentUrl":"https:\/\/miumjau.ee\/wp-content\/uploads\/2022\/04\/MiuMjau-logo-kollane.png","width":219,"height":100,"caption":"MiuMjau O\u00dc"},"image":{"@id":"https:\/\/miumjau.ee\/#\/schema\/logo\/image\/"},"sameAs":["https:\/\/www.facebook.com\/miumjaupood\/"]}]}},"_links":{"self":[{"href":"https:\/\/miumjau.ee\/fi\/wp-json\/wp\/v2\/product\/55120","targetHints":{"allow":["GET"]}}],"collection":[{"href":"https:\/\/miumjau.ee\/fi\/wp-json\/wp\/v2\/product"}],"about":[{"href":"https:\/\/miumjau.ee\/fi\/wp-json\/wp\/v2\/types\/product"}],"wp:featuredmedia":[{"embeddable":true,"href":"https:\/\/miumjau.ee\/fi\/wp-json\/wp\/v2\/media\/54556"}],"wp:attachment":[{"href":"https:\/\/miumjau.ee\/fi\/wp-json\/wp\/v2\/media?parent=55120"}],"wp:term":[{"taxonomy":"product_brand","embeddable":true,"href":"https:\/\/miumjau.ee\/fi\/wp-json\/wp\/v2\/product_brand?post=55120"},{"taxonomy":"product_cat","embeddable":true,"href":"https:\/\/miumjau.ee\/fi\/wp-json\/wp\/v2\/product_cat?post=55120"},{"taxonomy":"product_tag","embeddable":true,"href":"https:\/\/miumjau.ee\/fi\/wp-json\/wp\/v2\/product_tag?post=55120"}],"curies":[{"name":"wp","href":"https:\/\/api.w.org\/{rel}","templated":true}]}}