{"id":55115,"date":"2026-03-10T10:50:47","date_gmt":"2026-03-10T08:50:47","guid":{"rendered":"https:\/\/miumjau.ee\/toode\/ibero-natural-kylmapuristettu-junior-m-l-lampaalla-2-kg\/"},"modified":"2026-03-10T10:50:47","modified_gmt":"2026-03-10T08:50:47","slug":"ibero-natural-kylmapuristettu-junior-m-l-lampaalla-2-kg","status":"publish","type":"product","link":"https:\/\/miumjau.ee\/fi\/tuote\/ibero-natural-kylmapuristettu-junior-m-l-lampaalla-2-kg\/","title":{"rendered":"Ibero Natural kylm\u00e4puristettu junior M\/L lampaalla, 2 kg"},"content":{"rendered":"","protected":false},"excerpt":{"rendered":"<p data-start=\"246\" data-end=\"505\">Kylm\u00e4puristettu t\u00e4ysravinto, joka sis\u00e4lt\u00e4\u00e4 kaikki keskikokoisten ja suurten rotujen nuorille koirille tarvittavat ravintoaineet. Valmistettu matalassa l\u00e4mp\u00f6tilassa luonnollisten ravintoaineiden s\u00e4ilytt\u00e4miseksi \u2013 ihanteellinen kasvuvaiheessa oleville koirille.<\/p>\n<p data-start=\"507\" data-end=\"664\">T\u00e4m\u00e4 ruoka on tarkoitettu keskikokoisten ja suurten rotujen pennuille ja nuorille koirille. Siin\u00e4 on huomioitu nuorten koirien erityistarpeet, mukaan lukien:<\/p>\n<p data-start=\"666\" data-end=\"1232\">S\u00e4\u00e4delty ja hyvin sulava proteiinipitoisuus, joka auttaa est\u00e4m\u00e4\u00e4n pitkien luiden liian nopeaa kasvua ja suojaa niveli\u00e4.<br data-start=\"785\" data-end=\"788\" \/>Glukosamiini ja kondroitiini \u2013 t\u00e4rke\u00e4 tuki nivelten kehitykselle.<br data-start=\"853\" data-end=\"856\" \/>Beetaglukaanit, jotka tukevat immuunij\u00e4rjestelm\u00e4\u00e4.<br data-start=\"906\" data-end=\"909\" \/>Tyydyttym\u00e4tt\u00f6m\u00e4t rasvahapot \u2013 nuoren elimist\u00f6n kehitykseen ja stressinsietokyvyn parantamiseen.<br data-start=\"1004\" data-end=\"1007\" \/>Biotiini ja sinkki \u2013 terveelle iholle ja turkille.<br data-start=\"1057\" data-end=\"1060\" \/>Eritt\u00e4in tiivistetty koostumus, joka varmistaa tarvittavan ravintoaineiden saannin pienemm\u00e4ll\u00e4 ruokam\u00e4\u00e4r\u00e4ll\u00e4, auttaen v\u00e4hent\u00e4m\u00e4\u00e4n mahalaukun kiertymisen riski\u00e4 pennuilla.<\/p>\n<p data-start=\"1234\" data-end=\"1590\"><strong data-start=\"1234\" data-end=\"1248\">Koostumus:<\/strong> Kuivattu lampaanliha (34%), kuivattu bataatti, kuivattu peruna, el\u00e4inrasva (nauta) (15%), riisijauho (8%), lampaanmaksa (5%), kaurahiutaleet (4%), kuivattu kurpitsa (2%), maissihiutaleet, kuivattu porkkana (1,2%), pellavansiemenet, sikuriuute, kuivatut yrtit, beetaglukaanit, glukosamiini, kondroitiinisulfaatti, vitamiini- ja mineraaliseos.<\/p>\n<p data-start=\"1592\" data-end=\"1755\"><strong data-start=\"1592\" data-end=\"1619\">Analyyttinen koostumus:<\/strong> Raakaproteiini 25%, raakarasva 14%, raakakuitu 3,4%, raakatuhka 6,8%, kalsium 1,3%, fosfori 0,95%, natrium 0,15%, kosteus enint\u00e4\u00e4n 10%.<\/p>\n<p data-start=\"1757\" data-end=\"2087\"><strong data-start=\"1757\" data-end=\"1779\">Lis\u00e4aineet (1 kg):<\/strong> A-vitamiini 17 331 IU, D3-vitamiini 1 733 IU, E-vitamiini 173 mg, B1-vitamiini 5,09 mg, B2-vitamiini 9 mg, B6-vitamiini 6,9 mg, B12-vitamiini 0,07 mg, C-vitamiini 173 mg, niasiini 43,1 mg, pantoteenihappo 17,8 mg. Teknologiset lis\u00e4aineet: luonnolliset antioksidantit (kasvi\u00f6ljyuute, runsaasti tokoferoleja).<\/p>\n<p data-start=\"2089\" data-end=\"2125\">Metaboloituva energia: 4 120 kcal\/kg<\/p>\n<p data-start=\"2127\" data-end=\"2213\"><strong data-start=\"2127\" data-end=\"2140\">S\u00e4ilytys:<\/strong> S\u00e4ilyt\u00e4 kuivassa, viile\u00e4ss\u00e4 paikassa, suojassa suoralta auringonvalolta.<\/p>\n<p data-start=\"2215\" data-end=\"2611\"><strong data-start=\"2215\" data-end=\"2232\">Ruokintaohje:<\/strong> Anna nappuloita koiran kunnon ja tarpeen mukaan. Varmista jatkuva p\u00e4\u00e4sy raikkaaseen juomaveteen. Kun vaihdat ekstrudoidusta (tavallisesti valmistetusta) ruoasta kylm\u00e4puristettuun ruokaan, tee se asteittain 7\u201310 p\u00e4iv\u00e4n aikana. Ruoat sulavat eri tavoin \u2013 kylm\u00e4puristettu ruoka ei turpoa vaan liukenee vatsassa, mik\u00e4 voi \u00e4killisen vaihdon yhteydess\u00e4 aiheuttaa ruoansulatusongelmia.<\/p>\n","protected":false},"featured_media":54606,"template":"","meta":[],"product_brand":[],"product_cat":[478],"product_tag":[],"class_list":{"0":"post-55115","1":"product","2":"type-product","3":"status-publish","4":"has-post-thumbnail","6":"product_cat-kuivaruoka-koirille","8":"first","9":"instock","10":"sale","11":"taxable","12":"shipping-taxable","13":"purchasable","14":"product-type-simple"},"yoast_head":"<!-- This site is optimized with the Yoast SEO plugin v27.4 - https:\/\/yoast.com\/product\/yoast-seo-wordpress\/ -->\n<title>Ibero Natural kylm\u00e4puristettu junior M\/L lampaalla, 2 kg - MiuMjau<\/title>\n<meta name=\"robots\" content=\"index, follow, max-snippet:-1, max-image-preview:large, max-video-preview:-1\" \/>\n<link rel=\"canonical\" href=\"https:\/\/miumjau.ee\/fi\/tuote\/ibero-natural-kylmapuristettu-junior-m-l-lampaalla-2-kg\/\" \/>\n<meta property=\"og:locale\" content=\"fi_FI\" \/>\n<meta property=\"og:type\" content=\"article\" \/>\n<meta property=\"og:title\" content=\"Ibero Natural kylm\u00e4puristettu junior M\/L lampaalla, 2 kg - MiuMjau\" \/>\n<meta property=\"og:description\" content=\"Kylm\u00e4puristettu t\u00e4ysravinto, joka sis\u00e4lt\u00e4\u00e4 kaikki keskikokoisten ja suurten rotujen nuorille koirille tarvittavat ravintoaineet. Valmistettu matalassa l\u00e4mp\u00f6tilassa luonnollisten ravintoaineiden s\u00e4ilytt\u00e4miseksi \u2013 ihanteellinen kasvuvaiheessa oleville koirille. T\u00e4m\u00e4 ruoka on tarkoitettu keskikokoisten ja suurten rotujen pennuille ja nuorille koirille. Siin\u00e4 on huomioitu nuorten koirien erityistarpeet, mukaan lukien: S\u00e4\u00e4delty ja hyvin sulava proteiinipitoisuus, joka auttaa est\u00e4m\u00e4\u00e4n pitkien luiden liian nopeaa kasvua ja suojaa niveli\u00e4.Glukosamiini ja kondroitiini \u2013 t\u00e4rke\u00e4 tuki nivelten kehitykselle.Beetaglukaanit, jotka tukevat immuunij\u00e4rjestelm\u00e4\u00e4.Tyydyttym\u00e4tt\u00f6m\u00e4t rasvahapot \u2013 nuoren elimist\u00f6n kehitykseen ja stressinsietokyvyn parantamiseen.Biotiini ja sinkki \u2013 terveelle iholle ja turkille.Eritt\u00e4in tiivistetty koostumus, joka varmistaa tarvittavan ravintoaineiden saannin pienemm\u00e4ll\u00e4 ruokam\u00e4\u00e4r\u00e4ll\u00e4, auttaen v\u00e4hent\u00e4m\u00e4\u00e4n mahalaukun kiertymisen riski\u00e4 pennuilla. Koostumus: Kuivattu lampaanliha (34%), kuivattu bataatti, kuivattu peruna, el\u00e4inrasva (nauta) (15%), riisijauho (8%), lampaanmaksa (5%), kaurahiutaleet (4%), kuivattu kurpitsa (2%), maissihiutaleet, kuivattu porkkana (1,2%), pellavansiemenet, sikuriuute, kuivatut yrtit, beetaglukaanit, glukosamiini, kondroitiinisulfaatti, vitamiini- ja mineraaliseos. Analyyttinen koostumus: Raakaproteiini 25%, raakarasva 14%, raakakuitu 3,4%, raakatuhka 6,8%, kalsium 1,3%, fosfori 0,95%, natrium 0,15%, kosteus enint\u00e4\u00e4n 10%. Lis\u00e4aineet (1 kg): A-vitamiini 17 331 IU, D3-vitamiini 1 733 IU, E-vitamiini 173 mg, B1-vitamiini 5,09 mg, B2-vitamiini 9 mg, B6-vitamiini 6,9 mg, B12-vitamiini 0,07 mg, C-vitamiini 173 mg, niasiini 43,1 mg, pantoteenihappo 17,8 mg. Teknologiset lis\u00e4aineet: luonnolliset antioksidantit (kasvi\u00f6ljyuute, runsaasti tokoferoleja). Metaboloituva energia: 4 120 kcal\/kg S\u00e4ilytys: S\u00e4ilyt\u00e4 kuivassa, viile\u00e4ss\u00e4 paikassa, suojassa suoralta auringonvalolta. Ruokintaohje: Anna nappuloita koiran kunnon ja tarpeen mukaan. Varmista jatkuva p\u00e4\u00e4sy raikkaaseen juomaveteen. Kun vaihdat ekstrudoidusta (tavallisesti valmistetusta) ruoasta kylm\u00e4puristettuun ruokaan, tee se asteittain 7\u201310 p\u00e4iv\u00e4n aikana. Ruoat sulavat eri tavoin \u2013 kylm\u00e4puristettu ruoka ei turpoa vaan liukenee vatsassa, mik\u00e4 voi \u00e4killisen vaihdon yhteydess\u00e4 aiheuttaa ruoansulatusongelmia.\" \/>\n<meta property=\"og:url\" content=\"https:\/\/miumjau.ee\/fi\/tuote\/ibero-natural-kylmapuristettu-junior-m-l-lampaalla-2-kg\/\" \/>\n<meta property=\"og:site_name\" content=\"MiuMjau\" \/>\n<meta property=\"article:publisher\" content=\"https:\/\/www.facebook.com\/miumjaupood\/\" \/>\n<meta property=\"og:image\" content=\"https:\/\/miumjau.ee\/wp-content\/uploads\/2026\/03\/ibero-koertele-kulmpress-ml-junior-lamb-2kg.jpg\" \/>\n\t<meta property=\"og:image:width\" content=\"600\" \/>\n\t<meta property=\"og:image:height\" content=\"800\" \/>\n\t<meta property=\"og:image:type\" content=\"image\/jpeg\" \/>\n<meta name=\"twitter:card\" content=\"summary_large_image\" \/>\n<script type=\"application\/ld+json\" class=\"yoast-schema-graph\">{\"@context\":\"https:\\\/\\\/schema.org\",\"@graph\":[{\"@type\":\"WebPage\",\"@id\":\"https:\\\/\\\/miumjau.ee\\\/fi\\\/tuote\\\/ibero-natural-kylmapuristettu-junior-m-l-lampaalla-2-kg\\\/\",\"url\":\"https:\\\/\\\/miumjau.ee\\\/fi\\\/tuote\\\/ibero-natural-kylmapuristettu-junior-m-l-lampaalla-2-kg\\\/\",\"name\":\"Ibero Natural kylm\u00e4puristettu junior M\\\/L lampaalla, 2 kg - MiuMjau\",\"isPartOf\":{\"@id\":\"https:\\\/\\\/miumjau.ee\\\/#website\"},\"primaryImageOfPage\":{\"@id\":\"https:\\\/\\\/miumjau.ee\\\/fi\\\/tuote\\\/ibero-natural-kylmapuristettu-junior-m-l-lampaalla-2-kg\\\/#primaryimage\"},\"image\":{\"@id\":\"https:\\\/\\\/miumjau.ee\\\/fi\\\/tuote\\\/ibero-natural-kylmapuristettu-junior-m-l-lampaalla-2-kg\\\/#primaryimage\"},\"thumbnailUrl\":\"https:\\\/\\\/miumjau.ee\\\/wp-content\\\/uploads\\\/2026\\\/03\\\/ibero-koertele-kulmpress-ml-junior-lamb-2kg.jpg\",\"datePublished\":\"2026-03-10T08:50:47+00:00\",\"breadcrumb\":{\"@id\":\"https:\\\/\\\/miumjau.ee\\\/fi\\\/tuote\\\/ibero-natural-kylmapuristettu-junior-m-l-lampaalla-2-kg\\\/#breadcrumb\"},\"inLanguage\":\"fi\",\"potentialAction\":[{\"@type\":\"ReadAction\",\"target\":[\"https:\\\/\\\/miumjau.ee\\\/fi\\\/tuote\\\/ibero-natural-kylmapuristettu-junior-m-l-lampaalla-2-kg\\\/\"]}]},{\"@type\":\"ImageObject\",\"inLanguage\":\"fi\",\"@id\":\"https:\\\/\\\/miumjau.ee\\\/fi\\\/tuote\\\/ibero-natural-kylmapuristettu-junior-m-l-lampaalla-2-kg\\\/#primaryimage\",\"url\":\"https:\\\/\\\/miumjau.ee\\\/wp-content\\\/uploads\\\/2026\\\/03\\\/ibero-koertele-kulmpress-ml-junior-lamb-2kg.jpg\",\"contentUrl\":\"https:\\\/\\\/miumjau.ee\\\/wp-content\\\/uploads\\\/2026\\\/03\\\/ibero-koertele-kulmpress-ml-junior-lamb-2kg.jpg\",\"width\":600,\"height\":800,\"caption\":\"Ibero Natural k\u00fclmpress juunior M\\\/L lambaga, 2kg\"},{\"@type\":\"BreadcrumbList\",\"@id\":\"https:\\\/\\\/miumjau.ee\\\/fi\\\/tuote\\\/ibero-natural-kylmapuristettu-junior-m-l-lampaalla-2-kg\\\/#breadcrumb\",\"itemListElement\":[{\"@type\":\"ListItem\",\"position\":1,\"name\":\"Home\",\"item\":\"https:\\\/\\\/miumjau.ee\\\/fi\\\/\"},{\"@type\":\"ListItem\",\"position\":2,\"name\":\"Kauppa\",\"item\":\"https:\\\/\\\/miumjau.ee\\\/fi\\\/kauppa\\\/\"},{\"@type\":\"ListItem\",\"position\":3,\"name\":\"Ibero Natural kylm\u00e4puristettu junior M\\\/L lampaalla, 2 kg\"}]},{\"@type\":\"WebSite\",\"@id\":\"https:\\\/\\\/miumjau.ee\\\/#website\",\"url\":\"https:\\\/\\\/miumjau.ee\\\/\",\"name\":\"MiuMjau\",\"description\":\"Kraapimispuud kassidele\",\"publisher\":{\"@id\":\"https:\\\/\\\/miumjau.ee\\\/#organization\"},\"potentialAction\":[{\"@type\":\"SearchAction\",\"target\":{\"@type\":\"EntryPoint\",\"urlTemplate\":\"https:\\\/\\\/miumjau.ee\\\/?s={search_term_string}\"},\"query-input\":{\"@type\":\"PropertyValueSpecification\",\"valueRequired\":true,\"valueName\":\"search_term_string\"}}],\"inLanguage\":\"fi\"},{\"@type\":\"Organization\",\"@id\":\"https:\\\/\\\/miumjau.ee\\\/#organization\",\"name\":\"MiuMjau O\u00dc\",\"url\":\"https:\\\/\\\/miumjau.ee\\\/\",\"logo\":{\"@type\":\"ImageObject\",\"inLanguage\":\"fi\",\"@id\":\"https:\\\/\\\/miumjau.ee\\\/#\\\/schema\\\/logo\\\/image\\\/\",\"url\":\"https:\\\/\\\/miumjau.ee\\\/wp-content\\\/uploads\\\/2022\\\/04\\\/MiuMjau-logo-kollane.png\",\"contentUrl\":\"https:\\\/\\\/miumjau.ee\\\/wp-content\\\/uploads\\\/2022\\\/04\\\/MiuMjau-logo-kollane.png\",\"width\":219,\"height\":100,\"caption\":\"MiuMjau O\u00dc\"},\"image\":{\"@id\":\"https:\\\/\\\/miumjau.ee\\\/#\\\/schema\\\/logo\\\/image\\\/\"},\"sameAs\":[\"https:\\\/\\\/www.facebook.com\\\/miumjaupood\\\/\"]}]}<\/script>\n<!-- \/ Yoast SEO plugin. -->","yoast_head_json":{"title":"Ibero Natural kylm\u00e4puristettu junior M\/L lampaalla, 2 kg - MiuMjau","robots":{"index":"index","follow":"follow","max-snippet":"max-snippet:-1","max-image-preview":"max-image-preview:large","max-video-preview":"max-video-preview:-1"},"canonical":"https:\/\/miumjau.ee\/fi\/tuote\/ibero-natural-kylmapuristettu-junior-m-l-lampaalla-2-kg\/","og_locale":"fi_FI","og_type":"article","og_title":"Ibero Natural kylm\u00e4puristettu junior M\/L lampaalla, 2 kg - MiuMjau","og_description":"Kylm\u00e4puristettu t\u00e4ysravinto, joka sis\u00e4lt\u00e4\u00e4 kaikki keskikokoisten ja suurten rotujen nuorille koirille tarvittavat ravintoaineet. Valmistettu matalassa l\u00e4mp\u00f6tilassa luonnollisten ravintoaineiden s\u00e4ilytt\u00e4miseksi \u2013 ihanteellinen kasvuvaiheessa oleville koirille. T\u00e4m\u00e4 ruoka on tarkoitettu keskikokoisten ja suurten rotujen pennuille ja nuorille koirille. Siin\u00e4 on huomioitu nuorten koirien erityistarpeet, mukaan lukien: S\u00e4\u00e4delty ja hyvin sulava proteiinipitoisuus, joka auttaa est\u00e4m\u00e4\u00e4n pitkien luiden liian nopeaa kasvua ja suojaa niveli\u00e4.Glukosamiini ja kondroitiini \u2013 t\u00e4rke\u00e4 tuki nivelten kehitykselle.Beetaglukaanit, jotka tukevat immuunij\u00e4rjestelm\u00e4\u00e4.Tyydyttym\u00e4tt\u00f6m\u00e4t rasvahapot \u2013 nuoren elimist\u00f6n kehitykseen ja stressinsietokyvyn parantamiseen.Biotiini ja sinkki \u2013 terveelle iholle ja turkille.Eritt\u00e4in tiivistetty koostumus, joka varmistaa tarvittavan ravintoaineiden saannin pienemm\u00e4ll\u00e4 ruokam\u00e4\u00e4r\u00e4ll\u00e4, auttaen v\u00e4hent\u00e4m\u00e4\u00e4n mahalaukun kiertymisen riski\u00e4 pennuilla. Koostumus: Kuivattu lampaanliha (34%), kuivattu bataatti, kuivattu peruna, el\u00e4inrasva (nauta) (15%), riisijauho (8%), lampaanmaksa (5%), kaurahiutaleet (4%), kuivattu kurpitsa (2%), maissihiutaleet, kuivattu porkkana (1,2%), pellavansiemenet, sikuriuute, kuivatut yrtit, beetaglukaanit, glukosamiini, kondroitiinisulfaatti, vitamiini- ja mineraaliseos. Analyyttinen koostumus: Raakaproteiini 25%, raakarasva 14%, raakakuitu 3,4%, raakatuhka 6,8%, kalsium 1,3%, fosfori 0,95%, natrium 0,15%, kosteus enint\u00e4\u00e4n 10%. Lis\u00e4aineet (1 kg): A-vitamiini 17 331 IU, D3-vitamiini 1 733 IU, E-vitamiini 173 mg, B1-vitamiini 5,09 mg, B2-vitamiini 9 mg, B6-vitamiini 6,9 mg, B12-vitamiini 0,07 mg, C-vitamiini 173 mg, niasiini 43,1 mg, pantoteenihappo 17,8 mg. Teknologiset lis\u00e4aineet: luonnolliset antioksidantit (kasvi\u00f6ljyuute, runsaasti tokoferoleja). Metaboloituva energia: 4 120 kcal\/kg S\u00e4ilytys: S\u00e4ilyt\u00e4 kuivassa, viile\u00e4ss\u00e4 paikassa, suojassa suoralta auringonvalolta. Ruokintaohje: Anna nappuloita koiran kunnon ja tarpeen mukaan. Varmista jatkuva p\u00e4\u00e4sy raikkaaseen juomaveteen. Kun vaihdat ekstrudoidusta (tavallisesti valmistetusta) ruoasta kylm\u00e4puristettuun ruokaan, tee se asteittain 7\u201310 p\u00e4iv\u00e4n aikana. Ruoat sulavat eri tavoin \u2013 kylm\u00e4puristettu ruoka ei turpoa vaan liukenee vatsassa, mik\u00e4 voi \u00e4killisen vaihdon yhteydess\u00e4 aiheuttaa ruoansulatusongelmia.","og_url":"https:\/\/miumjau.ee\/fi\/tuote\/ibero-natural-kylmapuristettu-junior-m-l-lampaalla-2-kg\/","og_site_name":"MiuMjau","article_publisher":"https:\/\/www.facebook.com\/miumjaupood\/","og_image":[{"width":600,"height":800,"url":"https:\/\/miumjau.ee\/wp-content\/uploads\/2026\/03\/ibero-koertele-kulmpress-ml-junior-lamb-2kg.jpg","type":"image\/jpeg"}],"twitter_card":"summary_large_image","schema":{"@context":"https:\/\/schema.org","@graph":[{"@type":"WebPage","@id":"https:\/\/miumjau.ee\/fi\/tuote\/ibero-natural-kylmapuristettu-junior-m-l-lampaalla-2-kg\/","url":"https:\/\/miumjau.ee\/fi\/tuote\/ibero-natural-kylmapuristettu-junior-m-l-lampaalla-2-kg\/","name":"Ibero Natural kylm\u00e4puristettu junior M\/L lampaalla, 2 kg - MiuMjau","isPartOf":{"@id":"https:\/\/miumjau.ee\/#website"},"primaryImageOfPage":{"@id":"https:\/\/miumjau.ee\/fi\/tuote\/ibero-natural-kylmapuristettu-junior-m-l-lampaalla-2-kg\/#primaryimage"},"image":{"@id":"https:\/\/miumjau.ee\/fi\/tuote\/ibero-natural-kylmapuristettu-junior-m-l-lampaalla-2-kg\/#primaryimage"},"thumbnailUrl":"https:\/\/miumjau.ee\/wp-content\/uploads\/2026\/03\/ibero-koertele-kulmpress-ml-junior-lamb-2kg.jpg","datePublished":"2026-03-10T08:50:47+00:00","breadcrumb":{"@id":"https:\/\/miumjau.ee\/fi\/tuote\/ibero-natural-kylmapuristettu-junior-m-l-lampaalla-2-kg\/#breadcrumb"},"inLanguage":"fi","potentialAction":[{"@type":"ReadAction","target":["https:\/\/miumjau.ee\/fi\/tuote\/ibero-natural-kylmapuristettu-junior-m-l-lampaalla-2-kg\/"]}]},{"@type":"ImageObject","inLanguage":"fi","@id":"https:\/\/miumjau.ee\/fi\/tuote\/ibero-natural-kylmapuristettu-junior-m-l-lampaalla-2-kg\/#primaryimage","url":"https:\/\/miumjau.ee\/wp-content\/uploads\/2026\/03\/ibero-koertele-kulmpress-ml-junior-lamb-2kg.jpg","contentUrl":"https:\/\/miumjau.ee\/wp-content\/uploads\/2026\/03\/ibero-koertele-kulmpress-ml-junior-lamb-2kg.jpg","width":600,"height":800,"caption":"Ibero Natural k\u00fclmpress juunior M\/L lambaga, 2kg"},{"@type":"BreadcrumbList","@id":"https:\/\/miumjau.ee\/fi\/tuote\/ibero-natural-kylmapuristettu-junior-m-l-lampaalla-2-kg\/#breadcrumb","itemListElement":[{"@type":"ListItem","position":1,"name":"Home","item":"https:\/\/miumjau.ee\/fi\/"},{"@type":"ListItem","position":2,"name":"Kauppa","item":"https:\/\/miumjau.ee\/fi\/kauppa\/"},{"@type":"ListItem","position":3,"name":"Ibero Natural kylm\u00e4puristettu junior M\/L lampaalla, 2 kg"}]},{"@type":"WebSite","@id":"https:\/\/miumjau.ee\/#website","url":"https:\/\/miumjau.ee\/","name":"MiuMjau","description":"Kraapimispuud kassidele","publisher":{"@id":"https:\/\/miumjau.ee\/#organization"},"potentialAction":[{"@type":"SearchAction","target":{"@type":"EntryPoint","urlTemplate":"https:\/\/miumjau.ee\/?s={search_term_string}"},"query-input":{"@type":"PropertyValueSpecification","valueRequired":true,"valueName":"search_term_string"}}],"inLanguage":"fi"},{"@type":"Organization","@id":"https:\/\/miumjau.ee\/#organization","name":"MiuMjau O\u00dc","url":"https:\/\/miumjau.ee\/","logo":{"@type":"ImageObject","inLanguage":"fi","@id":"https:\/\/miumjau.ee\/#\/schema\/logo\/image\/","url":"https:\/\/miumjau.ee\/wp-content\/uploads\/2022\/04\/MiuMjau-logo-kollane.png","contentUrl":"https:\/\/miumjau.ee\/wp-content\/uploads\/2022\/04\/MiuMjau-logo-kollane.png","width":219,"height":100,"caption":"MiuMjau O\u00dc"},"image":{"@id":"https:\/\/miumjau.ee\/#\/schema\/logo\/image\/"},"sameAs":["https:\/\/www.facebook.com\/miumjaupood\/"]}]}},"_links":{"self":[{"href":"https:\/\/miumjau.ee\/fi\/wp-json\/wp\/v2\/product\/55115","targetHints":{"allow":["GET"]}}],"collection":[{"href":"https:\/\/miumjau.ee\/fi\/wp-json\/wp\/v2\/product"}],"about":[{"href":"https:\/\/miumjau.ee\/fi\/wp-json\/wp\/v2\/types\/product"}],"wp:featuredmedia":[{"embeddable":true,"href":"https:\/\/miumjau.ee\/fi\/wp-json\/wp\/v2\/media\/54606"}],"wp:attachment":[{"href":"https:\/\/miumjau.ee\/fi\/wp-json\/wp\/v2\/media?parent=55115"}],"wp:term":[{"taxonomy":"product_brand","embeddable":true,"href":"https:\/\/miumjau.ee\/fi\/wp-json\/wp\/v2\/product_brand?post=55115"},{"taxonomy":"product_cat","embeddable":true,"href":"https:\/\/miumjau.ee\/fi\/wp-json\/wp\/v2\/product_cat?post=55115"},{"taxonomy":"product_tag","embeddable":true,"href":"https:\/\/miumjau.ee\/fi\/wp-json\/wp\/v2\/product_tag?post=55115"}],"curies":[{"name":"wp","href":"https:\/\/api.w.org\/{rel}","templated":true}]}}