{"id":55110,"date":"2026-03-10T10:51:44","date_gmt":"2026-03-10T08:51:44","guid":{"rendered":"https:\/\/miumjau.ee\/toode\/ibero-natural-kylmapuristettu-junior-s-lampaalla-2-kg\/"},"modified":"2026-03-10T10:51:44","modified_gmt":"2026-03-10T08:51:44","slug":"ibero-natural-kylmapuristettu-junior-s-lampaalla-2-kg","status":"publish","type":"product","link":"https:\/\/miumjau.ee\/fi\/tuote\/ibero-natural-kylmapuristettu-junior-s-lampaalla-2-kg\/","title":{"rendered":"Ibero Natural kylm\u00e4puristettu junior S lampaalla, 2 kg"},"content":{"rendered":"","protected":false},"excerpt":{"rendered":"<p data-start=\"225\" data-end=\"338\">T\u00e4ysravinto kylm\u00e4puristettu koiranruoka, joka sis\u00e4lt\u00e4\u00e4 kaikki tarvittavat ravintoaineet pienille JUNIOR-roduille.<\/p>\n<p data-start=\"340\" data-end=\"405\">Yhdist\u00e4\u00e4 kylm\u00e4puristetun ruoan edut ja uudet maut Ibero-sarjassa.<\/p>\n<p data-start=\"407\" data-end=\"516\">Ibero-sarja s\u00e4ilytt\u00e4\u00e4 t\u00e4rkeimm\u00e4t etunsa \u2013 runsaasti kuivattua lihaa, liha on per\u00e4isin paikallisilta tiloilta.<\/p>\n<p data-start=\"518\" data-end=\"596\"><strong data-start=\"518\" data-end=\"540\">100 % LUONNOLLINEN<\/strong> \u2013 kuten koko Ibero-sarja \u2013 ilman kemikaaleja ja GMO:ta.<\/p>\n<p data-start=\"598\" data-end=\"783\">Kylm\u00e4puristettua ruokaa tarvitaan v\u00e4hemm\u00e4n \u2013 se on ravintorikkaampaa, mik\u00e4 tarkoittaa, ett\u00e4 vaikka hinta olisi korkeampi, se voi lopulta olla edullisempaa, koska pussi kest\u00e4\u00e4 pidemp\u00e4\u00e4n.<\/p>\n<p data-start=\"785\" data-end=\"817\"><strong data-start=\"785\" data-end=\"817\">Kylm\u00e4puristettu ruoka sopii:<\/strong><\/p>\n<p data-start=\"819\" data-end=\"1325\">Stressaantuneille koirille \u2013 tiivistetty ruoka, korkeampi ravintoarvo<br data-start=\"888\" data-end=\"891\" \/>Tiineille nartuille \u2013 ravinteikas ruokavalio emolle ja pennuille, auttaa v\u00e4hent\u00e4m\u00e4\u00e4n vatsan rasitusta siki\u00f6n kasvaessa<br data-start=\"1009\" data-end=\"1012\" \/>Kasvattajille ja heid\u00e4n kumppaneilleen, jotka suosivat erilaista k\u00e4sittelytekniikkaa \u2013 luonnollisempi ruokavalio turvallisella valmistusprosessilla el\u00e4inl\u00e4\u00e4k\u00e4rin valvonnassa ilman erikoisruokintaosaamista \u2013 kaikki reseptit sis\u00e4lt\u00e4v\u00e4t oikeassa suhteessa ravintoaineet pennuille ja aikuisille koirille koon mukaan<\/p>\n<p data-start=\"1327\" data-end=\"1338\"><strong data-start=\"1327\" data-end=\"1338\">Ohjeet:<\/strong><\/p>\n<p data-start=\"1340\" data-end=\"1420\">Siirr\u00e4 koira v\u00e4hitellen t\u00e4h\u00e4n kuivaruokaan.<br data-start=\"1383\" data-end=\"1386\" \/>Pid\u00e4 aina tarjolla raikasta vett\u00e4.<\/p>\n<p data-start=\"1422\" data-end=\"1770\"><strong data-start=\"1422\" data-end=\"1436\">KOOSTUMUS:<\/strong> Kuivattu lampaanliha (34 %), kuivattu bataatti, kuivattu peruna, naudanrasva (15 %), riisijauho (8 %), lampaanmaksa (5 %), kaurahiutaleet (4 %), kuivattu kurpitsa (2 %), kuivattu lampaanmaksa (2 %), maissihiutaleet, kuivattu porkkana (1,2 %), pellavansiemenet, sikuriuute, kuivatut yrtit, beetaglukaanit, vitamiini- ja mineraaliseos.<\/p>\n<p data-start=\"1772\" data-end=\"1943\"><strong data-start=\"1772\" data-end=\"1799\">ANALYYTTISET AINESOSAT:<\/strong> Raakaproteiini 26 %, raakarasva 14 %, raakakuitu 3,4 %, raakatuhka 6,8 %, kalsium 1,3 %, fosfori 0,95 %, natrium 0,15 %, kosteus enint\u00e4\u00e4n 10 %.<\/p>\n<p data-start=\"1945\" data-end=\"2352\"><strong data-start=\"1945\" data-end=\"1967\">Lis\u00e4aineet (1 kg):<\/strong><br data-start=\"1967\" data-end=\"1970\" \/>Vitamiinit: A 16988 IU, D3 1698 IU, E 170 mg, B1 4,98 mg, B2 8,83 mg, B6 6,78 mg, B12 0,07 mg, C 118 mg, niasiini 42,25 mg, pantoteenihappo 17,47 mg, foolihappo 0,68 mg, biotiini 0,42 mg.<br data-start=\"2157\" data-end=\"2160\" \/>Mineraalit: jodi 4,07 mg, seleeni 0,37 mg, rauta 99 mg, kupari 11,88 mg, sinkki 125,7 mg, mangaani 11,88 mg, koliinikloridi 1835 mg.<br data-start=\"2292\" data-end=\"2295\" \/>Antioksidantit: kasvi\u00f6ljyuutteet, runsaasti tokoferoleja.<\/p>\n<p data-start=\"2354\" data-end=\"2389\">Metaboloituva energia: 3860 kcal\/kg<\/p>\n<p data-start=\"2391\" data-end=\"2469\"><strong data-start=\"2391\" data-end=\"2469\">Suositeltu p\u00e4ivitt\u00e4inen annos JUNIOR-pennuille i\u00e4n ja aikuispainon mukaan:<\/strong><\/p>\n<p data-start=\"2471\" data-end=\"2745\">Ik\u00e4 \/ Aikuispaino | 1 kg | 2 kg | 3 kg | 5 kg | 7 kg | 10 kg<br data-start=\"2531\" data-end=\"2534\" \/>2\u20133 kk | 30 g | 35 g | 50 g | 60 g | 75 g | 100 g<br data-start=\"2583\" data-end=\"2586\" \/>3\u20134 kk | 45 g | 50 g | 65 g | 75 g | 90 g | 130 g<br data-start=\"2635\" data-end=\"2638\" \/>4\u20136 kk | 55 g | 60 g | 75 g | 90 g | 120 g | 150 g<br data-start=\"2688\" data-end=\"2691\" \/>6\u201312 kk | 60 g | 65 g | 80 g | 120 g | 140 g | 180 g<\/p>\n","protected":false},"featured_media":54618,"template":"","meta":[],"product_brand":[],"product_cat":[478],"product_tag":[],"class_list":{"0":"post-55110","1":"product","2":"type-product","3":"status-publish","4":"has-post-thumbnail","6":"product_cat-kuivaruoka-koirille","8":"first","9":"instock","10":"sale","11":"taxable","12":"shipping-taxable","13":"purchasable","14":"product-type-simple"},"yoast_head":"<!-- This site is optimized with the Yoast SEO plugin v27.4 - https:\/\/yoast.com\/product\/yoast-seo-wordpress\/ -->\n<title>Ibero Natural kylm\u00e4puristettu junior S lampaalla, 2 kg - MiuMjau<\/title>\n<meta name=\"robots\" content=\"index, follow, max-snippet:-1, max-image-preview:large, max-video-preview:-1\" \/>\n<link rel=\"canonical\" href=\"https:\/\/miumjau.ee\/fi\/tuote\/ibero-natural-kylmapuristettu-junior-s-lampaalla-2-kg\/\" \/>\n<meta property=\"og:locale\" content=\"fi_FI\" \/>\n<meta property=\"og:type\" content=\"article\" \/>\n<meta property=\"og:title\" content=\"Ibero Natural kylm\u00e4puristettu junior S lampaalla, 2 kg - MiuMjau\" \/>\n<meta property=\"og:description\" content=\"T\u00e4ysravinto kylm\u00e4puristettu koiranruoka, joka sis\u00e4lt\u00e4\u00e4 kaikki tarvittavat ravintoaineet pienille JUNIOR-roduille. Yhdist\u00e4\u00e4 kylm\u00e4puristetun ruoan edut ja uudet maut Ibero-sarjassa. Ibero-sarja s\u00e4ilytt\u00e4\u00e4 t\u00e4rkeimm\u00e4t etunsa \u2013 runsaasti kuivattua lihaa, liha on per\u00e4isin paikallisilta tiloilta. 100 % LUONNOLLINEN \u2013 kuten koko Ibero-sarja \u2013 ilman kemikaaleja ja GMO:ta. Kylm\u00e4puristettua ruokaa tarvitaan v\u00e4hemm\u00e4n \u2013 se on ravintorikkaampaa, mik\u00e4 tarkoittaa, ett\u00e4 vaikka hinta olisi korkeampi, se voi lopulta olla edullisempaa, koska pussi kest\u00e4\u00e4 pidemp\u00e4\u00e4n. Kylm\u00e4puristettu ruoka sopii: Stressaantuneille koirille \u2013 tiivistetty ruoka, korkeampi ravintoarvoTiineille nartuille \u2013 ravinteikas ruokavalio emolle ja pennuille, auttaa v\u00e4hent\u00e4m\u00e4\u00e4n vatsan rasitusta siki\u00f6n kasvaessaKasvattajille ja heid\u00e4n kumppaneilleen, jotka suosivat erilaista k\u00e4sittelytekniikkaa \u2013 luonnollisempi ruokavalio turvallisella valmistusprosessilla el\u00e4inl\u00e4\u00e4k\u00e4rin valvonnassa ilman erikoisruokintaosaamista \u2013 kaikki reseptit sis\u00e4lt\u00e4v\u00e4t oikeassa suhteessa ravintoaineet pennuille ja aikuisille koirille koon mukaan Ohjeet: Siirr\u00e4 koira v\u00e4hitellen t\u00e4h\u00e4n kuivaruokaan.Pid\u00e4 aina tarjolla raikasta vett\u00e4. KOOSTUMUS: Kuivattu lampaanliha (34 %), kuivattu bataatti, kuivattu peruna, naudanrasva (15 %), riisijauho (8 %), lampaanmaksa (5 %), kaurahiutaleet (4 %), kuivattu kurpitsa (2 %), kuivattu lampaanmaksa (2 %), maissihiutaleet, kuivattu porkkana (1,2 %), pellavansiemenet, sikuriuute, kuivatut yrtit, beetaglukaanit, vitamiini- ja mineraaliseos. ANALYYTTISET AINESOSAT: Raakaproteiini 26 %, raakarasva 14 %, raakakuitu 3,4 %, raakatuhka 6,8 %, kalsium 1,3 %, fosfori 0,95 %, natrium 0,15 %, kosteus enint\u00e4\u00e4n 10 %. Lis\u00e4aineet (1 kg):Vitamiinit: A 16988 IU, D3 1698 IU, E 170 mg, B1 4,98 mg, B2 8,83 mg, B6 6,78 mg, B12 0,07 mg, C 118 mg, niasiini 42,25 mg, pantoteenihappo 17,47 mg, foolihappo 0,68 mg, biotiini 0,42 mg.Mineraalit: jodi 4,07 mg, seleeni 0,37 mg, rauta 99 mg, kupari 11,88 mg, sinkki 125,7 mg, mangaani 11,88 mg, koliinikloridi 1835 mg.Antioksidantit: kasvi\u00f6ljyuutteet, runsaasti tokoferoleja. Metaboloituva energia: 3860 kcal\/kg Suositeltu p\u00e4ivitt\u00e4inen annos JUNIOR-pennuille i\u00e4n ja aikuispainon mukaan: Ik\u00e4 \/ Aikuispaino | 1 kg | 2 kg | 3 kg | 5 kg | 7 kg | 10 kg2\u20133 kk | 30 g | 35 g | 50 g | 60 g | 75 g | 100 g3\u20134 kk | 45 g | 50 g | 65 g | 75 g | 90 g | 130 g4\u20136 kk | 55 g | 60 g | 75 g | 90 g | 120 g | 150 g6\u201312 kk | 60 g | 65 g | 80 g | 120 g | 140 g | 180 g\" \/>\n<meta property=\"og:url\" content=\"https:\/\/miumjau.ee\/fi\/tuote\/ibero-natural-kylmapuristettu-junior-s-lampaalla-2-kg\/\" \/>\n<meta property=\"og:site_name\" content=\"MiuMjau\" \/>\n<meta property=\"article:publisher\" content=\"https:\/\/www.facebook.com\/miumjaupood\/\" \/>\n<meta property=\"og:image\" content=\"https:\/\/miumjau.ee\/wp-content\/uploads\/2026\/03\/ibero-kulmpress-2kg-S-junior-lamb.jpg\" \/>\n\t<meta property=\"og:image:width\" content=\"600\" \/>\n\t<meta property=\"og:image:height\" content=\"800\" \/>\n\t<meta property=\"og:image:type\" content=\"image\/jpeg\" \/>\n<meta name=\"twitter:card\" content=\"summary_large_image\" \/>\n<script type=\"application\/ld+json\" class=\"yoast-schema-graph\">{\"@context\":\"https:\\\/\\\/schema.org\",\"@graph\":[{\"@type\":\"WebPage\",\"@id\":\"https:\\\/\\\/miumjau.ee\\\/fi\\\/tuote\\\/ibero-natural-kylmapuristettu-junior-s-lampaalla-2-kg\\\/\",\"url\":\"https:\\\/\\\/miumjau.ee\\\/fi\\\/tuote\\\/ibero-natural-kylmapuristettu-junior-s-lampaalla-2-kg\\\/\",\"name\":\"Ibero Natural kylm\u00e4puristettu junior S lampaalla, 2 kg - MiuMjau\",\"isPartOf\":{\"@id\":\"https:\\\/\\\/miumjau.ee\\\/#website\"},\"primaryImageOfPage\":{\"@id\":\"https:\\\/\\\/miumjau.ee\\\/fi\\\/tuote\\\/ibero-natural-kylmapuristettu-junior-s-lampaalla-2-kg\\\/#primaryimage\"},\"image\":{\"@id\":\"https:\\\/\\\/miumjau.ee\\\/fi\\\/tuote\\\/ibero-natural-kylmapuristettu-junior-s-lampaalla-2-kg\\\/#primaryimage\"},\"thumbnailUrl\":\"https:\\\/\\\/miumjau.ee\\\/wp-content\\\/uploads\\\/2026\\\/03\\\/ibero-kulmpress-2kg-S-junior-lamb.jpg\",\"datePublished\":\"2026-03-10T08:51:44+00:00\",\"breadcrumb\":{\"@id\":\"https:\\\/\\\/miumjau.ee\\\/fi\\\/tuote\\\/ibero-natural-kylmapuristettu-junior-s-lampaalla-2-kg\\\/#breadcrumb\"},\"inLanguage\":\"fi\",\"potentialAction\":[{\"@type\":\"ReadAction\",\"target\":[\"https:\\\/\\\/miumjau.ee\\\/fi\\\/tuote\\\/ibero-natural-kylmapuristettu-junior-s-lampaalla-2-kg\\\/\"]}]},{\"@type\":\"ImageObject\",\"inLanguage\":\"fi\",\"@id\":\"https:\\\/\\\/miumjau.ee\\\/fi\\\/tuote\\\/ibero-natural-kylmapuristettu-junior-s-lampaalla-2-kg\\\/#primaryimage\",\"url\":\"https:\\\/\\\/miumjau.ee\\\/wp-content\\\/uploads\\\/2026\\\/03\\\/ibero-kulmpress-2kg-S-junior-lamb.jpg\",\"contentUrl\":\"https:\\\/\\\/miumjau.ee\\\/wp-content\\\/uploads\\\/2026\\\/03\\\/ibero-kulmpress-2kg-S-junior-lamb.jpg\",\"width\":600,\"height\":800,\"caption\":\"Ibero Natural k\u00fclmpress juunior S lambaga, 2kg\"},{\"@type\":\"BreadcrumbList\",\"@id\":\"https:\\\/\\\/miumjau.ee\\\/fi\\\/tuote\\\/ibero-natural-kylmapuristettu-junior-s-lampaalla-2-kg\\\/#breadcrumb\",\"itemListElement\":[{\"@type\":\"ListItem\",\"position\":1,\"name\":\"Home\",\"item\":\"https:\\\/\\\/miumjau.ee\\\/fi\\\/\"},{\"@type\":\"ListItem\",\"position\":2,\"name\":\"Kauppa\",\"item\":\"https:\\\/\\\/miumjau.ee\\\/fi\\\/kauppa\\\/\"},{\"@type\":\"ListItem\",\"position\":3,\"name\":\"Ibero Natural kylm\u00e4puristettu junior S lampaalla, 2 kg\"}]},{\"@type\":\"WebSite\",\"@id\":\"https:\\\/\\\/miumjau.ee\\\/#website\",\"url\":\"https:\\\/\\\/miumjau.ee\\\/\",\"name\":\"MiuMjau\",\"description\":\"Kraapimispuud kassidele\",\"publisher\":{\"@id\":\"https:\\\/\\\/miumjau.ee\\\/#organization\"},\"potentialAction\":[{\"@type\":\"SearchAction\",\"target\":{\"@type\":\"EntryPoint\",\"urlTemplate\":\"https:\\\/\\\/miumjau.ee\\\/?s={search_term_string}\"},\"query-input\":{\"@type\":\"PropertyValueSpecification\",\"valueRequired\":true,\"valueName\":\"search_term_string\"}}],\"inLanguage\":\"fi\"},{\"@type\":\"Organization\",\"@id\":\"https:\\\/\\\/miumjau.ee\\\/#organization\",\"name\":\"MiuMjau O\u00dc\",\"url\":\"https:\\\/\\\/miumjau.ee\\\/\",\"logo\":{\"@type\":\"ImageObject\",\"inLanguage\":\"fi\",\"@id\":\"https:\\\/\\\/miumjau.ee\\\/#\\\/schema\\\/logo\\\/image\\\/\",\"url\":\"https:\\\/\\\/miumjau.ee\\\/wp-content\\\/uploads\\\/2022\\\/04\\\/MiuMjau-logo-kollane.png\",\"contentUrl\":\"https:\\\/\\\/miumjau.ee\\\/wp-content\\\/uploads\\\/2022\\\/04\\\/MiuMjau-logo-kollane.png\",\"width\":219,\"height\":100,\"caption\":\"MiuMjau O\u00dc\"},\"image\":{\"@id\":\"https:\\\/\\\/miumjau.ee\\\/#\\\/schema\\\/logo\\\/image\\\/\"},\"sameAs\":[\"https:\\\/\\\/www.facebook.com\\\/miumjaupood\\\/\"]}]}<\/script>\n<!-- \/ Yoast SEO plugin. -->","yoast_head_json":{"title":"Ibero Natural kylm\u00e4puristettu junior S lampaalla, 2 kg - MiuMjau","robots":{"index":"index","follow":"follow","max-snippet":"max-snippet:-1","max-image-preview":"max-image-preview:large","max-video-preview":"max-video-preview:-1"},"canonical":"https:\/\/miumjau.ee\/fi\/tuote\/ibero-natural-kylmapuristettu-junior-s-lampaalla-2-kg\/","og_locale":"fi_FI","og_type":"article","og_title":"Ibero Natural kylm\u00e4puristettu junior S lampaalla, 2 kg - MiuMjau","og_description":"T\u00e4ysravinto kylm\u00e4puristettu koiranruoka, joka sis\u00e4lt\u00e4\u00e4 kaikki tarvittavat ravintoaineet pienille JUNIOR-roduille. Yhdist\u00e4\u00e4 kylm\u00e4puristetun ruoan edut ja uudet maut Ibero-sarjassa. Ibero-sarja s\u00e4ilytt\u00e4\u00e4 t\u00e4rkeimm\u00e4t etunsa \u2013 runsaasti kuivattua lihaa, liha on per\u00e4isin paikallisilta tiloilta. 100 % LUONNOLLINEN \u2013 kuten koko Ibero-sarja \u2013 ilman kemikaaleja ja GMO:ta. Kylm\u00e4puristettua ruokaa tarvitaan v\u00e4hemm\u00e4n \u2013 se on ravintorikkaampaa, mik\u00e4 tarkoittaa, ett\u00e4 vaikka hinta olisi korkeampi, se voi lopulta olla edullisempaa, koska pussi kest\u00e4\u00e4 pidemp\u00e4\u00e4n. Kylm\u00e4puristettu ruoka sopii: Stressaantuneille koirille \u2013 tiivistetty ruoka, korkeampi ravintoarvoTiineille nartuille \u2013 ravinteikas ruokavalio emolle ja pennuille, auttaa v\u00e4hent\u00e4m\u00e4\u00e4n vatsan rasitusta siki\u00f6n kasvaessaKasvattajille ja heid\u00e4n kumppaneilleen, jotka suosivat erilaista k\u00e4sittelytekniikkaa \u2013 luonnollisempi ruokavalio turvallisella valmistusprosessilla el\u00e4inl\u00e4\u00e4k\u00e4rin valvonnassa ilman erikoisruokintaosaamista \u2013 kaikki reseptit sis\u00e4lt\u00e4v\u00e4t oikeassa suhteessa ravintoaineet pennuille ja aikuisille koirille koon mukaan Ohjeet: Siirr\u00e4 koira v\u00e4hitellen t\u00e4h\u00e4n kuivaruokaan.Pid\u00e4 aina tarjolla raikasta vett\u00e4. KOOSTUMUS: Kuivattu lampaanliha (34 %), kuivattu bataatti, kuivattu peruna, naudanrasva (15 %), riisijauho (8 %), lampaanmaksa (5 %), kaurahiutaleet (4 %), kuivattu kurpitsa (2 %), kuivattu lampaanmaksa (2 %), maissihiutaleet, kuivattu porkkana (1,2 %), pellavansiemenet, sikuriuute, kuivatut yrtit, beetaglukaanit, vitamiini- ja mineraaliseos. ANALYYTTISET AINESOSAT: Raakaproteiini 26 %, raakarasva 14 %, raakakuitu 3,4 %, raakatuhka 6,8 %, kalsium 1,3 %, fosfori 0,95 %, natrium 0,15 %, kosteus enint\u00e4\u00e4n 10 %. Lis\u00e4aineet (1 kg):Vitamiinit: A 16988 IU, D3 1698 IU, E 170 mg, B1 4,98 mg, B2 8,83 mg, B6 6,78 mg, B12 0,07 mg, C 118 mg, niasiini 42,25 mg, pantoteenihappo 17,47 mg, foolihappo 0,68 mg, biotiini 0,42 mg.Mineraalit: jodi 4,07 mg, seleeni 0,37 mg, rauta 99 mg, kupari 11,88 mg, sinkki 125,7 mg, mangaani 11,88 mg, koliinikloridi 1835 mg.Antioksidantit: kasvi\u00f6ljyuutteet, runsaasti tokoferoleja. Metaboloituva energia: 3860 kcal\/kg Suositeltu p\u00e4ivitt\u00e4inen annos JUNIOR-pennuille i\u00e4n ja aikuispainon mukaan: Ik\u00e4 \/ Aikuispaino | 1 kg | 2 kg | 3 kg | 5 kg | 7 kg | 10 kg2\u20133 kk | 30 g | 35 g | 50 g | 60 g | 75 g | 100 g3\u20134 kk | 45 g | 50 g | 65 g | 75 g | 90 g | 130 g4\u20136 kk | 55 g | 60 g | 75 g | 90 g | 120 g | 150 g6\u201312 kk | 60 g | 65 g | 80 g | 120 g | 140 g | 180 g","og_url":"https:\/\/miumjau.ee\/fi\/tuote\/ibero-natural-kylmapuristettu-junior-s-lampaalla-2-kg\/","og_site_name":"MiuMjau","article_publisher":"https:\/\/www.facebook.com\/miumjaupood\/","og_image":[{"width":600,"height":800,"url":"https:\/\/miumjau.ee\/wp-content\/uploads\/2026\/03\/ibero-kulmpress-2kg-S-junior-lamb.jpg","type":"image\/jpeg"}],"twitter_card":"summary_large_image","schema":{"@context":"https:\/\/schema.org","@graph":[{"@type":"WebPage","@id":"https:\/\/miumjau.ee\/fi\/tuote\/ibero-natural-kylmapuristettu-junior-s-lampaalla-2-kg\/","url":"https:\/\/miumjau.ee\/fi\/tuote\/ibero-natural-kylmapuristettu-junior-s-lampaalla-2-kg\/","name":"Ibero Natural kylm\u00e4puristettu junior S lampaalla, 2 kg - MiuMjau","isPartOf":{"@id":"https:\/\/miumjau.ee\/#website"},"primaryImageOfPage":{"@id":"https:\/\/miumjau.ee\/fi\/tuote\/ibero-natural-kylmapuristettu-junior-s-lampaalla-2-kg\/#primaryimage"},"image":{"@id":"https:\/\/miumjau.ee\/fi\/tuote\/ibero-natural-kylmapuristettu-junior-s-lampaalla-2-kg\/#primaryimage"},"thumbnailUrl":"https:\/\/miumjau.ee\/wp-content\/uploads\/2026\/03\/ibero-kulmpress-2kg-S-junior-lamb.jpg","datePublished":"2026-03-10T08:51:44+00:00","breadcrumb":{"@id":"https:\/\/miumjau.ee\/fi\/tuote\/ibero-natural-kylmapuristettu-junior-s-lampaalla-2-kg\/#breadcrumb"},"inLanguage":"fi","potentialAction":[{"@type":"ReadAction","target":["https:\/\/miumjau.ee\/fi\/tuote\/ibero-natural-kylmapuristettu-junior-s-lampaalla-2-kg\/"]}]},{"@type":"ImageObject","inLanguage":"fi","@id":"https:\/\/miumjau.ee\/fi\/tuote\/ibero-natural-kylmapuristettu-junior-s-lampaalla-2-kg\/#primaryimage","url":"https:\/\/miumjau.ee\/wp-content\/uploads\/2026\/03\/ibero-kulmpress-2kg-S-junior-lamb.jpg","contentUrl":"https:\/\/miumjau.ee\/wp-content\/uploads\/2026\/03\/ibero-kulmpress-2kg-S-junior-lamb.jpg","width":600,"height":800,"caption":"Ibero Natural k\u00fclmpress juunior S lambaga, 2kg"},{"@type":"BreadcrumbList","@id":"https:\/\/miumjau.ee\/fi\/tuote\/ibero-natural-kylmapuristettu-junior-s-lampaalla-2-kg\/#breadcrumb","itemListElement":[{"@type":"ListItem","position":1,"name":"Home","item":"https:\/\/miumjau.ee\/fi\/"},{"@type":"ListItem","position":2,"name":"Kauppa","item":"https:\/\/miumjau.ee\/fi\/kauppa\/"},{"@type":"ListItem","position":3,"name":"Ibero Natural kylm\u00e4puristettu junior S lampaalla, 2 kg"}]},{"@type":"WebSite","@id":"https:\/\/miumjau.ee\/#website","url":"https:\/\/miumjau.ee\/","name":"MiuMjau","description":"Kraapimispuud kassidele","publisher":{"@id":"https:\/\/miumjau.ee\/#organization"},"potentialAction":[{"@type":"SearchAction","target":{"@type":"EntryPoint","urlTemplate":"https:\/\/miumjau.ee\/?s={search_term_string}"},"query-input":{"@type":"PropertyValueSpecification","valueRequired":true,"valueName":"search_term_string"}}],"inLanguage":"fi"},{"@type":"Organization","@id":"https:\/\/miumjau.ee\/#organization","name":"MiuMjau O\u00dc","url":"https:\/\/miumjau.ee\/","logo":{"@type":"ImageObject","inLanguage":"fi","@id":"https:\/\/miumjau.ee\/#\/schema\/logo\/image\/","url":"https:\/\/miumjau.ee\/wp-content\/uploads\/2022\/04\/MiuMjau-logo-kollane.png","contentUrl":"https:\/\/miumjau.ee\/wp-content\/uploads\/2022\/04\/MiuMjau-logo-kollane.png","width":219,"height":100,"caption":"MiuMjau O\u00dc"},"image":{"@id":"https:\/\/miumjau.ee\/#\/schema\/logo\/image\/"},"sameAs":["https:\/\/www.facebook.com\/miumjaupood\/"]}]}},"_links":{"self":[{"href":"https:\/\/miumjau.ee\/fi\/wp-json\/wp\/v2\/product\/55110","targetHints":{"allow":["GET"]}}],"collection":[{"href":"https:\/\/miumjau.ee\/fi\/wp-json\/wp\/v2\/product"}],"about":[{"href":"https:\/\/miumjau.ee\/fi\/wp-json\/wp\/v2\/types\/product"}],"wp:featuredmedia":[{"embeddable":true,"href":"https:\/\/miumjau.ee\/fi\/wp-json\/wp\/v2\/media\/54618"}],"wp:attachment":[{"href":"https:\/\/miumjau.ee\/fi\/wp-json\/wp\/v2\/media?parent=55110"}],"wp:term":[{"taxonomy":"product_brand","embeddable":true,"href":"https:\/\/miumjau.ee\/fi\/wp-json\/wp\/v2\/product_brand?post=55110"},{"taxonomy":"product_cat","embeddable":true,"href":"https:\/\/miumjau.ee\/fi\/wp-json\/wp\/v2\/product_cat?post=55110"},{"taxonomy":"product_tag","embeddable":true,"href":"https:\/\/miumjau.ee\/fi\/wp-json\/wp\/v2\/product_tag?post=55110"}],"curies":[{"name":"wp","href":"https:\/\/api.w.org\/{rel}","templated":true}]}}