{"id":55098,"date":"2026-03-10T12:36:36","date_gmt":"2026-03-10T10:36:36","guid":{"rendered":"https:\/\/miumjau.ee\/toode\/kong-kelatalutin-terrain-black-m\/"},"modified":"2026-03-10T12:36:36","modified_gmt":"2026-03-10T10:36:36","slug":"kong-kelatalutin-terrain-black-m","status":"publish","type":"product","link":"https:\/\/miumjau.ee\/fi\/tuote\/kong-kelatalutin-terrain-black-m\/","title":{"rendered":"KONG kelatalutin, Terrain Black M"},"content":{"rendered":"","protected":false},"excerpt":{"rendered":"<p data-start=\"1062\" data-end=\"1111\">KONG-kelataluttimilla kaikki on aina hallinnassa!<\/p>\n<p data-start=\"1113\" data-end=\"1380\">KONG-taluttimissa on pehme\u00e4 kahva, joka tekee niiden k\u00e4yt\u00f6st\u00e4 mukavaa. K\u00e4yt\u00e4nn\u00f6llinen ja hyvin suunniteltu jarruj\u00e4rjestelm\u00e4 toimii sujuvasti yhdess\u00e4 sinun ja koirasi liikkeiden kanssa. Kuten kaikki KONG-tuotteet, my\u00f6s n\u00e4m\u00e4 kelataluttimet ovat kest\u00e4vi\u00e4 ja laadukkaita.<\/p>\n<p data-start=\"1382\" data-end=\"1390\"><strong data-start=\"1382\" data-end=\"1390\">Edut<\/strong><\/p>\n<p data-start=\"1392\" data-end=\"1568\">Pehme\u00e4 ja tukeva kahva<br data-start=\"1414\" data-end=\"1417\" \/>Helppo jarruttaa ja lukita<br data-start=\"1443\" data-end=\"1446\" \/>KONG kuminen peukalotuki<br data-start=\"1470\" data-end=\"1473\" \/>Kiertymisen est\u00e4v\u00e4 j\u00e4rjestelm\u00e4 ja heijastavat ompeleet<br data-start=\"1527\" data-end=\"1530\" \/>Kest\u00e4v\u00e4 metallinen py\u00f6riv\u00e4 karabiini<\/p>\n<p data-start=\"1570\" data-end=\"1579\"><strong data-start=\"1570\" data-end=\"1579\">Mitat<\/strong><\/p>\n<p data-start=\"1581\" data-end=\"1729\">XS: 11,4 \u00d7 15,1 \u00d7 3,2 cm (mahtuu hyvin taskuun ja sopii my\u00f6s lapsille)<br data-start=\"1651\" data-end=\"1654\" \/>S: 15,4 \u00d7 12,6 \u00d7 3,6 cm<br data-start=\"1677\" data-end=\"1680\" \/>M: 16,8 \u00d7 14,7 \u00d7 3,8 cm<br data-start=\"1703\" data-end=\"1706\" \/>L: 22,2 \u00d7 15,9 \u00d7 4 cm<\/p>\n<p data-start=\"1731\" data-end=\"1747\"><strong data-start=\"1731\" data-end=\"1747\">Ominaisuudet<\/strong><\/p>\n<p data-start=\"1749\" data-end=\"1934\">XS: 3 m talutin, sopii koirille 3\u201312 kg<br data-start=\"1788\" data-end=\"1791\" \/>S: 5 m talutin, sopii koirille enint\u00e4\u00e4n 20 kg<br data-start=\"1836\" data-end=\"1839\" \/>M: 5 m talutin, sopii koirille enint\u00e4\u00e4n 30 kg<br data-start=\"1884\" data-end=\"1887\" \/>L: 5 m talutin, sopii koirille enint\u00e4\u00e4n 50 kg<\/p>\n","protected":false},"featured_media":54696,"template":"","meta":[],"product_brand":[],"product_cat":[862],"product_tag":[],"class_list":{"0":"post-55098","1":"product","2":"type-product","3":"status-publish","4":"has-post-thumbnail","6":"product_cat-koirien-vaatteet-jalkineet","8":"first","9":"instock","10":"taxable","11":"shipping-taxable","12":"purchasable","13":"product-type-simple"},"yoast_head":"<!-- This site is optimized with the Yoast SEO plugin v27.4 - https:\/\/yoast.com\/product\/yoast-seo-wordpress\/ -->\n<title>KONG kelatalutin, Terrain Black M - MiuMjau<\/title>\n<meta name=\"robots\" content=\"index, follow, max-snippet:-1, max-image-preview:large, max-video-preview:-1\" \/>\n<link rel=\"canonical\" href=\"https:\/\/miumjau.ee\/fi\/tuote\/kong-kelatalutin-terrain-black-m\/\" \/>\n<meta property=\"og:locale\" content=\"fi_FI\" \/>\n<meta property=\"og:type\" content=\"article\" \/>\n<meta property=\"og:title\" content=\"KONG kelatalutin, Terrain Black M - MiuMjau\" \/>\n<meta property=\"og:description\" content=\"KONG-kelataluttimilla kaikki on aina hallinnassa! KONG-taluttimissa on pehme\u00e4 kahva, joka tekee niiden k\u00e4yt\u00f6st\u00e4 mukavaa. K\u00e4yt\u00e4nn\u00f6llinen ja hyvin suunniteltu jarruj\u00e4rjestelm\u00e4 toimii sujuvasti yhdess\u00e4 sinun ja koirasi liikkeiden kanssa. Kuten kaikki KONG-tuotteet, my\u00f6s n\u00e4m\u00e4 kelataluttimet ovat kest\u00e4vi\u00e4 ja laadukkaita. Edut Pehme\u00e4 ja tukeva kahvaHelppo jarruttaa ja lukitaKONG kuminen peukalotukiKiertymisen est\u00e4v\u00e4 j\u00e4rjestelm\u00e4 ja heijastavat ompeleetKest\u00e4v\u00e4 metallinen py\u00f6riv\u00e4 karabiini Mitat XS: 11,4 \u00d7 15,1 \u00d7 3,2 cm (mahtuu hyvin taskuun ja sopii my\u00f6s lapsille)S: 15,4 \u00d7 12,6 \u00d7 3,6 cmM: 16,8 \u00d7 14,7 \u00d7 3,8 cmL: 22,2 \u00d7 15,9 \u00d7 4 cm Ominaisuudet XS: 3 m talutin, sopii koirille 3\u201312 kgS: 5 m talutin, sopii koirille enint\u00e4\u00e4n 20 kgM: 5 m talutin, sopii koirille enint\u00e4\u00e4n 30 kgL: 5 m talutin, sopii koirille enint\u00e4\u00e4n 50 kg\" \/>\n<meta property=\"og:url\" content=\"https:\/\/miumjau.ee\/fi\/tuote\/kong-kelatalutin-terrain-black-m\/\" \/>\n<meta property=\"og:site_name\" content=\"MiuMjau\" \/>\n<meta property=\"article:publisher\" content=\"https:\/\/www.facebook.com\/miumjaupood\/\" \/>\n<meta property=\"og:image\" content=\"https:\/\/miumjau.ee\/wp-content\/uploads\/2026\/03\/KONGTRNMDBK-main.jpg\" \/>\n\t<meta property=\"og:image:width\" content=\"600\" \/>\n\t<meta property=\"og:image:height\" content=\"800\" \/>\n\t<meta property=\"og:image:type\" content=\"image\/jpeg\" \/>\n<meta name=\"twitter:card\" content=\"summary_large_image\" \/>\n<script type=\"application\/ld+json\" class=\"yoast-schema-graph\">{\"@context\":\"https:\\\/\\\/schema.org\",\"@graph\":[{\"@type\":\"WebPage\",\"@id\":\"https:\\\/\\\/miumjau.ee\\\/fi\\\/tuote\\\/kong-kelatalutin-terrain-black-m\\\/\",\"url\":\"https:\\\/\\\/miumjau.ee\\\/fi\\\/tuote\\\/kong-kelatalutin-terrain-black-m\\\/\",\"name\":\"KONG kelatalutin, Terrain Black M - MiuMjau\",\"isPartOf\":{\"@id\":\"https:\\\/\\\/miumjau.ee\\\/#website\"},\"primaryImageOfPage\":{\"@id\":\"https:\\\/\\\/miumjau.ee\\\/fi\\\/tuote\\\/kong-kelatalutin-terrain-black-m\\\/#primaryimage\"},\"image\":{\"@id\":\"https:\\\/\\\/miumjau.ee\\\/fi\\\/tuote\\\/kong-kelatalutin-terrain-black-m\\\/#primaryimage\"},\"thumbnailUrl\":\"https:\\\/\\\/miumjau.ee\\\/wp-content\\\/uploads\\\/2026\\\/03\\\/KONGTRNMDBK-main.jpg\",\"datePublished\":\"2026-03-10T10:36:36+00:00\",\"breadcrumb\":{\"@id\":\"https:\\\/\\\/miumjau.ee\\\/fi\\\/tuote\\\/kong-kelatalutin-terrain-black-m\\\/#breadcrumb\"},\"inLanguage\":\"fi\",\"potentialAction\":[{\"@type\":\"ReadAction\",\"target\":[\"https:\\\/\\\/miumjau.ee\\\/fi\\\/tuote\\\/kong-kelatalutin-terrain-black-m\\\/\"]}]},{\"@type\":\"ImageObject\",\"inLanguage\":\"fi\",\"@id\":\"https:\\\/\\\/miumjau.ee\\\/fi\\\/tuote\\\/kong-kelatalutin-terrain-black-m\\\/#primaryimage\",\"url\":\"https:\\\/\\\/miumjau.ee\\\/wp-content\\\/uploads\\\/2026\\\/03\\\/KONGTRNMDBK-main.jpg\",\"contentUrl\":\"https:\\\/\\\/miumjau.ee\\\/wp-content\\\/uploads\\\/2026\\\/03\\\/KONGTRNMDBK-main.jpg\",\"width\":600,\"height\":800,\"caption\":\"Kong rullikrihm, Terrain Black M\"},{\"@type\":\"BreadcrumbList\",\"@id\":\"https:\\\/\\\/miumjau.ee\\\/fi\\\/tuote\\\/kong-kelatalutin-terrain-black-m\\\/#breadcrumb\",\"itemListElement\":[{\"@type\":\"ListItem\",\"position\":1,\"name\":\"Home\",\"item\":\"https:\\\/\\\/miumjau.ee\\\/fi\\\/\"},{\"@type\":\"ListItem\",\"position\":2,\"name\":\"Kauppa\",\"item\":\"https:\\\/\\\/miumjau.ee\\\/fi\\\/kauppa\\\/\"},{\"@type\":\"ListItem\",\"position\":3,\"name\":\"KONG kelatalutin, Terrain Black M\"}]},{\"@type\":\"WebSite\",\"@id\":\"https:\\\/\\\/miumjau.ee\\\/#website\",\"url\":\"https:\\\/\\\/miumjau.ee\\\/\",\"name\":\"MiuMjau\",\"description\":\"Kraapimispuud kassidele\",\"publisher\":{\"@id\":\"https:\\\/\\\/miumjau.ee\\\/#organization\"},\"potentialAction\":[{\"@type\":\"SearchAction\",\"target\":{\"@type\":\"EntryPoint\",\"urlTemplate\":\"https:\\\/\\\/miumjau.ee\\\/?s={search_term_string}\"},\"query-input\":{\"@type\":\"PropertyValueSpecification\",\"valueRequired\":true,\"valueName\":\"search_term_string\"}}],\"inLanguage\":\"fi\"},{\"@type\":\"Organization\",\"@id\":\"https:\\\/\\\/miumjau.ee\\\/#organization\",\"name\":\"MiuMjau O\u00dc\",\"url\":\"https:\\\/\\\/miumjau.ee\\\/\",\"logo\":{\"@type\":\"ImageObject\",\"inLanguage\":\"fi\",\"@id\":\"https:\\\/\\\/miumjau.ee\\\/#\\\/schema\\\/logo\\\/image\\\/\",\"url\":\"https:\\\/\\\/miumjau.ee\\\/wp-content\\\/uploads\\\/2022\\\/04\\\/MiuMjau-logo-kollane.png\",\"contentUrl\":\"https:\\\/\\\/miumjau.ee\\\/wp-content\\\/uploads\\\/2022\\\/04\\\/MiuMjau-logo-kollane.png\",\"width\":219,\"height\":100,\"caption\":\"MiuMjau O\u00dc\"},\"image\":{\"@id\":\"https:\\\/\\\/miumjau.ee\\\/#\\\/schema\\\/logo\\\/image\\\/\"},\"sameAs\":[\"https:\\\/\\\/www.facebook.com\\\/miumjaupood\\\/\"]}]}<\/script>\n<!-- \/ Yoast SEO plugin. -->","yoast_head_json":{"title":"KONG kelatalutin, Terrain Black M - MiuMjau","robots":{"index":"index","follow":"follow","max-snippet":"max-snippet:-1","max-image-preview":"max-image-preview:large","max-video-preview":"max-video-preview:-1"},"canonical":"https:\/\/miumjau.ee\/fi\/tuote\/kong-kelatalutin-terrain-black-m\/","og_locale":"fi_FI","og_type":"article","og_title":"KONG kelatalutin, Terrain Black M - MiuMjau","og_description":"KONG-kelataluttimilla kaikki on aina hallinnassa! KONG-taluttimissa on pehme\u00e4 kahva, joka tekee niiden k\u00e4yt\u00f6st\u00e4 mukavaa. K\u00e4yt\u00e4nn\u00f6llinen ja hyvin suunniteltu jarruj\u00e4rjestelm\u00e4 toimii sujuvasti yhdess\u00e4 sinun ja koirasi liikkeiden kanssa. Kuten kaikki KONG-tuotteet, my\u00f6s n\u00e4m\u00e4 kelataluttimet ovat kest\u00e4vi\u00e4 ja laadukkaita. Edut Pehme\u00e4 ja tukeva kahvaHelppo jarruttaa ja lukitaKONG kuminen peukalotukiKiertymisen est\u00e4v\u00e4 j\u00e4rjestelm\u00e4 ja heijastavat ompeleetKest\u00e4v\u00e4 metallinen py\u00f6riv\u00e4 karabiini Mitat XS: 11,4 \u00d7 15,1 \u00d7 3,2 cm (mahtuu hyvin taskuun ja sopii my\u00f6s lapsille)S: 15,4 \u00d7 12,6 \u00d7 3,6 cmM: 16,8 \u00d7 14,7 \u00d7 3,8 cmL: 22,2 \u00d7 15,9 \u00d7 4 cm Ominaisuudet XS: 3 m talutin, sopii koirille 3\u201312 kgS: 5 m talutin, sopii koirille enint\u00e4\u00e4n 20 kgM: 5 m talutin, sopii koirille enint\u00e4\u00e4n 30 kgL: 5 m talutin, sopii koirille enint\u00e4\u00e4n 50 kg","og_url":"https:\/\/miumjau.ee\/fi\/tuote\/kong-kelatalutin-terrain-black-m\/","og_site_name":"MiuMjau","article_publisher":"https:\/\/www.facebook.com\/miumjaupood\/","og_image":[{"width":600,"height":800,"url":"https:\/\/miumjau.ee\/wp-content\/uploads\/2026\/03\/KONGTRNMDBK-main.jpg","type":"image\/jpeg"}],"twitter_card":"summary_large_image","schema":{"@context":"https:\/\/schema.org","@graph":[{"@type":"WebPage","@id":"https:\/\/miumjau.ee\/fi\/tuote\/kong-kelatalutin-terrain-black-m\/","url":"https:\/\/miumjau.ee\/fi\/tuote\/kong-kelatalutin-terrain-black-m\/","name":"KONG kelatalutin, Terrain Black M - MiuMjau","isPartOf":{"@id":"https:\/\/miumjau.ee\/#website"},"primaryImageOfPage":{"@id":"https:\/\/miumjau.ee\/fi\/tuote\/kong-kelatalutin-terrain-black-m\/#primaryimage"},"image":{"@id":"https:\/\/miumjau.ee\/fi\/tuote\/kong-kelatalutin-terrain-black-m\/#primaryimage"},"thumbnailUrl":"https:\/\/miumjau.ee\/wp-content\/uploads\/2026\/03\/KONGTRNMDBK-main.jpg","datePublished":"2026-03-10T10:36:36+00:00","breadcrumb":{"@id":"https:\/\/miumjau.ee\/fi\/tuote\/kong-kelatalutin-terrain-black-m\/#breadcrumb"},"inLanguage":"fi","potentialAction":[{"@type":"ReadAction","target":["https:\/\/miumjau.ee\/fi\/tuote\/kong-kelatalutin-terrain-black-m\/"]}]},{"@type":"ImageObject","inLanguage":"fi","@id":"https:\/\/miumjau.ee\/fi\/tuote\/kong-kelatalutin-terrain-black-m\/#primaryimage","url":"https:\/\/miumjau.ee\/wp-content\/uploads\/2026\/03\/KONGTRNMDBK-main.jpg","contentUrl":"https:\/\/miumjau.ee\/wp-content\/uploads\/2026\/03\/KONGTRNMDBK-main.jpg","width":600,"height":800,"caption":"Kong rullikrihm, Terrain Black M"},{"@type":"BreadcrumbList","@id":"https:\/\/miumjau.ee\/fi\/tuote\/kong-kelatalutin-terrain-black-m\/#breadcrumb","itemListElement":[{"@type":"ListItem","position":1,"name":"Home","item":"https:\/\/miumjau.ee\/fi\/"},{"@type":"ListItem","position":2,"name":"Kauppa","item":"https:\/\/miumjau.ee\/fi\/kauppa\/"},{"@type":"ListItem","position":3,"name":"KONG kelatalutin, Terrain Black M"}]},{"@type":"WebSite","@id":"https:\/\/miumjau.ee\/#website","url":"https:\/\/miumjau.ee\/","name":"MiuMjau","description":"Kraapimispuud kassidele","publisher":{"@id":"https:\/\/miumjau.ee\/#organization"},"potentialAction":[{"@type":"SearchAction","target":{"@type":"EntryPoint","urlTemplate":"https:\/\/miumjau.ee\/?s={search_term_string}"},"query-input":{"@type":"PropertyValueSpecification","valueRequired":true,"valueName":"search_term_string"}}],"inLanguage":"fi"},{"@type":"Organization","@id":"https:\/\/miumjau.ee\/#organization","name":"MiuMjau O\u00dc","url":"https:\/\/miumjau.ee\/","logo":{"@type":"ImageObject","inLanguage":"fi","@id":"https:\/\/miumjau.ee\/#\/schema\/logo\/image\/","url":"https:\/\/miumjau.ee\/wp-content\/uploads\/2022\/04\/MiuMjau-logo-kollane.png","contentUrl":"https:\/\/miumjau.ee\/wp-content\/uploads\/2022\/04\/MiuMjau-logo-kollane.png","width":219,"height":100,"caption":"MiuMjau O\u00dc"},"image":{"@id":"https:\/\/miumjau.ee\/#\/schema\/logo\/image\/"},"sameAs":["https:\/\/www.facebook.com\/miumjaupood\/"]}]}},"_links":{"self":[{"href":"https:\/\/miumjau.ee\/fi\/wp-json\/wp\/v2\/product\/55098","targetHints":{"allow":["GET"]}}],"collection":[{"href":"https:\/\/miumjau.ee\/fi\/wp-json\/wp\/v2\/product"}],"about":[{"href":"https:\/\/miumjau.ee\/fi\/wp-json\/wp\/v2\/types\/product"}],"wp:featuredmedia":[{"embeddable":true,"href":"https:\/\/miumjau.ee\/fi\/wp-json\/wp\/v2\/media\/54696"}],"wp:attachment":[{"href":"https:\/\/miumjau.ee\/fi\/wp-json\/wp\/v2\/media?parent=55098"}],"wp:term":[{"taxonomy":"product_brand","embeddable":true,"href":"https:\/\/miumjau.ee\/fi\/wp-json\/wp\/v2\/product_brand?post=55098"},{"taxonomy":"product_cat","embeddable":true,"href":"https:\/\/miumjau.ee\/fi\/wp-json\/wp\/v2\/product_cat?post=55098"},{"taxonomy":"product_tag","embeddable":true,"href":"https:\/\/miumjau.ee\/fi\/wp-json\/wp\/v2\/product_tag?post=55098"}],"curies":[{"name":"wp","href":"https:\/\/api.w.org\/{rel}","templated":true}]}}