{"id":55090,"date":"2026-03-10T12:31:33","date_gmt":"2026-03-10T10:31:33","guid":{"rendered":"https:\/\/miumjau.ee\/toode\/dog-comets-lelu-astrotug-oranssi\/"},"modified":"2026-03-10T12:31:33","modified_gmt":"2026-03-10T10:31:33","slug":"dog-comets-lelu-astrotug-oranssi","status":"publish","type":"product","link":"https:\/\/miumjau.ee\/fi\/tuote\/dog-comets-lelu-astrotug-oranssi\/","title":{"rendered":"Dog Comets lelu AstroTug, oranssi"},"content":{"rendered":"","protected":false},"excerpt":{"rendered":"<p data-start=\"459\" data-end=\"699\">Dog Comets AstroTug on koiran lelu, joka yhdist\u00e4\u00e4 pallon ja k\u00f6yden, ja sopii koirille, jotka rakastavat noutamista ja leikkimist\u00e4.<br data-start=\"589\" data-end=\"592\" \/>T\u00e4m\u00e4 lelu on ihanteellinen aktiiviseen leikkiin, jossa heitt\u00e4minen ja noutaminen ovat keskeisess\u00e4 roolissa.<\/p>\n<p data-start=\"701\" data-end=\"792\">T\u00e4m\u00e4 tuote ei ole purulelu, vaan tarkoitettu yhteiseen leikkiin. Pallon halkaisija on 6 cm.<\/p>\n","protected":false},"featured_media":54684,"template":"","meta":[],"product_brand":[],"product_cat":[484],"product_tag":[],"class_list":{"0":"post-55090","1":"product","2":"type-product","3":"status-publish","4":"has-post-thumbnail","6":"product_cat-lelut-koirille","8":"first","9":"instock","10":"taxable","11":"shipping-taxable","12":"purchasable","13":"product-type-simple"},"yoast_head":"<!-- This site is optimized with the Yoast SEO plugin v27.2 - https:\/\/yoast.com\/product\/yoast-seo-wordpress\/ -->\n<title>Dog Comets lelu AstroTug, oranssi - MiuMjau<\/title>\n<meta name=\"robots\" content=\"index, follow, max-snippet:-1, max-image-preview:large, max-video-preview:-1\" \/>\n<link rel=\"canonical\" href=\"https:\/\/miumjau.ee\/fi\/tuote\/dog-comets-lelu-astrotug-oranssi\/\" \/>\n<meta property=\"og:locale\" content=\"fi_FI\" \/>\n<meta property=\"og:type\" content=\"article\" \/>\n<meta property=\"og:title\" content=\"Dog Comets lelu AstroTug, oranssi - MiuMjau\" \/>\n<meta property=\"og:description\" content=\"Dog Comets AstroTug on koiran lelu, joka yhdist\u00e4\u00e4 pallon ja k\u00f6yden, ja sopii koirille, jotka rakastavat noutamista ja leikkimist\u00e4.T\u00e4m\u00e4 lelu on ihanteellinen aktiiviseen leikkiin, jossa heitt\u00e4minen ja noutaminen ovat keskeisess\u00e4 roolissa. T\u00e4m\u00e4 tuote ei ole purulelu, vaan tarkoitettu yhteiseen leikkiin. Pallon halkaisija on 6 cm.\" \/>\n<meta property=\"og:url\" content=\"https:\/\/miumjau.ee\/fi\/tuote\/dog-comets-lelu-astrotug-oranssi\/\" \/>\n<meta property=\"og:site_name\" content=\"MiuMjau\" \/>\n<meta property=\"article:publisher\" content=\"https:\/\/www.facebook.com\/miumjaupood\/\" \/>\n<meta property=\"og:image\" content=\"https:\/\/miumjau.ee\/wp-content\/uploads\/2026\/03\/dog-comets-strotug-orange-2.jpg\" \/>\n\t<meta property=\"og:image:width\" content=\"600\" \/>\n\t<meta property=\"og:image:height\" content=\"800\" \/>\n\t<meta property=\"og:image:type\" content=\"image\/jpeg\" \/>\n<meta name=\"twitter:card\" content=\"summary_large_image\" \/>\n<script type=\"application\/ld+json\" class=\"yoast-schema-graph\">{\"@context\":\"https:\/\/schema.org\",\"@graph\":[{\"@type\":\"WebPage\",\"@id\":\"https:\/\/miumjau.ee\/fi\/tuote\/dog-comets-lelu-astrotug-oranssi\/\",\"url\":\"https:\/\/miumjau.ee\/fi\/tuote\/dog-comets-lelu-astrotug-oranssi\/\",\"name\":\"Dog Comets lelu AstroTug, oranssi - MiuMjau\",\"isPartOf\":{\"@id\":\"https:\/\/miumjau.ee\/#website\"},\"primaryImageOfPage\":{\"@id\":\"https:\/\/miumjau.ee\/fi\/tuote\/dog-comets-lelu-astrotug-oranssi\/#primaryimage\"},\"image\":{\"@id\":\"https:\/\/miumjau.ee\/fi\/tuote\/dog-comets-lelu-astrotug-oranssi\/#primaryimage\"},\"thumbnailUrl\":\"https:\/\/miumjau.ee\/wp-content\/uploads\/2026\/03\/dog-comets-strotug-orange-2.jpg\",\"datePublished\":\"2026-03-10T10:31:33+00:00\",\"breadcrumb\":{\"@id\":\"https:\/\/miumjau.ee\/fi\/tuote\/dog-comets-lelu-astrotug-oranssi\/#breadcrumb\"},\"inLanguage\":\"fi\",\"potentialAction\":[{\"@type\":\"ReadAction\",\"target\":[\"https:\/\/miumjau.ee\/fi\/tuote\/dog-comets-lelu-astrotug-oranssi\/\"]}]},{\"@type\":\"ImageObject\",\"inLanguage\":\"fi\",\"@id\":\"https:\/\/miumjau.ee\/fi\/tuote\/dog-comets-lelu-astrotug-oranssi\/#primaryimage\",\"url\":\"https:\/\/miumjau.ee\/wp-content\/uploads\/2026\/03\/dog-comets-strotug-orange-2.jpg\",\"contentUrl\":\"https:\/\/miumjau.ee\/wp-content\/uploads\/2026\/03\/dog-comets-strotug-orange-2.jpg\",\"width\":600,\"height\":800,\"caption\":\"Dog Comets m\u00e4nguasi AstroTug, oranz\"},{\"@type\":\"BreadcrumbList\",\"@id\":\"https:\/\/miumjau.ee\/fi\/tuote\/dog-comets-lelu-astrotug-oranssi\/#breadcrumb\",\"itemListElement\":[{\"@type\":\"ListItem\",\"position\":1,\"name\":\"Home\",\"item\":\"https:\/\/miumjau.ee\/fi\/\"},{\"@type\":\"ListItem\",\"position\":2,\"name\":\"Kauppa\",\"item\":\"https:\/\/miumjau.ee\/fi\/kauppa\/\"},{\"@type\":\"ListItem\",\"position\":3,\"name\":\"Dog Comets lelu AstroTug, oranssi\"}]},{\"@type\":\"WebSite\",\"@id\":\"https:\/\/miumjau.ee\/#website\",\"url\":\"https:\/\/miumjau.ee\/\",\"name\":\"MiuMjau\",\"description\":\"Kraapimispuud kassidele\",\"publisher\":{\"@id\":\"https:\/\/miumjau.ee\/#organization\"},\"potentialAction\":[{\"@type\":\"SearchAction\",\"target\":{\"@type\":\"EntryPoint\",\"urlTemplate\":\"https:\/\/miumjau.ee\/?s={search_term_string}\"},\"query-input\":{\"@type\":\"PropertyValueSpecification\",\"valueRequired\":true,\"valueName\":\"search_term_string\"}}],\"inLanguage\":\"fi\"},{\"@type\":\"Organization\",\"@id\":\"https:\/\/miumjau.ee\/#organization\",\"name\":\"MiuMjau O\u00dc\",\"url\":\"https:\/\/miumjau.ee\/\",\"logo\":{\"@type\":\"ImageObject\",\"inLanguage\":\"fi\",\"@id\":\"https:\/\/miumjau.ee\/#\/schema\/logo\/image\/\",\"url\":\"https:\/\/miumjau.ee\/wp-content\/uploads\/2022\/04\/MiuMjau-logo-kollane.png\",\"contentUrl\":\"https:\/\/miumjau.ee\/wp-content\/uploads\/2022\/04\/MiuMjau-logo-kollane.png\",\"width\":219,\"height\":100,\"caption\":\"MiuMjau O\u00dc\"},\"image\":{\"@id\":\"https:\/\/miumjau.ee\/#\/schema\/logo\/image\/\"},\"sameAs\":[\"https:\/\/www.facebook.com\/miumjaupood\/\"]}]}<\/script>\n<!-- \/ Yoast SEO plugin. -->","yoast_head_json":{"title":"Dog Comets lelu AstroTug, oranssi - MiuMjau","robots":{"index":"index","follow":"follow","max-snippet":"max-snippet:-1","max-image-preview":"max-image-preview:large","max-video-preview":"max-video-preview:-1"},"canonical":"https:\/\/miumjau.ee\/fi\/tuote\/dog-comets-lelu-astrotug-oranssi\/","og_locale":"fi_FI","og_type":"article","og_title":"Dog Comets lelu AstroTug, oranssi - MiuMjau","og_description":"Dog Comets AstroTug on koiran lelu, joka yhdist\u00e4\u00e4 pallon ja k\u00f6yden, ja sopii koirille, jotka rakastavat noutamista ja leikkimist\u00e4.T\u00e4m\u00e4 lelu on ihanteellinen aktiiviseen leikkiin, jossa heitt\u00e4minen ja noutaminen ovat keskeisess\u00e4 roolissa. T\u00e4m\u00e4 tuote ei ole purulelu, vaan tarkoitettu yhteiseen leikkiin. Pallon halkaisija on 6 cm.","og_url":"https:\/\/miumjau.ee\/fi\/tuote\/dog-comets-lelu-astrotug-oranssi\/","og_site_name":"MiuMjau","article_publisher":"https:\/\/www.facebook.com\/miumjaupood\/","og_image":[{"width":600,"height":800,"url":"https:\/\/miumjau.ee\/wp-content\/uploads\/2026\/03\/dog-comets-strotug-orange-2.jpg","type":"image\/jpeg"}],"twitter_card":"summary_large_image","schema":{"@context":"https:\/\/schema.org","@graph":[{"@type":"WebPage","@id":"https:\/\/miumjau.ee\/fi\/tuote\/dog-comets-lelu-astrotug-oranssi\/","url":"https:\/\/miumjau.ee\/fi\/tuote\/dog-comets-lelu-astrotug-oranssi\/","name":"Dog Comets lelu AstroTug, oranssi - MiuMjau","isPartOf":{"@id":"https:\/\/miumjau.ee\/#website"},"primaryImageOfPage":{"@id":"https:\/\/miumjau.ee\/fi\/tuote\/dog-comets-lelu-astrotug-oranssi\/#primaryimage"},"image":{"@id":"https:\/\/miumjau.ee\/fi\/tuote\/dog-comets-lelu-astrotug-oranssi\/#primaryimage"},"thumbnailUrl":"https:\/\/miumjau.ee\/wp-content\/uploads\/2026\/03\/dog-comets-strotug-orange-2.jpg","datePublished":"2026-03-10T10:31:33+00:00","breadcrumb":{"@id":"https:\/\/miumjau.ee\/fi\/tuote\/dog-comets-lelu-astrotug-oranssi\/#breadcrumb"},"inLanguage":"fi","potentialAction":[{"@type":"ReadAction","target":["https:\/\/miumjau.ee\/fi\/tuote\/dog-comets-lelu-astrotug-oranssi\/"]}]},{"@type":"ImageObject","inLanguage":"fi","@id":"https:\/\/miumjau.ee\/fi\/tuote\/dog-comets-lelu-astrotug-oranssi\/#primaryimage","url":"https:\/\/miumjau.ee\/wp-content\/uploads\/2026\/03\/dog-comets-strotug-orange-2.jpg","contentUrl":"https:\/\/miumjau.ee\/wp-content\/uploads\/2026\/03\/dog-comets-strotug-orange-2.jpg","width":600,"height":800,"caption":"Dog Comets m\u00e4nguasi AstroTug, oranz"},{"@type":"BreadcrumbList","@id":"https:\/\/miumjau.ee\/fi\/tuote\/dog-comets-lelu-astrotug-oranssi\/#breadcrumb","itemListElement":[{"@type":"ListItem","position":1,"name":"Home","item":"https:\/\/miumjau.ee\/fi\/"},{"@type":"ListItem","position":2,"name":"Kauppa","item":"https:\/\/miumjau.ee\/fi\/kauppa\/"},{"@type":"ListItem","position":3,"name":"Dog Comets lelu AstroTug, oranssi"}]},{"@type":"WebSite","@id":"https:\/\/miumjau.ee\/#website","url":"https:\/\/miumjau.ee\/","name":"MiuMjau","description":"Kraapimispuud kassidele","publisher":{"@id":"https:\/\/miumjau.ee\/#organization"},"potentialAction":[{"@type":"SearchAction","target":{"@type":"EntryPoint","urlTemplate":"https:\/\/miumjau.ee\/?s={search_term_string}"},"query-input":{"@type":"PropertyValueSpecification","valueRequired":true,"valueName":"search_term_string"}}],"inLanguage":"fi"},{"@type":"Organization","@id":"https:\/\/miumjau.ee\/#organization","name":"MiuMjau O\u00dc","url":"https:\/\/miumjau.ee\/","logo":{"@type":"ImageObject","inLanguage":"fi","@id":"https:\/\/miumjau.ee\/#\/schema\/logo\/image\/","url":"https:\/\/miumjau.ee\/wp-content\/uploads\/2022\/04\/MiuMjau-logo-kollane.png","contentUrl":"https:\/\/miumjau.ee\/wp-content\/uploads\/2022\/04\/MiuMjau-logo-kollane.png","width":219,"height":100,"caption":"MiuMjau O\u00dc"},"image":{"@id":"https:\/\/miumjau.ee\/#\/schema\/logo\/image\/"},"sameAs":["https:\/\/www.facebook.com\/miumjaupood\/"]}]}},"_links":{"self":[{"href":"https:\/\/miumjau.ee\/fi\/wp-json\/wp\/v2\/product\/55090","targetHints":{"allow":["GET"]}}],"collection":[{"href":"https:\/\/miumjau.ee\/fi\/wp-json\/wp\/v2\/product"}],"about":[{"href":"https:\/\/miumjau.ee\/fi\/wp-json\/wp\/v2\/types\/product"}],"wp:featuredmedia":[{"embeddable":true,"href":"https:\/\/miumjau.ee\/fi\/wp-json\/wp\/v2\/media\/54684"}],"wp:attachment":[{"href":"https:\/\/miumjau.ee\/fi\/wp-json\/wp\/v2\/media?parent=55090"}],"wp:term":[{"taxonomy":"product_brand","embeddable":true,"href":"https:\/\/miumjau.ee\/fi\/wp-json\/wp\/v2\/product_brand?post=55090"},{"taxonomy":"product_cat","embeddable":true,"href":"https:\/\/miumjau.ee\/fi\/wp-json\/wp\/v2\/product_cat?post=55090"},{"taxonomy":"product_tag","embeddable":true,"href":"https:\/\/miumjau.ee\/fi\/wp-json\/wp\/v2\/product_tag?post=55090"}],"curies":[{"name":"wp","href":"https:\/\/api.w.org\/{rel}","templated":true}]}}