{"id":55085,"date":"2026-03-10T12:40:22","date_gmt":"2026-03-10T10:40:22","guid":{"rendered":"https:\/\/miumjau.ee\/toode\/kong-zero-shock-talutin\/"},"modified":"2026-03-10T12:40:22","modified_gmt":"2026-03-10T10:40:22","slug":"kong-zero-shock-talutin","status":"publish","type":"product","link":"https:\/\/miumjau.ee\/fi\/tuote\/kong-zero-shock-talutin\/","title":{"rendered":"KONG Zero-Shock talutin"},"content":{"rendered":"","protected":false},"excerpt":{"rendered":"<p data-start=\"573\" data-end=\"627\"><strong data-start=\"573\" data-end=\"627\">KONG Zero-Shock talutin (yksi koko sopii kaikille)<\/strong><\/p>\n<p data-start=\"629\" data-end=\"722\">Py\u00f6riv\u00e4 kahva auttaa est\u00e4m\u00e4\u00e4n taluttimen kiertymisen, ja neopreenikahva takaa mukavan otteen.<\/p>\n<p data-start=\"724\" data-end=\"740\"><strong data-start=\"724\" data-end=\"740\">Ominaisuudet<\/strong><\/p>\n<p data-start=\"742\" data-end=\"966\">Iskua vaimentava elastinen bungee-osa<br data-start=\"779\" data-end=\"782\" \/>Kiertymist\u00e4 est\u00e4v\u00e4 py\u00f6riv\u00e4 liitos<br data-start=\"815\" data-end=\"818\" \/>Lis\u00e4kahva l\u00e4hell\u00e4 talutinta nopeaa hallintaa varten<br data-start=\"869\" data-end=\"872\" \/>D-rengas lis\u00e4varusteiden kiinnitt\u00e4miseen<br data-start=\"912\" data-end=\"915\" \/>Karabiinilukko kaulapantaan kiinnitt\u00e4mist\u00e4 varten<\/p>\n<p data-start=\"968\" data-end=\"976\"><strong data-start=\"968\" data-end=\"976\">Koko<\/strong><\/p>\n<p data-start=\"978\" data-end=\"1027\">Pituus: 102 cm<br data-start=\"992\" data-end=\"995\" \/>Sopii koirille enint\u00e4\u00e4n: 23 kg<\/p>\n","protected":false},"featured_media":54660,"template":"","meta":[],"product_brand":[],"product_cat":[862],"product_tag":[],"class_list":{"0":"post-55085","1":"product","2":"type-product","3":"status-publish","4":"has-post-thumbnail","6":"product_cat-koirien-vaatteet-jalkineet","8":"first","9":"instock","10":"taxable","11":"shipping-taxable","12":"purchasable","13":"product-type-simple"},"yoast_head":"<!-- This site is optimized with the Yoast SEO plugin v27.4 - https:\/\/yoast.com\/product\/yoast-seo-wordpress\/ -->\n<title>KONG Zero-Shock talutin - MiuMjau<\/title>\n<meta name=\"robots\" content=\"index, follow, max-snippet:-1, max-image-preview:large, max-video-preview:-1\" \/>\n<link rel=\"canonical\" href=\"https:\/\/miumjau.ee\/fi\/tuote\/kong-zero-shock-talutin\/\" \/>\n<meta property=\"og:locale\" content=\"fi_FI\" \/>\n<meta property=\"og:type\" content=\"article\" \/>\n<meta property=\"og:title\" content=\"KONG Zero-Shock talutin - MiuMjau\" \/>\n<meta property=\"og:description\" content=\"KONG Zero-Shock talutin (yksi koko sopii kaikille) Py\u00f6riv\u00e4 kahva auttaa est\u00e4m\u00e4\u00e4n taluttimen kiertymisen, ja neopreenikahva takaa mukavan otteen. Ominaisuudet Iskua vaimentava elastinen bungee-osaKiertymist\u00e4 est\u00e4v\u00e4 py\u00f6riv\u00e4 liitosLis\u00e4kahva l\u00e4hell\u00e4 talutinta nopeaa hallintaa vartenD-rengas lis\u00e4varusteiden kiinnitt\u00e4miseenKarabiinilukko kaulapantaan kiinnitt\u00e4mist\u00e4 varten Koko Pituus: 102 cmSopii koirille enint\u00e4\u00e4n: 23 kg\" \/>\n<meta property=\"og:url\" content=\"https:\/\/miumjau.ee\/fi\/tuote\/kong-zero-shock-talutin\/\" \/>\n<meta property=\"og:site_name\" content=\"MiuMjau\" \/>\n<meta property=\"article:publisher\" content=\"https:\/\/www.facebook.com\/miumjaupood\/\" \/>\n<meta property=\"og:image\" content=\"https:\/\/miumjau.ee\/wp-content\/uploads\/2026\/03\/KONGZSBK-main.jpg\" \/>\n\t<meta property=\"og:image:width\" content=\"600\" \/>\n\t<meta property=\"og:image:height\" content=\"800\" \/>\n\t<meta property=\"og:image:type\" content=\"image\/jpeg\" \/>\n<meta name=\"twitter:card\" content=\"summary_large_image\" \/>\n<script type=\"application\/ld+json\" class=\"yoast-schema-graph\">{\"@context\":\"https:\\\/\\\/schema.org\",\"@graph\":[{\"@type\":\"WebPage\",\"@id\":\"https:\\\/\\\/miumjau.ee\\\/fi\\\/tuote\\\/kong-zero-shock-talutin\\\/\",\"url\":\"https:\\\/\\\/miumjau.ee\\\/fi\\\/tuote\\\/kong-zero-shock-talutin\\\/\",\"name\":\"KONG Zero-Shock talutin - MiuMjau\",\"isPartOf\":{\"@id\":\"https:\\\/\\\/miumjau.ee\\\/#website\"},\"primaryImageOfPage\":{\"@id\":\"https:\\\/\\\/miumjau.ee\\\/fi\\\/tuote\\\/kong-zero-shock-talutin\\\/#primaryimage\"},\"image\":{\"@id\":\"https:\\\/\\\/miumjau.ee\\\/fi\\\/tuote\\\/kong-zero-shock-talutin\\\/#primaryimage\"},\"thumbnailUrl\":\"https:\\\/\\\/miumjau.ee\\\/wp-content\\\/uploads\\\/2026\\\/03\\\/KONGZSBK-main.jpg\",\"datePublished\":\"2026-03-10T10:40:22+00:00\",\"breadcrumb\":{\"@id\":\"https:\\\/\\\/miumjau.ee\\\/fi\\\/tuote\\\/kong-zero-shock-talutin\\\/#breadcrumb\"},\"inLanguage\":\"fi\",\"potentialAction\":[{\"@type\":\"ReadAction\",\"target\":[\"https:\\\/\\\/miumjau.ee\\\/fi\\\/tuote\\\/kong-zero-shock-talutin\\\/\"]}]},{\"@type\":\"ImageObject\",\"inLanguage\":\"fi\",\"@id\":\"https:\\\/\\\/miumjau.ee\\\/fi\\\/tuote\\\/kong-zero-shock-talutin\\\/#primaryimage\",\"url\":\"https:\\\/\\\/miumjau.ee\\\/wp-content\\\/uploads\\\/2026\\\/03\\\/KONGZSBK-main.jpg\",\"contentUrl\":\"https:\\\/\\\/miumjau.ee\\\/wp-content\\\/uploads\\\/2026\\\/03\\\/KONGZSBK-main.jpg\",\"width\":600,\"height\":800,\"caption\":\"Kong Zero-Shock jalutusrihm\"},{\"@type\":\"BreadcrumbList\",\"@id\":\"https:\\\/\\\/miumjau.ee\\\/fi\\\/tuote\\\/kong-zero-shock-talutin\\\/#breadcrumb\",\"itemListElement\":[{\"@type\":\"ListItem\",\"position\":1,\"name\":\"Home\",\"item\":\"https:\\\/\\\/miumjau.ee\\\/fi\\\/\"},{\"@type\":\"ListItem\",\"position\":2,\"name\":\"Kauppa\",\"item\":\"https:\\\/\\\/miumjau.ee\\\/fi\\\/kauppa\\\/\"},{\"@type\":\"ListItem\",\"position\":3,\"name\":\"KONG Zero-Shock talutin\"}]},{\"@type\":\"WebSite\",\"@id\":\"https:\\\/\\\/miumjau.ee\\\/#website\",\"url\":\"https:\\\/\\\/miumjau.ee\\\/\",\"name\":\"MiuMjau\",\"description\":\"Kraapimispuud kassidele\",\"publisher\":{\"@id\":\"https:\\\/\\\/miumjau.ee\\\/#organization\"},\"potentialAction\":[{\"@type\":\"SearchAction\",\"target\":{\"@type\":\"EntryPoint\",\"urlTemplate\":\"https:\\\/\\\/miumjau.ee\\\/?s={search_term_string}\"},\"query-input\":{\"@type\":\"PropertyValueSpecification\",\"valueRequired\":true,\"valueName\":\"search_term_string\"}}],\"inLanguage\":\"fi\"},{\"@type\":\"Organization\",\"@id\":\"https:\\\/\\\/miumjau.ee\\\/#organization\",\"name\":\"MiuMjau O\u00dc\",\"url\":\"https:\\\/\\\/miumjau.ee\\\/\",\"logo\":{\"@type\":\"ImageObject\",\"inLanguage\":\"fi\",\"@id\":\"https:\\\/\\\/miumjau.ee\\\/#\\\/schema\\\/logo\\\/image\\\/\",\"url\":\"https:\\\/\\\/miumjau.ee\\\/wp-content\\\/uploads\\\/2022\\\/04\\\/MiuMjau-logo-kollane.png\",\"contentUrl\":\"https:\\\/\\\/miumjau.ee\\\/wp-content\\\/uploads\\\/2022\\\/04\\\/MiuMjau-logo-kollane.png\",\"width\":219,\"height\":100,\"caption\":\"MiuMjau O\u00dc\"},\"image\":{\"@id\":\"https:\\\/\\\/miumjau.ee\\\/#\\\/schema\\\/logo\\\/image\\\/\"},\"sameAs\":[\"https:\\\/\\\/www.facebook.com\\\/miumjaupood\\\/\"]}]}<\/script>\n<!-- \/ Yoast SEO plugin. -->","yoast_head_json":{"title":"KONG Zero-Shock talutin - MiuMjau","robots":{"index":"index","follow":"follow","max-snippet":"max-snippet:-1","max-image-preview":"max-image-preview:large","max-video-preview":"max-video-preview:-1"},"canonical":"https:\/\/miumjau.ee\/fi\/tuote\/kong-zero-shock-talutin\/","og_locale":"fi_FI","og_type":"article","og_title":"KONG Zero-Shock talutin - MiuMjau","og_description":"KONG Zero-Shock talutin (yksi koko sopii kaikille) Py\u00f6riv\u00e4 kahva auttaa est\u00e4m\u00e4\u00e4n taluttimen kiertymisen, ja neopreenikahva takaa mukavan otteen. Ominaisuudet Iskua vaimentava elastinen bungee-osaKiertymist\u00e4 est\u00e4v\u00e4 py\u00f6riv\u00e4 liitosLis\u00e4kahva l\u00e4hell\u00e4 talutinta nopeaa hallintaa vartenD-rengas lis\u00e4varusteiden kiinnitt\u00e4miseenKarabiinilukko kaulapantaan kiinnitt\u00e4mist\u00e4 varten Koko Pituus: 102 cmSopii koirille enint\u00e4\u00e4n: 23 kg","og_url":"https:\/\/miumjau.ee\/fi\/tuote\/kong-zero-shock-talutin\/","og_site_name":"MiuMjau","article_publisher":"https:\/\/www.facebook.com\/miumjaupood\/","og_image":[{"width":600,"height":800,"url":"https:\/\/miumjau.ee\/wp-content\/uploads\/2026\/03\/KONGZSBK-main.jpg","type":"image\/jpeg"}],"twitter_card":"summary_large_image","schema":{"@context":"https:\/\/schema.org","@graph":[{"@type":"WebPage","@id":"https:\/\/miumjau.ee\/fi\/tuote\/kong-zero-shock-talutin\/","url":"https:\/\/miumjau.ee\/fi\/tuote\/kong-zero-shock-talutin\/","name":"KONG Zero-Shock talutin - MiuMjau","isPartOf":{"@id":"https:\/\/miumjau.ee\/#website"},"primaryImageOfPage":{"@id":"https:\/\/miumjau.ee\/fi\/tuote\/kong-zero-shock-talutin\/#primaryimage"},"image":{"@id":"https:\/\/miumjau.ee\/fi\/tuote\/kong-zero-shock-talutin\/#primaryimage"},"thumbnailUrl":"https:\/\/miumjau.ee\/wp-content\/uploads\/2026\/03\/KONGZSBK-main.jpg","datePublished":"2026-03-10T10:40:22+00:00","breadcrumb":{"@id":"https:\/\/miumjau.ee\/fi\/tuote\/kong-zero-shock-talutin\/#breadcrumb"},"inLanguage":"fi","potentialAction":[{"@type":"ReadAction","target":["https:\/\/miumjau.ee\/fi\/tuote\/kong-zero-shock-talutin\/"]}]},{"@type":"ImageObject","inLanguage":"fi","@id":"https:\/\/miumjau.ee\/fi\/tuote\/kong-zero-shock-talutin\/#primaryimage","url":"https:\/\/miumjau.ee\/wp-content\/uploads\/2026\/03\/KONGZSBK-main.jpg","contentUrl":"https:\/\/miumjau.ee\/wp-content\/uploads\/2026\/03\/KONGZSBK-main.jpg","width":600,"height":800,"caption":"Kong Zero-Shock jalutusrihm"},{"@type":"BreadcrumbList","@id":"https:\/\/miumjau.ee\/fi\/tuote\/kong-zero-shock-talutin\/#breadcrumb","itemListElement":[{"@type":"ListItem","position":1,"name":"Home","item":"https:\/\/miumjau.ee\/fi\/"},{"@type":"ListItem","position":2,"name":"Kauppa","item":"https:\/\/miumjau.ee\/fi\/kauppa\/"},{"@type":"ListItem","position":3,"name":"KONG Zero-Shock talutin"}]},{"@type":"WebSite","@id":"https:\/\/miumjau.ee\/#website","url":"https:\/\/miumjau.ee\/","name":"MiuMjau","description":"Kraapimispuud kassidele","publisher":{"@id":"https:\/\/miumjau.ee\/#organization"},"potentialAction":[{"@type":"SearchAction","target":{"@type":"EntryPoint","urlTemplate":"https:\/\/miumjau.ee\/?s={search_term_string}"},"query-input":{"@type":"PropertyValueSpecification","valueRequired":true,"valueName":"search_term_string"}}],"inLanguage":"fi"},{"@type":"Organization","@id":"https:\/\/miumjau.ee\/#organization","name":"MiuMjau O\u00dc","url":"https:\/\/miumjau.ee\/","logo":{"@type":"ImageObject","inLanguage":"fi","@id":"https:\/\/miumjau.ee\/#\/schema\/logo\/image\/","url":"https:\/\/miumjau.ee\/wp-content\/uploads\/2022\/04\/MiuMjau-logo-kollane.png","contentUrl":"https:\/\/miumjau.ee\/wp-content\/uploads\/2022\/04\/MiuMjau-logo-kollane.png","width":219,"height":100,"caption":"MiuMjau O\u00dc"},"image":{"@id":"https:\/\/miumjau.ee\/#\/schema\/logo\/image\/"},"sameAs":["https:\/\/www.facebook.com\/miumjaupood\/"]}]}},"_links":{"self":[{"href":"https:\/\/miumjau.ee\/fi\/wp-json\/wp\/v2\/product\/55085","targetHints":{"allow":["GET"]}}],"collection":[{"href":"https:\/\/miumjau.ee\/fi\/wp-json\/wp\/v2\/product"}],"about":[{"href":"https:\/\/miumjau.ee\/fi\/wp-json\/wp\/v2\/types\/product"}],"wp:featuredmedia":[{"embeddable":true,"href":"https:\/\/miumjau.ee\/fi\/wp-json\/wp\/v2\/media\/54660"}],"wp:attachment":[{"href":"https:\/\/miumjau.ee\/fi\/wp-json\/wp\/v2\/media?parent=55085"}],"wp:term":[{"taxonomy":"product_brand","embeddable":true,"href":"https:\/\/miumjau.ee\/fi\/wp-json\/wp\/v2\/product_brand?post=55085"},{"taxonomy":"product_cat","embeddable":true,"href":"https:\/\/miumjau.ee\/fi\/wp-json\/wp\/v2\/product_cat?post=55085"},{"taxonomy":"product_tag","embeddable":true,"href":"https:\/\/miumjau.ee\/fi\/wp-json\/wp\/v2\/product_tag?post=55085"}],"curies":[{"name":"wp","href":"https:\/\/api.w.org\/{rel}","templated":true}]}}