{"id":55080,"date":"2026-03-10T12:42:38","date_gmt":"2026-03-10T10:42:38","guid":{"rendered":"https:\/\/miumjau.ee\/toode\/spotted-pro-nahkatalutin-16-x-180-cm\/"},"modified":"2026-03-10T12:42:38","modified_gmt":"2026-03-10T10:42:38","slug":"spotted-pro-nahkatalutin-16-x-180-cm","status":"publish","type":"product","link":"https:\/\/miumjau.ee\/fi\/tuote\/spotted-pro-nahkatalutin-16-x-180-cm\/","title":{"rendered":"Spotted! Pro nahkatalutin 1,6 x 180 cm"},"content":{"rendered":"","protected":false},"excerpt":{"rendered":"<p data-start=\"1257\" data-end=\"1317\"><strong data-start=\"1257\" data-end=\"1317\">Spotted! Pro \u2013 korkealaatuinen nahkainen n\u00e4yttelytalutin<\/strong><\/p>\n<p data-start=\"1319\" data-end=\"1637\">Hemmottele itse\u00e4si ja koiraasi parhaalla t\u00e4ll\u00e4 huippulaadukkaalla nahkaisella n\u00e4yttelytaluttimella! Se ei ole ainoastaan k\u00e4yt\u00e4nn\u00f6llinen, vaan my\u00f6s n\u00e4ytt\u00e4v\u00e4. Talutinta koristaa kaunis punos sek\u00e4 kahvassa ett\u00e4 kaulapannan kiinnityskohdassa. Yhdess\u00e4 laadukkaan nahan kanssa se luo eritt\u00e4in tyylikk\u00e4\u00e4n ja elegantin ilmeen.<\/p>\n<p data-start=\"1639\" data-end=\"1977\">Talutin on valmistettu naudannahkan pintakerroksesta. Nahka on t\u00e4ysin parkittu, mik\u00e4 tekee siit\u00e4 pehme\u00e4n ja joustavan. T\u00e4m\u00e4n parkitusprosessin ansiosta nahan luonnollinen rakenne s\u00e4ilyy n\u00e4kyviss\u00e4, mik\u00e4 antaa sille kauniin ja luonnollisen ulkon\u00e4\u00f6n. Nahka on viimeistelty luonnon\u00f6ljyll\u00e4, mik\u00e4 tekee siit\u00e4 entist\u00e4 pehme\u00e4mm\u00e4n ja elastisemman.<\/p>\n<p data-start=\"1979\" data-end=\"2072\">Taluttimen metalliosat on viimeistelty tyylikk\u00e4\u00e4ll\u00e4 ja rustiikkisella antiikkihopean s\u00e4vyll\u00e4.<\/p>\n<p data-start=\"2074\" data-end=\"2100\"><strong data-start=\"2074\" data-end=\"2100\">Tuotteen ominaisuudet:<\/strong><\/p>\n<p data-start=\"2102\" data-end=\"2274\">Korkea laatu<br data-start=\"2114\" data-end=\"2117\" \/>Kest\u00e4vyys<br data-start=\"2126\" data-end=\"2129\" \/>Joustavuus<br data-start=\"2139\" data-end=\"2142\" \/>Sopii p\u00e4ivitt\u00e4iseen k\u00e4ytt\u00f6\u00f6n<br data-start=\"2170\" data-end=\"2173\" \/>Kest\u00e4\u00e4 ulkoisia tekij\u00f6it\u00e4 kuten valoa, likaa ja p\u00f6ly\u00e4<br data-start=\"2226\" data-end=\"2229\" \/>Tyylik\u00e4s ulkon\u00e4k\u00f6 kauniin punoksen ansiosta<\/p>\n<p data-start=\"2276\" data-end=\"2403\">Tee itsellesi ja koirallesi palvelus ja tee jokaisesta lenkist\u00e4 erityinen t\u00e4ll\u00e4 upealla Spotted! Pro -n\u00e4yttelytaluttimella! \ud83d\udc15\u2728<\/p>\n","protected":false},"featured_media":54666,"template":"","meta":[],"product_brand":[],"product_cat":[862],"product_tag":[],"class_list":{"0":"post-55080","1":"product","2":"type-product","3":"status-publish","4":"has-post-thumbnail","6":"product_cat-koirien-vaatteet-jalkineet","8":"first","9":"instock","10":"taxable","11":"shipping-taxable","12":"purchasable","13":"product-type-simple"},"yoast_head":"<!-- This site is optimized with the Yoast SEO plugin v27.4 - https:\/\/yoast.com\/product\/yoast-seo-wordpress\/ -->\n<title>Spotted! Pro nahkatalutin 1,6 x 180 cm - MiuMjau<\/title>\n<meta name=\"robots\" content=\"index, follow, max-snippet:-1, max-image-preview:large, max-video-preview:-1\" \/>\n<link rel=\"canonical\" href=\"https:\/\/miumjau.ee\/fi\/tuote\/spotted-pro-nahkatalutin-16-x-180-cm\/\" \/>\n<meta property=\"og:locale\" content=\"fi_FI\" \/>\n<meta property=\"og:type\" content=\"article\" \/>\n<meta property=\"og:title\" content=\"Spotted! Pro nahkatalutin 1,6 x 180 cm - MiuMjau\" \/>\n<meta property=\"og:description\" content=\"Spotted! Pro \u2013 korkealaatuinen nahkainen n\u00e4yttelytalutin Hemmottele itse\u00e4si ja koiraasi parhaalla t\u00e4ll\u00e4 huippulaadukkaalla nahkaisella n\u00e4yttelytaluttimella! Se ei ole ainoastaan k\u00e4yt\u00e4nn\u00f6llinen, vaan my\u00f6s n\u00e4ytt\u00e4v\u00e4. Talutinta koristaa kaunis punos sek\u00e4 kahvassa ett\u00e4 kaulapannan kiinnityskohdassa. Yhdess\u00e4 laadukkaan nahan kanssa se luo eritt\u00e4in tyylikk\u00e4\u00e4n ja elegantin ilmeen. Talutin on valmistettu naudannahkan pintakerroksesta. Nahka on t\u00e4ysin parkittu, mik\u00e4 tekee siit\u00e4 pehme\u00e4n ja joustavan. T\u00e4m\u00e4n parkitusprosessin ansiosta nahan luonnollinen rakenne s\u00e4ilyy n\u00e4kyviss\u00e4, mik\u00e4 antaa sille kauniin ja luonnollisen ulkon\u00e4\u00f6n. Nahka on viimeistelty luonnon\u00f6ljyll\u00e4, mik\u00e4 tekee siit\u00e4 entist\u00e4 pehme\u00e4mm\u00e4n ja elastisemman. Taluttimen metalliosat on viimeistelty tyylikk\u00e4\u00e4ll\u00e4 ja rustiikkisella antiikkihopean s\u00e4vyll\u00e4. Tuotteen ominaisuudet: Korkea laatuKest\u00e4vyysJoustavuusSopii p\u00e4ivitt\u00e4iseen k\u00e4ytt\u00f6\u00f6nKest\u00e4\u00e4 ulkoisia tekij\u00f6it\u00e4 kuten valoa, likaa ja p\u00f6ly\u00e4Tyylik\u00e4s ulkon\u00e4k\u00f6 kauniin punoksen ansiosta Tee itsellesi ja koirallesi palvelus ja tee jokaisesta lenkist\u00e4 erityinen t\u00e4ll\u00e4 upealla Spotted! Pro -n\u00e4yttelytaluttimella! \ud83d\udc15\u2728\" \/>\n<meta property=\"og:url\" content=\"https:\/\/miumjau.ee\/fi\/tuote\/spotted-pro-nahkatalutin-16-x-180-cm\/\" \/>\n<meta property=\"og:site_name\" content=\"MiuMjau\" \/>\n<meta property=\"article:publisher\" content=\"https:\/\/www.facebook.com\/miumjaupood\/\" \/>\n<meta property=\"og:image\" content=\"https:\/\/miumjau.ee\/wp-content\/uploads\/2026\/03\/SPOT0047A2-main.jpg\" \/>\n\t<meta property=\"og:image:width\" content=\"600\" \/>\n\t<meta property=\"og:image:height\" content=\"800\" \/>\n\t<meta property=\"og:image:type\" content=\"image\/jpeg\" \/>\n<meta name=\"twitter:card\" content=\"summary_large_image\" \/>\n<script type=\"application\/ld+json\" class=\"yoast-schema-graph\">{\"@context\":\"https:\\\/\\\/schema.org\",\"@graph\":[{\"@type\":\"WebPage\",\"@id\":\"https:\\\/\\\/miumjau.ee\\\/fi\\\/tuote\\\/spotted-pro-nahkatalutin-16-x-180-cm\\\/\",\"url\":\"https:\\\/\\\/miumjau.ee\\\/fi\\\/tuote\\\/spotted-pro-nahkatalutin-16-x-180-cm\\\/\",\"name\":\"Spotted! Pro nahkatalutin 1,6 x 180 cm - MiuMjau\",\"isPartOf\":{\"@id\":\"https:\\\/\\\/miumjau.ee\\\/#website\"},\"primaryImageOfPage\":{\"@id\":\"https:\\\/\\\/miumjau.ee\\\/fi\\\/tuote\\\/spotted-pro-nahkatalutin-16-x-180-cm\\\/#primaryimage\"},\"image\":{\"@id\":\"https:\\\/\\\/miumjau.ee\\\/fi\\\/tuote\\\/spotted-pro-nahkatalutin-16-x-180-cm\\\/#primaryimage\"},\"thumbnailUrl\":\"https:\\\/\\\/miumjau.ee\\\/wp-content\\\/uploads\\\/2026\\\/03\\\/SPOT0047A2-main.jpg\",\"datePublished\":\"2026-03-10T10:42:38+00:00\",\"breadcrumb\":{\"@id\":\"https:\\\/\\\/miumjau.ee\\\/fi\\\/tuote\\\/spotted-pro-nahkatalutin-16-x-180-cm\\\/#breadcrumb\"},\"inLanguage\":\"fi\",\"potentialAction\":[{\"@type\":\"ReadAction\",\"target\":[\"https:\\\/\\\/miumjau.ee\\\/fi\\\/tuote\\\/spotted-pro-nahkatalutin-16-x-180-cm\\\/\"]}]},{\"@type\":\"ImageObject\",\"inLanguage\":\"fi\",\"@id\":\"https:\\\/\\\/miumjau.ee\\\/fi\\\/tuote\\\/spotted-pro-nahkatalutin-16-x-180-cm\\\/#primaryimage\",\"url\":\"https:\\\/\\\/miumjau.ee\\\/wp-content\\\/uploads\\\/2026\\\/03\\\/SPOT0047A2-main.jpg\",\"contentUrl\":\"https:\\\/\\\/miumjau.ee\\\/wp-content\\\/uploads\\\/2026\\\/03\\\/SPOT0047A2-main.jpg\",\"width\":600,\"height\":800,\"caption\":\"Spotted! Pro nahast rihm 1.6 x 180 cm\"},{\"@type\":\"BreadcrumbList\",\"@id\":\"https:\\\/\\\/miumjau.ee\\\/fi\\\/tuote\\\/spotted-pro-nahkatalutin-16-x-180-cm\\\/#breadcrumb\",\"itemListElement\":[{\"@type\":\"ListItem\",\"position\":1,\"name\":\"Home\",\"item\":\"https:\\\/\\\/miumjau.ee\\\/fi\\\/\"},{\"@type\":\"ListItem\",\"position\":2,\"name\":\"Kauppa\",\"item\":\"https:\\\/\\\/miumjau.ee\\\/fi\\\/kauppa\\\/\"},{\"@type\":\"ListItem\",\"position\":3,\"name\":\"Spotted! Pro nahkatalutin 1,6 x 180 cm\"}]},{\"@type\":\"WebSite\",\"@id\":\"https:\\\/\\\/miumjau.ee\\\/#website\",\"url\":\"https:\\\/\\\/miumjau.ee\\\/\",\"name\":\"MiuMjau\",\"description\":\"Kraapimispuud kassidele\",\"publisher\":{\"@id\":\"https:\\\/\\\/miumjau.ee\\\/#organization\"},\"potentialAction\":[{\"@type\":\"SearchAction\",\"target\":{\"@type\":\"EntryPoint\",\"urlTemplate\":\"https:\\\/\\\/miumjau.ee\\\/?s={search_term_string}\"},\"query-input\":{\"@type\":\"PropertyValueSpecification\",\"valueRequired\":true,\"valueName\":\"search_term_string\"}}],\"inLanguage\":\"fi\"},{\"@type\":\"Organization\",\"@id\":\"https:\\\/\\\/miumjau.ee\\\/#organization\",\"name\":\"MiuMjau O\u00dc\",\"url\":\"https:\\\/\\\/miumjau.ee\\\/\",\"logo\":{\"@type\":\"ImageObject\",\"inLanguage\":\"fi\",\"@id\":\"https:\\\/\\\/miumjau.ee\\\/#\\\/schema\\\/logo\\\/image\\\/\",\"url\":\"https:\\\/\\\/miumjau.ee\\\/wp-content\\\/uploads\\\/2022\\\/04\\\/MiuMjau-logo-kollane.png\",\"contentUrl\":\"https:\\\/\\\/miumjau.ee\\\/wp-content\\\/uploads\\\/2022\\\/04\\\/MiuMjau-logo-kollane.png\",\"width\":219,\"height\":100,\"caption\":\"MiuMjau O\u00dc\"},\"image\":{\"@id\":\"https:\\\/\\\/miumjau.ee\\\/#\\\/schema\\\/logo\\\/image\\\/\"},\"sameAs\":[\"https:\\\/\\\/www.facebook.com\\\/miumjaupood\\\/\"]}]}<\/script>\n<!-- \/ Yoast SEO plugin. -->","yoast_head_json":{"title":"Spotted! Pro nahkatalutin 1,6 x 180 cm - MiuMjau","robots":{"index":"index","follow":"follow","max-snippet":"max-snippet:-1","max-image-preview":"max-image-preview:large","max-video-preview":"max-video-preview:-1"},"canonical":"https:\/\/miumjau.ee\/fi\/tuote\/spotted-pro-nahkatalutin-16-x-180-cm\/","og_locale":"fi_FI","og_type":"article","og_title":"Spotted! Pro nahkatalutin 1,6 x 180 cm - MiuMjau","og_description":"Spotted! Pro \u2013 korkealaatuinen nahkainen n\u00e4yttelytalutin Hemmottele itse\u00e4si ja koiraasi parhaalla t\u00e4ll\u00e4 huippulaadukkaalla nahkaisella n\u00e4yttelytaluttimella! Se ei ole ainoastaan k\u00e4yt\u00e4nn\u00f6llinen, vaan my\u00f6s n\u00e4ytt\u00e4v\u00e4. Talutinta koristaa kaunis punos sek\u00e4 kahvassa ett\u00e4 kaulapannan kiinnityskohdassa. Yhdess\u00e4 laadukkaan nahan kanssa se luo eritt\u00e4in tyylikk\u00e4\u00e4n ja elegantin ilmeen. Talutin on valmistettu naudannahkan pintakerroksesta. Nahka on t\u00e4ysin parkittu, mik\u00e4 tekee siit\u00e4 pehme\u00e4n ja joustavan. T\u00e4m\u00e4n parkitusprosessin ansiosta nahan luonnollinen rakenne s\u00e4ilyy n\u00e4kyviss\u00e4, mik\u00e4 antaa sille kauniin ja luonnollisen ulkon\u00e4\u00f6n. Nahka on viimeistelty luonnon\u00f6ljyll\u00e4, mik\u00e4 tekee siit\u00e4 entist\u00e4 pehme\u00e4mm\u00e4n ja elastisemman. Taluttimen metalliosat on viimeistelty tyylikk\u00e4\u00e4ll\u00e4 ja rustiikkisella antiikkihopean s\u00e4vyll\u00e4. Tuotteen ominaisuudet: Korkea laatuKest\u00e4vyysJoustavuusSopii p\u00e4ivitt\u00e4iseen k\u00e4ytt\u00f6\u00f6nKest\u00e4\u00e4 ulkoisia tekij\u00f6it\u00e4 kuten valoa, likaa ja p\u00f6ly\u00e4Tyylik\u00e4s ulkon\u00e4k\u00f6 kauniin punoksen ansiosta Tee itsellesi ja koirallesi palvelus ja tee jokaisesta lenkist\u00e4 erityinen t\u00e4ll\u00e4 upealla Spotted! Pro -n\u00e4yttelytaluttimella! \ud83d\udc15\u2728","og_url":"https:\/\/miumjau.ee\/fi\/tuote\/spotted-pro-nahkatalutin-16-x-180-cm\/","og_site_name":"MiuMjau","article_publisher":"https:\/\/www.facebook.com\/miumjaupood\/","og_image":[{"width":600,"height":800,"url":"https:\/\/miumjau.ee\/wp-content\/uploads\/2026\/03\/SPOT0047A2-main.jpg","type":"image\/jpeg"}],"twitter_card":"summary_large_image","schema":{"@context":"https:\/\/schema.org","@graph":[{"@type":"WebPage","@id":"https:\/\/miumjau.ee\/fi\/tuote\/spotted-pro-nahkatalutin-16-x-180-cm\/","url":"https:\/\/miumjau.ee\/fi\/tuote\/spotted-pro-nahkatalutin-16-x-180-cm\/","name":"Spotted! Pro nahkatalutin 1,6 x 180 cm - MiuMjau","isPartOf":{"@id":"https:\/\/miumjau.ee\/#website"},"primaryImageOfPage":{"@id":"https:\/\/miumjau.ee\/fi\/tuote\/spotted-pro-nahkatalutin-16-x-180-cm\/#primaryimage"},"image":{"@id":"https:\/\/miumjau.ee\/fi\/tuote\/spotted-pro-nahkatalutin-16-x-180-cm\/#primaryimage"},"thumbnailUrl":"https:\/\/miumjau.ee\/wp-content\/uploads\/2026\/03\/SPOT0047A2-main.jpg","datePublished":"2026-03-10T10:42:38+00:00","breadcrumb":{"@id":"https:\/\/miumjau.ee\/fi\/tuote\/spotted-pro-nahkatalutin-16-x-180-cm\/#breadcrumb"},"inLanguage":"fi","potentialAction":[{"@type":"ReadAction","target":["https:\/\/miumjau.ee\/fi\/tuote\/spotted-pro-nahkatalutin-16-x-180-cm\/"]}]},{"@type":"ImageObject","inLanguage":"fi","@id":"https:\/\/miumjau.ee\/fi\/tuote\/spotted-pro-nahkatalutin-16-x-180-cm\/#primaryimage","url":"https:\/\/miumjau.ee\/wp-content\/uploads\/2026\/03\/SPOT0047A2-main.jpg","contentUrl":"https:\/\/miumjau.ee\/wp-content\/uploads\/2026\/03\/SPOT0047A2-main.jpg","width":600,"height":800,"caption":"Spotted! Pro nahast rihm 1.6 x 180 cm"},{"@type":"BreadcrumbList","@id":"https:\/\/miumjau.ee\/fi\/tuote\/spotted-pro-nahkatalutin-16-x-180-cm\/#breadcrumb","itemListElement":[{"@type":"ListItem","position":1,"name":"Home","item":"https:\/\/miumjau.ee\/fi\/"},{"@type":"ListItem","position":2,"name":"Kauppa","item":"https:\/\/miumjau.ee\/fi\/kauppa\/"},{"@type":"ListItem","position":3,"name":"Spotted! Pro nahkatalutin 1,6 x 180 cm"}]},{"@type":"WebSite","@id":"https:\/\/miumjau.ee\/#website","url":"https:\/\/miumjau.ee\/","name":"MiuMjau","description":"Kraapimispuud kassidele","publisher":{"@id":"https:\/\/miumjau.ee\/#organization"},"potentialAction":[{"@type":"SearchAction","target":{"@type":"EntryPoint","urlTemplate":"https:\/\/miumjau.ee\/?s={search_term_string}"},"query-input":{"@type":"PropertyValueSpecification","valueRequired":true,"valueName":"search_term_string"}}],"inLanguage":"fi"},{"@type":"Organization","@id":"https:\/\/miumjau.ee\/#organization","name":"MiuMjau O\u00dc","url":"https:\/\/miumjau.ee\/","logo":{"@type":"ImageObject","inLanguage":"fi","@id":"https:\/\/miumjau.ee\/#\/schema\/logo\/image\/","url":"https:\/\/miumjau.ee\/wp-content\/uploads\/2022\/04\/MiuMjau-logo-kollane.png","contentUrl":"https:\/\/miumjau.ee\/wp-content\/uploads\/2022\/04\/MiuMjau-logo-kollane.png","width":219,"height":100,"caption":"MiuMjau O\u00dc"},"image":{"@id":"https:\/\/miumjau.ee\/#\/schema\/logo\/image\/"},"sameAs":["https:\/\/www.facebook.com\/miumjaupood\/"]}]}},"_links":{"self":[{"href":"https:\/\/miumjau.ee\/fi\/wp-json\/wp\/v2\/product\/55080","targetHints":{"allow":["GET"]}}],"collection":[{"href":"https:\/\/miumjau.ee\/fi\/wp-json\/wp\/v2\/product"}],"about":[{"href":"https:\/\/miumjau.ee\/fi\/wp-json\/wp\/v2\/types\/product"}],"wp:featuredmedia":[{"embeddable":true,"href":"https:\/\/miumjau.ee\/fi\/wp-json\/wp\/v2\/media\/54666"}],"wp:attachment":[{"href":"https:\/\/miumjau.ee\/fi\/wp-json\/wp\/v2\/media?parent=55080"}],"wp:term":[{"taxonomy":"product_brand","embeddable":true,"href":"https:\/\/miumjau.ee\/fi\/wp-json\/wp\/v2\/product_brand?post=55080"},{"taxonomy":"product_cat","embeddable":true,"href":"https:\/\/miumjau.ee\/fi\/wp-json\/wp\/v2\/product_cat?post=55080"},{"taxonomy":"product_tag","embeddable":true,"href":"https:\/\/miumjau.ee\/fi\/wp-json\/wp\/v2\/product_tag?post=55080"}],"curies":[{"name":"wp","href":"https:\/\/api.w.org\/{rel}","templated":true}]}}