{"id":55040,"date":"2026-03-15T16:15:22","date_gmt":"2026-03-15T14:15:22","guid":{"rendered":"https:\/\/miumjau.ee\/toode\/dr-malou-pakastekuivatut-herkut-kananfileella-ja-ohranversolla-50g\/"},"modified":"2026-03-15T16:15:22","modified_gmt":"2026-03-15T14:15:22","slug":"dr-malou-pakastekuivatut-herkut-kananfileella-ja-ohranversolla-50g","status":"publish","type":"product","link":"https:\/\/miumjau.ee\/fi\/tuote\/dr-malou-pakastekuivatut-herkut-kananfileella-ja-ohranversolla-50g\/","title":{"rendered":"Dr Malou pakastekuivatut herkut kananfileell\u00e4 ja ohranversolla, 50g"},"content":{"rendered":"","protected":false},"excerpt":{"rendered":"<p data-start=\"3991\" data-end=\"4269\">Luonnolliset ja maukkaat kissanherkut kanalla ja ohranversolla ovat terveellinen lis\u00e4 kissasi p\u00e4ivitt\u00e4iseen ruokavalioon. Korkean lihapitoisuuden pakastekuivatut kuutiot tarjoavat runsaan maun sek\u00e4 arvokkaita ravintoaineita, jotka tukevat kissasi hyvinvointia ja ruoansulatusta.<\/p>\n<p data-start=\"4271\" data-end=\"4571\">Herkut on valmistettu korkealaatuisesta kananrinnasta ja kananmaksasta, jotka ovat luonnollinen proteiinin l\u00e4hde ja auttavat pit\u00e4m\u00e4\u00e4n kissasi energisen\u00e4 ja aktiivisena. Lis\u00e4tty ohranverso tunnetaan kuitu- ja klorofyllipitoisuudestaan, jotka tukevat ruoansulatusta ja kehon luonnollista puhdistumista.<\/p>\n<p data-start=\"4573\" data-end=\"4781\">Pakastekuivausteknologian ansiosta ainesosien luonnollinen maku, aromi ja ravintoarvo s\u00e4ilyv\u00e4t ilman korkeiden l\u00e4mp\u00f6tilojen k\u00e4ytt\u00f6\u00e4. T\u00e4m\u00e4 tekee herkuista erityisen maukkaita ja samalla terveellisi\u00e4 kissoille.<\/p>\n<p data-start=\"4783\" data-end=\"4924\">N\u00e4m\u00e4 kissanherkut sopivat erinomaisesti palkkioksi, koulutusherkuksi tai p\u00e4ivitt\u00e4isen ruoan lis\u00e4ksi, ja ne sopivat kaikenik\u00e4isille kissoille.<\/p>\n<p data-start=\"4926\" data-end=\"4966\">T\u00e4rkeimm\u00e4t edut<br data-start=\"4941\" data-end=\"4944\" \/>korkea lihapitoisuus<\/p>\n<p data-start=\"4968\" data-end=\"5012\">valmistettu kananrinnasta ja kananmaksasta<\/p>\n<p data-start=\"5014\" data-end=\"5063\">sis\u00e4lt\u00e4\u00e4 ohranversoa, joka tukee ruoansulatusta<\/p>\n<p data-start=\"5065\" data-end=\"5116\">pakastekuivattu \u2013 s\u00e4ilytt\u00e4\u00e4 ravintoaineet ja maun<\/p>\n<p data-start=\"5118\" data-end=\"5151\">sopii kaikenik\u00e4isille kissoille<\/p>\n<p data-start=\"5153\" data-end=\"5218\">Koostumus: kananrinta 84%, kananmaksa 5%, kuivattu ohranverso 5%.<\/p>\n","protected":false},"featured_media":54897,"template":"","meta":[],"product_brand":[],"product_cat":[266],"product_tag":[],"class_list":{"0":"post-55040","1":"product","2":"type-product","3":"status-publish","4":"has-post-thumbnail","6":"product_cat-makeiset","8":"first","9":"instock","10":"taxable","11":"shipping-taxable","12":"purchasable","13":"product-type-simple"},"yoast_head":"<!-- This site is optimized with the Yoast SEO plugin v27.4 - https:\/\/yoast.com\/product\/yoast-seo-wordpress\/ -->\n<title>Dr Malou pakastekuivatut herkut kananfileell\u00e4 ja ohranversolla, 50g - MiuMjau<\/title>\n<meta name=\"robots\" content=\"index, follow, max-snippet:-1, max-image-preview:large, max-video-preview:-1\" \/>\n<link rel=\"canonical\" href=\"https:\/\/miumjau.ee\/fi\/tuote\/dr-malou-pakastekuivatut-herkut-kananfileella-ja-ohranversolla-50g\/\" \/>\n<meta property=\"og:locale\" content=\"fi_FI\" \/>\n<meta property=\"og:type\" content=\"article\" \/>\n<meta property=\"og:title\" content=\"Dr Malou pakastekuivatut herkut kananfileell\u00e4 ja ohranversolla, 50g - MiuMjau\" \/>\n<meta property=\"og:description\" content=\"Luonnolliset ja maukkaat kissanherkut kanalla ja ohranversolla ovat terveellinen lis\u00e4 kissasi p\u00e4ivitt\u00e4iseen ruokavalioon. Korkean lihapitoisuuden pakastekuivatut kuutiot tarjoavat runsaan maun sek\u00e4 arvokkaita ravintoaineita, jotka tukevat kissasi hyvinvointia ja ruoansulatusta. Herkut on valmistettu korkealaatuisesta kananrinnasta ja kananmaksasta, jotka ovat luonnollinen proteiinin l\u00e4hde ja auttavat pit\u00e4m\u00e4\u00e4n kissasi energisen\u00e4 ja aktiivisena. Lis\u00e4tty ohranverso tunnetaan kuitu- ja klorofyllipitoisuudestaan, jotka tukevat ruoansulatusta ja kehon luonnollista puhdistumista. Pakastekuivausteknologian ansiosta ainesosien luonnollinen maku, aromi ja ravintoarvo s\u00e4ilyv\u00e4t ilman korkeiden l\u00e4mp\u00f6tilojen k\u00e4ytt\u00f6\u00e4. T\u00e4m\u00e4 tekee herkuista erityisen maukkaita ja samalla terveellisi\u00e4 kissoille. N\u00e4m\u00e4 kissanherkut sopivat erinomaisesti palkkioksi, koulutusherkuksi tai p\u00e4ivitt\u00e4isen ruoan lis\u00e4ksi, ja ne sopivat kaikenik\u00e4isille kissoille. T\u00e4rkeimm\u00e4t edutkorkea lihapitoisuus valmistettu kananrinnasta ja kananmaksasta sis\u00e4lt\u00e4\u00e4 ohranversoa, joka tukee ruoansulatusta pakastekuivattu \u2013 s\u00e4ilytt\u00e4\u00e4 ravintoaineet ja maun sopii kaikenik\u00e4isille kissoille Koostumus: kananrinta 84%, kananmaksa 5%, kuivattu ohranverso 5%.\" \/>\n<meta property=\"og:url\" content=\"https:\/\/miumjau.ee\/fi\/tuote\/dr-malou-pakastekuivatut-herkut-kananfileella-ja-ohranversolla-50g\/\" \/>\n<meta property=\"og:site_name\" content=\"MiuMjau\" \/>\n<meta property=\"article:publisher\" content=\"https:\/\/www.facebook.com\/miumjaupood\/\" \/>\n<meta property=\"og:image\" content=\"https:\/\/miumjau.ee\/wp-content\/uploads\/2026\/03\/dr-malou-kassirohi-kana-50g.jpg\" \/>\n\t<meta property=\"og:image:width\" content=\"600\" \/>\n\t<meta property=\"og:image:height\" content=\"800\" \/>\n\t<meta property=\"og:image:type\" content=\"image\/jpeg\" \/>\n<meta name=\"twitter:card\" content=\"summary_large_image\" \/>\n<script type=\"application\/ld+json\" class=\"yoast-schema-graph\">{\"@context\":\"https:\\\/\\\/schema.org\",\"@graph\":[{\"@type\":\"WebPage\",\"@id\":\"https:\\\/\\\/miumjau.ee\\\/fi\\\/tuote\\\/dr-malou-pakastekuivatut-herkut-kananfileella-ja-ohranversolla-50g\\\/\",\"url\":\"https:\\\/\\\/miumjau.ee\\\/fi\\\/tuote\\\/dr-malou-pakastekuivatut-herkut-kananfileella-ja-ohranversolla-50g\\\/\",\"name\":\"Dr Malou pakastekuivatut herkut kananfileell\u00e4 ja ohranversolla, 50g - MiuMjau\",\"isPartOf\":{\"@id\":\"https:\\\/\\\/miumjau.ee\\\/#website\"},\"primaryImageOfPage\":{\"@id\":\"https:\\\/\\\/miumjau.ee\\\/fi\\\/tuote\\\/dr-malou-pakastekuivatut-herkut-kananfileella-ja-ohranversolla-50g\\\/#primaryimage\"},\"image\":{\"@id\":\"https:\\\/\\\/miumjau.ee\\\/fi\\\/tuote\\\/dr-malou-pakastekuivatut-herkut-kananfileella-ja-ohranversolla-50g\\\/#primaryimage\"},\"thumbnailUrl\":\"https:\\\/\\\/miumjau.ee\\\/wp-content\\\/uploads\\\/2026\\\/03\\\/dr-malou-kassirohi-kana-50g.jpg\",\"datePublished\":\"2026-03-15T14:15:22+00:00\",\"breadcrumb\":{\"@id\":\"https:\\\/\\\/miumjau.ee\\\/fi\\\/tuote\\\/dr-malou-pakastekuivatut-herkut-kananfileella-ja-ohranversolla-50g\\\/#breadcrumb\"},\"inLanguage\":\"fi\",\"potentialAction\":[{\"@type\":\"ReadAction\",\"target\":[\"https:\\\/\\\/miumjau.ee\\\/fi\\\/tuote\\\/dr-malou-pakastekuivatut-herkut-kananfileella-ja-ohranversolla-50g\\\/\"]}]},{\"@type\":\"ImageObject\",\"inLanguage\":\"fi\",\"@id\":\"https:\\\/\\\/miumjau.ee\\\/fi\\\/tuote\\\/dr-malou-pakastekuivatut-herkut-kananfileella-ja-ohranversolla-50g\\\/#primaryimage\",\"url\":\"https:\\\/\\\/miumjau.ee\\\/wp-content\\\/uploads\\\/2026\\\/03\\\/dr-malou-kassirohi-kana-50g.jpg\",\"contentUrl\":\"https:\\\/\\\/miumjau.ee\\\/wp-content\\\/uploads\\\/2026\\\/03\\\/dr-malou-kassirohi-kana-50g.jpg\",\"width\":600,\"height\":800,\"caption\":\"Dr Malou k\u00fclmkuivatatud maiused kanafilee ja odraheinaga 50g\"},{\"@type\":\"BreadcrumbList\",\"@id\":\"https:\\\/\\\/miumjau.ee\\\/fi\\\/tuote\\\/dr-malou-pakastekuivatut-herkut-kananfileella-ja-ohranversolla-50g\\\/#breadcrumb\",\"itemListElement\":[{\"@type\":\"ListItem\",\"position\":1,\"name\":\"Home\",\"item\":\"https:\\\/\\\/miumjau.ee\\\/fi\\\/\"},{\"@type\":\"ListItem\",\"position\":2,\"name\":\"Kauppa\",\"item\":\"https:\\\/\\\/miumjau.ee\\\/fi\\\/kauppa\\\/\"},{\"@type\":\"ListItem\",\"position\":3,\"name\":\"Dr Malou pakastekuivatut herkut kananfileell\u00e4 ja ohranversolla, 50g\"}]},{\"@type\":\"WebSite\",\"@id\":\"https:\\\/\\\/miumjau.ee\\\/#website\",\"url\":\"https:\\\/\\\/miumjau.ee\\\/\",\"name\":\"MiuMjau\",\"description\":\"Kraapimispuud kassidele\",\"publisher\":{\"@id\":\"https:\\\/\\\/miumjau.ee\\\/#organization\"},\"potentialAction\":[{\"@type\":\"SearchAction\",\"target\":{\"@type\":\"EntryPoint\",\"urlTemplate\":\"https:\\\/\\\/miumjau.ee\\\/?s={search_term_string}\"},\"query-input\":{\"@type\":\"PropertyValueSpecification\",\"valueRequired\":true,\"valueName\":\"search_term_string\"}}],\"inLanguage\":\"fi\"},{\"@type\":\"Organization\",\"@id\":\"https:\\\/\\\/miumjau.ee\\\/#organization\",\"name\":\"MiuMjau O\u00dc\",\"url\":\"https:\\\/\\\/miumjau.ee\\\/\",\"logo\":{\"@type\":\"ImageObject\",\"inLanguage\":\"fi\",\"@id\":\"https:\\\/\\\/miumjau.ee\\\/#\\\/schema\\\/logo\\\/image\\\/\",\"url\":\"https:\\\/\\\/miumjau.ee\\\/wp-content\\\/uploads\\\/2022\\\/04\\\/MiuMjau-logo-kollane.png\",\"contentUrl\":\"https:\\\/\\\/miumjau.ee\\\/wp-content\\\/uploads\\\/2022\\\/04\\\/MiuMjau-logo-kollane.png\",\"width\":219,\"height\":100,\"caption\":\"MiuMjau O\u00dc\"},\"image\":{\"@id\":\"https:\\\/\\\/miumjau.ee\\\/#\\\/schema\\\/logo\\\/image\\\/\"},\"sameAs\":[\"https:\\\/\\\/www.facebook.com\\\/miumjaupood\\\/\"]}]}<\/script>\n<!-- \/ Yoast SEO plugin. -->","yoast_head_json":{"title":"Dr Malou pakastekuivatut herkut kananfileell\u00e4 ja ohranversolla, 50g - MiuMjau","robots":{"index":"index","follow":"follow","max-snippet":"max-snippet:-1","max-image-preview":"max-image-preview:large","max-video-preview":"max-video-preview:-1"},"canonical":"https:\/\/miumjau.ee\/fi\/tuote\/dr-malou-pakastekuivatut-herkut-kananfileella-ja-ohranversolla-50g\/","og_locale":"fi_FI","og_type":"article","og_title":"Dr Malou pakastekuivatut herkut kananfileell\u00e4 ja ohranversolla, 50g - MiuMjau","og_description":"Luonnolliset ja maukkaat kissanherkut kanalla ja ohranversolla ovat terveellinen lis\u00e4 kissasi p\u00e4ivitt\u00e4iseen ruokavalioon. Korkean lihapitoisuuden pakastekuivatut kuutiot tarjoavat runsaan maun sek\u00e4 arvokkaita ravintoaineita, jotka tukevat kissasi hyvinvointia ja ruoansulatusta. Herkut on valmistettu korkealaatuisesta kananrinnasta ja kananmaksasta, jotka ovat luonnollinen proteiinin l\u00e4hde ja auttavat pit\u00e4m\u00e4\u00e4n kissasi energisen\u00e4 ja aktiivisena. Lis\u00e4tty ohranverso tunnetaan kuitu- ja klorofyllipitoisuudestaan, jotka tukevat ruoansulatusta ja kehon luonnollista puhdistumista. Pakastekuivausteknologian ansiosta ainesosien luonnollinen maku, aromi ja ravintoarvo s\u00e4ilyv\u00e4t ilman korkeiden l\u00e4mp\u00f6tilojen k\u00e4ytt\u00f6\u00e4. T\u00e4m\u00e4 tekee herkuista erityisen maukkaita ja samalla terveellisi\u00e4 kissoille. N\u00e4m\u00e4 kissanherkut sopivat erinomaisesti palkkioksi, koulutusherkuksi tai p\u00e4ivitt\u00e4isen ruoan lis\u00e4ksi, ja ne sopivat kaikenik\u00e4isille kissoille. T\u00e4rkeimm\u00e4t edutkorkea lihapitoisuus valmistettu kananrinnasta ja kananmaksasta sis\u00e4lt\u00e4\u00e4 ohranversoa, joka tukee ruoansulatusta pakastekuivattu \u2013 s\u00e4ilytt\u00e4\u00e4 ravintoaineet ja maun sopii kaikenik\u00e4isille kissoille Koostumus: kananrinta 84%, kananmaksa 5%, kuivattu ohranverso 5%.","og_url":"https:\/\/miumjau.ee\/fi\/tuote\/dr-malou-pakastekuivatut-herkut-kananfileella-ja-ohranversolla-50g\/","og_site_name":"MiuMjau","article_publisher":"https:\/\/www.facebook.com\/miumjaupood\/","og_image":[{"width":600,"height":800,"url":"https:\/\/miumjau.ee\/wp-content\/uploads\/2026\/03\/dr-malou-kassirohi-kana-50g.jpg","type":"image\/jpeg"}],"twitter_card":"summary_large_image","schema":{"@context":"https:\/\/schema.org","@graph":[{"@type":"WebPage","@id":"https:\/\/miumjau.ee\/fi\/tuote\/dr-malou-pakastekuivatut-herkut-kananfileella-ja-ohranversolla-50g\/","url":"https:\/\/miumjau.ee\/fi\/tuote\/dr-malou-pakastekuivatut-herkut-kananfileella-ja-ohranversolla-50g\/","name":"Dr Malou pakastekuivatut herkut kananfileell\u00e4 ja ohranversolla, 50g - MiuMjau","isPartOf":{"@id":"https:\/\/miumjau.ee\/#website"},"primaryImageOfPage":{"@id":"https:\/\/miumjau.ee\/fi\/tuote\/dr-malou-pakastekuivatut-herkut-kananfileella-ja-ohranversolla-50g\/#primaryimage"},"image":{"@id":"https:\/\/miumjau.ee\/fi\/tuote\/dr-malou-pakastekuivatut-herkut-kananfileella-ja-ohranversolla-50g\/#primaryimage"},"thumbnailUrl":"https:\/\/miumjau.ee\/wp-content\/uploads\/2026\/03\/dr-malou-kassirohi-kana-50g.jpg","datePublished":"2026-03-15T14:15:22+00:00","breadcrumb":{"@id":"https:\/\/miumjau.ee\/fi\/tuote\/dr-malou-pakastekuivatut-herkut-kananfileella-ja-ohranversolla-50g\/#breadcrumb"},"inLanguage":"fi","potentialAction":[{"@type":"ReadAction","target":["https:\/\/miumjau.ee\/fi\/tuote\/dr-malou-pakastekuivatut-herkut-kananfileella-ja-ohranversolla-50g\/"]}]},{"@type":"ImageObject","inLanguage":"fi","@id":"https:\/\/miumjau.ee\/fi\/tuote\/dr-malou-pakastekuivatut-herkut-kananfileella-ja-ohranversolla-50g\/#primaryimage","url":"https:\/\/miumjau.ee\/wp-content\/uploads\/2026\/03\/dr-malou-kassirohi-kana-50g.jpg","contentUrl":"https:\/\/miumjau.ee\/wp-content\/uploads\/2026\/03\/dr-malou-kassirohi-kana-50g.jpg","width":600,"height":800,"caption":"Dr Malou k\u00fclmkuivatatud maiused kanafilee ja odraheinaga 50g"},{"@type":"BreadcrumbList","@id":"https:\/\/miumjau.ee\/fi\/tuote\/dr-malou-pakastekuivatut-herkut-kananfileella-ja-ohranversolla-50g\/#breadcrumb","itemListElement":[{"@type":"ListItem","position":1,"name":"Home","item":"https:\/\/miumjau.ee\/fi\/"},{"@type":"ListItem","position":2,"name":"Kauppa","item":"https:\/\/miumjau.ee\/fi\/kauppa\/"},{"@type":"ListItem","position":3,"name":"Dr Malou pakastekuivatut herkut kananfileell\u00e4 ja ohranversolla, 50g"}]},{"@type":"WebSite","@id":"https:\/\/miumjau.ee\/#website","url":"https:\/\/miumjau.ee\/","name":"MiuMjau","description":"Kraapimispuud kassidele","publisher":{"@id":"https:\/\/miumjau.ee\/#organization"},"potentialAction":[{"@type":"SearchAction","target":{"@type":"EntryPoint","urlTemplate":"https:\/\/miumjau.ee\/?s={search_term_string}"},"query-input":{"@type":"PropertyValueSpecification","valueRequired":true,"valueName":"search_term_string"}}],"inLanguage":"fi"},{"@type":"Organization","@id":"https:\/\/miumjau.ee\/#organization","name":"MiuMjau O\u00dc","url":"https:\/\/miumjau.ee\/","logo":{"@type":"ImageObject","inLanguage":"fi","@id":"https:\/\/miumjau.ee\/#\/schema\/logo\/image\/","url":"https:\/\/miumjau.ee\/wp-content\/uploads\/2022\/04\/MiuMjau-logo-kollane.png","contentUrl":"https:\/\/miumjau.ee\/wp-content\/uploads\/2022\/04\/MiuMjau-logo-kollane.png","width":219,"height":100,"caption":"MiuMjau O\u00dc"},"image":{"@id":"https:\/\/miumjau.ee\/#\/schema\/logo\/image\/"},"sameAs":["https:\/\/www.facebook.com\/miumjaupood\/"]}]}},"_links":{"self":[{"href":"https:\/\/miumjau.ee\/fi\/wp-json\/wp\/v2\/product\/55040","targetHints":{"allow":["GET"]}}],"collection":[{"href":"https:\/\/miumjau.ee\/fi\/wp-json\/wp\/v2\/product"}],"about":[{"href":"https:\/\/miumjau.ee\/fi\/wp-json\/wp\/v2\/types\/product"}],"wp:featuredmedia":[{"embeddable":true,"href":"https:\/\/miumjau.ee\/fi\/wp-json\/wp\/v2\/media\/54897"}],"wp:attachment":[{"href":"https:\/\/miumjau.ee\/fi\/wp-json\/wp\/v2\/media?parent=55040"}],"wp:term":[{"taxonomy":"product_brand","embeddable":true,"href":"https:\/\/miumjau.ee\/fi\/wp-json\/wp\/v2\/product_brand?post=55040"},{"taxonomy":"product_cat","embeddable":true,"href":"https:\/\/miumjau.ee\/fi\/wp-json\/wp\/v2\/product_cat?post=55040"},{"taxonomy":"product_tag","embeddable":true,"href":"https:\/\/miumjau.ee\/fi\/wp-json\/wp\/v2\/product_tag?post=55040"}],"curies":[{"name":"wp","href":"https:\/\/api.w.org\/{rel}","templated":true}]}}