{"id":55035,"date":"2026-03-15T16:27:19","date_gmt":"2026-03-15T14:27:19","guid":{"rendered":"https:\/\/miumjau.ee\/toode\/pakastekuivatut-100-tonnikalakuutiot-dr-malou-50g\/"},"modified":"2026-03-20T14:50:58","modified_gmt":"2026-03-20T12:50:58","slug":"pakastekuivatut-100-tonnikalakuutiot-dr-malou-50g","status":"publish","type":"product","link":"https:\/\/miumjau.ee\/fi\/tuote\/pakastekuivatut-100-tonnikalakuutiot-dr-malou-50g\/","title":{"rendered":"Pakastekuivatut 100% tonnikalakuutiot Dr Malou, 50g"},"content":{"rendered":"","protected":false},"excerpt":{"rendered":"<p data-start=\"3721\" data-end=\"4049\">Kissanherkut 100% pakastekuivatusta tonnikalasta ovat luonnollinen ja korkean proteiinipitoisuuden herkku, joka tarjoaa kissallesi erinomaisen maun ja arvokkaita ravintoaineita. N\u00e4m\u00e4 kevyet ja rapeat lihakuutiot on valmistettu vain puhtaasta tonnikalasta ilman viljaa, keinotekoisia lis\u00e4aineita, v\u00e4riaineita tai s\u00e4il\u00f6nt\u00e4aineita.<\/p>\n<p data-start=\"4051\" data-end=\"4249\">Tonnikala on luonnostaan runsas korkealaatuisen proteiinin, omega-3-rasvahappojen ja B-ryhm\u00e4n vitamiinien l\u00e4hde, jotka tukevat lihasten kehityst\u00e4, ihon ja turkin terveytt\u00e4 sek\u00e4 yleist\u00e4 hyvinvointia.<\/p>\n<p data-start=\"4251\" data-end=\"4463\">Pakastekuivausteknologian (lyofilisaatio) ansiosta lihan luonnollinen maku, aromi ja ravintoaineet s\u00e4ilyv\u00e4t ilman korkeiden l\u00e4mp\u00f6tilojen k\u00e4ytt\u00f6\u00e4. T\u00e4m\u00e4 takaa erityisen maukkaan ja ravintorikkaan herkun kissallesi.<\/p>\n<p data-start=\"4465\" data-end=\"4505\">N\u00e4m\u00e4 kissanherkut sopivat erinomaisesti:<\/p>\n<p data-start=\"4507\" data-end=\"4646\">p\u00e4ivitt\u00e4iseksi palkkioksi<br data-start=\"4532\" data-end=\"4535\" \/>koulutusherkuksi<br data-start=\"4551\" data-end=\"4554\" \/>ruoan maustamiseen (murskaa ja lis\u00e4\u00e4 kuiva- tai m\u00e4rk\u00e4ruokaan)<br data-start=\"4615\" data-end=\"4618\" \/>terveelliseksi v\u00e4lipalaksi<\/p>\n<p data-start=\"4648\" data-end=\"4698\">T\u00e4rkeimm\u00e4t edut<br data-start=\"4663\" data-end=\"4666\" \/>100% pakastekuivattu tonnikala<\/p>\n<p data-start=\"4700\" data-end=\"4727\">korkea proteiinipitoisuus<\/p>\n<p data-start=\"4729\" data-end=\"4760\">sis\u00e4lt\u00e4\u00e4 omega-3-rasvahappoja<\/p>\n<p data-start=\"4762\" data-end=\"4812\">ei sis\u00e4ll\u00e4 viljaa eik\u00e4 keinotekoisia lis\u00e4aineita<\/p>\n<p data-start=\"4814\" data-end=\"4847\">sopii kaikenik\u00e4isille kissoille<\/p>\n<p data-start=\"4849\" data-end=\"4950\">Analyyttinen koostumus: raakavalkuainen 80%, raakarasva 6%, raakatuhka 5%, raakakuitu 1%, kosteus 5%.<\/p>\n","protected":false},"featured_media":54903,"template":"","meta":[],"product_brand":[],"product_cat":[266],"product_tag":[],"class_list":{"0":"post-55035","1":"product","2":"type-product","3":"status-publish","4":"has-post-thumbnail","6":"product_cat-makeiset","8":"first","9":"instock","10":"taxable","11":"shipping-taxable","12":"purchasable","13":"product-type-simple"},"yoast_head":"<!-- This site is optimized with the Yoast SEO plugin v27.4 - https:\/\/yoast.com\/product\/yoast-seo-wordpress\/ -->\n<title>Pakastekuivatut 100% tonnikalakuutiot Dr Malou, 50g - MiuMjau<\/title>\n<meta name=\"robots\" content=\"index, follow, max-snippet:-1, max-image-preview:large, max-video-preview:-1\" \/>\n<link rel=\"canonical\" href=\"https:\/\/miumjau.ee\/fi\/tuote\/pakastekuivatut-100-tonnikalakuutiot-dr-malou-50g\/\" \/>\n<meta property=\"og:locale\" content=\"fi_FI\" \/>\n<meta property=\"og:type\" content=\"article\" \/>\n<meta property=\"og:title\" content=\"Pakastekuivatut 100% tonnikalakuutiot Dr Malou, 50g - MiuMjau\" \/>\n<meta property=\"og:description\" content=\"Kissanherkut 100% pakastekuivatusta tonnikalasta ovat luonnollinen ja korkean proteiinipitoisuuden herkku, joka tarjoaa kissallesi erinomaisen maun ja arvokkaita ravintoaineita. N\u00e4m\u00e4 kevyet ja rapeat lihakuutiot on valmistettu vain puhtaasta tonnikalasta ilman viljaa, keinotekoisia lis\u00e4aineita, v\u00e4riaineita tai s\u00e4il\u00f6nt\u00e4aineita. Tonnikala on luonnostaan runsas korkealaatuisen proteiinin, omega-3-rasvahappojen ja B-ryhm\u00e4n vitamiinien l\u00e4hde, jotka tukevat lihasten kehityst\u00e4, ihon ja turkin terveytt\u00e4 sek\u00e4 yleist\u00e4 hyvinvointia. Pakastekuivausteknologian (lyofilisaatio) ansiosta lihan luonnollinen maku, aromi ja ravintoaineet s\u00e4ilyv\u00e4t ilman korkeiden l\u00e4mp\u00f6tilojen k\u00e4ytt\u00f6\u00e4. T\u00e4m\u00e4 takaa erityisen maukkaan ja ravintorikkaan herkun kissallesi. N\u00e4m\u00e4 kissanherkut sopivat erinomaisesti: p\u00e4ivitt\u00e4iseksi palkkioksikoulutusherkuksiruoan maustamiseen (murskaa ja lis\u00e4\u00e4 kuiva- tai m\u00e4rk\u00e4ruokaan)terveelliseksi v\u00e4lipalaksi T\u00e4rkeimm\u00e4t edut100% pakastekuivattu tonnikala korkea proteiinipitoisuus sis\u00e4lt\u00e4\u00e4 omega-3-rasvahappoja ei sis\u00e4ll\u00e4 viljaa eik\u00e4 keinotekoisia lis\u00e4aineita sopii kaikenik\u00e4isille kissoille Analyyttinen koostumus: raakavalkuainen 80%, raakarasva 6%, raakatuhka 5%, raakakuitu 1%, kosteus 5%.\" \/>\n<meta property=\"og:url\" content=\"https:\/\/miumjau.ee\/fi\/tuote\/pakastekuivatut-100-tonnikalakuutiot-dr-malou-50g\/\" \/>\n<meta property=\"og:site_name\" content=\"MiuMjau\" \/>\n<meta property=\"article:publisher\" content=\"https:\/\/www.facebook.com\/miumjaupood\/\" \/>\n<meta property=\"article:modified_time\" content=\"2026-03-20T12:50:58+00:00\" \/>\n<meta property=\"og:image\" content=\"https:\/\/miumjau.ee\/wp-content\/uploads\/2026\/03\/dr-malou-tuunikala-maiused-50g.jpg\" \/>\n\t<meta property=\"og:image:width\" content=\"600\" \/>\n\t<meta property=\"og:image:height\" content=\"800\" \/>\n\t<meta property=\"og:image:type\" content=\"image\/jpeg\" \/>\n<meta name=\"twitter:card\" content=\"summary_large_image\" \/>\n<script type=\"application\/ld+json\" class=\"yoast-schema-graph\">{\"@context\":\"https:\\\/\\\/schema.org\",\"@graph\":[{\"@type\":\"WebPage\",\"@id\":\"https:\\\/\\\/miumjau.ee\\\/fi\\\/tuote\\\/pakastekuivatut-100-tonnikalakuutiot-dr-malou-50g\\\/\",\"url\":\"https:\\\/\\\/miumjau.ee\\\/fi\\\/tuote\\\/pakastekuivatut-100-tonnikalakuutiot-dr-malou-50g\\\/\",\"name\":\"Pakastekuivatut 100% tonnikalakuutiot Dr Malou, 50g - MiuMjau\",\"isPartOf\":{\"@id\":\"https:\\\/\\\/miumjau.ee\\\/#website\"},\"primaryImageOfPage\":{\"@id\":\"https:\\\/\\\/miumjau.ee\\\/fi\\\/tuote\\\/pakastekuivatut-100-tonnikalakuutiot-dr-malou-50g\\\/#primaryimage\"},\"image\":{\"@id\":\"https:\\\/\\\/miumjau.ee\\\/fi\\\/tuote\\\/pakastekuivatut-100-tonnikalakuutiot-dr-malou-50g\\\/#primaryimage\"},\"thumbnailUrl\":\"https:\\\/\\\/miumjau.ee\\\/wp-content\\\/uploads\\\/2026\\\/03\\\/dr-malou-tuunikala-maiused-50g.jpg\",\"datePublished\":\"2026-03-15T14:27:19+00:00\",\"dateModified\":\"2026-03-20T12:50:58+00:00\",\"breadcrumb\":{\"@id\":\"https:\\\/\\\/miumjau.ee\\\/fi\\\/tuote\\\/pakastekuivatut-100-tonnikalakuutiot-dr-malou-50g\\\/#breadcrumb\"},\"inLanguage\":\"fi\",\"potentialAction\":[{\"@type\":\"ReadAction\",\"target\":[\"https:\\\/\\\/miumjau.ee\\\/fi\\\/tuote\\\/pakastekuivatut-100-tonnikalakuutiot-dr-malou-50g\\\/\"]}]},{\"@type\":\"ImageObject\",\"inLanguage\":\"fi\",\"@id\":\"https:\\\/\\\/miumjau.ee\\\/fi\\\/tuote\\\/pakastekuivatut-100-tonnikalakuutiot-dr-malou-50g\\\/#primaryimage\",\"url\":\"https:\\\/\\\/miumjau.ee\\\/wp-content\\\/uploads\\\/2026\\\/03\\\/dr-malou-tuunikala-maiused-50g.jpg\",\"contentUrl\":\"https:\\\/\\\/miumjau.ee\\\/wp-content\\\/uploads\\\/2026\\\/03\\\/dr-malou-tuunikala-maiused-50g.jpg\",\"width\":600,\"height\":800,\"caption\":\"Dr Malou k\u00fclmkuivatatud tuunikala kuubikud, 50g\"},{\"@type\":\"BreadcrumbList\",\"@id\":\"https:\\\/\\\/miumjau.ee\\\/fi\\\/tuote\\\/pakastekuivatut-100-tonnikalakuutiot-dr-malou-50g\\\/#breadcrumb\",\"itemListElement\":[{\"@type\":\"ListItem\",\"position\":1,\"name\":\"Home\",\"item\":\"https:\\\/\\\/miumjau.ee\\\/fi\\\/\"},{\"@type\":\"ListItem\",\"position\":2,\"name\":\"Kauppa\",\"item\":\"https:\\\/\\\/miumjau.ee\\\/fi\\\/kauppa\\\/\"},{\"@type\":\"ListItem\",\"position\":3,\"name\":\"Pakastekuivatut 100% tonnikalakuutiot Dr Malou, 50g\"}]},{\"@type\":\"WebSite\",\"@id\":\"https:\\\/\\\/miumjau.ee\\\/#website\",\"url\":\"https:\\\/\\\/miumjau.ee\\\/\",\"name\":\"MiuMjau\",\"description\":\"Kraapimispuud kassidele\",\"publisher\":{\"@id\":\"https:\\\/\\\/miumjau.ee\\\/#organization\"},\"potentialAction\":[{\"@type\":\"SearchAction\",\"target\":{\"@type\":\"EntryPoint\",\"urlTemplate\":\"https:\\\/\\\/miumjau.ee\\\/?s={search_term_string}\"},\"query-input\":{\"@type\":\"PropertyValueSpecification\",\"valueRequired\":true,\"valueName\":\"search_term_string\"}}],\"inLanguage\":\"fi\"},{\"@type\":\"Organization\",\"@id\":\"https:\\\/\\\/miumjau.ee\\\/#organization\",\"name\":\"MiuMjau O\u00dc\",\"url\":\"https:\\\/\\\/miumjau.ee\\\/\",\"logo\":{\"@type\":\"ImageObject\",\"inLanguage\":\"fi\",\"@id\":\"https:\\\/\\\/miumjau.ee\\\/#\\\/schema\\\/logo\\\/image\\\/\",\"url\":\"https:\\\/\\\/miumjau.ee\\\/wp-content\\\/uploads\\\/2022\\\/04\\\/MiuMjau-logo-kollane.png\",\"contentUrl\":\"https:\\\/\\\/miumjau.ee\\\/wp-content\\\/uploads\\\/2022\\\/04\\\/MiuMjau-logo-kollane.png\",\"width\":219,\"height\":100,\"caption\":\"MiuMjau O\u00dc\"},\"image\":{\"@id\":\"https:\\\/\\\/miumjau.ee\\\/#\\\/schema\\\/logo\\\/image\\\/\"},\"sameAs\":[\"https:\\\/\\\/www.facebook.com\\\/miumjaupood\\\/\"]}]}<\/script>\n<!-- \/ Yoast SEO plugin. -->","yoast_head_json":{"title":"Pakastekuivatut 100% tonnikalakuutiot Dr Malou, 50g - MiuMjau","robots":{"index":"index","follow":"follow","max-snippet":"max-snippet:-1","max-image-preview":"max-image-preview:large","max-video-preview":"max-video-preview:-1"},"canonical":"https:\/\/miumjau.ee\/fi\/tuote\/pakastekuivatut-100-tonnikalakuutiot-dr-malou-50g\/","og_locale":"fi_FI","og_type":"article","og_title":"Pakastekuivatut 100% tonnikalakuutiot Dr Malou, 50g - MiuMjau","og_description":"Kissanherkut 100% pakastekuivatusta tonnikalasta ovat luonnollinen ja korkean proteiinipitoisuuden herkku, joka tarjoaa kissallesi erinomaisen maun ja arvokkaita ravintoaineita. N\u00e4m\u00e4 kevyet ja rapeat lihakuutiot on valmistettu vain puhtaasta tonnikalasta ilman viljaa, keinotekoisia lis\u00e4aineita, v\u00e4riaineita tai s\u00e4il\u00f6nt\u00e4aineita. Tonnikala on luonnostaan runsas korkealaatuisen proteiinin, omega-3-rasvahappojen ja B-ryhm\u00e4n vitamiinien l\u00e4hde, jotka tukevat lihasten kehityst\u00e4, ihon ja turkin terveytt\u00e4 sek\u00e4 yleist\u00e4 hyvinvointia. Pakastekuivausteknologian (lyofilisaatio) ansiosta lihan luonnollinen maku, aromi ja ravintoaineet s\u00e4ilyv\u00e4t ilman korkeiden l\u00e4mp\u00f6tilojen k\u00e4ytt\u00f6\u00e4. T\u00e4m\u00e4 takaa erityisen maukkaan ja ravintorikkaan herkun kissallesi. N\u00e4m\u00e4 kissanherkut sopivat erinomaisesti: p\u00e4ivitt\u00e4iseksi palkkioksikoulutusherkuksiruoan maustamiseen (murskaa ja lis\u00e4\u00e4 kuiva- tai m\u00e4rk\u00e4ruokaan)terveelliseksi v\u00e4lipalaksi T\u00e4rkeimm\u00e4t edut100% pakastekuivattu tonnikala korkea proteiinipitoisuus sis\u00e4lt\u00e4\u00e4 omega-3-rasvahappoja ei sis\u00e4ll\u00e4 viljaa eik\u00e4 keinotekoisia lis\u00e4aineita sopii kaikenik\u00e4isille kissoille Analyyttinen koostumus: raakavalkuainen 80%, raakarasva 6%, raakatuhka 5%, raakakuitu 1%, kosteus 5%.","og_url":"https:\/\/miumjau.ee\/fi\/tuote\/pakastekuivatut-100-tonnikalakuutiot-dr-malou-50g\/","og_site_name":"MiuMjau","article_publisher":"https:\/\/www.facebook.com\/miumjaupood\/","article_modified_time":"2026-03-20T12:50:58+00:00","og_image":[{"width":600,"height":800,"url":"https:\/\/miumjau.ee\/wp-content\/uploads\/2026\/03\/dr-malou-tuunikala-maiused-50g.jpg","type":"image\/jpeg"}],"twitter_card":"summary_large_image","schema":{"@context":"https:\/\/schema.org","@graph":[{"@type":"WebPage","@id":"https:\/\/miumjau.ee\/fi\/tuote\/pakastekuivatut-100-tonnikalakuutiot-dr-malou-50g\/","url":"https:\/\/miumjau.ee\/fi\/tuote\/pakastekuivatut-100-tonnikalakuutiot-dr-malou-50g\/","name":"Pakastekuivatut 100% tonnikalakuutiot Dr Malou, 50g - MiuMjau","isPartOf":{"@id":"https:\/\/miumjau.ee\/#website"},"primaryImageOfPage":{"@id":"https:\/\/miumjau.ee\/fi\/tuote\/pakastekuivatut-100-tonnikalakuutiot-dr-malou-50g\/#primaryimage"},"image":{"@id":"https:\/\/miumjau.ee\/fi\/tuote\/pakastekuivatut-100-tonnikalakuutiot-dr-malou-50g\/#primaryimage"},"thumbnailUrl":"https:\/\/miumjau.ee\/wp-content\/uploads\/2026\/03\/dr-malou-tuunikala-maiused-50g.jpg","datePublished":"2026-03-15T14:27:19+00:00","dateModified":"2026-03-20T12:50:58+00:00","breadcrumb":{"@id":"https:\/\/miumjau.ee\/fi\/tuote\/pakastekuivatut-100-tonnikalakuutiot-dr-malou-50g\/#breadcrumb"},"inLanguage":"fi","potentialAction":[{"@type":"ReadAction","target":["https:\/\/miumjau.ee\/fi\/tuote\/pakastekuivatut-100-tonnikalakuutiot-dr-malou-50g\/"]}]},{"@type":"ImageObject","inLanguage":"fi","@id":"https:\/\/miumjau.ee\/fi\/tuote\/pakastekuivatut-100-tonnikalakuutiot-dr-malou-50g\/#primaryimage","url":"https:\/\/miumjau.ee\/wp-content\/uploads\/2026\/03\/dr-malou-tuunikala-maiused-50g.jpg","contentUrl":"https:\/\/miumjau.ee\/wp-content\/uploads\/2026\/03\/dr-malou-tuunikala-maiused-50g.jpg","width":600,"height":800,"caption":"Dr Malou k\u00fclmkuivatatud tuunikala kuubikud, 50g"},{"@type":"BreadcrumbList","@id":"https:\/\/miumjau.ee\/fi\/tuote\/pakastekuivatut-100-tonnikalakuutiot-dr-malou-50g\/#breadcrumb","itemListElement":[{"@type":"ListItem","position":1,"name":"Home","item":"https:\/\/miumjau.ee\/fi\/"},{"@type":"ListItem","position":2,"name":"Kauppa","item":"https:\/\/miumjau.ee\/fi\/kauppa\/"},{"@type":"ListItem","position":3,"name":"Pakastekuivatut 100% tonnikalakuutiot Dr Malou, 50g"}]},{"@type":"WebSite","@id":"https:\/\/miumjau.ee\/#website","url":"https:\/\/miumjau.ee\/","name":"MiuMjau","description":"Kraapimispuud kassidele","publisher":{"@id":"https:\/\/miumjau.ee\/#organization"},"potentialAction":[{"@type":"SearchAction","target":{"@type":"EntryPoint","urlTemplate":"https:\/\/miumjau.ee\/?s={search_term_string}"},"query-input":{"@type":"PropertyValueSpecification","valueRequired":true,"valueName":"search_term_string"}}],"inLanguage":"fi"},{"@type":"Organization","@id":"https:\/\/miumjau.ee\/#organization","name":"MiuMjau O\u00dc","url":"https:\/\/miumjau.ee\/","logo":{"@type":"ImageObject","inLanguage":"fi","@id":"https:\/\/miumjau.ee\/#\/schema\/logo\/image\/","url":"https:\/\/miumjau.ee\/wp-content\/uploads\/2022\/04\/MiuMjau-logo-kollane.png","contentUrl":"https:\/\/miumjau.ee\/wp-content\/uploads\/2022\/04\/MiuMjau-logo-kollane.png","width":219,"height":100,"caption":"MiuMjau O\u00dc"},"image":{"@id":"https:\/\/miumjau.ee\/#\/schema\/logo\/image\/"},"sameAs":["https:\/\/www.facebook.com\/miumjaupood\/"]}]}},"_links":{"self":[{"href":"https:\/\/miumjau.ee\/fi\/wp-json\/wp\/v2\/product\/55035","targetHints":{"allow":["GET"]}}],"collection":[{"href":"https:\/\/miumjau.ee\/fi\/wp-json\/wp\/v2\/product"}],"about":[{"href":"https:\/\/miumjau.ee\/fi\/wp-json\/wp\/v2\/types\/product"}],"wp:featuredmedia":[{"embeddable":true,"href":"https:\/\/miumjau.ee\/fi\/wp-json\/wp\/v2\/media\/54903"}],"wp:attachment":[{"href":"https:\/\/miumjau.ee\/fi\/wp-json\/wp\/v2\/media?parent=55035"}],"wp:term":[{"taxonomy":"product_brand","embeddable":true,"href":"https:\/\/miumjau.ee\/fi\/wp-json\/wp\/v2\/product_brand?post=55035"},{"taxonomy":"product_cat","embeddable":true,"href":"https:\/\/miumjau.ee\/fi\/wp-json\/wp\/v2\/product_cat?post=55035"},{"taxonomy":"product_tag","embeddable":true,"href":"https:\/\/miumjau.ee\/fi\/wp-json\/wp\/v2\/product_tag?post=55035"}],"curies":[{"name":"wp","href":"https:\/\/api.w.org\/{rel}","templated":true}]}}