{"id":55030,"date":"2026-03-15T16:31:31","date_gmt":"2026-03-15T14:31:31","guid":{"rendered":"https:\/\/miumjau.ee\/toode\/dr-malou-pakastekuivatut-kananrintafileekuutiot-50g\/"},"modified":"2026-03-20T14:50:58","modified_gmt":"2026-03-20T12:50:58","slug":"dr-malou-pakastekuivatut-kananrintafileekuutiot-50g","status":"publish","type":"product","link":"https:\/\/miumjau.ee\/fi\/tuote\/dr-malou-pakastekuivatut-kananrintafileekuutiot-50g\/","title":{"rendered":"Dr Malou pakastekuivatut kananrintafileekuutiot, 50g"},"content":{"rendered":"","protected":false},"excerpt":{"rendered":"<p data-start=\"3664\" data-end=\"3944\">Kissanherkut 100% pakastekuivatusta kananrinnasta ovat luonnollinen ja korkean proteiinipitoisuuden herkku, joka tarjoaa aidon lihan maun. Herkut on valmistettu vain puhtaasta kananrintalihasta eiv\u00e4tk\u00e4 ne sis\u00e4ll\u00e4 viljaa, keinotekoisia lis\u00e4aineita, v\u00e4riaineita tai s\u00e4il\u00f6nt\u00e4aineita.<\/p>\n<p data-start=\"3946\" data-end=\"4224\">Kana on helposti sulava el\u00e4inproteiinin l\u00e4hde, joka tukee kissan lihasten kehityst\u00e4 ja yleist\u00e4 terveytt\u00e4. Se sis\u00e4lt\u00e4\u00e4 luonnostaan my\u00f6s B-ryhm\u00e4n vitamiineja (B6 ja B12), A-vitamiinia sek\u00e4 D- ja E-vitamiineja, jotka tukevat hermostoa, vastustuskyky\u00e4 sek\u00e4 ihon ja turkin terveytt\u00e4.<\/p>\n<p data-start=\"4226\" data-end=\"4452\">Herkut valmistetaan pakastekuivausmenetelm\u00e4ll\u00e4 (lyofilisaatio), joka poistaa kosteuden matalassa l\u00e4mp\u00f6tilassa. T\u00e4m\u00e4 auttaa s\u00e4ilytt\u00e4m\u00e4\u00e4n lihan luonnollisen maun, aromin ja ravintoaineet sek\u00e4 tekee kuutioista kevyit\u00e4 ja rapeita.<\/p>\n<p data-start=\"4454\" data-end=\"4494\">N\u00e4m\u00e4 kissanherkut sopivat erinomaisesti:<\/p>\n<p data-start=\"4496\" data-end=\"4586\">palkkioksi tai koulutusherkuksi<br data-start=\"4527\" data-end=\"4530\" \/>p\u00e4ivitt\u00e4isen ruoan lis\u00e4n\u00e4<br data-start=\"4555\" data-end=\"4558\" \/>terveelliseksi v\u00e4lipalaksi<\/p>\n<p data-start=\"4588\" data-end=\"4620\">Sopii kaikenik\u00e4isille kissoille.<\/p>\n<p data-start=\"4622\" data-end=\"4653\">Koostumus: 100% kananrintafilee<\/p>\n<p data-start=\"4655\" data-end=\"4756\">Analyyttinen koostumus: raakavalkuainen 83%, raakarasva 4%, raakakuitu 1%, raakatuhka 6%, kosteus 6%.<\/p>\n<p data-start=\"4758\" data-end=\"4791\">Energiasis\u00e4lt\u00f6: 328 kcal \/ 100 g.<\/p>\n","protected":false},"featured_media":54909,"template":"","meta":[],"product_brand":[],"product_cat":[266],"product_tag":[],"class_list":{"0":"post-55030","1":"product","2":"type-product","3":"status-publish","4":"has-post-thumbnail","6":"product_cat-makeiset","8":"first","9":"instock","10":"taxable","11":"shipping-taxable","12":"purchasable","13":"product-type-simple"},"yoast_head":"<!-- This site is optimized with the Yoast SEO plugin v27.4 - https:\/\/yoast.com\/product\/yoast-seo-wordpress\/ -->\n<title>Dr Malou pakastekuivatut kananrintafileekuutiot, 50g - MiuMjau<\/title>\n<meta name=\"robots\" content=\"index, follow, max-snippet:-1, max-image-preview:large, max-video-preview:-1\" \/>\n<link rel=\"canonical\" href=\"https:\/\/miumjau.ee\/fi\/tuote\/dr-malou-pakastekuivatut-kananrintafileekuutiot-50g\/\" \/>\n<meta property=\"og:locale\" content=\"fi_FI\" \/>\n<meta property=\"og:type\" content=\"article\" \/>\n<meta property=\"og:title\" content=\"Dr Malou pakastekuivatut kananrintafileekuutiot, 50g - MiuMjau\" \/>\n<meta property=\"og:description\" content=\"Kissanherkut 100% pakastekuivatusta kananrinnasta ovat luonnollinen ja korkean proteiinipitoisuuden herkku, joka tarjoaa aidon lihan maun. Herkut on valmistettu vain puhtaasta kananrintalihasta eiv\u00e4tk\u00e4 ne sis\u00e4ll\u00e4 viljaa, keinotekoisia lis\u00e4aineita, v\u00e4riaineita tai s\u00e4il\u00f6nt\u00e4aineita. Kana on helposti sulava el\u00e4inproteiinin l\u00e4hde, joka tukee kissan lihasten kehityst\u00e4 ja yleist\u00e4 terveytt\u00e4. Se sis\u00e4lt\u00e4\u00e4 luonnostaan my\u00f6s B-ryhm\u00e4n vitamiineja (B6 ja B12), A-vitamiinia sek\u00e4 D- ja E-vitamiineja, jotka tukevat hermostoa, vastustuskyky\u00e4 sek\u00e4 ihon ja turkin terveytt\u00e4. Herkut valmistetaan pakastekuivausmenetelm\u00e4ll\u00e4 (lyofilisaatio), joka poistaa kosteuden matalassa l\u00e4mp\u00f6tilassa. T\u00e4m\u00e4 auttaa s\u00e4ilytt\u00e4m\u00e4\u00e4n lihan luonnollisen maun, aromin ja ravintoaineet sek\u00e4 tekee kuutioista kevyit\u00e4 ja rapeita. N\u00e4m\u00e4 kissanherkut sopivat erinomaisesti: palkkioksi tai koulutusherkuksip\u00e4ivitt\u00e4isen ruoan lis\u00e4n\u00e4terveelliseksi v\u00e4lipalaksi Sopii kaikenik\u00e4isille kissoille. Koostumus: 100% kananrintafilee Analyyttinen koostumus: raakavalkuainen 83%, raakarasva 4%, raakakuitu 1%, raakatuhka 6%, kosteus 6%. Energiasis\u00e4lt\u00f6: 328 kcal \/ 100 g.\" \/>\n<meta property=\"og:url\" content=\"https:\/\/miumjau.ee\/fi\/tuote\/dr-malou-pakastekuivatut-kananrintafileekuutiot-50g\/\" \/>\n<meta property=\"og:site_name\" content=\"MiuMjau\" \/>\n<meta property=\"article:publisher\" content=\"https:\/\/www.facebook.com\/miumjaupood\/\" \/>\n<meta property=\"article:modified_time\" content=\"2026-03-20T12:50:58+00:00\" \/>\n<meta property=\"og:image\" content=\"https:\/\/miumjau.ee\/wp-content\/uploads\/2026\/03\/dr-malou-kana-rinnafilee-maiused-50g-1.jpg\" \/>\n\t<meta property=\"og:image:width\" content=\"600\" \/>\n\t<meta property=\"og:image:height\" content=\"800\" \/>\n\t<meta property=\"og:image:type\" content=\"image\/jpeg\" \/>\n<meta name=\"twitter:card\" content=\"summary_large_image\" \/>\n<script type=\"application\/ld+json\" class=\"yoast-schema-graph\">{\"@context\":\"https:\\\/\\\/schema.org\",\"@graph\":[{\"@type\":\"WebPage\",\"@id\":\"https:\\\/\\\/miumjau.ee\\\/fi\\\/tuote\\\/dr-malou-pakastekuivatut-kananrintafileekuutiot-50g\\\/\",\"url\":\"https:\\\/\\\/miumjau.ee\\\/fi\\\/tuote\\\/dr-malou-pakastekuivatut-kananrintafileekuutiot-50g\\\/\",\"name\":\"Dr Malou pakastekuivatut kananrintafileekuutiot, 50g - MiuMjau\",\"isPartOf\":{\"@id\":\"https:\\\/\\\/miumjau.ee\\\/#website\"},\"primaryImageOfPage\":{\"@id\":\"https:\\\/\\\/miumjau.ee\\\/fi\\\/tuote\\\/dr-malou-pakastekuivatut-kananrintafileekuutiot-50g\\\/#primaryimage\"},\"image\":{\"@id\":\"https:\\\/\\\/miumjau.ee\\\/fi\\\/tuote\\\/dr-malou-pakastekuivatut-kananrintafileekuutiot-50g\\\/#primaryimage\"},\"thumbnailUrl\":\"https:\\\/\\\/miumjau.ee\\\/wp-content\\\/uploads\\\/2026\\\/03\\\/dr-malou-kana-rinnafilee-maiused-50g-1.jpg\",\"datePublished\":\"2026-03-15T14:31:31+00:00\",\"dateModified\":\"2026-03-20T12:50:58+00:00\",\"breadcrumb\":{\"@id\":\"https:\\\/\\\/miumjau.ee\\\/fi\\\/tuote\\\/dr-malou-pakastekuivatut-kananrintafileekuutiot-50g\\\/#breadcrumb\"},\"inLanguage\":\"fi\",\"potentialAction\":[{\"@type\":\"ReadAction\",\"target\":[\"https:\\\/\\\/miumjau.ee\\\/fi\\\/tuote\\\/dr-malou-pakastekuivatut-kananrintafileekuutiot-50g\\\/\"]}]},{\"@type\":\"ImageObject\",\"inLanguage\":\"fi\",\"@id\":\"https:\\\/\\\/miumjau.ee\\\/fi\\\/tuote\\\/dr-malou-pakastekuivatut-kananrintafileekuutiot-50g\\\/#primaryimage\",\"url\":\"https:\\\/\\\/miumjau.ee\\\/wp-content\\\/uploads\\\/2026\\\/03\\\/dr-malou-kana-rinnafilee-maiused-50g-1.jpg\",\"contentUrl\":\"https:\\\/\\\/miumjau.ee\\\/wp-content\\\/uploads\\\/2026\\\/03\\\/dr-malou-kana-rinnafilee-maiused-50g-1.jpg\",\"width\":600,\"height\":800,\"caption\":\"Dr Malou k\u00fclmkuivatatud kana rinnafilee kuubikud, 50g\"},{\"@type\":\"BreadcrumbList\",\"@id\":\"https:\\\/\\\/miumjau.ee\\\/fi\\\/tuote\\\/dr-malou-pakastekuivatut-kananrintafileekuutiot-50g\\\/#breadcrumb\",\"itemListElement\":[{\"@type\":\"ListItem\",\"position\":1,\"name\":\"Home\",\"item\":\"https:\\\/\\\/miumjau.ee\\\/fi\\\/\"},{\"@type\":\"ListItem\",\"position\":2,\"name\":\"Kauppa\",\"item\":\"https:\\\/\\\/miumjau.ee\\\/fi\\\/kauppa\\\/\"},{\"@type\":\"ListItem\",\"position\":3,\"name\":\"Dr Malou pakastekuivatut kananrintafileekuutiot, 50g\"}]},{\"@type\":\"WebSite\",\"@id\":\"https:\\\/\\\/miumjau.ee\\\/#website\",\"url\":\"https:\\\/\\\/miumjau.ee\\\/\",\"name\":\"MiuMjau\",\"description\":\"Kraapimispuud kassidele\",\"publisher\":{\"@id\":\"https:\\\/\\\/miumjau.ee\\\/#organization\"},\"potentialAction\":[{\"@type\":\"SearchAction\",\"target\":{\"@type\":\"EntryPoint\",\"urlTemplate\":\"https:\\\/\\\/miumjau.ee\\\/?s={search_term_string}\"},\"query-input\":{\"@type\":\"PropertyValueSpecification\",\"valueRequired\":true,\"valueName\":\"search_term_string\"}}],\"inLanguage\":\"fi\"},{\"@type\":\"Organization\",\"@id\":\"https:\\\/\\\/miumjau.ee\\\/#organization\",\"name\":\"MiuMjau O\u00dc\",\"url\":\"https:\\\/\\\/miumjau.ee\\\/\",\"logo\":{\"@type\":\"ImageObject\",\"inLanguage\":\"fi\",\"@id\":\"https:\\\/\\\/miumjau.ee\\\/#\\\/schema\\\/logo\\\/image\\\/\",\"url\":\"https:\\\/\\\/miumjau.ee\\\/wp-content\\\/uploads\\\/2022\\\/04\\\/MiuMjau-logo-kollane.png\",\"contentUrl\":\"https:\\\/\\\/miumjau.ee\\\/wp-content\\\/uploads\\\/2022\\\/04\\\/MiuMjau-logo-kollane.png\",\"width\":219,\"height\":100,\"caption\":\"MiuMjau O\u00dc\"},\"image\":{\"@id\":\"https:\\\/\\\/miumjau.ee\\\/#\\\/schema\\\/logo\\\/image\\\/\"},\"sameAs\":[\"https:\\\/\\\/www.facebook.com\\\/miumjaupood\\\/\"]}]}<\/script>\n<!-- \/ Yoast SEO plugin. -->","yoast_head_json":{"title":"Dr Malou pakastekuivatut kananrintafileekuutiot, 50g - MiuMjau","robots":{"index":"index","follow":"follow","max-snippet":"max-snippet:-1","max-image-preview":"max-image-preview:large","max-video-preview":"max-video-preview:-1"},"canonical":"https:\/\/miumjau.ee\/fi\/tuote\/dr-malou-pakastekuivatut-kananrintafileekuutiot-50g\/","og_locale":"fi_FI","og_type":"article","og_title":"Dr Malou pakastekuivatut kananrintafileekuutiot, 50g - MiuMjau","og_description":"Kissanherkut 100% pakastekuivatusta kananrinnasta ovat luonnollinen ja korkean proteiinipitoisuuden herkku, joka tarjoaa aidon lihan maun. Herkut on valmistettu vain puhtaasta kananrintalihasta eiv\u00e4tk\u00e4 ne sis\u00e4ll\u00e4 viljaa, keinotekoisia lis\u00e4aineita, v\u00e4riaineita tai s\u00e4il\u00f6nt\u00e4aineita. Kana on helposti sulava el\u00e4inproteiinin l\u00e4hde, joka tukee kissan lihasten kehityst\u00e4 ja yleist\u00e4 terveytt\u00e4. Se sis\u00e4lt\u00e4\u00e4 luonnostaan my\u00f6s B-ryhm\u00e4n vitamiineja (B6 ja B12), A-vitamiinia sek\u00e4 D- ja E-vitamiineja, jotka tukevat hermostoa, vastustuskyky\u00e4 sek\u00e4 ihon ja turkin terveytt\u00e4. Herkut valmistetaan pakastekuivausmenetelm\u00e4ll\u00e4 (lyofilisaatio), joka poistaa kosteuden matalassa l\u00e4mp\u00f6tilassa. T\u00e4m\u00e4 auttaa s\u00e4ilytt\u00e4m\u00e4\u00e4n lihan luonnollisen maun, aromin ja ravintoaineet sek\u00e4 tekee kuutioista kevyit\u00e4 ja rapeita. N\u00e4m\u00e4 kissanherkut sopivat erinomaisesti: palkkioksi tai koulutusherkuksip\u00e4ivitt\u00e4isen ruoan lis\u00e4n\u00e4terveelliseksi v\u00e4lipalaksi Sopii kaikenik\u00e4isille kissoille. Koostumus: 100% kananrintafilee Analyyttinen koostumus: raakavalkuainen 83%, raakarasva 4%, raakakuitu 1%, raakatuhka 6%, kosteus 6%. Energiasis\u00e4lt\u00f6: 328 kcal \/ 100 g.","og_url":"https:\/\/miumjau.ee\/fi\/tuote\/dr-malou-pakastekuivatut-kananrintafileekuutiot-50g\/","og_site_name":"MiuMjau","article_publisher":"https:\/\/www.facebook.com\/miumjaupood\/","article_modified_time":"2026-03-20T12:50:58+00:00","og_image":[{"width":600,"height":800,"url":"https:\/\/miumjau.ee\/wp-content\/uploads\/2026\/03\/dr-malou-kana-rinnafilee-maiused-50g-1.jpg","type":"image\/jpeg"}],"twitter_card":"summary_large_image","schema":{"@context":"https:\/\/schema.org","@graph":[{"@type":"WebPage","@id":"https:\/\/miumjau.ee\/fi\/tuote\/dr-malou-pakastekuivatut-kananrintafileekuutiot-50g\/","url":"https:\/\/miumjau.ee\/fi\/tuote\/dr-malou-pakastekuivatut-kananrintafileekuutiot-50g\/","name":"Dr Malou pakastekuivatut kananrintafileekuutiot, 50g - MiuMjau","isPartOf":{"@id":"https:\/\/miumjau.ee\/#website"},"primaryImageOfPage":{"@id":"https:\/\/miumjau.ee\/fi\/tuote\/dr-malou-pakastekuivatut-kananrintafileekuutiot-50g\/#primaryimage"},"image":{"@id":"https:\/\/miumjau.ee\/fi\/tuote\/dr-malou-pakastekuivatut-kananrintafileekuutiot-50g\/#primaryimage"},"thumbnailUrl":"https:\/\/miumjau.ee\/wp-content\/uploads\/2026\/03\/dr-malou-kana-rinnafilee-maiused-50g-1.jpg","datePublished":"2026-03-15T14:31:31+00:00","dateModified":"2026-03-20T12:50:58+00:00","breadcrumb":{"@id":"https:\/\/miumjau.ee\/fi\/tuote\/dr-malou-pakastekuivatut-kananrintafileekuutiot-50g\/#breadcrumb"},"inLanguage":"fi","potentialAction":[{"@type":"ReadAction","target":["https:\/\/miumjau.ee\/fi\/tuote\/dr-malou-pakastekuivatut-kananrintafileekuutiot-50g\/"]}]},{"@type":"ImageObject","inLanguage":"fi","@id":"https:\/\/miumjau.ee\/fi\/tuote\/dr-malou-pakastekuivatut-kananrintafileekuutiot-50g\/#primaryimage","url":"https:\/\/miumjau.ee\/wp-content\/uploads\/2026\/03\/dr-malou-kana-rinnafilee-maiused-50g-1.jpg","contentUrl":"https:\/\/miumjau.ee\/wp-content\/uploads\/2026\/03\/dr-malou-kana-rinnafilee-maiused-50g-1.jpg","width":600,"height":800,"caption":"Dr Malou k\u00fclmkuivatatud kana rinnafilee kuubikud, 50g"},{"@type":"BreadcrumbList","@id":"https:\/\/miumjau.ee\/fi\/tuote\/dr-malou-pakastekuivatut-kananrintafileekuutiot-50g\/#breadcrumb","itemListElement":[{"@type":"ListItem","position":1,"name":"Home","item":"https:\/\/miumjau.ee\/fi\/"},{"@type":"ListItem","position":2,"name":"Kauppa","item":"https:\/\/miumjau.ee\/fi\/kauppa\/"},{"@type":"ListItem","position":3,"name":"Dr Malou pakastekuivatut kananrintafileekuutiot, 50g"}]},{"@type":"WebSite","@id":"https:\/\/miumjau.ee\/#website","url":"https:\/\/miumjau.ee\/","name":"MiuMjau","description":"Kraapimispuud kassidele","publisher":{"@id":"https:\/\/miumjau.ee\/#organization"},"potentialAction":[{"@type":"SearchAction","target":{"@type":"EntryPoint","urlTemplate":"https:\/\/miumjau.ee\/?s={search_term_string}"},"query-input":{"@type":"PropertyValueSpecification","valueRequired":true,"valueName":"search_term_string"}}],"inLanguage":"fi"},{"@type":"Organization","@id":"https:\/\/miumjau.ee\/#organization","name":"MiuMjau O\u00dc","url":"https:\/\/miumjau.ee\/","logo":{"@type":"ImageObject","inLanguage":"fi","@id":"https:\/\/miumjau.ee\/#\/schema\/logo\/image\/","url":"https:\/\/miumjau.ee\/wp-content\/uploads\/2022\/04\/MiuMjau-logo-kollane.png","contentUrl":"https:\/\/miumjau.ee\/wp-content\/uploads\/2022\/04\/MiuMjau-logo-kollane.png","width":219,"height":100,"caption":"MiuMjau O\u00dc"},"image":{"@id":"https:\/\/miumjau.ee\/#\/schema\/logo\/image\/"},"sameAs":["https:\/\/www.facebook.com\/miumjaupood\/"]}]}},"_links":{"self":[{"href":"https:\/\/miumjau.ee\/fi\/wp-json\/wp\/v2\/product\/55030","targetHints":{"allow":["GET"]}}],"collection":[{"href":"https:\/\/miumjau.ee\/fi\/wp-json\/wp\/v2\/product"}],"about":[{"href":"https:\/\/miumjau.ee\/fi\/wp-json\/wp\/v2\/types\/product"}],"wp:featuredmedia":[{"embeddable":true,"href":"https:\/\/miumjau.ee\/fi\/wp-json\/wp\/v2\/media\/54909"}],"wp:attachment":[{"href":"https:\/\/miumjau.ee\/fi\/wp-json\/wp\/v2\/media?parent=55030"}],"wp:term":[{"taxonomy":"product_brand","embeddable":true,"href":"https:\/\/miumjau.ee\/fi\/wp-json\/wp\/v2\/product_brand?post=55030"},{"taxonomy":"product_cat","embeddable":true,"href":"https:\/\/miumjau.ee\/fi\/wp-json\/wp\/v2\/product_cat?post=55030"},{"taxonomy":"product_tag","embeddable":true,"href":"https:\/\/miumjau.ee\/fi\/wp-json\/wp\/v2\/product_tag?post=55030"}],"curies":[{"name":"wp","href":"https:\/\/api.w.org\/{rel}","templated":true}]}}