{"id":54938,"date":"2026-03-16T09:50:09","date_gmt":"2026-03-16T07:50:09","guid":{"rendered":"https:\/\/miumjau.ee\/?post_type=product&#038;p=54938"},"modified":"2026-03-16T15:49:08","modified_gmt":"2026-03-16T13:49:08","slug":"ibero-sailykeruoka-aikuisille-koirille-kala-ja-omena-400g-kopeeri","status":"publish","type":"product","link":"https:\/\/miumjau.ee\/fi\/tuote\/ibero-sailykeruoka-aikuisille-koirille-kala-ja-omena-400g-kopeeri\/","title":{"rendered":"Ibero s\u00e4ilykeruoka aikuisille koirille \u2013 kala ja omena 6x400g"},"content":{"rendered":"","protected":false},"excerpt":{"rendered":"<p>T\u00e4ysravinto aikuisille koirille kaikille roduille (&gt;1 vuosi) \u2013 kala ja omena<br \/>\n<br data-start=\"3054\" data-end=\"3057\" \/>Koostumus: Valkoinen kala 35%, sardiini 35%, omena 5%, peruna, hernekuitu, pellavansiemen.<br data-start=\"3147\" data-end=\"3150\" \/>Analyysi: Raakaproteiini 9,5%, raakarasva 7%, raakakuitu 1,5%, raakatuhka 2%, kosteus 76%.<br data-start=\"3240\" data-end=\"3243\" \/>Lis\u00e4aineet: A-vit. 7954 IU, D3 509 IU, E 159 IU, Mn 13 mg, Fe 29 mg, Cu 2,7 mg, Zn 44 mg, I 0,6 mg.<br data-start=\"3342\" data-end=\"3345\" \/>Metabolinen energia: 1170 kcal\/kg.<br data-start=\"3379\" data-end=\"3382\" \/>S\u00e4il\u00f6nt\u00e4aineet: tokoferoliuutteet kasvi\u00f6ljyist\u00e4.<\/p>\n","protected":false},"featured_media":54950,"template":"","meta":[],"product_brand":[],"product_cat":[479],"product_tag":[],"class_list":{"0":"post-54938","1":"product","2":"type-product","3":"status-publish","4":"has-post-thumbnail","6":"product_cat-markaruoka-koirille","8":"first","9":"instock","10":"taxable","11":"shipping-taxable","12":"purchasable","13":"product-type-simple"},"yoast_head":"<!-- This site is optimized with the Yoast SEO plugin v27.4 - https:\/\/yoast.com\/product\/yoast-seo-wordpress\/ -->\n<title>Ibero s\u00e4ilykeruoka aikuisille koirille \u2013 kala ja omena 6x400g - MiuMjau<\/title>\n<meta name=\"robots\" content=\"index, follow, max-snippet:-1, max-image-preview:large, max-video-preview:-1\" \/>\n<link rel=\"canonical\" href=\"https:\/\/miumjau.ee\/fi\/tuote\/ibero-sailykeruoka-aikuisille-koirille-kala-ja-omena-400g-kopeeri\/\" \/>\n<meta property=\"og:locale\" content=\"fi_FI\" \/>\n<meta property=\"og:type\" content=\"article\" \/>\n<meta property=\"og:title\" content=\"Ibero s\u00e4ilykeruoka aikuisille koirille \u2013 kala ja omena 6x400g - MiuMjau\" \/>\n<meta property=\"og:description\" content=\"T\u00e4ysravinto aikuisille koirille kaikille roduille (&gt;1 vuosi) \u2013 kala ja omena Koostumus: Valkoinen kala 35%, sardiini 35%, omena 5%, peruna, hernekuitu, pellavansiemen.Analyysi: Raakaproteiini 9,5%, raakarasva 7%, raakakuitu 1,5%, raakatuhka 2%, kosteus 76%.Lis\u00e4aineet: A-vit. 7954 IU, D3 509 IU, E 159 IU, Mn 13 mg, Fe 29 mg, Cu 2,7 mg, Zn 44 mg, I 0,6 mg.Metabolinen energia: 1170 kcal\/kg.S\u00e4il\u00f6nt\u00e4aineet: tokoferoliuutteet kasvi\u00f6ljyist\u00e4.\" \/>\n<meta property=\"og:url\" content=\"https:\/\/miumjau.ee\/fi\/tuote\/ibero-sailykeruoka-aikuisille-koirille-kala-ja-omena-400g-kopeeri\/\" \/>\n<meta property=\"og:site_name\" content=\"MiuMjau\" \/>\n<meta property=\"article:publisher\" content=\"https:\/\/www.facebook.com\/miumjaupood\/\" \/>\n<meta property=\"article:modified_time\" content=\"2026-03-16T13:49:08+00:00\" \/>\n<meta property=\"og:image\" content=\"https:\/\/miumjau.ee\/wp-content\/uploads\/2026\/03\/ibero-taissoot-konservid-koerale1.jpg\" \/>\n\t<meta property=\"og:image:width\" content=\"600\" \/>\n\t<meta property=\"og:image:height\" content=\"800\" \/>\n\t<meta property=\"og:image:type\" content=\"image\/jpeg\" \/>\n<meta name=\"twitter:card\" content=\"summary_large_image\" \/>\n<script type=\"application\/ld+json\" class=\"yoast-schema-graph\">{\"@context\":\"https:\\\/\\\/schema.org\",\"@graph\":[{\"@type\":\"WebPage\",\"@id\":\"https:\\\/\\\/miumjau.ee\\\/fi\\\/tuote\\\/ibero-sailykeruoka-aikuisille-koirille-kala-ja-omena-400g-kopeeri\\\/\",\"url\":\"https:\\\/\\\/miumjau.ee\\\/fi\\\/tuote\\\/ibero-sailykeruoka-aikuisille-koirille-kala-ja-omena-400g-kopeeri\\\/\",\"name\":\"Ibero s\u00e4ilykeruoka aikuisille koirille \u2013 kala ja omena 6x400g - MiuMjau\",\"isPartOf\":{\"@id\":\"https:\\\/\\\/miumjau.ee\\\/#website\"},\"primaryImageOfPage\":{\"@id\":\"https:\\\/\\\/miumjau.ee\\\/fi\\\/tuote\\\/ibero-sailykeruoka-aikuisille-koirille-kala-ja-omena-400g-kopeeri\\\/#primaryimage\"},\"image\":{\"@id\":\"https:\\\/\\\/miumjau.ee\\\/fi\\\/tuote\\\/ibero-sailykeruoka-aikuisille-koirille-kala-ja-omena-400g-kopeeri\\\/#primaryimage\"},\"thumbnailUrl\":\"https:\\\/\\\/miumjau.ee\\\/wp-content\\\/uploads\\\/2026\\\/03\\\/ibero-taissoot-konservid-koerale1.jpg\",\"datePublished\":\"2026-03-16T07:50:09+00:00\",\"dateModified\":\"2026-03-16T13:49:08+00:00\",\"breadcrumb\":{\"@id\":\"https:\\\/\\\/miumjau.ee\\\/fi\\\/tuote\\\/ibero-sailykeruoka-aikuisille-koirille-kala-ja-omena-400g-kopeeri\\\/#breadcrumb\"},\"inLanguage\":\"fi\",\"potentialAction\":[{\"@type\":\"ReadAction\",\"target\":[\"https:\\\/\\\/miumjau.ee\\\/fi\\\/tuote\\\/ibero-sailykeruoka-aikuisille-koirille-kala-ja-omena-400g-kopeeri\\\/\"]}]},{\"@type\":\"ImageObject\",\"inLanguage\":\"fi\",\"@id\":\"https:\\\/\\\/miumjau.ee\\\/fi\\\/tuote\\\/ibero-sailykeruoka-aikuisille-koirille-kala-ja-omena-400g-kopeeri\\\/#primaryimage\",\"url\":\"https:\\\/\\\/miumjau.ee\\\/wp-content\\\/uploads\\\/2026\\\/03\\\/ibero-taissoot-konservid-koerale1.jpg\",\"contentUrl\":\"https:\\\/\\\/miumjau.ee\\\/wp-content\\\/uploads\\\/2026\\\/03\\\/ibero-taissoot-konservid-koerale1.jpg\",\"width\":600,\"height\":800,\"caption\":\"Ibero Natural 70% lihaga konserv, kala ja \u00f5un 6x400g\"},{\"@type\":\"BreadcrumbList\",\"@id\":\"https:\\\/\\\/miumjau.ee\\\/fi\\\/tuote\\\/ibero-sailykeruoka-aikuisille-koirille-kala-ja-omena-400g-kopeeri\\\/#breadcrumb\",\"itemListElement\":[{\"@type\":\"ListItem\",\"position\":1,\"name\":\"Home\",\"item\":\"https:\\\/\\\/miumjau.ee\\\/fi\\\/\"},{\"@type\":\"ListItem\",\"position\":2,\"name\":\"Kauppa\",\"item\":\"https:\\\/\\\/miumjau.ee\\\/fi\\\/kauppa\\\/\"},{\"@type\":\"ListItem\",\"position\":3,\"name\":\"Ibero s\u00e4ilykeruoka aikuisille koirille \u2013 kala ja omena 6x400g\"}]},{\"@type\":\"WebSite\",\"@id\":\"https:\\\/\\\/miumjau.ee\\\/#website\",\"url\":\"https:\\\/\\\/miumjau.ee\\\/\",\"name\":\"MiuMjau\",\"description\":\"Kraapimispuud kassidele\",\"publisher\":{\"@id\":\"https:\\\/\\\/miumjau.ee\\\/#organization\"},\"potentialAction\":[{\"@type\":\"SearchAction\",\"target\":{\"@type\":\"EntryPoint\",\"urlTemplate\":\"https:\\\/\\\/miumjau.ee\\\/?s={search_term_string}\"},\"query-input\":{\"@type\":\"PropertyValueSpecification\",\"valueRequired\":true,\"valueName\":\"search_term_string\"}}],\"inLanguage\":\"fi\"},{\"@type\":\"Organization\",\"@id\":\"https:\\\/\\\/miumjau.ee\\\/#organization\",\"name\":\"MiuMjau O\u00dc\",\"url\":\"https:\\\/\\\/miumjau.ee\\\/\",\"logo\":{\"@type\":\"ImageObject\",\"inLanguage\":\"fi\",\"@id\":\"https:\\\/\\\/miumjau.ee\\\/#\\\/schema\\\/logo\\\/image\\\/\",\"url\":\"https:\\\/\\\/miumjau.ee\\\/wp-content\\\/uploads\\\/2022\\\/04\\\/MiuMjau-logo-kollane.png\",\"contentUrl\":\"https:\\\/\\\/miumjau.ee\\\/wp-content\\\/uploads\\\/2022\\\/04\\\/MiuMjau-logo-kollane.png\",\"width\":219,\"height\":100,\"caption\":\"MiuMjau O\u00dc\"},\"image\":{\"@id\":\"https:\\\/\\\/miumjau.ee\\\/#\\\/schema\\\/logo\\\/image\\\/\"},\"sameAs\":[\"https:\\\/\\\/www.facebook.com\\\/miumjaupood\\\/\"]}]}<\/script>\n<!-- \/ Yoast SEO plugin. -->","yoast_head_json":{"title":"Ibero s\u00e4ilykeruoka aikuisille koirille \u2013 kala ja omena 6x400g - MiuMjau","robots":{"index":"index","follow":"follow","max-snippet":"max-snippet:-1","max-image-preview":"max-image-preview:large","max-video-preview":"max-video-preview:-1"},"canonical":"https:\/\/miumjau.ee\/fi\/tuote\/ibero-sailykeruoka-aikuisille-koirille-kala-ja-omena-400g-kopeeri\/","og_locale":"fi_FI","og_type":"article","og_title":"Ibero s\u00e4ilykeruoka aikuisille koirille \u2013 kala ja omena 6x400g - MiuMjau","og_description":"T\u00e4ysravinto aikuisille koirille kaikille roduille (&gt;1 vuosi) \u2013 kala ja omena Koostumus: Valkoinen kala 35%, sardiini 35%, omena 5%, peruna, hernekuitu, pellavansiemen.Analyysi: Raakaproteiini 9,5%, raakarasva 7%, raakakuitu 1,5%, raakatuhka 2%, kosteus 76%.Lis\u00e4aineet: A-vit. 7954 IU, D3 509 IU, E 159 IU, Mn 13 mg, Fe 29 mg, Cu 2,7 mg, Zn 44 mg, I 0,6 mg.Metabolinen energia: 1170 kcal\/kg.S\u00e4il\u00f6nt\u00e4aineet: tokoferoliuutteet kasvi\u00f6ljyist\u00e4.","og_url":"https:\/\/miumjau.ee\/fi\/tuote\/ibero-sailykeruoka-aikuisille-koirille-kala-ja-omena-400g-kopeeri\/","og_site_name":"MiuMjau","article_publisher":"https:\/\/www.facebook.com\/miumjaupood\/","article_modified_time":"2026-03-16T13:49:08+00:00","og_image":[{"width":600,"height":800,"url":"https:\/\/miumjau.ee\/wp-content\/uploads\/2026\/03\/ibero-taissoot-konservid-koerale1.jpg","type":"image\/jpeg"}],"twitter_card":"summary_large_image","schema":{"@context":"https:\/\/schema.org","@graph":[{"@type":"WebPage","@id":"https:\/\/miumjau.ee\/fi\/tuote\/ibero-sailykeruoka-aikuisille-koirille-kala-ja-omena-400g-kopeeri\/","url":"https:\/\/miumjau.ee\/fi\/tuote\/ibero-sailykeruoka-aikuisille-koirille-kala-ja-omena-400g-kopeeri\/","name":"Ibero s\u00e4ilykeruoka aikuisille koirille \u2013 kala ja omena 6x400g - MiuMjau","isPartOf":{"@id":"https:\/\/miumjau.ee\/#website"},"primaryImageOfPage":{"@id":"https:\/\/miumjau.ee\/fi\/tuote\/ibero-sailykeruoka-aikuisille-koirille-kala-ja-omena-400g-kopeeri\/#primaryimage"},"image":{"@id":"https:\/\/miumjau.ee\/fi\/tuote\/ibero-sailykeruoka-aikuisille-koirille-kala-ja-omena-400g-kopeeri\/#primaryimage"},"thumbnailUrl":"https:\/\/miumjau.ee\/wp-content\/uploads\/2026\/03\/ibero-taissoot-konservid-koerale1.jpg","datePublished":"2026-03-16T07:50:09+00:00","dateModified":"2026-03-16T13:49:08+00:00","breadcrumb":{"@id":"https:\/\/miumjau.ee\/fi\/tuote\/ibero-sailykeruoka-aikuisille-koirille-kala-ja-omena-400g-kopeeri\/#breadcrumb"},"inLanguage":"fi","potentialAction":[{"@type":"ReadAction","target":["https:\/\/miumjau.ee\/fi\/tuote\/ibero-sailykeruoka-aikuisille-koirille-kala-ja-omena-400g-kopeeri\/"]}]},{"@type":"ImageObject","inLanguage":"fi","@id":"https:\/\/miumjau.ee\/fi\/tuote\/ibero-sailykeruoka-aikuisille-koirille-kala-ja-omena-400g-kopeeri\/#primaryimage","url":"https:\/\/miumjau.ee\/wp-content\/uploads\/2026\/03\/ibero-taissoot-konservid-koerale1.jpg","contentUrl":"https:\/\/miumjau.ee\/wp-content\/uploads\/2026\/03\/ibero-taissoot-konservid-koerale1.jpg","width":600,"height":800,"caption":"Ibero Natural 70% lihaga konserv, kala ja \u00f5un 6x400g"},{"@type":"BreadcrumbList","@id":"https:\/\/miumjau.ee\/fi\/tuote\/ibero-sailykeruoka-aikuisille-koirille-kala-ja-omena-400g-kopeeri\/#breadcrumb","itemListElement":[{"@type":"ListItem","position":1,"name":"Home","item":"https:\/\/miumjau.ee\/fi\/"},{"@type":"ListItem","position":2,"name":"Kauppa","item":"https:\/\/miumjau.ee\/fi\/kauppa\/"},{"@type":"ListItem","position":3,"name":"Ibero s\u00e4ilykeruoka aikuisille koirille \u2013 kala ja omena 6x400g"}]},{"@type":"WebSite","@id":"https:\/\/miumjau.ee\/#website","url":"https:\/\/miumjau.ee\/","name":"MiuMjau","description":"Kraapimispuud kassidele","publisher":{"@id":"https:\/\/miumjau.ee\/#organization"},"potentialAction":[{"@type":"SearchAction","target":{"@type":"EntryPoint","urlTemplate":"https:\/\/miumjau.ee\/?s={search_term_string}"},"query-input":{"@type":"PropertyValueSpecification","valueRequired":true,"valueName":"search_term_string"}}],"inLanguage":"fi"},{"@type":"Organization","@id":"https:\/\/miumjau.ee\/#organization","name":"MiuMjau O\u00dc","url":"https:\/\/miumjau.ee\/","logo":{"@type":"ImageObject","inLanguage":"fi","@id":"https:\/\/miumjau.ee\/#\/schema\/logo\/image\/","url":"https:\/\/miumjau.ee\/wp-content\/uploads\/2022\/04\/MiuMjau-logo-kollane.png","contentUrl":"https:\/\/miumjau.ee\/wp-content\/uploads\/2022\/04\/MiuMjau-logo-kollane.png","width":219,"height":100,"caption":"MiuMjau O\u00dc"},"image":{"@id":"https:\/\/miumjau.ee\/#\/schema\/logo\/image\/"},"sameAs":["https:\/\/www.facebook.com\/miumjaupood\/"]}]}},"_links":{"self":[{"href":"https:\/\/miumjau.ee\/fi\/wp-json\/wp\/v2\/product\/54938","targetHints":{"allow":["GET"]}}],"collection":[{"href":"https:\/\/miumjau.ee\/fi\/wp-json\/wp\/v2\/product"}],"about":[{"href":"https:\/\/miumjau.ee\/fi\/wp-json\/wp\/v2\/types\/product"}],"wp:featuredmedia":[{"embeddable":true,"href":"https:\/\/miumjau.ee\/fi\/wp-json\/wp\/v2\/media\/54950"}],"wp:attachment":[{"href":"https:\/\/miumjau.ee\/fi\/wp-json\/wp\/v2\/media?parent=54938"}],"wp:term":[{"taxonomy":"product_brand","embeddable":true,"href":"https:\/\/miumjau.ee\/fi\/wp-json\/wp\/v2\/product_brand?post=54938"},{"taxonomy":"product_cat","embeddable":true,"href":"https:\/\/miumjau.ee\/fi\/wp-json\/wp\/v2\/product_cat?post=54938"},{"taxonomy":"product_tag","embeddable":true,"href":"https:\/\/miumjau.ee\/fi\/wp-json\/wp\/v2\/product_tag?post=54938"}],"curies":[{"name":"wp","href":"https:\/\/api.w.org\/{rel}","templated":true}]}}