{"id":54850,"date":"2026-03-10T09:28:55","date_gmt":"2026-03-10T07:28:55","guid":{"rendered":"https:\/\/miumjau.ee\/toode\/ibero-lihapitoisuinen-makkara-koirille-pinaatilla-ja-porkkanalla-800g\/"},"modified":"2026-03-10T09:28:55","modified_gmt":"2026-03-10T07:28:55","slug":"ibero-lihapitoisuinen-makkara-koirille-pinaatilla-ja-porkkanalla-800g","status":"publish","type":"product","link":"https:\/\/miumjau.ee\/fi\/tuote\/ibero-lihapitoisuinen-makkara-koirille-pinaatilla-ja-porkkanalla-800g\/","title":{"rendered":"Ibero lihapitoisuinen makkara koirille pinaatilla ja porkkanalla 800g"},"content":{"rendered":"","protected":false},"excerpt":{"rendered":"<p data-start=\"6822\" data-end=\"6901\">Runsaslihaista t\u00e4ydennysravintoa kaikille roduille ja kaikenik\u00e4isille koirille.<\/p>\n<p data-start=\"6903\" data-end=\"7297\">Tuote on suunniteltu koirien luonnollisten ravintoperiaatteiden mukaisesti. Resepti yhdist\u00e4\u00e4 suuren m\u00e4\u00e4r\u00e4n laadukasta el\u00e4inlihaa huolellisesti valittuihin vihanneksiin, mik\u00e4 tukee hyv\u00e4\u00e4 ruoansulatusta ja koiran yleist\u00e4 elinvoimaa. Korkean kosteuspitoisuuden ja pehme\u00e4n koostumuksen ansiosta salami sopii erinomaisesti palkkioksi, v\u00e4lipalaksi tai maukkaaksi lisukkeeksi p\u00e4ivitt\u00e4iseen ruokintaan.<\/p>\n<h3 data-section-id=\"yh8o37\" data-start=\"7299\" data-end=\"7318\">T\u00e4rkeimm\u00e4t edut<\/h3>\n<p data-start=\"7319\" data-end=\"7484\"><strong data-start=\"7319\" data-end=\"7349\">Korkea lihapitoisuus (92%)<\/strong> \u2013 kanan, naudan, sian ja lampaan yhdistelm\u00e4 arvokkaiden sivutuotteiden kanssa takaa laadukkaan el\u00e4inproteiinin ja luonnollisen maun.<\/p>\n<p data-start=\"7486\" data-end=\"7578\"><strong data-start=\"7486\" data-end=\"7501\">Lammas (5%)<\/strong> \u2013 helposti sulava proteiinin l\u00e4hde, sopii my\u00f6s herkk\u00e4vatsaisille koirille.<\/p>\n<p data-start=\"7580\" data-end=\"7715\"><strong data-start=\"7580\" data-end=\"7614\">Pinaatti (2%) ja porkkana (6%)<\/strong> \u2013 luonnollisia kuitujen ja kasvipohjaisten ravintoaineiden l\u00e4hteit\u00e4, jotka tukevat ruoansulatusta.<\/p>\n<p data-start=\"7717\" data-end=\"7841\"><strong data-start=\"7717\" data-end=\"7768\">Pehme\u00e4 rakenne ja korkea kosteuspitoisuus (70%)<\/strong> \u2013 helppo leikata; sopii pennuille, ik\u00e4\u00e4ntyville ja herkille hampaille.<\/p>\n<p data-start=\"7843\" data-end=\"7973\"><strong data-start=\"7843\" data-end=\"7869\">Luonnollinen koostumus<\/strong> \u2013 ilman tarpeettomia teknologisia lis\u00e4aineita; painotus raaka-aineiden laatuun ja yksinkertaisuuteen.<\/p>\n<p data-start=\"7975\" data-end=\"8098\"><strong data-start=\"7975\" data-end=\"7998\">Monipuolinen k\u00e4ytt\u00f6<\/strong> \u2013 sopii palkkioksi, herkkupalaksi, kuivaruokaan lis\u00e4tt\u00e4v\u00e4ksi tai BARF-ruokavalion t\u00e4ydennykseksi.<\/p>\n<h3 data-section-id=\"77txqi\" data-start=\"8100\" data-end=\"8109\">Sopii<\/h3>\n<p data-start=\"8110\" data-end=\"8305\">\u2714 Kaikille roduille ja ik\u00e4ryhmille<br data-start=\"8144\" data-end=\"8147\" \/>\u2714 Herkk\u00e4vatsaisille koirille<br data-start=\"8175\" data-end=\"8178\" \/>\u2714 Normaali- ja valikoivasy\u00f6m\u00e4isille koirille<br data-start=\"8222\" data-end=\"8225\" \/>\u2714 Omistajille, jotka etsiv\u00e4t laadukkaita lihaherkkuja selke\u00e4ll\u00e4 koostumuksella<\/p>\n<p data-start=\"8307\" data-end=\"8546\"><strong data-start=\"8307\" data-end=\"8321\">Koostumus:<\/strong> Kana 57% (kanapalat ja rustot), naudanliha 20% + sianliha 10% (lihakset, syd\u00e4n, keuhkot, maksa), porkkana 6%, lammas 5%, pinaatti 2%. Tuote voi sis\u00e4lt\u00e4\u00e4 luita. (Kaikki ainesosat on kuumennettu pehmeiksi korkeassa paineessa.)<\/p>\n<p data-start=\"8548\" data-end=\"8643\"><strong data-start=\"8548\" data-end=\"8567\">Ravintosis\u00e4lt\u00f6:<\/strong> Raakavalkuainen 14%, raakarasva 9%, raakakuitu 1%, tuhka 2,5%, kosteus 70%.<\/p>\n<p data-start=\"8645\" data-end=\"8663\"><strong data-start=\"8645\" data-end=\"8659\">Annostelu:<\/strong> \u2014<\/p>\n<p data-start=\"8665\" data-end=\"8792\"><strong data-start=\"8665\" data-end=\"8678\">S\u00e4ilytys:<\/strong> S\u00e4ilyt\u00e4 huoneenl\u00e4mm\u00f6ss\u00e4, suojassa suoralta auringonvalolta. Avattuna s\u00e4ilyt\u00e4 alle 5\u00b0C ja k\u00e4yt\u00e4 3 p\u00e4iv\u00e4n kuluessa.<\/p>\n","protected":false},"featured_media":54542,"template":"","meta":[],"product_brand":[],"product_cat":[479],"product_tag":[],"class_list":{"0":"post-54850","1":"product","2":"type-product","3":"status-publish","4":"has-post-thumbnail","6":"product_cat-markaruoka-koirille","8":"first","9":"instock","10":"sale","11":"taxable","12":"shipping-taxable","13":"purchasable","14":"product-type-simple"},"yoast_head":"<!-- This site is optimized with the Yoast SEO plugin v27.4 - https:\/\/yoast.com\/product\/yoast-seo-wordpress\/ -->\n<title>Ibero lihapitoisuinen makkara koirille pinaatilla ja porkkanalla 800g - MiuMjau<\/title>\n<meta name=\"robots\" content=\"index, follow, max-snippet:-1, max-image-preview:large, max-video-preview:-1\" \/>\n<link rel=\"canonical\" href=\"https:\/\/miumjau.ee\/fi\/tuote\/ibero-lihapitoisuinen-makkara-koirille-pinaatilla-ja-porkkanalla-800g\/\" \/>\n<meta property=\"og:locale\" content=\"fi_FI\" \/>\n<meta property=\"og:type\" content=\"article\" \/>\n<meta property=\"og:title\" content=\"Ibero lihapitoisuinen makkara koirille pinaatilla ja porkkanalla 800g - MiuMjau\" \/>\n<meta property=\"og:description\" content=\"Runsaslihaista t\u00e4ydennysravintoa kaikille roduille ja kaikenik\u00e4isille koirille. Tuote on suunniteltu koirien luonnollisten ravintoperiaatteiden mukaisesti. Resepti yhdist\u00e4\u00e4 suuren m\u00e4\u00e4r\u00e4n laadukasta el\u00e4inlihaa huolellisesti valittuihin vihanneksiin, mik\u00e4 tukee hyv\u00e4\u00e4 ruoansulatusta ja koiran yleist\u00e4 elinvoimaa. Korkean kosteuspitoisuuden ja pehme\u00e4n koostumuksen ansiosta salami sopii erinomaisesti palkkioksi, v\u00e4lipalaksi tai maukkaaksi lisukkeeksi p\u00e4ivitt\u00e4iseen ruokintaan.  T\u00e4rkeimm\u00e4t edut Korkea lihapitoisuus (92%) \u2013 kanan, naudan, sian ja lampaan yhdistelm\u00e4 arvokkaiden sivutuotteiden kanssa takaa laadukkaan el\u00e4inproteiinin ja luonnollisen maun. Lammas (5%) \u2013 helposti sulava proteiinin l\u00e4hde, sopii my\u00f6s herkk\u00e4vatsaisille koirille. Pinaatti (2%) ja porkkana (6%) \u2013 luonnollisia kuitujen ja kasvipohjaisten ravintoaineiden l\u00e4hteit\u00e4, jotka tukevat ruoansulatusta. Pehme\u00e4 rakenne ja korkea kosteuspitoisuus (70%) \u2013 helppo leikata; sopii pennuille, ik\u00e4\u00e4ntyville ja herkille hampaille. Luonnollinen koostumus \u2013 ilman tarpeettomia teknologisia lis\u00e4aineita; painotus raaka-aineiden laatuun ja yksinkertaisuuteen. Monipuolinen k\u00e4ytt\u00f6 \u2013 sopii palkkioksi, herkkupalaksi, kuivaruokaan lis\u00e4tt\u00e4v\u00e4ksi tai BARF-ruokavalion t\u00e4ydennykseksi.  Sopii \u2714 Kaikille roduille ja ik\u00e4ryhmille\u2714 Herkk\u00e4vatsaisille koirille\u2714 Normaali- ja valikoivasy\u00f6m\u00e4isille koirille\u2714 Omistajille, jotka etsiv\u00e4t laadukkaita lihaherkkuja selke\u00e4ll\u00e4 koostumuksella Koostumus: Kana 57% (kanapalat ja rustot), naudanliha 20% + sianliha 10% (lihakset, syd\u00e4n, keuhkot, maksa), porkkana 6%, lammas 5%, pinaatti 2%. Tuote voi sis\u00e4lt\u00e4\u00e4 luita. (Kaikki ainesosat on kuumennettu pehmeiksi korkeassa paineessa.) Ravintosis\u00e4lt\u00f6: Raakavalkuainen 14%, raakarasva 9%, raakakuitu 1%, tuhka 2,5%, kosteus 70%. Annostelu: \u2014 S\u00e4ilytys: S\u00e4ilyt\u00e4 huoneenl\u00e4mm\u00f6ss\u00e4, suojassa suoralta auringonvalolta. Avattuna s\u00e4ilyt\u00e4 alle 5\u00b0C ja k\u00e4yt\u00e4 3 p\u00e4iv\u00e4n kuluessa.\" \/>\n<meta property=\"og:url\" content=\"https:\/\/miumjau.ee\/fi\/tuote\/ibero-lihapitoisuinen-makkara-koirille-pinaatilla-ja-porkkanalla-800g\/\" \/>\n<meta property=\"og:site_name\" content=\"MiuMjau\" \/>\n<meta property=\"article:publisher\" content=\"https:\/\/www.facebook.com\/miumjaupood\/\" \/>\n<meta property=\"og:image\" content=\"https:\/\/miumjau.ee\/wp-content\/uploads\/2026\/03\/ibero-vorst-lambaga2.jpg\" \/>\n\t<meta property=\"og:image:width\" content=\"600\" \/>\n\t<meta property=\"og:image:height\" content=\"800\" \/>\n\t<meta property=\"og:image:type\" content=\"image\/jpeg\" \/>\n<meta name=\"twitter:card\" content=\"summary_large_image\" \/>\n<script type=\"application\/ld+json\" class=\"yoast-schema-graph\">{\"@context\":\"https:\\\/\\\/schema.org\",\"@graph\":[{\"@type\":\"WebPage\",\"@id\":\"https:\\\/\\\/miumjau.ee\\\/fi\\\/tuote\\\/ibero-lihapitoisuinen-makkara-koirille-pinaatilla-ja-porkkanalla-800g\\\/\",\"url\":\"https:\\\/\\\/miumjau.ee\\\/fi\\\/tuote\\\/ibero-lihapitoisuinen-makkara-koirille-pinaatilla-ja-porkkanalla-800g\\\/\",\"name\":\"Ibero lihapitoisuinen makkara koirille pinaatilla ja porkkanalla 800g - MiuMjau\",\"isPartOf\":{\"@id\":\"https:\\\/\\\/miumjau.ee\\\/#website\"},\"primaryImageOfPage\":{\"@id\":\"https:\\\/\\\/miumjau.ee\\\/fi\\\/tuote\\\/ibero-lihapitoisuinen-makkara-koirille-pinaatilla-ja-porkkanalla-800g\\\/#primaryimage\"},\"image\":{\"@id\":\"https:\\\/\\\/miumjau.ee\\\/fi\\\/tuote\\\/ibero-lihapitoisuinen-makkara-koirille-pinaatilla-ja-porkkanalla-800g\\\/#primaryimage\"},\"thumbnailUrl\":\"https:\\\/\\\/miumjau.ee\\\/wp-content\\\/uploads\\\/2026\\\/03\\\/ibero-vorst-lambaga2.jpg\",\"datePublished\":\"2026-03-10T07:28:55+00:00\",\"breadcrumb\":{\"@id\":\"https:\\\/\\\/miumjau.ee\\\/fi\\\/tuote\\\/ibero-lihapitoisuinen-makkara-koirille-pinaatilla-ja-porkkanalla-800g\\\/#breadcrumb\"},\"inLanguage\":\"fi\",\"potentialAction\":[{\"@type\":\"ReadAction\",\"target\":[\"https:\\\/\\\/miumjau.ee\\\/fi\\\/tuote\\\/ibero-lihapitoisuinen-makkara-koirille-pinaatilla-ja-porkkanalla-800g\\\/\"]}]},{\"@type\":\"ImageObject\",\"inLanguage\":\"fi\",\"@id\":\"https:\\\/\\\/miumjau.ee\\\/fi\\\/tuote\\\/ibero-lihapitoisuinen-makkara-koirille-pinaatilla-ja-porkkanalla-800g\\\/#primaryimage\",\"url\":\"https:\\\/\\\/miumjau.ee\\\/wp-content\\\/uploads\\\/2026\\\/03\\\/ibero-vorst-lambaga2.jpg\",\"contentUrl\":\"https:\\\/\\\/miumjau.ee\\\/wp-content\\\/uploads\\\/2026\\\/03\\\/ibero-vorst-lambaga2.jpg\",\"width\":600,\"height\":800,\"caption\":\"Ibero liharohke vorst koertele spinati ja porgandiga 800g\"},{\"@type\":\"BreadcrumbList\",\"@id\":\"https:\\\/\\\/miumjau.ee\\\/fi\\\/tuote\\\/ibero-lihapitoisuinen-makkara-koirille-pinaatilla-ja-porkkanalla-800g\\\/#breadcrumb\",\"itemListElement\":[{\"@type\":\"ListItem\",\"position\":1,\"name\":\"Home\",\"item\":\"https:\\\/\\\/miumjau.ee\\\/fi\\\/\"},{\"@type\":\"ListItem\",\"position\":2,\"name\":\"Kauppa\",\"item\":\"https:\\\/\\\/miumjau.ee\\\/fi\\\/kauppa\\\/\"},{\"@type\":\"ListItem\",\"position\":3,\"name\":\"Ibero lihapitoisuinen makkara koirille pinaatilla ja porkkanalla 800g\"}]},{\"@type\":\"WebSite\",\"@id\":\"https:\\\/\\\/miumjau.ee\\\/#website\",\"url\":\"https:\\\/\\\/miumjau.ee\\\/\",\"name\":\"MiuMjau\",\"description\":\"Kraapimispuud kassidele\",\"publisher\":{\"@id\":\"https:\\\/\\\/miumjau.ee\\\/#organization\"},\"potentialAction\":[{\"@type\":\"SearchAction\",\"target\":{\"@type\":\"EntryPoint\",\"urlTemplate\":\"https:\\\/\\\/miumjau.ee\\\/?s={search_term_string}\"},\"query-input\":{\"@type\":\"PropertyValueSpecification\",\"valueRequired\":true,\"valueName\":\"search_term_string\"}}],\"inLanguage\":\"fi\"},{\"@type\":\"Organization\",\"@id\":\"https:\\\/\\\/miumjau.ee\\\/#organization\",\"name\":\"MiuMjau O\u00dc\",\"url\":\"https:\\\/\\\/miumjau.ee\\\/\",\"logo\":{\"@type\":\"ImageObject\",\"inLanguage\":\"fi\",\"@id\":\"https:\\\/\\\/miumjau.ee\\\/#\\\/schema\\\/logo\\\/image\\\/\",\"url\":\"https:\\\/\\\/miumjau.ee\\\/wp-content\\\/uploads\\\/2022\\\/04\\\/MiuMjau-logo-kollane.png\",\"contentUrl\":\"https:\\\/\\\/miumjau.ee\\\/wp-content\\\/uploads\\\/2022\\\/04\\\/MiuMjau-logo-kollane.png\",\"width\":219,\"height\":100,\"caption\":\"MiuMjau O\u00dc\"},\"image\":{\"@id\":\"https:\\\/\\\/miumjau.ee\\\/#\\\/schema\\\/logo\\\/image\\\/\"},\"sameAs\":[\"https:\\\/\\\/www.facebook.com\\\/miumjaupood\\\/\"]}]}<\/script>\n<!-- \/ Yoast SEO plugin. -->","yoast_head_json":{"title":"Ibero lihapitoisuinen makkara koirille pinaatilla ja porkkanalla 800g - MiuMjau","robots":{"index":"index","follow":"follow","max-snippet":"max-snippet:-1","max-image-preview":"max-image-preview:large","max-video-preview":"max-video-preview:-1"},"canonical":"https:\/\/miumjau.ee\/fi\/tuote\/ibero-lihapitoisuinen-makkara-koirille-pinaatilla-ja-porkkanalla-800g\/","og_locale":"fi_FI","og_type":"article","og_title":"Ibero lihapitoisuinen makkara koirille pinaatilla ja porkkanalla 800g - MiuMjau","og_description":"Runsaslihaista t\u00e4ydennysravintoa kaikille roduille ja kaikenik\u00e4isille koirille. Tuote on suunniteltu koirien luonnollisten ravintoperiaatteiden mukaisesti. Resepti yhdist\u00e4\u00e4 suuren m\u00e4\u00e4r\u00e4n laadukasta el\u00e4inlihaa huolellisesti valittuihin vihanneksiin, mik\u00e4 tukee hyv\u00e4\u00e4 ruoansulatusta ja koiran yleist\u00e4 elinvoimaa. Korkean kosteuspitoisuuden ja pehme\u00e4n koostumuksen ansiosta salami sopii erinomaisesti palkkioksi, v\u00e4lipalaksi tai maukkaaksi lisukkeeksi p\u00e4ivitt\u00e4iseen ruokintaan.  T\u00e4rkeimm\u00e4t edut Korkea lihapitoisuus (92%) \u2013 kanan, naudan, sian ja lampaan yhdistelm\u00e4 arvokkaiden sivutuotteiden kanssa takaa laadukkaan el\u00e4inproteiinin ja luonnollisen maun. Lammas (5%) \u2013 helposti sulava proteiinin l\u00e4hde, sopii my\u00f6s herkk\u00e4vatsaisille koirille. Pinaatti (2%) ja porkkana (6%) \u2013 luonnollisia kuitujen ja kasvipohjaisten ravintoaineiden l\u00e4hteit\u00e4, jotka tukevat ruoansulatusta. Pehme\u00e4 rakenne ja korkea kosteuspitoisuus (70%) \u2013 helppo leikata; sopii pennuille, ik\u00e4\u00e4ntyville ja herkille hampaille. Luonnollinen koostumus \u2013 ilman tarpeettomia teknologisia lis\u00e4aineita; painotus raaka-aineiden laatuun ja yksinkertaisuuteen. Monipuolinen k\u00e4ytt\u00f6 \u2013 sopii palkkioksi, herkkupalaksi, kuivaruokaan lis\u00e4tt\u00e4v\u00e4ksi tai BARF-ruokavalion t\u00e4ydennykseksi.  Sopii \u2714 Kaikille roduille ja ik\u00e4ryhmille\u2714 Herkk\u00e4vatsaisille koirille\u2714 Normaali- ja valikoivasy\u00f6m\u00e4isille koirille\u2714 Omistajille, jotka etsiv\u00e4t laadukkaita lihaherkkuja selke\u00e4ll\u00e4 koostumuksella Koostumus: Kana 57% (kanapalat ja rustot), naudanliha 20% + sianliha 10% (lihakset, syd\u00e4n, keuhkot, maksa), porkkana 6%, lammas 5%, pinaatti 2%. Tuote voi sis\u00e4lt\u00e4\u00e4 luita. (Kaikki ainesosat on kuumennettu pehmeiksi korkeassa paineessa.) Ravintosis\u00e4lt\u00f6: Raakavalkuainen 14%, raakarasva 9%, raakakuitu 1%, tuhka 2,5%, kosteus 70%. Annostelu: \u2014 S\u00e4ilytys: S\u00e4ilyt\u00e4 huoneenl\u00e4mm\u00f6ss\u00e4, suojassa suoralta auringonvalolta. Avattuna s\u00e4ilyt\u00e4 alle 5\u00b0C ja k\u00e4yt\u00e4 3 p\u00e4iv\u00e4n kuluessa.","og_url":"https:\/\/miumjau.ee\/fi\/tuote\/ibero-lihapitoisuinen-makkara-koirille-pinaatilla-ja-porkkanalla-800g\/","og_site_name":"MiuMjau","article_publisher":"https:\/\/www.facebook.com\/miumjaupood\/","og_image":[{"width":600,"height":800,"url":"https:\/\/miumjau.ee\/wp-content\/uploads\/2026\/03\/ibero-vorst-lambaga2.jpg","type":"image\/jpeg"}],"twitter_card":"summary_large_image","schema":{"@context":"https:\/\/schema.org","@graph":[{"@type":"WebPage","@id":"https:\/\/miumjau.ee\/fi\/tuote\/ibero-lihapitoisuinen-makkara-koirille-pinaatilla-ja-porkkanalla-800g\/","url":"https:\/\/miumjau.ee\/fi\/tuote\/ibero-lihapitoisuinen-makkara-koirille-pinaatilla-ja-porkkanalla-800g\/","name":"Ibero lihapitoisuinen makkara koirille pinaatilla ja porkkanalla 800g - MiuMjau","isPartOf":{"@id":"https:\/\/miumjau.ee\/#website"},"primaryImageOfPage":{"@id":"https:\/\/miumjau.ee\/fi\/tuote\/ibero-lihapitoisuinen-makkara-koirille-pinaatilla-ja-porkkanalla-800g\/#primaryimage"},"image":{"@id":"https:\/\/miumjau.ee\/fi\/tuote\/ibero-lihapitoisuinen-makkara-koirille-pinaatilla-ja-porkkanalla-800g\/#primaryimage"},"thumbnailUrl":"https:\/\/miumjau.ee\/wp-content\/uploads\/2026\/03\/ibero-vorst-lambaga2.jpg","datePublished":"2026-03-10T07:28:55+00:00","breadcrumb":{"@id":"https:\/\/miumjau.ee\/fi\/tuote\/ibero-lihapitoisuinen-makkara-koirille-pinaatilla-ja-porkkanalla-800g\/#breadcrumb"},"inLanguage":"fi","potentialAction":[{"@type":"ReadAction","target":["https:\/\/miumjau.ee\/fi\/tuote\/ibero-lihapitoisuinen-makkara-koirille-pinaatilla-ja-porkkanalla-800g\/"]}]},{"@type":"ImageObject","inLanguage":"fi","@id":"https:\/\/miumjau.ee\/fi\/tuote\/ibero-lihapitoisuinen-makkara-koirille-pinaatilla-ja-porkkanalla-800g\/#primaryimage","url":"https:\/\/miumjau.ee\/wp-content\/uploads\/2026\/03\/ibero-vorst-lambaga2.jpg","contentUrl":"https:\/\/miumjau.ee\/wp-content\/uploads\/2026\/03\/ibero-vorst-lambaga2.jpg","width":600,"height":800,"caption":"Ibero liharohke vorst koertele spinati ja porgandiga 800g"},{"@type":"BreadcrumbList","@id":"https:\/\/miumjau.ee\/fi\/tuote\/ibero-lihapitoisuinen-makkara-koirille-pinaatilla-ja-porkkanalla-800g\/#breadcrumb","itemListElement":[{"@type":"ListItem","position":1,"name":"Home","item":"https:\/\/miumjau.ee\/fi\/"},{"@type":"ListItem","position":2,"name":"Kauppa","item":"https:\/\/miumjau.ee\/fi\/kauppa\/"},{"@type":"ListItem","position":3,"name":"Ibero lihapitoisuinen makkara koirille pinaatilla ja porkkanalla 800g"}]},{"@type":"WebSite","@id":"https:\/\/miumjau.ee\/#website","url":"https:\/\/miumjau.ee\/","name":"MiuMjau","description":"Kraapimispuud kassidele","publisher":{"@id":"https:\/\/miumjau.ee\/#organization"},"potentialAction":[{"@type":"SearchAction","target":{"@type":"EntryPoint","urlTemplate":"https:\/\/miumjau.ee\/?s={search_term_string}"},"query-input":{"@type":"PropertyValueSpecification","valueRequired":true,"valueName":"search_term_string"}}],"inLanguage":"fi"},{"@type":"Organization","@id":"https:\/\/miumjau.ee\/#organization","name":"MiuMjau O\u00dc","url":"https:\/\/miumjau.ee\/","logo":{"@type":"ImageObject","inLanguage":"fi","@id":"https:\/\/miumjau.ee\/#\/schema\/logo\/image\/","url":"https:\/\/miumjau.ee\/wp-content\/uploads\/2022\/04\/MiuMjau-logo-kollane.png","contentUrl":"https:\/\/miumjau.ee\/wp-content\/uploads\/2022\/04\/MiuMjau-logo-kollane.png","width":219,"height":100,"caption":"MiuMjau O\u00dc"},"image":{"@id":"https:\/\/miumjau.ee\/#\/schema\/logo\/image\/"},"sameAs":["https:\/\/www.facebook.com\/miumjaupood\/"]}]}},"_links":{"self":[{"href":"https:\/\/miumjau.ee\/fi\/wp-json\/wp\/v2\/product\/54850","targetHints":{"allow":["GET"]}}],"collection":[{"href":"https:\/\/miumjau.ee\/fi\/wp-json\/wp\/v2\/product"}],"about":[{"href":"https:\/\/miumjau.ee\/fi\/wp-json\/wp\/v2\/types\/product"}],"wp:featuredmedia":[{"embeddable":true,"href":"https:\/\/miumjau.ee\/fi\/wp-json\/wp\/v2\/media\/54542"}],"wp:attachment":[{"href":"https:\/\/miumjau.ee\/fi\/wp-json\/wp\/v2\/media?parent=54850"}],"wp:term":[{"taxonomy":"product_brand","embeddable":true,"href":"https:\/\/miumjau.ee\/fi\/wp-json\/wp\/v2\/product_brand?post=54850"},{"taxonomy":"product_cat","embeddable":true,"href":"https:\/\/miumjau.ee\/fi\/wp-json\/wp\/v2\/product_cat?post=54850"},{"taxonomy":"product_tag","embeddable":true,"href":"https:\/\/miumjau.ee\/fi\/wp-json\/wp\/v2\/product_tag?post=54850"}],"curies":[{"name":"wp","href":"https:\/\/api.w.org\/{rel}","templated":true}]}}