{"id":54822,"date":"2024-11-08T11:40:45","date_gmt":"2024-11-08T09:40:45","guid":{"rendered":"https:\/\/miumjau.ee\/toode\/platinum-meatcrisp-kuivaruoka-kissanpennuille-kalalla-15-kg\/"},"modified":"2024-11-08T11:40:45","modified_gmt":"2024-11-08T09:40:45","slug":"platinum-meatcrisp-kuivaruoka-kissanpennuille-kalalla-15-kg","status":"publish","type":"product","link":"https:\/\/miumjau.ee\/fi\/tuote\/platinum-meatcrisp-kuivaruoka-kissanpennuille-kalalla-15-kg\/","title":{"rendered":"Platinum MeatCrisp kuivaruoka kissanpennuille kalalla, 1,5 kg"},"content":{"rendered":"","protected":false},"excerpt":{"rendered":"<p data-start=\"1413\" data-end=\"1971\">MeatCrisp on ensimm\u00e4inen terveellinen kissanruoka, joka on valmistettu kuivatusta tuoreesta lihasta. Se sis\u00e4lt\u00e4\u00e4 tuoreen lihan luonnollisia hivenaineita ja aminohappoja, mik\u00e4 tekee MeatCrispist\u00e4 paremman vaihtoehdon kissan luonnolliselle saalisravinnolle kuin useimmat kaupalliset kissanruoat. Kun ruokit kissaasi MeatCrispill\u00e4, se tuntee olonsa vakaammaksi ja rauhallisemmaksi ja on siten onnellisempi. MeatCrispin rapea suutuntuma ja lihainen maku ovat niin herkullisia, ettei kissasi halua sy\u00f6d\u00e4 mit\u00e4\u00e4n muuta. MeatCrisp ei sis\u00e4ll\u00e4 aromi- eik\u00e4 makuaineita.<\/p>\n<p data-start=\"1973\" data-end=\"2183\">86 % tuoretta lihaa (ei sis\u00e4ll\u00e4 lihajauhoa tai el\u00e4injauhoa)<br data-start=\"2032\" data-end=\"2035\" \/>Luonnolliset ainesosat<br data-start=\"2057\" data-end=\"2060\" \/>Ei aromi- eik\u00e4 makuaineita<br data-start=\"2086\" data-end=\"2089\" \/>Ei gluteenia sis\u00e4lt\u00e4vi\u00e4 viljoja<br data-start=\"2120\" data-end=\"2123\" \/>Ravitseva ja helposti sulava<br data-start=\"2151\" data-end=\"2154\" \/>Optimoitu tauriinipitoisuus<\/p>\n<p data-start=\"2185\" data-end=\"2416\"><strong data-start=\"2185\" data-end=\"2199\">Koostumus:<\/strong> Tuore kalaliha 86 %, Flor de Ma\u00edz* (maissi), kookos\u00f6ljy** (60 % lauriinihappoa), rypsi\u00f6ljy**, kasviproteiini-isolaatti*, herneet*, riisi, panimohiiva*, perunat*, kasvikuitu*.<br data-start=\"2374\" data-end=\"2377\" \/>(*kuivattu, **kylm\u00e4puristettu, neitsyt)<\/p>\n<p data-start=\"2418\" data-end=\"2545\"><strong data-start=\"2418\" data-end=\"2445\">Analyyttinen koostumus:<\/strong> Raakavalkuainen 40 %, raakakuitu 3 %, raakarasva 18 %, kalsium 1,2 %, raakatuha 7,5 %, fosfori 1 %.<\/p>\n<p data-start=\"2547\" data-end=\"2576\"><strong data-start=\"2547\" data-end=\"2567\">Kalorit \/ 100 g:<\/strong> 388 kcal<\/p>\n","protected":false},"featured_media":23724,"template":"","meta":[],"product_brand":[],"product_cat":[255],"product_tag":[],"class_list":{"0":"post-54822","1":"product","2":"type-product","3":"status-publish","4":"has-post-thumbnail","6":"product_cat-kuiva-ruoka","8":"first","9":"instock","10":"taxable","11":"shipping-taxable","12":"purchasable","13":"product-type-simple"},"yoast_head":"<!-- This site is optimized with the Yoast SEO plugin v27.4 - https:\/\/yoast.com\/product\/yoast-seo-wordpress\/ -->\n<title>Platinum MeatCrisp kuivaruoka kissanpennuille kalalla, 1,5 kg - MiuMjau<\/title>\n<meta name=\"robots\" content=\"index, follow, max-snippet:-1, max-image-preview:large, max-video-preview:-1\" \/>\n<link rel=\"canonical\" href=\"https:\/\/miumjau.ee\/fi\/tuote\/platinum-meatcrisp-kuivaruoka-kissanpennuille-kalalla-15-kg\/\" \/>\n<meta property=\"og:locale\" content=\"fi_FI\" \/>\n<meta property=\"og:type\" content=\"article\" \/>\n<meta property=\"og:title\" content=\"Platinum MeatCrisp kuivaruoka kissanpennuille kalalla, 1,5 kg - MiuMjau\" \/>\n<meta property=\"og:description\" content=\"MeatCrisp on ensimm\u00e4inen terveellinen kissanruoka, joka on valmistettu kuivatusta tuoreesta lihasta. Se sis\u00e4lt\u00e4\u00e4 tuoreen lihan luonnollisia hivenaineita ja aminohappoja, mik\u00e4 tekee MeatCrispist\u00e4 paremman vaihtoehdon kissan luonnolliselle saalisravinnolle kuin useimmat kaupalliset kissanruoat. Kun ruokit kissaasi MeatCrispill\u00e4, se tuntee olonsa vakaammaksi ja rauhallisemmaksi ja on siten onnellisempi. MeatCrispin rapea suutuntuma ja lihainen maku ovat niin herkullisia, ettei kissasi halua sy\u00f6d\u00e4 mit\u00e4\u00e4n muuta. MeatCrisp ei sis\u00e4ll\u00e4 aromi- eik\u00e4 makuaineita. 86 % tuoretta lihaa (ei sis\u00e4ll\u00e4 lihajauhoa tai el\u00e4injauhoa)Luonnolliset ainesosatEi aromi- eik\u00e4 makuaineitaEi gluteenia sis\u00e4lt\u00e4vi\u00e4 viljojaRavitseva ja helposti sulavaOptimoitu tauriinipitoisuus Koostumus: Tuore kalaliha 86 %, Flor de Ma\u00edz* (maissi), kookos\u00f6ljy** (60 % lauriinihappoa), rypsi\u00f6ljy**, kasviproteiini-isolaatti*, herneet*, riisi, panimohiiva*, perunat*, kasvikuitu*.(*kuivattu, **kylm\u00e4puristettu, neitsyt) Analyyttinen koostumus: Raakavalkuainen 40 %, raakakuitu 3 %, raakarasva 18 %, kalsium 1,2 %, raakatuha 7,5 %, fosfori 1 %. Kalorit \/ 100 g: 388 kcal\" \/>\n<meta property=\"og:url\" content=\"https:\/\/miumjau.ee\/fi\/tuote\/platinum-meatcrisp-kuivaruoka-kissanpennuille-kalalla-15-kg\/\" \/>\n<meta property=\"og:site_name\" content=\"MiuMjau\" \/>\n<meta property=\"article:publisher\" content=\"https:\/\/www.facebook.com\/miumjaupood\/\" \/>\n<meta property=\"og:image\" content=\"https:\/\/miumjau.ee\/wp-content\/uploads\/2024\/11\/platinum-kuivtoit-pood7.jpg\" \/>\n\t<meta property=\"og:image:width\" content=\"600\" \/>\n\t<meta property=\"og:image:height\" content=\"800\" \/>\n\t<meta property=\"og:image:type\" content=\"image\/jpeg\" \/>\n<meta name=\"twitter:card\" content=\"summary_large_image\" \/>\n<script type=\"application\/ld+json\" class=\"yoast-schema-graph\">{\"@context\":\"https:\\\/\\\/schema.org\",\"@graph\":[{\"@type\":\"WebPage\",\"@id\":\"https:\\\/\\\/miumjau.ee\\\/fi\\\/tuote\\\/platinum-meatcrisp-kuivaruoka-kissanpennuille-kalalla-15-kg\\\/\",\"url\":\"https:\\\/\\\/miumjau.ee\\\/fi\\\/tuote\\\/platinum-meatcrisp-kuivaruoka-kissanpennuille-kalalla-15-kg\\\/\",\"name\":\"Platinum MeatCrisp kuivaruoka kissanpennuille kalalla, 1,5 kg - MiuMjau\",\"isPartOf\":{\"@id\":\"https:\\\/\\\/miumjau.ee\\\/#website\"},\"primaryImageOfPage\":{\"@id\":\"https:\\\/\\\/miumjau.ee\\\/fi\\\/tuote\\\/platinum-meatcrisp-kuivaruoka-kissanpennuille-kalalla-15-kg\\\/#primaryimage\"},\"image\":{\"@id\":\"https:\\\/\\\/miumjau.ee\\\/fi\\\/tuote\\\/platinum-meatcrisp-kuivaruoka-kissanpennuille-kalalla-15-kg\\\/#primaryimage\"},\"thumbnailUrl\":\"https:\\\/\\\/miumjau.ee\\\/wp-content\\\/uploads\\\/2024\\\/11\\\/platinum-kuivtoit-pood7.jpg\",\"datePublished\":\"2024-11-08T09:40:45+00:00\",\"breadcrumb\":{\"@id\":\"https:\\\/\\\/miumjau.ee\\\/fi\\\/tuote\\\/platinum-meatcrisp-kuivaruoka-kissanpennuille-kalalla-15-kg\\\/#breadcrumb\"},\"inLanguage\":\"fi\",\"potentialAction\":[{\"@type\":\"ReadAction\",\"target\":[\"https:\\\/\\\/miumjau.ee\\\/fi\\\/tuote\\\/platinum-meatcrisp-kuivaruoka-kissanpennuille-kalalla-15-kg\\\/\"]}]},{\"@type\":\"ImageObject\",\"inLanguage\":\"fi\",\"@id\":\"https:\\\/\\\/miumjau.ee\\\/fi\\\/tuote\\\/platinum-meatcrisp-kuivaruoka-kissanpennuille-kalalla-15-kg\\\/#primaryimage\",\"url\":\"https:\\\/\\\/miumjau.ee\\\/wp-content\\\/uploads\\\/2024\\\/11\\\/platinum-kuivtoit-pood7.jpg\",\"contentUrl\":\"https:\\\/\\\/miumjau.ee\\\/wp-content\\\/uploads\\\/2024\\\/11\\\/platinum-kuivtoit-pood7.jpg\",\"width\":600,\"height\":800,\"caption\":\"Platinum kuivtoit kassile\"},{\"@type\":\"BreadcrumbList\",\"@id\":\"https:\\\/\\\/miumjau.ee\\\/fi\\\/tuote\\\/platinum-meatcrisp-kuivaruoka-kissanpennuille-kalalla-15-kg\\\/#breadcrumb\",\"itemListElement\":[{\"@type\":\"ListItem\",\"position\":1,\"name\":\"Home\",\"item\":\"https:\\\/\\\/miumjau.ee\\\/fi\\\/\"},{\"@type\":\"ListItem\",\"position\":2,\"name\":\"Kauppa\",\"item\":\"https:\\\/\\\/miumjau.ee\\\/fi\\\/kauppa\\\/\"},{\"@type\":\"ListItem\",\"position\":3,\"name\":\"Platinum MeatCrisp kuivaruoka kissanpennuille kalalla, 1,5 kg\"}]},{\"@type\":\"WebSite\",\"@id\":\"https:\\\/\\\/miumjau.ee\\\/#website\",\"url\":\"https:\\\/\\\/miumjau.ee\\\/\",\"name\":\"MiuMjau\",\"description\":\"Kraapimispuud kassidele\",\"publisher\":{\"@id\":\"https:\\\/\\\/miumjau.ee\\\/#organization\"},\"potentialAction\":[{\"@type\":\"SearchAction\",\"target\":{\"@type\":\"EntryPoint\",\"urlTemplate\":\"https:\\\/\\\/miumjau.ee\\\/?s={search_term_string}\"},\"query-input\":{\"@type\":\"PropertyValueSpecification\",\"valueRequired\":true,\"valueName\":\"search_term_string\"}}],\"inLanguage\":\"fi\"},{\"@type\":\"Organization\",\"@id\":\"https:\\\/\\\/miumjau.ee\\\/#organization\",\"name\":\"MiuMjau O\u00dc\",\"url\":\"https:\\\/\\\/miumjau.ee\\\/\",\"logo\":{\"@type\":\"ImageObject\",\"inLanguage\":\"fi\",\"@id\":\"https:\\\/\\\/miumjau.ee\\\/#\\\/schema\\\/logo\\\/image\\\/\",\"url\":\"https:\\\/\\\/miumjau.ee\\\/wp-content\\\/uploads\\\/2022\\\/04\\\/MiuMjau-logo-kollane.png\",\"contentUrl\":\"https:\\\/\\\/miumjau.ee\\\/wp-content\\\/uploads\\\/2022\\\/04\\\/MiuMjau-logo-kollane.png\",\"width\":219,\"height\":100,\"caption\":\"MiuMjau O\u00dc\"},\"image\":{\"@id\":\"https:\\\/\\\/miumjau.ee\\\/#\\\/schema\\\/logo\\\/image\\\/\"},\"sameAs\":[\"https:\\\/\\\/www.facebook.com\\\/miumjaupood\\\/\"]}]}<\/script>\n<!-- \/ Yoast SEO plugin. -->","yoast_head_json":{"title":"Platinum MeatCrisp kuivaruoka kissanpennuille kalalla, 1,5 kg - MiuMjau","robots":{"index":"index","follow":"follow","max-snippet":"max-snippet:-1","max-image-preview":"max-image-preview:large","max-video-preview":"max-video-preview:-1"},"canonical":"https:\/\/miumjau.ee\/fi\/tuote\/platinum-meatcrisp-kuivaruoka-kissanpennuille-kalalla-15-kg\/","og_locale":"fi_FI","og_type":"article","og_title":"Platinum MeatCrisp kuivaruoka kissanpennuille kalalla, 1,5 kg - MiuMjau","og_description":"MeatCrisp on ensimm\u00e4inen terveellinen kissanruoka, joka on valmistettu kuivatusta tuoreesta lihasta. Se sis\u00e4lt\u00e4\u00e4 tuoreen lihan luonnollisia hivenaineita ja aminohappoja, mik\u00e4 tekee MeatCrispist\u00e4 paremman vaihtoehdon kissan luonnolliselle saalisravinnolle kuin useimmat kaupalliset kissanruoat. Kun ruokit kissaasi MeatCrispill\u00e4, se tuntee olonsa vakaammaksi ja rauhallisemmaksi ja on siten onnellisempi. MeatCrispin rapea suutuntuma ja lihainen maku ovat niin herkullisia, ettei kissasi halua sy\u00f6d\u00e4 mit\u00e4\u00e4n muuta. MeatCrisp ei sis\u00e4ll\u00e4 aromi- eik\u00e4 makuaineita. 86 % tuoretta lihaa (ei sis\u00e4ll\u00e4 lihajauhoa tai el\u00e4injauhoa)Luonnolliset ainesosatEi aromi- eik\u00e4 makuaineitaEi gluteenia sis\u00e4lt\u00e4vi\u00e4 viljojaRavitseva ja helposti sulavaOptimoitu tauriinipitoisuus Koostumus: Tuore kalaliha 86 %, Flor de Ma\u00edz* (maissi), kookos\u00f6ljy** (60 % lauriinihappoa), rypsi\u00f6ljy**, kasviproteiini-isolaatti*, herneet*, riisi, panimohiiva*, perunat*, kasvikuitu*.(*kuivattu, **kylm\u00e4puristettu, neitsyt) Analyyttinen koostumus: Raakavalkuainen 40 %, raakakuitu 3 %, raakarasva 18 %, kalsium 1,2 %, raakatuha 7,5 %, fosfori 1 %. Kalorit \/ 100 g: 388 kcal","og_url":"https:\/\/miumjau.ee\/fi\/tuote\/platinum-meatcrisp-kuivaruoka-kissanpennuille-kalalla-15-kg\/","og_site_name":"MiuMjau","article_publisher":"https:\/\/www.facebook.com\/miumjaupood\/","og_image":[{"width":600,"height":800,"url":"https:\/\/miumjau.ee\/wp-content\/uploads\/2024\/11\/platinum-kuivtoit-pood7.jpg","type":"image\/jpeg"}],"twitter_card":"summary_large_image","schema":{"@context":"https:\/\/schema.org","@graph":[{"@type":"WebPage","@id":"https:\/\/miumjau.ee\/fi\/tuote\/platinum-meatcrisp-kuivaruoka-kissanpennuille-kalalla-15-kg\/","url":"https:\/\/miumjau.ee\/fi\/tuote\/platinum-meatcrisp-kuivaruoka-kissanpennuille-kalalla-15-kg\/","name":"Platinum MeatCrisp kuivaruoka kissanpennuille kalalla, 1,5 kg - MiuMjau","isPartOf":{"@id":"https:\/\/miumjau.ee\/#website"},"primaryImageOfPage":{"@id":"https:\/\/miumjau.ee\/fi\/tuote\/platinum-meatcrisp-kuivaruoka-kissanpennuille-kalalla-15-kg\/#primaryimage"},"image":{"@id":"https:\/\/miumjau.ee\/fi\/tuote\/platinum-meatcrisp-kuivaruoka-kissanpennuille-kalalla-15-kg\/#primaryimage"},"thumbnailUrl":"https:\/\/miumjau.ee\/wp-content\/uploads\/2024\/11\/platinum-kuivtoit-pood7.jpg","datePublished":"2024-11-08T09:40:45+00:00","breadcrumb":{"@id":"https:\/\/miumjau.ee\/fi\/tuote\/platinum-meatcrisp-kuivaruoka-kissanpennuille-kalalla-15-kg\/#breadcrumb"},"inLanguage":"fi","potentialAction":[{"@type":"ReadAction","target":["https:\/\/miumjau.ee\/fi\/tuote\/platinum-meatcrisp-kuivaruoka-kissanpennuille-kalalla-15-kg\/"]}]},{"@type":"ImageObject","inLanguage":"fi","@id":"https:\/\/miumjau.ee\/fi\/tuote\/platinum-meatcrisp-kuivaruoka-kissanpennuille-kalalla-15-kg\/#primaryimage","url":"https:\/\/miumjau.ee\/wp-content\/uploads\/2024\/11\/platinum-kuivtoit-pood7.jpg","contentUrl":"https:\/\/miumjau.ee\/wp-content\/uploads\/2024\/11\/platinum-kuivtoit-pood7.jpg","width":600,"height":800,"caption":"Platinum kuivtoit kassile"},{"@type":"BreadcrumbList","@id":"https:\/\/miumjau.ee\/fi\/tuote\/platinum-meatcrisp-kuivaruoka-kissanpennuille-kalalla-15-kg\/#breadcrumb","itemListElement":[{"@type":"ListItem","position":1,"name":"Home","item":"https:\/\/miumjau.ee\/fi\/"},{"@type":"ListItem","position":2,"name":"Kauppa","item":"https:\/\/miumjau.ee\/fi\/kauppa\/"},{"@type":"ListItem","position":3,"name":"Platinum MeatCrisp kuivaruoka kissanpennuille kalalla, 1,5 kg"}]},{"@type":"WebSite","@id":"https:\/\/miumjau.ee\/#website","url":"https:\/\/miumjau.ee\/","name":"MiuMjau","description":"Kraapimispuud kassidele","publisher":{"@id":"https:\/\/miumjau.ee\/#organization"},"potentialAction":[{"@type":"SearchAction","target":{"@type":"EntryPoint","urlTemplate":"https:\/\/miumjau.ee\/?s={search_term_string}"},"query-input":{"@type":"PropertyValueSpecification","valueRequired":true,"valueName":"search_term_string"}}],"inLanguage":"fi"},{"@type":"Organization","@id":"https:\/\/miumjau.ee\/#organization","name":"MiuMjau O\u00dc","url":"https:\/\/miumjau.ee\/","logo":{"@type":"ImageObject","inLanguage":"fi","@id":"https:\/\/miumjau.ee\/#\/schema\/logo\/image\/","url":"https:\/\/miumjau.ee\/wp-content\/uploads\/2022\/04\/MiuMjau-logo-kollane.png","contentUrl":"https:\/\/miumjau.ee\/wp-content\/uploads\/2022\/04\/MiuMjau-logo-kollane.png","width":219,"height":100,"caption":"MiuMjau O\u00dc"},"image":{"@id":"https:\/\/miumjau.ee\/#\/schema\/logo\/image\/"},"sameAs":["https:\/\/www.facebook.com\/miumjaupood\/"]}]}},"_links":{"self":[{"href":"https:\/\/miumjau.ee\/fi\/wp-json\/wp\/v2\/product\/54822","targetHints":{"allow":["GET"]}}],"collection":[{"href":"https:\/\/miumjau.ee\/fi\/wp-json\/wp\/v2\/product"}],"about":[{"href":"https:\/\/miumjau.ee\/fi\/wp-json\/wp\/v2\/types\/product"}],"wp:featuredmedia":[{"embeddable":true,"href":"https:\/\/miumjau.ee\/fi\/wp-json\/wp\/v2\/media\/23724"}],"wp:attachment":[{"href":"https:\/\/miumjau.ee\/fi\/wp-json\/wp\/v2\/media?parent=54822"}],"wp:term":[{"taxonomy":"product_brand","embeddable":true,"href":"https:\/\/miumjau.ee\/fi\/wp-json\/wp\/v2\/product_brand?post=54822"},{"taxonomy":"product_cat","embeddable":true,"href":"https:\/\/miumjau.ee\/fi\/wp-json\/wp\/v2\/product_cat?post=54822"},{"taxonomy":"product_tag","embeddable":true,"href":"https:\/\/miumjau.ee\/fi\/wp-json\/wp\/v2\/product_tag?post=54822"}],"curies":[{"name":"wp","href":"https:\/\/api.w.org\/{rel}","templated":true}]}}