{"id":54816,"date":"2025-06-28T15:56:04","date_gmt":"2025-06-28T12:56:04","guid":{"rendered":"https:\/\/miumjau.ee\/toode\/platinum-adult-beef-mini-kylmapuristettu-ruoka-pienille-koiraroduille-900-g\/"},"modified":"2025-06-28T15:56:04","modified_gmt":"2025-06-28T12:56:04","slug":"platinum-adult-beef-mini-kylmapuristettu-ruoka-pienille-koiraroduille-900-g","status":"publish","type":"product","link":"https:\/\/miumjau.ee\/fi\/tuote\/platinum-adult-beef-mini-kylmapuristettu-ruoka-pienille-koiraroduille-900-g\/","title":{"rendered":"Platinum Adult Beef Mini, kylm\u00e4puristettu ruoka pienille koiraroduille 900 g"},"content":{"rendered":"","protected":false},"excerpt":{"rendered":"<p data-start=\"1754\" data-end=\"1878\">PLATINUM naudanlihalla valmistettu kuivaruoka sis\u00e4lt\u00e4\u00e4 vain korkealaatuisia ainesosia, joita k\u00e4ytet\u00e4\u00e4n my\u00f6s ihmisravinnossa:<\/p>\n<p data-start=\"1880\" data-end=\"2123\">V\u00e4hint\u00e4\u00e4n 70 % tuoretta naudanlihaa<br data-start=\"1915\" data-end=\"1918\" \/>Peruna laadukkaana hiilihydraattil\u00e4hteen\u00e4, viljaton<br data-start=\"1969\" data-end=\"1972\" \/>Kylm\u00e4puristetut \u00f6ljyt optimaalisen rasvatasapainon saavuttamiseksi<br data-start=\"2038\" data-end=\"2041\" \/>Viherhuulisimpukan uute, hedelmi\u00e4 ja vihanneksia sek\u00e4 useita hy\u00f6dyllisi\u00e4 yrttej\u00e4<\/p>\n<p data-start=\"2125\" data-end=\"2463\"><strong data-start=\"2125\" data-end=\"2139\">Koostumus:<\/strong> Tuore naudanliha (70 %), perunat*, herneet*, linssit*, omenamassa*, kala*, panimohiiva*, lohi\u00f6ljy** (omega-3), oliivi\u00f6ljy**, jukauute, viherhuulisimpukan uute, porkkanat*, tomaatit*, keh\u00e4kukka*, voikukka*, parsakaali*, vihre\u00e4 tee*, kamomilla*, oregano*, maarianohdakkeen siemenet*, karpalonsiemenet*, lev\u00e4t*, kaliumkloridi.<\/p>\n<p data-start=\"2465\" data-end=\"2650\"><strong data-start=\"2465\" data-end=\"2492\">Analyyttinen koostumus:<\/strong> Raakavalkuainen 24,0 %, raaka\u00f6ljyt ja -rasvat 16,0 %, raakatuha 7,0 %, raakakuitu 3,5 %, kalsium 1,5 %, fosfori 0,8 %, kosteus (luontainen pitoisuus) 19,0 %.<\/p>\n<p data-start=\"2652\" data-end=\"2903\"><strong data-start=\"2652\" data-end=\"2667\">Lis\u00e4aineet:<\/strong><br data-start=\"2667\" data-end=\"2670\" \/>Vitamiinit: 3a672a\/vitamiini A 10 000 IU, 3a671\/vitamiini D3 1 600 IU, 3a700i\/vitamiini E 150 mg.<br data-start=\"2767\" data-end=\"2770\" \/>Hivenaineet: 3b108\/rauta 75 mg, 3b203\/jodi 3 mg, 3b413\/kupari 19 mg, 3b506\/mangaani 40 mg, 3b607\/sinkki 150 mg, 3b814\/seleeni 0,2 mg.<\/p>\n<p data-start=\"2905\" data-end=\"2925\"><strong data-start=\"2905\" data-end=\"2925\">100 g = 362 kcal<\/strong><\/p>\n<p data-start=\"2927\" data-end=\"2947\"><strong data-start=\"2927\" data-end=\"2947\">Ruokintasuositus<\/strong><\/p>\n<p data-start=\"2949\" data-end=\"3113\">PLATINUM Adult Beef Mini sopii kaikille aikuisille koirille; pennuille sit\u00e4 voidaan tarjota 5 kuukauden i\u00e4st\u00e4 alkaen. PLATINUM kuivaruoka on heti valmis sy\u00f6t\u00e4v\u00e4ksi.<\/p>\n<p data-start=\"3115\" data-end=\"3256\">Koiran paino (kg) | P\u00e4ivitt\u00e4inen ruokam\u00e4\u00e4r\u00e4 (g)<br data-start=\"3162\" data-end=\"3165\" \/>1,0 \u2013 3,0 | 30 \u2013 55<br data-start=\"3184\" data-end=\"3187\" \/>3,0 \u2013 5,0 | 55 \u2013 85<br data-start=\"3206\" data-end=\"3209\" \/>5,0 \u2013 7,5 | 85 \u2013 115<br data-start=\"3229\" data-end=\"3232\" \/>7,5 \u2013 10,0 | 115 \u2013 150<\/p>\n","protected":false},"featured_media":37189,"template":"","meta":[],"product_brand":[],"product_cat":[478],"product_tag":[],"class_list":{"0":"post-54816","1":"product","2":"type-product","3":"status-publish","4":"has-post-thumbnail","6":"product_cat-kuivaruoka-koirille","8":"first","9":"instock","10":"sale","11":"taxable","12":"shipping-taxable","13":"purchasable","14":"product-type-simple"},"yoast_head":"<!-- This site is optimized with the Yoast SEO plugin v27.4 - https:\/\/yoast.com\/product\/yoast-seo-wordpress\/ -->\n<title>Platinum Adult Beef Mini, kylm\u00e4puristettu ruoka pienille koiraroduille 900 g - MiuMjau<\/title>\n<meta name=\"robots\" content=\"index, follow, max-snippet:-1, max-image-preview:large, max-video-preview:-1\" \/>\n<link rel=\"canonical\" href=\"https:\/\/miumjau.ee\/fi\/tuote\/platinum-adult-beef-mini-kylmapuristettu-ruoka-pienille-koiraroduille-900-g\/\" \/>\n<meta property=\"og:locale\" content=\"fi_FI\" \/>\n<meta property=\"og:type\" content=\"article\" \/>\n<meta property=\"og:title\" content=\"Platinum Adult Beef Mini, kylm\u00e4puristettu ruoka pienille koiraroduille 900 g - MiuMjau\" \/>\n<meta property=\"og:description\" content=\"PLATINUM naudanlihalla valmistettu kuivaruoka sis\u00e4lt\u00e4\u00e4 vain korkealaatuisia ainesosia, joita k\u00e4ytet\u00e4\u00e4n my\u00f6s ihmisravinnossa: V\u00e4hint\u00e4\u00e4n 70 % tuoretta naudanlihaaPeruna laadukkaana hiilihydraattil\u00e4hteen\u00e4, viljatonKylm\u00e4puristetut \u00f6ljyt optimaalisen rasvatasapainon saavuttamiseksiViherhuulisimpukan uute, hedelmi\u00e4 ja vihanneksia sek\u00e4 useita hy\u00f6dyllisi\u00e4 yrttej\u00e4 Koostumus: Tuore naudanliha (70 %), perunat*, herneet*, linssit*, omenamassa*, kala*, panimohiiva*, lohi\u00f6ljy** (omega-3), oliivi\u00f6ljy**, jukauute, viherhuulisimpukan uute, porkkanat*, tomaatit*, keh\u00e4kukka*, voikukka*, parsakaali*, vihre\u00e4 tee*, kamomilla*, oregano*, maarianohdakkeen siemenet*, karpalonsiemenet*, lev\u00e4t*, kaliumkloridi. Analyyttinen koostumus: Raakavalkuainen 24,0 %, raaka\u00f6ljyt ja -rasvat 16,0 %, raakatuha 7,0 %, raakakuitu 3,5 %, kalsium 1,5 %, fosfori 0,8 %, kosteus (luontainen pitoisuus) 19,0 %. Lis\u00e4aineet:Vitamiinit: 3a672a\/vitamiini A 10 000 IU, 3a671\/vitamiini D3 1 600 IU, 3a700i\/vitamiini E 150 mg.Hivenaineet: 3b108\/rauta 75 mg, 3b203\/jodi 3 mg, 3b413\/kupari 19 mg, 3b506\/mangaani 40 mg, 3b607\/sinkki 150 mg, 3b814\/seleeni 0,2 mg. 100 g = 362 kcal Ruokintasuositus PLATINUM Adult Beef Mini sopii kaikille aikuisille koirille; pennuille sit\u00e4 voidaan tarjota 5 kuukauden i\u00e4st\u00e4 alkaen. PLATINUM kuivaruoka on heti valmis sy\u00f6t\u00e4v\u00e4ksi. Koiran paino (kg) | P\u00e4ivitt\u00e4inen ruokam\u00e4\u00e4r\u00e4 (g)1,0 \u2013 3,0 | 30 \u2013 553,0 \u2013 5,0 | 55 \u2013 855,0 \u2013 7,5 | 85 \u2013 1157,5 \u2013 10,0 | 115 \u2013 150\" \/>\n<meta property=\"og:url\" content=\"https:\/\/miumjau.ee\/fi\/tuote\/platinum-adult-beef-mini-kylmapuristettu-ruoka-pienille-koiraroduille-900-g\/\" \/>\n<meta property=\"og:site_name\" content=\"MiuMjau\" \/>\n<meta property=\"article:publisher\" content=\"https:\/\/www.facebook.com\/miumjaupood\/\" \/>\n<meta property=\"og:image\" content=\"https:\/\/miumjau.ee\/wp-content\/uploads\/2025\/06\/platinum-mini-koeratoit2.jpg\" \/>\n\t<meta property=\"og:image:width\" content=\"600\" \/>\n\t<meta property=\"og:image:height\" content=\"800\" \/>\n\t<meta property=\"og:image:type\" content=\"image\/jpeg\" \/>\n<meta name=\"twitter:card\" content=\"summary_large_image\" \/>\n<script type=\"application\/ld+json\" class=\"yoast-schema-graph\">{\"@context\":\"https:\\\/\\\/schema.org\",\"@graph\":[{\"@type\":\"WebPage\",\"@id\":\"https:\\\/\\\/miumjau.ee\\\/fi\\\/tuote\\\/platinum-adult-beef-mini-kylmapuristettu-ruoka-pienille-koiraroduille-900-g\\\/\",\"url\":\"https:\\\/\\\/miumjau.ee\\\/fi\\\/tuote\\\/platinum-adult-beef-mini-kylmapuristettu-ruoka-pienille-koiraroduille-900-g\\\/\",\"name\":\"Platinum Adult Beef Mini, kylm\u00e4puristettu ruoka pienille koiraroduille 900 g - MiuMjau\",\"isPartOf\":{\"@id\":\"https:\\\/\\\/miumjau.ee\\\/#website\"},\"primaryImageOfPage\":{\"@id\":\"https:\\\/\\\/miumjau.ee\\\/fi\\\/tuote\\\/platinum-adult-beef-mini-kylmapuristettu-ruoka-pienille-koiraroduille-900-g\\\/#primaryimage\"},\"image\":{\"@id\":\"https:\\\/\\\/miumjau.ee\\\/fi\\\/tuote\\\/platinum-adult-beef-mini-kylmapuristettu-ruoka-pienille-koiraroduille-900-g\\\/#primaryimage\"},\"thumbnailUrl\":\"https:\\\/\\\/miumjau.ee\\\/wp-content\\\/uploads\\\/2025\\\/06\\\/platinum-mini-koeratoit2.jpg\",\"datePublished\":\"2025-06-28T12:56:04+00:00\",\"breadcrumb\":{\"@id\":\"https:\\\/\\\/miumjau.ee\\\/fi\\\/tuote\\\/platinum-adult-beef-mini-kylmapuristettu-ruoka-pienille-koiraroduille-900-g\\\/#breadcrumb\"},\"inLanguage\":\"fi\",\"potentialAction\":[{\"@type\":\"ReadAction\",\"target\":[\"https:\\\/\\\/miumjau.ee\\\/fi\\\/tuote\\\/platinum-adult-beef-mini-kylmapuristettu-ruoka-pienille-koiraroduille-900-g\\\/\"]}]},{\"@type\":\"ImageObject\",\"inLanguage\":\"fi\",\"@id\":\"https:\\\/\\\/miumjau.ee\\\/fi\\\/tuote\\\/platinum-adult-beef-mini-kylmapuristettu-ruoka-pienille-koiraroduille-900-g\\\/#primaryimage\",\"url\":\"https:\\\/\\\/miumjau.ee\\\/wp-content\\\/uploads\\\/2025\\\/06\\\/platinum-mini-koeratoit2.jpg\",\"contentUrl\":\"https:\\\/\\\/miumjau.ee\\\/wp-content\\\/uploads\\\/2025\\\/06\\\/platinum-mini-koeratoit2.jpg\",\"width\":600,\"height\":800,\"caption\":\"Platinum Adult Beef Mini k\u00fclmpressitud toit minit\u00f5ugudele 900g\"},{\"@type\":\"BreadcrumbList\",\"@id\":\"https:\\\/\\\/miumjau.ee\\\/fi\\\/tuote\\\/platinum-adult-beef-mini-kylmapuristettu-ruoka-pienille-koiraroduille-900-g\\\/#breadcrumb\",\"itemListElement\":[{\"@type\":\"ListItem\",\"position\":1,\"name\":\"Home\",\"item\":\"https:\\\/\\\/miumjau.ee\\\/fi\\\/\"},{\"@type\":\"ListItem\",\"position\":2,\"name\":\"Kauppa\",\"item\":\"https:\\\/\\\/miumjau.ee\\\/fi\\\/kauppa\\\/\"},{\"@type\":\"ListItem\",\"position\":3,\"name\":\"Platinum Adult Beef Mini, kylm\u00e4puristettu ruoka pienille koiraroduille 900 g\"}]},{\"@type\":\"WebSite\",\"@id\":\"https:\\\/\\\/miumjau.ee\\\/#website\",\"url\":\"https:\\\/\\\/miumjau.ee\\\/\",\"name\":\"MiuMjau\",\"description\":\"Kraapimispuud kassidele\",\"publisher\":{\"@id\":\"https:\\\/\\\/miumjau.ee\\\/#organization\"},\"potentialAction\":[{\"@type\":\"SearchAction\",\"target\":{\"@type\":\"EntryPoint\",\"urlTemplate\":\"https:\\\/\\\/miumjau.ee\\\/?s={search_term_string}\"},\"query-input\":{\"@type\":\"PropertyValueSpecification\",\"valueRequired\":true,\"valueName\":\"search_term_string\"}}],\"inLanguage\":\"fi\"},{\"@type\":\"Organization\",\"@id\":\"https:\\\/\\\/miumjau.ee\\\/#organization\",\"name\":\"MiuMjau O\u00dc\",\"url\":\"https:\\\/\\\/miumjau.ee\\\/\",\"logo\":{\"@type\":\"ImageObject\",\"inLanguage\":\"fi\",\"@id\":\"https:\\\/\\\/miumjau.ee\\\/#\\\/schema\\\/logo\\\/image\\\/\",\"url\":\"https:\\\/\\\/miumjau.ee\\\/wp-content\\\/uploads\\\/2022\\\/04\\\/MiuMjau-logo-kollane.png\",\"contentUrl\":\"https:\\\/\\\/miumjau.ee\\\/wp-content\\\/uploads\\\/2022\\\/04\\\/MiuMjau-logo-kollane.png\",\"width\":219,\"height\":100,\"caption\":\"MiuMjau O\u00dc\"},\"image\":{\"@id\":\"https:\\\/\\\/miumjau.ee\\\/#\\\/schema\\\/logo\\\/image\\\/\"},\"sameAs\":[\"https:\\\/\\\/www.facebook.com\\\/miumjaupood\\\/\"]}]}<\/script>\n<!-- \/ Yoast SEO plugin. -->","yoast_head_json":{"title":"Platinum Adult Beef Mini, kylm\u00e4puristettu ruoka pienille koiraroduille 900 g - MiuMjau","robots":{"index":"index","follow":"follow","max-snippet":"max-snippet:-1","max-image-preview":"max-image-preview:large","max-video-preview":"max-video-preview:-1"},"canonical":"https:\/\/miumjau.ee\/fi\/tuote\/platinum-adult-beef-mini-kylmapuristettu-ruoka-pienille-koiraroduille-900-g\/","og_locale":"fi_FI","og_type":"article","og_title":"Platinum Adult Beef Mini, kylm\u00e4puristettu ruoka pienille koiraroduille 900 g - MiuMjau","og_description":"PLATINUM naudanlihalla valmistettu kuivaruoka sis\u00e4lt\u00e4\u00e4 vain korkealaatuisia ainesosia, joita k\u00e4ytet\u00e4\u00e4n my\u00f6s ihmisravinnossa: V\u00e4hint\u00e4\u00e4n 70 % tuoretta naudanlihaaPeruna laadukkaana hiilihydraattil\u00e4hteen\u00e4, viljatonKylm\u00e4puristetut \u00f6ljyt optimaalisen rasvatasapainon saavuttamiseksiViherhuulisimpukan uute, hedelmi\u00e4 ja vihanneksia sek\u00e4 useita hy\u00f6dyllisi\u00e4 yrttej\u00e4 Koostumus: Tuore naudanliha (70 %), perunat*, herneet*, linssit*, omenamassa*, kala*, panimohiiva*, lohi\u00f6ljy** (omega-3), oliivi\u00f6ljy**, jukauute, viherhuulisimpukan uute, porkkanat*, tomaatit*, keh\u00e4kukka*, voikukka*, parsakaali*, vihre\u00e4 tee*, kamomilla*, oregano*, maarianohdakkeen siemenet*, karpalonsiemenet*, lev\u00e4t*, kaliumkloridi. Analyyttinen koostumus: Raakavalkuainen 24,0 %, raaka\u00f6ljyt ja -rasvat 16,0 %, raakatuha 7,0 %, raakakuitu 3,5 %, kalsium 1,5 %, fosfori 0,8 %, kosteus (luontainen pitoisuus) 19,0 %. Lis\u00e4aineet:Vitamiinit: 3a672a\/vitamiini A 10 000 IU, 3a671\/vitamiini D3 1 600 IU, 3a700i\/vitamiini E 150 mg.Hivenaineet: 3b108\/rauta 75 mg, 3b203\/jodi 3 mg, 3b413\/kupari 19 mg, 3b506\/mangaani 40 mg, 3b607\/sinkki 150 mg, 3b814\/seleeni 0,2 mg. 100 g = 362 kcal Ruokintasuositus PLATINUM Adult Beef Mini sopii kaikille aikuisille koirille; pennuille sit\u00e4 voidaan tarjota 5 kuukauden i\u00e4st\u00e4 alkaen. PLATINUM kuivaruoka on heti valmis sy\u00f6t\u00e4v\u00e4ksi. Koiran paino (kg) | P\u00e4ivitt\u00e4inen ruokam\u00e4\u00e4r\u00e4 (g)1,0 \u2013 3,0 | 30 \u2013 553,0 \u2013 5,0 | 55 \u2013 855,0 \u2013 7,5 | 85 \u2013 1157,5 \u2013 10,0 | 115 \u2013 150","og_url":"https:\/\/miumjau.ee\/fi\/tuote\/platinum-adult-beef-mini-kylmapuristettu-ruoka-pienille-koiraroduille-900-g\/","og_site_name":"MiuMjau","article_publisher":"https:\/\/www.facebook.com\/miumjaupood\/","og_image":[{"width":600,"height":800,"url":"https:\/\/miumjau.ee\/wp-content\/uploads\/2025\/06\/platinum-mini-koeratoit2.jpg","type":"image\/jpeg"}],"twitter_card":"summary_large_image","schema":{"@context":"https:\/\/schema.org","@graph":[{"@type":"WebPage","@id":"https:\/\/miumjau.ee\/fi\/tuote\/platinum-adult-beef-mini-kylmapuristettu-ruoka-pienille-koiraroduille-900-g\/","url":"https:\/\/miumjau.ee\/fi\/tuote\/platinum-adult-beef-mini-kylmapuristettu-ruoka-pienille-koiraroduille-900-g\/","name":"Platinum Adult Beef Mini, kylm\u00e4puristettu ruoka pienille koiraroduille 900 g - MiuMjau","isPartOf":{"@id":"https:\/\/miumjau.ee\/#website"},"primaryImageOfPage":{"@id":"https:\/\/miumjau.ee\/fi\/tuote\/platinum-adult-beef-mini-kylmapuristettu-ruoka-pienille-koiraroduille-900-g\/#primaryimage"},"image":{"@id":"https:\/\/miumjau.ee\/fi\/tuote\/platinum-adult-beef-mini-kylmapuristettu-ruoka-pienille-koiraroduille-900-g\/#primaryimage"},"thumbnailUrl":"https:\/\/miumjau.ee\/wp-content\/uploads\/2025\/06\/platinum-mini-koeratoit2.jpg","datePublished":"2025-06-28T12:56:04+00:00","breadcrumb":{"@id":"https:\/\/miumjau.ee\/fi\/tuote\/platinum-adult-beef-mini-kylmapuristettu-ruoka-pienille-koiraroduille-900-g\/#breadcrumb"},"inLanguage":"fi","potentialAction":[{"@type":"ReadAction","target":["https:\/\/miumjau.ee\/fi\/tuote\/platinum-adult-beef-mini-kylmapuristettu-ruoka-pienille-koiraroduille-900-g\/"]}]},{"@type":"ImageObject","inLanguage":"fi","@id":"https:\/\/miumjau.ee\/fi\/tuote\/platinum-adult-beef-mini-kylmapuristettu-ruoka-pienille-koiraroduille-900-g\/#primaryimage","url":"https:\/\/miumjau.ee\/wp-content\/uploads\/2025\/06\/platinum-mini-koeratoit2.jpg","contentUrl":"https:\/\/miumjau.ee\/wp-content\/uploads\/2025\/06\/platinum-mini-koeratoit2.jpg","width":600,"height":800,"caption":"Platinum Adult Beef Mini k\u00fclmpressitud toit minit\u00f5ugudele 900g"},{"@type":"BreadcrumbList","@id":"https:\/\/miumjau.ee\/fi\/tuote\/platinum-adult-beef-mini-kylmapuristettu-ruoka-pienille-koiraroduille-900-g\/#breadcrumb","itemListElement":[{"@type":"ListItem","position":1,"name":"Home","item":"https:\/\/miumjau.ee\/fi\/"},{"@type":"ListItem","position":2,"name":"Kauppa","item":"https:\/\/miumjau.ee\/fi\/kauppa\/"},{"@type":"ListItem","position":3,"name":"Platinum Adult Beef Mini, kylm\u00e4puristettu ruoka pienille koiraroduille 900 g"}]},{"@type":"WebSite","@id":"https:\/\/miumjau.ee\/#website","url":"https:\/\/miumjau.ee\/","name":"MiuMjau","description":"Kraapimispuud kassidele","publisher":{"@id":"https:\/\/miumjau.ee\/#organization"},"potentialAction":[{"@type":"SearchAction","target":{"@type":"EntryPoint","urlTemplate":"https:\/\/miumjau.ee\/?s={search_term_string}"},"query-input":{"@type":"PropertyValueSpecification","valueRequired":true,"valueName":"search_term_string"}}],"inLanguage":"fi"},{"@type":"Organization","@id":"https:\/\/miumjau.ee\/#organization","name":"MiuMjau O\u00dc","url":"https:\/\/miumjau.ee\/","logo":{"@type":"ImageObject","inLanguage":"fi","@id":"https:\/\/miumjau.ee\/#\/schema\/logo\/image\/","url":"https:\/\/miumjau.ee\/wp-content\/uploads\/2022\/04\/MiuMjau-logo-kollane.png","contentUrl":"https:\/\/miumjau.ee\/wp-content\/uploads\/2022\/04\/MiuMjau-logo-kollane.png","width":219,"height":100,"caption":"MiuMjau O\u00dc"},"image":{"@id":"https:\/\/miumjau.ee\/#\/schema\/logo\/image\/"},"sameAs":["https:\/\/www.facebook.com\/miumjaupood\/"]}]}},"_links":{"self":[{"href":"https:\/\/miumjau.ee\/fi\/wp-json\/wp\/v2\/product\/54816","targetHints":{"allow":["GET"]}}],"collection":[{"href":"https:\/\/miumjau.ee\/fi\/wp-json\/wp\/v2\/product"}],"about":[{"href":"https:\/\/miumjau.ee\/fi\/wp-json\/wp\/v2\/types\/product"}],"wp:featuredmedia":[{"embeddable":true,"href":"https:\/\/miumjau.ee\/fi\/wp-json\/wp\/v2\/media\/37189"}],"wp:attachment":[{"href":"https:\/\/miumjau.ee\/fi\/wp-json\/wp\/v2\/media?parent=54816"}],"wp:term":[{"taxonomy":"product_brand","embeddable":true,"href":"https:\/\/miumjau.ee\/fi\/wp-json\/wp\/v2\/product_brand?post=54816"},{"taxonomy":"product_cat","embeddable":true,"href":"https:\/\/miumjau.ee\/fi\/wp-json\/wp\/v2\/product_cat?post=54816"},{"taxonomy":"product_tag","embeddable":true,"href":"https:\/\/miumjau.ee\/fi\/wp-json\/wp\/v2\/product_tag?post=54816"}],"curies":[{"name":"wp","href":"https:\/\/api.w.org\/{rel}","templated":true}]}}