{"id":54812,"date":"2025-06-28T15:55:38","date_gmt":"2025-06-28T12:55:38","guid":{"rendered":"https:\/\/miumjau.ee\/toode\/platinum-adult-chicken-mini-kylmapuristettu-ruoka-pienille-koiraroduille-900-g\/"},"modified":"2025-06-28T15:55:38","modified_gmt":"2025-06-28T12:55:38","slug":"platinum-adult-chicken-mini-kylmapuristettu-ruoka-pienille-koiraroduille-900-g","status":"publish","type":"product","link":"https:\/\/miumjau.ee\/fi\/tuote\/platinum-adult-chicken-mini-kylmapuristettu-ruoka-pienille-koiraroduille-900-g\/","title":{"rendered":"Platinum Adult Chicken Mini, kylm\u00e4puristettu ruoka pienille koiraroduille 900 g"},"content":{"rendered":"","protected":false},"excerpt":{"rendered":"<p data-start=\"1744\" data-end=\"1867\">PLATINUM kananlihalla valmistettu kuivaruoka sis\u00e4lt\u00e4\u00e4 vain korkealaatuisia ainesosia, joita k\u00e4ytet\u00e4\u00e4n my\u00f6s ihmisravinnossa:<\/p>\n<p data-start=\"1869\" data-end=\"2072\">70 % tuoretta kananlihaa<br data-start=\"1893\" data-end=\"1896\" \/>Maissi ja riisi laadukkaina hiilihydraattil\u00e4htein\u00e4<br data-start=\"1946\" data-end=\"1949\" \/>Vihanneksia, jotka ovat rikkaita luonnollisista antioksidanteista<br data-start=\"2014\" data-end=\"2017\" \/>Viherhuulisimpukan uute ja useita hy\u00f6dyllisi\u00e4 yrttej\u00e4<\/p>\n<p data-start=\"2074\" data-end=\"2459\"><strong data-start=\"2074\" data-end=\"2088\">Koostumus:<\/strong> Tuore kananliha (70 %), murskattu riisi, maissi (ei geneettisesti muunneltu), panimohiiva*, omenamassa*, lohi\u00f6ljy** (omega-3), jukauute, pellavansiemen\u00f6ljy** (omega-3), oliivi\u00f6ljy**, viherhuulisimpukan uute, porkkanat*, tomaatit*, keh\u00e4kukka*, voikukka*, parsakaali*, vihre\u00e4 tee*, kamomilla*, oregano*, maarianohdakkeen siemenet*, karpalonsiemenet*, lev\u00e4*, kaliumkloridi.<\/p>\n<p data-start=\"2461\" data-end=\"2646\"><strong data-start=\"2461\" data-end=\"2488\">Analyyttinen koostumus:<\/strong> Raakavalkuainen 26,0 %, raaka\u00f6ljyt ja -rasvat 16,0 %, raakatuha 7,9 %, raakakuitu 2,0 %, kalsium 1,5 %, fosfori 1,0 %, kosteus (luontainen pitoisuus) 19,0 %.<\/p>\n<p data-start=\"2648\" data-end=\"2899\"><strong data-start=\"2648\" data-end=\"2663\">Lis\u00e4aineet:<\/strong><br data-start=\"2663\" data-end=\"2666\" \/>Vitamiinit: 3a672a\/vitamiini A 10 000 IU, 3a671\/vitamiini D3 1 600 IU, 3a700i\/vitamiini E 150 mg.<br data-start=\"2763\" data-end=\"2766\" \/>Hivenaineet: 3b108\/rauta 75 mg, 3b203\/jodi 3 mg, 3b413\/kupari 19 mg, 3b506\/mangaani 40 mg, 3b607\/sinkki 150 mg, 3b814\/seleeni 0,2 mg.<\/p>\n<p data-start=\"2901\" data-end=\"2923\"><strong data-start=\"2901\" data-end=\"2923\">100 g = 364,4 kcal<\/strong><\/p>\n<p data-start=\"2925\" data-end=\"2945\"><strong data-start=\"2925\" data-end=\"2945\">Ruokintasuositus<\/strong><\/p>\n<p data-start=\"2947\" data-end=\"3109\">PLATINUM Adult Chicken sopii kaikille aikuisille koirille; pennuille sit\u00e4 voidaan tarjota 5 kuukauden i\u00e4st\u00e4 alkaen. PLATINUM kuivaruoka on heti valmis sy\u00f6t\u00e4v\u00e4ksi.<\/p>\n<p data-start=\"3111\" data-end=\"3252\">Koiran paino (kg) | P\u00e4ivitt\u00e4inen ruokam\u00e4\u00e4r\u00e4 (g)<br data-start=\"3158\" data-end=\"3161\" \/>1,0 \u2013 3,0 | 30 \u2013 55<br data-start=\"3180\" data-end=\"3183\" \/>3,0 \u2013 5,0 | 55 \u2013 85<br data-start=\"3202\" data-end=\"3205\" \/>5,0 \u2013 7,5 | 85 \u2013 115<br data-start=\"3225\" data-end=\"3228\" \/>7,5 \u2013 10,0 | 115 \u2013 150<\/p>\n","protected":false},"featured_media":37193,"template":"","meta":[],"product_brand":[],"product_cat":[478],"product_tag":[],"class_list":{"0":"post-54812","1":"product","2":"type-product","3":"status-publish","4":"has-post-thumbnail","6":"product_cat-kuivaruoka-koirille","8":"first","9":"instock","10":"sale","11":"taxable","12":"shipping-taxable","13":"purchasable","14":"product-type-simple"},"yoast_head":"<!-- This site is optimized with the Yoast SEO plugin v27.4 - https:\/\/yoast.com\/product\/yoast-seo-wordpress\/ -->\n<title>Platinum Adult Chicken Mini, kylm\u00e4puristettu ruoka pienille koiraroduille 900 g - MiuMjau<\/title>\n<meta name=\"robots\" content=\"index, follow, max-snippet:-1, max-image-preview:large, max-video-preview:-1\" \/>\n<link rel=\"canonical\" href=\"https:\/\/miumjau.ee\/fi\/tuote\/platinum-adult-chicken-mini-kylmapuristettu-ruoka-pienille-koiraroduille-900-g\/\" \/>\n<meta property=\"og:locale\" content=\"fi_FI\" \/>\n<meta property=\"og:type\" content=\"article\" \/>\n<meta property=\"og:title\" content=\"Platinum Adult Chicken Mini, kylm\u00e4puristettu ruoka pienille koiraroduille 900 g - MiuMjau\" \/>\n<meta property=\"og:description\" content=\"PLATINUM kananlihalla valmistettu kuivaruoka sis\u00e4lt\u00e4\u00e4 vain korkealaatuisia ainesosia, joita k\u00e4ytet\u00e4\u00e4n my\u00f6s ihmisravinnossa: 70 % tuoretta kananlihaaMaissi ja riisi laadukkaina hiilihydraattil\u00e4htein\u00e4Vihanneksia, jotka ovat rikkaita luonnollisista antioksidanteistaViherhuulisimpukan uute ja useita hy\u00f6dyllisi\u00e4 yrttej\u00e4 Koostumus: Tuore kananliha (70 %), murskattu riisi, maissi (ei geneettisesti muunneltu), panimohiiva*, omenamassa*, lohi\u00f6ljy** (omega-3), jukauute, pellavansiemen\u00f6ljy** (omega-3), oliivi\u00f6ljy**, viherhuulisimpukan uute, porkkanat*, tomaatit*, keh\u00e4kukka*, voikukka*, parsakaali*, vihre\u00e4 tee*, kamomilla*, oregano*, maarianohdakkeen siemenet*, karpalonsiemenet*, lev\u00e4*, kaliumkloridi. Analyyttinen koostumus: Raakavalkuainen 26,0 %, raaka\u00f6ljyt ja -rasvat 16,0 %, raakatuha 7,9 %, raakakuitu 2,0 %, kalsium 1,5 %, fosfori 1,0 %, kosteus (luontainen pitoisuus) 19,0 %. Lis\u00e4aineet:Vitamiinit: 3a672a\/vitamiini A 10 000 IU, 3a671\/vitamiini D3 1 600 IU, 3a700i\/vitamiini E 150 mg.Hivenaineet: 3b108\/rauta 75 mg, 3b203\/jodi 3 mg, 3b413\/kupari 19 mg, 3b506\/mangaani 40 mg, 3b607\/sinkki 150 mg, 3b814\/seleeni 0,2 mg. 100 g = 364,4 kcal Ruokintasuositus PLATINUM Adult Chicken sopii kaikille aikuisille koirille; pennuille sit\u00e4 voidaan tarjota 5 kuukauden i\u00e4st\u00e4 alkaen. PLATINUM kuivaruoka on heti valmis sy\u00f6t\u00e4v\u00e4ksi. Koiran paino (kg) | P\u00e4ivitt\u00e4inen ruokam\u00e4\u00e4r\u00e4 (g)1,0 \u2013 3,0 | 30 \u2013 553,0 \u2013 5,0 | 55 \u2013 855,0 \u2013 7,5 | 85 \u2013 1157,5 \u2013 10,0 | 115 \u2013 150\" \/>\n<meta property=\"og:url\" content=\"https:\/\/miumjau.ee\/fi\/tuote\/platinum-adult-chicken-mini-kylmapuristettu-ruoka-pienille-koiraroduille-900-g\/\" \/>\n<meta property=\"og:site_name\" content=\"MiuMjau\" \/>\n<meta property=\"article:publisher\" content=\"https:\/\/www.facebook.com\/miumjaupood\/\" \/>\n<meta property=\"og:image\" content=\"https:\/\/miumjau.ee\/wp-content\/uploads\/2025\/06\/platinum-mini-koeratoit3.jpg\" \/>\n\t<meta property=\"og:image:width\" content=\"600\" \/>\n\t<meta property=\"og:image:height\" content=\"800\" \/>\n\t<meta property=\"og:image:type\" content=\"image\/jpeg\" \/>\n<meta name=\"twitter:card\" content=\"summary_large_image\" \/>\n<script type=\"application\/ld+json\" class=\"yoast-schema-graph\">{\"@context\":\"https:\\\/\\\/schema.org\",\"@graph\":[{\"@type\":\"WebPage\",\"@id\":\"https:\\\/\\\/miumjau.ee\\\/fi\\\/tuote\\\/platinum-adult-chicken-mini-kylmapuristettu-ruoka-pienille-koiraroduille-900-g\\\/\",\"url\":\"https:\\\/\\\/miumjau.ee\\\/fi\\\/tuote\\\/platinum-adult-chicken-mini-kylmapuristettu-ruoka-pienille-koiraroduille-900-g\\\/\",\"name\":\"Platinum Adult Chicken Mini, kylm\u00e4puristettu ruoka pienille koiraroduille 900 g - MiuMjau\",\"isPartOf\":{\"@id\":\"https:\\\/\\\/miumjau.ee\\\/#website\"},\"primaryImageOfPage\":{\"@id\":\"https:\\\/\\\/miumjau.ee\\\/fi\\\/tuote\\\/platinum-adult-chicken-mini-kylmapuristettu-ruoka-pienille-koiraroduille-900-g\\\/#primaryimage\"},\"image\":{\"@id\":\"https:\\\/\\\/miumjau.ee\\\/fi\\\/tuote\\\/platinum-adult-chicken-mini-kylmapuristettu-ruoka-pienille-koiraroduille-900-g\\\/#primaryimage\"},\"thumbnailUrl\":\"https:\\\/\\\/miumjau.ee\\\/wp-content\\\/uploads\\\/2025\\\/06\\\/platinum-mini-koeratoit3.jpg\",\"datePublished\":\"2025-06-28T12:55:38+00:00\",\"breadcrumb\":{\"@id\":\"https:\\\/\\\/miumjau.ee\\\/fi\\\/tuote\\\/platinum-adult-chicken-mini-kylmapuristettu-ruoka-pienille-koiraroduille-900-g\\\/#breadcrumb\"},\"inLanguage\":\"fi\",\"potentialAction\":[{\"@type\":\"ReadAction\",\"target\":[\"https:\\\/\\\/miumjau.ee\\\/fi\\\/tuote\\\/platinum-adult-chicken-mini-kylmapuristettu-ruoka-pienille-koiraroduille-900-g\\\/\"]}]},{\"@type\":\"ImageObject\",\"inLanguage\":\"fi\",\"@id\":\"https:\\\/\\\/miumjau.ee\\\/fi\\\/tuote\\\/platinum-adult-chicken-mini-kylmapuristettu-ruoka-pienille-koiraroduille-900-g\\\/#primaryimage\",\"url\":\"https:\\\/\\\/miumjau.ee\\\/wp-content\\\/uploads\\\/2025\\\/06\\\/platinum-mini-koeratoit3.jpg\",\"contentUrl\":\"https:\\\/\\\/miumjau.ee\\\/wp-content\\\/uploads\\\/2025\\\/06\\\/platinum-mini-koeratoit3.jpg\",\"width\":600,\"height\":800,\"caption\":\"Platinum Adult Chicken Mini k\u00fclmpressitud toit minit\u00f5ugudele 900g\"},{\"@type\":\"BreadcrumbList\",\"@id\":\"https:\\\/\\\/miumjau.ee\\\/fi\\\/tuote\\\/platinum-adult-chicken-mini-kylmapuristettu-ruoka-pienille-koiraroduille-900-g\\\/#breadcrumb\",\"itemListElement\":[{\"@type\":\"ListItem\",\"position\":1,\"name\":\"Home\",\"item\":\"https:\\\/\\\/miumjau.ee\\\/fi\\\/\"},{\"@type\":\"ListItem\",\"position\":2,\"name\":\"Kauppa\",\"item\":\"https:\\\/\\\/miumjau.ee\\\/fi\\\/kauppa\\\/\"},{\"@type\":\"ListItem\",\"position\":3,\"name\":\"Platinum Adult Chicken Mini, kylm\u00e4puristettu ruoka pienille koiraroduille 900 g\"}]},{\"@type\":\"WebSite\",\"@id\":\"https:\\\/\\\/miumjau.ee\\\/#website\",\"url\":\"https:\\\/\\\/miumjau.ee\\\/\",\"name\":\"MiuMjau\",\"description\":\"Kraapimispuud kassidele\",\"publisher\":{\"@id\":\"https:\\\/\\\/miumjau.ee\\\/#organization\"},\"potentialAction\":[{\"@type\":\"SearchAction\",\"target\":{\"@type\":\"EntryPoint\",\"urlTemplate\":\"https:\\\/\\\/miumjau.ee\\\/?s={search_term_string}\"},\"query-input\":{\"@type\":\"PropertyValueSpecification\",\"valueRequired\":true,\"valueName\":\"search_term_string\"}}],\"inLanguage\":\"fi\"},{\"@type\":\"Organization\",\"@id\":\"https:\\\/\\\/miumjau.ee\\\/#organization\",\"name\":\"MiuMjau O\u00dc\",\"url\":\"https:\\\/\\\/miumjau.ee\\\/\",\"logo\":{\"@type\":\"ImageObject\",\"inLanguage\":\"fi\",\"@id\":\"https:\\\/\\\/miumjau.ee\\\/#\\\/schema\\\/logo\\\/image\\\/\",\"url\":\"https:\\\/\\\/miumjau.ee\\\/wp-content\\\/uploads\\\/2022\\\/04\\\/MiuMjau-logo-kollane.png\",\"contentUrl\":\"https:\\\/\\\/miumjau.ee\\\/wp-content\\\/uploads\\\/2022\\\/04\\\/MiuMjau-logo-kollane.png\",\"width\":219,\"height\":100,\"caption\":\"MiuMjau O\u00dc\"},\"image\":{\"@id\":\"https:\\\/\\\/miumjau.ee\\\/#\\\/schema\\\/logo\\\/image\\\/\"},\"sameAs\":[\"https:\\\/\\\/www.facebook.com\\\/miumjaupood\\\/\"]}]}<\/script>\n<!-- \/ Yoast SEO plugin. -->","yoast_head_json":{"title":"Platinum Adult Chicken Mini, kylm\u00e4puristettu ruoka pienille koiraroduille 900 g - MiuMjau","robots":{"index":"index","follow":"follow","max-snippet":"max-snippet:-1","max-image-preview":"max-image-preview:large","max-video-preview":"max-video-preview:-1"},"canonical":"https:\/\/miumjau.ee\/fi\/tuote\/platinum-adult-chicken-mini-kylmapuristettu-ruoka-pienille-koiraroduille-900-g\/","og_locale":"fi_FI","og_type":"article","og_title":"Platinum Adult Chicken Mini, kylm\u00e4puristettu ruoka pienille koiraroduille 900 g - MiuMjau","og_description":"PLATINUM kananlihalla valmistettu kuivaruoka sis\u00e4lt\u00e4\u00e4 vain korkealaatuisia ainesosia, joita k\u00e4ytet\u00e4\u00e4n my\u00f6s ihmisravinnossa: 70 % tuoretta kananlihaaMaissi ja riisi laadukkaina hiilihydraattil\u00e4htein\u00e4Vihanneksia, jotka ovat rikkaita luonnollisista antioksidanteistaViherhuulisimpukan uute ja useita hy\u00f6dyllisi\u00e4 yrttej\u00e4 Koostumus: Tuore kananliha (70 %), murskattu riisi, maissi (ei geneettisesti muunneltu), panimohiiva*, omenamassa*, lohi\u00f6ljy** (omega-3), jukauute, pellavansiemen\u00f6ljy** (omega-3), oliivi\u00f6ljy**, viherhuulisimpukan uute, porkkanat*, tomaatit*, keh\u00e4kukka*, voikukka*, parsakaali*, vihre\u00e4 tee*, kamomilla*, oregano*, maarianohdakkeen siemenet*, karpalonsiemenet*, lev\u00e4*, kaliumkloridi. Analyyttinen koostumus: Raakavalkuainen 26,0 %, raaka\u00f6ljyt ja -rasvat 16,0 %, raakatuha 7,9 %, raakakuitu 2,0 %, kalsium 1,5 %, fosfori 1,0 %, kosteus (luontainen pitoisuus) 19,0 %. Lis\u00e4aineet:Vitamiinit: 3a672a\/vitamiini A 10 000 IU, 3a671\/vitamiini D3 1 600 IU, 3a700i\/vitamiini E 150 mg.Hivenaineet: 3b108\/rauta 75 mg, 3b203\/jodi 3 mg, 3b413\/kupari 19 mg, 3b506\/mangaani 40 mg, 3b607\/sinkki 150 mg, 3b814\/seleeni 0,2 mg. 100 g = 364,4 kcal Ruokintasuositus PLATINUM Adult Chicken sopii kaikille aikuisille koirille; pennuille sit\u00e4 voidaan tarjota 5 kuukauden i\u00e4st\u00e4 alkaen. PLATINUM kuivaruoka on heti valmis sy\u00f6t\u00e4v\u00e4ksi. Koiran paino (kg) | P\u00e4ivitt\u00e4inen ruokam\u00e4\u00e4r\u00e4 (g)1,0 \u2013 3,0 | 30 \u2013 553,0 \u2013 5,0 | 55 \u2013 855,0 \u2013 7,5 | 85 \u2013 1157,5 \u2013 10,0 | 115 \u2013 150","og_url":"https:\/\/miumjau.ee\/fi\/tuote\/platinum-adult-chicken-mini-kylmapuristettu-ruoka-pienille-koiraroduille-900-g\/","og_site_name":"MiuMjau","article_publisher":"https:\/\/www.facebook.com\/miumjaupood\/","og_image":[{"width":600,"height":800,"url":"https:\/\/miumjau.ee\/wp-content\/uploads\/2025\/06\/platinum-mini-koeratoit3.jpg","type":"image\/jpeg"}],"twitter_card":"summary_large_image","schema":{"@context":"https:\/\/schema.org","@graph":[{"@type":"WebPage","@id":"https:\/\/miumjau.ee\/fi\/tuote\/platinum-adult-chicken-mini-kylmapuristettu-ruoka-pienille-koiraroduille-900-g\/","url":"https:\/\/miumjau.ee\/fi\/tuote\/platinum-adult-chicken-mini-kylmapuristettu-ruoka-pienille-koiraroduille-900-g\/","name":"Platinum Adult Chicken Mini, kylm\u00e4puristettu ruoka pienille koiraroduille 900 g - MiuMjau","isPartOf":{"@id":"https:\/\/miumjau.ee\/#website"},"primaryImageOfPage":{"@id":"https:\/\/miumjau.ee\/fi\/tuote\/platinum-adult-chicken-mini-kylmapuristettu-ruoka-pienille-koiraroduille-900-g\/#primaryimage"},"image":{"@id":"https:\/\/miumjau.ee\/fi\/tuote\/platinum-adult-chicken-mini-kylmapuristettu-ruoka-pienille-koiraroduille-900-g\/#primaryimage"},"thumbnailUrl":"https:\/\/miumjau.ee\/wp-content\/uploads\/2025\/06\/platinum-mini-koeratoit3.jpg","datePublished":"2025-06-28T12:55:38+00:00","breadcrumb":{"@id":"https:\/\/miumjau.ee\/fi\/tuote\/platinum-adult-chicken-mini-kylmapuristettu-ruoka-pienille-koiraroduille-900-g\/#breadcrumb"},"inLanguage":"fi","potentialAction":[{"@type":"ReadAction","target":["https:\/\/miumjau.ee\/fi\/tuote\/platinum-adult-chicken-mini-kylmapuristettu-ruoka-pienille-koiraroduille-900-g\/"]}]},{"@type":"ImageObject","inLanguage":"fi","@id":"https:\/\/miumjau.ee\/fi\/tuote\/platinum-adult-chicken-mini-kylmapuristettu-ruoka-pienille-koiraroduille-900-g\/#primaryimage","url":"https:\/\/miumjau.ee\/wp-content\/uploads\/2025\/06\/platinum-mini-koeratoit3.jpg","contentUrl":"https:\/\/miumjau.ee\/wp-content\/uploads\/2025\/06\/platinum-mini-koeratoit3.jpg","width":600,"height":800,"caption":"Platinum Adult Chicken Mini k\u00fclmpressitud toit minit\u00f5ugudele 900g"},{"@type":"BreadcrumbList","@id":"https:\/\/miumjau.ee\/fi\/tuote\/platinum-adult-chicken-mini-kylmapuristettu-ruoka-pienille-koiraroduille-900-g\/#breadcrumb","itemListElement":[{"@type":"ListItem","position":1,"name":"Home","item":"https:\/\/miumjau.ee\/fi\/"},{"@type":"ListItem","position":2,"name":"Kauppa","item":"https:\/\/miumjau.ee\/fi\/kauppa\/"},{"@type":"ListItem","position":3,"name":"Platinum Adult Chicken Mini, kylm\u00e4puristettu ruoka pienille koiraroduille 900 g"}]},{"@type":"WebSite","@id":"https:\/\/miumjau.ee\/#website","url":"https:\/\/miumjau.ee\/","name":"MiuMjau","description":"Kraapimispuud kassidele","publisher":{"@id":"https:\/\/miumjau.ee\/#organization"},"potentialAction":[{"@type":"SearchAction","target":{"@type":"EntryPoint","urlTemplate":"https:\/\/miumjau.ee\/?s={search_term_string}"},"query-input":{"@type":"PropertyValueSpecification","valueRequired":true,"valueName":"search_term_string"}}],"inLanguage":"fi"},{"@type":"Organization","@id":"https:\/\/miumjau.ee\/#organization","name":"MiuMjau O\u00dc","url":"https:\/\/miumjau.ee\/","logo":{"@type":"ImageObject","inLanguage":"fi","@id":"https:\/\/miumjau.ee\/#\/schema\/logo\/image\/","url":"https:\/\/miumjau.ee\/wp-content\/uploads\/2022\/04\/MiuMjau-logo-kollane.png","contentUrl":"https:\/\/miumjau.ee\/wp-content\/uploads\/2022\/04\/MiuMjau-logo-kollane.png","width":219,"height":100,"caption":"MiuMjau O\u00dc"},"image":{"@id":"https:\/\/miumjau.ee\/#\/schema\/logo\/image\/"},"sameAs":["https:\/\/www.facebook.com\/miumjaupood\/"]}]}},"_links":{"self":[{"href":"https:\/\/miumjau.ee\/fi\/wp-json\/wp\/v2\/product\/54812","targetHints":{"allow":["GET"]}}],"collection":[{"href":"https:\/\/miumjau.ee\/fi\/wp-json\/wp\/v2\/product"}],"about":[{"href":"https:\/\/miumjau.ee\/fi\/wp-json\/wp\/v2\/types\/product"}],"wp:featuredmedia":[{"embeddable":true,"href":"https:\/\/miumjau.ee\/fi\/wp-json\/wp\/v2\/media\/37193"}],"wp:attachment":[{"href":"https:\/\/miumjau.ee\/fi\/wp-json\/wp\/v2\/media?parent=54812"}],"wp:term":[{"taxonomy":"product_brand","embeddable":true,"href":"https:\/\/miumjau.ee\/fi\/wp-json\/wp\/v2\/product_brand?post=54812"},{"taxonomy":"product_cat","embeddable":true,"href":"https:\/\/miumjau.ee\/fi\/wp-json\/wp\/v2\/product_cat?post=54812"},{"taxonomy":"product_tag","embeddable":true,"href":"https:\/\/miumjau.ee\/fi\/wp-json\/wp\/v2\/product_tag?post=54812"}],"curies":[{"name":"wp","href":"https:\/\/api.w.org\/{rel}","templated":true}]}}