{"id":54804,"date":"2025-06-28T16:12:38","date_gmt":"2025-06-28T13:12:38","guid":{"rendered":"https:\/\/miumjau.ee\/toode\/platinum-puppy-chicken-kylmapuristettu-ruoka-pennuille-1-5-kg\/"},"modified":"2025-06-28T16:12:38","modified_gmt":"2025-06-28T13:12:38","slug":"platinum-puppy-chicken-kylmapuristettu-ruoka-pennuille-1-5-kg","status":"publish","type":"product","link":"https:\/\/miumjau.ee\/fi\/tuote\/platinum-puppy-chicken-kylmapuristettu-ruoka-pennuille-1-5-kg\/","title":{"rendered":"Platinum Puppy Chicken, kylm\u00e4puristettu ruoka pennuille 1.5 kg"},"content":{"rendered":"","protected":false},"excerpt":{"rendered":"<p data-start=\"2188\" data-end=\"2317\">PLATINUM kananlihalla valmistettu kuivaruoka pennuille sis\u00e4lt\u00e4\u00e4 vain korkealaatuisia, my\u00f6s ihmisravinnossa k\u00e4ytett\u00e4vi\u00e4 ainesosia:<\/p>\n<p data-start=\"2319\" data-end=\"2467\">V\u00e4hint\u00e4\u00e4n 73 % tuoretta kananlihaa<br data-start=\"2353\" data-end=\"2356\" \/>Riisi laadukkaana hiilihydraattil\u00e4hteen\u00e4<br data-start=\"2396\" data-end=\"2399\" \/>Kylm\u00e4puristetut \u00f6ljyt optimaalisen rasvatasapainon saavuttamiseksi<\/p>\n<p data-start=\"2469\" data-end=\"2630\">Maukas, mehukas ja aromaattinen ruoka kaikkein rakkaimmalle yst\u00e4v\u00e4llesi. T\u00e4ysravinto, joten voit olla varma, ett\u00e4 koirasi saa t\u00e4st\u00e4 ruoasta kaiken tarvitsemansa.<\/p>\n<p data-start=\"2632\" data-end=\"2897\"><strong data-start=\"2632\" data-end=\"2646\">Koostumus:<\/strong> Tuore kananliha (73 %), murskattu riisi, dehydratoitu kananproteiini, kuivattu kala, hydrolysoitu siipikarjaproteiini, kuivattu omenamassa, lohi\u00f6ljy, kuivattu panimohiiva, kylm\u00e4puristettu pellavansiemen\u00f6ljy, kylm\u00e4puristettu oliivi\u00f6ljy, kaliumkloridi.<\/p>\n<p data-start=\"2899\" data-end=\"3084\"><strong data-start=\"2899\" data-end=\"2926\">Analyyttinen koostumus:<\/strong> Raakavalkuainen 27,0 %, raaka\u00f6ljyt ja -rasvat 16,0 %, raakatuha 7,9 %, raakakuitu 2,0 %, kalsium 1,5 %, fosfori 1,0 %, kosteus (luontainen pitoisuus) 19,0 %.<\/p>\n<p data-start=\"3086\" data-end=\"3337\"><strong data-start=\"3086\" data-end=\"3101\">Lis\u00e4aineet:<\/strong><br data-start=\"3101\" data-end=\"3104\" \/>Vitamiinit: 3a672a\/vitamiini A 10 000 IU, 3a671\/vitamiini D3 1 600 IU, 3a700i\/vitamiini E 150 mg.<br data-start=\"3201\" data-end=\"3204\" \/>Hivenaineet: 3b108\/rauta 75 mg, 3b203\/jodi 3 mg, 3b413\/kupari 19 mg, 3b506\/mangaani 40 mg, 3b607\/sinkki 150 mg, 3b814\/seleeni 0,2 mg.<\/p>\n<p data-start=\"1301\" data-end=\"1326\"><strong data-start=\"1301\" data-end=\"1326\">Feeding instructions:<\/strong><\/p>\n<div class=\"TyagGW_tableContainer\">\n<div class=\"group TyagGW_tableWrapper flex flex-col-reverse w-fit\" tabindex=\"-1\">\n<table class=\"w-fit min-w-(--thread-content-width)\" data-start=\"1370\" data-end=\"2082\">\n<thead data-start=\"1370\" data-end=\"1454\">\n<tr data-start=\"1370\" data-end=\"1454\">\n<th class=\"\" data-start=\"1370\" data-end=\"1385\" data-col-size=\"sm\">Adult weight<\/th>\n<th class=\"\" data-start=\"1385\" data-end=\"1396\" data-col-size=\"sm\">2 months<\/th>\n<th class=\"\" data-start=\"1396\" data-end=\"1407\" data-col-size=\"sm\">4 months<\/th>\n<th class=\"\" data-start=\"1407\" data-end=\"1418\" data-col-size=\"sm\">6 months<\/th>\n<th class=\"\" data-start=\"1418\" data-end=\"1429\" data-col-size=\"sm\">8 months<\/th>\n<th class=\"\" data-start=\"1429\" data-end=\"1441\" data-col-size=\"sm\">10 months<\/th>\n<th class=\"\" data-start=\"1441\" data-end=\"1454\" data-col-size=\"sm\">12 months<\/th>\n<\/tr>\n<\/thead>\n<tbody data-start=\"1485\" data-end=\"2082\">\n<tr data-start=\"1485\" data-end=\"1523\">\n<td data-start=\"1485\" data-end=\"1492\" data-col-size=\"sm\">1.0 kg<\/td>\n<td data-start=\"1492\" data-end=\"1497\" data-col-size=\"sm\">25 g<\/td>\n<td data-start=\"1497\" data-end=\"1502\" data-col-size=\"sm\">30 g<\/td>\n<td data-start=\"1502\" data-end=\"1507\" data-col-size=\"sm\">40 g<\/td>\n<td data-start=\"1507\" data-end=\"1512\" data-col-size=\"sm\">30 g<\/td>\n<td data-start=\"1512\" data-end=\"1517\" data-col-size=\"sm\">30 g<\/td>\n<td data-start=\"1517\" data-end=\"1523\" data-col-size=\"sm\">30 g<\/td>\n<\/tr>\n<tr data-start=\"1524\" data-end=\"1562\">\n<td data-start=\"1524\" data-end=\"1531\" data-col-size=\"sm\">2.5 kg<\/td>\n<td data-start=\"1531\" data-end=\"1536\" data-col-size=\"sm\">50 g<\/td>\n<td data-start=\"1536\" data-end=\"1541\" data-col-size=\"sm\">55 g<\/td>\n<td data-start=\"1541\" data-end=\"1546\" data-col-size=\"sm\">60 g<\/td>\n<td data-start=\"1546\" data-end=\"1551\" data-col-size=\"sm\">55 g<\/td>\n<td data-start=\"1551\" data-end=\"1556\" data-col-size=\"sm\">55 g<\/td>\n<td data-start=\"1556\" data-end=\"1562\" data-col-size=\"sm\">50 g<\/td>\n<\/tr>\n<tr data-start=\"1563\" data-end=\"1599\">\n<td data-start=\"1563\" data-end=\"1568\" data-col-size=\"sm\">3 kg<\/td>\n<td data-start=\"1568\" data-end=\"1573\" data-col-size=\"sm\">55 g<\/td>\n<td data-start=\"1573\" data-end=\"1578\" data-col-size=\"sm\">60 g<\/td>\n<td data-start=\"1578\" data-end=\"1583\" data-col-size=\"sm\">75 g<\/td>\n<td data-start=\"1583\" data-end=\"1588\" data-col-size=\"sm\">65 g<\/td>\n<td data-start=\"1588\" data-end=\"1593\" data-col-size=\"sm\">65 g<\/td>\n<td data-start=\"1593\" data-end=\"1599\" data-col-size=\"sm\">65 g<\/td>\n<\/tr>\n<tr data-start=\"1600\" data-end=\"1639\">\n<td data-start=\"1600\" data-end=\"1605\" data-col-size=\"sm\">5 kg<\/td>\n<td data-start=\"1605\" data-end=\"1610\" data-col-size=\"sm\">85 g<\/td>\n<td data-start=\"1610\" data-end=\"1616\" data-col-size=\"sm\">105 g<\/td>\n<td data-start=\"1616\" data-end=\"1622\" data-col-size=\"sm\">110 g<\/td>\n<td data-start=\"1622\" data-end=\"1628\" data-col-size=\"sm\">100 g<\/td>\n<td data-start=\"1628\" data-end=\"1633\" data-col-size=\"sm\">95 g<\/td>\n<td data-start=\"1633\" data-end=\"1639\" data-col-size=\"sm\">85 g<\/td>\n<\/tr>\n<tr data-start=\"1640\" data-end=\"1684\">\n<td data-start=\"1640\" data-end=\"1647\" data-col-size=\"sm\">7.5 kg<\/td>\n<td data-start=\"1647\" data-end=\"1653\" data-col-size=\"sm\">115 g<\/td>\n<td data-start=\"1653\" data-end=\"1659\" data-col-size=\"sm\">145 g<\/td>\n<td data-start=\"1659\" data-end=\"1665\" data-col-size=\"sm\">150 g<\/td>\n<td data-start=\"1665\" data-end=\"1671\" data-col-size=\"sm\">140 g<\/td>\n<td data-start=\"1671\" data-end=\"1677\" data-col-size=\"sm\">135 g<\/td>\n<td data-start=\"1677\" data-end=\"1684\" data-col-size=\"sm\">115 g<\/td>\n<\/tr>\n<tr data-start=\"1685\" data-end=\"1728\">\n<td data-start=\"1685\" data-end=\"1691\" data-col-size=\"sm\">10 kg<\/td>\n<td data-start=\"1691\" data-end=\"1697\" data-col-size=\"sm\">130 g<\/td>\n<td data-start=\"1697\" data-end=\"1703\" data-col-size=\"sm\">160 g<\/td>\n<td data-start=\"1703\" data-end=\"1709\" data-col-size=\"sm\">175 g<\/td>\n<td data-start=\"1709\" data-end=\"1715\" data-col-size=\"sm\">165 g<\/td>\n<td data-start=\"1715\" data-end=\"1721\" data-col-size=\"sm\">160 g<\/td>\n<td data-start=\"1721\" data-end=\"1728\" data-col-size=\"sm\">150 g<\/td>\n<\/tr>\n<tr data-start=\"1729\" data-end=\"1774\">\n<td data-start=\"1729\" data-end=\"1737\" data-col-size=\"sm\">12.5 kg<\/td>\n<td data-start=\"1737\" data-end=\"1743\" data-col-size=\"sm\">145 g<\/td>\n<td data-start=\"1743\" data-end=\"1749\" data-col-size=\"sm\">180 g<\/td>\n<td data-start=\"1749\" data-end=\"1755\" data-col-size=\"sm\">195 g<\/td>\n<td data-start=\"1755\" data-end=\"1761\" data-col-size=\"sm\">185 g<\/td>\n<td data-start=\"1761\" data-end=\"1767\" data-col-size=\"sm\">180 g<\/td>\n<td data-start=\"1767\" data-end=\"1774\" data-col-size=\"sm\">165 g<\/td>\n<\/tr>\n<tr data-start=\"1775\" data-end=\"1818\">\n<td data-start=\"1775\" data-end=\"1781\" data-col-size=\"sm\">15 kg<\/td>\n<td data-start=\"1781\" data-end=\"1787\" data-col-size=\"sm\">160 g<\/td>\n<td data-start=\"1787\" data-end=\"1793\" data-col-size=\"sm\">215 g<\/td>\n<td data-start=\"1793\" data-end=\"1799\" data-col-size=\"sm\">220 g<\/td>\n<td data-start=\"1799\" data-end=\"1805\" data-col-size=\"sm\">215 g<\/td>\n<td data-start=\"1805\" data-end=\"1811\" data-col-size=\"sm\">215 g<\/td>\n<td data-start=\"1811\" data-end=\"1818\" data-col-size=\"sm\">190 g<\/td>\n<\/tr>\n<tr data-start=\"1819\" data-end=\"1862\">\n<td data-start=\"1819\" data-end=\"1825\" data-col-size=\"sm\">20 kg<\/td>\n<td data-start=\"1825\" data-end=\"1831\" data-col-size=\"sm\">205 g<\/td>\n<td data-start=\"1831\" data-end=\"1837\" data-col-size=\"sm\">260 g<\/td>\n<td data-start=\"1837\" data-end=\"1843\" data-col-size=\"sm\">275 g<\/td>\n<td data-start=\"1843\" data-end=\"1849\" data-col-size=\"sm\">270 g<\/td>\n<td data-start=\"1849\" data-end=\"1855\" data-col-size=\"sm\">270 g<\/td>\n<td data-start=\"1855\" data-end=\"1862\" data-col-size=\"sm\">250 g<\/td>\n<\/tr>\n<tr data-start=\"1863\" data-end=\"1906\">\n<td data-start=\"1863\" data-end=\"1869\" data-col-size=\"sm\">25 kg<\/td>\n<td data-start=\"1869\" data-end=\"1875\" data-col-size=\"sm\">235 g<\/td>\n<td data-start=\"1875\" data-end=\"1881\" data-col-size=\"sm\">300 g<\/td>\n<td data-start=\"1881\" data-end=\"1887\" data-col-size=\"sm\">320 g<\/td>\n<td data-start=\"1887\" data-end=\"1893\" data-col-size=\"sm\">320 g<\/td>\n<td data-start=\"1893\" data-end=\"1899\" data-col-size=\"sm\">320 g<\/td>\n<td data-start=\"1899\" data-end=\"1906\" data-col-size=\"sm\">300 g<\/td>\n<\/tr>\n<tr data-start=\"1907\" data-end=\"1950\">\n<td data-start=\"1907\" data-end=\"1913\" data-col-size=\"sm\">30 kg<\/td>\n<td data-start=\"1913\" data-end=\"1919\" data-col-size=\"sm\">270 g<\/td>\n<td data-start=\"1919\" data-end=\"1925\" data-col-size=\"sm\">360 g<\/td>\n<td data-start=\"1925\" data-end=\"1931\" data-col-size=\"sm\">370 g<\/td>\n<td data-start=\"1931\" data-end=\"1937\" data-col-size=\"sm\">370 g<\/td>\n<td data-start=\"1937\" data-end=\"1943\" data-col-size=\"sm\">365 g<\/td>\n<td data-start=\"1943\" data-end=\"1950\" data-col-size=\"sm\">325 g<\/td>\n<\/tr>\n<tr data-start=\"1951\" data-end=\"1994\">\n<td data-start=\"1951\" data-end=\"1957\" data-col-size=\"sm\">40 kg<\/td>\n<td data-start=\"1957\" data-end=\"1963\" data-col-size=\"sm\">320 g<\/td>\n<td data-start=\"1963\" data-end=\"1969\" data-col-size=\"sm\">420 g<\/td>\n<td data-start=\"1969\" data-end=\"1975\" data-col-size=\"sm\">440 g<\/td>\n<td data-start=\"1975\" data-end=\"1981\" data-col-size=\"sm\">500 g<\/td>\n<td data-start=\"1981\" data-end=\"1987\" data-col-size=\"sm\">455 g<\/td>\n<td data-start=\"1987\" data-end=\"1994\" data-col-size=\"sm\">425 g<\/td>\n<\/tr>\n<tr data-start=\"1995\" data-end=\"2038\">\n<td data-start=\"1995\" data-end=\"2001\" data-col-size=\"sm\">60 kg<\/td>\n<td data-start=\"2001\" data-end=\"2007\" data-col-size=\"sm\">370 g<\/td>\n<td data-start=\"2007\" data-end=\"2013\" data-col-size=\"sm\">580 g<\/td>\n<td data-start=\"2013\" data-end=\"2019\" data-col-size=\"sm\">605 g<\/td>\n<td data-start=\"2019\" data-end=\"2025\" data-col-size=\"sm\">650 g<\/td>\n<td data-start=\"2025\" data-end=\"2031\" data-col-size=\"sm\">630 g<\/td>\n<td data-start=\"2031\" data-end=\"2038\" data-col-size=\"sm\">600 g<\/td>\n<\/tr>\n<tr data-start=\"2039\" data-end=\"2082\">\n<td data-start=\"2039\" data-end=\"2045\" data-col-size=\"sm\">80 kg<\/td>\n<td data-start=\"2045\" data-end=\"2051\" data-col-size=\"sm\">410 g<\/td>\n<td data-start=\"2051\" data-end=\"2057\" data-col-size=\"sm\">710 g<\/td>\n<td data-start=\"2057\" data-end=\"2063\" data-col-size=\"sm\">750 g<\/td>\n<td data-start=\"2063\" data-end=\"2069\" data-col-size=\"sm\">820 g<\/td>\n<td data-start=\"2069\" data-end=\"2075\" data-col-size=\"sm\">810 g<\/td>\n<td data-start=\"2075\" data-end=\"2082\" data-col-size=\"sm\">750 g<\/td>\n<\/tr>\n<\/tbody>\n<\/table>\n<\/div>\n<\/div>\n<p data-start=\"2084\" data-end=\"2106\"><strong data-start=\"2084\" data-end=\"2106\">100 g = 364.4 kcal<\/strong><\/p>\n","protected":false},"featured_media":37199,"template":"","meta":[],"product_brand":[],"product_cat":[478],"product_tag":[],"class_list":{"0":"post-54804","1":"product","2":"type-product","3":"status-publish","4":"has-post-thumbnail","6":"product_cat-kuivaruoka-koirille","8":"first","9":"instock","10":"sale","11":"taxable","12":"shipping-taxable","13":"purchasable","14":"product-type-simple"},"yoast_head":"<!-- This site is optimized with the Yoast SEO plugin v27.4 - https:\/\/yoast.com\/product\/yoast-seo-wordpress\/ -->\n<title>Platinum Puppy Chicken, kylm\u00e4puristettu ruoka pennuille 1.5 kg - MiuMjau<\/title>\n<meta name=\"robots\" content=\"index, follow, max-snippet:-1, max-image-preview:large, max-video-preview:-1\" \/>\n<link rel=\"canonical\" href=\"https:\/\/miumjau.ee\/fi\/tuote\/platinum-puppy-chicken-kylmapuristettu-ruoka-pennuille-1-5-kg\/\" \/>\n<meta property=\"og:locale\" content=\"fi_FI\" \/>\n<meta property=\"og:type\" content=\"article\" \/>\n<meta property=\"og:title\" content=\"Platinum Puppy Chicken, kylm\u00e4puristettu ruoka pennuille 1.5 kg - MiuMjau\" \/>\n<meta property=\"og:description\" content=\"PLATINUM kananlihalla valmistettu kuivaruoka pennuille sis\u00e4lt\u00e4\u00e4 vain korkealaatuisia, my\u00f6s ihmisravinnossa k\u00e4ytett\u00e4vi\u00e4 ainesosia: V\u00e4hint\u00e4\u00e4n 73 % tuoretta kananlihaaRiisi laadukkaana hiilihydraattil\u00e4hteen\u00e4Kylm\u00e4puristetut \u00f6ljyt optimaalisen rasvatasapainon saavuttamiseksi Maukas, mehukas ja aromaattinen ruoka kaikkein rakkaimmalle yst\u00e4v\u00e4llesi. T\u00e4ysravinto, joten voit olla varma, ett\u00e4 koirasi saa t\u00e4st\u00e4 ruoasta kaiken tarvitsemansa. Koostumus: Tuore kananliha (73 %), murskattu riisi, dehydratoitu kananproteiini, kuivattu kala, hydrolysoitu siipikarjaproteiini, kuivattu omenamassa, lohi\u00f6ljy, kuivattu panimohiiva, kylm\u00e4puristettu pellavansiemen\u00f6ljy, kylm\u00e4puristettu oliivi\u00f6ljy, kaliumkloridi. Analyyttinen koostumus: Raakavalkuainen 27,0 %, raaka\u00f6ljyt ja -rasvat 16,0 %, raakatuha 7,9 %, raakakuitu 2,0 %, kalsium 1,5 %, fosfori 1,0 %, kosteus (luontainen pitoisuus) 19,0 %. Lis\u00e4aineet:Vitamiinit: 3a672a\/vitamiini A 10 000 IU, 3a671\/vitamiini D3 1 600 IU, 3a700i\/vitamiini E 150 mg.Hivenaineet: 3b108\/rauta 75 mg, 3b203\/jodi 3 mg, 3b413\/kupari 19 mg, 3b506\/mangaani 40 mg, 3b607\/sinkki 150 mg, 3b814\/seleeni 0,2 mg. Feeding instructions:       Adult weight 2 months 4 months 6 months 8 months 10 months 12 months     1.0 kg 25 g 30 g 40 g 30 g 30 g 30 g   2.5 kg 50 g 55 g 60 g 55 g 55 g 50 g   3 kg 55 g 60 g 75 g 65 g 65 g 65 g   5 kg 85 g 105 g 110 g 100 g 95 g 85 g   7.5 kg 115 g 145 g 150 g 140 g 135 g 115 g   10 kg 130 g 160 g 175 g 165 g 160 g 150 g   12.5 kg 145 g 180 g 195 g 185 g 180 g 165 g   15 kg 160 g 215 g 220 g 215 g 215 g 190 g   20 kg 205 g 260 g 275 g 270 g 270 g 250 g   25 kg 235 g 300 g 320 g 320 g 320 g 300 g   30 kg 270 g 360 g 370 g 370 g 365 g 325 g   40 kg 320 g 420 g 440 g 500 g 455 g 425 g   60 kg 370 g 580 g 605 g 650 g 630 g 600 g   80 kg 410 g 710 g 750 g 820 g 810 g 750 g      100 g = 364.4 kcal\" \/>\n<meta property=\"og:url\" content=\"https:\/\/miumjau.ee\/fi\/tuote\/platinum-puppy-chicken-kylmapuristettu-ruoka-pennuille-1-5-kg\/\" \/>\n<meta property=\"og:site_name\" content=\"MiuMjau\" \/>\n<meta property=\"article:publisher\" content=\"https:\/\/www.facebook.com\/miumjaupood\/\" \/>\n<meta property=\"og:image\" content=\"https:\/\/miumjau.ee\/wp-content\/uploads\/2025\/06\/platinum-koeratoit-kulmpress1.jpg\" \/>\n\t<meta property=\"og:image:width\" content=\"600\" \/>\n\t<meta property=\"og:image:height\" content=\"800\" \/>\n\t<meta property=\"og:image:type\" content=\"image\/jpeg\" \/>\n<meta name=\"twitter:card\" content=\"summary_large_image\" \/>\n<script type=\"application\/ld+json\" class=\"yoast-schema-graph\">{\"@context\":\"https:\\\/\\\/schema.org\",\"@graph\":[{\"@type\":\"WebPage\",\"@id\":\"https:\\\/\\\/miumjau.ee\\\/fi\\\/tuote\\\/platinum-puppy-chicken-kylmapuristettu-ruoka-pennuille-1-5-kg\\\/\",\"url\":\"https:\\\/\\\/miumjau.ee\\\/fi\\\/tuote\\\/platinum-puppy-chicken-kylmapuristettu-ruoka-pennuille-1-5-kg\\\/\",\"name\":\"Platinum Puppy Chicken, kylm\u00e4puristettu ruoka pennuille 1.5 kg - MiuMjau\",\"isPartOf\":{\"@id\":\"https:\\\/\\\/miumjau.ee\\\/#website\"},\"primaryImageOfPage\":{\"@id\":\"https:\\\/\\\/miumjau.ee\\\/fi\\\/tuote\\\/platinum-puppy-chicken-kylmapuristettu-ruoka-pennuille-1-5-kg\\\/#primaryimage\"},\"image\":{\"@id\":\"https:\\\/\\\/miumjau.ee\\\/fi\\\/tuote\\\/platinum-puppy-chicken-kylmapuristettu-ruoka-pennuille-1-5-kg\\\/#primaryimage\"},\"thumbnailUrl\":\"https:\\\/\\\/miumjau.ee\\\/wp-content\\\/uploads\\\/2025\\\/06\\\/platinum-koeratoit-kulmpress1.jpg\",\"datePublished\":\"2025-06-28T13:12:38+00:00\",\"breadcrumb\":{\"@id\":\"https:\\\/\\\/miumjau.ee\\\/fi\\\/tuote\\\/platinum-puppy-chicken-kylmapuristettu-ruoka-pennuille-1-5-kg\\\/#breadcrumb\"},\"inLanguage\":\"fi\",\"potentialAction\":[{\"@type\":\"ReadAction\",\"target\":[\"https:\\\/\\\/miumjau.ee\\\/fi\\\/tuote\\\/platinum-puppy-chicken-kylmapuristettu-ruoka-pennuille-1-5-kg\\\/\"]}]},{\"@type\":\"ImageObject\",\"inLanguage\":\"fi\",\"@id\":\"https:\\\/\\\/miumjau.ee\\\/fi\\\/tuote\\\/platinum-puppy-chicken-kylmapuristettu-ruoka-pennuille-1-5-kg\\\/#primaryimage\",\"url\":\"https:\\\/\\\/miumjau.ee\\\/wp-content\\\/uploads\\\/2025\\\/06\\\/platinum-koeratoit-kulmpress1.jpg\",\"contentUrl\":\"https:\\\/\\\/miumjau.ee\\\/wp-content\\\/uploads\\\/2025\\\/06\\\/platinum-koeratoit-kulmpress1.jpg\",\"width\":600,\"height\":800,\"caption\":\"Platinum Puppy Chicken k\u00fclmpressitud toit kutsikatele 1,5kg\"},{\"@type\":\"BreadcrumbList\",\"@id\":\"https:\\\/\\\/miumjau.ee\\\/fi\\\/tuote\\\/platinum-puppy-chicken-kylmapuristettu-ruoka-pennuille-1-5-kg\\\/#breadcrumb\",\"itemListElement\":[{\"@type\":\"ListItem\",\"position\":1,\"name\":\"Home\",\"item\":\"https:\\\/\\\/miumjau.ee\\\/fi\\\/\"},{\"@type\":\"ListItem\",\"position\":2,\"name\":\"Kauppa\",\"item\":\"https:\\\/\\\/miumjau.ee\\\/fi\\\/kauppa\\\/\"},{\"@type\":\"ListItem\",\"position\":3,\"name\":\"Platinum Puppy Chicken, kylm\u00e4puristettu ruoka pennuille 1.5 kg\"}]},{\"@type\":\"WebSite\",\"@id\":\"https:\\\/\\\/miumjau.ee\\\/#website\",\"url\":\"https:\\\/\\\/miumjau.ee\\\/\",\"name\":\"MiuMjau\",\"description\":\"Kraapimispuud kassidele\",\"publisher\":{\"@id\":\"https:\\\/\\\/miumjau.ee\\\/#organization\"},\"potentialAction\":[{\"@type\":\"SearchAction\",\"target\":{\"@type\":\"EntryPoint\",\"urlTemplate\":\"https:\\\/\\\/miumjau.ee\\\/?s={search_term_string}\"},\"query-input\":{\"@type\":\"PropertyValueSpecification\",\"valueRequired\":true,\"valueName\":\"search_term_string\"}}],\"inLanguage\":\"fi\"},{\"@type\":\"Organization\",\"@id\":\"https:\\\/\\\/miumjau.ee\\\/#organization\",\"name\":\"MiuMjau O\u00dc\",\"url\":\"https:\\\/\\\/miumjau.ee\\\/\",\"logo\":{\"@type\":\"ImageObject\",\"inLanguage\":\"fi\",\"@id\":\"https:\\\/\\\/miumjau.ee\\\/#\\\/schema\\\/logo\\\/image\\\/\",\"url\":\"https:\\\/\\\/miumjau.ee\\\/wp-content\\\/uploads\\\/2022\\\/04\\\/MiuMjau-logo-kollane.png\",\"contentUrl\":\"https:\\\/\\\/miumjau.ee\\\/wp-content\\\/uploads\\\/2022\\\/04\\\/MiuMjau-logo-kollane.png\",\"width\":219,\"height\":100,\"caption\":\"MiuMjau O\u00dc\"},\"image\":{\"@id\":\"https:\\\/\\\/miumjau.ee\\\/#\\\/schema\\\/logo\\\/image\\\/\"},\"sameAs\":[\"https:\\\/\\\/www.facebook.com\\\/miumjaupood\\\/\"]}]}<\/script>\n<!-- \/ Yoast SEO plugin. -->","yoast_head_json":{"title":"Platinum Puppy Chicken, kylm\u00e4puristettu ruoka pennuille 1.5 kg - MiuMjau","robots":{"index":"index","follow":"follow","max-snippet":"max-snippet:-1","max-image-preview":"max-image-preview:large","max-video-preview":"max-video-preview:-1"},"canonical":"https:\/\/miumjau.ee\/fi\/tuote\/platinum-puppy-chicken-kylmapuristettu-ruoka-pennuille-1-5-kg\/","og_locale":"fi_FI","og_type":"article","og_title":"Platinum Puppy Chicken, kylm\u00e4puristettu ruoka pennuille 1.5 kg - MiuMjau","og_description":"PLATINUM kananlihalla valmistettu kuivaruoka pennuille sis\u00e4lt\u00e4\u00e4 vain korkealaatuisia, my\u00f6s ihmisravinnossa k\u00e4ytett\u00e4vi\u00e4 ainesosia: V\u00e4hint\u00e4\u00e4n 73 % tuoretta kananlihaaRiisi laadukkaana hiilihydraattil\u00e4hteen\u00e4Kylm\u00e4puristetut \u00f6ljyt optimaalisen rasvatasapainon saavuttamiseksi Maukas, mehukas ja aromaattinen ruoka kaikkein rakkaimmalle yst\u00e4v\u00e4llesi. T\u00e4ysravinto, joten voit olla varma, ett\u00e4 koirasi saa t\u00e4st\u00e4 ruoasta kaiken tarvitsemansa. Koostumus: Tuore kananliha (73 %), murskattu riisi, dehydratoitu kananproteiini, kuivattu kala, hydrolysoitu siipikarjaproteiini, kuivattu omenamassa, lohi\u00f6ljy, kuivattu panimohiiva, kylm\u00e4puristettu pellavansiemen\u00f6ljy, kylm\u00e4puristettu oliivi\u00f6ljy, kaliumkloridi. Analyyttinen koostumus: Raakavalkuainen 27,0 %, raaka\u00f6ljyt ja -rasvat 16,0 %, raakatuha 7,9 %, raakakuitu 2,0 %, kalsium 1,5 %, fosfori 1,0 %, kosteus (luontainen pitoisuus) 19,0 %. Lis\u00e4aineet:Vitamiinit: 3a672a\/vitamiini A 10 000 IU, 3a671\/vitamiini D3 1 600 IU, 3a700i\/vitamiini E 150 mg.Hivenaineet: 3b108\/rauta 75 mg, 3b203\/jodi 3 mg, 3b413\/kupari 19 mg, 3b506\/mangaani 40 mg, 3b607\/sinkki 150 mg, 3b814\/seleeni 0,2 mg. Feeding instructions:       Adult weight 2 months 4 months 6 months 8 months 10 months 12 months     1.0 kg 25 g 30 g 40 g 30 g 30 g 30 g   2.5 kg 50 g 55 g 60 g 55 g 55 g 50 g   3 kg 55 g 60 g 75 g 65 g 65 g 65 g   5 kg 85 g 105 g 110 g 100 g 95 g 85 g   7.5 kg 115 g 145 g 150 g 140 g 135 g 115 g   10 kg 130 g 160 g 175 g 165 g 160 g 150 g   12.5 kg 145 g 180 g 195 g 185 g 180 g 165 g   15 kg 160 g 215 g 220 g 215 g 215 g 190 g   20 kg 205 g 260 g 275 g 270 g 270 g 250 g   25 kg 235 g 300 g 320 g 320 g 320 g 300 g   30 kg 270 g 360 g 370 g 370 g 365 g 325 g   40 kg 320 g 420 g 440 g 500 g 455 g 425 g   60 kg 370 g 580 g 605 g 650 g 630 g 600 g   80 kg 410 g 710 g 750 g 820 g 810 g 750 g      100 g = 364.4 kcal","og_url":"https:\/\/miumjau.ee\/fi\/tuote\/platinum-puppy-chicken-kylmapuristettu-ruoka-pennuille-1-5-kg\/","og_site_name":"MiuMjau","article_publisher":"https:\/\/www.facebook.com\/miumjaupood\/","og_image":[{"width":600,"height":800,"url":"https:\/\/miumjau.ee\/wp-content\/uploads\/2025\/06\/platinum-koeratoit-kulmpress1.jpg","type":"image\/jpeg"}],"twitter_card":"summary_large_image","schema":{"@context":"https:\/\/schema.org","@graph":[{"@type":"WebPage","@id":"https:\/\/miumjau.ee\/fi\/tuote\/platinum-puppy-chicken-kylmapuristettu-ruoka-pennuille-1-5-kg\/","url":"https:\/\/miumjau.ee\/fi\/tuote\/platinum-puppy-chicken-kylmapuristettu-ruoka-pennuille-1-5-kg\/","name":"Platinum Puppy Chicken, kylm\u00e4puristettu ruoka pennuille 1.5 kg - MiuMjau","isPartOf":{"@id":"https:\/\/miumjau.ee\/#website"},"primaryImageOfPage":{"@id":"https:\/\/miumjau.ee\/fi\/tuote\/platinum-puppy-chicken-kylmapuristettu-ruoka-pennuille-1-5-kg\/#primaryimage"},"image":{"@id":"https:\/\/miumjau.ee\/fi\/tuote\/platinum-puppy-chicken-kylmapuristettu-ruoka-pennuille-1-5-kg\/#primaryimage"},"thumbnailUrl":"https:\/\/miumjau.ee\/wp-content\/uploads\/2025\/06\/platinum-koeratoit-kulmpress1.jpg","datePublished":"2025-06-28T13:12:38+00:00","breadcrumb":{"@id":"https:\/\/miumjau.ee\/fi\/tuote\/platinum-puppy-chicken-kylmapuristettu-ruoka-pennuille-1-5-kg\/#breadcrumb"},"inLanguage":"fi","potentialAction":[{"@type":"ReadAction","target":["https:\/\/miumjau.ee\/fi\/tuote\/platinum-puppy-chicken-kylmapuristettu-ruoka-pennuille-1-5-kg\/"]}]},{"@type":"ImageObject","inLanguage":"fi","@id":"https:\/\/miumjau.ee\/fi\/tuote\/platinum-puppy-chicken-kylmapuristettu-ruoka-pennuille-1-5-kg\/#primaryimage","url":"https:\/\/miumjau.ee\/wp-content\/uploads\/2025\/06\/platinum-koeratoit-kulmpress1.jpg","contentUrl":"https:\/\/miumjau.ee\/wp-content\/uploads\/2025\/06\/platinum-koeratoit-kulmpress1.jpg","width":600,"height":800,"caption":"Platinum Puppy Chicken k\u00fclmpressitud toit kutsikatele 1,5kg"},{"@type":"BreadcrumbList","@id":"https:\/\/miumjau.ee\/fi\/tuote\/platinum-puppy-chicken-kylmapuristettu-ruoka-pennuille-1-5-kg\/#breadcrumb","itemListElement":[{"@type":"ListItem","position":1,"name":"Home","item":"https:\/\/miumjau.ee\/fi\/"},{"@type":"ListItem","position":2,"name":"Kauppa","item":"https:\/\/miumjau.ee\/fi\/kauppa\/"},{"@type":"ListItem","position":3,"name":"Platinum Puppy Chicken, kylm\u00e4puristettu ruoka pennuille 1.5 kg"}]},{"@type":"WebSite","@id":"https:\/\/miumjau.ee\/#website","url":"https:\/\/miumjau.ee\/","name":"MiuMjau","description":"Kraapimispuud kassidele","publisher":{"@id":"https:\/\/miumjau.ee\/#organization"},"potentialAction":[{"@type":"SearchAction","target":{"@type":"EntryPoint","urlTemplate":"https:\/\/miumjau.ee\/?s={search_term_string}"},"query-input":{"@type":"PropertyValueSpecification","valueRequired":true,"valueName":"search_term_string"}}],"inLanguage":"fi"},{"@type":"Organization","@id":"https:\/\/miumjau.ee\/#organization","name":"MiuMjau O\u00dc","url":"https:\/\/miumjau.ee\/","logo":{"@type":"ImageObject","inLanguage":"fi","@id":"https:\/\/miumjau.ee\/#\/schema\/logo\/image\/","url":"https:\/\/miumjau.ee\/wp-content\/uploads\/2022\/04\/MiuMjau-logo-kollane.png","contentUrl":"https:\/\/miumjau.ee\/wp-content\/uploads\/2022\/04\/MiuMjau-logo-kollane.png","width":219,"height":100,"caption":"MiuMjau O\u00dc"},"image":{"@id":"https:\/\/miumjau.ee\/#\/schema\/logo\/image\/"},"sameAs":["https:\/\/www.facebook.com\/miumjaupood\/"]}]}},"_links":{"self":[{"href":"https:\/\/miumjau.ee\/fi\/wp-json\/wp\/v2\/product\/54804","targetHints":{"allow":["GET"]}}],"collection":[{"href":"https:\/\/miumjau.ee\/fi\/wp-json\/wp\/v2\/product"}],"about":[{"href":"https:\/\/miumjau.ee\/fi\/wp-json\/wp\/v2\/types\/product"}],"wp:featuredmedia":[{"embeddable":true,"href":"https:\/\/miumjau.ee\/fi\/wp-json\/wp\/v2\/media\/37199"}],"wp:attachment":[{"href":"https:\/\/miumjau.ee\/fi\/wp-json\/wp\/v2\/media?parent=54804"}],"wp:term":[{"taxonomy":"product_brand","embeddable":true,"href":"https:\/\/miumjau.ee\/fi\/wp-json\/wp\/v2\/product_brand?post=54804"},{"taxonomy":"product_cat","embeddable":true,"href":"https:\/\/miumjau.ee\/fi\/wp-json\/wp\/v2\/product_cat?post=54804"},{"taxonomy":"product_tag","embeddable":true,"href":"https:\/\/miumjau.ee\/fi\/wp-json\/wp\/v2\/product_tag?post=54804"}],"curies":[{"name":"wp","href":"https:\/\/api.w.org\/{rel}","templated":true}]}}