{"id":54789,"date":"2025-06-29T14:32:23","date_gmt":"2025-06-29T11:32:23","guid":{"rendered":"https:\/\/miumjau.ee\/toode\/platinum-adult-iberico-kylmapuristettu-koiranruoka-sianlihalla-5-kg\/"},"modified":"2025-06-29T14:32:23","modified_gmt":"2025-06-29T11:32:23","slug":"platinum-adult-iberico-kylmapuristettu-koiranruoka-sianlihalla-5-kg","status":"publish","type":"product","link":"https:\/\/miumjau.ee\/fi\/tuote\/platinum-adult-iberico-kylmapuristettu-koiranruoka-sianlihalla-5-kg\/","title":{"rendered":"Platinum Adult Iberico, kylm\u00e4puristettu koiranruoka sianlihalla 5 kg"},"content":{"rendered":"","protected":false},"excerpt":{"rendered":"<p data-start=\"2000\" data-end=\"2381\">Aikuisille koirille tarkoitettu PLATINUM Adult Iberico sopii luonnollisen, terveellisen ja helposti sulavan koostumuksensa ansiosta kaikille koirille rodusta tai i\u00e4st\u00e4 riippumatta. Kylm\u00e4puristettu ruoka miellytt\u00e4\u00e4 koiria vaistonvaraisesti enemm\u00e4n kuin tavallinen kuivaruoka. Se on paljon mehukkaampaa, aromaattista ja todella maukasta. Sopii erinomaisesti my\u00f6s koulutusmakupalaksi.<\/p>\n<p data-start=\"2383\" data-end=\"2755\"><strong data-start=\"2383\" data-end=\"2397\">Koostumus:<\/strong> Tuore sianliha (70 %, vain Iberian sian liha), perunat*, kala*, panimohiiva*, omenamassa*, lohi\u00f6ljy** (omega-3), jukauute, pellavansiemen\u00f6ljy** (omega-3), oliivi\u00f6ljy**, viherhuulisimpukan uute, porkkanat*, tomaatit*, keh\u00e4kukka*, voikukka*, parsakaali*, vihre\u00e4 tee*, kamomilla*, oregano*, maarianohdakkeen siemenet*, karpalonsiemenet*, lev\u00e4t*, kaliumkloridi.<\/p>\n<p data-start=\"2757\" data-end=\"2942\"><strong data-start=\"2757\" data-end=\"2784\">Analyyttinen koostumus:<\/strong> Raakavalkuainen 23,0 %, raaka\u00f6ljyt ja -rasvat 14,0 %, raakatuha 7,8 %, raakakuitu 2,0 %, kalsium 1,6 %, fosfori 1,0 %, kosteus (luontainen pitoisuus) 19,0 %.<\/p>\n<p data-start=\"2944\" data-end=\"3195\"><strong data-start=\"2944\" data-end=\"2959\">Lis\u00e4aineet:<\/strong><br data-start=\"2959\" data-end=\"2962\" \/>Vitamiinit: 3a672a\/vitamiini A 10 000 IU, 3a671\/vitamiini D3 1 600 IU, 3a700i\/vitamiini E 150 mg.<br data-start=\"3059\" data-end=\"3062\" \/>Hivenaineet: 3b108\/rauta 75 mg, 3b203\/jodi 3 mg, 3b413\/kupari 19 mg, 3b506\/mangaani 40 mg, 3b607\/sinkki 150 mg, 3b814\/seleeni 0,2 mg.<\/p>\n<p data-start=\"3197\" data-end=\"3219\"><strong data-start=\"3197\" data-end=\"3219\">100 g = 354,8 kcal<\/strong><\/p>\n<p data-start=\"3221\" data-end=\"3405\"><strong data-start=\"3221\" data-end=\"3242\">Ruokintasuositus:<\/strong> PLATINUM Adult Iberico sopii kaikille aikuisille koirille; pennuille sit\u00e4 voidaan tarjota 5 kuukauden i\u00e4st\u00e4 alkaen. PLATINUM kuivaruoka on heti valmis sy\u00f6t\u00e4v\u00e4ksi.<\/p>\n<p data-start=\"3407\" data-end=\"3754\">Koiran paino (kg) | P\u00e4ivitt\u00e4inen ruokam\u00e4\u00e4r\u00e4 (g)<br data-start=\"3454\" data-end=\"3457\" \/>1,0 \u2013 3,0 | 35 \u2013 60<br data-start=\"3476\" data-end=\"3479\" \/>3,0 \u2013 5,0 | 60 \u2013 90<br data-start=\"3498\" data-end=\"3501\" \/>5,0 \u2013 7,5 | 90 \u2013 120<br data-start=\"3521\" data-end=\"3524\" \/>7,5 \u2013 10,0 | 120 \u2013 160<br data-start=\"3546\" data-end=\"3549\" \/>10,0 \u2013 12,5 | 160 \u2013 175<br data-start=\"3572\" data-end=\"3575\" \/>12,5 \u2013 15,0 | 175 \u2013 200<br data-start=\"3598\" data-end=\"3601\" \/>15,0 \u2013 20,0 | 200 \u2013 260<br data-start=\"3624\" data-end=\"3627\" \/>20,0 \u2013 25,0 | 260 \u2013 315<br data-start=\"3650\" data-end=\"3653\" \/>25,0 \u2013 30,0 | 315 \u2013 340<br data-start=\"3676\" data-end=\"3679\" \/>30,0 \u2013 40,0 | 340 \u2013 445<br data-start=\"3702\" data-end=\"3705\" \/>40,0 \u2013 60,0 | 445 \u2013 630<br data-start=\"3728\" data-end=\"3731\" \/>60,0 \u2013 80,0 | 630 \u2013 790<\/p>\n","protected":false},"featured_media":37207,"template":"","meta":[],"product_brand":[],"product_cat":[478],"product_tag":[],"class_list":{"0":"post-54789","1":"product","2":"type-product","3":"status-publish","4":"has-post-thumbnail","6":"product_cat-kuivaruoka-koirille","8":"first","9":"instock","10":"sale","11":"taxable","12":"shipping-taxable","13":"purchasable","14":"product-type-simple"},"yoast_head":"<!-- This site is optimized with the Yoast SEO plugin v27.4 - https:\/\/yoast.com\/product\/yoast-seo-wordpress\/ -->\n<title>Platinum Adult Iberico, kylm\u00e4puristettu koiranruoka sianlihalla 5 kg - MiuMjau<\/title>\n<meta name=\"robots\" content=\"index, follow, max-snippet:-1, max-image-preview:large, max-video-preview:-1\" \/>\n<link rel=\"canonical\" href=\"https:\/\/miumjau.ee\/fi\/tuote\/platinum-adult-iberico-kylmapuristettu-koiranruoka-sianlihalla-5-kg\/\" \/>\n<meta property=\"og:locale\" content=\"fi_FI\" \/>\n<meta property=\"og:type\" content=\"article\" \/>\n<meta property=\"og:title\" content=\"Platinum Adult Iberico, kylm\u00e4puristettu koiranruoka sianlihalla 5 kg - MiuMjau\" \/>\n<meta property=\"og:description\" content=\"Aikuisille koirille tarkoitettu PLATINUM Adult Iberico sopii luonnollisen, terveellisen ja helposti sulavan koostumuksensa ansiosta kaikille koirille rodusta tai i\u00e4st\u00e4 riippumatta. Kylm\u00e4puristettu ruoka miellytt\u00e4\u00e4 koiria vaistonvaraisesti enemm\u00e4n kuin tavallinen kuivaruoka. Se on paljon mehukkaampaa, aromaattista ja todella maukasta. Sopii erinomaisesti my\u00f6s koulutusmakupalaksi. Koostumus: Tuore sianliha (70 %, vain Iberian sian liha), perunat*, kala*, panimohiiva*, omenamassa*, lohi\u00f6ljy** (omega-3), jukauute, pellavansiemen\u00f6ljy** (omega-3), oliivi\u00f6ljy**, viherhuulisimpukan uute, porkkanat*, tomaatit*, keh\u00e4kukka*, voikukka*, parsakaali*, vihre\u00e4 tee*, kamomilla*, oregano*, maarianohdakkeen siemenet*, karpalonsiemenet*, lev\u00e4t*, kaliumkloridi. Analyyttinen koostumus: Raakavalkuainen 23,0 %, raaka\u00f6ljyt ja -rasvat 14,0 %, raakatuha 7,8 %, raakakuitu 2,0 %, kalsium 1,6 %, fosfori 1,0 %, kosteus (luontainen pitoisuus) 19,0 %. Lis\u00e4aineet:Vitamiinit: 3a672a\/vitamiini A 10 000 IU, 3a671\/vitamiini D3 1 600 IU, 3a700i\/vitamiini E 150 mg.Hivenaineet: 3b108\/rauta 75 mg, 3b203\/jodi 3 mg, 3b413\/kupari 19 mg, 3b506\/mangaani 40 mg, 3b607\/sinkki 150 mg, 3b814\/seleeni 0,2 mg. 100 g = 354,8 kcal Ruokintasuositus: PLATINUM Adult Iberico sopii kaikille aikuisille koirille; pennuille sit\u00e4 voidaan tarjota 5 kuukauden i\u00e4st\u00e4 alkaen. PLATINUM kuivaruoka on heti valmis sy\u00f6t\u00e4v\u00e4ksi. Koiran paino (kg) | P\u00e4ivitt\u00e4inen ruokam\u00e4\u00e4r\u00e4 (g)1,0 \u2013 3,0 | 35 \u2013 603,0 \u2013 5,0 | 60 \u2013 905,0 \u2013 7,5 | 90 \u2013 1207,5 \u2013 10,0 | 120 \u2013 16010,0 \u2013 12,5 | 160 \u2013 17512,5 \u2013 15,0 | 175 \u2013 20015,0 \u2013 20,0 | 200 \u2013 26020,0 \u2013 25,0 | 260 \u2013 31525,0 \u2013 30,0 | 315 \u2013 34030,0 \u2013 40,0 | 340 \u2013 44540,0 \u2013 60,0 | 445 \u2013 63060,0 \u2013 80,0 | 630 \u2013 790\" \/>\n<meta property=\"og:url\" content=\"https:\/\/miumjau.ee\/fi\/tuote\/platinum-adult-iberico-kylmapuristettu-koiranruoka-sianlihalla-5-kg\/\" \/>\n<meta property=\"og:site_name\" content=\"MiuMjau\" \/>\n<meta property=\"article:publisher\" content=\"https:\/\/www.facebook.com\/miumjaupood\/\" \/>\n<meta property=\"og:image\" content=\"https:\/\/miumjau.ee\/wp-content\/uploads\/2025\/06\/platinum-koeratoit-kulmpress3.jpg\" \/>\n\t<meta property=\"og:image:width\" content=\"600\" \/>\n\t<meta property=\"og:image:height\" content=\"800\" \/>\n\t<meta property=\"og:image:type\" content=\"image\/jpeg\" \/>\n<meta name=\"twitter:card\" content=\"summary_large_image\" \/>\n<script type=\"application\/ld+json\" class=\"yoast-schema-graph\">{\"@context\":\"https:\\\/\\\/schema.org\",\"@graph\":[{\"@type\":\"WebPage\",\"@id\":\"https:\\\/\\\/miumjau.ee\\\/fi\\\/tuote\\\/platinum-adult-iberico-kylmapuristettu-koiranruoka-sianlihalla-5-kg\\\/\",\"url\":\"https:\\\/\\\/miumjau.ee\\\/fi\\\/tuote\\\/platinum-adult-iberico-kylmapuristettu-koiranruoka-sianlihalla-5-kg\\\/\",\"name\":\"Platinum Adult Iberico, kylm\u00e4puristettu koiranruoka sianlihalla 5 kg - MiuMjau\",\"isPartOf\":{\"@id\":\"https:\\\/\\\/miumjau.ee\\\/#website\"},\"primaryImageOfPage\":{\"@id\":\"https:\\\/\\\/miumjau.ee\\\/fi\\\/tuote\\\/platinum-adult-iberico-kylmapuristettu-koiranruoka-sianlihalla-5-kg\\\/#primaryimage\"},\"image\":{\"@id\":\"https:\\\/\\\/miumjau.ee\\\/fi\\\/tuote\\\/platinum-adult-iberico-kylmapuristettu-koiranruoka-sianlihalla-5-kg\\\/#primaryimage\"},\"thumbnailUrl\":\"https:\\\/\\\/miumjau.ee\\\/wp-content\\\/uploads\\\/2025\\\/06\\\/platinum-koeratoit-kulmpress3.jpg\",\"datePublished\":\"2025-06-29T11:32:23+00:00\",\"breadcrumb\":{\"@id\":\"https:\\\/\\\/miumjau.ee\\\/fi\\\/tuote\\\/platinum-adult-iberico-kylmapuristettu-koiranruoka-sianlihalla-5-kg\\\/#breadcrumb\"},\"inLanguage\":\"fi\",\"potentialAction\":[{\"@type\":\"ReadAction\",\"target\":[\"https:\\\/\\\/miumjau.ee\\\/fi\\\/tuote\\\/platinum-adult-iberico-kylmapuristettu-koiranruoka-sianlihalla-5-kg\\\/\"]}]},{\"@type\":\"ImageObject\",\"inLanguage\":\"fi\",\"@id\":\"https:\\\/\\\/miumjau.ee\\\/fi\\\/tuote\\\/platinum-adult-iberico-kylmapuristettu-koiranruoka-sianlihalla-5-kg\\\/#primaryimage\",\"url\":\"https:\\\/\\\/miumjau.ee\\\/wp-content\\\/uploads\\\/2025\\\/06\\\/platinum-koeratoit-kulmpress3.jpg\",\"contentUrl\":\"https:\\\/\\\/miumjau.ee\\\/wp-content\\\/uploads\\\/2025\\\/06\\\/platinum-koeratoit-kulmpress3.jpg\",\"width\":600,\"height\":800,\"caption\":\"Platinum Adult Iberico, k\u00fclmpressitud koeratoit sealihaga 5kg\"},{\"@type\":\"BreadcrumbList\",\"@id\":\"https:\\\/\\\/miumjau.ee\\\/fi\\\/tuote\\\/platinum-adult-iberico-kylmapuristettu-koiranruoka-sianlihalla-5-kg\\\/#breadcrumb\",\"itemListElement\":[{\"@type\":\"ListItem\",\"position\":1,\"name\":\"Home\",\"item\":\"https:\\\/\\\/miumjau.ee\\\/fi\\\/\"},{\"@type\":\"ListItem\",\"position\":2,\"name\":\"Kauppa\",\"item\":\"https:\\\/\\\/miumjau.ee\\\/fi\\\/kauppa\\\/\"},{\"@type\":\"ListItem\",\"position\":3,\"name\":\"Platinum Adult Iberico, kylm\u00e4puristettu koiranruoka sianlihalla 5 kg\"}]},{\"@type\":\"WebSite\",\"@id\":\"https:\\\/\\\/miumjau.ee\\\/#website\",\"url\":\"https:\\\/\\\/miumjau.ee\\\/\",\"name\":\"MiuMjau\",\"description\":\"Kraapimispuud kassidele\",\"publisher\":{\"@id\":\"https:\\\/\\\/miumjau.ee\\\/#organization\"},\"potentialAction\":[{\"@type\":\"SearchAction\",\"target\":{\"@type\":\"EntryPoint\",\"urlTemplate\":\"https:\\\/\\\/miumjau.ee\\\/?s={search_term_string}\"},\"query-input\":{\"@type\":\"PropertyValueSpecification\",\"valueRequired\":true,\"valueName\":\"search_term_string\"}}],\"inLanguage\":\"fi\"},{\"@type\":\"Organization\",\"@id\":\"https:\\\/\\\/miumjau.ee\\\/#organization\",\"name\":\"MiuMjau O\u00dc\",\"url\":\"https:\\\/\\\/miumjau.ee\\\/\",\"logo\":{\"@type\":\"ImageObject\",\"inLanguage\":\"fi\",\"@id\":\"https:\\\/\\\/miumjau.ee\\\/#\\\/schema\\\/logo\\\/image\\\/\",\"url\":\"https:\\\/\\\/miumjau.ee\\\/wp-content\\\/uploads\\\/2022\\\/04\\\/MiuMjau-logo-kollane.png\",\"contentUrl\":\"https:\\\/\\\/miumjau.ee\\\/wp-content\\\/uploads\\\/2022\\\/04\\\/MiuMjau-logo-kollane.png\",\"width\":219,\"height\":100,\"caption\":\"MiuMjau O\u00dc\"},\"image\":{\"@id\":\"https:\\\/\\\/miumjau.ee\\\/#\\\/schema\\\/logo\\\/image\\\/\"},\"sameAs\":[\"https:\\\/\\\/www.facebook.com\\\/miumjaupood\\\/\"]}]}<\/script>\n<!-- \/ Yoast SEO plugin. -->","yoast_head_json":{"title":"Platinum Adult Iberico, kylm\u00e4puristettu koiranruoka sianlihalla 5 kg - MiuMjau","robots":{"index":"index","follow":"follow","max-snippet":"max-snippet:-1","max-image-preview":"max-image-preview:large","max-video-preview":"max-video-preview:-1"},"canonical":"https:\/\/miumjau.ee\/fi\/tuote\/platinum-adult-iberico-kylmapuristettu-koiranruoka-sianlihalla-5-kg\/","og_locale":"fi_FI","og_type":"article","og_title":"Platinum Adult Iberico, kylm\u00e4puristettu koiranruoka sianlihalla 5 kg - MiuMjau","og_description":"Aikuisille koirille tarkoitettu PLATINUM Adult Iberico sopii luonnollisen, terveellisen ja helposti sulavan koostumuksensa ansiosta kaikille koirille rodusta tai i\u00e4st\u00e4 riippumatta. Kylm\u00e4puristettu ruoka miellytt\u00e4\u00e4 koiria vaistonvaraisesti enemm\u00e4n kuin tavallinen kuivaruoka. Se on paljon mehukkaampaa, aromaattista ja todella maukasta. Sopii erinomaisesti my\u00f6s koulutusmakupalaksi. Koostumus: Tuore sianliha (70 %, vain Iberian sian liha), perunat*, kala*, panimohiiva*, omenamassa*, lohi\u00f6ljy** (omega-3), jukauute, pellavansiemen\u00f6ljy** (omega-3), oliivi\u00f6ljy**, viherhuulisimpukan uute, porkkanat*, tomaatit*, keh\u00e4kukka*, voikukka*, parsakaali*, vihre\u00e4 tee*, kamomilla*, oregano*, maarianohdakkeen siemenet*, karpalonsiemenet*, lev\u00e4t*, kaliumkloridi. Analyyttinen koostumus: Raakavalkuainen 23,0 %, raaka\u00f6ljyt ja -rasvat 14,0 %, raakatuha 7,8 %, raakakuitu 2,0 %, kalsium 1,6 %, fosfori 1,0 %, kosteus (luontainen pitoisuus) 19,0 %. Lis\u00e4aineet:Vitamiinit: 3a672a\/vitamiini A 10 000 IU, 3a671\/vitamiini D3 1 600 IU, 3a700i\/vitamiini E 150 mg.Hivenaineet: 3b108\/rauta 75 mg, 3b203\/jodi 3 mg, 3b413\/kupari 19 mg, 3b506\/mangaani 40 mg, 3b607\/sinkki 150 mg, 3b814\/seleeni 0,2 mg. 100 g = 354,8 kcal Ruokintasuositus: PLATINUM Adult Iberico sopii kaikille aikuisille koirille; pennuille sit\u00e4 voidaan tarjota 5 kuukauden i\u00e4st\u00e4 alkaen. PLATINUM kuivaruoka on heti valmis sy\u00f6t\u00e4v\u00e4ksi. Koiran paino (kg) | P\u00e4ivitt\u00e4inen ruokam\u00e4\u00e4r\u00e4 (g)1,0 \u2013 3,0 | 35 \u2013 603,0 \u2013 5,0 | 60 \u2013 905,0 \u2013 7,5 | 90 \u2013 1207,5 \u2013 10,0 | 120 \u2013 16010,0 \u2013 12,5 | 160 \u2013 17512,5 \u2013 15,0 | 175 \u2013 20015,0 \u2013 20,0 | 200 \u2013 26020,0 \u2013 25,0 | 260 \u2013 31525,0 \u2013 30,0 | 315 \u2013 34030,0 \u2013 40,0 | 340 \u2013 44540,0 \u2013 60,0 | 445 \u2013 63060,0 \u2013 80,0 | 630 \u2013 790","og_url":"https:\/\/miumjau.ee\/fi\/tuote\/platinum-adult-iberico-kylmapuristettu-koiranruoka-sianlihalla-5-kg\/","og_site_name":"MiuMjau","article_publisher":"https:\/\/www.facebook.com\/miumjaupood\/","og_image":[{"width":600,"height":800,"url":"https:\/\/miumjau.ee\/wp-content\/uploads\/2025\/06\/platinum-koeratoit-kulmpress3.jpg","type":"image\/jpeg"}],"twitter_card":"summary_large_image","schema":{"@context":"https:\/\/schema.org","@graph":[{"@type":"WebPage","@id":"https:\/\/miumjau.ee\/fi\/tuote\/platinum-adult-iberico-kylmapuristettu-koiranruoka-sianlihalla-5-kg\/","url":"https:\/\/miumjau.ee\/fi\/tuote\/platinum-adult-iberico-kylmapuristettu-koiranruoka-sianlihalla-5-kg\/","name":"Platinum Adult Iberico, kylm\u00e4puristettu koiranruoka sianlihalla 5 kg - MiuMjau","isPartOf":{"@id":"https:\/\/miumjau.ee\/#website"},"primaryImageOfPage":{"@id":"https:\/\/miumjau.ee\/fi\/tuote\/platinum-adult-iberico-kylmapuristettu-koiranruoka-sianlihalla-5-kg\/#primaryimage"},"image":{"@id":"https:\/\/miumjau.ee\/fi\/tuote\/platinum-adult-iberico-kylmapuristettu-koiranruoka-sianlihalla-5-kg\/#primaryimage"},"thumbnailUrl":"https:\/\/miumjau.ee\/wp-content\/uploads\/2025\/06\/platinum-koeratoit-kulmpress3.jpg","datePublished":"2025-06-29T11:32:23+00:00","breadcrumb":{"@id":"https:\/\/miumjau.ee\/fi\/tuote\/platinum-adult-iberico-kylmapuristettu-koiranruoka-sianlihalla-5-kg\/#breadcrumb"},"inLanguage":"fi","potentialAction":[{"@type":"ReadAction","target":["https:\/\/miumjau.ee\/fi\/tuote\/platinum-adult-iberico-kylmapuristettu-koiranruoka-sianlihalla-5-kg\/"]}]},{"@type":"ImageObject","inLanguage":"fi","@id":"https:\/\/miumjau.ee\/fi\/tuote\/platinum-adult-iberico-kylmapuristettu-koiranruoka-sianlihalla-5-kg\/#primaryimage","url":"https:\/\/miumjau.ee\/wp-content\/uploads\/2025\/06\/platinum-koeratoit-kulmpress3.jpg","contentUrl":"https:\/\/miumjau.ee\/wp-content\/uploads\/2025\/06\/platinum-koeratoit-kulmpress3.jpg","width":600,"height":800,"caption":"Platinum Adult Iberico, k\u00fclmpressitud koeratoit sealihaga 5kg"},{"@type":"BreadcrumbList","@id":"https:\/\/miumjau.ee\/fi\/tuote\/platinum-adult-iberico-kylmapuristettu-koiranruoka-sianlihalla-5-kg\/#breadcrumb","itemListElement":[{"@type":"ListItem","position":1,"name":"Home","item":"https:\/\/miumjau.ee\/fi\/"},{"@type":"ListItem","position":2,"name":"Kauppa","item":"https:\/\/miumjau.ee\/fi\/kauppa\/"},{"@type":"ListItem","position":3,"name":"Platinum Adult Iberico, kylm\u00e4puristettu koiranruoka sianlihalla 5 kg"}]},{"@type":"WebSite","@id":"https:\/\/miumjau.ee\/#website","url":"https:\/\/miumjau.ee\/","name":"MiuMjau","description":"Kraapimispuud kassidele","publisher":{"@id":"https:\/\/miumjau.ee\/#organization"},"potentialAction":[{"@type":"SearchAction","target":{"@type":"EntryPoint","urlTemplate":"https:\/\/miumjau.ee\/?s={search_term_string}"},"query-input":{"@type":"PropertyValueSpecification","valueRequired":true,"valueName":"search_term_string"}}],"inLanguage":"fi"},{"@type":"Organization","@id":"https:\/\/miumjau.ee\/#organization","name":"MiuMjau O\u00dc","url":"https:\/\/miumjau.ee\/","logo":{"@type":"ImageObject","inLanguage":"fi","@id":"https:\/\/miumjau.ee\/#\/schema\/logo\/image\/","url":"https:\/\/miumjau.ee\/wp-content\/uploads\/2022\/04\/MiuMjau-logo-kollane.png","contentUrl":"https:\/\/miumjau.ee\/wp-content\/uploads\/2022\/04\/MiuMjau-logo-kollane.png","width":219,"height":100,"caption":"MiuMjau O\u00dc"},"image":{"@id":"https:\/\/miumjau.ee\/#\/schema\/logo\/image\/"},"sameAs":["https:\/\/www.facebook.com\/miumjaupood\/"]}]}},"_links":{"self":[{"href":"https:\/\/miumjau.ee\/fi\/wp-json\/wp\/v2\/product\/54789","targetHints":{"allow":["GET"]}}],"collection":[{"href":"https:\/\/miumjau.ee\/fi\/wp-json\/wp\/v2\/product"}],"about":[{"href":"https:\/\/miumjau.ee\/fi\/wp-json\/wp\/v2\/types\/product"}],"wp:featuredmedia":[{"embeddable":true,"href":"https:\/\/miumjau.ee\/fi\/wp-json\/wp\/v2\/media\/37207"}],"wp:attachment":[{"href":"https:\/\/miumjau.ee\/fi\/wp-json\/wp\/v2\/media?parent=54789"}],"wp:term":[{"taxonomy":"product_brand","embeddable":true,"href":"https:\/\/miumjau.ee\/fi\/wp-json\/wp\/v2\/product_brand?post=54789"},{"taxonomy":"product_cat","embeddable":true,"href":"https:\/\/miumjau.ee\/fi\/wp-json\/wp\/v2\/product_cat?post=54789"},{"taxonomy":"product_tag","embeddable":true,"href":"https:\/\/miumjau.ee\/fi\/wp-json\/wp\/v2\/product_tag?post=54789"}],"curies":[{"name":"wp","href":"https:\/\/api.w.org\/{rel}","templated":true}]}}