{"id":53886,"date":"2026-02-15T12:10:52","date_gmt":"2026-02-15T10:10:52","guid":{"rendered":"https:\/\/miumjau.ee\/?post_type=product&#038;p=53886"},"modified":"2026-02-15T23:25:25","modified_gmt":"2026-02-15T21:25:25","slug":"ibero-natural-viljaton-adult-m-l-lampaanlihalla-12kg-kopeeri","status":"publish","type":"product","link":"https:\/\/miumjau.ee\/fi\/tuote\/ibero-natural-viljaton-adult-m-l-lampaanlihalla-12kg-kopeeri\/","title":{"rendered":"Ibero Natural Viljaton Adult M\/L Lampaanlihalla 2kg"},"content":{"rendered":"","protected":false},"excerpt":{"rendered":"<p data-start=\"2552\" data-end=\"2705\">T\u00e4ysravinto aikuisille koirille kaikista roduista ja kooista, viljaton. Sopii erinomaisesti koirille, joilla on herkk\u00e4 ruoansulatus tai vilja-allergia.<\/p>\n<p data-start=\"2707\" data-end=\"3017\">P\u00e4\u00e4ainesosa on kuivattu lampaanliha, joka tarjoaa laadukasta proteiinia lihasmassan ja elinvoiman tukemiseksi. Bataatin ja kuivattujen perunoiden yhdistelm\u00e4 on helposti sulava energianl\u00e4hde, sopiva herkk\u00e4vatsaisille koirille. Lampaanmaksa ja naudanrasva parantavat makua ja tarjoavat t\u00e4rkeit\u00e4 ravintoaineita.<\/p>\n<p data-start=\"3019\" data-end=\"3385\">Kurpitsa, porkkana ja pellavansiemenet tukevat ruoansulatuksen terveytt\u00e4 ja parantavat turkin laatua. Pellavansiemeniss\u00e4 olevat omega-3-rasvahapot edist\u00e4v\u00e4t ihon terveytt\u00e4 ja turkin luonnollista kiiltoa. Funktionaaliset ainesosat kuten sikuriuute, beetaglukaanit, glukosamiini ja kondroitiinisulfaatti tukevat nivelten terveytt\u00e4 ja vahvistavat immuunij\u00e4rjestelm\u00e4\u00e4.<\/p>\n<p data-start=\"3387\" data-end=\"3569\">Tasapainoinen vitamiinien ja mineraalien sis\u00e4lt\u00f6 \u2013 A-, D3-, E-vitamiinit, B-vitamiinien kompleksi, sinkki, rauta ja seleeni \u2013 tukee koiran pitk\u00e4n aikav\u00e4lin elinvoimaa ja terveytt\u00e4.<\/p>\n<p data-start=\"3571\" data-end=\"3900\"><strong data-start=\"3571\" data-end=\"3585\">Ainesosat:<\/strong> Kuivattu lampaanliha 31 %, bataatti, kuivattu peruna, naudanrasva 14 %, lampaanmaksa 5 %, kuivattu kurpitsa 2 %, kuivattu lampaanmaksa 2 %, kuivattu porkkana 1,2 %, chiasiemenet 0,1 %, pellavansiemenet, sikuriuute, yucca, beetaglukaanit, glukosamiini, kondroitiinisulfaatti, vitamiini- ja kivenn\u00e4isaineiden seos.<\/p>\n<p data-start=\"3902\" data-end=\"4066\"><strong data-start=\"3902\" data-end=\"3925\">Analysoidut aineet:<\/strong> Raakaproteiini 25 %, raakarasva 14 %, raakakuitu 3,2 %, raakatuhka 6,9 %, kalsium 1,1 %, fosfori 0,85 %, natrium 0,15 %, kosteus max 10 %.<\/p>\n<p data-start=\"4068\" data-end=\"4511\"><strong data-start=\"4068\" data-end=\"4095\">Lis\u00e4aineet (kg kohden):<\/strong> A-vitamiini 16 300 IU, D3-vitamiini 1 620 IU, E-vitamiini 160 mg, B1-vitamiini 4,8 mg, B2-vitamiini 8 mg, B6-vitamiini 6,4 mg, B12-vitamiini 0,07 mg, niasiini 40 mg, pantoteenihappo 16 mg, foolihappo 0,64 mg, biotiini 0,4 mg, C-vitamiini 160 mg, jodi 4 mg, seleeni 0,35 mg, rauta 96 mg, kupari 12 mg, sinkki 120 mg, mangaani 12 mg, koliinikloridi 1 728 mg, glukosamiini 400 mg\/kg, kondroitiinisulfaatti 350 mg\/kg.<\/p>\n<p data-start=\"4513\" data-end=\"4540\"><strong data-start=\"4513\" data-end=\"4525\">Energia:<\/strong> 3790 kcal\/kg<\/p>\n<p data-start=\"4542\" data-end=\"4785\"><strong data-start=\"4542\" data-end=\"4593\">Ruokintaohje (24h \/ koiran paino \/ kuivaruoka):<\/strong> 3 kg \u2013 60 g, 5 kg \u2013 80 g, 7 kg \u2013 110 g, 10 kg \u2013 140 g, 15 kg \u2013 180 g, 20 kg \u2013 230 g, 25 kg \u2013 270 g, 30 kg \u2013 320 g, 35 kg \u2013 360 g, 40 kg \u2013 390 g, 45 kg \u2013 440 g, 50 kg \u2013 480 g, 60 kg \u2013 570 g.<\/p>\n<p data-start=\"4787\" data-end=\"5063\"><strong data-start=\"4787\" data-end=\"4802\">K\u00e4ytt\u00f6ohje:<\/strong> Tarjoile kuivana. Sopeutumisen j\u00e4lkeen anna koiralle p\u00e4iv\u00e4annos koiran painon mukaan taulukossa. Suositeltu annos on ohjeellinen \u2014 v\u00e4henn\u00e4 10 % ylipainoiselle, lis\u00e4\u00e4 10 % alipainoiselle. Varmista aina raikas juomavesi. S\u00e4ilyt\u00e4 viile\u00e4ss\u00e4 ja pime\u00e4ss\u00e4 paikassa.<\/p>\n","protected":false},"featured_media":53892,"template":"","meta":[],"product_brand":[],"product_cat":[478,139],"product_tag":[],"class_list":{"0":"post-53886","1":"product","2":"type-product","3":"status-publish","4":"has-post-thumbnail","6":"product_cat-kuivaruoka-koirille","7":"product_cat-kaup24-fi","9":"first","10":"instock","11":"sale","12":"taxable","13":"shipping-taxable","14":"purchasable","15":"product-type-simple"},"yoast_head":"<!-- This site is optimized with the Yoast SEO plugin v27.2 - https:\/\/yoast.com\/product\/yoast-seo-wordpress\/ -->\n<title>Ibero Natural Viljaton Adult M\/L Lampaanlihalla 2kg - MiuMjau<\/title>\n<meta name=\"robots\" content=\"index, follow, max-snippet:-1, max-image-preview:large, max-video-preview:-1\" \/>\n<link rel=\"canonical\" href=\"https:\/\/miumjau.ee\/fi\/tuote\/ibero-natural-viljaton-adult-m-l-lampaanlihalla-12kg-kopeeri\/\" \/>\n<meta property=\"og:locale\" content=\"fi_FI\" \/>\n<meta property=\"og:type\" content=\"article\" \/>\n<meta property=\"og:title\" content=\"Ibero Natural Viljaton Adult M\/L Lampaanlihalla 2kg - MiuMjau\" \/>\n<meta property=\"og:description\" content=\"T\u00e4ysravinto aikuisille koirille kaikista roduista ja kooista, viljaton. Sopii erinomaisesti koirille, joilla on herkk\u00e4 ruoansulatus tai vilja-allergia. P\u00e4\u00e4ainesosa on kuivattu lampaanliha, joka tarjoaa laadukasta proteiinia lihasmassan ja elinvoiman tukemiseksi. Bataatin ja kuivattujen perunoiden yhdistelm\u00e4 on helposti sulava energianl\u00e4hde, sopiva herkk\u00e4vatsaisille koirille. Lampaanmaksa ja naudanrasva parantavat makua ja tarjoavat t\u00e4rkeit\u00e4 ravintoaineita. Kurpitsa, porkkana ja pellavansiemenet tukevat ruoansulatuksen terveytt\u00e4 ja parantavat turkin laatua. Pellavansiemeniss\u00e4 olevat omega-3-rasvahapot edist\u00e4v\u00e4t ihon terveytt\u00e4 ja turkin luonnollista kiiltoa. Funktionaaliset ainesosat kuten sikuriuute, beetaglukaanit, glukosamiini ja kondroitiinisulfaatti tukevat nivelten terveytt\u00e4 ja vahvistavat immuunij\u00e4rjestelm\u00e4\u00e4. Tasapainoinen vitamiinien ja mineraalien sis\u00e4lt\u00f6 \u2013 A-, D3-, E-vitamiinit, B-vitamiinien kompleksi, sinkki, rauta ja seleeni \u2013 tukee koiran pitk\u00e4n aikav\u00e4lin elinvoimaa ja terveytt\u00e4. Ainesosat: Kuivattu lampaanliha 31 %, bataatti, kuivattu peruna, naudanrasva 14 %, lampaanmaksa 5 %, kuivattu kurpitsa 2 %, kuivattu lampaanmaksa 2 %, kuivattu porkkana 1,2 %, chiasiemenet 0,1 %, pellavansiemenet, sikuriuute, yucca, beetaglukaanit, glukosamiini, kondroitiinisulfaatti, vitamiini- ja kivenn\u00e4isaineiden seos. Analysoidut aineet: Raakaproteiini 25 %, raakarasva 14 %, raakakuitu 3,2 %, raakatuhka 6,9 %, kalsium 1,1 %, fosfori 0,85 %, natrium 0,15 %, kosteus max 10 %. Lis\u00e4aineet (kg kohden): A-vitamiini 16 300 IU, D3-vitamiini 1 620 IU, E-vitamiini 160 mg, B1-vitamiini 4,8 mg, B2-vitamiini 8 mg, B6-vitamiini 6,4 mg, B12-vitamiini 0,07 mg, niasiini 40 mg, pantoteenihappo 16 mg, foolihappo 0,64 mg, biotiini 0,4 mg, C-vitamiini 160 mg, jodi 4 mg, seleeni 0,35 mg, rauta 96 mg, kupari 12 mg, sinkki 120 mg, mangaani 12 mg, koliinikloridi 1 728 mg, glukosamiini 400 mg\/kg, kondroitiinisulfaatti 350 mg\/kg. Energia: 3790 kcal\/kg Ruokintaohje (24h \/ koiran paino \/ kuivaruoka): 3 kg \u2013 60 g, 5 kg \u2013 80 g, 7 kg \u2013 110 g, 10 kg \u2013 140 g, 15 kg \u2013 180 g, 20 kg \u2013 230 g, 25 kg \u2013 270 g, 30 kg \u2013 320 g, 35 kg \u2013 360 g, 40 kg \u2013 390 g, 45 kg \u2013 440 g, 50 kg \u2013 480 g, 60 kg \u2013 570 g. K\u00e4ytt\u00f6ohje: Tarjoile kuivana. Sopeutumisen j\u00e4lkeen anna koiralle p\u00e4iv\u00e4annos koiran painon mukaan taulukossa. Suositeltu annos on ohjeellinen \u2014 v\u00e4henn\u00e4 10 % ylipainoiselle, lis\u00e4\u00e4 10 % alipainoiselle. Varmista aina raikas juomavesi. S\u00e4ilyt\u00e4 viile\u00e4ss\u00e4 ja pime\u00e4ss\u00e4 paikassa.\" \/>\n<meta property=\"og:url\" content=\"https:\/\/miumjau.ee\/fi\/tuote\/ibero-natural-viljaton-adult-m-l-lampaanlihalla-12kg-kopeeri\/\" \/>\n<meta property=\"og:site_name\" content=\"MiuMjau\" \/>\n<meta property=\"article:publisher\" content=\"https:\/\/www.facebook.com\/miumjaupood\/\" \/>\n<meta property=\"article:modified_time\" content=\"2026-02-15T21:25:25+00:00\" \/>\n<meta property=\"og:image\" content=\"https:\/\/miumjau.ee\/wp-content\/uploads\/2026\/02\/ibero-grainfree-ml-adult-lamb-2kg.jpg\" \/>\n\t<meta property=\"og:image:width\" content=\"600\" \/>\n\t<meta property=\"og:image:height\" content=\"800\" \/>\n\t<meta property=\"og:image:type\" content=\"image\/jpeg\" \/>\n<meta name=\"twitter:card\" content=\"summary_large_image\" \/>\n<script type=\"application\/ld+json\" class=\"yoast-schema-graph\">{\"@context\":\"https:\/\/schema.org\",\"@graph\":[{\"@type\":\"WebPage\",\"@id\":\"https:\/\/miumjau.ee\/fi\/tuote\/ibero-natural-viljaton-adult-m-l-lampaanlihalla-12kg-kopeeri\/\",\"url\":\"https:\/\/miumjau.ee\/fi\/tuote\/ibero-natural-viljaton-adult-m-l-lampaanlihalla-12kg-kopeeri\/\",\"name\":\"Ibero Natural Viljaton Adult M\/L Lampaanlihalla 2kg - MiuMjau\",\"isPartOf\":{\"@id\":\"https:\/\/miumjau.ee\/#website\"},\"primaryImageOfPage\":{\"@id\":\"https:\/\/miumjau.ee\/fi\/tuote\/ibero-natural-viljaton-adult-m-l-lampaanlihalla-12kg-kopeeri\/#primaryimage\"},\"image\":{\"@id\":\"https:\/\/miumjau.ee\/fi\/tuote\/ibero-natural-viljaton-adult-m-l-lampaanlihalla-12kg-kopeeri\/#primaryimage\"},\"thumbnailUrl\":\"https:\/\/miumjau.ee\/wp-content\/uploads\/2026\/02\/ibero-grainfree-ml-adult-lamb-2kg.jpg\",\"datePublished\":\"2026-02-15T10:10:52+00:00\",\"dateModified\":\"2026-02-15T21:25:25+00:00\",\"breadcrumb\":{\"@id\":\"https:\/\/miumjau.ee\/fi\/tuote\/ibero-natural-viljaton-adult-m-l-lampaanlihalla-12kg-kopeeri\/#breadcrumb\"},\"inLanguage\":\"fi\",\"potentialAction\":[{\"@type\":\"ReadAction\",\"target\":[\"https:\/\/miumjau.ee\/fi\/tuote\/ibero-natural-viljaton-adult-m-l-lampaanlihalla-12kg-kopeeri\/\"]}]},{\"@type\":\"ImageObject\",\"inLanguage\":\"fi\",\"@id\":\"https:\/\/miumjau.ee\/fi\/tuote\/ibero-natural-viljaton-adult-m-l-lampaanlihalla-12kg-kopeeri\/#primaryimage\",\"url\":\"https:\/\/miumjau.ee\/wp-content\/uploads\/2026\/02\/ibero-grainfree-ml-adult-lamb-2kg.jpg\",\"contentUrl\":\"https:\/\/miumjau.ee\/wp-content\/uploads\/2026\/02\/ibero-grainfree-ml-adult-lamb-2kg.jpg\",\"width\":600,\"height\":800,\"caption\":\"Ibero Natural teraviljavaba, Adult M\/L lambaga 2kg\"},{\"@type\":\"BreadcrumbList\",\"@id\":\"https:\/\/miumjau.ee\/fi\/tuote\/ibero-natural-viljaton-adult-m-l-lampaanlihalla-12kg-kopeeri\/#breadcrumb\",\"itemListElement\":[{\"@type\":\"ListItem\",\"position\":1,\"name\":\"Home\",\"item\":\"https:\/\/miumjau.ee\/fi\/\"},{\"@type\":\"ListItem\",\"position\":2,\"name\":\"Kauppa\",\"item\":\"https:\/\/miumjau.ee\/fi\/kauppa\/\"},{\"@type\":\"ListItem\",\"position\":3,\"name\":\"Ibero Natural Viljaton Adult M\/L Lampaanlihalla 2kg\"}]},{\"@type\":\"WebSite\",\"@id\":\"https:\/\/miumjau.ee\/#website\",\"url\":\"https:\/\/miumjau.ee\/\",\"name\":\"MiuMjau\",\"description\":\"Kraapimispuud kassidele\",\"publisher\":{\"@id\":\"https:\/\/miumjau.ee\/#organization\"},\"potentialAction\":[{\"@type\":\"SearchAction\",\"target\":{\"@type\":\"EntryPoint\",\"urlTemplate\":\"https:\/\/miumjau.ee\/?s={search_term_string}\"},\"query-input\":{\"@type\":\"PropertyValueSpecification\",\"valueRequired\":true,\"valueName\":\"search_term_string\"}}],\"inLanguage\":\"fi\"},{\"@type\":\"Organization\",\"@id\":\"https:\/\/miumjau.ee\/#organization\",\"name\":\"MiuMjau O\u00dc\",\"url\":\"https:\/\/miumjau.ee\/\",\"logo\":{\"@type\":\"ImageObject\",\"inLanguage\":\"fi\",\"@id\":\"https:\/\/miumjau.ee\/#\/schema\/logo\/image\/\",\"url\":\"https:\/\/miumjau.ee\/wp-content\/uploads\/2022\/04\/MiuMjau-logo-kollane.png\",\"contentUrl\":\"https:\/\/miumjau.ee\/wp-content\/uploads\/2022\/04\/MiuMjau-logo-kollane.png\",\"width\":219,\"height\":100,\"caption\":\"MiuMjau O\u00dc\"},\"image\":{\"@id\":\"https:\/\/miumjau.ee\/#\/schema\/logo\/image\/\"},\"sameAs\":[\"https:\/\/www.facebook.com\/miumjaupood\/\"]}]}<\/script>\n<!-- \/ Yoast SEO plugin. -->","yoast_head_json":{"title":"Ibero Natural Viljaton Adult M\/L Lampaanlihalla 2kg - MiuMjau","robots":{"index":"index","follow":"follow","max-snippet":"max-snippet:-1","max-image-preview":"max-image-preview:large","max-video-preview":"max-video-preview:-1"},"canonical":"https:\/\/miumjau.ee\/fi\/tuote\/ibero-natural-viljaton-adult-m-l-lampaanlihalla-12kg-kopeeri\/","og_locale":"fi_FI","og_type":"article","og_title":"Ibero Natural Viljaton Adult M\/L Lampaanlihalla 2kg - MiuMjau","og_description":"T\u00e4ysravinto aikuisille koirille kaikista roduista ja kooista, viljaton. Sopii erinomaisesti koirille, joilla on herkk\u00e4 ruoansulatus tai vilja-allergia. P\u00e4\u00e4ainesosa on kuivattu lampaanliha, joka tarjoaa laadukasta proteiinia lihasmassan ja elinvoiman tukemiseksi. Bataatin ja kuivattujen perunoiden yhdistelm\u00e4 on helposti sulava energianl\u00e4hde, sopiva herkk\u00e4vatsaisille koirille. Lampaanmaksa ja naudanrasva parantavat makua ja tarjoavat t\u00e4rkeit\u00e4 ravintoaineita. Kurpitsa, porkkana ja pellavansiemenet tukevat ruoansulatuksen terveytt\u00e4 ja parantavat turkin laatua. Pellavansiemeniss\u00e4 olevat omega-3-rasvahapot edist\u00e4v\u00e4t ihon terveytt\u00e4 ja turkin luonnollista kiiltoa. Funktionaaliset ainesosat kuten sikuriuute, beetaglukaanit, glukosamiini ja kondroitiinisulfaatti tukevat nivelten terveytt\u00e4 ja vahvistavat immuunij\u00e4rjestelm\u00e4\u00e4. Tasapainoinen vitamiinien ja mineraalien sis\u00e4lt\u00f6 \u2013 A-, D3-, E-vitamiinit, B-vitamiinien kompleksi, sinkki, rauta ja seleeni \u2013 tukee koiran pitk\u00e4n aikav\u00e4lin elinvoimaa ja terveytt\u00e4. Ainesosat: Kuivattu lampaanliha 31 %, bataatti, kuivattu peruna, naudanrasva 14 %, lampaanmaksa 5 %, kuivattu kurpitsa 2 %, kuivattu lampaanmaksa 2 %, kuivattu porkkana 1,2 %, chiasiemenet 0,1 %, pellavansiemenet, sikuriuute, yucca, beetaglukaanit, glukosamiini, kondroitiinisulfaatti, vitamiini- ja kivenn\u00e4isaineiden seos. Analysoidut aineet: Raakaproteiini 25 %, raakarasva 14 %, raakakuitu 3,2 %, raakatuhka 6,9 %, kalsium 1,1 %, fosfori 0,85 %, natrium 0,15 %, kosteus max 10 %. Lis\u00e4aineet (kg kohden): A-vitamiini 16 300 IU, D3-vitamiini 1 620 IU, E-vitamiini 160 mg, B1-vitamiini 4,8 mg, B2-vitamiini 8 mg, B6-vitamiini 6,4 mg, B12-vitamiini 0,07 mg, niasiini 40 mg, pantoteenihappo 16 mg, foolihappo 0,64 mg, biotiini 0,4 mg, C-vitamiini 160 mg, jodi 4 mg, seleeni 0,35 mg, rauta 96 mg, kupari 12 mg, sinkki 120 mg, mangaani 12 mg, koliinikloridi 1 728 mg, glukosamiini 400 mg\/kg, kondroitiinisulfaatti 350 mg\/kg. Energia: 3790 kcal\/kg Ruokintaohje (24h \/ koiran paino \/ kuivaruoka): 3 kg \u2013 60 g, 5 kg \u2013 80 g, 7 kg \u2013 110 g, 10 kg \u2013 140 g, 15 kg \u2013 180 g, 20 kg \u2013 230 g, 25 kg \u2013 270 g, 30 kg \u2013 320 g, 35 kg \u2013 360 g, 40 kg \u2013 390 g, 45 kg \u2013 440 g, 50 kg \u2013 480 g, 60 kg \u2013 570 g. K\u00e4ytt\u00f6ohje: Tarjoile kuivana. Sopeutumisen j\u00e4lkeen anna koiralle p\u00e4iv\u00e4annos koiran painon mukaan taulukossa. Suositeltu annos on ohjeellinen \u2014 v\u00e4henn\u00e4 10 % ylipainoiselle, lis\u00e4\u00e4 10 % alipainoiselle. Varmista aina raikas juomavesi. S\u00e4ilyt\u00e4 viile\u00e4ss\u00e4 ja pime\u00e4ss\u00e4 paikassa.","og_url":"https:\/\/miumjau.ee\/fi\/tuote\/ibero-natural-viljaton-adult-m-l-lampaanlihalla-12kg-kopeeri\/","og_site_name":"MiuMjau","article_publisher":"https:\/\/www.facebook.com\/miumjaupood\/","article_modified_time":"2026-02-15T21:25:25+00:00","og_image":[{"width":600,"height":800,"url":"https:\/\/miumjau.ee\/wp-content\/uploads\/2026\/02\/ibero-grainfree-ml-adult-lamb-2kg.jpg","type":"image\/jpeg"}],"twitter_card":"summary_large_image","schema":{"@context":"https:\/\/schema.org","@graph":[{"@type":"WebPage","@id":"https:\/\/miumjau.ee\/fi\/tuote\/ibero-natural-viljaton-adult-m-l-lampaanlihalla-12kg-kopeeri\/","url":"https:\/\/miumjau.ee\/fi\/tuote\/ibero-natural-viljaton-adult-m-l-lampaanlihalla-12kg-kopeeri\/","name":"Ibero Natural Viljaton Adult M\/L Lampaanlihalla 2kg - MiuMjau","isPartOf":{"@id":"https:\/\/miumjau.ee\/#website"},"primaryImageOfPage":{"@id":"https:\/\/miumjau.ee\/fi\/tuote\/ibero-natural-viljaton-adult-m-l-lampaanlihalla-12kg-kopeeri\/#primaryimage"},"image":{"@id":"https:\/\/miumjau.ee\/fi\/tuote\/ibero-natural-viljaton-adult-m-l-lampaanlihalla-12kg-kopeeri\/#primaryimage"},"thumbnailUrl":"https:\/\/miumjau.ee\/wp-content\/uploads\/2026\/02\/ibero-grainfree-ml-adult-lamb-2kg.jpg","datePublished":"2026-02-15T10:10:52+00:00","dateModified":"2026-02-15T21:25:25+00:00","breadcrumb":{"@id":"https:\/\/miumjau.ee\/fi\/tuote\/ibero-natural-viljaton-adult-m-l-lampaanlihalla-12kg-kopeeri\/#breadcrumb"},"inLanguage":"fi","potentialAction":[{"@type":"ReadAction","target":["https:\/\/miumjau.ee\/fi\/tuote\/ibero-natural-viljaton-adult-m-l-lampaanlihalla-12kg-kopeeri\/"]}]},{"@type":"ImageObject","inLanguage":"fi","@id":"https:\/\/miumjau.ee\/fi\/tuote\/ibero-natural-viljaton-adult-m-l-lampaanlihalla-12kg-kopeeri\/#primaryimage","url":"https:\/\/miumjau.ee\/wp-content\/uploads\/2026\/02\/ibero-grainfree-ml-adult-lamb-2kg.jpg","contentUrl":"https:\/\/miumjau.ee\/wp-content\/uploads\/2026\/02\/ibero-grainfree-ml-adult-lamb-2kg.jpg","width":600,"height":800,"caption":"Ibero Natural teraviljavaba, Adult M\/L lambaga 2kg"},{"@type":"BreadcrumbList","@id":"https:\/\/miumjau.ee\/fi\/tuote\/ibero-natural-viljaton-adult-m-l-lampaanlihalla-12kg-kopeeri\/#breadcrumb","itemListElement":[{"@type":"ListItem","position":1,"name":"Home","item":"https:\/\/miumjau.ee\/fi\/"},{"@type":"ListItem","position":2,"name":"Kauppa","item":"https:\/\/miumjau.ee\/fi\/kauppa\/"},{"@type":"ListItem","position":3,"name":"Ibero Natural Viljaton Adult M\/L Lampaanlihalla 2kg"}]},{"@type":"WebSite","@id":"https:\/\/miumjau.ee\/#website","url":"https:\/\/miumjau.ee\/","name":"MiuMjau","description":"Kraapimispuud kassidele","publisher":{"@id":"https:\/\/miumjau.ee\/#organization"},"potentialAction":[{"@type":"SearchAction","target":{"@type":"EntryPoint","urlTemplate":"https:\/\/miumjau.ee\/?s={search_term_string}"},"query-input":{"@type":"PropertyValueSpecification","valueRequired":true,"valueName":"search_term_string"}}],"inLanguage":"fi"},{"@type":"Organization","@id":"https:\/\/miumjau.ee\/#organization","name":"MiuMjau O\u00dc","url":"https:\/\/miumjau.ee\/","logo":{"@type":"ImageObject","inLanguage":"fi","@id":"https:\/\/miumjau.ee\/#\/schema\/logo\/image\/","url":"https:\/\/miumjau.ee\/wp-content\/uploads\/2022\/04\/MiuMjau-logo-kollane.png","contentUrl":"https:\/\/miumjau.ee\/wp-content\/uploads\/2022\/04\/MiuMjau-logo-kollane.png","width":219,"height":100,"caption":"MiuMjau O\u00dc"},"image":{"@id":"https:\/\/miumjau.ee\/#\/schema\/logo\/image\/"},"sameAs":["https:\/\/www.facebook.com\/miumjaupood\/"]}]}},"_links":{"self":[{"href":"https:\/\/miumjau.ee\/fi\/wp-json\/wp\/v2\/product\/53886","targetHints":{"allow":["GET"]}}],"collection":[{"href":"https:\/\/miumjau.ee\/fi\/wp-json\/wp\/v2\/product"}],"about":[{"href":"https:\/\/miumjau.ee\/fi\/wp-json\/wp\/v2\/types\/product"}],"wp:featuredmedia":[{"embeddable":true,"href":"https:\/\/miumjau.ee\/fi\/wp-json\/wp\/v2\/media\/53892"}],"wp:attachment":[{"href":"https:\/\/miumjau.ee\/fi\/wp-json\/wp\/v2\/media?parent=53886"}],"wp:term":[{"taxonomy":"product_brand","embeddable":true,"href":"https:\/\/miumjau.ee\/fi\/wp-json\/wp\/v2\/product_brand?post=53886"},{"taxonomy":"product_cat","embeddable":true,"href":"https:\/\/miumjau.ee\/fi\/wp-json\/wp\/v2\/product_cat?post=53886"},{"taxonomy":"product_tag","embeddable":true,"href":"https:\/\/miumjau.ee\/fi\/wp-json\/wp\/v2\/product_tag?post=53886"}],"curies":[{"name":"wp","href":"https:\/\/api.w.org\/{rel}","templated":true}]}}