{"id":53631,"date":"2026-01-27T09:15:14","date_gmt":"2026-01-27T07:15:14","guid":{"rendered":"https:\/\/miumjau.ee\/toode\/kong-laser-kissoille\/"},"modified":"2026-01-27T09:15:14","modified_gmt":"2026-01-27T07:15:14","slug":"kong-laser-kissoille","status":"publish","type":"product","link":"https:\/\/miumjau.ee\/fi\/tuote\/kong-laser-kissoille\/","title":{"rendered":"Kong-laser kissoille"},"content":{"rendered":"","protected":false},"excerpt":{"rendered":"<p data-start=\"826\" data-end=\"895\">Laserilla leikkiminen stimuloi kissan luonnollisia mets\u00e4stysvaistoja.<\/p>\n<p data-start=\"897\" data-end=\"939\">Yksinkertainen, kevyt ja kest\u00e4v\u00e4 muotoilu.<\/p>\n<p data-start=\"941\" data-end=\"996\">Edist\u00e4\u00e4 aktiivista el\u00e4m\u00e4ntapaa ja yleist\u00e4 hyvinvointia.<\/p>\n<p data-start=\"998\" data-end=\"1312\">KONG Laser Pointer on moderni lelu, joka on suunniteltu erityisesti stimuloimaan kissan mets\u00e4stysvaistoa hauskalla ja turvallisella tavalla. Tehokas lasers\u00e4de saa kissan juoksemaan, hyppim\u00e4\u00e4n ja jahtaamaan liikkuvaa valoa. T\u00e4m\u00e4 pit\u00e4\u00e4 lemmikin fyysisesti aktiivisena ja tarjoaa sille tarvittavaa henkist\u00e4 virikett\u00e4.<\/p>\n<p data-start=\"1314\" data-end=\"1540\">Laserosoitin on eritt\u00e4in helppok\u00e4ytt\u00f6inen, ja sen ergonominen muotoilu tekee siit\u00e4 mukavan pit\u00e4\u00e4 k\u00e4dess\u00e4. Kest\u00e4vien materiaalien ansiosta KONG Laser Pointer kest\u00e4\u00e4 pitk\u00e4\u00e4n ja siet\u00e4\u00e4 my\u00f6s kaikkein intensiivisimpi\u00e4 leikkihetki\u00e4.<\/p>\n","protected":false},"featured_media":53001,"template":"","meta":[],"product_brand":[],"product_cat":[261],"product_tag":[],"class_list":{"0":"post-53631","1":"product","2":"type-product","3":"status-publish","4":"has-post-thumbnail","6":"product_cat-lelut","8":"first","9":"instock","10":"sale","11":"taxable","12":"shipping-taxable","13":"purchasable","14":"product-type-simple"},"yoast_head":"<!-- This site is optimized with the Yoast SEO plugin v27.2 - https:\/\/yoast.com\/product\/yoast-seo-wordpress\/ -->\n<title>Kong-laser kissoille - MiuMjau<\/title>\n<meta name=\"robots\" content=\"index, follow, max-snippet:-1, max-image-preview:large, max-video-preview:-1\" \/>\n<link rel=\"canonical\" href=\"https:\/\/miumjau.ee\/fi\/tuote\/kong-laser-kissoille\/\" \/>\n<meta property=\"og:locale\" content=\"fi_FI\" \/>\n<meta property=\"og:type\" content=\"article\" \/>\n<meta property=\"og:title\" content=\"Kong-laser kissoille - MiuMjau\" \/>\n<meta property=\"og:description\" content=\"Laserilla leikkiminen stimuloi kissan luonnollisia mets\u00e4stysvaistoja. Yksinkertainen, kevyt ja kest\u00e4v\u00e4 muotoilu. Edist\u00e4\u00e4 aktiivista el\u00e4m\u00e4ntapaa ja yleist\u00e4 hyvinvointia. KONG Laser Pointer on moderni lelu, joka on suunniteltu erityisesti stimuloimaan kissan mets\u00e4stysvaistoa hauskalla ja turvallisella tavalla. Tehokas lasers\u00e4de saa kissan juoksemaan, hyppim\u00e4\u00e4n ja jahtaamaan liikkuvaa valoa. T\u00e4m\u00e4 pit\u00e4\u00e4 lemmikin fyysisesti aktiivisena ja tarjoaa sille tarvittavaa henkist\u00e4 virikett\u00e4. Laserosoitin on eritt\u00e4in helppok\u00e4ytt\u00f6inen, ja sen ergonominen muotoilu tekee siit\u00e4 mukavan pit\u00e4\u00e4 k\u00e4dess\u00e4. Kest\u00e4vien materiaalien ansiosta KONG Laser Pointer kest\u00e4\u00e4 pitk\u00e4\u00e4n ja siet\u00e4\u00e4 my\u00f6s kaikkein intensiivisimpi\u00e4 leikkihetki\u00e4.\" \/>\n<meta property=\"og:url\" content=\"https:\/\/miumjau.ee\/fi\/tuote\/kong-laser-kissoille\/\" \/>\n<meta property=\"og:site_name\" content=\"MiuMjau\" \/>\n<meta property=\"article:publisher\" content=\"https:\/\/www.facebook.com\/miumjaupood\/\" \/>\n<meta property=\"og:image\" content=\"https:\/\/miumjau.ee\/wp-content\/uploads\/2026\/01\/kong-laser-kassidele3.jpg\" \/>\n\t<meta property=\"og:image:width\" content=\"600\" \/>\n\t<meta property=\"og:image:height\" content=\"800\" \/>\n\t<meta property=\"og:image:type\" content=\"image\/jpeg\" \/>\n<meta name=\"twitter:card\" content=\"summary_large_image\" \/>\n<script type=\"application\/ld+json\" class=\"yoast-schema-graph\">{\"@context\":\"https:\/\/schema.org\",\"@graph\":[{\"@type\":\"WebPage\",\"@id\":\"https:\/\/miumjau.ee\/fi\/tuote\/kong-laser-kissoille\/\",\"url\":\"https:\/\/miumjau.ee\/fi\/tuote\/kong-laser-kissoille\/\",\"name\":\"Kong-laser kissoille - MiuMjau\",\"isPartOf\":{\"@id\":\"https:\/\/miumjau.ee\/#website\"},\"primaryImageOfPage\":{\"@id\":\"https:\/\/miumjau.ee\/fi\/tuote\/kong-laser-kissoille\/#primaryimage\"},\"image\":{\"@id\":\"https:\/\/miumjau.ee\/fi\/tuote\/kong-laser-kissoille\/#primaryimage\"},\"thumbnailUrl\":\"https:\/\/miumjau.ee\/wp-content\/uploads\/2026\/01\/kong-laser-kassidele3.jpg\",\"datePublished\":\"2026-01-27T07:15:14+00:00\",\"breadcrumb\":{\"@id\":\"https:\/\/miumjau.ee\/fi\/tuote\/kong-laser-kissoille\/#breadcrumb\"},\"inLanguage\":\"fi\",\"potentialAction\":[{\"@type\":\"ReadAction\",\"target\":[\"https:\/\/miumjau.ee\/fi\/tuote\/kong-laser-kissoille\/\"]}]},{\"@type\":\"ImageObject\",\"inLanguage\":\"fi\",\"@id\":\"https:\/\/miumjau.ee\/fi\/tuote\/kong-laser-kissoille\/#primaryimage\",\"url\":\"https:\/\/miumjau.ee\/wp-content\/uploads\/2026\/01\/kong-laser-kassidele3.jpg\",\"contentUrl\":\"https:\/\/miumjau.ee\/wp-content\/uploads\/2026\/01\/kong-laser-kassidele3.jpg\",\"width\":600,\"height\":800,\"caption\":\"Kong laser kassidele\"},{\"@type\":\"BreadcrumbList\",\"@id\":\"https:\/\/miumjau.ee\/fi\/tuote\/kong-laser-kissoille\/#breadcrumb\",\"itemListElement\":[{\"@type\":\"ListItem\",\"position\":1,\"name\":\"Home\",\"item\":\"https:\/\/miumjau.ee\/fi\/\"},{\"@type\":\"ListItem\",\"position\":2,\"name\":\"Kauppa\",\"item\":\"https:\/\/miumjau.ee\/fi\/kauppa\/\"},{\"@type\":\"ListItem\",\"position\":3,\"name\":\"Kong-laser kissoille\"}]},{\"@type\":\"WebSite\",\"@id\":\"https:\/\/miumjau.ee\/#website\",\"url\":\"https:\/\/miumjau.ee\/\",\"name\":\"MiuMjau\",\"description\":\"Kraapimispuud kassidele\",\"publisher\":{\"@id\":\"https:\/\/miumjau.ee\/#organization\"},\"potentialAction\":[{\"@type\":\"SearchAction\",\"target\":{\"@type\":\"EntryPoint\",\"urlTemplate\":\"https:\/\/miumjau.ee\/?s={search_term_string}\"},\"query-input\":{\"@type\":\"PropertyValueSpecification\",\"valueRequired\":true,\"valueName\":\"search_term_string\"}}],\"inLanguage\":\"fi\"},{\"@type\":\"Organization\",\"@id\":\"https:\/\/miumjau.ee\/#organization\",\"name\":\"MiuMjau O\u00dc\",\"url\":\"https:\/\/miumjau.ee\/\",\"logo\":{\"@type\":\"ImageObject\",\"inLanguage\":\"fi\",\"@id\":\"https:\/\/miumjau.ee\/#\/schema\/logo\/image\/\",\"url\":\"https:\/\/miumjau.ee\/wp-content\/uploads\/2022\/04\/MiuMjau-logo-kollane.png\",\"contentUrl\":\"https:\/\/miumjau.ee\/wp-content\/uploads\/2022\/04\/MiuMjau-logo-kollane.png\",\"width\":219,\"height\":100,\"caption\":\"MiuMjau O\u00dc\"},\"image\":{\"@id\":\"https:\/\/miumjau.ee\/#\/schema\/logo\/image\/\"},\"sameAs\":[\"https:\/\/www.facebook.com\/miumjaupood\/\"]}]}<\/script>\n<!-- \/ Yoast SEO plugin. -->","yoast_head_json":{"title":"Kong-laser kissoille - MiuMjau","robots":{"index":"index","follow":"follow","max-snippet":"max-snippet:-1","max-image-preview":"max-image-preview:large","max-video-preview":"max-video-preview:-1"},"canonical":"https:\/\/miumjau.ee\/fi\/tuote\/kong-laser-kissoille\/","og_locale":"fi_FI","og_type":"article","og_title":"Kong-laser kissoille - MiuMjau","og_description":"Laserilla leikkiminen stimuloi kissan luonnollisia mets\u00e4stysvaistoja. Yksinkertainen, kevyt ja kest\u00e4v\u00e4 muotoilu. Edist\u00e4\u00e4 aktiivista el\u00e4m\u00e4ntapaa ja yleist\u00e4 hyvinvointia. KONG Laser Pointer on moderni lelu, joka on suunniteltu erityisesti stimuloimaan kissan mets\u00e4stysvaistoa hauskalla ja turvallisella tavalla. Tehokas lasers\u00e4de saa kissan juoksemaan, hyppim\u00e4\u00e4n ja jahtaamaan liikkuvaa valoa. T\u00e4m\u00e4 pit\u00e4\u00e4 lemmikin fyysisesti aktiivisena ja tarjoaa sille tarvittavaa henkist\u00e4 virikett\u00e4. Laserosoitin on eritt\u00e4in helppok\u00e4ytt\u00f6inen, ja sen ergonominen muotoilu tekee siit\u00e4 mukavan pit\u00e4\u00e4 k\u00e4dess\u00e4. Kest\u00e4vien materiaalien ansiosta KONG Laser Pointer kest\u00e4\u00e4 pitk\u00e4\u00e4n ja siet\u00e4\u00e4 my\u00f6s kaikkein intensiivisimpi\u00e4 leikkihetki\u00e4.","og_url":"https:\/\/miumjau.ee\/fi\/tuote\/kong-laser-kissoille\/","og_site_name":"MiuMjau","article_publisher":"https:\/\/www.facebook.com\/miumjaupood\/","og_image":[{"width":600,"height":800,"url":"https:\/\/miumjau.ee\/wp-content\/uploads\/2026\/01\/kong-laser-kassidele3.jpg","type":"image\/jpeg"}],"twitter_card":"summary_large_image","schema":{"@context":"https:\/\/schema.org","@graph":[{"@type":"WebPage","@id":"https:\/\/miumjau.ee\/fi\/tuote\/kong-laser-kissoille\/","url":"https:\/\/miumjau.ee\/fi\/tuote\/kong-laser-kissoille\/","name":"Kong-laser kissoille - MiuMjau","isPartOf":{"@id":"https:\/\/miumjau.ee\/#website"},"primaryImageOfPage":{"@id":"https:\/\/miumjau.ee\/fi\/tuote\/kong-laser-kissoille\/#primaryimage"},"image":{"@id":"https:\/\/miumjau.ee\/fi\/tuote\/kong-laser-kissoille\/#primaryimage"},"thumbnailUrl":"https:\/\/miumjau.ee\/wp-content\/uploads\/2026\/01\/kong-laser-kassidele3.jpg","datePublished":"2026-01-27T07:15:14+00:00","breadcrumb":{"@id":"https:\/\/miumjau.ee\/fi\/tuote\/kong-laser-kissoille\/#breadcrumb"},"inLanguage":"fi","potentialAction":[{"@type":"ReadAction","target":["https:\/\/miumjau.ee\/fi\/tuote\/kong-laser-kissoille\/"]}]},{"@type":"ImageObject","inLanguage":"fi","@id":"https:\/\/miumjau.ee\/fi\/tuote\/kong-laser-kissoille\/#primaryimage","url":"https:\/\/miumjau.ee\/wp-content\/uploads\/2026\/01\/kong-laser-kassidele3.jpg","contentUrl":"https:\/\/miumjau.ee\/wp-content\/uploads\/2026\/01\/kong-laser-kassidele3.jpg","width":600,"height":800,"caption":"Kong laser kassidele"},{"@type":"BreadcrumbList","@id":"https:\/\/miumjau.ee\/fi\/tuote\/kong-laser-kissoille\/#breadcrumb","itemListElement":[{"@type":"ListItem","position":1,"name":"Home","item":"https:\/\/miumjau.ee\/fi\/"},{"@type":"ListItem","position":2,"name":"Kauppa","item":"https:\/\/miumjau.ee\/fi\/kauppa\/"},{"@type":"ListItem","position":3,"name":"Kong-laser kissoille"}]},{"@type":"WebSite","@id":"https:\/\/miumjau.ee\/#website","url":"https:\/\/miumjau.ee\/","name":"MiuMjau","description":"Kraapimispuud kassidele","publisher":{"@id":"https:\/\/miumjau.ee\/#organization"},"potentialAction":[{"@type":"SearchAction","target":{"@type":"EntryPoint","urlTemplate":"https:\/\/miumjau.ee\/?s={search_term_string}"},"query-input":{"@type":"PropertyValueSpecification","valueRequired":true,"valueName":"search_term_string"}}],"inLanguage":"fi"},{"@type":"Organization","@id":"https:\/\/miumjau.ee\/#organization","name":"MiuMjau O\u00dc","url":"https:\/\/miumjau.ee\/","logo":{"@type":"ImageObject","inLanguage":"fi","@id":"https:\/\/miumjau.ee\/#\/schema\/logo\/image\/","url":"https:\/\/miumjau.ee\/wp-content\/uploads\/2022\/04\/MiuMjau-logo-kollane.png","contentUrl":"https:\/\/miumjau.ee\/wp-content\/uploads\/2022\/04\/MiuMjau-logo-kollane.png","width":219,"height":100,"caption":"MiuMjau O\u00dc"},"image":{"@id":"https:\/\/miumjau.ee\/#\/schema\/logo\/image\/"},"sameAs":["https:\/\/www.facebook.com\/miumjaupood\/"]}]}},"_links":{"self":[{"href":"https:\/\/miumjau.ee\/fi\/wp-json\/wp\/v2\/product\/53631","targetHints":{"allow":["GET"]}}],"collection":[{"href":"https:\/\/miumjau.ee\/fi\/wp-json\/wp\/v2\/product"}],"about":[{"href":"https:\/\/miumjau.ee\/fi\/wp-json\/wp\/v2\/types\/product"}],"wp:featuredmedia":[{"embeddable":true,"href":"https:\/\/miumjau.ee\/fi\/wp-json\/wp\/v2\/media\/53001"}],"wp:attachment":[{"href":"https:\/\/miumjau.ee\/fi\/wp-json\/wp\/v2\/media?parent=53631"}],"wp:term":[{"taxonomy":"product_brand","embeddable":true,"href":"https:\/\/miumjau.ee\/fi\/wp-json\/wp\/v2\/product_brand?post=53631"},{"taxonomy":"product_cat","embeddable":true,"href":"https:\/\/miumjau.ee\/fi\/wp-json\/wp\/v2\/product_cat?post=53631"},{"taxonomy":"product_tag","embeddable":true,"href":"https:\/\/miumjau.ee\/fi\/wp-json\/wp\/v2\/product_tag?post=53631"}],"curies":[{"name":"wp","href":"https:\/\/api.w.org\/{rel}","templated":true}]}}