{"id":53617,"date":"2026-02-03T12:19:23","date_gmt":"2026-02-03T10:19:23","guid":{"rendered":"https:\/\/miumjau.ee\/toode\/nutrolin-senior-omega-oljy-kissoille-150-ml\/"},"modified":"2026-02-03T12:19:23","modified_gmt":"2026-02-03T10:19:23","slug":"nutrolin-senior-omega-oljy-kissoille-150-ml","status":"publish","type":"product","link":"https:\/\/miumjau.ee\/fi\/tuote\/nutrolin-senior-omega-oljy-kissoille-150-ml\/","title":{"rendered":"Nutrolin Senior Omega -\u00f6ljy kissoille, 150 ml"},"content":{"rendered":"","protected":false},"excerpt":{"rendered":"<p data-start=\"1331\" data-end=\"1777\">Nutrolin Senior -\u00f6ljy ik\u00e4\u00e4ntyville kissoille on rasvahapoilla ja antioksidanteilla rikastettu t\u00e4ydennysrehu terveyden tukemiseksi. Parantaa i\u00e4kk\u00e4\u00e4n kissan liikkuvuutta, tukee aivojen ja syd\u00e4men toimintaa, ravitsee ja suojaa ihoa sek\u00e4 parantaa turkin laatua. Sis\u00e4lt\u00e4\u00e4 runsaasti omega-3-rasvahappoja (200 mg\/ml), jotka tukevat niveli\u00e4 ja elint\u00e4rkeit\u00e4 elimi\u00e4. Omega-3-rasvahapot voivat my\u00f6s parantaa ik\u00e4\u00e4ntyvien kissojen kognitiivista suorituskyky\u00e4.<\/p>\n<p data-start=\"1779\" data-end=\"1942\"><strong data-start=\"1779\" data-end=\"1794\">K\u00e4ytt\u00f6ohje:<\/strong><br data-start=\"1794\" data-end=\"1797\" \/>Rasvahappojen ja antioksidanttien seos sopii kissoille 7 vuoden i\u00e4st\u00e4 alkaen. Sekoita kerran p\u00e4iv\u00e4ss\u00e4 ruokaan. Annosteluohje: katso pakkauksesta.<\/p>\n<p data-start=\"1944\" data-end=\"2107\"><strong data-start=\"1944\" data-end=\"1958\">Koostumus:<\/strong> Kala\u00f6ljyseos*, Luonnolliset lis\u00e4aineet: E-vitamiini 2,5 mg\/ml, Tokoferoliuute, Rosmariiniuute. Analyyttiset ainesosat: Omega-3-rasvahapot 200 mg\/ml.<\/p>\n<p data-start=\"2109\" data-end=\"2457\"><strong data-start=\"2109\" data-end=\"2128\">S\u00e4ilytystiedot:<\/strong> Avattuna tuote s\u00e4ilyy k\u00e4ytt\u00f6kelpoisena enint\u00e4\u00e4n 4 kuukautta. S\u00e4ilyt\u00e4 pakkaukset kuivassa ja suojassa suoralta auringonvalolta. Pid\u00e4 avatut pullot aina pystyasennossa. Pulloa ei tarvitse ravistaa. Parhaan s\u00e4ilyvyyden takaamiseksi \u00f6ljy\u00e4 suositellaan s\u00e4ilytett\u00e4v\u00e4ksi j\u00e4\u00e4kaapissa. \u00d6ljyn voi my\u00f6s pakastaa pidemp\u00e4\u00e4 s\u00e4ilytyst\u00e4 varten.<\/p>\n","protected":false},"featured_media":53464,"template":"","meta":[],"product_brand":[],"product_cat":[876],"product_tag":[],"class_list":{"0":"post-53617","1":"product","2":"type-product","3":"status-publish","4":"has-post-thumbnail","6":"product_cat-vitamiinit-ja-lisaravinteet-kissalle","8":"first","9":"instock","10":"sale","11":"taxable","12":"shipping-taxable","13":"purchasable","14":"product-type-simple"},"yoast_head":"<!-- This site is optimized with the Yoast SEO plugin v27.4 - https:\/\/yoast.com\/product\/yoast-seo-wordpress\/ -->\n<title>Nutrolin Senior Omega -\u00f6ljy kissoille, 150 ml - MiuMjau<\/title>\n<meta name=\"robots\" content=\"index, follow, max-snippet:-1, max-image-preview:large, max-video-preview:-1\" \/>\n<link rel=\"canonical\" href=\"https:\/\/miumjau.ee\/fi\/tuote\/nutrolin-senior-omega-oljy-kissoille-150-ml\/\" \/>\n<meta property=\"og:locale\" content=\"fi_FI\" \/>\n<meta property=\"og:type\" content=\"article\" \/>\n<meta property=\"og:title\" content=\"Nutrolin Senior Omega -\u00f6ljy kissoille, 150 ml - MiuMjau\" \/>\n<meta property=\"og:description\" content=\"Nutrolin Senior -\u00f6ljy ik\u00e4\u00e4ntyville kissoille on rasvahapoilla ja antioksidanteilla rikastettu t\u00e4ydennysrehu terveyden tukemiseksi. Parantaa i\u00e4kk\u00e4\u00e4n kissan liikkuvuutta, tukee aivojen ja syd\u00e4men toimintaa, ravitsee ja suojaa ihoa sek\u00e4 parantaa turkin laatua. Sis\u00e4lt\u00e4\u00e4 runsaasti omega-3-rasvahappoja (200 mg\/ml), jotka tukevat niveli\u00e4 ja elint\u00e4rkeit\u00e4 elimi\u00e4. Omega-3-rasvahapot voivat my\u00f6s parantaa ik\u00e4\u00e4ntyvien kissojen kognitiivista suorituskyky\u00e4. K\u00e4ytt\u00f6ohje:Rasvahappojen ja antioksidanttien seos sopii kissoille 7 vuoden i\u00e4st\u00e4 alkaen. Sekoita kerran p\u00e4iv\u00e4ss\u00e4 ruokaan. Annosteluohje: katso pakkauksesta. Koostumus: Kala\u00f6ljyseos*, Luonnolliset lis\u00e4aineet: E-vitamiini 2,5 mg\/ml, Tokoferoliuute, Rosmariiniuute. Analyyttiset ainesosat: Omega-3-rasvahapot 200 mg\/ml. S\u00e4ilytystiedot: Avattuna tuote s\u00e4ilyy k\u00e4ytt\u00f6kelpoisena enint\u00e4\u00e4n 4 kuukautta. S\u00e4ilyt\u00e4 pakkaukset kuivassa ja suojassa suoralta auringonvalolta. Pid\u00e4 avatut pullot aina pystyasennossa. Pulloa ei tarvitse ravistaa. Parhaan s\u00e4ilyvyyden takaamiseksi \u00f6ljy\u00e4 suositellaan s\u00e4ilytett\u00e4v\u00e4ksi j\u00e4\u00e4kaapissa. \u00d6ljyn voi my\u00f6s pakastaa pidemp\u00e4\u00e4 s\u00e4ilytyst\u00e4 varten.\" \/>\n<meta property=\"og:url\" content=\"https:\/\/miumjau.ee\/fi\/tuote\/nutrolin-senior-omega-oljy-kissoille-150-ml\/\" \/>\n<meta property=\"og:site_name\" content=\"MiuMjau\" \/>\n<meta property=\"article:publisher\" content=\"https:\/\/www.facebook.com\/miumjaupood\/\" \/>\n<meta property=\"og:image\" content=\"https:\/\/miumjau.ee\/wp-content\/uploads\/2026\/02\/NutrolinCATSENIOR150ml.jpg\" \/>\n\t<meta property=\"og:image:width\" content=\"600\" \/>\n\t<meta property=\"og:image:height\" content=\"800\" \/>\n\t<meta property=\"og:image:type\" content=\"image\/jpeg\" \/>\n<meta name=\"twitter:card\" content=\"summary_large_image\" \/>\n<script type=\"application\/ld+json\" class=\"yoast-schema-graph\">{\"@context\":\"https:\\\/\\\/schema.org\",\"@graph\":[{\"@type\":\"WebPage\",\"@id\":\"https:\\\/\\\/miumjau.ee\\\/fi\\\/tuote\\\/nutrolin-senior-omega-oljy-kissoille-150-ml\\\/\",\"url\":\"https:\\\/\\\/miumjau.ee\\\/fi\\\/tuote\\\/nutrolin-senior-omega-oljy-kissoille-150-ml\\\/\",\"name\":\"Nutrolin Senior Omega -\u00f6ljy kissoille, 150 ml - MiuMjau\",\"isPartOf\":{\"@id\":\"https:\\\/\\\/miumjau.ee\\\/#website\"},\"primaryImageOfPage\":{\"@id\":\"https:\\\/\\\/miumjau.ee\\\/fi\\\/tuote\\\/nutrolin-senior-omega-oljy-kissoille-150-ml\\\/#primaryimage\"},\"image\":{\"@id\":\"https:\\\/\\\/miumjau.ee\\\/fi\\\/tuote\\\/nutrolin-senior-omega-oljy-kissoille-150-ml\\\/#primaryimage\"},\"thumbnailUrl\":\"https:\\\/\\\/miumjau.ee\\\/wp-content\\\/uploads\\\/2026\\\/02\\\/NutrolinCATSENIOR150ml.jpg\",\"datePublished\":\"2026-02-03T10:19:23+00:00\",\"breadcrumb\":{\"@id\":\"https:\\\/\\\/miumjau.ee\\\/fi\\\/tuote\\\/nutrolin-senior-omega-oljy-kissoille-150-ml\\\/#breadcrumb\"},\"inLanguage\":\"fi\",\"potentialAction\":[{\"@type\":\"ReadAction\",\"target\":[\"https:\\\/\\\/miumjau.ee\\\/fi\\\/tuote\\\/nutrolin-senior-omega-oljy-kissoille-150-ml\\\/\"]}]},{\"@type\":\"ImageObject\",\"inLanguage\":\"fi\",\"@id\":\"https:\\\/\\\/miumjau.ee\\\/fi\\\/tuote\\\/nutrolin-senior-omega-oljy-kissoille-150-ml\\\/#primaryimage\",\"url\":\"https:\\\/\\\/miumjau.ee\\\/wp-content\\\/uploads\\\/2026\\\/02\\\/NutrolinCATSENIOR150ml.jpg\",\"contentUrl\":\"https:\\\/\\\/miumjau.ee\\\/wp-content\\\/uploads\\\/2026\\\/02\\\/NutrolinCATSENIOR150ml.jpg\",\"width\":600,\"height\":800,\"caption\":\"Nutrolin Senior Oomega \u00f5li eakatele kassidele 150ml\"},{\"@type\":\"BreadcrumbList\",\"@id\":\"https:\\\/\\\/miumjau.ee\\\/fi\\\/tuote\\\/nutrolin-senior-omega-oljy-kissoille-150-ml\\\/#breadcrumb\",\"itemListElement\":[{\"@type\":\"ListItem\",\"position\":1,\"name\":\"Home\",\"item\":\"https:\\\/\\\/miumjau.ee\\\/fi\\\/\"},{\"@type\":\"ListItem\",\"position\":2,\"name\":\"Kauppa\",\"item\":\"https:\\\/\\\/miumjau.ee\\\/fi\\\/kauppa\\\/\"},{\"@type\":\"ListItem\",\"position\":3,\"name\":\"Nutrolin Senior Omega -\u00f6ljy kissoille, 150 ml\"}]},{\"@type\":\"WebSite\",\"@id\":\"https:\\\/\\\/miumjau.ee\\\/#website\",\"url\":\"https:\\\/\\\/miumjau.ee\\\/\",\"name\":\"MiuMjau\",\"description\":\"Kraapimispuud kassidele\",\"publisher\":{\"@id\":\"https:\\\/\\\/miumjau.ee\\\/#organization\"},\"potentialAction\":[{\"@type\":\"SearchAction\",\"target\":{\"@type\":\"EntryPoint\",\"urlTemplate\":\"https:\\\/\\\/miumjau.ee\\\/?s={search_term_string}\"},\"query-input\":{\"@type\":\"PropertyValueSpecification\",\"valueRequired\":true,\"valueName\":\"search_term_string\"}}],\"inLanguage\":\"fi\"},{\"@type\":\"Organization\",\"@id\":\"https:\\\/\\\/miumjau.ee\\\/#organization\",\"name\":\"MiuMjau O\u00dc\",\"url\":\"https:\\\/\\\/miumjau.ee\\\/\",\"logo\":{\"@type\":\"ImageObject\",\"inLanguage\":\"fi\",\"@id\":\"https:\\\/\\\/miumjau.ee\\\/#\\\/schema\\\/logo\\\/image\\\/\",\"url\":\"https:\\\/\\\/miumjau.ee\\\/wp-content\\\/uploads\\\/2022\\\/04\\\/MiuMjau-logo-kollane.png\",\"contentUrl\":\"https:\\\/\\\/miumjau.ee\\\/wp-content\\\/uploads\\\/2022\\\/04\\\/MiuMjau-logo-kollane.png\",\"width\":219,\"height\":100,\"caption\":\"MiuMjau O\u00dc\"},\"image\":{\"@id\":\"https:\\\/\\\/miumjau.ee\\\/#\\\/schema\\\/logo\\\/image\\\/\"},\"sameAs\":[\"https:\\\/\\\/www.facebook.com\\\/miumjaupood\\\/\"]}]}<\/script>\n<!-- \/ Yoast SEO plugin. -->","yoast_head_json":{"title":"Nutrolin Senior Omega -\u00f6ljy kissoille, 150 ml - MiuMjau","robots":{"index":"index","follow":"follow","max-snippet":"max-snippet:-1","max-image-preview":"max-image-preview:large","max-video-preview":"max-video-preview:-1"},"canonical":"https:\/\/miumjau.ee\/fi\/tuote\/nutrolin-senior-omega-oljy-kissoille-150-ml\/","og_locale":"fi_FI","og_type":"article","og_title":"Nutrolin Senior Omega -\u00f6ljy kissoille, 150 ml - MiuMjau","og_description":"Nutrolin Senior -\u00f6ljy ik\u00e4\u00e4ntyville kissoille on rasvahapoilla ja antioksidanteilla rikastettu t\u00e4ydennysrehu terveyden tukemiseksi. Parantaa i\u00e4kk\u00e4\u00e4n kissan liikkuvuutta, tukee aivojen ja syd\u00e4men toimintaa, ravitsee ja suojaa ihoa sek\u00e4 parantaa turkin laatua. Sis\u00e4lt\u00e4\u00e4 runsaasti omega-3-rasvahappoja (200 mg\/ml), jotka tukevat niveli\u00e4 ja elint\u00e4rkeit\u00e4 elimi\u00e4. Omega-3-rasvahapot voivat my\u00f6s parantaa ik\u00e4\u00e4ntyvien kissojen kognitiivista suorituskyky\u00e4. K\u00e4ytt\u00f6ohje:Rasvahappojen ja antioksidanttien seos sopii kissoille 7 vuoden i\u00e4st\u00e4 alkaen. Sekoita kerran p\u00e4iv\u00e4ss\u00e4 ruokaan. Annosteluohje: katso pakkauksesta. Koostumus: Kala\u00f6ljyseos*, Luonnolliset lis\u00e4aineet: E-vitamiini 2,5 mg\/ml, Tokoferoliuute, Rosmariiniuute. Analyyttiset ainesosat: Omega-3-rasvahapot 200 mg\/ml. S\u00e4ilytystiedot: Avattuna tuote s\u00e4ilyy k\u00e4ytt\u00f6kelpoisena enint\u00e4\u00e4n 4 kuukautta. S\u00e4ilyt\u00e4 pakkaukset kuivassa ja suojassa suoralta auringonvalolta. Pid\u00e4 avatut pullot aina pystyasennossa. Pulloa ei tarvitse ravistaa. Parhaan s\u00e4ilyvyyden takaamiseksi \u00f6ljy\u00e4 suositellaan s\u00e4ilytett\u00e4v\u00e4ksi j\u00e4\u00e4kaapissa. \u00d6ljyn voi my\u00f6s pakastaa pidemp\u00e4\u00e4 s\u00e4ilytyst\u00e4 varten.","og_url":"https:\/\/miumjau.ee\/fi\/tuote\/nutrolin-senior-omega-oljy-kissoille-150-ml\/","og_site_name":"MiuMjau","article_publisher":"https:\/\/www.facebook.com\/miumjaupood\/","og_image":[{"width":600,"height":800,"url":"https:\/\/miumjau.ee\/wp-content\/uploads\/2026\/02\/NutrolinCATSENIOR150ml.jpg","type":"image\/jpeg"}],"twitter_card":"summary_large_image","schema":{"@context":"https:\/\/schema.org","@graph":[{"@type":"WebPage","@id":"https:\/\/miumjau.ee\/fi\/tuote\/nutrolin-senior-omega-oljy-kissoille-150-ml\/","url":"https:\/\/miumjau.ee\/fi\/tuote\/nutrolin-senior-omega-oljy-kissoille-150-ml\/","name":"Nutrolin Senior Omega -\u00f6ljy kissoille, 150 ml - MiuMjau","isPartOf":{"@id":"https:\/\/miumjau.ee\/#website"},"primaryImageOfPage":{"@id":"https:\/\/miumjau.ee\/fi\/tuote\/nutrolin-senior-omega-oljy-kissoille-150-ml\/#primaryimage"},"image":{"@id":"https:\/\/miumjau.ee\/fi\/tuote\/nutrolin-senior-omega-oljy-kissoille-150-ml\/#primaryimage"},"thumbnailUrl":"https:\/\/miumjau.ee\/wp-content\/uploads\/2026\/02\/NutrolinCATSENIOR150ml.jpg","datePublished":"2026-02-03T10:19:23+00:00","breadcrumb":{"@id":"https:\/\/miumjau.ee\/fi\/tuote\/nutrolin-senior-omega-oljy-kissoille-150-ml\/#breadcrumb"},"inLanguage":"fi","potentialAction":[{"@type":"ReadAction","target":["https:\/\/miumjau.ee\/fi\/tuote\/nutrolin-senior-omega-oljy-kissoille-150-ml\/"]}]},{"@type":"ImageObject","inLanguage":"fi","@id":"https:\/\/miumjau.ee\/fi\/tuote\/nutrolin-senior-omega-oljy-kissoille-150-ml\/#primaryimage","url":"https:\/\/miumjau.ee\/wp-content\/uploads\/2026\/02\/NutrolinCATSENIOR150ml.jpg","contentUrl":"https:\/\/miumjau.ee\/wp-content\/uploads\/2026\/02\/NutrolinCATSENIOR150ml.jpg","width":600,"height":800,"caption":"Nutrolin Senior Oomega \u00f5li eakatele kassidele 150ml"},{"@type":"BreadcrumbList","@id":"https:\/\/miumjau.ee\/fi\/tuote\/nutrolin-senior-omega-oljy-kissoille-150-ml\/#breadcrumb","itemListElement":[{"@type":"ListItem","position":1,"name":"Home","item":"https:\/\/miumjau.ee\/fi\/"},{"@type":"ListItem","position":2,"name":"Kauppa","item":"https:\/\/miumjau.ee\/fi\/kauppa\/"},{"@type":"ListItem","position":3,"name":"Nutrolin Senior Omega -\u00f6ljy kissoille, 150 ml"}]},{"@type":"WebSite","@id":"https:\/\/miumjau.ee\/#website","url":"https:\/\/miumjau.ee\/","name":"MiuMjau","description":"Kraapimispuud kassidele","publisher":{"@id":"https:\/\/miumjau.ee\/#organization"},"potentialAction":[{"@type":"SearchAction","target":{"@type":"EntryPoint","urlTemplate":"https:\/\/miumjau.ee\/?s={search_term_string}"},"query-input":{"@type":"PropertyValueSpecification","valueRequired":true,"valueName":"search_term_string"}}],"inLanguage":"fi"},{"@type":"Organization","@id":"https:\/\/miumjau.ee\/#organization","name":"MiuMjau O\u00dc","url":"https:\/\/miumjau.ee\/","logo":{"@type":"ImageObject","inLanguage":"fi","@id":"https:\/\/miumjau.ee\/#\/schema\/logo\/image\/","url":"https:\/\/miumjau.ee\/wp-content\/uploads\/2022\/04\/MiuMjau-logo-kollane.png","contentUrl":"https:\/\/miumjau.ee\/wp-content\/uploads\/2022\/04\/MiuMjau-logo-kollane.png","width":219,"height":100,"caption":"MiuMjau O\u00dc"},"image":{"@id":"https:\/\/miumjau.ee\/#\/schema\/logo\/image\/"},"sameAs":["https:\/\/www.facebook.com\/miumjaupood\/"]}]}},"_links":{"self":[{"href":"https:\/\/miumjau.ee\/fi\/wp-json\/wp\/v2\/product\/53617","targetHints":{"allow":["GET"]}}],"collection":[{"href":"https:\/\/miumjau.ee\/fi\/wp-json\/wp\/v2\/product"}],"about":[{"href":"https:\/\/miumjau.ee\/fi\/wp-json\/wp\/v2\/types\/product"}],"wp:featuredmedia":[{"embeddable":true,"href":"https:\/\/miumjau.ee\/fi\/wp-json\/wp\/v2\/media\/53464"}],"wp:attachment":[{"href":"https:\/\/miumjau.ee\/fi\/wp-json\/wp\/v2\/media?parent=53617"}],"wp:term":[{"taxonomy":"product_brand","embeddable":true,"href":"https:\/\/miumjau.ee\/fi\/wp-json\/wp\/v2\/product_brand?post=53617"},{"taxonomy":"product_cat","embeddable":true,"href":"https:\/\/miumjau.ee\/fi\/wp-json\/wp\/v2\/product_cat?post=53617"},{"taxonomy":"product_tag","embeddable":true,"href":"https:\/\/miumjau.ee\/fi\/wp-json\/wp\/v2\/product_tag?post=53617"}],"curies":[{"name":"wp","href":"https:\/\/api.w.org\/{rel}","templated":true}]}}