{"id":53612,"date":"2026-02-03T12:33:50","date_gmt":"2026-02-03T10:33:50","guid":{"rendered":"https:\/\/miumjau.ee\/toode\/nutrolin-kitten-adult-oljy-kissoille-150-ml\/"},"modified":"2026-02-03T12:33:50","modified_gmt":"2026-02-03T10:33:50","slug":"nutrolin-kitten-adult-oljy-kissoille-150-ml","status":"publish","type":"product","link":"https:\/\/miumjau.ee\/fi\/tuote\/nutrolin-kitten-adult-oljy-kissoille-150-ml\/","title":{"rendered":"Nutrolin Kitten &#038; Adult -\u00f6ljy kissoille, 150 ml"},"content":{"rendered":"","protected":false},"excerpt":{"rendered":"<p data-start=\"1388\" data-end=\"1712\">Nutrolin Kitten &amp; Adult -\u00f6ljy 150 ml on t\u00e4ydennysrehu kissanpennuille ja t\u00e4ysikasvuisille kissoille. \u00d6ljyn vaikuttavat aineet varmistavat, ett\u00e4 kissa saa kaikki elint\u00e4rke\u00e4t rasvahapot. Ravitsevat ja suojaavat kissan ihoa sek\u00e4 parantavat turkin laatua. Tukee kissanpennun tervett\u00e4 kasvua sek\u00e4 aivojen ja silmien hyvinvointia.<\/p>\n<p data-start=\"1714\" data-end=\"1996\"><strong data-start=\"1714\" data-end=\"1763\">Suositeltu p\u00e4ivitt\u00e4inen annos ja k\u00e4ytt\u00f6ohjeet<\/strong><br data-start=\"1763\" data-end=\"1766\" \/><strong data-start=\"1766\" data-end=\"1777\">K\u00e4ytt\u00f6:<\/strong> Rasvahappojen ja antioksidanttien seos sopii kissanpennuille ja t\u00e4ysikasvuisille kissoille kiinte\u00e4n ruoan sy\u00f6misen aloittamisesta 7 vuoden ik\u00e4\u00e4n asti. Sekoita kerran p\u00e4iv\u00e4ss\u00e4 ruokaan. Annosteluohje: katso pakkauksesta.<\/p>\n<p data-start=\"1998\" data-end=\"2221\"><strong data-start=\"1998\" data-end=\"2012\">Koostumus:<\/strong> Kala\u00f6ljyseos*, Auringonkukka\u00f6ljy, ARA-\u00f6ljy (arakidonihappo), Luonnolliset lis\u00e4aineet: E-vitamiini 2,5 mg\/ml, Tokoferoliuute, Rosmariiniuute, Analyyttiset ainesosat: Omega-3 DHA 100 mg\/ml, Omega-6 ARA 20 mg\/ml<\/p>\n<p data-start=\"2223\" data-end=\"2565\"><strong data-start=\"2223\" data-end=\"2236\">S\u00e4ilytys:<\/strong> Avattuna tuote s\u00e4ilyy k\u00e4ytt\u00f6kelpoisena enint\u00e4\u00e4n 4 kuukautta. S\u00e4ilyt\u00e4 pakkaukset kuivassa ja suojassa suoralta auringonvalolta. Pid\u00e4 avatut pullot aina pystyasennossa. Pulloa ei tarvitse ravistaa. Parhaan s\u00e4ilyvyyden takaamiseksi \u00f6ljy\u00e4 suositellaan s\u00e4ilytett\u00e4v\u00e4ksi j\u00e4\u00e4kaapissa. \u00d6ljyn voi my\u00f6s pakastaa pidemp\u00e4\u00e4 s\u00e4ilytyst\u00e4 varten.<\/p>\n","protected":false},"featured_media":53470,"template":"","meta":[],"product_brand":[],"product_cat":[876],"product_tag":[],"class_list":{"0":"post-53612","1":"product","2":"type-product","3":"status-publish","4":"has-post-thumbnail","6":"product_cat-vitamiinit-ja-lisaravinteet-kissalle","8":"first","9":"instock","10":"sale","11":"taxable","12":"shipping-taxable","13":"purchasable","14":"product-type-simple"},"yoast_head":"<!-- This site is optimized with the Yoast SEO plugin v27.4 - https:\/\/yoast.com\/product\/yoast-seo-wordpress\/ -->\n<title>Nutrolin Kitten &amp; Adult -\u00f6ljy kissoille, 150 ml - MiuMjau<\/title>\n<meta name=\"robots\" content=\"index, follow, max-snippet:-1, max-image-preview:large, max-video-preview:-1\" \/>\n<link rel=\"canonical\" href=\"https:\/\/miumjau.ee\/fi\/tuote\/nutrolin-kitten-adult-oljy-kissoille-150-ml\/\" \/>\n<meta property=\"og:locale\" content=\"fi_FI\" \/>\n<meta property=\"og:type\" content=\"article\" \/>\n<meta property=\"og:title\" content=\"Nutrolin Kitten &amp; Adult -\u00f6ljy kissoille, 150 ml - MiuMjau\" \/>\n<meta property=\"og:description\" content=\"Nutrolin Kitten &amp; Adult -\u00f6ljy 150 ml on t\u00e4ydennysrehu kissanpennuille ja t\u00e4ysikasvuisille kissoille. \u00d6ljyn vaikuttavat aineet varmistavat, ett\u00e4 kissa saa kaikki elint\u00e4rke\u00e4t rasvahapot. Ravitsevat ja suojaavat kissan ihoa sek\u00e4 parantavat turkin laatua. Tukee kissanpennun tervett\u00e4 kasvua sek\u00e4 aivojen ja silmien hyvinvointia. Suositeltu p\u00e4ivitt\u00e4inen annos ja k\u00e4ytt\u00f6ohjeetK\u00e4ytt\u00f6: Rasvahappojen ja antioksidanttien seos sopii kissanpennuille ja t\u00e4ysikasvuisille kissoille kiinte\u00e4n ruoan sy\u00f6misen aloittamisesta 7 vuoden ik\u00e4\u00e4n asti. Sekoita kerran p\u00e4iv\u00e4ss\u00e4 ruokaan. Annosteluohje: katso pakkauksesta. Koostumus: Kala\u00f6ljyseos*, Auringonkukka\u00f6ljy, ARA-\u00f6ljy (arakidonihappo), Luonnolliset lis\u00e4aineet: E-vitamiini 2,5 mg\/ml, Tokoferoliuute, Rosmariiniuute, Analyyttiset ainesosat: Omega-3 DHA 100 mg\/ml, Omega-6 ARA 20 mg\/ml S\u00e4ilytys: Avattuna tuote s\u00e4ilyy k\u00e4ytt\u00f6kelpoisena enint\u00e4\u00e4n 4 kuukautta. S\u00e4ilyt\u00e4 pakkaukset kuivassa ja suojassa suoralta auringonvalolta. Pid\u00e4 avatut pullot aina pystyasennossa. Pulloa ei tarvitse ravistaa. Parhaan s\u00e4ilyvyyden takaamiseksi \u00f6ljy\u00e4 suositellaan s\u00e4ilytett\u00e4v\u00e4ksi j\u00e4\u00e4kaapissa. \u00d6ljyn voi my\u00f6s pakastaa pidemp\u00e4\u00e4 s\u00e4ilytyst\u00e4 varten.\" \/>\n<meta property=\"og:url\" content=\"https:\/\/miumjau.ee\/fi\/tuote\/nutrolin-kitten-adult-oljy-kissoille-150-ml\/\" \/>\n<meta property=\"og:site_name\" content=\"MiuMjau\" \/>\n<meta property=\"article:publisher\" content=\"https:\/\/www.facebook.com\/miumjaupood\/\" \/>\n<meta property=\"og:image\" content=\"https:\/\/miumjau.ee\/wp-content\/uploads\/2026\/02\/NutrolinKITTENADULT150ml.jpg\" \/>\n\t<meta property=\"og:image:width\" content=\"600\" \/>\n\t<meta property=\"og:image:height\" content=\"800\" \/>\n\t<meta property=\"og:image:type\" content=\"image\/jpeg\" \/>\n<meta name=\"twitter:card\" content=\"summary_large_image\" \/>\n<script type=\"application\/ld+json\" class=\"yoast-schema-graph\">{\"@context\":\"https:\\\/\\\/schema.org\",\"@graph\":[{\"@type\":\"WebPage\",\"@id\":\"https:\\\/\\\/miumjau.ee\\\/fi\\\/tuote\\\/nutrolin-kitten-adult-oljy-kissoille-150-ml\\\/\",\"url\":\"https:\\\/\\\/miumjau.ee\\\/fi\\\/tuote\\\/nutrolin-kitten-adult-oljy-kissoille-150-ml\\\/\",\"name\":\"Nutrolin Kitten & Adult -\u00f6ljy kissoille, 150 ml - MiuMjau\",\"isPartOf\":{\"@id\":\"https:\\\/\\\/miumjau.ee\\\/#website\"},\"primaryImageOfPage\":{\"@id\":\"https:\\\/\\\/miumjau.ee\\\/fi\\\/tuote\\\/nutrolin-kitten-adult-oljy-kissoille-150-ml\\\/#primaryimage\"},\"image\":{\"@id\":\"https:\\\/\\\/miumjau.ee\\\/fi\\\/tuote\\\/nutrolin-kitten-adult-oljy-kissoille-150-ml\\\/#primaryimage\"},\"thumbnailUrl\":\"https:\\\/\\\/miumjau.ee\\\/wp-content\\\/uploads\\\/2026\\\/02\\\/NutrolinKITTENADULT150ml.jpg\",\"datePublished\":\"2026-02-03T10:33:50+00:00\",\"breadcrumb\":{\"@id\":\"https:\\\/\\\/miumjau.ee\\\/fi\\\/tuote\\\/nutrolin-kitten-adult-oljy-kissoille-150-ml\\\/#breadcrumb\"},\"inLanguage\":\"fi\",\"potentialAction\":[{\"@type\":\"ReadAction\",\"target\":[\"https:\\\/\\\/miumjau.ee\\\/fi\\\/tuote\\\/nutrolin-kitten-adult-oljy-kissoille-150-ml\\\/\"]}]},{\"@type\":\"ImageObject\",\"inLanguage\":\"fi\",\"@id\":\"https:\\\/\\\/miumjau.ee\\\/fi\\\/tuote\\\/nutrolin-kitten-adult-oljy-kissoille-150-ml\\\/#primaryimage\",\"url\":\"https:\\\/\\\/miumjau.ee\\\/wp-content\\\/uploads\\\/2026\\\/02\\\/NutrolinKITTENADULT150ml.jpg\",\"contentUrl\":\"https:\\\/\\\/miumjau.ee\\\/wp-content\\\/uploads\\\/2026\\\/02\\\/NutrolinKITTENADULT150ml.jpg\",\"width\":600,\"height\":800,\"caption\":\"Nutrolin Kitten & Adult \u00f5li kassidele, 150ml\"},{\"@type\":\"BreadcrumbList\",\"@id\":\"https:\\\/\\\/miumjau.ee\\\/fi\\\/tuote\\\/nutrolin-kitten-adult-oljy-kissoille-150-ml\\\/#breadcrumb\",\"itemListElement\":[{\"@type\":\"ListItem\",\"position\":1,\"name\":\"Home\",\"item\":\"https:\\\/\\\/miumjau.ee\\\/fi\\\/\"},{\"@type\":\"ListItem\",\"position\":2,\"name\":\"Kauppa\",\"item\":\"https:\\\/\\\/miumjau.ee\\\/fi\\\/kauppa\\\/\"},{\"@type\":\"ListItem\",\"position\":3,\"name\":\"Nutrolin Kitten &#038; Adult -\u00f6ljy kissoille, 150 ml\"}]},{\"@type\":\"WebSite\",\"@id\":\"https:\\\/\\\/miumjau.ee\\\/#website\",\"url\":\"https:\\\/\\\/miumjau.ee\\\/\",\"name\":\"MiuMjau\",\"description\":\"Kraapimispuud kassidele\",\"publisher\":{\"@id\":\"https:\\\/\\\/miumjau.ee\\\/#organization\"},\"potentialAction\":[{\"@type\":\"SearchAction\",\"target\":{\"@type\":\"EntryPoint\",\"urlTemplate\":\"https:\\\/\\\/miumjau.ee\\\/?s={search_term_string}\"},\"query-input\":{\"@type\":\"PropertyValueSpecification\",\"valueRequired\":true,\"valueName\":\"search_term_string\"}}],\"inLanguage\":\"fi\"},{\"@type\":\"Organization\",\"@id\":\"https:\\\/\\\/miumjau.ee\\\/#organization\",\"name\":\"MiuMjau O\u00dc\",\"url\":\"https:\\\/\\\/miumjau.ee\\\/\",\"logo\":{\"@type\":\"ImageObject\",\"inLanguage\":\"fi\",\"@id\":\"https:\\\/\\\/miumjau.ee\\\/#\\\/schema\\\/logo\\\/image\\\/\",\"url\":\"https:\\\/\\\/miumjau.ee\\\/wp-content\\\/uploads\\\/2022\\\/04\\\/MiuMjau-logo-kollane.png\",\"contentUrl\":\"https:\\\/\\\/miumjau.ee\\\/wp-content\\\/uploads\\\/2022\\\/04\\\/MiuMjau-logo-kollane.png\",\"width\":219,\"height\":100,\"caption\":\"MiuMjau O\u00dc\"},\"image\":{\"@id\":\"https:\\\/\\\/miumjau.ee\\\/#\\\/schema\\\/logo\\\/image\\\/\"},\"sameAs\":[\"https:\\\/\\\/www.facebook.com\\\/miumjaupood\\\/\"]}]}<\/script>\n<!-- \/ Yoast SEO plugin. -->","yoast_head_json":{"title":"Nutrolin Kitten & Adult -\u00f6ljy kissoille, 150 ml - MiuMjau","robots":{"index":"index","follow":"follow","max-snippet":"max-snippet:-1","max-image-preview":"max-image-preview:large","max-video-preview":"max-video-preview:-1"},"canonical":"https:\/\/miumjau.ee\/fi\/tuote\/nutrolin-kitten-adult-oljy-kissoille-150-ml\/","og_locale":"fi_FI","og_type":"article","og_title":"Nutrolin Kitten & Adult -\u00f6ljy kissoille, 150 ml - MiuMjau","og_description":"Nutrolin Kitten &amp; Adult -\u00f6ljy 150 ml on t\u00e4ydennysrehu kissanpennuille ja t\u00e4ysikasvuisille kissoille. \u00d6ljyn vaikuttavat aineet varmistavat, ett\u00e4 kissa saa kaikki elint\u00e4rke\u00e4t rasvahapot. Ravitsevat ja suojaavat kissan ihoa sek\u00e4 parantavat turkin laatua. Tukee kissanpennun tervett\u00e4 kasvua sek\u00e4 aivojen ja silmien hyvinvointia. Suositeltu p\u00e4ivitt\u00e4inen annos ja k\u00e4ytt\u00f6ohjeetK\u00e4ytt\u00f6: Rasvahappojen ja antioksidanttien seos sopii kissanpennuille ja t\u00e4ysikasvuisille kissoille kiinte\u00e4n ruoan sy\u00f6misen aloittamisesta 7 vuoden ik\u00e4\u00e4n asti. Sekoita kerran p\u00e4iv\u00e4ss\u00e4 ruokaan. Annosteluohje: katso pakkauksesta. Koostumus: Kala\u00f6ljyseos*, Auringonkukka\u00f6ljy, ARA-\u00f6ljy (arakidonihappo), Luonnolliset lis\u00e4aineet: E-vitamiini 2,5 mg\/ml, Tokoferoliuute, Rosmariiniuute, Analyyttiset ainesosat: Omega-3 DHA 100 mg\/ml, Omega-6 ARA 20 mg\/ml S\u00e4ilytys: Avattuna tuote s\u00e4ilyy k\u00e4ytt\u00f6kelpoisena enint\u00e4\u00e4n 4 kuukautta. S\u00e4ilyt\u00e4 pakkaukset kuivassa ja suojassa suoralta auringonvalolta. Pid\u00e4 avatut pullot aina pystyasennossa. Pulloa ei tarvitse ravistaa. Parhaan s\u00e4ilyvyyden takaamiseksi \u00f6ljy\u00e4 suositellaan s\u00e4ilytett\u00e4v\u00e4ksi j\u00e4\u00e4kaapissa. \u00d6ljyn voi my\u00f6s pakastaa pidemp\u00e4\u00e4 s\u00e4ilytyst\u00e4 varten.","og_url":"https:\/\/miumjau.ee\/fi\/tuote\/nutrolin-kitten-adult-oljy-kissoille-150-ml\/","og_site_name":"MiuMjau","article_publisher":"https:\/\/www.facebook.com\/miumjaupood\/","og_image":[{"width":600,"height":800,"url":"https:\/\/miumjau.ee\/wp-content\/uploads\/2026\/02\/NutrolinKITTENADULT150ml.jpg","type":"image\/jpeg"}],"twitter_card":"summary_large_image","schema":{"@context":"https:\/\/schema.org","@graph":[{"@type":"WebPage","@id":"https:\/\/miumjau.ee\/fi\/tuote\/nutrolin-kitten-adult-oljy-kissoille-150-ml\/","url":"https:\/\/miumjau.ee\/fi\/tuote\/nutrolin-kitten-adult-oljy-kissoille-150-ml\/","name":"Nutrolin Kitten & Adult -\u00f6ljy kissoille, 150 ml - MiuMjau","isPartOf":{"@id":"https:\/\/miumjau.ee\/#website"},"primaryImageOfPage":{"@id":"https:\/\/miumjau.ee\/fi\/tuote\/nutrolin-kitten-adult-oljy-kissoille-150-ml\/#primaryimage"},"image":{"@id":"https:\/\/miumjau.ee\/fi\/tuote\/nutrolin-kitten-adult-oljy-kissoille-150-ml\/#primaryimage"},"thumbnailUrl":"https:\/\/miumjau.ee\/wp-content\/uploads\/2026\/02\/NutrolinKITTENADULT150ml.jpg","datePublished":"2026-02-03T10:33:50+00:00","breadcrumb":{"@id":"https:\/\/miumjau.ee\/fi\/tuote\/nutrolin-kitten-adult-oljy-kissoille-150-ml\/#breadcrumb"},"inLanguage":"fi","potentialAction":[{"@type":"ReadAction","target":["https:\/\/miumjau.ee\/fi\/tuote\/nutrolin-kitten-adult-oljy-kissoille-150-ml\/"]}]},{"@type":"ImageObject","inLanguage":"fi","@id":"https:\/\/miumjau.ee\/fi\/tuote\/nutrolin-kitten-adult-oljy-kissoille-150-ml\/#primaryimage","url":"https:\/\/miumjau.ee\/wp-content\/uploads\/2026\/02\/NutrolinKITTENADULT150ml.jpg","contentUrl":"https:\/\/miumjau.ee\/wp-content\/uploads\/2026\/02\/NutrolinKITTENADULT150ml.jpg","width":600,"height":800,"caption":"Nutrolin Kitten & Adult \u00f5li kassidele, 150ml"},{"@type":"BreadcrumbList","@id":"https:\/\/miumjau.ee\/fi\/tuote\/nutrolin-kitten-adult-oljy-kissoille-150-ml\/#breadcrumb","itemListElement":[{"@type":"ListItem","position":1,"name":"Home","item":"https:\/\/miumjau.ee\/fi\/"},{"@type":"ListItem","position":2,"name":"Kauppa","item":"https:\/\/miumjau.ee\/fi\/kauppa\/"},{"@type":"ListItem","position":3,"name":"Nutrolin Kitten &#038; Adult -\u00f6ljy kissoille, 150 ml"}]},{"@type":"WebSite","@id":"https:\/\/miumjau.ee\/#website","url":"https:\/\/miumjau.ee\/","name":"MiuMjau","description":"Kraapimispuud kassidele","publisher":{"@id":"https:\/\/miumjau.ee\/#organization"},"potentialAction":[{"@type":"SearchAction","target":{"@type":"EntryPoint","urlTemplate":"https:\/\/miumjau.ee\/?s={search_term_string}"},"query-input":{"@type":"PropertyValueSpecification","valueRequired":true,"valueName":"search_term_string"}}],"inLanguage":"fi"},{"@type":"Organization","@id":"https:\/\/miumjau.ee\/#organization","name":"MiuMjau O\u00dc","url":"https:\/\/miumjau.ee\/","logo":{"@type":"ImageObject","inLanguage":"fi","@id":"https:\/\/miumjau.ee\/#\/schema\/logo\/image\/","url":"https:\/\/miumjau.ee\/wp-content\/uploads\/2022\/04\/MiuMjau-logo-kollane.png","contentUrl":"https:\/\/miumjau.ee\/wp-content\/uploads\/2022\/04\/MiuMjau-logo-kollane.png","width":219,"height":100,"caption":"MiuMjau O\u00dc"},"image":{"@id":"https:\/\/miumjau.ee\/#\/schema\/logo\/image\/"},"sameAs":["https:\/\/www.facebook.com\/miumjaupood\/"]}]}},"_links":{"self":[{"href":"https:\/\/miumjau.ee\/fi\/wp-json\/wp\/v2\/product\/53612","targetHints":{"allow":["GET"]}}],"collection":[{"href":"https:\/\/miumjau.ee\/fi\/wp-json\/wp\/v2\/product"}],"about":[{"href":"https:\/\/miumjau.ee\/fi\/wp-json\/wp\/v2\/types\/product"}],"wp:featuredmedia":[{"embeddable":true,"href":"https:\/\/miumjau.ee\/fi\/wp-json\/wp\/v2\/media\/53470"}],"wp:attachment":[{"href":"https:\/\/miumjau.ee\/fi\/wp-json\/wp\/v2\/media?parent=53612"}],"wp:term":[{"taxonomy":"product_brand","embeddable":true,"href":"https:\/\/miumjau.ee\/fi\/wp-json\/wp\/v2\/product_brand?post=53612"},{"taxonomy":"product_cat","embeddable":true,"href":"https:\/\/miumjau.ee\/fi\/wp-json\/wp\/v2\/product_cat?post=53612"},{"taxonomy":"product_tag","embeddable":true,"href":"https:\/\/miumjau.ee\/fi\/wp-json\/wp\/v2\/product_tag?post=53612"}],"curies":[{"name":"wp","href":"https:\/\/api.w.org\/{rel}","templated":true}]}}