{"id":53607,"date":"2026-02-03T12:36:55","date_gmt":"2026-02-03T10:36:55","guid":{"rendered":"https:\/\/miumjau.ee\/toode\/nutrolin-teeth-gums-ravintolisa-kissoille-ja-koirille-200-g\/"},"modified":"2026-02-03T12:36:55","modified_gmt":"2026-02-03T10:36:55","slug":"nutrolin-teeth-gums-ravintolisa-kissoille-ja-koirille-200-g","status":"publish","type":"product","link":"https:\/\/miumjau.ee\/fi\/tuote\/nutrolin-teeth-gums-ravintolisa-kissoille-ja-koirille-200-g\/","title":{"rendered":"Nutrolin Teeth &#038; Gums -ravintolis\u00e4 kissoille ja koirille 200 g"},"content":{"rendered":"","protected":false},"excerpt":{"rendered":"<p data-start=\"1315\" data-end=\"1774\">Nutrolin Teeth &amp; Gums on t\u00e4ydennysrehu koirille. Ravintotahna, joka parantaa ja tukee suuhygieniaa. Omega-3-rasvahapot suojaavat ikeni\u00e4, kun taas merilev\u00e4 (Ascophyllum nodosum) auttaa v\u00e4hent\u00e4m\u00e4\u00e4n hammaskive\u00e4 ja plakkia. Kaksinkertainen vaikutus, joka yhdist\u00e4\u00e4 omega-3:n ja merilev\u00e4n luonnolliset ominaisuudet maksimaalisen tehon saavuttamiseksi. Maukas ja helposti annosteltava tahna (oleogeeli) k\u00e4tev\u00e4ss\u00e4 pakkauksessa. Stabiloitu koostumus, ei sis\u00e4ll\u00e4 vett\u00e4.<\/p>\n<p data-start=\"1776\" data-end=\"1934\">20 kg painavan el\u00e4imen p\u00e4ivitt\u00e4inen annos sis\u00e4lt\u00e4\u00e4: 1000 mg omega-3 EPA:ta ja DHA:ta, 700 mg merilev\u00e4\u00e4 (Ascophyllum nodosum), 50 mg luonnollista E-vitamiinia.<\/p>\n<p data-start=\"1936\" data-end=\"1973\"><strong data-start=\"1936\" data-end=\"1947\">K\u00e4ytt\u00f6:<\/strong> Sopii jatkuvaan k\u00e4ytt\u00f6\u00f6n.<\/p>\n<p data-start=\"1975\" data-end=\"2432\"><strong data-start=\"1975\" data-end=\"1989\">Koostumus:<\/strong> Kala\u00f6ljy*, Merilev\u00e4 (Ascophyllum nodosum), Katkaravut (Euphausia superba), Runsaat ravintoaineiden l\u00e4hteet: Omega-3-rasvahapot, Jodi,<br data-start=\"2123\" data-end=\"2126\" \/>Omega-3-fosfolipidit, Luonnolliset lis\u00e4aineet: E-vitamiini (3a700), Tokoferoliuute (1b306), Rosmariiniuute (2b).<br data-start=\"2238\" data-end=\"2241\" \/><strong data-start=\"2241\" data-end=\"2268\">Analyyttiset ainesosat:<\/strong> Raakarasvat 79%, Raakavalkuainen 2,5%, Kuitu 1%, Raakatuhka 9%<br data-start=\"2331\" data-end=\"2334\" \/><strong data-start=\"2334\" data-end=\"2358\">Yksi annos sis\u00e4lt\u00e4\u00e4:<\/strong> Omega-3-rasvahappoja \u2013 1000 mg, Merilev\u00e4\u00e4 \u2013 700 mg, E-vitamiinia \u2013 50 mg.<\/p>\n","protected":false},"featured_media":53482,"template":"","meta":[],"product_brand":[],"product_cat":[869,876],"product_tag":[],"class_list":{"0":"post-53607","1":"product","2":"type-product","3":"status-publish","4":"has-post-thumbnail","6":"product_cat-ravintolisat-koirille","7":"product_cat-vitamiinit-ja-lisaravinteet-kissalle","9":"first","10":"instock","11":"sale","12":"taxable","13":"shipping-taxable","14":"purchasable","15":"product-type-simple"},"yoast_head":"<!-- This site is optimized with the Yoast SEO plugin v27.4 - https:\/\/yoast.com\/product\/yoast-seo-wordpress\/ -->\n<title>Nutrolin Teeth &amp; Gums -ravintolis\u00e4 kissoille ja koirille 200 g - MiuMjau<\/title>\n<meta name=\"robots\" content=\"index, follow, max-snippet:-1, max-image-preview:large, max-video-preview:-1\" \/>\n<link rel=\"canonical\" href=\"https:\/\/miumjau.ee\/fi\/tuote\/nutrolin-teeth-gums-ravintolisa-kissoille-ja-koirille-200-g\/\" \/>\n<meta property=\"og:locale\" content=\"fi_FI\" \/>\n<meta property=\"og:type\" content=\"article\" \/>\n<meta property=\"og:title\" content=\"Nutrolin Teeth &amp; Gums -ravintolis\u00e4 kissoille ja koirille 200 g - MiuMjau\" \/>\n<meta property=\"og:description\" content=\"Nutrolin Teeth &amp; Gums on t\u00e4ydennysrehu koirille. Ravintotahna, joka parantaa ja tukee suuhygieniaa. Omega-3-rasvahapot suojaavat ikeni\u00e4, kun taas merilev\u00e4 (Ascophyllum nodosum) auttaa v\u00e4hent\u00e4m\u00e4\u00e4n hammaskive\u00e4 ja plakkia. Kaksinkertainen vaikutus, joka yhdist\u00e4\u00e4 omega-3:n ja merilev\u00e4n luonnolliset ominaisuudet maksimaalisen tehon saavuttamiseksi. Maukas ja helposti annosteltava tahna (oleogeeli) k\u00e4tev\u00e4ss\u00e4 pakkauksessa. Stabiloitu koostumus, ei sis\u00e4ll\u00e4 vett\u00e4. 20 kg painavan el\u00e4imen p\u00e4ivitt\u00e4inen annos sis\u00e4lt\u00e4\u00e4: 1000 mg omega-3 EPA:ta ja DHA:ta, 700 mg merilev\u00e4\u00e4 (Ascophyllum nodosum), 50 mg luonnollista E-vitamiinia. K\u00e4ytt\u00f6: Sopii jatkuvaan k\u00e4ytt\u00f6\u00f6n. Koostumus: Kala\u00f6ljy*, Merilev\u00e4 (Ascophyllum nodosum), Katkaravut (Euphausia superba), Runsaat ravintoaineiden l\u00e4hteet: Omega-3-rasvahapot, Jodi,Omega-3-fosfolipidit, Luonnolliset lis\u00e4aineet: E-vitamiini (3a700), Tokoferoliuute (1b306), Rosmariiniuute (2b).Analyyttiset ainesosat: Raakarasvat 79%, Raakavalkuainen 2,5%, Kuitu 1%, Raakatuhka 9%Yksi annos sis\u00e4lt\u00e4\u00e4: Omega-3-rasvahappoja \u2013 1000 mg, Merilev\u00e4\u00e4 \u2013 700 mg, E-vitamiinia \u2013 50 mg.\" \/>\n<meta property=\"og:url\" content=\"https:\/\/miumjau.ee\/fi\/tuote\/nutrolin-teeth-gums-ravintolisa-kissoille-ja-koirille-200-g\/\" \/>\n<meta property=\"og:site_name\" content=\"MiuMjau\" \/>\n<meta property=\"article:publisher\" content=\"https:\/\/www.facebook.com\/miumjaupood\/\" \/>\n<meta property=\"og:image\" content=\"https:\/\/miumjau.ee\/wp-content\/uploads\/2026\/02\/NutrolinTEETHGUMSpastewhitebg.jpg\" \/>\n\t<meta property=\"og:image:width\" content=\"600\" \/>\n\t<meta property=\"og:image:height\" content=\"800\" \/>\n\t<meta property=\"og:image:type\" content=\"image\/jpeg\" \/>\n<meta name=\"twitter:card\" content=\"summary_large_image\" \/>\n<script type=\"application\/ld+json\" class=\"yoast-schema-graph\">{\"@context\":\"https:\\\/\\\/schema.org\",\"@graph\":[{\"@type\":\"WebPage\",\"@id\":\"https:\\\/\\\/miumjau.ee\\\/fi\\\/tuote\\\/nutrolin-teeth-gums-ravintolisa-kissoille-ja-koirille-200-g\\\/\",\"url\":\"https:\\\/\\\/miumjau.ee\\\/fi\\\/tuote\\\/nutrolin-teeth-gums-ravintolisa-kissoille-ja-koirille-200-g\\\/\",\"name\":\"Nutrolin Teeth & Gums -ravintolis\u00e4 kissoille ja koirille 200 g - MiuMjau\",\"isPartOf\":{\"@id\":\"https:\\\/\\\/miumjau.ee\\\/#website\"},\"primaryImageOfPage\":{\"@id\":\"https:\\\/\\\/miumjau.ee\\\/fi\\\/tuote\\\/nutrolin-teeth-gums-ravintolisa-kissoille-ja-koirille-200-g\\\/#primaryimage\"},\"image\":{\"@id\":\"https:\\\/\\\/miumjau.ee\\\/fi\\\/tuote\\\/nutrolin-teeth-gums-ravintolisa-kissoille-ja-koirille-200-g\\\/#primaryimage\"},\"thumbnailUrl\":\"https:\\\/\\\/miumjau.ee\\\/wp-content\\\/uploads\\\/2026\\\/02\\\/NutrolinTEETHGUMSpastewhitebg.jpg\",\"datePublished\":\"2026-02-03T10:36:55+00:00\",\"breadcrumb\":{\"@id\":\"https:\\\/\\\/miumjau.ee\\\/fi\\\/tuote\\\/nutrolin-teeth-gums-ravintolisa-kissoille-ja-koirille-200-g\\\/#breadcrumb\"},\"inLanguage\":\"fi\",\"potentialAction\":[{\"@type\":\"ReadAction\",\"target\":[\"https:\\\/\\\/miumjau.ee\\\/fi\\\/tuote\\\/nutrolin-teeth-gums-ravintolisa-kissoille-ja-koirille-200-g\\\/\"]}]},{\"@type\":\"ImageObject\",\"inLanguage\":\"fi\",\"@id\":\"https:\\\/\\\/miumjau.ee\\\/fi\\\/tuote\\\/nutrolin-teeth-gums-ravintolisa-kissoille-ja-koirille-200-g\\\/#primaryimage\",\"url\":\"https:\\\/\\\/miumjau.ee\\\/wp-content\\\/uploads\\\/2026\\\/02\\\/NutrolinTEETHGUMSpastewhitebg.jpg\",\"contentUrl\":\"https:\\\/\\\/miumjau.ee\\\/wp-content\\\/uploads\\\/2026\\\/02\\\/NutrolinTEETHGUMSpastewhitebg.jpg\",\"width\":600,\"height\":800,\"caption\":\"Nutrolin Teeth & Gums toidulisand kassidele ja koertele 200g\"},{\"@type\":\"BreadcrumbList\",\"@id\":\"https:\\\/\\\/miumjau.ee\\\/fi\\\/tuote\\\/nutrolin-teeth-gums-ravintolisa-kissoille-ja-koirille-200-g\\\/#breadcrumb\",\"itemListElement\":[{\"@type\":\"ListItem\",\"position\":1,\"name\":\"Home\",\"item\":\"https:\\\/\\\/miumjau.ee\\\/fi\\\/\"},{\"@type\":\"ListItem\",\"position\":2,\"name\":\"Kauppa\",\"item\":\"https:\\\/\\\/miumjau.ee\\\/fi\\\/kauppa\\\/\"},{\"@type\":\"ListItem\",\"position\":3,\"name\":\"Nutrolin Teeth &#038; Gums -ravintolis\u00e4 kissoille ja koirille 200 g\"}]},{\"@type\":\"WebSite\",\"@id\":\"https:\\\/\\\/miumjau.ee\\\/#website\",\"url\":\"https:\\\/\\\/miumjau.ee\\\/\",\"name\":\"MiuMjau\",\"description\":\"Kraapimispuud kassidele\",\"publisher\":{\"@id\":\"https:\\\/\\\/miumjau.ee\\\/#organization\"},\"potentialAction\":[{\"@type\":\"SearchAction\",\"target\":{\"@type\":\"EntryPoint\",\"urlTemplate\":\"https:\\\/\\\/miumjau.ee\\\/?s={search_term_string}\"},\"query-input\":{\"@type\":\"PropertyValueSpecification\",\"valueRequired\":true,\"valueName\":\"search_term_string\"}}],\"inLanguage\":\"fi\"},{\"@type\":\"Organization\",\"@id\":\"https:\\\/\\\/miumjau.ee\\\/#organization\",\"name\":\"MiuMjau O\u00dc\",\"url\":\"https:\\\/\\\/miumjau.ee\\\/\",\"logo\":{\"@type\":\"ImageObject\",\"inLanguage\":\"fi\",\"@id\":\"https:\\\/\\\/miumjau.ee\\\/#\\\/schema\\\/logo\\\/image\\\/\",\"url\":\"https:\\\/\\\/miumjau.ee\\\/wp-content\\\/uploads\\\/2022\\\/04\\\/MiuMjau-logo-kollane.png\",\"contentUrl\":\"https:\\\/\\\/miumjau.ee\\\/wp-content\\\/uploads\\\/2022\\\/04\\\/MiuMjau-logo-kollane.png\",\"width\":219,\"height\":100,\"caption\":\"MiuMjau O\u00dc\"},\"image\":{\"@id\":\"https:\\\/\\\/miumjau.ee\\\/#\\\/schema\\\/logo\\\/image\\\/\"},\"sameAs\":[\"https:\\\/\\\/www.facebook.com\\\/miumjaupood\\\/\"]}]}<\/script>\n<!-- \/ Yoast SEO plugin. -->","yoast_head_json":{"title":"Nutrolin Teeth & Gums -ravintolis\u00e4 kissoille ja koirille 200 g - MiuMjau","robots":{"index":"index","follow":"follow","max-snippet":"max-snippet:-1","max-image-preview":"max-image-preview:large","max-video-preview":"max-video-preview:-1"},"canonical":"https:\/\/miumjau.ee\/fi\/tuote\/nutrolin-teeth-gums-ravintolisa-kissoille-ja-koirille-200-g\/","og_locale":"fi_FI","og_type":"article","og_title":"Nutrolin Teeth & Gums -ravintolis\u00e4 kissoille ja koirille 200 g - MiuMjau","og_description":"Nutrolin Teeth &amp; Gums on t\u00e4ydennysrehu koirille. Ravintotahna, joka parantaa ja tukee suuhygieniaa. Omega-3-rasvahapot suojaavat ikeni\u00e4, kun taas merilev\u00e4 (Ascophyllum nodosum) auttaa v\u00e4hent\u00e4m\u00e4\u00e4n hammaskive\u00e4 ja plakkia. Kaksinkertainen vaikutus, joka yhdist\u00e4\u00e4 omega-3:n ja merilev\u00e4n luonnolliset ominaisuudet maksimaalisen tehon saavuttamiseksi. Maukas ja helposti annosteltava tahna (oleogeeli) k\u00e4tev\u00e4ss\u00e4 pakkauksessa. Stabiloitu koostumus, ei sis\u00e4ll\u00e4 vett\u00e4. 20 kg painavan el\u00e4imen p\u00e4ivitt\u00e4inen annos sis\u00e4lt\u00e4\u00e4: 1000 mg omega-3 EPA:ta ja DHA:ta, 700 mg merilev\u00e4\u00e4 (Ascophyllum nodosum), 50 mg luonnollista E-vitamiinia. K\u00e4ytt\u00f6: Sopii jatkuvaan k\u00e4ytt\u00f6\u00f6n. Koostumus: Kala\u00f6ljy*, Merilev\u00e4 (Ascophyllum nodosum), Katkaravut (Euphausia superba), Runsaat ravintoaineiden l\u00e4hteet: Omega-3-rasvahapot, Jodi,Omega-3-fosfolipidit, Luonnolliset lis\u00e4aineet: E-vitamiini (3a700), Tokoferoliuute (1b306), Rosmariiniuute (2b).Analyyttiset ainesosat: Raakarasvat 79%, Raakavalkuainen 2,5%, Kuitu 1%, Raakatuhka 9%Yksi annos sis\u00e4lt\u00e4\u00e4: Omega-3-rasvahappoja \u2013 1000 mg, Merilev\u00e4\u00e4 \u2013 700 mg, E-vitamiinia \u2013 50 mg.","og_url":"https:\/\/miumjau.ee\/fi\/tuote\/nutrolin-teeth-gums-ravintolisa-kissoille-ja-koirille-200-g\/","og_site_name":"MiuMjau","article_publisher":"https:\/\/www.facebook.com\/miumjaupood\/","og_image":[{"width":600,"height":800,"url":"https:\/\/miumjau.ee\/wp-content\/uploads\/2026\/02\/NutrolinTEETHGUMSpastewhitebg.jpg","type":"image\/jpeg"}],"twitter_card":"summary_large_image","schema":{"@context":"https:\/\/schema.org","@graph":[{"@type":"WebPage","@id":"https:\/\/miumjau.ee\/fi\/tuote\/nutrolin-teeth-gums-ravintolisa-kissoille-ja-koirille-200-g\/","url":"https:\/\/miumjau.ee\/fi\/tuote\/nutrolin-teeth-gums-ravintolisa-kissoille-ja-koirille-200-g\/","name":"Nutrolin Teeth & Gums -ravintolis\u00e4 kissoille ja koirille 200 g - MiuMjau","isPartOf":{"@id":"https:\/\/miumjau.ee\/#website"},"primaryImageOfPage":{"@id":"https:\/\/miumjau.ee\/fi\/tuote\/nutrolin-teeth-gums-ravintolisa-kissoille-ja-koirille-200-g\/#primaryimage"},"image":{"@id":"https:\/\/miumjau.ee\/fi\/tuote\/nutrolin-teeth-gums-ravintolisa-kissoille-ja-koirille-200-g\/#primaryimage"},"thumbnailUrl":"https:\/\/miumjau.ee\/wp-content\/uploads\/2026\/02\/NutrolinTEETHGUMSpastewhitebg.jpg","datePublished":"2026-02-03T10:36:55+00:00","breadcrumb":{"@id":"https:\/\/miumjau.ee\/fi\/tuote\/nutrolin-teeth-gums-ravintolisa-kissoille-ja-koirille-200-g\/#breadcrumb"},"inLanguage":"fi","potentialAction":[{"@type":"ReadAction","target":["https:\/\/miumjau.ee\/fi\/tuote\/nutrolin-teeth-gums-ravintolisa-kissoille-ja-koirille-200-g\/"]}]},{"@type":"ImageObject","inLanguage":"fi","@id":"https:\/\/miumjau.ee\/fi\/tuote\/nutrolin-teeth-gums-ravintolisa-kissoille-ja-koirille-200-g\/#primaryimage","url":"https:\/\/miumjau.ee\/wp-content\/uploads\/2026\/02\/NutrolinTEETHGUMSpastewhitebg.jpg","contentUrl":"https:\/\/miumjau.ee\/wp-content\/uploads\/2026\/02\/NutrolinTEETHGUMSpastewhitebg.jpg","width":600,"height":800,"caption":"Nutrolin Teeth & Gums toidulisand kassidele ja koertele 200g"},{"@type":"BreadcrumbList","@id":"https:\/\/miumjau.ee\/fi\/tuote\/nutrolin-teeth-gums-ravintolisa-kissoille-ja-koirille-200-g\/#breadcrumb","itemListElement":[{"@type":"ListItem","position":1,"name":"Home","item":"https:\/\/miumjau.ee\/fi\/"},{"@type":"ListItem","position":2,"name":"Kauppa","item":"https:\/\/miumjau.ee\/fi\/kauppa\/"},{"@type":"ListItem","position":3,"name":"Nutrolin Teeth &#038; Gums -ravintolis\u00e4 kissoille ja koirille 200 g"}]},{"@type":"WebSite","@id":"https:\/\/miumjau.ee\/#website","url":"https:\/\/miumjau.ee\/","name":"MiuMjau","description":"Kraapimispuud kassidele","publisher":{"@id":"https:\/\/miumjau.ee\/#organization"},"potentialAction":[{"@type":"SearchAction","target":{"@type":"EntryPoint","urlTemplate":"https:\/\/miumjau.ee\/?s={search_term_string}"},"query-input":{"@type":"PropertyValueSpecification","valueRequired":true,"valueName":"search_term_string"}}],"inLanguage":"fi"},{"@type":"Organization","@id":"https:\/\/miumjau.ee\/#organization","name":"MiuMjau O\u00dc","url":"https:\/\/miumjau.ee\/","logo":{"@type":"ImageObject","inLanguage":"fi","@id":"https:\/\/miumjau.ee\/#\/schema\/logo\/image\/","url":"https:\/\/miumjau.ee\/wp-content\/uploads\/2022\/04\/MiuMjau-logo-kollane.png","contentUrl":"https:\/\/miumjau.ee\/wp-content\/uploads\/2022\/04\/MiuMjau-logo-kollane.png","width":219,"height":100,"caption":"MiuMjau O\u00dc"},"image":{"@id":"https:\/\/miumjau.ee\/#\/schema\/logo\/image\/"},"sameAs":["https:\/\/www.facebook.com\/miumjaupood\/"]}]}},"_links":{"self":[{"href":"https:\/\/miumjau.ee\/fi\/wp-json\/wp\/v2\/product\/53607","targetHints":{"allow":["GET"]}}],"collection":[{"href":"https:\/\/miumjau.ee\/fi\/wp-json\/wp\/v2\/product"}],"about":[{"href":"https:\/\/miumjau.ee\/fi\/wp-json\/wp\/v2\/types\/product"}],"wp:featuredmedia":[{"embeddable":true,"href":"https:\/\/miumjau.ee\/fi\/wp-json\/wp\/v2\/media\/53482"}],"wp:attachment":[{"href":"https:\/\/miumjau.ee\/fi\/wp-json\/wp\/v2\/media?parent=53607"}],"wp:term":[{"taxonomy":"product_brand","embeddable":true,"href":"https:\/\/miumjau.ee\/fi\/wp-json\/wp\/v2\/product_brand?post=53607"},{"taxonomy":"product_cat","embeddable":true,"href":"https:\/\/miumjau.ee\/fi\/wp-json\/wp\/v2\/product_cat?post=53607"},{"taxonomy":"product_tag","embeddable":true,"href":"https:\/\/miumjau.ee\/fi\/wp-json\/wp\/v2\/product_tag?post=53607"}],"curies":[{"name":"wp","href":"https:\/\/api.w.org\/{rel}","templated":true}]}}