{"id":53594,"date":"2026-02-03T12:41:47","date_gmt":"2026-02-03T10:41:47","guid":{"rendered":"https:\/\/miumjau.ee\/toode\/nutrolin-omega-sensitive-oljy-kissoille-ja-koirille-990-ml\/"},"modified":"2026-02-03T12:41:47","modified_gmt":"2026-02-03T10:41:47","slug":"nutrolin-omega-sensitive-oljy-kissoille-ja-koirille-990-ml","status":"publish","type":"product","link":"https:\/\/miumjau.ee\/fi\/tuote\/nutrolin-omega-sensitive-oljy-kissoille-ja-koirille-990-ml\/","title":{"rendered":"Nutrolin Omega &#038; Sensitive -\u00f6ljy kissoille ja koirille, 990 ml"},"content":{"rendered":"","protected":false},"excerpt":{"rendered":"<p data-start=\"1542\" data-end=\"2021\">Nutrolin Omega &amp; Sensitive on t\u00e4ydennysrehu herkille lemmikeille. Erinomainen omega-3 EPA- ja DHA-rasvahappojen l\u00e4hde, jotka ovat erityisen t\u00e4rkeit\u00e4 pennuille ja kissanpennuille, ik\u00e4\u00e4ntyville lemmikeille sek\u00e4 lemmikeille, joilla on nivelongelmia. Tuote sopii sek\u00e4 kissoille ett\u00e4 koirille. Sopii el\u00e4imille, jotka ovat herkki\u00e4 erilaisille allergeeneille. Sis\u00e4lt\u00e4\u00e4 saman m\u00e4\u00e4r\u00e4n omega-3 EPA- ja DHA-rasvahappoja kuin korkealaatuinen kala\u00f6ljy (ja noin 4 kertaa enemm\u00e4n kuin lohi\u00f6ljy).<\/p>\n<p data-start=\"2023\" data-end=\"2860\"><strong data-start=\"2023\" data-end=\"2037\">Ainesosat:<\/strong> Mikrolev\u00e4\u00f6ljy, Auringonkukka\u00f6ljy, Schizochytrium-mikrolev\u00e4t omega-3 EPA + DHA -l\u00e4hteen\u00e4, Auringonkukka\u00f6ljyn stabilointiin, Luonnolliset lis\u00e4aineet: E-vitamiini (3a700) 2,5 mg\/ml, Tokoferoliuute (1b306), Rosmariiniuute (2b).<br data-start=\"2261\" data-end=\"2264\" \/><strong data-start=\"2264\" data-end=\"2291\">Analyyttiset ainesosat:<\/strong> Omega-3 EPA + DHA 200 mg\/ml, Raakarasva 100 %, Raakavalkuainen 0 %, Kuitu 0 %, Raakatuhka 0 %<br data-start=\"2385\" data-end=\"2388\" \/><strong data-start=\"2388\" data-end=\"2399\">K\u00e4ytt\u00f6:<\/strong> Sopii p\u00e4ivitt\u00e4iseen k\u00e4ytt\u00f6\u00f6n. Sekoita kerran p\u00e4iv\u00e4ss\u00e4 koiran tai kissan ruokaan. Annosteluohje: katso pakkauksesta.<br data-start=\"2515\" data-end=\"2518\" \/><strong data-start=\"2518\" data-end=\"2531\">S\u00e4ilytys:<\/strong> Avattuna tuote s\u00e4ilyy k\u00e4ytt\u00f6kelpoisena enint\u00e4\u00e4n 3 kuukautta. S\u00e4ilyt\u00e4 pakkaukset kuivassa ja suojassa suoralta auringonvalolta. Pid\u00e4 avatut pullot aina pystyasennossa. Pulloa ei tarvitse ravistaa. Parhaan s\u00e4ilyvyyden takaamiseksi \u00f6ljy\u00e4 suositellaan s\u00e4ilytett\u00e4v\u00e4ksi j\u00e4\u00e4kaapissa. \u00d6ljyn voi my\u00f6s pakastaa pidemp\u00e4\u00e4 s\u00e4ilytyst\u00e4 varten.<\/p>\n","protected":false},"featured_media":53410,"template":"","meta":[],"product_brand":[],"product_cat":[869],"product_tag":[],"class_list":{"0":"post-53594","1":"product","2":"type-product","3":"status-publish","4":"has-post-thumbnail","6":"product_cat-ravintolisat-koirille","8":"first","9":"instock","10":"sale","11":"taxable","12":"shipping-taxable","13":"purchasable","14":"product-type-simple"},"yoast_head":"<!-- This site is optimized with the Yoast SEO plugin v27.4 - https:\/\/yoast.com\/product\/yoast-seo-wordpress\/ -->\n<title>Nutrolin Omega &amp; Sensitive -\u00f6ljy kissoille ja koirille, 990 ml - MiuMjau<\/title>\n<meta name=\"robots\" content=\"index, follow, max-snippet:-1, max-image-preview:large, max-video-preview:-1\" \/>\n<link rel=\"canonical\" href=\"https:\/\/miumjau.ee\/fi\/tuote\/nutrolin-omega-sensitive-oljy-kissoille-ja-koirille-990-ml\/\" \/>\n<meta property=\"og:locale\" content=\"fi_FI\" \/>\n<meta property=\"og:type\" content=\"article\" \/>\n<meta property=\"og:title\" content=\"Nutrolin Omega &amp; Sensitive -\u00f6ljy kissoille ja koirille, 990 ml - MiuMjau\" \/>\n<meta property=\"og:description\" content=\"Nutrolin Omega &amp; Sensitive on t\u00e4ydennysrehu herkille lemmikeille. Erinomainen omega-3 EPA- ja DHA-rasvahappojen l\u00e4hde, jotka ovat erityisen t\u00e4rkeit\u00e4 pennuille ja kissanpennuille, ik\u00e4\u00e4ntyville lemmikeille sek\u00e4 lemmikeille, joilla on nivelongelmia. Tuote sopii sek\u00e4 kissoille ett\u00e4 koirille. Sopii el\u00e4imille, jotka ovat herkki\u00e4 erilaisille allergeeneille. Sis\u00e4lt\u00e4\u00e4 saman m\u00e4\u00e4r\u00e4n omega-3 EPA- ja DHA-rasvahappoja kuin korkealaatuinen kala\u00f6ljy (ja noin 4 kertaa enemm\u00e4n kuin lohi\u00f6ljy). Ainesosat: Mikrolev\u00e4\u00f6ljy, Auringonkukka\u00f6ljy, Schizochytrium-mikrolev\u00e4t omega-3 EPA + DHA -l\u00e4hteen\u00e4, Auringonkukka\u00f6ljyn stabilointiin, Luonnolliset lis\u00e4aineet: E-vitamiini (3a700) 2,5 mg\/ml, Tokoferoliuute (1b306), Rosmariiniuute (2b).Analyyttiset ainesosat: Omega-3 EPA + DHA 200 mg\/ml, Raakarasva 100 %, Raakavalkuainen 0 %, Kuitu 0 %, Raakatuhka 0 %K\u00e4ytt\u00f6: Sopii p\u00e4ivitt\u00e4iseen k\u00e4ytt\u00f6\u00f6n. Sekoita kerran p\u00e4iv\u00e4ss\u00e4 koiran tai kissan ruokaan. Annosteluohje: katso pakkauksesta.S\u00e4ilytys: Avattuna tuote s\u00e4ilyy k\u00e4ytt\u00f6kelpoisena enint\u00e4\u00e4n 3 kuukautta. S\u00e4ilyt\u00e4 pakkaukset kuivassa ja suojassa suoralta auringonvalolta. Pid\u00e4 avatut pullot aina pystyasennossa. Pulloa ei tarvitse ravistaa. Parhaan s\u00e4ilyvyyden takaamiseksi \u00f6ljy\u00e4 suositellaan s\u00e4ilytett\u00e4v\u00e4ksi j\u00e4\u00e4kaapissa. \u00d6ljyn voi my\u00f6s pakastaa pidemp\u00e4\u00e4 s\u00e4ilytyst\u00e4 varten.\" \/>\n<meta property=\"og:url\" content=\"https:\/\/miumjau.ee\/fi\/tuote\/nutrolin-omega-sensitive-oljy-kissoille-ja-koirille-990-ml\/\" \/>\n<meta property=\"og:site_name\" content=\"MiuMjau\" \/>\n<meta property=\"article:publisher\" content=\"https:\/\/www.facebook.com\/miumjaupood\/\" \/>\n<meta property=\"og:image\" content=\"https:\/\/miumjau.ee\/wp-content\/uploads\/2026\/02\/Nutrolin\u00aeOmegaSensitive990mlwhite.jpg\" \/>\n\t<meta property=\"og:image:width\" content=\"600\" \/>\n\t<meta property=\"og:image:height\" content=\"800\" \/>\n\t<meta property=\"og:image:type\" content=\"image\/jpeg\" \/>\n<meta name=\"twitter:card\" content=\"summary_large_image\" \/>\n<script type=\"application\/ld+json\" class=\"yoast-schema-graph\">{\"@context\":\"https:\\\/\\\/schema.org\",\"@graph\":[{\"@type\":\"WebPage\",\"@id\":\"https:\\\/\\\/miumjau.ee\\\/fi\\\/tuote\\\/nutrolin-omega-sensitive-oljy-kissoille-ja-koirille-990-ml\\\/\",\"url\":\"https:\\\/\\\/miumjau.ee\\\/fi\\\/tuote\\\/nutrolin-omega-sensitive-oljy-kissoille-ja-koirille-990-ml\\\/\",\"name\":\"Nutrolin Omega & Sensitive -\u00f6ljy kissoille ja koirille, 990 ml - MiuMjau\",\"isPartOf\":{\"@id\":\"https:\\\/\\\/miumjau.ee\\\/#website\"},\"primaryImageOfPage\":{\"@id\":\"https:\\\/\\\/miumjau.ee\\\/fi\\\/tuote\\\/nutrolin-omega-sensitive-oljy-kissoille-ja-koirille-990-ml\\\/#primaryimage\"},\"image\":{\"@id\":\"https:\\\/\\\/miumjau.ee\\\/fi\\\/tuote\\\/nutrolin-omega-sensitive-oljy-kissoille-ja-koirille-990-ml\\\/#primaryimage\"},\"thumbnailUrl\":\"https:\\\/\\\/miumjau.ee\\\/wp-content\\\/uploads\\\/2026\\\/02\\\/Nutrolin\u00aeOmegaSensitive990mlwhite.jpg\",\"datePublished\":\"2026-02-03T10:41:47+00:00\",\"breadcrumb\":{\"@id\":\"https:\\\/\\\/miumjau.ee\\\/fi\\\/tuote\\\/nutrolin-omega-sensitive-oljy-kissoille-ja-koirille-990-ml\\\/#breadcrumb\"},\"inLanguage\":\"fi\",\"potentialAction\":[{\"@type\":\"ReadAction\",\"target\":[\"https:\\\/\\\/miumjau.ee\\\/fi\\\/tuote\\\/nutrolin-omega-sensitive-oljy-kissoille-ja-koirille-990-ml\\\/\"]}]},{\"@type\":\"ImageObject\",\"inLanguage\":\"fi\",\"@id\":\"https:\\\/\\\/miumjau.ee\\\/fi\\\/tuote\\\/nutrolin-omega-sensitive-oljy-kissoille-ja-koirille-990-ml\\\/#primaryimage\",\"url\":\"https:\\\/\\\/miumjau.ee\\\/wp-content\\\/uploads\\\/2026\\\/02\\\/Nutrolin\u00aeOmegaSensitive990mlwhite.jpg\",\"contentUrl\":\"https:\\\/\\\/miumjau.ee\\\/wp-content\\\/uploads\\\/2026\\\/02\\\/Nutrolin\u00aeOmegaSensitive990mlwhite.jpg\",\"width\":600,\"height\":800,\"caption\":\"Nutrolin \u00f5li Oomega & Sensitive kassidele ja koertele, 990ml\"},{\"@type\":\"BreadcrumbList\",\"@id\":\"https:\\\/\\\/miumjau.ee\\\/fi\\\/tuote\\\/nutrolin-omega-sensitive-oljy-kissoille-ja-koirille-990-ml\\\/#breadcrumb\",\"itemListElement\":[{\"@type\":\"ListItem\",\"position\":1,\"name\":\"Home\",\"item\":\"https:\\\/\\\/miumjau.ee\\\/fi\\\/\"},{\"@type\":\"ListItem\",\"position\":2,\"name\":\"Kauppa\",\"item\":\"https:\\\/\\\/miumjau.ee\\\/fi\\\/kauppa\\\/\"},{\"@type\":\"ListItem\",\"position\":3,\"name\":\"Nutrolin Omega &#038; Sensitive -\u00f6ljy kissoille ja koirille, 990 ml\"}]},{\"@type\":\"WebSite\",\"@id\":\"https:\\\/\\\/miumjau.ee\\\/#website\",\"url\":\"https:\\\/\\\/miumjau.ee\\\/\",\"name\":\"MiuMjau\",\"description\":\"Kraapimispuud kassidele\",\"publisher\":{\"@id\":\"https:\\\/\\\/miumjau.ee\\\/#organization\"},\"potentialAction\":[{\"@type\":\"SearchAction\",\"target\":{\"@type\":\"EntryPoint\",\"urlTemplate\":\"https:\\\/\\\/miumjau.ee\\\/?s={search_term_string}\"},\"query-input\":{\"@type\":\"PropertyValueSpecification\",\"valueRequired\":true,\"valueName\":\"search_term_string\"}}],\"inLanguage\":\"fi\"},{\"@type\":\"Organization\",\"@id\":\"https:\\\/\\\/miumjau.ee\\\/#organization\",\"name\":\"MiuMjau O\u00dc\",\"url\":\"https:\\\/\\\/miumjau.ee\\\/\",\"logo\":{\"@type\":\"ImageObject\",\"inLanguage\":\"fi\",\"@id\":\"https:\\\/\\\/miumjau.ee\\\/#\\\/schema\\\/logo\\\/image\\\/\",\"url\":\"https:\\\/\\\/miumjau.ee\\\/wp-content\\\/uploads\\\/2022\\\/04\\\/MiuMjau-logo-kollane.png\",\"contentUrl\":\"https:\\\/\\\/miumjau.ee\\\/wp-content\\\/uploads\\\/2022\\\/04\\\/MiuMjau-logo-kollane.png\",\"width\":219,\"height\":100,\"caption\":\"MiuMjau O\u00dc\"},\"image\":{\"@id\":\"https:\\\/\\\/miumjau.ee\\\/#\\\/schema\\\/logo\\\/image\\\/\"},\"sameAs\":[\"https:\\\/\\\/www.facebook.com\\\/miumjaupood\\\/\"]}]}<\/script>\n<!-- \/ Yoast SEO plugin. -->","yoast_head_json":{"title":"Nutrolin Omega & Sensitive -\u00f6ljy kissoille ja koirille, 990 ml - MiuMjau","robots":{"index":"index","follow":"follow","max-snippet":"max-snippet:-1","max-image-preview":"max-image-preview:large","max-video-preview":"max-video-preview:-1"},"canonical":"https:\/\/miumjau.ee\/fi\/tuote\/nutrolin-omega-sensitive-oljy-kissoille-ja-koirille-990-ml\/","og_locale":"fi_FI","og_type":"article","og_title":"Nutrolin Omega & Sensitive -\u00f6ljy kissoille ja koirille, 990 ml - MiuMjau","og_description":"Nutrolin Omega &amp; Sensitive on t\u00e4ydennysrehu herkille lemmikeille. Erinomainen omega-3 EPA- ja DHA-rasvahappojen l\u00e4hde, jotka ovat erityisen t\u00e4rkeit\u00e4 pennuille ja kissanpennuille, ik\u00e4\u00e4ntyville lemmikeille sek\u00e4 lemmikeille, joilla on nivelongelmia. Tuote sopii sek\u00e4 kissoille ett\u00e4 koirille. Sopii el\u00e4imille, jotka ovat herkki\u00e4 erilaisille allergeeneille. Sis\u00e4lt\u00e4\u00e4 saman m\u00e4\u00e4r\u00e4n omega-3 EPA- ja DHA-rasvahappoja kuin korkealaatuinen kala\u00f6ljy (ja noin 4 kertaa enemm\u00e4n kuin lohi\u00f6ljy). Ainesosat: Mikrolev\u00e4\u00f6ljy, Auringonkukka\u00f6ljy, Schizochytrium-mikrolev\u00e4t omega-3 EPA + DHA -l\u00e4hteen\u00e4, Auringonkukka\u00f6ljyn stabilointiin, Luonnolliset lis\u00e4aineet: E-vitamiini (3a700) 2,5 mg\/ml, Tokoferoliuute (1b306), Rosmariiniuute (2b).Analyyttiset ainesosat: Omega-3 EPA + DHA 200 mg\/ml, Raakarasva 100 %, Raakavalkuainen 0 %, Kuitu 0 %, Raakatuhka 0 %K\u00e4ytt\u00f6: Sopii p\u00e4ivitt\u00e4iseen k\u00e4ytt\u00f6\u00f6n. Sekoita kerran p\u00e4iv\u00e4ss\u00e4 koiran tai kissan ruokaan. Annosteluohje: katso pakkauksesta.S\u00e4ilytys: Avattuna tuote s\u00e4ilyy k\u00e4ytt\u00f6kelpoisena enint\u00e4\u00e4n 3 kuukautta. S\u00e4ilyt\u00e4 pakkaukset kuivassa ja suojassa suoralta auringonvalolta. Pid\u00e4 avatut pullot aina pystyasennossa. Pulloa ei tarvitse ravistaa. Parhaan s\u00e4ilyvyyden takaamiseksi \u00f6ljy\u00e4 suositellaan s\u00e4ilytett\u00e4v\u00e4ksi j\u00e4\u00e4kaapissa. \u00d6ljyn voi my\u00f6s pakastaa pidemp\u00e4\u00e4 s\u00e4ilytyst\u00e4 varten.","og_url":"https:\/\/miumjau.ee\/fi\/tuote\/nutrolin-omega-sensitive-oljy-kissoille-ja-koirille-990-ml\/","og_site_name":"MiuMjau","article_publisher":"https:\/\/www.facebook.com\/miumjaupood\/","og_image":[{"width":600,"height":800,"url":"https:\/\/miumjau.ee\/wp-content\/uploads\/2026\/02\/Nutrolin\u00aeOmegaSensitive990mlwhite.jpg","type":"image\/jpeg"}],"twitter_card":"summary_large_image","schema":{"@context":"https:\/\/schema.org","@graph":[{"@type":"WebPage","@id":"https:\/\/miumjau.ee\/fi\/tuote\/nutrolin-omega-sensitive-oljy-kissoille-ja-koirille-990-ml\/","url":"https:\/\/miumjau.ee\/fi\/tuote\/nutrolin-omega-sensitive-oljy-kissoille-ja-koirille-990-ml\/","name":"Nutrolin Omega & Sensitive -\u00f6ljy kissoille ja koirille, 990 ml - MiuMjau","isPartOf":{"@id":"https:\/\/miumjau.ee\/#website"},"primaryImageOfPage":{"@id":"https:\/\/miumjau.ee\/fi\/tuote\/nutrolin-omega-sensitive-oljy-kissoille-ja-koirille-990-ml\/#primaryimage"},"image":{"@id":"https:\/\/miumjau.ee\/fi\/tuote\/nutrolin-omega-sensitive-oljy-kissoille-ja-koirille-990-ml\/#primaryimage"},"thumbnailUrl":"https:\/\/miumjau.ee\/wp-content\/uploads\/2026\/02\/Nutrolin\u00aeOmegaSensitive990mlwhite.jpg","datePublished":"2026-02-03T10:41:47+00:00","breadcrumb":{"@id":"https:\/\/miumjau.ee\/fi\/tuote\/nutrolin-omega-sensitive-oljy-kissoille-ja-koirille-990-ml\/#breadcrumb"},"inLanguage":"fi","potentialAction":[{"@type":"ReadAction","target":["https:\/\/miumjau.ee\/fi\/tuote\/nutrolin-omega-sensitive-oljy-kissoille-ja-koirille-990-ml\/"]}]},{"@type":"ImageObject","inLanguage":"fi","@id":"https:\/\/miumjau.ee\/fi\/tuote\/nutrolin-omega-sensitive-oljy-kissoille-ja-koirille-990-ml\/#primaryimage","url":"https:\/\/miumjau.ee\/wp-content\/uploads\/2026\/02\/Nutrolin\u00aeOmegaSensitive990mlwhite.jpg","contentUrl":"https:\/\/miumjau.ee\/wp-content\/uploads\/2026\/02\/Nutrolin\u00aeOmegaSensitive990mlwhite.jpg","width":600,"height":800,"caption":"Nutrolin \u00f5li Oomega & Sensitive kassidele ja koertele, 990ml"},{"@type":"BreadcrumbList","@id":"https:\/\/miumjau.ee\/fi\/tuote\/nutrolin-omega-sensitive-oljy-kissoille-ja-koirille-990-ml\/#breadcrumb","itemListElement":[{"@type":"ListItem","position":1,"name":"Home","item":"https:\/\/miumjau.ee\/fi\/"},{"@type":"ListItem","position":2,"name":"Kauppa","item":"https:\/\/miumjau.ee\/fi\/kauppa\/"},{"@type":"ListItem","position":3,"name":"Nutrolin Omega &#038; Sensitive -\u00f6ljy kissoille ja koirille, 990 ml"}]},{"@type":"WebSite","@id":"https:\/\/miumjau.ee\/#website","url":"https:\/\/miumjau.ee\/","name":"MiuMjau","description":"Kraapimispuud kassidele","publisher":{"@id":"https:\/\/miumjau.ee\/#organization"},"potentialAction":[{"@type":"SearchAction","target":{"@type":"EntryPoint","urlTemplate":"https:\/\/miumjau.ee\/?s={search_term_string}"},"query-input":{"@type":"PropertyValueSpecification","valueRequired":true,"valueName":"search_term_string"}}],"inLanguage":"fi"},{"@type":"Organization","@id":"https:\/\/miumjau.ee\/#organization","name":"MiuMjau O\u00dc","url":"https:\/\/miumjau.ee\/","logo":{"@type":"ImageObject","inLanguage":"fi","@id":"https:\/\/miumjau.ee\/#\/schema\/logo\/image\/","url":"https:\/\/miumjau.ee\/wp-content\/uploads\/2022\/04\/MiuMjau-logo-kollane.png","contentUrl":"https:\/\/miumjau.ee\/wp-content\/uploads\/2022\/04\/MiuMjau-logo-kollane.png","width":219,"height":100,"caption":"MiuMjau O\u00dc"},"image":{"@id":"https:\/\/miumjau.ee\/#\/schema\/logo\/image\/"},"sameAs":["https:\/\/www.facebook.com\/miumjaupood\/"]}]}},"_links":{"self":[{"href":"https:\/\/miumjau.ee\/fi\/wp-json\/wp\/v2\/product\/53594","targetHints":{"allow":["GET"]}}],"collection":[{"href":"https:\/\/miumjau.ee\/fi\/wp-json\/wp\/v2\/product"}],"about":[{"href":"https:\/\/miumjau.ee\/fi\/wp-json\/wp\/v2\/types\/product"}],"wp:featuredmedia":[{"embeddable":true,"href":"https:\/\/miumjau.ee\/fi\/wp-json\/wp\/v2\/media\/53410"}],"wp:attachment":[{"href":"https:\/\/miumjau.ee\/fi\/wp-json\/wp\/v2\/media?parent=53594"}],"wp:term":[{"taxonomy":"product_brand","embeddable":true,"href":"https:\/\/miumjau.ee\/fi\/wp-json\/wp\/v2\/product_brand?post=53594"},{"taxonomy":"product_cat","embeddable":true,"href":"https:\/\/miumjau.ee\/fi\/wp-json\/wp\/v2\/product_cat?post=53594"},{"taxonomy":"product_tag","embeddable":true,"href":"https:\/\/miumjau.ee\/fi\/wp-json\/wp\/v2\/product_tag?post=53594"}],"curies":[{"name":"wp","href":"https:\/\/api.w.org\/{rel}","templated":true}]}}