{"id":53182,"date":"2026-01-26T16:05:31","date_gmt":"2026-01-26T14:05:31","guid":{"rendered":"https:\/\/miumjau.ee\/toode\/dr-malou-pakastekuivatut-kanavahvelit-kissoille-60g\/"},"modified":"2026-01-26T16:05:31","modified_gmt":"2026-01-26T14:05:31","slug":"dr-malou-pakastekuivatut-kanavahvelit-kissoille-60g","status":"publish","type":"product","link":"https:\/\/miumjau.ee\/fi\/tuote\/dr-malou-pakastekuivatut-kanavahvelit-kissoille-60g\/","title":{"rendered":"Dr Malou Pakastekuivatut kanavahvelit kissoille 60g"},"content":{"rendered":"","protected":false},"excerpt":{"rendered":"<p data-path-to-node=\"4\"><b data-path-to-node=\"4\" data-index-in-node=\"0\">Kanavahvelit kissoille \u2013 luonnollinen herkku, joka tukee kissan terveytt\u00e4 ja vaistoja<\/b> Etsitk\u00f6 lemmikillesi vaivatonta mutta herkullista v\u00e4lipalaa? Dr. Maloun kissoille tarkoitetut pakastekuivatut lihavahvelit ovat innovatiivisia herkkupaloja, joissa yhdistyv\u00e4t korkealaatuiset ainesosat ja pureskelun ilo. Liharikkaita, turvallisia ja luonnollisia \u2013 ihanteellisia p\u00e4ivitt\u00e4iseen k\u00e4ytt\u00f6\u00f6n. L\u00f6yd\u00e4 vahvelit, joita kissasi rakastaa ja joista se ei saa koskaan tarpeekseen! Jokainen pakkaus sis\u00e4lt\u00e4\u00e4 <b data-path-to-node=\"4\" data-index-in-node=\"494\">sekoituksen eri makuja<\/b>, mik\u00e4 monipuolistaa kissasi ruokavaliota ja tarjoaa sille monipuolisia ravintoaineita. Dr. Malou -kissavahveleita on saatavilla seuraavina variaatioina:<\/p>\n<ul data-path-to-node=\"5\">\n<li>\n<p data-path-to-node=\"5,0,0\"><b data-path-to-node=\"5,0,0\" data-index-in-node=\"0\">Kana ja kurpitsa<\/b> \u2013 tukee ruoansulatusta ja tarjoaa kuitua.<\/p>\n<\/li>\n<li>\n<p data-path-to-node=\"5,1,0\"><b data-path-to-node=\"5,1,0\" data-index-in-node=\"0\">Kana ja mustikka<\/b> \u2013 luonnollinen antioksidantti, C- ja K-vitamiinin l\u00e4hde.<\/p>\n<\/li>\n<li>\n<p data-path-to-node=\"5,2,0\"><b data-path-to-node=\"5,2,0\" data-index-in-node=\"0\">Kana ja karpalo<\/b> \u2013 tukee virtsateiden terveytt\u00e4.<\/p>\n<\/li>\n<li>\n<p data-path-to-node=\"5,3,0\"><b data-path-to-node=\"5,3,0\" data-index-in-node=\"0\">Kana ja ohranoras<\/b> \u2013 foolihapon ja kaliumin l\u00e4hde.<\/p>\n<\/li>\n<li>\n<p data-path-to-node=\"5,4,0\"><b data-path-to-node=\"5,4,0\" data-index-in-node=\"0\">Kana ja kananmunankeltuainen<\/b> \u2013 luonnollinen multivitamiini iholle, turkille ja silmille.<\/p>\n<\/li>\n<\/ul>\n<p data-path-to-node=\"6\"><b data-path-to-node=\"6\" data-index-in-node=\"0\">Mit\u00e4 ainesosat sis\u00e4lt\u00e4v\u00e4t? Vain kaikkein t\u00e4rkeimm\u00e4n.<\/b> Dr. Malou -kissavahvelit koostuvat <b data-path-to-node=\"6\" data-index-in-node=\"88\">88-prosenttisesti kananlihasta<\/b> ja ne on rikastettu vain valituilla toiminnallisilla lisill\u00e4:<\/p>\n<ul data-path-to-node=\"7\">\n<li>\n<p data-path-to-node=\"7,0,0\"><b data-path-to-node=\"7,0,0\" data-index-in-node=\"0\">Kananmaksa<\/b>: A- ja B-vitamiinien sek\u00e4 seleenin l\u00e4hde.<\/p>\n<\/li>\n<li>\n<p data-path-to-node=\"7,1,0\"><b data-path-to-node=\"7,1,0\" data-index-in-node=\"0\">Mustikka ja karpalo<\/b>: antioksidanttisia ja diureettisia ominaisuuksia.<\/p>\n<\/li>\n<li>\n<p data-path-to-node=\"7,2,0\"><b data-path-to-node=\"7,2,0\" data-index-in-node=\"0\">Ohranoras<\/b>: tarjoaa t\u00e4rkeit\u00e4 mikroravinteita ja tukee ruoansulatusta.<\/p>\n<\/li>\n<li>\n<p data-path-to-node=\"7,3,0\"><b data-path-to-node=\"7,3,0\" data-index-in-node=\"0\">Kananmunankeltuainen<\/b>: sis\u00e4lt\u00e4\u00e4 runsaasti biotiinia ja luteiinia, jotka edist\u00e4v\u00e4t turkin ja silmien terveytt\u00e4.<\/p>\n<\/li>\n<li>\n<p data-path-to-node=\"7,4,0\"><b data-path-to-node=\"7,4,0\" data-index-in-node=\"0\">Jamssijauhe<\/b>: tukee suolistoflooraa ja ruoansulatuskanavan toimintaa.<\/p>\n<\/li>\n<\/ul>\n<p data-path-to-node=\"8\">On t\u00e4rke\u00e4\u00e4 tiet\u00e4\u00e4, ett\u00e4 n\u00e4m\u00e4 kissavahvelit <b data-path-to-node=\"8\" data-index-in-node=\"43\">eiv\u00e4t sis\u00e4ll\u00e4 keinotekoisia s\u00e4il\u00f6nt\u00e4aineita, v\u00e4riaineita tai tarpeettomia t\u00e4yteaineita<\/b> \u2013 ne s\u00e4ilyv\u00e4t luonnollisesti rosmariiniuusteen ansiosta.<\/p>\n<p data-path-to-node=\"9\"><b data-path-to-node=\"9\" data-index-in-node=\"0\">Korkeinta laatua luonnollisessa muodossa<\/b> Valitsimme pakastekuivatut herkut, koska pakastekuivausprosessi s\u00e4ilytt\u00e4\u00e4 kaikkien ainesosien ravintoarvon, lihan t\u00e4ytel\u00e4isen maun ja aromin sek\u00e4 takaa pitk\u00e4n s\u00e4ilyvyyden l\u00e4hes muuttumattomassa muodossa. T\u00e4m\u00e4 tekee jokaisesta kissavahvelista paitsi herkullisen, my\u00f6s terveellisen. N\u00e4m\u00e4 herkut tarjoavat k\u00e4ytt\u00e4ytymiseen liittyvi\u00e4 ja sensorisia etuja, jotka ovat t\u00e4rkeit\u00e4 lemmikkisi hyvinvoinnille. Sensorinen stimulointi auttaa niit\u00e4 hallitsemaan stressi\u00e4 ja parantaa niiden k\u00e4ytt\u00e4ytymist\u00e4, auttaen kissoja tulemaan rauhallisemmiksi ja itsevarmemmiksi.<\/p>\n<ul data-path-to-node=\"10\">\n<li>\n<p data-path-to-node=\"10,0,0\"><b data-path-to-node=\"10,0,0\" data-index-in-node=\"0\">Rapeat vahvelit<\/b> tukevat suuhygieniaa ja tyydytt\u00e4v\u00e4t luonnollisen pureskeluntarpeen.<\/p>\n<\/li>\n<li>\n<p data-path-to-node=\"10,1,0\"><b data-path-to-node=\"10,1,0\" data-index-in-node=\"0\">Voidaan tarjoilla my\u00f6s kostutettuna<\/b> \u2013 kasta vain veteen pehment\u00e4\u00e4ksesi rakenteen.<\/p>\n<\/li>\n<li>\n<p data-path-to-node=\"10,2,0\"><b data-path-to-node=\"10,2,0\" data-index-in-node=\"0\">Palkinto<\/b> \u2013 sopii erinomaisesti koulutukseen, leikkiin tai v\u00e4lipalaksi.<\/p>\n<\/li>\n<\/ul>\n<p data-path-to-node=\"11\"><b data-path-to-node=\"11\" data-index-in-node=\"0\">Analyyttiset ainesosat:<\/b> raakavalkuainen 74 %, raakarasva 10 %, raakakuitu 2 %, tuhka 6 %, kosteus 6 %. <b data-path-to-node=\"11\" data-index-in-node=\"103\">Energia:<\/b> 351 kcal \/ 100 g (1 vahveli = 7 kcal).<\/p>\n<p data-path-to-node=\"12\"><b data-path-to-node=\"12\" data-index-in-node=\"0\">Suositeltu annostus:<\/b><\/p>\n<ul data-path-to-node=\"13\">\n<li>\n<p data-path-to-node=\"13,0,0\">El\u00e4imen paino (kg): 0,5\u20132 | 2\u20134 | 4\u20136 | yli 6<\/p>\n<\/li>\n<li>\n<p data-path-to-node=\"13,1,0\">M\u00e4\u00e4r\u00e4 (kpl\/p\u00e4iv\u00e4): 1\u20132 | 2\u20134 | 3\u20135 | 4\u20137<\/p>\n<\/li>\n<\/ul>\n","protected":false},"featured_media":52919,"template":"","meta":[],"product_brand":[],"product_cat":[266],"product_tag":[],"class_list":{"0":"post-53182","1":"product","2":"type-product","3":"status-publish","4":"has-post-thumbnail","6":"product_cat-makeiset","8":"first","9":"instock","10":"taxable","11":"shipping-taxable","12":"purchasable","13":"product-type-simple"},"yoast_head":"<!-- This site is optimized with the Yoast SEO plugin v27.4 - https:\/\/yoast.com\/product\/yoast-seo-wordpress\/ -->\n<title>Dr Malou Pakastekuivatut kanavahvelit kissoille 60g - MiuMjau<\/title>\n<meta name=\"robots\" content=\"index, follow, max-snippet:-1, max-image-preview:large, max-video-preview:-1\" \/>\n<link rel=\"canonical\" href=\"https:\/\/miumjau.ee\/fi\/tuote\/dr-malou-pakastekuivatut-kanavahvelit-kissoille-60g\/\" \/>\n<meta property=\"og:locale\" content=\"fi_FI\" \/>\n<meta property=\"og:type\" content=\"article\" \/>\n<meta property=\"og:title\" content=\"Dr Malou Pakastekuivatut kanavahvelit kissoille 60g - MiuMjau\" \/>\n<meta property=\"og:description\" content=\"Kanavahvelit kissoille \u2013 luonnollinen herkku, joka tukee kissan terveytt\u00e4 ja vaistoja Etsitk\u00f6 lemmikillesi vaivatonta mutta herkullista v\u00e4lipalaa? Dr. Maloun kissoille tarkoitetut pakastekuivatut lihavahvelit ovat innovatiivisia herkkupaloja, joissa yhdistyv\u00e4t korkealaatuiset ainesosat ja pureskelun ilo. Liharikkaita, turvallisia ja luonnollisia \u2013 ihanteellisia p\u00e4ivitt\u00e4iseen k\u00e4ytt\u00f6\u00f6n. L\u00f6yd\u00e4 vahvelit, joita kissasi rakastaa ja joista se ei saa koskaan tarpeekseen! Jokainen pakkaus sis\u00e4lt\u00e4\u00e4 sekoituksen eri makuja, mik\u00e4 monipuolistaa kissasi ruokavaliota ja tarjoaa sille monipuolisia ravintoaineita. Dr. Malou -kissavahveleita on saatavilla seuraavina variaatioina:     Kana ja kurpitsa \u2013 tukee ruoansulatusta ja tarjoaa kuitua.    Kana ja mustikka \u2013 luonnollinen antioksidantti, C- ja K-vitamiinin l\u00e4hde.    Kana ja karpalo \u2013 tukee virtsateiden terveytt\u00e4.    Kana ja ohranoras \u2013 foolihapon ja kaliumin l\u00e4hde.    Kana ja kananmunankeltuainen \u2013 luonnollinen multivitamiini iholle, turkille ja silmille.   Mit\u00e4 ainesosat sis\u00e4lt\u00e4v\u00e4t? Vain kaikkein t\u00e4rkeimm\u00e4n. Dr. Malou -kissavahvelit koostuvat 88-prosenttisesti kananlihasta ja ne on rikastettu vain valituilla toiminnallisilla lisill\u00e4:     Kananmaksa: A- ja B-vitamiinien sek\u00e4 seleenin l\u00e4hde.    Mustikka ja karpalo: antioksidanttisia ja diureettisia ominaisuuksia.    Ohranoras: tarjoaa t\u00e4rkeit\u00e4 mikroravinteita ja tukee ruoansulatusta.    Kananmunankeltuainen: sis\u00e4lt\u00e4\u00e4 runsaasti biotiinia ja luteiinia, jotka edist\u00e4v\u00e4t turkin ja silmien terveytt\u00e4.    Jamssijauhe: tukee suolistoflooraa ja ruoansulatuskanavan toimintaa.   On t\u00e4rke\u00e4\u00e4 tiet\u00e4\u00e4, ett\u00e4 n\u00e4m\u00e4 kissavahvelit eiv\u00e4t sis\u00e4ll\u00e4 keinotekoisia s\u00e4il\u00f6nt\u00e4aineita, v\u00e4riaineita tai tarpeettomia t\u00e4yteaineita \u2013 ne s\u00e4ilyv\u00e4t luonnollisesti rosmariiniuusteen ansiosta. Korkeinta laatua luonnollisessa muodossa Valitsimme pakastekuivatut herkut, koska pakastekuivausprosessi s\u00e4ilytt\u00e4\u00e4 kaikkien ainesosien ravintoarvon, lihan t\u00e4ytel\u00e4isen maun ja aromin sek\u00e4 takaa pitk\u00e4n s\u00e4ilyvyyden l\u00e4hes muuttumattomassa muodossa. T\u00e4m\u00e4 tekee jokaisesta kissavahvelista paitsi herkullisen, my\u00f6s terveellisen. N\u00e4m\u00e4 herkut tarjoavat k\u00e4ytt\u00e4ytymiseen liittyvi\u00e4 ja sensorisia etuja, jotka ovat t\u00e4rkeit\u00e4 lemmikkisi hyvinvoinnille. Sensorinen stimulointi auttaa niit\u00e4 hallitsemaan stressi\u00e4 ja parantaa niiden k\u00e4ytt\u00e4ytymist\u00e4, auttaen kissoja tulemaan rauhallisemmiksi ja itsevarmemmiksi.     Rapeat vahvelit tukevat suuhygieniaa ja tyydytt\u00e4v\u00e4t luonnollisen pureskeluntarpeen.    Voidaan tarjoilla my\u00f6s kostutettuna \u2013 kasta vain veteen pehment\u00e4\u00e4ksesi rakenteen.    Palkinto \u2013 sopii erinomaisesti koulutukseen, leikkiin tai v\u00e4lipalaksi.   Analyyttiset ainesosat: raakavalkuainen 74 %, raakarasva 10 %, raakakuitu 2 %, tuhka 6 %, kosteus 6 %. Energia: 351 kcal \/ 100 g (1 vahveli = 7 kcal). Suositeltu annostus:     El\u00e4imen paino (kg): 0,5\u20132 | 2\u20134 | 4\u20136 | yli 6    M\u00e4\u00e4r\u00e4 (kpl\/p\u00e4iv\u00e4): 1\u20132 | 2\u20134 | 3\u20135 | 4\u20137\" \/>\n<meta property=\"og:url\" content=\"https:\/\/miumjau.ee\/fi\/tuote\/dr-malou-pakastekuivatut-kanavahvelit-kissoille-60g\/\" \/>\n<meta property=\"og:site_name\" content=\"MiuMjau\" \/>\n<meta property=\"article:publisher\" content=\"https:\/\/www.facebook.com\/miumjaupood\/\" \/>\n<meta property=\"og:image\" content=\"https:\/\/miumjau.ee\/wp-content\/uploads\/2026\/01\/dr-malou-vahvlid-kassidele1.jpg\" \/>\n\t<meta property=\"og:image:width\" content=\"600\" \/>\n\t<meta property=\"og:image:height\" content=\"800\" \/>\n\t<meta property=\"og:image:type\" content=\"image\/jpeg\" \/>\n<meta name=\"twitter:card\" content=\"summary_large_image\" \/>\n<script type=\"application\/ld+json\" class=\"yoast-schema-graph\">{\"@context\":\"https:\\\/\\\/schema.org\",\"@graph\":[{\"@type\":\"WebPage\",\"@id\":\"https:\\\/\\\/miumjau.ee\\\/fi\\\/tuote\\\/dr-malou-pakastekuivatut-kanavahvelit-kissoille-60g\\\/\",\"url\":\"https:\\\/\\\/miumjau.ee\\\/fi\\\/tuote\\\/dr-malou-pakastekuivatut-kanavahvelit-kissoille-60g\\\/\",\"name\":\"Dr Malou Pakastekuivatut kanavahvelit kissoille 60g - MiuMjau\",\"isPartOf\":{\"@id\":\"https:\\\/\\\/miumjau.ee\\\/#website\"},\"primaryImageOfPage\":{\"@id\":\"https:\\\/\\\/miumjau.ee\\\/fi\\\/tuote\\\/dr-malou-pakastekuivatut-kanavahvelit-kissoille-60g\\\/#primaryimage\"},\"image\":{\"@id\":\"https:\\\/\\\/miumjau.ee\\\/fi\\\/tuote\\\/dr-malou-pakastekuivatut-kanavahvelit-kissoille-60g\\\/#primaryimage\"},\"thumbnailUrl\":\"https:\\\/\\\/miumjau.ee\\\/wp-content\\\/uploads\\\/2026\\\/01\\\/dr-malou-vahvlid-kassidele1.jpg\",\"datePublished\":\"2026-01-26T14:05:31+00:00\",\"breadcrumb\":{\"@id\":\"https:\\\/\\\/miumjau.ee\\\/fi\\\/tuote\\\/dr-malou-pakastekuivatut-kanavahvelit-kissoille-60g\\\/#breadcrumb\"},\"inLanguage\":\"fi\",\"potentialAction\":[{\"@type\":\"ReadAction\",\"target\":[\"https:\\\/\\\/miumjau.ee\\\/fi\\\/tuote\\\/dr-malou-pakastekuivatut-kanavahvelit-kissoille-60g\\\/\"]}]},{\"@type\":\"ImageObject\",\"inLanguage\":\"fi\",\"@id\":\"https:\\\/\\\/miumjau.ee\\\/fi\\\/tuote\\\/dr-malou-pakastekuivatut-kanavahvelit-kissoille-60g\\\/#primaryimage\",\"url\":\"https:\\\/\\\/miumjau.ee\\\/wp-content\\\/uploads\\\/2026\\\/01\\\/dr-malou-vahvlid-kassidele1.jpg\",\"contentUrl\":\"https:\\\/\\\/miumjau.ee\\\/wp-content\\\/uploads\\\/2026\\\/01\\\/dr-malou-vahvlid-kassidele1.jpg\",\"width\":600,\"height\":800,\"caption\":\"Dr Malou k\u00fclmkuivatatud kanavahvlid kassidele 60g\"},{\"@type\":\"BreadcrumbList\",\"@id\":\"https:\\\/\\\/miumjau.ee\\\/fi\\\/tuote\\\/dr-malou-pakastekuivatut-kanavahvelit-kissoille-60g\\\/#breadcrumb\",\"itemListElement\":[{\"@type\":\"ListItem\",\"position\":1,\"name\":\"Home\",\"item\":\"https:\\\/\\\/miumjau.ee\\\/fi\\\/\"},{\"@type\":\"ListItem\",\"position\":2,\"name\":\"Kauppa\",\"item\":\"https:\\\/\\\/miumjau.ee\\\/fi\\\/kauppa\\\/\"},{\"@type\":\"ListItem\",\"position\":3,\"name\":\"Dr Malou Pakastekuivatut kanavahvelit kissoille 60g\"}]},{\"@type\":\"WebSite\",\"@id\":\"https:\\\/\\\/miumjau.ee\\\/#website\",\"url\":\"https:\\\/\\\/miumjau.ee\\\/\",\"name\":\"MiuMjau\",\"description\":\"Kraapimispuud kassidele\",\"publisher\":{\"@id\":\"https:\\\/\\\/miumjau.ee\\\/#organization\"},\"potentialAction\":[{\"@type\":\"SearchAction\",\"target\":{\"@type\":\"EntryPoint\",\"urlTemplate\":\"https:\\\/\\\/miumjau.ee\\\/?s={search_term_string}\"},\"query-input\":{\"@type\":\"PropertyValueSpecification\",\"valueRequired\":true,\"valueName\":\"search_term_string\"}}],\"inLanguage\":\"fi\"},{\"@type\":\"Organization\",\"@id\":\"https:\\\/\\\/miumjau.ee\\\/#organization\",\"name\":\"MiuMjau O\u00dc\",\"url\":\"https:\\\/\\\/miumjau.ee\\\/\",\"logo\":{\"@type\":\"ImageObject\",\"inLanguage\":\"fi\",\"@id\":\"https:\\\/\\\/miumjau.ee\\\/#\\\/schema\\\/logo\\\/image\\\/\",\"url\":\"https:\\\/\\\/miumjau.ee\\\/wp-content\\\/uploads\\\/2022\\\/04\\\/MiuMjau-logo-kollane.png\",\"contentUrl\":\"https:\\\/\\\/miumjau.ee\\\/wp-content\\\/uploads\\\/2022\\\/04\\\/MiuMjau-logo-kollane.png\",\"width\":219,\"height\":100,\"caption\":\"MiuMjau O\u00dc\"},\"image\":{\"@id\":\"https:\\\/\\\/miumjau.ee\\\/#\\\/schema\\\/logo\\\/image\\\/\"},\"sameAs\":[\"https:\\\/\\\/www.facebook.com\\\/miumjaupood\\\/\"]}]}<\/script>\n<!-- \/ Yoast SEO plugin. -->","yoast_head_json":{"title":"Dr Malou Pakastekuivatut kanavahvelit kissoille 60g - MiuMjau","robots":{"index":"index","follow":"follow","max-snippet":"max-snippet:-1","max-image-preview":"max-image-preview:large","max-video-preview":"max-video-preview:-1"},"canonical":"https:\/\/miumjau.ee\/fi\/tuote\/dr-malou-pakastekuivatut-kanavahvelit-kissoille-60g\/","og_locale":"fi_FI","og_type":"article","og_title":"Dr Malou Pakastekuivatut kanavahvelit kissoille 60g - MiuMjau","og_description":"Kanavahvelit kissoille \u2013 luonnollinen herkku, joka tukee kissan terveytt\u00e4 ja vaistoja Etsitk\u00f6 lemmikillesi vaivatonta mutta herkullista v\u00e4lipalaa? Dr. Maloun kissoille tarkoitetut pakastekuivatut lihavahvelit ovat innovatiivisia herkkupaloja, joissa yhdistyv\u00e4t korkealaatuiset ainesosat ja pureskelun ilo. Liharikkaita, turvallisia ja luonnollisia \u2013 ihanteellisia p\u00e4ivitt\u00e4iseen k\u00e4ytt\u00f6\u00f6n. L\u00f6yd\u00e4 vahvelit, joita kissasi rakastaa ja joista se ei saa koskaan tarpeekseen! Jokainen pakkaus sis\u00e4lt\u00e4\u00e4 sekoituksen eri makuja, mik\u00e4 monipuolistaa kissasi ruokavaliota ja tarjoaa sille monipuolisia ravintoaineita. Dr. Malou -kissavahveleita on saatavilla seuraavina variaatioina:     Kana ja kurpitsa \u2013 tukee ruoansulatusta ja tarjoaa kuitua.    Kana ja mustikka \u2013 luonnollinen antioksidantti, C- ja K-vitamiinin l\u00e4hde.    Kana ja karpalo \u2013 tukee virtsateiden terveytt\u00e4.    Kana ja ohranoras \u2013 foolihapon ja kaliumin l\u00e4hde.    Kana ja kananmunankeltuainen \u2013 luonnollinen multivitamiini iholle, turkille ja silmille.   Mit\u00e4 ainesosat sis\u00e4lt\u00e4v\u00e4t? Vain kaikkein t\u00e4rkeimm\u00e4n. Dr. Malou -kissavahvelit koostuvat 88-prosenttisesti kananlihasta ja ne on rikastettu vain valituilla toiminnallisilla lisill\u00e4:     Kananmaksa: A- ja B-vitamiinien sek\u00e4 seleenin l\u00e4hde.    Mustikka ja karpalo: antioksidanttisia ja diureettisia ominaisuuksia.    Ohranoras: tarjoaa t\u00e4rkeit\u00e4 mikroravinteita ja tukee ruoansulatusta.    Kananmunankeltuainen: sis\u00e4lt\u00e4\u00e4 runsaasti biotiinia ja luteiinia, jotka edist\u00e4v\u00e4t turkin ja silmien terveytt\u00e4.    Jamssijauhe: tukee suolistoflooraa ja ruoansulatuskanavan toimintaa.   On t\u00e4rke\u00e4\u00e4 tiet\u00e4\u00e4, ett\u00e4 n\u00e4m\u00e4 kissavahvelit eiv\u00e4t sis\u00e4ll\u00e4 keinotekoisia s\u00e4il\u00f6nt\u00e4aineita, v\u00e4riaineita tai tarpeettomia t\u00e4yteaineita \u2013 ne s\u00e4ilyv\u00e4t luonnollisesti rosmariiniuusteen ansiosta. Korkeinta laatua luonnollisessa muodossa Valitsimme pakastekuivatut herkut, koska pakastekuivausprosessi s\u00e4ilytt\u00e4\u00e4 kaikkien ainesosien ravintoarvon, lihan t\u00e4ytel\u00e4isen maun ja aromin sek\u00e4 takaa pitk\u00e4n s\u00e4ilyvyyden l\u00e4hes muuttumattomassa muodossa. T\u00e4m\u00e4 tekee jokaisesta kissavahvelista paitsi herkullisen, my\u00f6s terveellisen. N\u00e4m\u00e4 herkut tarjoavat k\u00e4ytt\u00e4ytymiseen liittyvi\u00e4 ja sensorisia etuja, jotka ovat t\u00e4rkeit\u00e4 lemmikkisi hyvinvoinnille. Sensorinen stimulointi auttaa niit\u00e4 hallitsemaan stressi\u00e4 ja parantaa niiden k\u00e4ytt\u00e4ytymist\u00e4, auttaen kissoja tulemaan rauhallisemmiksi ja itsevarmemmiksi.     Rapeat vahvelit tukevat suuhygieniaa ja tyydytt\u00e4v\u00e4t luonnollisen pureskeluntarpeen.    Voidaan tarjoilla my\u00f6s kostutettuna \u2013 kasta vain veteen pehment\u00e4\u00e4ksesi rakenteen.    Palkinto \u2013 sopii erinomaisesti koulutukseen, leikkiin tai v\u00e4lipalaksi.   Analyyttiset ainesosat: raakavalkuainen 74 %, raakarasva 10 %, raakakuitu 2 %, tuhka 6 %, kosteus 6 %. Energia: 351 kcal \/ 100 g (1 vahveli = 7 kcal). Suositeltu annostus:     El\u00e4imen paino (kg): 0,5\u20132 | 2\u20134 | 4\u20136 | yli 6    M\u00e4\u00e4r\u00e4 (kpl\/p\u00e4iv\u00e4): 1\u20132 | 2\u20134 | 3\u20135 | 4\u20137","og_url":"https:\/\/miumjau.ee\/fi\/tuote\/dr-malou-pakastekuivatut-kanavahvelit-kissoille-60g\/","og_site_name":"MiuMjau","article_publisher":"https:\/\/www.facebook.com\/miumjaupood\/","og_image":[{"width":600,"height":800,"url":"https:\/\/miumjau.ee\/wp-content\/uploads\/2026\/01\/dr-malou-vahvlid-kassidele1.jpg","type":"image\/jpeg"}],"twitter_card":"summary_large_image","schema":{"@context":"https:\/\/schema.org","@graph":[{"@type":"WebPage","@id":"https:\/\/miumjau.ee\/fi\/tuote\/dr-malou-pakastekuivatut-kanavahvelit-kissoille-60g\/","url":"https:\/\/miumjau.ee\/fi\/tuote\/dr-malou-pakastekuivatut-kanavahvelit-kissoille-60g\/","name":"Dr Malou Pakastekuivatut kanavahvelit kissoille 60g - MiuMjau","isPartOf":{"@id":"https:\/\/miumjau.ee\/#website"},"primaryImageOfPage":{"@id":"https:\/\/miumjau.ee\/fi\/tuote\/dr-malou-pakastekuivatut-kanavahvelit-kissoille-60g\/#primaryimage"},"image":{"@id":"https:\/\/miumjau.ee\/fi\/tuote\/dr-malou-pakastekuivatut-kanavahvelit-kissoille-60g\/#primaryimage"},"thumbnailUrl":"https:\/\/miumjau.ee\/wp-content\/uploads\/2026\/01\/dr-malou-vahvlid-kassidele1.jpg","datePublished":"2026-01-26T14:05:31+00:00","breadcrumb":{"@id":"https:\/\/miumjau.ee\/fi\/tuote\/dr-malou-pakastekuivatut-kanavahvelit-kissoille-60g\/#breadcrumb"},"inLanguage":"fi","potentialAction":[{"@type":"ReadAction","target":["https:\/\/miumjau.ee\/fi\/tuote\/dr-malou-pakastekuivatut-kanavahvelit-kissoille-60g\/"]}]},{"@type":"ImageObject","inLanguage":"fi","@id":"https:\/\/miumjau.ee\/fi\/tuote\/dr-malou-pakastekuivatut-kanavahvelit-kissoille-60g\/#primaryimage","url":"https:\/\/miumjau.ee\/wp-content\/uploads\/2026\/01\/dr-malou-vahvlid-kassidele1.jpg","contentUrl":"https:\/\/miumjau.ee\/wp-content\/uploads\/2026\/01\/dr-malou-vahvlid-kassidele1.jpg","width":600,"height":800,"caption":"Dr Malou k\u00fclmkuivatatud kanavahvlid kassidele 60g"},{"@type":"BreadcrumbList","@id":"https:\/\/miumjau.ee\/fi\/tuote\/dr-malou-pakastekuivatut-kanavahvelit-kissoille-60g\/#breadcrumb","itemListElement":[{"@type":"ListItem","position":1,"name":"Home","item":"https:\/\/miumjau.ee\/fi\/"},{"@type":"ListItem","position":2,"name":"Kauppa","item":"https:\/\/miumjau.ee\/fi\/kauppa\/"},{"@type":"ListItem","position":3,"name":"Dr Malou Pakastekuivatut kanavahvelit kissoille 60g"}]},{"@type":"WebSite","@id":"https:\/\/miumjau.ee\/#website","url":"https:\/\/miumjau.ee\/","name":"MiuMjau","description":"Kraapimispuud kassidele","publisher":{"@id":"https:\/\/miumjau.ee\/#organization"},"potentialAction":[{"@type":"SearchAction","target":{"@type":"EntryPoint","urlTemplate":"https:\/\/miumjau.ee\/?s={search_term_string}"},"query-input":{"@type":"PropertyValueSpecification","valueRequired":true,"valueName":"search_term_string"}}],"inLanguage":"fi"},{"@type":"Organization","@id":"https:\/\/miumjau.ee\/#organization","name":"MiuMjau O\u00dc","url":"https:\/\/miumjau.ee\/","logo":{"@type":"ImageObject","inLanguage":"fi","@id":"https:\/\/miumjau.ee\/#\/schema\/logo\/image\/","url":"https:\/\/miumjau.ee\/wp-content\/uploads\/2022\/04\/MiuMjau-logo-kollane.png","contentUrl":"https:\/\/miumjau.ee\/wp-content\/uploads\/2022\/04\/MiuMjau-logo-kollane.png","width":219,"height":100,"caption":"MiuMjau O\u00dc"},"image":{"@id":"https:\/\/miumjau.ee\/#\/schema\/logo\/image\/"},"sameAs":["https:\/\/www.facebook.com\/miumjaupood\/"]}]}},"_links":{"self":[{"href":"https:\/\/miumjau.ee\/fi\/wp-json\/wp\/v2\/product\/53182","targetHints":{"allow":["GET"]}}],"collection":[{"href":"https:\/\/miumjau.ee\/fi\/wp-json\/wp\/v2\/product"}],"about":[{"href":"https:\/\/miumjau.ee\/fi\/wp-json\/wp\/v2\/types\/product"}],"wp:featuredmedia":[{"embeddable":true,"href":"https:\/\/miumjau.ee\/fi\/wp-json\/wp\/v2\/media\/52919"}],"wp:attachment":[{"href":"https:\/\/miumjau.ee\/fi\/wp-json\/wp\/v2\/media?parent=53182"}],"wp:term":[{"taxonomy":"product_brand","embeddable":true,"href":"https:\/\/miumjau.ee\/fi\/wp-json\/wp\/v2\/product_brand?post=53182"},{"taxonomy":"product_cat","embeddable":true,"href":"https:\/\/miumjau.ee\/fi\/wp-json\/wp\/v2\/product_cat?post=53182"},{"taxonomy":"product_tag","embeddable":true,"href":"https:\/\/miumjau.ee\/fi\/wp-json\/wp\/v2\/product_tag?post=53182"}],"curies":[{"name":"wp","href":"https:\/\/api.w.org\/{rel}","templated":true}]}}