{"id":53174,"date":"2026-01-26T15:59:09","date_gmt":"2026-01-26T13:59:09","guid":{"rendered":"https:\/\/miumjau.ee\/toode\/dr-malou-pakastekuivattu-100-kananmaksa\/"},"modified":"2026-01-26T15:59:09","modified_gmt":"2026-01-26T13:59:09","slug":"dr-malou-pakastekuivattu-100-kananmaksa","status":"publish","type":"product","link":"https:\/\/miumjau.ee\/fi\/tuote\/dr-malou-pakastekuivattu-100-kananmaksa\/","title":{"rendered":"Dr Malou Pakastekuivattu 100 % Kananmaksa"},"content":{"rendered":"","protected":false},"excerpt":{"rendered":"<p data-path-to-node=\"17\">Dr Malou pakastekuivattu 100 % kananmaksa on erinomainen herkku sek\u00e4 kissoille ett\u00e4 koirille. Herkkupala lemmikeille, jotka ansaitsevat puhdasta, luonnollista ja t\u00e4ysipainoista ravintoa.<\/p>\n<p data-path-to-node=\"18\"><b data-path-to-node=\"18\" data-index-in-node=\"0\">Miksi juuri kananmaksa?<\/b> Se sis\u00e4lt\u00e4\u00e4 suuren annoksen A-vitamiinia, joka tukee n\u00e4k\u00f6\u00e4, kasvua ja vastustuskyky\u00e4. Tauriinin ja foolihapon l\u00e4hteen\u00e4 se edist\u00e4\u00e4 syd\u00e4men terveytt\u00e4, hermostoa ja aineenvaihduntaa, mik\u00e4 on erityisen t\u00e4rke\u00e4\u00e4 kissoille. Runsaasti B12-vitamiinia ja rautaa sis\u00e4lt\u00e4v\u00e4 maksa on v\u00e4ltt\u00e4m\u00e4t\u00f6n punasolujen muodostumiselle ja edist\u00e4\u00e4 elinvoimaa ja energiaa.<\/p>\n<p data-path-to-node=\"19\"><b data-path-to-node=\"19\" data-index-in-node=\"0\">Tuoreus ja ravintoarvot pakastekuivauksen ansiosta<\/b> Pakastekuivaus s\u00e4ilytt\u00e4\u00e4 jopa 98 % lihan biologisesta arvosta. Tuote ei tarvitse s\u00e4il\u00f6nt\u00e4aineita ja pysyy silti tuoreena ja maukkaana. Maksa s\u00e4ilytt\u00e4\u00e4 luonnollisen arominsa, joka houkuttelee nirsompiakin lemmikkej\u00e4.<\/p>\n<p data-path-to-node=\"20\"><b data-path-to-node=\"20\" data-index-in-node=\"0\">Tarjoiluohje:<\/b><\/p>\n<ul data-path-to-node=\"21\">\n<li>\n<p data-path-to-node=\"21,0,0\">Kuivana palkkiona.<\/p>\n<\/li>\n<li>\n<p data-path-to-node=\"21,1,0\">Vedess\u00e4 liotettuna pehme\u00e4n rakenteen saamiseksi.<\/p>\n<\/li>\n<li>\n<p data-path-to-node=\"21,2,0\">Murennettuna ruoan p\u00e4\u00e4lle maun parantamiseksi.<\/p>\n<\/li>\n<\/ul>\n<p data-path-to-node=\"22\"><b data-path-to-node=\"22\" data-index-in-node=\"0\">Tuotetiedot:<\/b><\/p>\n<ul data-path-to-node=\"23\">\n<li>\n<p data-path-to-node=\"23,0,0\"><b data-path-to-node=\"23,0,0\" data-index-in-node=\"0\">Paino:<\/b> 50 g<\/p>\n<\/li>\n<li>\n<p data-path-to-node=\"23,1,0\"><b data-path-to-node=\"23,1,0\" data-index-in-node=\"0\">Koostumus:<\/b> 100 % kananmaksa<\/p>\n<\/li>\n<li>\n<p data-path-to-node=\"23,2,0\"><b data-path-to-node=\"23,2,0\" data-index-in-node=\"0\">Ravintoaineet:<\/b> Raakavalkuainen 67 %, raakarasva 23,1 %, tuhka 4,5 %, raakakuitu 0 %, kosteus 3 %.<\/p>\n<\/li>\n<\/ul>\n","protected":false},"featured_media":52961,"template":"","meta":[],"product_brand":[],"product_cat":[480,266],"product_tag":[],"class_list":{"0":"post-53174","1":"product","2":"type-product","3":"status-publish","4":"has-post-thumbnail","6":"product_cat-herkut-koirille","7":"product_cat-makeiset","9":"first","10":"instock","11":"taxable","12":"shipping-taxable","13":"purchasable","14":"product-type-simple"},"yoast_head":"<!-- This site is optimized with the Yoast SEO plugin v27.4 - https:\/\/yoast.com\/product\/yoast-seo-wordpress\/ -->\n<title>Dr Malou Pakastekuivattu 100 % Kananmaksa - MiuMjau<\/title>\n<meta name=\"robots\" content=\"index, follow, max-snippet:-1, max-image-preview:large, max-video-preview:-1\" \/>\n<link rel=\"canonical\" href=\"https:\/\/miumjau.ee\/fi\/tuote\/dr-malou-pakastekuivattu-100-kananmaksa\/\" \/>\n<meta property=\"og:locale\" content=\"fi_FI\" \/>\n<meta property=\"og:type\" content=\"article\" \/>\n<meta property=\"og:title\" content=\"Dr Malou Pakastekuivattu 100 % Kananmaksa - MiuMjau\" \/>\n<meta property=\"og:description\" content=\"Dr Malou pakastekuivattu 100 % kananmaksa on erinomainen herkku sek\u00e4 kissoille ett\u00e4 koirille. Herkkupala lemmikeille, jotka ansaitsevat puhdasta, luonnollista ja t\u00e4ysipainoista ravintoa. Miksi juuri kananmaksa? Se sis\u00e4lt\u00e4\u00e4 suuren annoksen A-vitamiinia, joka tukee n\u00e4k\u00f6\u00e4, kasvua ja vastustuskyky\u00e4. Tauriinin ja foolihapon l\u00e4hteen\u00e4 se edist\u00e4\u00e4 syd\u00e4men terveytt\u00e4, hermostoa ja aineenvaihduntaa, mik\u00e4 on erityisen t\u00e4rke\u00e4\u00e4 kissoille. Runsaasti B12-vitamiinia ja rautaa sis\u00e4lt\u00e4v\u00e4 maksa on v\u00e4ltt\u00e4m\u00e4t\u00f6n punasolujen muodostumiselle ja edist\u00e4\u00e4 elinvoimaa ja energiaa. Tuoreus ja ravintoarvot pakastekuivauksen ansiosta Pakastekuivaus s\u00e4ilytt\u00e4\u00e4 jopa 98 % lihan biologisesta arvosta. Tuote ei tarvitse s\u00e4il\u00f6nt\u00e4aineita ja pysyy silti tuoreena ja maukkaana. Maksa s\u00e4ilytt\u00e4\u00e4 luonnollisen arominsa, joka houkuttelee nirsompiakin lemmikkej\u00e4. Tarjoiluohje:     Kuivana palkkiona.    Vedess\u00e4 liotettuna pehme\u00e4n rakenteen saamiseksi.    Murennettuna ruoan p\u00e4\u00e4lle maun parantamiseksi.   Tuotetiedot:     Paino: 50 g    Koostumus: 100 % kananmaksa    Ravintoaineet: Raakavalkuainen 67 %, raakarasva 23,1 %, tuhka 4,5 %, raakakuitu 0 %, kosteus 3 %.\" \/>\n<meta property=\"og:url\" content=\"https:\/\/miumjau.ee\/fi\/tuote\/dr-malou-pakastekuivattu-100-kananmaksa\/\" \/>\n<meta property=\"og:site_name\" content=\"MiuMjau\" \/>\n<meta property=\"article:publisher\" content=\"https:\/\/www.facebook.com\/miumjaupood\/\" \/>\n<meta property=\"og:image\" content=\"https:\/\/miumjau.ee\/wp-content\/uploads\/2026\/01\/dr-malou-kanamaks-original1.jpg\" \/>\n\t<meta property=\"og:image:width\" content=\"600\" \/>\n\t<meta property=\"og:image:height\" content=\"800\" \/>\n\t<meta property=\"og:image:type\" content=\"image\/jpeg\" \/>\n<meta name=\"twitter:card\" content=\"summary_large_image\" \/>\n<script type=\"application\/ld+json\" class=\"yoast-schema-graph\">{\"@context\":\"https:\\\/\\\/schema.org\",\"@graph\":[{\"@type\":\"WebPage\",\"@id\":\"https:\\\/\\\/miumjau.ee\\\/fi\\\/tuote\\\/dr-malou-pakastekuivattu-100-kananmaksa\\\/\",\"url\":\"https:\\\/\\\/miumjau.ee\\\/fi\\\/tuote\\\/dr-malou-pakastekuivattu-100-kananmaksa\\\/\",\"name\":\"Dr Malou Pakastekuivattu 100 % Kananmaksa - MiuMjau\",\"isPartOf\":{\"@id\":\"https:\\\/\\\/miumjau.ee\\\/#website\"},\"primaryImageOfPage\":{\"@id\":\"https:\\\/\\\/miumjau.ee\\\/fi\\\/tuote\\\/dr-malou-pakastekuivattu-100-kananmaksa\\\/#primaryimage\"},\"image\":{\"@id\":\"https:\\\/\\\/miumjau.ee\\\/fi\\\/tuote\\\/dr-malou-pakastekuivattu-100-kananmaksa\\\/#primaryimage\"},\"thumbnailUrl\":\"https:\\\/\\\/miumjau.ee\\\/wp-content\\\/uploads\\\/2026\\\/01\\\/dr-malou-kanamaks-original1.jpg\",\"datePublished\":\"2026-01-26T13:59:09+00:00\",\"breadcrumb\":{\"@id\":\"https:\\\/\\\/miumjau.ee\\\/fi\\\/tuote\\\/dr-malou-pakastekuivattu-100-kananmaksa\\\/#breadcrumb\"},\"inLanguage\":\"fi\",\"potentialAction\":[{\"@type\":\"ReadAction\",\"target\":[\"https:\\\/\\\/miumjau.ee\\\/fi\\\/tuote\\\/dr-malou-pakastekuivattu-100-kananmaksa\\\/\"]}]},{\"@type\":\"ImageObject\",\"inLanguage\":\"fi\",\"@id\":\"https:\\\/\\\/miumjau.ee\\\/fi\\\/tuote\\\/dr-malou-pakastekuivattu-100-kananmaksa\\\/#primaryimage\",\"url\":\"https:\\\/\\\/miumjau.ee\\\/wp-content\\\/uploads\\\/2026\\\/01\\\/dr-malou-kanamaks-original1.jpg\",\"contentUrl\":\"https:\\\/\\\/miumjau.ee\\\/wp-content\\\/uploads\\\/2026\\\/01\\\/dr-malou-kanamaks-original1.jpg\",\"width\":600,\"height\":800,\"caption\":\"Dr Malou k\u00fclmkuivatatud 100% kanamaks\"},{\"@type\":\"BreadcrumbList\",\"@id\":\"https:\\\/\\\/miumjau.ee\\\/fi\\\/tuote\\\/dr-malou-pakastekuivattu-100-kananmaksa\\\/#breadcrumb\",\"itemListElement\":[{\"@type\":\"ListItem\",\"position\":1,\"name\":\"Home\",\"item\":\"https:\\\/\\\/miumjau.ee\\\/fi\\\/\"},{\"@type\":\"ListItem\",\"position\":2,\"name\":\"Kauppa\",\"item\":\"https:\\\/\\\/miumjau.ee\\\/fi\\\/kauppa\\\/\"},{\"@type\":\"ListItem\",\"position\":3,\"name\":\"Dr Malou Pakastekuivattu 100 % Kananmaksa\"}]},{\"@type\":\"WebSite\",\"@id\":\"https:\\\/\\\/miumjau.ee\\\/#website\",\"url\":\"https:\\\/\\\/miumjau.ee\\\/\",\"name\":\"MiuMjau\",\"description\":\"Kraapimispuud kassidele\",\"publisher\":{\"@id\":\"https:\\\/\\\/miumjau.ee\\\/#organization\"},\"potentialAction\":[{\"@type\":\"SearchAction\",\"target\":{\"@type\":\"EntryPoint\",\"urlTemplate\":\"https:\\\/\\\/miumjau.ee\\\/?s={search_term_string}\"},\"query-input\":{\"@type\":\"PropertyValueSpecification\",\"valueRequired\":true,\"valueName\":\"search_term_string\"}}],\"inLanguage\":\"fi\"},{\"@type\":\"Organization\",\"@id\":\"https:\\\/\\\/miumjau.ee\\\/#organization\",\"name\":\"MiuMjau O\u00dc\",\"url\":\"https:\\\/\\\/miumjau.ee\\\/\",\"logo\":{\"@type\":\"ImageObject\",\"inLanguage\":\"fi\",\"@id\":\"https:\\\/\\\/miumjau.ee\\\/#\\\/schema\\\/logo\\\/image\\\/\",\"url\":\"https:\\\/\\\/miumjau.ee\\\/wp-content\\\/uploads\\\/2022\\\/04\\\/MiuMjau-logo-kollane.png\",\"contentUrl\":\"https:\\\/\\\/miumjau.ee\\\/wp-content\\\/uploads\\\/2022\\\/04\\\/MiuMjau-logo-kollane.png\",\"width\":219,\"height\":100,\"caption\":\"MiuMjau O\u00dc\"},\"image\":{\"@id\":\"https:\\\/\\\/miumjau.ee\\\/#\\\/schema\\\/logo\\\/image\\\/\"},\"sameAs\":[\"https:\\\/\\\/www.facebook.com\\\/miumjaupood\\\/\"]}]}<\/script>\n<!-- \/ Yoast SEO plugin. -->","yoast_head_json":{"title":"Dr Malou Pakastekuivattu 100 % Kananmaksa - MiuMjau","robots":{"index":"index","follow":"follow","max-snippet":"max-snippet:-1","max-image-preview":"max-image-preview:large","max-video-preview":"max-video-preview:-1"},"canonical":"https:\/\/miumjau.ee\/fi\/tuote\/dr-malou-pakastekuivattu-100-kananmaksa\/","og_locale":"fi_FI","og_type":"article","og_title":"Dr Malou Pakastekuivattu 100 % Kananmaksa - MiuMjau","og_description":"Dr Malou pakastekuivattu 100 % kananmaksa on erinomainen herkku sek\u00e4 kissoille ett\u00e4 koirille. Herkkupala lemmikeille, jotka ansaitsevat puhdasta, luonnollista ja t\u00e4ysipainoista ravintoa. Miksi juuri kananmaksa? Se sis\u00e4lt\u00e4\u00e4 suuren annoksen A-vitamiinia, joka tukee n\u00e4k\u00f6\u00e4, kasvua ja vastustuskyky\u00e4. Tauriinin ja foolihapon l\u00e4hteen\u00e4 se edist\u00e4\u00e4 syd\u00e4men terveytt\u00e4, hermostoa ja aineenvaihduntaa, mik\u00e4 on erityisen t\u00e4rke\u00e4\u00e4 kissoille. Runsaasti B12-vitamiinia ja rautaa sis\u00e4lt\u00e4v\u00e4 maksa on v\u00e4ltt\u00e4m\u00e4t\u00f6n punasolujen muodostumiselle ja edist\u00e4\u00e4 elinvoimaa ja energiaa. Tuoreus ja ravintoarvot pakastekuivauksen ansiosta Pakastekuivaus s\u00e4ilytt\u00e4\u00e4 jopa 98 % lihan biologisesta arvosta. Tuote ei tarvitse s\u00e4il\u00f6nt\u00e4aineita ja pysyy silti tuoreena ja maukkaana. Maksa s\u00e4ilytt\u00e4\u00e4 luonnollisen arominsa, joka houkuttelee nirsompiakin lemmikkej\u00e4. Tarjoiluohje:     Kuivana palkkiona.    Vedess\u00e4 liotettuna pehme\u00e4n rakenteen saamiseksi.    Murennettuna ruoan p\u00e4\u00e4lle maun parantamiseksi.   Tuotetiedot:     Paino: 50 g    Koostumus: 100 % kananmaksa    Ravintoaineet: Raakavalkuainen 67 %, raakarasva 23,1 %, tuhka 4,5 %, raakakuitu 0 %, kosteus 3 %.","og_url":"https:\/\/miumjau.ee\/fi\/tuote\/dr-malou-pakastekuivattu-100-kananmaksa\/","og_site_name":"MiuMjau","article_publisher":"https:\/\/www.facebook.com\/miumjaupood\/","og_image":[{"width":600,"height":800,"url":"https:\/\/miumjau.ee\/wp-content\/uploads\/2026\/01\/dr-malou-kanamaks-original1.jpg","type":"image\/jpeg"}],"twitter_card":"summary_large_image","schema":{"@context":"https:\/\/schema.org","@graph":[{"@type":"WebPage","@id":"https:\/\/miumjau.ee\/fi\/tuote\/dr-malou-pakastekuivattu-100-kananmaksa\/","url":"https:\/\/miumjau.ee\/fi\/tuote\/dr-malou-pakastekuivattu-100-kananmaksa\/","name":"Dr Malou Pakastekuivattu 100 % Kananmaksa - MiuMjau","isPartOf":{"@id":"https:\/\/miumjau.ee\/#website"},"primaryImageOfPage":{"@id":"https:\/\/miumjau.ee\/fi\/tuote\/dr-malou-pakastekuivattu-100-kananmaksa\/#primaryimage"},"image":{"@id":"https:\/\/miumjau.ee\/fi\/tuote\/dr-malou-pakastekuivattu-100-kananmaksa\/#primaryimage"},"thumbnailUrl":"https:\/\/miumjau.ee\/wp-content\/uploads\/2026\/01\/dr-malou-kanamaks-original1.jpg","datePublished":"2026-01-26T13:59:09+00:00","breadcrumb":{"@id":"https:\/\/miumjau.ee\/fi\/tuote\/dr-malou-pakastekuivattu-100-kananmaksa\/#breadcrumb"},"inLanguage":"fi","potentialAction":[{"@type":"ReadAction","target":["https:\/\/miumjau.ee\/fi\/tuote\/dr-malou-pakastekuivattu-100-kananmaksa\/"]}]},{"@type":"ImageObject","inLanguage":"fi","@id":"https:\/\/miumjau.ee\/fi\/tuote\/dr-malou-pakastekuivattu-100-kananmaksa\/#primaryimage","url":"https:\/\/miumjau.ee\/wp-content\/uploads\/2026\/01\/dr-malou-kanamaks-original1.jpg","contentUrl":"https:\/\/miumjau.ee\/wp-content\/uploads\/2026\/01\/dr-malou-kanamaks-original1.jpg","width":600,"height":800,"caption":"Dr Malou k\u00fclmkuivatatud 100% kanamaks"},{"@type":"BreadcrumbList","@id":"https:\/\/miumjau.ee\/fi\/tuote\/dr-malou-pakastekuivattu-100-kananmaksa\/#breadcrumb","itemListElement":[{"@type":"ListItem","position":1,"name":"Home","item":"https:\/\/miumjau.ee\/fi\/"},{"@type":"ListItem","position":2,"name":"Kauppa","item":"https:\/\/miumjau.ee\/fi\/kauppa\/"},{"@type":"ListItem","position":3,"name":"Dr Malou Pakastekuivattu 100 % Kananmaksa"}]},{"@type":"WebSite","@id":"https:\/\/miumjau.ee\/#website","url":"https:\/\/miumjau.ee\/","name":"MiuMjau","description":"Kraapimispuud kassidele","publisher":{"@id":"https:\/\/miumjau.ee\/#organization"},"potentialAction":[{"@type":"SearchAction","target":{"@type":"EntryPoint","urlTemplate":"https:\/\/miumjau.ee\/?s={search_term_string}"},"query-input":{"@type":"PropertyValueSpecification","valueRequired":true,"valueName":"search_term_string"}}],"inLanguage":"fi"},{"@type":"Organization","@id":"https:\/\/miumjau.ee\/#organization","name":"MiuMjau O\u00dc","url":"https:\/\/miumjau.ee\/","logo":{"@type":"ImageObject","inLanguage":"fi","@id":"https:\/\/miumjau.ee\/#\/schema\/logo\/image\/","url":"https:\/\/miumjau.ee\/wp-content\/uploads\/2022\/04\/MiuMjau-logo-kollane.png","contentUrl":"https:\/\/miumjau.ee\/wp-content\/uploads\/2022\/04\/MiuMjau-logo-kollane.png","width":219,"height":100,"caption":"MiuMjau O\u00dc"},"image":{"@id":"https:\/\/miumjau.ee\/#\/schema\/logo\/image\/"},"sameAs":["https:\/\/www.facebook.com\/miumjaupood\/"]}]}},"_links":{"self":[{"href":"https:\/\/miumjau.ee\/fi\/wp-json\/wp\/v2\/product\/53174","targetHints":{"allow":["GET"]}}],"collection":[{"href":"https:\/\/miumjau.ee\/fi\/wp-json\/wp\/v2\/product"}],"about":[{"href":"https:\/\/miumjau.ee\/fi\/wp-json\/wp\/v2\/types\/product"}],"wp:featuredmedia":[{"embeddable":true,"href":"https:\/\/miumjau.ee\/fi\/wp-json\/wp\/v2\/media\/52961"}],"wp:attachment":[{"href":"https:\/\/miumjau.ee\/fi\/wp-json\/wp\/v2\/media?parent=53174"}],"wp:term":[{"taxonomy":"product_brand","embeddable":true,"href":"https:\/\/miumjau.ee\/fi\/wp-json\/wp\/v2\/product_brand?post=53174"},{"taxonomy":"product_cat","embeddable":true,"href":"https:\/\/miumjau.ee\/fi\/wp-json\/wp\/v2\/product_cat?post=53174"},{"taxonomy":"product_tag","embeddable":true,"href":"https:\/\/miumjau.ee\/fi\/wp-json\/wp\/v2\/product_tag?post=53174"}],"curies":[{"name":"wp","href":"https:\/\/api.w.org\/{rel}","templated":true}]}}