{"id":52718,"date":"2025-03-24T18:59:01","date_gmt":"2025-03-24T16:59:01","guid":{"rendered":"https:\/\/miumjau.ee\/toode\/sana-ilmakuivattu-herkku-ankkahampurilaiset-100g\/"},"modified":"2025-03-24T18:59:01","modified_gmt":"2025-03-24T16:59:01","slug":"sana-ilmakuivattu-herkku-ankkahampurilaiset-100g","status":"publish","type":"product","link":"https:\/\/miumjau.ee\/fi\/tuote\/sana-ilmakuivattu-herkku-ankkahampurilaiset-100g\/","title":{"rendered":"Sana ilmakuivattu herkku, ankkahampurilaiset 100g"},"content":{"rendered":"","protected":false},"excerpt":{"rendered":"<p data-start=\"30\" data-end=\"442\"><strong data-start=\"30\" data-end=\"89\">Sana-koiranherkku on todella erinomainen herkku! Miksi?<\/strong><br data-start=\"89\" data-end=\"92\" \/>Koska se ei ole ainoastaan vastustamattoman maukas, vaan my\u00f6s valmistettu parhaista raaka-aineista. Korkea lihapitoisuus! Ei mit\u00e4\u00e4n keinotekoista. Hell\u00e4varaisen valmistusprosessimme ansiosta raaka-aineiden ravintoaineet s\u00e4ilyv\u00e4t, auttaen koiraa pysym\u00e4\u00e4n pitk\u00e4\u00e4n terveen\u00e4 ja elinvoimaisena. Vastustamattoman maukas ja terveellinen v\u00e4lipala koirallesi.<\/p>\n<p data-start=\"444\" data-end=\"546\"><strong data-start=\"444\" data-end=\"458\">Koostumus:<\/strong> 95 % ankkaa, 5 % luonnollista kasvipohjaista glyseriini\u00e4.<br data-start=\"516\" data-end=\"519\" \/><strong data-start=\"519\" data-end=\"546\">T\u00e4ydennysrehu koirille.<\/strong><\/p>\n<p data-start=\"548\" data-end=\"641\"><strong data-start=\"548\" data-end=\"575\">Analyyttinen koostumus:<\/strong> Valkuainen 36 %, rasva 18 %, kosteus 8 %, tuhka 6 %, kuitu 1 %.<\/p>\n<p data-start=\"643\" data-end=\"731\"><strong data-start=\"643\" data-end=\"656\">S\u00e4ilytys:<\/strong> S\u00e4ilyt\u00e4 viile\u00e4ss\u00e4 ja kuivassa paikassa, poissa suorasta auringonvalosta.<\/p>\n<p data-start=\"733\" data-end=\"900\" data-is-last-node=\"\" data-is-only-node=\"\"><strong data-start=\"733\" data-end=\"752\">Ruokintaohjeet:<\/strong> Sopii pennuille 12 viikon i\u00e4st\u00e4 alkaen.<br data-start=\"792\" data-end=\"795\" \/>Valvo koiraasi ruokinnan aikana ja varmista, ett\u00e4 sill\u00e4 on aina tarjolla raikasta ja puhdasta juomavett\u00e4.<\/p>\n","protected":false},"featured_media":30317,"template":"","meta":[],"product_brand":[],"product_cat":[480],"product_tag":[],"class_list":{"0":"post-52718","1":"product","2":"type-product","3":"status-publish","4":"has-post-thumbnail","6":"product_cat-herkut-koirille","8":"first","9":"instock","10":"taxable","11":"shipping-taxable","12":"purchasable","13":"product-type-simple"},"yoast_head":"<!-- This site is optimized with the Yoast SEO plugin v27.2 - https:\/\/yoast.com\/product\/yoast-seo-wordpress\/ -->\n<title>Sana ilmakuivattu herkku, ankkahampurilaiset 100g - MiuMjau<\/title>\n<meta name=\"description\" content=\"Sana koiranherkut ovat 100 % luonnollisia ja valmistettu l\u00e4hes kokonaan lihasta. Parasta raaka-ainetta parhaassa muodossa \u2013 kaikkea koirasi hyv\u00e4ksi. Eritt\u00e4in maukasta!\" \/>\n<meta name=\"robots\" content=\"index, follow, max-snippet:-1, max-image-preview:large, max-video-preview:-1\" \/>\n<link rel=\"canonical\" href=\"https:\/\/miumjau.ee\/fi\/tuote\/sana-ilmakuivattu-herkku-ankkahampurilaiset-100g\/\" \/>\n<meta property=\"og:locale\" content=\"fi_FI\" \/>\n<meta property=\"og:type\" content=\"article\" \/>\n<meta property=\"og:title\" content=\"Sana ilmakuivattu herkku, ankkahampurilaiset 100g - MiuMjau\" \/>\n<meta property=\"og:description\" content=\"Sana koiranherkut ovat 100 % luonnollisia ja valmistettu l\u00e4hes kokonaan lihasta. Parasta raaka-ainetta parhaassa muodossa \u2013 kaikkea koirasi hyv\u00e4ksi. Eritt\u00e4in maukasta!\" \/>\n<meta property=\"og:url\" content=\"https:\/\/miumjau.ee\/fi\/tuote\/sana-ilmakuivattu-herkku-ankkahampurilaiset-100g\/\" \/>\n<meta property=\"og:site_name\" content=\"MiuMjau\" \/>\n<meta property=\"article:publisher\" content=\"https:\/\/www.facebook.com\/miumjaupood\/\" \/>\n<meta property=\"og:image\" content=\"https:\/\/miumjau.ee\/wp-content\/uploads\/2025\/03\/sana-maius-koerale-burger-part-100g-Photoroom-1.webp\" \/>\n\t<meta property=\"og:image:width\" content=\"600\" \/>\n\t<meta property=\"og:image:height\" content=\"800\" \/>\n\t<meta property=\"og:image:type\" content=\"image\/webp\" \/>\n<meta name=\"twitter:card\" content=\"summary_large_image\" \/>\n<script type=\"application\/ld+json\" class=\"yoast-schema-graph\">{\"@context\":\"https:\/\/schema.org\",\"@graph\":[{\"@type\":\"WebPage\",\"@id\":\"https:\/\/miumjau.ee\/fi\/tuote\/sana-ilmakuivattu-herkku-ankkahampurilaiset-100g\/\",\"url\":\"https:\/\/miumjau.ee\/fi\/tuote\/sana-ilmakuivattu-herkku-ankkahampurilaiset-100g\/\",\"name\":\"Sana ilmakuivattu herkku, ankkahampurilaiset 100g - MiuMjau\",\"isPartOf\":{\"@id\":\"https:\/\/miumjau.ee\/#website\"},\"primaryImageOfPage\":{\"@id\":\"https:\/\/miumjau.ee\/fi\/tuote\/sana-ilmakuivattu-herkku-ankkahampurilaiset-100g\/#primaryimage\"},\"image\":{\"@id\":\"https:\/\/miumjau.ee\/fi\/tuote\/sana-ilmakuivattu-herkku-ankkahampurilaiset-100g\/#primaryimage\"},\"thumbnailUrl\":\"https:\/\/miumjau.ee\/wp-content\/uploads\/2025\/03\/sana-maius-koerale-burger-part-100g-Photoroom-1.webp\",\"datePublished\":\"2025-03-24T16:59:01+00:00\",\"description\":\"Sana koiranherkut ovat 100 % luonnollisia ja valmistettu l\u00e4hes kokonaan lihasta. Parasta raaka-ainetta parhaassa muodossa \u2013 kaikkea koirasi hyv\u00e4ksi. Eritt\u00e4in maukasta!\",\"breadcrumb\":{\"@id\":\"https:\/\/miumjau.ee\/fi\/tuote\/sana-ilmakuivattu-herkku-ankkahampurilaiset-100g\/#breadcrumb\"},\"inLanguage\":\"fi\",\"potentialAction\":[{\"@type\":\"ReadAction\",\"target\":[\"https:\/\/miumjau.ee\/fi\/tuote\/sana-ilmakuivattu-herkku-ankkahampurilaiset-100g\/\"]}]},{\"@type\":\"ImageObject\",\"inLanguage\":\"fi\",\"@id\":\"https:\/\/miumjau.ee\/fi\/tuote\/sana-ilmakuivattu-herkku-ankkahampurilaiset-100g\/#primaryimage\",\"url\":\"https:\/\/miumjau.ee\/wp-content\/uploads\/2025\/03\/sana-maius-koerale-burger-part-100g-Photoroom-1.webp\",\"contentUrl\":\"https:\/\/miumjau.ee\/wp-content\/uploads\/2025\/03\/sana-maius-koerale-burger-part-100g-Photoroom-1.webp\",\"width\":600,\"height\":800,\"caption\":\"Sana maius koertele 100g burger\"},{\"@type\":\"BreadcrumbList\",\"@id\":\"https:\/\/miumjau.ee\/fi\/tuote\/sana-ilmakuivattu-herkku-ankkahampurilaiset-100g\/#breadcrumb\",\"itemListElement\":[{\"@type\":\"ListItem\",\"position\":1,\"name\":\"Home\",\"item\":\"https:\/\/miumjau.ee\/fi\/\"},{\"@type\":\"ListItem\",\"position\":2,\"name\":\"Kauppa\",\"item\":\"https:\/\/miumjau.ee\/fi\/kauppa\/\"},{\"@type\":\"ListItem\",\"position\":3,\"name\":\"Sana ilmakuivattu herkku, ankkahampurilaiset 100g\"}]},{\"@type\":\"WebSite\",\"@id\":\"https:\/\/miumjau.ee\/#website\",\"url\":\"https:\/\/miumjau.ee\/\",\"name\":\"MiuMjau\",\"description\":\"Kraapimispuud kassidele\",\"publisher\":{\"@id\":\"https:\/\/miumjau.ee\/#organization\"},\"potentialAction\":[{\"@type\":\"SearchAction\",\"target\":{\"@type\":\"EntryPoint\",\"urlTemplate\":\"https:\/\/miumjau.ee\/?s={search_term_string}\"},\"query-input\":{\"@type\":\"PropertyValueSpecification\",\"valueRequired\":true,\"valueName\":\"search_term_string\"}}],\"inLanguage\":\"fi\"},{\"@type\":\"Organization\",\"@id\":\"https:\/\/miumjau.ee\/#organization\",\"name\":\"MiuMjau O\u00dc\",\"url\":\"https:\/\/miumjau.ee\/\",\"logo\":{\"@type\":\"ImageObject\",\"inLanguage\":\"fi\",\"@id\":\"https:\/\/miumjau.ee\/#\/schema\/logo\/image\/\",\"url\":\"https:\/\/miumjau.ee\/wp-content\/uploads\/2022\/04\/MiuMjau-logo-kollane.png\",\"contentUrl\":\"https:\/\/miumjau.ee\/wp-content\/uploads\/2022\/04\/MiuMjau-logo-kollane.png\",\"width\":219,\"height\":100,\"caption\":\"MiuMjau O\u00dc\"},\"image\":{\"@id\":\"https:\/\/miumjau.ee\/#\/schema\/logo\/image\/\"},\"sameAs\":[\"https:\/\/www.facebook.com\/miumjaupood\/\"]}]}<\/script>\n<!-- \/ Yoast SEO plugin. -->","yoast_head_json":{"title":"Sana ilmakuivattu herkku, ankkahampurilaiset 100g - MiuMjau","description":"Sana koiranherkut ovat 100 % luonnollisia ja valmistettu l\u00e4hes kokonaan lihasta. Parasta raaka-ainetta parhaassa muodossa \u2013 kaikkea koirasi hyv\u00e4ksi. Eritt\u00e4in maukasta!","robots":{"index":"index","follow":"follow","max-snippet":"max-snippet:-1","max-image-preview":"max-image-preview:large","max-video-preview":"max-video-preview:-1"},"canonical":"https:\/\/miumjau.ee\/fi\/tuote\/sana-ilmakuivattu-herkku-ankkahampurilaiset-100g\/","og_locale":"fi_FI","og_type":"article","og_title":"Sana ilmakuivattu herkku, ankkahampurilaiset 100g - MiuMjau","og_description":"Sana koiranherkut ovat 100 % luonnollisia ja valmistettu l\u00e4hes kokonaan lihasta. Parasta raaka-ainetta parhaassa muodossa \u2013 kaikkea koirasi hyv\u00e4ksi. Eritt\u00e4in maukasta!","og_url":"https:\/\/miumjau.ee\/fi\/tuote\/sana-ilmakuivattu-herkku-ankkahampurilaiset-100g\/","og_site_name":"MiuMjau","article_publisher":"https:\/\/www.facebook.com\/miumjaupood\/","og_image":[{"width":600,"height":800,"url":"https:\/\/miumjau.ee\/wp-content\/uploads\/2025\/03\/sana-maius-koerale-burger-part-100g-Photoroom-1.webp","type":"image\/webp"}],"twitter_card":"summary_large_image","schema":{"@context":"https:\/\/schema.org","@graph":[{"@type":"WebPage","@id":"https:\/\/miumjau.ee\/fi\/tuote\/sana-ilmakuivattu-herkku-ankkahampurilaiset-100g\/","url":"https:\/\/miumjau.ee\/fi\/tuote\/sana-ilmakuivattu-herkku-ankkahampurilaiset-100g\/","name":"Sana ilmakuivattu herkku, ankkahampurilaiset 100g - MiuMjau","isPartOf":{"@id":"https:\/\/miumjau.ee\/#website"},"primaryImageOfPage":{"@id":"https:\/\/miumjau.ee\/fi\/tuote\/sana-ilmakuivattu-herkku-ankkahampurilaiset-100g\/#primaryimage"},"image":{"@id":"https:\/\/miumjau.ee\/fi\/tuote\/sana-ilmakuivattu-herkku-ankkahampurilaiset-100g\/#primaryimage"},"thumbnailUrl":"https:\/\/miumjau.ee\/wp-content\/uploads\/2025\/03\/sana-maius-koerale-burger-part-100g-Photoroom-1.webp","datePublished":"2025-03-24T16:59:01+00:00","description":"Sana koiranherkut ovat 100 % luonnollisia ja valmistettu l\u00e4hes kokonaan lihasta. Parasta raaka-ainetta parhaassa muodossa \u2013 kaikkea koirasi hyv\u00e4ksi. Eritt\u00e4in maukasta!","breadcrumb":{"@id":"https:\/\/miumjau.ee\/fi\/tuote\/sana-ilmakuivattu-herkku-ankkahampurilaiset-100g\/#breadcrumb"},"inLanguage":"fi","potentialAction":[{"@type":"ReadAction","target":["https:\/\/miumjau.ee\/fi\/tuote\/sana-ilmakuivattu-herkku-ankkahampurilaiset-100g\/"]}]},{"@type":"ImageObject","inLanguage":"fi","@id":"https:\/\/miumjau.ee\/fi\/tuote\/sana-ilmakuivattu-herkku-ankkahampurilaiset-100g\/#primaryimage","url":"https:\/\/miumjau.ee\/wp-content\/uploads\/2025\/03\/sana-maius-koerale-burger-part-100g-Photoroom-1.webp","contentUrl":"https:\/\/miumjau.ee\/wp-content\/uploads\/2025\/03\/sana-maius-koerale-burger-part-100g-Photoroom-1.webp","width":600,"height":800,"caption":"Sana maius koertele 100g burger"},{"@type":"BreadcrumbList","@id":"https:\/\/miumjau.ee\/fi\/tuote\/sana-ilmakuivattu-herkku-ankkahampurilaiset-100g\/#breadcrumb","itemListElement":[{"@type":"ListItem","position":1,"name":"Home","item":"https:\/\/miumjau.ee\/fi\/"},{"@type":"ListItem","position":2,"name":"Kauppa","item":"https:\/\/miumjau.ee\/fi\/kauppa\/"},{"@type":"ListItem","position":3,"name":"Sana ilmakuivattu herkku, ankkahampurilaiset 100g"}]},{"@type":"WebSite","@id":"https:\/\/miumjau.ee\/#website","url":"https:\/\/miumjau.ee\/","name":"MiuMjau","description":"Kraapimispuud kassidele","publisher":{"@id":"https:\/\/miumjau.ee\/#organization"},"potentialAction":[{"@type":"SearchAction","target":{"@type":"EntryPoint","urlTemplate":"https:\/\/miumjau.ee\/?s={search_term_string}"},"query-input":{"@type":"PropertyValueSpecification","valueRequired":true,"valueName":"search_term_string"}}],"inLanguage":"fi"},{"@type":"Organization","@id":"https:\/\/miumjau.ee\/#organization","name":"MiuMjau O\u00dc","url":"https:\/\/miumjau.ee\/","logo":{"@type":"ImageObject","inLanguage":"fi","@id":"https:\/\/miumjau.ee\/#\/schema\/logo\/image\/","url":"https:\/\/miumjau.ee\/wp-content\/uploads\/2022\/04\/MiuMjau-logo-kollane.png","contentUrl":"https:\/\/miumjau.ee\/wp-content\/uploads\/2022\/04\/MiuMjau-logo-kollane.png","width":219,"height":100,"caption":"MiuMjau O\u00dc"},"image":{"@id":"https:\/\/miumjau.ee\/#\/schema\/logo\/image\/"},"sameAs":["https:\/\/www.facebook.com\/miumjaupood\/"]}]}},"_links":{"self":[{"href":"https:\/\/miumjau.ee\/fi\/wp-json\/wp\/v2\/product\/52718","targetHints":{"allow":["GET"]}}],"collection":[{"href":"https:\/\/miumjau.ee\/fi\/wp-json\/wp\/v2\/product"}],"about":[{"href":"https:\/\/miumjau.ee\/fi\/wp-json\/wp\/v2\/types\/product"}],"wp:featuredmedia":[{"embeddable":true,"href":"https:\/\/miumjau.ee\/fi\/wp-json\/wp\/v2\/media\/30317"}],"wp:attachment":[{"href":"https:\/\/miumjau.ee\/fi\/wp-json\/wp\/v2\/media?parent=52718"}],"wp:term":[{"taxonomy":"product_brand","embeddable":true,"href":"https:\/\/miumjau.ee\/fi\/wp-json\/wp\/v2\/product_brand?post=52718"},{"taxonomy":"product_cat","embeddable":true,"href":"https:\/\/miumjau.ee\/fi\/wp-json\/wp\/v2\/product_cat?post=52718"},{"taxonomy":"product_tag","embeddable":true,"href":"https:\/\/miumjau.ee\/fi\/wp-json\/wp\/v2\/product_tag?post=52718"}],"curies":[{"name":"wp","href":"https:\/\/api.w.org\/{rel}","templated":true}]}}