{"id":52711,"date":"2025-03-24T19:30:08","date_gmt":"2025-03-24T17:30:08","guid":{"rendered":"https:\/\/miumjau.ee\/toode\/sana-koiranherkku-kalkkunaburgerit-bataatilla-1kg\/"},"modified":"2025-03-24T19:30:08","modified_gmt":"2025-03-24T17:30:08","slug":"sana-koiranherkku-kalkkunaburgerit-bataatilla-1kg","status":"publish","type":"product","link":"https:\/\/miumjau.ee\/fi\/tuote\/sana-koiranherkku-kalkkunaburgerit-bataatilla-1kg\/","title":{"rendered":"Sana koiranherkku kalkkunaburgerit bataatilla 1kg"},"content":{"rendered":"","protected":false},"excerpt":{"rendered":"<p data-start=\"28\" data-end=\"503\"><strong data-start=\"28\" data-end=\"87\">Sana-koiranherkku on todella erinomainen herkku! Miksi?<\/strong><br data-start=\"87\" data-end=\"90\" \/>Koska se ei ole ainoastaan vastustamattoman maukas, vaan valmistettu my\u00f6s parhaista raaka-aineista. Korkean lihapitoisuuden lis\u00e4ksi siihen on lis\u00e4tty vitamiinipitoisia elintarvikkeita. Ei mit\u00e4\u00e4n keinotekoista. Hell\u00e4varaisen valmistusprosessimme ansiosta raaka-aineiden ravintoaineet s\u00e4ilyv\u00e4t, auttaen koiraa pysym\u00e4\u00e4n pitk\u00e4\u00e4n terveen\u00e4 ja elinvoimaisena. Vastustamattoman maukas ja terveellinen v\u00e4lipala koirallesi.<\/p>\n<p data-start=\"505\" data-end=\"646\"><strong data-start=\"505\" data-end=\"519\">Koostumus:<\/strong> 90 % kalkkunaa, 4 % bataattia, 4 % granaattiomenaa, 2 % luonnollista kasvipohjaista glyseriini\u00e4.<br data-start=\"616\" data-end=\"619\" \/><strong data-start=\"619\" data-end=\"646\">T\u00e4ydennysrehu koirille.<\/strong><\/p>\n<p data-start=\"648\" data-end=\"739\"><strong data-start=\"648\" data-end=\"675\">Analyyttinen koostumus:<\/strong> Valkuainen 36 %, rasva 16 %, kosteus 8 %, tuhka 6 %, kuitu 2 %.<\/p>\n<p data-start=\"741\" data-end=\"827\"><strong data-start=\"741\" data-end=\"754\">S\u00e4ilytys:<\/strong> S\u00e4ilyt\u00e4 viile\u00e4ss\u00e4 ja kuivassa paikassa, poissa suorasta auringonvalosta.<\/p>\n<p data-start=\"829\" data-end=\"996\" data-is-last-node=\"\" data-is-only-node=\"\"><strong data-start=\"829\" data-end=\"848\">Ruokintaohjeet:<\/strong> Sopii pennuille 12 viikon i\u00e4st\u00e4 alkaen.<br data-start=\"888\" data-end=\"891\" \/>Valvo koiraasi ruokinnan aikana ja varmista, ett\u00e4 sill\u00e4 on aina tarjolla raikasta ja puhdasta juomavett\u00e4.<\/p>\n","protected":false},"featured_media":30396,"template":"","meta":[],"product_brand":[],"product_cat":[480],"product_tag":[],"class_list":{"0":"post-52711","1":"product","2":"type-product","3":"status-publish","4":"has-post-thumbnail","6":"product_cat-herkut-koirille","8":"first","9":"instock","10":"taxable","11":"shipping-taxable","12":"purchasable","13":"product-type-simple"},"yoast_head":"<!-- This site is optimized with the Yoast SEO plugin v27.2 - https:\/\/yoast.com\/product\/yoast-seo-wordpress\/ -->\n<title>Sana koiranherkku kalkkunaburgerit bataatilla 1kg - MiuMjau<\/title>\n<meta name=\"description\" content=\"Sana koiranherkut ovat 100 % luonnollisia ja valmistettu l\u00e4hes kokonaan lihasta. Parasta raaka-ainetta parhaassa muodossa \u2013 kaikkea koirasi hyv\u00e4ksi. Eritt\u00e4in maukasta!\" \/>\n<meta name=\"robots\" content=\"index, follow, max-snippet:-1, max-image-preview:large, max-video-preview:-1\" \/>\n<link rel=\"canonical\" href=\"https:\/\/miumjau.ee\/fi\/tuote\/sana-koiranherkku-kalkkunaburgerit-bataatilla-1kg\/\" \/>\n<meta property=\"og:locale\" content=\"fi_FI\" \/>\n<meta property=\"og:type\" content=\"article\" \/>\n<meta property=\"og:title\" content=\"Sana koiranherkku kalkkunaburgerit bataatilla 1kg - MiuMjau\" \/>\n<meta property=\"og:description\" content=\"Sana koiranherkut ovat 100 % luonnollisia ja valmistettu l\u00e4hes kokonaan lihasta. Parasta raaka-ainetta parhaassa muodossa \u2013 kaikkea koirasi hyv\u00e4ksi. Eritt\u00e4in maukasta!\" \/>\n<meta property=\"og:url\" content=\"https:\/\/miumjau.ee\/fi\/tuote\/sana-koiranherkku-kalkkunaburgerit-bataatilla-1kg\/\" \/>\n<meta property=\"og:site_name\" content=\"MiuMjau\" \/>\n<meta property=\"article:publisher\" content=\"https:\/\/www.facebook.com\/miumjaupood\/\" \/>\n<meta property=\"og:image\" content=\"https:\/\/miumjau.ee\/wp-content\/uploads\/2025\/03\/sana-ohkkuivatatud-maius-kalkuniburgerid-superfoods-1kg.webp\" \/>\n\t<meta property=\"og:image:width\" content=\"600\" \/>\n\t<meta property=\"og:image:height\" content=\"800\" \/>\n\t<meta property=\"og:image:type\" content=\"image\/webp\" \/>\n<meta name=\"twitter:card\" content=\"summary_large_image\" \/>\n<script type=\"application\/ld+json\" class=\"yoast-schema-graph\">{\"@context\":\"https:\/\/schema.org\",\"@graph\":[{\"@type\":\"WebPage\",\"@id\":\"https:\/\/miumjau.ee\/fi\/tuote\/sana-koiranherkku-kalkkunaburgerit-bataatilla-1kg\/\",\"url\":\"https:\/\/miumjau.ee\/fi\/tuote\/sana-koiranherkku-kalkkunaburgerit-bataatilla-1kg\/\",\"name\":\"Sana koiranherkku kalkkunaburgerit bataatilla 1kg - MiuMjau\",\"isPartOf\":{\"@id\":\"https:\/\/miumjau.ee\/#website\"},\"primaryImageOfPage\":{\"@id\":\"https:\/\/miumjau.ee\/fi\/tuote\/sana-koiranherkku-kalkkunaburgerit-bataatilla-1kg\/#primaryimage\"},\"image\":{\"@id\":\"https:\/\/miumjau.ee\/fi\/tuote\/sana-koiranherkku-kalkkunaburgerit-bataatilla-1kg\/#primaryimage\"},\"thumbnailUrl\":\"https:\/\/miumjau.ee\/wp-content\/uploads\/2025\/03\/sana-ohkkuivatatud-maius-kalkuniburgerid-superfoods-1kg.webp\",\"datePublished\":\"2025-03-24T17:30:08+00:00\",\"description\":\"Sana koiranherkut ovat 100 % luonnollisia ja valmistettu l\u00e4hes kokonaan lihasta. Parasta raaka-ainetta parhaassa muodossa \u2013 kaikkea koirasi hyv\u00e4ksi. Eritt\u00e4in maukasta!\",\"breadcrumb\":{\"@id\":\"https:\/\/miumjau.ee\/fi\/tuote\/sana-koiranherkku-kalkkunaburgerit-bataatilla-1kg\/#breadcrumb\"},\"inLanguage\":\"fi\",\"potentialAction\":[{\"@type\":\"ReadAction\",\"target\":[\"https:\/\/miumjau.ee\/fi\/tuote\/sana-koiranherkku-kalkkunaburgerit-bataatilla-1kg\/\"]}]},{\"@type\":\"ImageObject\",\"inLanguage\":\"fi\",\"@id\":\"https:\/\/miumjau.ee\/fi\/tuote\/sana-koiranherkku-kalkkunaburgerit-bataatilla-1kg\/#primaryimage\",\"url\":\"https:\/\/miumjau.ee\/wp-content\/uploads\/2025\/03\/sana-ohkkuivatatud-maius-kalkuniburgerid-superfoods-1kg.webp\",\"contentUrl\":\"https:\/\/miumjau.ee\/wp-content\/uploads\/2025\/03\/sana-ohkkuivatatud-maius-kalkuniburgerid-superfoods-1kg.webp\",\"width\":600,\"height\":800,\"caption\":\"Sana \u00f5hkkuivatatud maiused koertele 1 kg \u00e4mber\"},{\"@type\":\"BreadcrumbList\",\"@id\":\"https:\/\/miumjau.ee\/fi\/tuote\/sana-koiranherkku-kalkkunaburgerit-bataatilla-1kg\/#breadcrumb\",\"itemListElement\":[{\"@type\":\"ListItem\",\"position\":1,\"name\":\"Home\",\"item\":\"https:\/\/miumjau.ee\/fi\/\"},{\"@type\":\"ListItem\",\"position\":2,\"name\":\"Kauppa\",\"item\":\"https:\/\/miumjau.ee\/fi\/kauppa\/\"},{\"@type\":\"ListItem\",\"position\":3,\"name\":\"Sana koiranherkku kalkkunaburgerit bataatilla 1kg\"}]},{\"@type\":\"WebSite\",\"@id\":\"https:\/\/miumjau.ee\/#website\",\"url\":\"https:\/\/miumjau.ee\/\",\"name\":\"MiuMjau\",\"description\":\"Kraapimispuud kassidele\",\"publisher\":{\"@id\":\"https:\/\/miumjau.ee\/#organization\"},\"potentialAction\":[{\"@type\":\"SearchAction\",\"target\":{\"@type\":\"EntryPoint\",\"urlTemplate\":\"https:\/\/miumjau.ee\/?s={search_term_string}\"},\"query-input\":{\"@type\":\"PropertyValueSpecification\",\"valueRequired\":true,\"valueName\":\"search_term_string\"}}],\"inLanguage\":\"fi\"},{\"@type\":\"Organization\",\"@id\":\"https:\/\/miumjau.ee\/#organization\",\"name\":\"MiuMjau O\u00dc\",\"url\":\"https:\/\/miumjau.ee\/\",\"logo\":{\"@type\":\"ImageObject\",\"inLanguage\":\"fi\",\"@id\":\"https:\/\/miumjau.ee\/#\/schema\/logo\/image\/\",\"url\":\"https:\/\/miumjau.ee\/wp-content\/uploads\/2022\/04\/MiuMjau-logo-kollane.png\",\"contentUrl\":\"https:\/\/miumjau.ee\/wp-content\/uploads\/2022\/04\/MiuMjau-logo-kollane.png\",\"width\":219,\"height\":100,\"caption\":\"MiuMjau O\u00dc\"},\"image\":{\"@id\":\"https:\/\/miumjau.ee\/#\/schema\/logo\/image\/\"},\"sameAs\":[\"https:\/\/www.facebook.com\/miumjaupood\/\"]}]}<\/script>\n<!-- \/ Yoast SEO plugin. -->","yoast_head_json":{"title":"Sana koiranherkku kalkkunaburgerit bataatilla 1kg - MiuMjau","description":"Sana koiranherkut ovat 100 % luonnollisia ja valmistettu l\u00e4hes kokonaan lihasta. Parasta raaka-ainetta parhaassa muodossa \u2013 kaikkea koirasi hyv\u00e4ksi. Eritt\u00e4in maukasta!","robots":{"index":"index","follow":"follow","max-snippet":"max-snippet:-1","max-image-preview":"max-image-preview:large","max-video-preview":"max-video-preview:-1"},"canonical":"https:\/\/miumjau.ee\/fi\/tuote\/sana-koiranherkku-kalkkunaburgerit-bataatilla-1kg\/","og_locale":"fi_FI","og_type":"article","og_title":"Sana koiranherkku kalkkunaburgerit bataatilla 1kg - MiuMjau","og_description":"Sana koiranherkut ovat 100 % luonnollisia ja valmistettu l\u00e4hes kokonaan lihasta. Parasta raaka-ainetta parhaassa muodossa \u2013 kaikkea koirasi hyv\u00e4ksi. Eritt\u00e4in maukasta!","og_url":"https:\/\/miumjau.ee\/fi\/tuote\/sana-koiranherkku-kalkkunaburgerit-bataatilla-1kg\/","og_site_name":"MiuMjau","article_publisher":"https:\/\/www.facebook.com\/miumjaupood\/","og_image":[{"width":600,"height":800,"url":"https:\/\/miumjau.ee\/wp-content\/uploads\/2025\/03\/sana-ohkkuivatatud-maius-kalkuniburgerid-superfoods-1kg.webp","type":"image\/webp"}],"twitter_card":"summary_large_image","schema":{"@context":"https:\/\/schema.org","@graph":[{"@type":"WebPage","@id":"https:\/\/miumjau.ee\/fi\/tuote\/sana-koiranherkku-kalkkunaburgerit-bataatilla-1kg\/","url":"https:\/\/miumjau.ee\/fi\/tuote\/sana-koiranherkku-kalkkunaburgerit-bataatilla-1kg\/","name":"Sana koiranherkku kalkkunaburgerit bataatilla 1kg - MiuMjau","isPartOf":{"@id":"https:\/\/miumjau.ee\/#website"},"primaryImageOfPage":{"@id":"https:\/\/miumjau.ee\/fi\/tuote\/sana-koiranherkku-kalkkunaburgerit-bataatilla-1kg\/#primaryimage"},"image":{"@id":"https:\/\/miumjau.ee\/fi\/tuote\/sana-koiranherkku-kalkkunaburgerit-bataatilla-1kg\/#primaryimage"},"thumbnailUrl":"https:\/\/miumjau.ee\/wp-content\/uploads\/2025\/03\/sana-ohkkuivatatud-maius-kalkuniburgerid-superfoods-1kg.webp","datePublished":"2025-03-24T17:30:08+00:00","description":"Sana koiranherkut ovat 100 % luonnollisia ja valmistettu l\u00e4hes kokonaan lihasta. Parasta raaka-ainetta parhaassa muodossa \u2013 kaikkea koirasi hyv\u00e4ksi. Eritt\u00e4in maukasta!","breadcrumb":{"@id":"https:\/\/miumjau.ee\/fi\/tuote\/sana-koiranherkku-kalkkunaburgerit-bataatilla-1kg\/#breadcrumb"},"inLanguage":"fi","potentialAction":[{"@type":"ReadAction","target":["https:\/\/miumjau.ee\/fi\/tuote\/sana-koiranherkku-kalkkunaburgerit-bataatilla-1kg\/"]}]},{"@type":"ImageObject","inLanguage":"fi","@id":"https:\/\/miumjau.ee\/fi\/tuote\/sana-koiranherkku-kalkkunaburgerit-bataatilla-1kg\/#primaryimage","url":"https:\/\/miumjau.ee\/wp-content\/uploads\/2025\/03\/sana-ohkkuivatatud-maius-kalkuniburgerid-superfoods-1kg.webp","contentUrl":"https:\/\/miumjau.ee\/wp-content\/uploads\/2025\/03\/sana-ohkkuivatatud-maius-kalkuniburgerid-superfoods-1kg.webp","width":600,"height":800,"caption":"Sana \u00f5hkkuivatatud maiused koertele 1 kg \u00e4mber"},{"@type":"BreadcrumbList","@id":"https:\/\/miumjau.ee\/fi\/tuote\/sana-koiranherkku-kalkkunaburgerit-bataatilla-1kg\/#breadcrumb","itemListElement":[{"@type":"ListItem","position":1,"name":"Home","item":"https:\/\/miumjau.ee\/fi\/"},{"@type":"ListItem","position":2,"name":"Kauppa","item":"https:\/\/miumjau.ee\/fi\/kauppa\/"},{"@type":"ListItem","position":3,"name":"Sana koiranherkku kalkkunaburgerit bataatilla 1kg"}]},{"@type":"WebSite","@id":"https:\/\/miumjau.ee\/#website","url":"https:\/\/miumjau.ee\/","name":"MiuMjau","description":"Kraapimispuud kassidele","publisher":{"@id":"https:\/\/miumjau.ee\/#organization"},"potentialAction":[{"@type":"SearchAction","target":{"@type":"EntryPoint","urlTemplate":"https:\/\/miumjau.ee\/?s={search_term_string}"},"query-input":{"@type":"PropertyValueSpecification","valueRequired":true,"valueName":"search_term_string"}}],"inLanguage":"fi"},{"@type":"Organization","@id":"https:\/\/miumjau.ee\/#organization","name":"MiuMjau O\u00dc","url":"https:\/\/miumjau.ee\/","logo":{"@type":"ImageObject","inLanguage":"fi","@id":"https:\/\/miumjau.ee\/#\/schema\/logo\/image\/","url":"https:\/\/miumjau.ee\/wp-content\/uploads\/2022\/04\/MiuMjau-logo-kollane.png","contentUrl":"https:\/\/miumjau.ee\/wp-content\/uploads\/2022\/04\/MiuMjau-logo-kollane.png","width":219,"height":100,"caption":"MiuMjau O\u00dc"},"image":{"@id":"https:\/\/miumjau.ee\/#\/schema\/logo\/image\/"},"sameAs":["https:\/\/www.facebook.com\/miumjaupood\/"]}]}},"_links":{"self":[{"href":"https:\/\/miumjau.ee\/fi\/wp-json\/wp\/v2\/product\/52711","targetHints":{"allow":["GET"]}}],"collection":[{"href":"https:\/\/miumjau.ee\/fi\/wp-json\/wp\/v2\/product"}],"about":[{"href":"https:\/\/miumjau.ee\/fi\/wp-json\/wp\/v2\/types\/product"}],"wp:featuredmedia":[{"embeddable":true,"href":"https:\/\/miumjau.ee\/fi\/wp-json\/wp\/v2\/media\/30396"}],"wp:attachment":[{"href":"https:\/\/miumjau.ee\/fi\/wp-json\/wp\/v2\/media?parent=52711"}],"wp:term":[{"taxonomy":"product_brand","embeddable":true,"href":"https:\/\/miumjau.ee\/fi\/wp-json\/wp\/v2\/product_brand?post=52711"},{"taxonomy":"product_cat","embeddable":true,"href":"https:\/\/miumjau.ee\/fi\/wp-json\/wp\/v2\/product_cat?post=52711"},{"taxonomy":"product_tag","embeddable":true,"href":"https:\/\/miumjau.ee\/fi\/wp-json\/wp\/v2\/product_tag?post=52711"}],"curies":[{"name":"wp","href":"https:\/\/api.w.org\/{rel}","templated":true}]}}