{"id":52710,"date":"2025-03-24T19:30:10","date_gmt":"2025-03-24T17:30:10","guid":{"rendered":"https:\/\/miumjau.ee\/toode\/sana-koiran-herkkuja-kaniinihampurilaisia-omenalla-ja-lehtikaalilla-1-kg\/"},"modified":"2026-01-14T11:25:45","modified_gmt":"2026-01-14T09:25:45","slug":"sana-koiran-herkkuja-kaniinihampurilaisia-omenalla-ja-lehtikaalilla-1-kg","status":"publish","type":"product","link":"https:\/\/miumjau.ee\/fi\/tuote\/sana-koiran-herkkuja-kaniinihampurilaisia-omenalla-ja-lehtikaalilla-1-kg\/","title":{"rendered":"Sana koiran herkkuja, kaniinihampurilaisia \u200b\u200bomenalla ja lehtikaalilla, 1 kg"},"content":{"rendered":"","protected":false},"excerpt":{"rendered":"<div class=\"flex flex-col text-sm pb-25\">\n<article class=\"text-token-text-primary w-full focus:outline-none [--shadow-height:45px] has-data-writing-block:pointer-events-none has-data-writing-block:-mt-(--shadow-height) has-data-writing-block:pt-(--shadow-height) [&amp;:has([data-writing-block])&gt;*]:pointer-events-auto [content-visibility:auto] supports-[content-visibility:auto]:[contain-intrinsic-size:auto_100lvh] scroll-mt-[calc(var(--header-height)+min(200px,max(70px,20svh)))]\" dir=\"auto\" tabindex=\"-1\" data-turn-id=\"29e62921-4673-496e-99c9-1359b7bc2fbd\" data-testid=\"conversation-turn-2\" data-scroll-anchor=\"true\" data-turn=\"assistant\">\n<div class=\"text-base my-auto mx-auto pb-10 [--thread-content-margin:--spacing(4)] @w-sm\/main:[--thread-content-margin:--spacing(6)] @w-lg\/main:[--thread-content-margin:--spacing(16)] px-(--thread-content-margin)\">\n<div class=\"[--thread-content-max-width:40rem] @w-lg\/main:[--thread-content-max-width:48rem] mx-auto max-w-(--thread-content-max-width) flex-1 group\/turn-messages focus-visible:outline-hidden relative flex w-full min-w-0 flex-col agent-turn\" tabindex=\"-1\">\n<div class=\"flex max-w-full flex-col grow\">\n<div class=\"min-h-8 text-message relative flex w-full flex-col items-end gap-2 text-start break-words whitespace-normal [.text-message+&amp;]:mt-1\" dir=\"auto\" data-message-author-role=\"assistant\" data-message-id=\"0220f666-b1cb-4345-9004-bb72f25ce7c4\" data-message-model-slug=\"gpt-5-2\">\n<div class=\"flex w-full flex-col gap-1 empty:hidden first:pt-[1px]\">\n<div class=\"markdown prose dark:prose-invert w-full break-words light markdown-new-styling\">\n<p data-start=\"32\" data-end=\"501\"><strong data-start=\"32\" data-end=\"91\">Sana-koiranherkku on todella erinomainen herkku! Miksi?<\/strong><br data-start=\"91\" data-end=\"94\" \/>Koska se ei ole ainoastaan vastustamattoman maukas, vaan valmistettu my\u00f6s parhaista raaka-aineista. Korkean lihapitoisuuden lis\u00e4ksi siihen on lis\u00e4tty vitamiinipitoisia ainesosia. Ei mit\u00e4\u00e4n keinotekoista. Hell\u00e4varaisen valmistusprosessimme ansiosta raaka-aineiden ravintoaineet s\u00e4ilyv\u00e4t, auttaen koiraa pysym\u00e4\u00e4n pitk\u00e4\u00e4n terveen\u00e4 ja elinvoimaisena. Vastustamattoman maukas ja terveellinen v\u00e4lipala koirallesi.<\/p>\n<p data-start=\"503\" data-end=\"639\"><strong data-start=\"503\" data-end=\"517\">Koostumus:<\/strong> 90 % naudanlihaa, 4 % vadelmia, 4 % pinaattia, 2 % luonnollista kasvipohjaista glyseriini\u00e4.<br data-start=\"609\" data-end=\"612\" \/><strong data-start=\"612\" data-end=\"639\">T\u00e4ydennysrehu koirille.<\/strong><\/p>\n<p data-start=\"641\" data-end=\"732\"><strong data-start=\"641\" data-end=\"668\">Analyyttinen koostumus:<\/strong> Valkuainen 38 %, rasva 19 %, kosteus 8 %, tuhka 7 %, kuitu 2 %.<\/p>\n<p data-start=\"734\" data-end=\"820\"><strong data-start=\"734\" data-end=\"747\">S\u00e4ilytys:<\/strong> S\u00e4ilyt\u00e4 viile\u00e4ss\u00e4 ja kuivassa paikassa, poissa suorasta auringonvalosta.<\/p>\n<p data-start=\"822\" data-end=\"989\" data-is-last-node=\"\" data-is-only-node=\"\"><strong data-start=\"822\" data-end=\"841\">Ruokintaohjeet:<\/strong> Sopii pennuille 12 viikon i\u00e4st\u00e4 alkaen.<br data-start=\"881\" data-end=\"884\" \/>Valvo koiraasi ruokinnan aikana ja varmista, ett\u00e4 sill\u00e4 on aina tarjolla raikasta ja puhdasta juomavett\u00e4.<\/p>\n<\/div>\n<\/div>\n<\/div>\n<\/div>\n<div class=\"z-0 flex min-h-[46px] justify-start\"><\/div>\n<div class=\"mt-3 w-full empty:hidden\">\n<div class=\"text-center\"><\/div>\n<\/div>\n<\/div>\n<\/div>\n<\/article>\n<\/div>\n<div class=\"pointer-events-none h-px w-px absolute bottom-0\" aria-hidden=\"true\" data-edge=\"true\"><\/div>\n","protected":false},"featured_media":30388,"template":"","meta":[],"product_brand":[],"product_cat":[480],"product_tag":[],"class_list":{"0":"post-52710","1":"product","2":"type-product","3":"status-publish","4":"has-post-thumbnail","6":"product_cat-herkut-koirille","8":"first","9":"instock","10":"taxable","11":"shipping-taxable","12":"purchasable","13":"product-type-simple"},"yoast_head":"<!-- This site is optimized with the Yoast SEO plugin v27.4 - https:\/\/yoast.com\/product\/yoast-seo-wordpress\/ -->\n<title>Sana koiran herkkuja, kaniinihampurilaisia \u200b\u200bomenalla ja lehtikaalilla, 1 kg - MiuMjau<\/title>\n<meta name=\"description\" content=\"Sana koiranherkut ovat 100 % luonnollisia ja valmistettu l\u00e4hes kokonaan lihasta. Parasta raaka-ainetta parhaassa muodossa \u2013 kaikkea koirasi hyv\u00e4ksi. Eritt\u00e4in maukasta!\" \/>\n<meta name=\"robots\" content=\"index, follow, max-snippet:-1, max-image-preview:large, max-video-preview:-1\" \/>\n<link rel=\"canonical\" href=\"https:\/\/miumjau.ee\/fi\/tuote\/sana-koiran-herkkuja-kaniinihampurilaisia-omenalla-ja-lehtikaalilla-1-kg\/\" \/>\n<meta property=\"og:locale\" content=\"fi_FI\" \/>\n<meta property=\"og:type\" content=\"article\" \/>\n<meta property=\"og:title\" content=\"Sana koiran herkkuja, kaniinihampurilaisia \u200b\u200bomenalla ja lehtikaalilla, 1 kg - MiuMjau\" \/>\n<meta property=\"og:description\" content=\"Sana koiranherkut ovat 100 % luonnollisia ja valmistettu l\u00e4hes kokonaan lihasta. Parasta raaka-ainetta parhaassa muodossa \u2013 kaikkea koirasi hyv\u00e4ksi. Eritt\u00e4in maukasta!\" \/>\n<meta property=\"og:url\" content=\"https:\/\/miumjau.ee\/fi\/tuote\/sana-koiran-herkkuja-kaniinihampurilaisia-omenalla-ja-lehtikaalilla-1-kg\/\" \/>\n<meta property=\"og:site_name\" content=\"MiuMjau\" \/>\n<meta property=\"article:publisher\" content=\"https:\/\/www.facebook.com\/miumjaupood\/\" \/>\n<meta property=\"article:modified_time\" content=\"2026-01-14T09:25:45+00:00\" \/>\n<meta property=\"og:image\" content=\"https:\/\/miumjau.ee\/wp-content\/uploads\/2025\/03\/sana-ohkkuivatatud-maius-janeseburgerid-superfoods-1kg.webp\" \/>\n\t<meta property=\"og:image:width\" content=\"600\" \/>\n\t<meta property=\"og:image:height\" content=\"800\" \/>\n\t<meta property=\"og:image:type\" content=\"image\/webp\" \/>\n<meta name=\"twitter:card\" content=\"summary_large_image\" \/>\n<script type=\"application\/ld+json\" class=\"yoast-schema-graph\">{\"@context\":\"https:\\\/\\\/schema.org\",\"@graph\":[{\"@type\":\"WebPage\",\"@id\":\"https:\\\/\\\/miumjau.ee\\\/fi\\\/tuote\\\/sana-koiran-herkkuja-kaniinihampurilaisia-omenalla-ja-lehtikaalilla-1-kg\\\/\",\"url\":\"https:\\\/\\\/miumjau.ee\\\/fi\\\/tuote\\\/sana-koiran-herkkuja-kaniinihampurilaisia-omenalla-ja-lehtikaalilla-1-kg\\\/\",\"name\":\"Sana koiran herkkuja, kaniinihampurilaisia \u200b\u200bomenalla ja lehtikaalilla, 1 kg - MiuMjau\",\"isPartOf\":{\"@id\":\"https:\\\/\\\/miumjau.ee\\\/#website\"},\"primaryImageOfPage\":{\"@id\":\"https:\\\/\\\/miumjau.ee\\\/fi\\\/tuote\\\/sana-koiran-herkkuja-kaniinihampurilaisia-omenalla-ja-lehtikaalilla-1-kg\\\/#primaryimage\"},\"image\":{\"@id\":\"https:\\\/\\\/miumjau.ee\\\/fi\\\/tuote\\\/sana-koiran-herkkuja-kaniinihampurilaisia-omenalla-ja-lehtikaalilla-1-kg\\\/#primaryimage\"},\"thumbnailUrl\":\"https:\\\/\\\/miumjau.ee\\\/wp-content\\\/uploads\\\/2025\\\/03\\\/sana-ohkkuivatatud-maius-janeseburgerid-superfoods-1kg.webp\",\"datePublished\":\"2025-03-24T17:30:10+00:00\",\"dateModified\":\"2026-01-14T09:25:45+00:00\",\"description\":\"Sana koiranherkut ovat 100 % luonnollisia ja valmistettu l\u00e4hes kokonaan lihasta. Parasta raaka-ainetta parhaassa muodossa \u2013 kaikkea koirasi hyv\u00e4ksi. Eritt\u00e4in maukasta!\",\"breadcrumb\":{\"@id\":\"https:\\\/\\\/miumjau.ee\\\/fi\\\/tuote\\\/sana-koiran-herkkuja-kaniinihampurilaisia-omenalla-ja-lehtikaalilla-1-kg\\\/#breadcrumb\"},\"inLanguage\":\"fi\",\"potentialAction\":[{\"@type\":\"ReadAction\",\"target\":[\"https:\\\/\\\/miumjau.ee\\\/fi\\\/tuote\\\/sana-koiran-herkkuja-kaniinihampurilaisia-omenalla-ja-lehtikaalilla-1-kg\\\/\"]}]},{\"@type\":\"ImageObject\",\"inLanguage\":\"fi\",\"@id\":\"https:\\\/\\\/miumjau.ee\\\/fi\\\/tuote\\\/sana-koiran-herkkuja-kaniinihampurilaisia-omenalla-ja-lehtikaalilla-1-kg\\\/#primaryimage\",\"url\":\"https:\\\/\\\/miumjau.ee\\\/wp-content\\\/uploads\\\/2025\\\/03\\\/sana-ohkkuivatatud-maius-janeseburgerid-superfoods-1kg.webp\",\"contentUrl\":\"https:\\\/\\\/miumjau.ee\\\/wp-content\\\/uploads\\\/2025\\\/03\\\/sana-ohkkuivatatud-maius-janeseburgerid-superfoods-1kg.webp\",\"width\":600,\"height\":800,\"caption\":\"Sana \u00f5hkkuivatatud maiused koertele 1 kg \u00e4mber\"},{\"@type\":\"BreadcrumbList\",\"@id\":\"https:\\\/\\\/miumjau.ee\\\/fi\\\/tuote\\\/sana-koiran-herkkuja-kaniinihampurilaisia-omenalla-ja-lehtikaalilla-1-kg\\\/#breadcrumb\",\"itemListElement\":[{\"@type\":\"ListItem\",\"position\":1,\"name\":\"Home\",\"item\":\"https:\\\/\\\/miumjau.ee\\\/fi\\\/\"},{\"@type\":\"ListItem\",\"position\":2,\"name\":\"Kauppa\",\"item\":\"https:\\\/\\\/miumjau.ee\\\/fi\\\/kauppa\\\/\"},{\"@type\":\"ListItem\",\"position\":3,\"name\":\"Sana koiran herkkuja, kaniinihampurilaisia \u200b\u200bomenalla ja lehtikaalilla, 1 kg\"}]},{\"@type\":\"WebSite\",\"@id\":\"https:\\\/\\\/miumjau.ee\\\/#website\",\"url\":\"https:\\\/\\\/miumjau.ee\\\/\",\"name\":\"MiuMjau\",\"description\":\"Kraapimispuud kassidele\",\"publisher\":{\"@id\":\"https:\\\/\\\/miumjau.ee\\\/#organization\"},\"potentialAction\":[{\"@type\":\"SearchAction\",\"target\":{\"@type\":\"EntryPoint\",\"urlTemplate\":\"https:\\\/\\\/miumjau.ee\\\/?s={search_term_string}\"},\"query-input\":{\"@type\":\"PropertyValueSpecification\",\"valueRequired\":true,\"valueName\":\"search_term_string\"}}],\"inLanguage\":\"fi\"},{\"@type\":\"Organization\",\"@id\":\"https:\\\/\\\/miumjau.ee\\\/#organization\",\"name\":\"MiuMjau O\u00dc\",\"url\":\"https:\\\/\\\/miumjau.ee\\\/\",\"logo\":{\"@type\":\"ImageObject\",\"inLanguage\":\"fi\",\"@id\":\"https:\\\/\\\/miumjau.ee\\\/#\\\/schema\\\/logo\\\/image\\\/\",\"url\":\"https:\\\/\\\/miumjau.ee\\\/wp-content\\\/uploads\\\/2022\\\/04\\\/MiuMjau-logo-kollane.png\",\"contentUrl\":\"https:\\\/\\\/miumjau.ee\\\/wp-content\\\/uploads\\\/2022\\\/04\\\/MiuMjau-logo-kollane.png\",\"width\":219,\"height\":100,\"caption\":\"MiuMjau O\u00dc\"},\"image\":{\"@id\":\"https:\\\/\\\/miumjau.ee\\\/#\\\/schema\\\/logo\\\/image\\\/\"},\"sameAs\":[\"https:\\\/\\\/www.facebook.com\\\/miumjaupood\\\/\"]}]}<\/script>\n<!-- \/ Yoast SEO plugin. -->","yoast_head_json":{"title":"Sana koiran herkkuja, kaniinihampurilaisia \u200b\u200bomenalla ja lehtikaalilla, 1 kg - MiuMjau","description":"Sana koiranherkut ovat 100 % luonnollisia ja valmistettu l\u00e4hes kokonaan lihasta. Parasta raaka-ainetta parhaassa muodossa \u2013 kaikkea koirasi hyv\u00e4ksi. Eritt\u00e4in maukasta!","robots":{"index":"index","follow":"follow","max-snippet":"max-snippet:-1","max-image-preview":"max-image-preview:large","max-video-preview":"max-video-preview:-1"},"canonical":"https:\/\/miumjau.ee\/fi\/tuote\/sana-koiran-herkkuja-kaniinihampurilaisia-omenalla-ja-lehtikaalilla-1-kg\/","og_locale":"fi_FI","og_type":"article","og_title":"Sana koiran herkkuja, kaniinihampurilaisia \u200b\u200bomenalla ja lehtikaalilla, 1 kg - MiuMjau","og_description":"Sana koiranherkut ovat 100 % luonnollisia ja valmistettu l\u00e4hes kokonaan lihasta. Parasta raaka-ainetta parhaassa muodossa \u2013 kaikkea koirasi hyv\u00e4ksi. Eritt\u00e4in maukasta!","og_url":"https:\/\/miumjau.ee\/fi\/tuote\/sana-koiran-herkkuja-kaniinihampurilaisia-omenalla-ja-lehtikaalilla-1-kg\/","og_site_name":"MiuMjau","article_publisher":"https:\/\/www.facebook.com\/miumjaupood\/","article_modified_time":"2026-01-14T09:25:45+00:00","og_image":[{"width":600,"height":800,"url":"https:\/\/miumjau.ee\/wp-content\/uploads\/2025\/03\/sana-ohkkuivatatud-maius-janeseburgerid-superfoods-1kg.webp","type":"image\/webp"}],"twitter_card":"summary_large_image","schema":{"@context":"https:\/\/schema.org","@graph":[{"@type":"WebPage","@id":"https:\/\/miumjau.ee\/fi\/tuote\/sana-koiran-herkkuja-kaniinihampurilaisia-omenalla-ja-lehtikaalilla-1-kg\/","url":"https:\/\/miumjau.ee\/fi\/tuote\/sana-koiran-herkkuja-kaniinihampurilaisia-omenalla-ja-lehtikaalilla-1-kg\/","name":"Sana koiran herkkuja, kaniinihampurilaisia \u200b\u200bomenalla ja lehtikaalilla, 1 kg - MiuMjau","isPartOf":{"@id":"https:\/\/miumjau.ee\/#website"},"primaryImageOfPage":{"@id":"https:\/\/miumjau.ee\/fi\/tuote\/sana-koiran-herkkuja-kaniinihampurilaisia-omenalla-ja-lehtikaalilla-1-kg\/#primaryimage"},"image":{"@id":"https:\/\/miumjau.ee\/fi\/tuote\/sana-koiran-herkkuja-kaniinihampurilaisia-omenalla-ja-lehtikaalilla-1-kg\/#primaryimage"},"thumbnailUrl":"https:\/\/miumjau.ee\/wp-content\/uploads\/2025\/03\/sana-ohkkuivatatud-maius-janeseburgerid-superfoods-1kg.webp","datePublished":"2025-03-24T17:30:10+00:00","dateModified":"2026-01-14T09:25:45+00:00","description":"Sana koiranherkut ovat 100 % luonnollisia ja valmistettu l\u00e4hes kokonaan lihasta. Parasta raaka-ainetta parhaassa muodossa \u2013 kaikkea koirasi hyv\u00e4ksi. Eritt\u00e4in maukasta!","breadcrumb":{"@id":"https:\/\/miumjau.ee\/fi\/tuote\/sana-koiran-herkkuja-kaniinihampurilaisia-omenalla-ja-lehtikaalilla-1-kg\/#breadcrumb"},"inLanguage":"fi","potentialAction":[{"@type":"ReadAction","target":["https:\/\/miumjau.ee\/fi\/tuote\/sana-koiran-herkkuja-kaniinihampurilaisia-omenalla-ja-lehtikaalilla-1-kg\/"]}]},{"@type":"ImageObject","inLanguage":"fi","@id":"https:\/\/miumjau.ee\/fi\/tuote\/sana-koiran-herkkuja-kaniinihampurilaisia-omenalla-ja-lehtikaalilla-1-kg\/#primaryimage","url":"https:\/\/miumjau.ee\/wp-content\/uploads\/2025\/03\/sana-ohkkuivatatud-maius-janeseburgerid-superfoods-1kg.webp","contentUrl":"https:\/\/miumjau.ee\/wp-content\/uploads\/2025\/03\/sana-ohkkuivatatud-maius-janeseburgerid-superfoods-1kg.webp","width":600,"height":800,"caption":"Sana \u00f5hkkuivatatud maiused koertele 1 kg \u00e4mber"},{"@type":"BreadcrumbList","@id":"https:\/\/miumjau.ee\/fi\/tuote\/sana-koiran-herkkuja-kaniinihampurilaisia-omenalla-ja-lehtikaalilla-1-kg\/#breadcrumb","itemListElement":[{"@type":"ListItem","position":1,"name":"Home","item":"https:\/\/miumjau.ee\/fi\/"},{"@type":"ListItem","position":2,"name":"Kauppa","item":"https:\/\/miumjau.ee\/fi\/kauppa\/"},{"@type":"ListItem","position":3,"name":"Sana koiran herkkuja, kaniinihampurilaisia \u200b\u200bomenalla ja lehtikaalilla, 1 kg"}]},{"@type":"WebSite","@id":"https:\/\/miumjau.ee\/#website","url":"https:\/\/miumjau.ee\/","name":"MiuMjau","description":"Kraapimispuud kassidele","publisher":{"@id":"https:\/\/miumjau.ee\/#organization"},"potentialAction":[{"@type":"SearchAction","target":{"@type":"EntryPoint","urlTemplate":"https:\/\/miumjau.ee\/?s={search_term_string}"},"query-input":{"@type":"PropertyValueSpecification","valueRequired":true,"valueName":"search_term_string"}}],"inLanguage":"fi"},{"@type":"Organization","@id":"https:\/\/miumjau.ee\/#organization","name":"MiuMjau O\u00dc","url":"https:\/\/miumjau.ee\/","logo":{"@type":"ImageObject","inLanguage":"fi","@id":"https:\/\/miumjau.ee\/#\/schema\/logo\/image\/","url":"https:\/\/miumjau.ee\/wp-content\/uploads\/2022\/04\/MiuMjau-logo-kollane.png","contentUrl":"https:\/\/miumjau.ee\/wp-content\/uploads\/2022\/04\/MiuMjau-logo-kollane.png","width":219,"height":100,"caption":"MiuMjau O\u00dc"},"image":{"@id":"https:\/\/miumjau.ee\/#\/schema\/logo\/image\/"},"sameAs":["https:\/\/www.facebook.com\/miumjaupood\/"]}]}},"_links":{"self":[{"href":"https:\/\/miumjau.ee\/fi\/wp-json\/wp\/v2\/product\/52710","targetHints":{"allow":["GET"]}}],"collection":[{"href":"https:\/\/miumjau.ee\/fi\/wp-json\/wp\/v2\/product"}],"about":[{"href":"https:\/\/miumjau.ee\/fi\/wp-json\/wp\/v2\/types\/product"}],"wp:featuredmedia":[{"embeddable":true,"href":"https:\/\/miumjau.ee\/fi\/wp-json\/wp\/v2\/media\/30388"}],"wp:attachment":[{"href":"https:\/\/miumjau.ee\/fi\/wp-json\/wp\/v2\/media?parent=52710"}],"wp:term":[{"taxonomy":"product_brand","embeddable":true,"href":"https:\/\/miumjau.ee\/fi\/wp-json\/wp\/v2\/product_brand?post=52710"},{"taxonomy":"product_cat","embeddable":true,"href":"https:\/\/miumjau.ee\/fi\/wp-json\/wp\/v2\/product_cat?post=52710"},{"taxonomy":"product_tag","embeddable":true,"href":"https:\/\/miumjau.ee\/fi\/wp-json\/wp\/v2\/product_tag?post=52710"}],"curies":[{"name":"wp","href":"https:\/\/api.w.org\/{rel}","templated":true}]}}