{"id":52639,"date":"2024-07-31T09:59:35","date_gmt":"2024-07-31T06:59:35","guid":{"rendered":"https:\/\/miumjau.ee\/toode\/kissan-valjaat-hihna-pawise-s-vaaleanpunainen\/"},"modified":"2024-07-31T09:59:35","modified_gmt":"2024-07-31T06:59:35","slug":"kissan-valjaat-hihna-pawise-s-vaaleanpunainen","status":"publish","type":"product","link":"https:\/\/miumjau.ee\/fi\/tuote\/kissan-valjaat-hihna-pawise-s-vaaleanpunainen\/","title":{"rendered":"Kissan valjaat + hihna Pawise S, vaaleanpunainen"},"content":{"rendered":"","protected":false},"excerpt":{"rendered":"<p data-start=\"77\" data-end=\"138\">Turvalliset valjaat ja talutin kissallesi Pawise-merkkilt\u00e4.<\/p>\n<p data-start=\"140\" data-end=\"281\">Nyt voit ulkoilla kissasi kanssa. Oikean kokoiset valjaat ovat eritt\u00e4in t\u00e4rkeit\u00e4 turvallisuuden takaamiseksi. L\u00f6yd\u00e4 kissallesi sopiva koko!<\/p>\n<p data-start=\"283\" data-end=\"396\">S\u00e4\u00e4dett\u00e4v\u00e4<br data-start=\"293\" data-end=\"296\" \/>Kiinnitys klipseill\u00e4<br data-start=\"316\" data-end=\"319\" \/>Kara-karabiini<br data-start=\"333\" data-end=\"336\" \/>Koko S<br data-start=\"342\" data-end=\"345\" \/>Kaulanymp\u00e4rys 14,5\u201325 cm<br data-start=\"369\" data-end=\"372\" \/>Vatsanymp\u00e4rys 18\u201330 cm<\/p>\n<p data-start=\"398\" data-end=\"416\">Saatavilla heti!<\/p>\n","protected":false},"featured_media":15116,"template":"","meta":[],"product_brand":[],"product_cat":[297],"product_tag":[],"class_list":{"0":"post-52639","1":"product","2":"type-product","3":"status-publish","4":"has-post-thumbnail","6":"product_cat-kissan-valjaat","8":"first","9":"instock","10":"taxable","11":"shipping-taxable","12":"purchasable","13":"product-type-simple"},"yoast_head":"<!-- This site is optimized with the Yoast SEO plugin v27.4 - https:\/\/yoast.com\/product\/yoast-seo-wordpress\/ -->\n<title>Kissan valjaat + hihna Pawise S, vaaleanpunainen - MiuMjau<\/title>\n<meta name=\"robots\" content=\"index, follow, max-snippet:-1, max-image-preview:large, max-video-preview:-1\" \/>\n<link rel=\"canonical\" href=\"https:\/\/miumjau.ee\/fi\/tuote\/kissan-valjaat-hihna-pawise-s-vaaleanpunainen\/\" \/>\n<meta property=\"og:locale\" content=\"fi_FI\" \/>\n<meta property=\"og:type\" content=\"article\" \/>\n<meta property=\"og:title\" content=\"Kissan valjaat + hihna Pawise S, vaaleanpunainen - MiuMjau\" \/>\n<meta property=\"og:description\" content=\"Turvalliset valjaat ja talutin kissallesi Pawise-merkkilt\u00e4. Nyt voit ulkoilla kissasi kanssa. Oikean kokoiset valjaat ovat eritt\u00e4in t\u00e4rkeit\u00e4 turvallisuuden takaamiseksi. L\u00f6yd\u00e4 kissallesi sopiva koko! S\u00e4\u00e4dett\u00e4v\u00e4Kiinnitys klipseill\u00e4Kara-karabiiniKoko SKaulanymp\u00e4rys 14,5\u201325 cmVatsanymp\u00e4rys 18\u201330 cm Saatavilla heti!\" \/>\n<meta property=\"og:url\" content=\"https:\/\/miumjau.ee\/fi\/tuote\/kissan-valjaat-hihna-pawise-s-vaaleanpunainen\/\" \/>\n<meta property=\"og:site_name\" content=\"MiuMjau\" \/>\n<meta property=\"article:publisher\" content=\"https:\/\/www.facebook.com\/miumjaupood\/\" \/>\n<meta property=\"og:image\" content=\"https:\/\/miumjau.ee\/wp-content\/uploads\/2024\/07\/kassi-traksid-roosalilla2-Photoroom.jpg\" \/>\n\t<meta property=\"og:image:width\" content=\"600\" \/>\n\t<meta property=\"og:image:height\" content=\"800\" \/>\n\t<meta property=\"og:image:type\" content=\"image\/jpeg\" \/>\n<meta name=\"twitter:card\" content=\"summary_large_image\" \/>\n<script type=\"application\/ld+json\" class=\"yoast-schema-graph\">{\"@context\":\"https:\\\/\\\/schema.org\",\"@graph\":[{\"@type\":\"WebPage\",\"@id\":\"https:\\\/\\\/miumjau.ee\\\/fi\\\/tuote\\\/kissan-valjaat-hihna-pawise-s-vaaleanpunainen\\\/\",\"url\":\"https:\\\/\\\/miumjau.ee\\\/fi\\\/tuote\\\/kissan-valjaat-hihna-pawise-s-vaaleanpunainen\\\/\",\"name\":\"Kissan valjaat + hihna Pawise S, vaaleanpunainen - MiuMjau\",\"isPartOf\":{\"@id\":\"https:\\\/\\\/miumjau.ee\\\/#website\"},\"primaryImageOfPage\":{\"@id\":\"https:\\\/\\\/miumjau.ee\\\/fi\\\/tuote\\\/kissan-valjaat-hihna-pawise-s-vaaleanpunainen\\\/#primaryimage\"},\"image\":{\"@id\":\"https:\\\/\\\/miumjau.ee\\\/fi\\\/tuote\\\/kissan-valjaat-hihna-pawise-s-vaaleanpunainen\\\/#primaryimage\"},\"thumbnailUrl\":\"https:\\\/\\\/miumjau.ee\\\/wp-content\\\/uploads\\\/2024\\\/07\\\/kassi-traksid-roosalilla2-Photoroom.jpg\",\"datePublished\":\"2024-07-31T06:59:35+00:00\",\"breadcrumb\":{\"@id\":\"https:\\\/\\\/miumjau.ee\\\/fi\\\/tuote\\\/kissan-valjaat-hihna-pawise-s-vaaleanpunainen\\\/#breadcrumb\"},\"inLanguage\":\"fi\",\"potentialAction\":[{\"@type\":\"ReadAction\",\"target\":[\"https:\\\/\\\/miumjau.ee\\\/fi\\\/tuote\\\/kissan-valjaat-hihna-pawise-s-vaaleanpunainen\\\/\"]}]},{\"@type\":\"ImageObject\",\"inLanguage\":\"fi\",\"@id\":\"https:\\\/\\\/miumjau.ee\\\/fi\\\/tuote\\\/kissan-valjaat-hihna-pawise-s-vaaleanpunainen\\\/#primaryimage\",\"url\":\"https:\\\/\\\/miumjau.ee\\\/wp-content\\\/uploads\\\/2024\\\/07\\\/kassi-traksid-roosalilla2-Photoroom.jpg\",\"contentUrl\":\"https:\\\/\\\/miumjau.ee\\\/wp-content\\\/uploads\\\/2024\\\/07\\\/kassi-traksid-roosalilla2-Photoroom.jpg\",\"width\":600,\"height\":800,\"caption\":\"Pawise kassi rihm traksid\"},{\"@type\":\"BreadcrumbList\",\"@id\":\"https:\\\/\\\/miumjau.ee\\\/fi\\\/tuote\\\/kissan-valjaat-hihna-pawise-s-vaaleanpunainen\\\/#breadcrumb\",\"itemListElement\":[{\"@type\":\"ListItem\",\"position\":1,\"name\":\"Home\",\"item\":\"https:\\\/\\\/miumjau.ee\\\/fi\\\/\"},{\"@type\":\"ListItem\",\"position\":2,\"name\":\"Kauppa\",\"item\":\"https:\\\/\\\/miumjau.ee\\\/fi\\\/kauppa\\\/\"},{\"@type\":\"ListItem\",\"position\":3,\"name\":\"Kissan valjaat + hihna Pawise S, vaaleanpunainen\"}]},{\"@type\":\"WebSite\",\"@id\":\"https:\\\/\\\/miumjau.ee\\\/#website\",\"url\":\"https:\\\/\\\/miumjau.ee\\\/\",\"name\":\"MiuMjau\",\"description\":\"Kraapimispuud kassidele\",\"publisher\":{\"@id\":\"https:\\\/\\\/miumjau.ee\\\/#organization\"},\"potentialAction\":[{\"@type\":\"SearchAction\",\"target\":{\"@type\":\"EntryPoint\",\"urlTemplate\":\"https:\\\/\\\/miumjau.ee\\\/?s={search_term_string}\"},\"query-input\":{\"@type\":\"PropertyValueSpecification\",\"valueRequired\":true,\"valueName\":\"search_term_string\"}}],\"inLanguage\":\"fi\"},{\"@type\":\"Organization\",\"@id\":\"https:\\\/\\\/miumjau.ee\\\/#organization\",\"name\":\"MiuMjau O\u00dc\",\"url\":\"https:\\\/\\\/miumjau.ee\\\/\",\"logo\":{\"@type\":\"ImageObject\",\"inLanguage\":\"fi\",\"@id\":\"https:\\\/\\\/miumjau.ee\\\/#\\\/schema\\\/logo\\\/image\\\/\",\"url\":\"https:\\\/\\\/miumjau.ee\\\/wp-content\\\/uploads\\\/2022\\\/04\\\/MiuMjau-logo-kollane.png\",\"contentUrl\":\"https:\\\/\\\/miumjau.ee\\\/wp-content\\\/uploads\\\/2022\\\/04\\\/MiuMjau-logo-kollane.png\",\"width\":219,\"height\":100,\"caption\":\"MiuMjau O\u00dc\"},\"image\":{\"@id\":\"https:\\\/\\\/miumjau.ee\\\/#\\\/schema\\\/logo\\\/image\\\/\"},\"sameAs\":[\"https:\\\/\\\/www.facebook.com\\\/miumjaupood\\\/\"]}]}<\/script>\n<!-- \/ Yoast SEO plugin. -->","yoast_head_json":{"title":"Kissan valjaat + hihna Pawise S, vaaleanpunainen - MiuMjau","robots":{"index":"index","follow":"follow","max-snippet":"max-snippet:-1","max-image-preview":"max-image-preview:large","max-video-preview":"max-video-preview:-1"},"canonical":"https:\/\/miumjau.ee\/fi\/tuote\/kissan-valjaat-hihna-pawise-s-vaaleanpunainen\/","og_locale":"fi_FI","og_type":"article","og_title":"Kissan valjaat + hihna Pawise S, vaaleanpunainen - MiuMjau","og_description":"Turvalliset valjaat ja talutin kissallesi Pawise-merkkilt\u00e4. Nyt voit ulkoilla kissasi kanssa. Oikean kokoiset valjaat ovat eritt\u00e4in t\u00e4rkeit\u00e4 turvallisuuden takaamiseksi. L\u00f6yd\u00e4 kissallesi sopiva koko! S\u00e4\u00e4dett\u00e4v\u00e4Kiinnitys klipseill\u00e4Kara-karabiiniKoko SKaulanymp\u00e4rys 14,5\u201325 cmVatsanymp\u00e4rys 18\u201330 cm Saatavilla heti!","og_url":"https:\/\/miumjau.ee\/fi\/tuote\/kissan-valjaat-hihna-pawise-s-vaaleanpunainen\/","og_site_name":"MiuMjau","article_publisher":"https:\/\/www.facebook.com\/miumjaupood\/","og_image":[{"width":600,"height":800,"url":"https:\/\/miumjau.ee\/wp-content\/uploads\/2024\/07\/kassi-traksid-roosalilla2-Photoroom.jpg","type":"image\/jpeg"}],"twitter_card":"summary_large_image","schema":{"@context":"https:\/\/schema.org","@graph":[{"@type":"WebPage","@id":"https:\/\/miumjau.ee\/fi\/tuote\/kissan-valjaat-hihna-pawise-s-vaaleanpunainen\/","url":"https:\/\/miumjau.ee\/fi\/tuote\/kissan-valjaat-hihna-pawise-s-vaaleanpunainen\/","name":"Kissan valjaat + hihna Pawise S, vaaleanpunainen - MiuMjau","isPartOf":{"@id":"https:\/\/miumjau.ee\/#website"},"primaryImageOfPage":{"@id":"https:\/\/miumjau.ee\/fi\/tuote\/kissan-valjaat-hihna-pawise-s-vaaleanpunainen\/#primaryimage"},"image":{"@id":"https:\/\/miumjau.ee\/fi\/tuote\/kissan-valjaat-hihna-pawise-s-vaaleanpunainen\/#primaryimage"},"thumbnailUrl":"https:\/\/miumjau.ee\/wp-content\/uploads\/2024\/07\/kassi-traksid-roosalilla2-Photoroom.jpg","datePublished":"2024-07-31T06:59:35+00:00","breadcrumb":{"@id":"https:\/\/miumjau.ee\/fi\/tuote\/kissan-valjaat-hihna-pawise-s-vaaleanpunainen\/#breadcrumb"},"inLanguage":"fi","potentialAction":[{"@type":"ReadAction","target":["https:\/\/miumjau.ee\/fi\/tuote\/kissan-valjaat-hihna-pawise-s-vaaleanpunainen\/"]}]},{"@type":"ImageObject","inLanguage":"fi","@id":"https:\/\/miumjau.ee\/fi\/tuote\/kissan-valjaat-hihna-pawise-s-vaaleanpunainen\/#primaryimage","url":"https:\/\/miumjau.ee\/wp-content\/uploads\/2024\/07\/kassi-traksid-roosalilla2-Photoroom.jpg","contentUrl":"https:\/\/miumjau.ee\/wp-content\/uploads\/2024\/07\/kassi-traksid-roosalilla2-Photoroom.jpg","width":600,"height":800,"caption":"Pawise kassi rihm traksid"},{"@type":"BreadcrumbList","@id":"https:\/\/miumjau.ee\/fi\/tuote\/kissan-valjaat-hihna-pawise-s-vaaleanpunainen\/#breadcrumb","itemListElement":[{"@type":"ListItem","position":1,"name":"Home","item":"https:\/\/miumjau.ee\/fi\/"},{"@type":"ListItem","position":2,"name":"Kauppa","item":"https:\/\/miumjau.ee\/fi\/kauppa\/"},{"@type":"ListItem","position":3,"name":"Kissan valjaat + hihna Pawise S, vaaleanpunainen"}]},{"@type":"WebSite","@id":"https:\/\/miumjau.ee\/#website","url":"https:\/\/miumjau.ee\/","name":"MiuMjau","description":"Kraapimispuud kassidele","publisher":{"@id":"https:\/\/miumjau.ee\/#organization"},"potentialAction":[{"@type":"SearchAction","target":{"@type":"EntryPoint","urlTemplate":"https:\/\/miumjau.ee\/?s={search_term_string}"},"query-input":{"@type":"PropertyValueSpecification","valueRequired":true,"valueName":"search_term_string"}}],"inLanguage":"fi"},{"@type":"Organization","@id":"https:\/\/miumjau.ee\/#organization","name":"MiuMjau O\u00dc","url":"https:\/\/miumjau.ee\/","logo":{"@type":"ImageObject","inLanguage":"fi","@id":"https:\/\/miumjau.ee\/#\/schema\/logo\/image\/","url":"https:\/\/miumjau.ee\/wp-content\/uploads\/2022\/04\/MiuMjau-logo-kollane.png","contentUrl":"https:\/\/miumjau.ee\/wp-content\/uploads\/2022\/04\/MiuMjau-logo-kollane.png","width":219,"height":100,"caption":"MiuMjau O\u00dc"},"image":{"@id":"https:\/\/miumjau.ee\/#\/schema\/logo\/image\/"},"sameAs":["https:\/\/www.facebook.com\/miumjaupood\/"]}]}},"_links":{"self":[{"href":"https:\/\/miumjau.ee\/fi\/wp-json\/wp\/v2\/product\/52639","targetHints":{"allow":["GET"]}}],"collection":[{"href":"https:\/\/miumjau.ee\/fi\/wp-json\/wp\/v2\/product"}],"about":[{"href":"https:\/\/miumjau.ee\/fi\/wp-json\/wp\/v2\/types\/product"}],"wp:featuredmedia":[{"embeddable":true,"href":"https:\/\/miumjau.ee\/fi\/wp-json\/wp\/v2\/media\/15116"}],"wp:attachment":[{"href":"https:\/\/miumjau.ee\/fi\/wp-json\/wp\/v2\/media?parent=52639"}],"wp:term":[{"taxonomy":"product_brand","embeddable":true,"href":"https:\/\/miumjau.ee\/fi\/wp-json\/wp\/v2\/product_brand?post=52639"},{"taxonomy":"product_cat","embeddable":true,"href":"https:\/\/miumjau.ee\/fi\/wp-json\/wp\/v2\/product_cat?post=52639"},{"taxonomy":"product_tag","embeddable":true,"href":"https:\/\/miumjau.ee\/fi\/wp-json\/wp\/v2\/product_tag?post=52639"}],"curies":[{"name":"wp","href":"https:\/\/api.w.org\/{rel}","templated":true}]}}